{"id":41965,"date":"2024-10-23T11:06:14","date_gmt":"2024-10-23T09:06:14","guid":{"rendered":"https:\/\/car4rent.fr\/?post_type=product&#038;p=41965"},"modified":"2026-05-03T17:39:14","modified_gmt":"2026-05-03T15:39:14","slug":"location-mercedes-classe-s","status":"publish","type":"product","link":"https:\/\/car4rent.fr\/fr\/luxury-car-rental\/location-mercedes-classe-s\/","title":{"rendered":"Location Mercedes Classe S"},"content":{"rendered":"<h2>Location Mercedes Classe S<\/h2>\n<p>La location Mercedes Classe S lors de votre prochain s\u00e9jour sur la C\u00f4te d&rsquo;Azur vous permettra de profiter du summum du luxe et de la sophistication au volant de la somptueuse berline .<\/p>\n<p>Cette destination embl\u00e9matique, connue pour ses c\u00f4tes ensoleill\u00e9es, ses stations baln\u00e9aires glamour et ses charmants villages, m\u00e9rite d&rsquo;\u00eatre d\u00e9couverte avec style. Que vous rouliez sur les routes pittoresques de d&rsquo;Est\u00e9rel, ou partiez \u00e0 la d\u00e9couverte de <a href=\"https:\/\/generationvoyage.fr\/visiter-cannes-faire-voir\/\" target=\"_blank\" rel=\"noopener\">Cannes<\/a>, <a href=\"https:\/\/generationvoyage.fr\/endroits-visiter-monaco\/\" target=\"_blank\" rel=\"noopener\">Monaco<\/a> ou <a href=\"https:\/\/cotedazurfrance.fr\/decouvrir\/les-villes-de-la-cote-dazur\/visiter-saint-tropez-la-mythique\/top-des-10-choses-a-voir-et-a-faire-a-saint-tropez\/\" target=\"_blank\" rel=\"noopener\">Saint-Tropez<\/a>, la Mercedes Classe S offre un confort, une \u00e9l\u00e9gance et une technologie de pointe in\u00e9gal\u00e9s pour un voyage m\u00e9morable.<\/p>\n<p><img loading=\"lazy\" decoding=\"async\" class=\"alignnone size-full wp-image-41940\" src=\"https:\/\/car4rent.fr\/wp-content\/uploads\/Mercedes_S450_Angled_Front_Car4Rent.jpeg\" alt=\"Location Mercedes Classe S\" width=\"1200\" height=\"900\" title=\"Car4Rent Cannes\" srcset=\"https:\/\/car4rent.fr\/wp-content\/uploads\/Mercedes_S450_Angled_Front_Car4Rent.jpeg 1200w, https:\/\/car4rent.fr\/wp-content\/uploads\/Mercedes_S450_Angled_Front_Car4Rent-300x225.jpeg 300w, https:\/\/car4rent.fr\/wp-content\/uploads\/Mercedes_S450_Angled_Front_Car4Rent-1030x773.jpeg 1030w, https:\/\/car4rent.fr\/wp-content\/uploads\/Mercedes_S450_Angled_Front_Car4Rent-768x576.jpeg 768w, https:\/\/car4rent.fr\/wp-content\/uploads\/Mercedes_S450_Angled_Front_Car4Rent-705x529.jpeg 705w, https:\/\/car4rent.fr\/wp-content\/uploads\/Mercedes_S450_Angled_Front_Car4Rent-450x338.jpeg 450w\" sizes=\"auto, (max-width: 1200px) 100vw, 1200px\" \/><\/p>\n<h3>Pourquoi louer une Mercedes Classe S sur la C\u00f4te d&rsquo;Azur ?<\/h3>\n<p>Confort exquis\u00a0: La Mercedes Classe S est r\u00e9put\u00e9e pour ses int\u00e9rieurs somptueux, dot\u00e9s de si\u00e8ges en cuir fin, d&rsquo;un \u00e9clairage d&rsquo;ambiance et de finitions haut de gamme, garantissant que vous et vos passagers voyagez dans le plus grand confort.<\/p>\n<p>Technologie de pointe : De son syst\u00e8me d\u2019infodivertissement intuitif \u00e0 ses fonctions de s\u00e9curit\u00e9 avanc\u00e9es, ce v\u00e9hicule garantit une conduite fluide et s\u00e9curis\u00e9e. Profitez de fonctionnalit\u00e9s telles que la direction \u00e0 commande tactile, les syst\u00e8mes audio 3D et les syst\u00e8mes de divertissement aux si\u00e8ges arri\u00e8re pour rehausser votre exp\u00e9rience.<\/p>\n<p>Performances et s\u00e9curit\u00e9 : La Classe S offre une exp\u00e9rience de conduite sans effort gr\u00e2ce \u00e0 son moteur puissant, sa maniabilit\u00e9 douce et sa suspension adaptative, vous permettant de glisser sans effort le long de la c\u00f4te m\u00e9diterran\u00e9enne. La s\u00e9curit\u00e9 est assur\u00e9e avec une transmission 4 roues motrices\u00a0 (4 Matic) et directrices.<\/p>\n<p>Prestige et style : En tant que l&rsquo;une des berlines les plus luxueuses au monde, la Classe S fait une d\u00e9claration audacieuse. Que vous assistiez \u00e0 un \u00e9v\u00e9nement de grande envergure ou profitiez d\u2019une escapade priv\u00e9e, vous arriverez avec style et luxe.<\/p>\n<p>Commodit\u00e9 et flexibilit\u00e9 : que vous optire pour location \u00e0 la journ\u00e9e ou pour de plus longues dur\u00e9es, la livraison peut se fairre \u00e0 la destination de votre choix.<\/p>\n<p>Nous offrons une flexibilit\u00e9 pour une prise en charge et une restitution \u00e0 votre meilleure convenance dans toute la r\u00e9gion ou en dehors. Que vous arriviez \u00e0 l&rsquo;a\u00e9roport Nice C\u00f4te d&rsquo;Azur ou que vous accostiez dans une marina de luxe, votre Classe S vous attendra.<\/p>\n<h3>Points forts de votre voyage sur la C\u00f4te d&rsquo;Azur<\/h3>\n<p>Monaco\u00a0: profitez du faste et du glamour de Monte-Carlo avec une route panoramique le long des c\u00e9l\u00e8bres routes de la Corniche, pour arriver dans la quintessence du luxe.<\/p>\n<p>Cannes : D\u00e9couvrez le charme de La Croisette, une promenade de renomm\u00e9e mondiale, en arrivant \u00e0 Cannes dans votre \u00e9l\u00e9gante Classe S, parfaite pour une journ\u00e9e de shopping ou pour assister au festival du film.<\/p>\n<p>Saint-Tropez\u00a0: promenez-vous tranquillement le long des routes c\u00f4ti\u00e8res jusqu&rsquo;au port embl\u00e9matique de Saint-Tropez, o\u00f9 le profil \u00e9l\u00e9gant de la Classe S se mariera parfaitement avec les yachts et le style de vie haut de gamme de cette c\u00e9l\u00e8bre destination.<\/p>\n<p>\u00c8ze et Villefranche-sur-Mer\u00a0: pour une journ\u00e9e plus d\u00e9tendue, conduisez votre Classe S vers le pittoresque village m\u00e9di\u00e9val d&rsquo;\u00c8ze ou la sereine ville portuaire de Villefranche-sur-Mer, offrant un m\u00e9lange de tranquillit\u00e9 et de beaut\u00e9 des paysages.<\/p>\n<h4>Pourquoi choisir Car4rent ?<\/h4>\n<p>Notre service de location de voitures de luxe garantit que votre s\u00e9jour sur la C\u00f4te d&rsquo;Azur soit vraiment exceptionnel. Nous sommes fiers d&rsquo;offrir le plus haut niveau de service, avec une flotte de v\u00e9hicules Mercedes Classe S m\u00e9ticuleusement entretenus. Des \u00e9v\u00e9nements exclusifs aux escapades romantiques, nous r\u00e9pondons \u00e0 vos besoins uniques, en offrant la sophistication et l&rsquo;\u00e9l\u00e9gance qu&rsquo;exige la C\u00f4te d&rsquo;Azur.<\/p>\n<h4>R\u00e9servez votre Mercedes Classe S aujourd&rsquo;hui<\/h4>\n<p>D\u00e9couvrez le meilleur de la C\u00f4te d&rsquo;Azur dans le luxe raffin\u00e9 d&rsquo;une Mercedes Classe S de location. Que vous soyez ici pour affaires ou pour le plaisir, laissez-nous prendre soin de vootre mobilit\u00e9 avec un service et un style in\u00e9gal\u00e9s.<\/p>\n<p><a href=\"https:\/\/car4rent.fr\/fr\/contact\/\" target=\"_blank\" rel=\"noopener\">Contactez-nous<\/a> d\u00e8s aujourd&rsquo;hui pour r\u00e9server votre location Mercedes Classe S.<\/p>\n<p>Car4rent est une soci\u00e9t\u00e9 de location leader sur la C\u00f4te d&rsquo;Azur, entre Monaco et Saint-Tropez, proposant des exp\u00e9riences \u00e0 la demande avec des supercars et des v\u00e9hicules exotiques en France et dans le nord de l&rsquo;Italie.<\/p>\n","protected":false},"excerpt":{"rendered":"<p>La location d&rsquo;une Mercedes Classe S lors de votre prochain s\u00e9jour sur la C\u00f4te d&rsquo;Azur vous permettra de profiter du summum du luxe et de la sophistication au volant de la somptueuse berline .<\/p>\n","protected":false},"featured_media":41979,"comment_status":"open","ping_status":"closed","template":"","meta":{"_acf_changed":false},"product_brand":[],"product_cat":[5405],"product_tag":[],"class_list":{"0":"post-41965","1":"product","2":"type-product","3":"status-publish","4":"has-post-thumbnail","6":"product_cat-mercedes-fr","8":"first","9":"instock","10":"shipping-taxable","11":"purchasable","12":"product-type-variable","13":"has-default-attributes"},"acf":[],"_links":{"self":[{"href":"https:\/\/car4rent.fr\/fr\/wp-json\/wp\/v2\/product\/41965","targetHints":{"allow":["GET"]}}],"collection":[{"href":"https:\/\/car4rent.fr\/fr\/wp-json\/wp\/v2\/product"}],"about":[{"href":"https:\/\/car4rent.fr\/fr\/wp-json\/wp\/v2\/types\/product"}],"replies":[{"embeddable":true,"href":"https:\/\/car4rent.fr\/fr\/wp-json\/wp\/v2\/comments?post=41965"}],"wp:featuredmedia":[{"embeddable":true,"href":"https:\/\/car4rent.fr\/fr\/wp-json\/wp\/v2\/media\/41979"}],"wp:attachment":[{"href":"https:\/\/car4rent.fr\/fr\/wp-json\/wp\/v2\/media?parent=41965"}],"wp:term":[{"taxonomy":"product_brand","embeddable":true,"href":"https:\/\/car4rent.fr\/fr\/wp-json\/wp\/v2\/product_brand?post=41965"},{"taxonomy":"product_cat","embeddable":true,"href":"https:\/\/car4rent.fr\/fr\/wp-json\/wp\/v2\/product_cat?post=41965"},{"taxonomy":"product_tag","embeddable":true,"href":"https:\/\/car4rent.fr\/fr\/wp-json\/wp\/v2\/product_tag?post=41965"}],"curies":[{"name":"wp","href":"https:\/\/api.w.org\/{rel}","templated":true}]}}