{"id":35294,"date":"2023-09-18T18:30:17","date_gmt":"2023-09-18T16:30:17","guid":{"rendered":"https:\/\/car4rent.fr\/?post_type=product&#038;p=35294"},"modified":"2024-10-06T11:52:02","modified_gmt":"2024-10-06T09:52:02","slug":"location-ferrari-f8","status":"publish","type":"product","link":"https:\/\/car4rent.fr\/fr\/luxury-car-rental\/location-ferrari-f8\/","title":{"rendered":"Location Ferrari F8"},"content":{"rendered":"<h2>Location Ferrari F8 Spider<\/h2>\n<p>Vous recherchez une location Ferrari F8 \u00e0 <a href=\"https:\/\/www.visitmonaco.com\/en\" target=\"_blank\" rel=\"noopener\">Monaco<\/a> ou \u00e0 <a href=\"https:\/\/www.cannes-france.com\/decouvrir-visiter\/\" target=\"_blank\" rel=\"noopener\">Cannes<\/a>? Ce mod\u00e8le porte l&rsquo;h\u00e9ritage de la c\u00e9l\u00e8bre Ferrari 488 et constitue une am\u00e9lioration notable par rapport \u00e0 son pr\u00e9d\u00e9cesseur, repoussant les limites de ce qu&rsquo;une voiture de sport peut r\u00e9aliser, une voiture con\u00e7ue pour faire tourner les t\u00eates ! Elle offre ce qu&rsquo;il y a de mieux en termes de performance, de confort et de style pour vos besoins de location de voitures de luxe et de sport.<\/p>\n<p>Car4rent est une des principales soci\u00e9t\u00e9s de location et leader sur le segment des voitures de sport et de luxe sur la C\u00f4te d&rsquo;Azur, entre Monaco et Saint-Tropez, qui propose \u00e9galement des road trips avec ses supercars et ses v\u00e9hicules exotiques.<\/p>\n<p><span style=\"font-size: 14pt;\"><strong>La location Ferrari F8 en quelques mots<\/strong><\/span><\/p>\n<p>La Ferrari F8 Spider repr\u00e9sente la derni\u00e8re g\u00e9n\u00e9ration de voitures avec un moteur V8 central arri\u00e8re, et d\u00e9j\u00e0 remplac\u00e9e par la 296 GTS.<\/p>\n<p>Dot\u00e9e d&rsquo;un moteur V8 raffin\u00e9 de 3,9 litres \u00e0 double turbocompresseur, elle est une \u00e9volution pour la route de 488 Pista. Son moteur peut produire une puissance stup\u00e9fiante de 720 chevaux et un couple de 568 lb-pi, ce qui en fait la Ferrari \u00e0 moteur V8 la plus puissante \u00e0 ce jour. L&#8217;emplacement strat\u00e9gique des prises d&rsquo;air de part et d&rsquo;autre de l&rsquo;aileron contribue \u00e0 cette augmentation de puissance.<\/p>\n<p>Reli\u00e9e \u00e0 ce moteur am\u00e9lior\u00e9, une transmission automatique \u00e0 sept vitesses r\u00e9gl\u00e9e avec pr\u00e9cision transmet efficacement la puissance aux roues arri\u00e8re. La F8 int\u00e8gre \u00e9galement des solutions de r\u00e9duction du poids, en se d\u00e9barrassant de pr\u00e8s de 40 livres de l&rsquo;unit\u00e9 de puissance. Par cons\u00e9quent, la Ferrari F8 Spider peut acc\u00e9l\u00e9rer de 0 \u00e0 100 km\/h en seulement 2,8 secondes et atteindre une vitesse maximale impressionnante de 340 km\/h.<\/p>\n<p>Comme toutes les Ferrari, la disposition de l&rsquo;\u00e9chappement de la F8 a \u00e9t\u00e9 largement modifi\u00e9e pour produire un son distinct unique \u00e0 ce mod\u00e8le, te donnant un timbre de moteur incomparable.<\/p>\n<p><img loading=\"lazy\" decoding=\"async\" class=\"wp-image-36804 \" src=\"https:\/\/car4rent.fr\/wp-content\/uploads\/about-Car4rent-2-1-scaled-1.jpg\" alt=\"Louer Ferrari F8, Location de voiture de luxe PACA,Rent luxury Car Cannes, Rent Ferrari Cannes, Location d&#039;une voiture de luxe\" width=\"334\" height=\"250\" title=\"Car4Rent Cannes\" srcset=\"https:\/\/car4rent.fr\/wp-content\/uploads\/about-Car4rent-2-1-scaled-1.jpg 2560w, https:\/\/car4rent.fr\/wp-content\/uploads\/about-Car4rent-2-1-scaled-1-300x225.jpg 300w, https:\/\/car4rent.fr\/wp-content\/uploads\/about-Car4rent-2-1-scaled-1-1030x773.jpg 1030w, https:\/\/car4rent.fr\/wp-content\/uploads\/about-Car4rent-2-1-scaled-1-768x576.jpg 768w, https:\/\/car4rent.fr\/wp-content\/uploads\/about-Car4rent-2-1-scaled-1-1536x1152.jpg 1536w, https:\/\/car4rent.fr\/wp-content\/uploads\/about-Car4rent-2-1-scaled-1-2048x1536.jpg 2048w, https:\/\/car4rent.fr\/wp-content\/uploads\/about-Car4rent-2-1-scaled-1-1500x1125.jpg 1500w, https:\/\/car4rent.fr\/wp-content\/uploads\/about-Car4rent-2-1-scaled-1-705x529.jpg 705w, https:\/\/car4rent.fr\/wp-content\/uploads\/about-Car4rent-2-1-scaled-1-450x338.jpg 450w\" sizes=\"auto, (max-width: 334px) 100vw, 334px\" \/><img loading=\"lazy\" decoding=\"async\" class=\"alignnone wp-image-30022 \" src=\"https:\/\/car4rent.fr\/wp-content\/uploads\/Rent-Ferrari-F8-Car4rent.jpg\" alt=\"Location Ferrari F8, Location Ferrari C\u00f4te d&#039;Azur\" width=\"333\" height=\"250\" title=\"Car4Rent Cannes\" srcset=\"https:\/\/car4rent.fr\/wp-content\/uploads\/Rent-Ferrari-F8-Car4rent.jpg 1024w, https:\/\/car4rent.fr\/wp-content\/uploads\/Rent-Ferrari-F8-Car4rent-300x225.jpg 300w, https:\/\/car4rent.fr\/wp-content\/uploads\/Rent-Ferrari-F8-Car4rent-768x576.jpg 768w, https:\/\/car4rent.fr\/wp-content\/uploads\/Rent-Ferrari-F8-Car4rent-705x529.jpg 705w, https:\/\/car4rent.fr\/wp-content\/uploads\/Rent-Ferrari-F8-Car4rent-450x338.jpg 450w\" sizes=\"auto, (max-width: 333px) 100vw, 333px\" \/><\/p>\n<p><span style=\"font-size: 14pt;\"><strong>Le saviez-vous ?<\/strong><\/span><\/p>\n<p>La F8 Spider compl\u00e8te la F8 Tributo en partageant le m\u00eame moteur V8 biturbo de 3,9 litres. Les deux voitures sont \u00e9quip\u00e9es de syst\u00e8mes technologiques avanc\u00e9s qui optimisent la puissance du moteur. Par rapport \u00e0 son pr\u00e9d\u00e9cesseur, le 488 Spider, le F8 Spider est plus l\u00e9ger et plus puissant, repr\u00e9sentant le niveau suivant des mod\u00e8les super-sportifs \u00ab\u00a0\u00e0 ciel ouvert\u00a0\u00bb. Avec une augmentation nominale du poids par rapport \u00e0 l&rsquo;extr\u00eame 488 Pista Spider, la F8 Spider est une remarquable prouesse d&rsquo;ing\u00e9nierie.<\/p>\n<p><span style=\"font-size: 14pt;\"><strong>Location Ferrari F8 &#8211; L&rsquo;Int\u00e9rieur<\/strong><\/span><\/p>\n<p>L&rsquo;int\u00e9rieur de cette Ferrari F8 Spider est m\u00e9ticuleusement con\u00e7u en pensant au conducteur. Les si\u00e8ges au rembourrage agressif, finis avec des surpiq\u00fbres luxueuses, apportent le soutien n\u00e9cessaire lors des virages palpitants. Le grand volant inspir\u00e9 de la course automobile regroupe toutes les commandes du p\u00e9dalier, mettant en valeur le design caract\u00e9ristique de Ferrari.<\/p>\n<p>Le tableau de bord met en \u00e9vidence un grand tachym\u00e8tre, rendant ainsi hommage \u00e0 l&rsquo;h\u00e9ritage de Ferrari dans le domaine de la course automobile. Le tachym\u00e8tre est flanqu\u00e9 de deux \u00e9crans \u00e0 cristaux liquides, l&rsquo;un affichant diverses informations sur le v\u00e9hicule, tandis que l&rsquo;autre g\u00e8re \u00e0 la fois les m\u00e9dias et la navigation, ce qui permet au conducteur d&rsquo;acc\u00e9der \u00e0 toutes les informations n\u00e9cessaires d&rsquo;un seul coup d&rsquo;\u0153il.<\/p>\n<p><span style=\"font-size: 14pt;\"><strong>Location Ferrari F8 &#8211; L&rsquo;Ext\u00e9rieur<\/strong><\/span><\/p>\n<p>Ferrari a toujours apport\u00e9 un soin m\u00e9ticuleux \u00e0 la conception d&rsquo;ext\u00e9rieurs qui allient esth\u00e9tique et a\u00e9rodynamisme optimal. Par exemple, la sculpture du capot dirige l&rsquo;\u0153il vers une bouche d&rsquo;a\u00e9ration situ\u00e9e en bas, ce qui renforce l&rsquo;aspect agressif de la F8. Le \u00ab\u00a0S-Duck\u00a0\u00bb et l&rsquo;aile arri\u00e8re plus large contribuent \u00e0 am\u00e9liorer l&rsquo;a\u00e9rodynamisme, ce qui rend la F8 Spider 10 % plus efficace sur le plan a\u00e9rodynamique que son pr\u00e9d\u00e9cesseur, le 488.<\/p>\n<h3><strong>Pourquoi louer une Ferrari F8 Tributo \u00e0 <\/strong><strong>Cannes ? &#8211; D\u00e9couvrez-la !<\/strong><\/h3>\n<p>La spider est la version d\u00e9capotable de la F8 Tributo. Une caract\u00e9ristique notable de cette F8 est son attrayant toit rigide qui transforme le v\u00e9hicule en cabriolet . Le syst\u00e8me innovant RHT (Retractable Hard Top) de Ferrari assure une plus grande rigidit\u00e9 de la carrosserie tout en r\u00e9duisant le poids par rapport \u00e0 l&rsquo;ancien syst\u00e8me de toit souple. Le toit rigide, divis\u00e9 en deux parties, ne prend que 14 secondes pour se d\u00e9ployer ou se r\u00e9tracter et peut \u00eatre utilis\u00e9 pendant que la voiture se d\u00e9place \u00e0 des vitesses allant jusqu&rsquo;\u00e0 50 km\/h. Partez \u00e0 la d\u00e9couverte de Cannes et faites une impression hors du commun.<\/p>\n<p>Vous n&rsquo;avez pas trouv\u00e9 la location de la Ferrari F8 id\u00e9ale et vous voulez essayer une autre marque de voiture ? Nous avons tous les mod\u00e8les sportifs et de luxe disponibles \u00e0 la location, comme Ferrari, Lamborghini, Porsche, Land Rover, Mercedes AMG, Bentley, Rolls-Royce et autres Audi et BMW, toutes les marques qui sont synonymes de puissance, de performance, d&rsquo;agilit\u00e9 et de s\u00e9curit\u00e9, en un mot d&rsquo;Excellence.<\/p>\n<p><span style=\"font-size: 14pt;\">Location Ferrari F8 Tributo Spider avec un service sur mesure<\/span><\/p>\n<p>Vous souhaitez louer une Ferrari F8 Spider? Notre \u00e9quipe d\u00e9vou\u00e9e et attentive se tient \u00e0 votre disposition pour vous fournir toute information. Votre voiture peut \u00eatre livr\u00e9e sur demande directement \u00e0 votre arriv\u00e9e \u00e0 l&rsquo;a\u00e9roport de Nice, sur votre lieu de vill\u00e9giature, \u00e0 votre h\u00f4tel ou n&rsquo;importe o\u00f9 en France \u00e0 la destination de votre choix.. Prenez <a href=\"https:\/\/car4rent.fr\/fr\/contact\/\" target=\"_blank\" rel=\"noopener\">contact<\/a> avec notre \u00e9quipe si vous cherchez une location de Ferrari F8 Spider sur la C\u00f4te d&rsquo;Azur.<\/p>\n\n","protected":false},"excerpt":{"rendered":"<p>Location Ferrari F8, pour faire une entr\u00e9e remarqu\u00e9e lors d&rsquo;un \u00e9v\u00e9nement sp\u00e9cial. D\u00e9couvrez les routes \u00e9poustouflantes de la C\u00f4te d&rsquo;Azur cheveux au vent au volant de la Ferrari F8 Spider.<\/p>\n","protected":false},"featured_media":35362,"comment_status":"open","ping_status":"closed","template":"","meta":{"_acf_changed":false},"product_brand":[],"product_cat":[5411,5403],"product_tag":[],"class_list":{"0":"post-35294","1":"product","2":"type-product","3":"status-publish","4":"has-post-thumbnail","6":"product_cat-decapotable","7":"product_cat-ferrari-fr","9":"first","10":"instock","11":"shipping-taxable","12":"purchasable","13":"product-type-variable","14":"has-default-attributes"},"acf":[],"_links":{"self":[{"href":"https:\/\/car4rent.fr\/fr\/wp-json\/wp\/v2\/product\/35294","targetHints":{"allow":["GET"]}}],"collection":[{"href":"https:\/\/car4rent.fr\/fr\/wp-json\/wp\/v2\/product"}],"about":[{"href":"https:\/\/car4rent.fr\/fr\/wp-json\/wp\/v2\/types\/product"}],"replies":[{"embeddable":true,"href":"https:\/\/car4rent.fr\/fr\/wp-json\/wp\/v2\/comments?post=35294"}],"wp:featuredmedia":[{"embeddable":true,"href":"https:\/\/car4rent.fr\/fr\/wp-json\/wp\/v2\/media\/35362"}],"wp:attachment":[{"href":"https:\/\/car4rent.fr\/fr\/wp-json\/wp\/v2\/media?parent=35294"}],"wp:term":[{"taxonomy":"product_brand","embeddable":true,"href":"https:\/\/car4rent.fr\/fr\/wp-json\/wp\/v2\/product_brand?post=35294"},{"taxonomy":"product_cat","embeddable":true,"href":"https:\/\/car4rent.fr\/fr\/wp-json\/wp\/v2\/product_cat?post=35294"},{"taxonomy":"product_tag","embeddable":true,"href":"https:\/\/car4rent.fr\/fr\/wp-json\/wp\/v2\/product_tag?post=35294"}],"curies":[{"name":"wp","href":"https:\/\/api.w.org\/{rel}","templated":true}]}}