{"id":30926,"date":"2023-02-05T10:58:18","date_gmt":"2023-02-05T09:58:18","guid":{"rendered":"https:\/\/car4rent.fr\/luxury-car-rental\/lamborghini-huracan-evo-spyder\/"},"modified":"2024-10-06T11:52:04","modified_gmt":"2024-10-06T09:52:04","slug":"louer-une-lamborghini-huracan","status":"publish","type":"product","link":"https:\/\/car4rent.fr\/fr\/luxury-car-rental\/louer-une-lamborghini-huracan\/","title":{"rendered":"Louer une Lamborghini Huracan"},"content":{"rendered":"<h2>Louer une Lamborghini Huracan Spyder<\/h2>\n<p>Louer une Lamborghini Huracan Spyder chez Car4rent est votre meilleure choix. Faites de votre prochain voyage qu&rsquo;il soit inoubliable. Louer une Lamborghini Huracan Spyder, l&rsquo;une des voitures les plus rapides au monde, ne manquera pas de vous faire remarquer lors de votre s\u00e9jour sur la <a href=\"https:\/\/generationvoyage.fr\/visiter-cote-azur-faire-voir\/\" target=\"_blank\" rel=\"noopener\">C\u00f4te d&rsquo;Azur<\/a>.<br \/>\nLe Spyder a \u00e9t\u00e9 con\u00e7u pour se distinguer par un style incomparable, des performances inouies et une technologie sophistiqu\u00e9e.<\/p>\n<p>Profitez de votre prochain d\u00e9placement dans le sud de la France pour louer une Lamborghini Huracan Spyder. Qu&rsquo;il s&rsquo;agisse d&rsquo;une exp\u00e9rience unique, d&rsquo;un \u00e9v\u00e9nement sp\u00e9cial ou un \u00e9v\u00e8nement d&rsquo;entreprise pour renforcer votre image. Car4rent vous fera vivre une aventure exceptionnelle. Nous sommes pr\u00e9sents dans le sud de la France et la Riviera Italienne &#8211; Riviera dei Fiori &#8211; mais nous pouvons vous livrer la voiture o\u00f9 vous le souhaitez partout en France\u00a0<strong><br \/>\n<\/strong><\/p>\n<h2>Location d&rsquo;une Lamborghini Huracan Spyder<\/h2>\n<p>Avec son design anguleux, le Hurac\u00e1n Evo Spyder est l&rsquo;incarnation du go\u00fbt et de l&rsquo;artisanat italiens. Quant au niveau de performance, il est juste \u00e9poustoufflant. Les puristes seront contents car le cabriolet a l&rsquo;allure d&rsquo;un coup\u00e9. Le r\u00e9sultat ? A l&rsquo;arri\u00e8re, le rugissement du puissant moteur V10 atmosph\u00e9rique de 610 cv. Au dessus, la capote ultra-l\u00e9g\u00e8re s&rsquo;ouvre en 17 secondes seulement. Devant, l&rsquo;horizon vous attend. L&rsquo;exp\u00e9rience de conduite est une f\u00eate !<\/p>\n<h3>A la d\u00e9couverte de la C\u00f4te d&rsquo;Azur<\/h3>\n<p>La C\u00f4te d&rsquo;Azur a son lot d&rsquo;attractions \u00e0 ne pas manquer. Lors de votre prochain s\u00e9jour, il y a de nombreux villages \u00e0 ne pas manquer si vous souhaitez sortir des grandes villes que vous connaissez probablement.<\/p>\n<h4>Saint-Tropez et son port<\/h4>\n<p>Depuis le dbut des ann\u00e9es 60&prime;, le cin\u00e9ma a fait du petit port de p\u00eache de Saint-Tropez un lieu mythique dans le monde entier. En descendant des collines de Gassin et de Ramatuelle, le petit port de p\u00eacheurs se d\u00e9voile et le charme op\u00e8re du premier coup. Ici, tout semble sorti d\u2019un d\u00e9cor de cin\u00e9ma, tant les pierres, les bateaux et les gens rayonnent de couleur. D\u00e9ambulez les quais du vieux port et profitez de l&rsquo;armada de yachts et de voiliers, nombruex en saison, avant de vous diriger vers la vieille ville et ses ruelles color\u00e9es. Prenez de la hauteur depuis la citadelle pour une vue d\u00e9gag\u00e9e sur le golfe de Saint-Tropez et sur l\u2019eau bleu-turquoise de la M\u00e9diterran\u00e9e.<\/p>\n<h4>Menton, perle de la Riviera fran\u00e7aise<\/h4>\n<p>Vous serez s\u00e9duit par <a href=\"https:\/\/cotedazurfrance.fr\/decouvrir\/les-villes-de-la-cote-dazur\/visiter-menton\/10-choses-a-voir-et-a-faire-a-menton\/\" target=\"_blank\" rel=\"noopener\">Menton<\/a>, ville d\u2019Art et d\u2019Histoire et capitale du citron Localis\u00e9e entre la fronti\u00e8re italienne et la Principaut\u00e9 de Monaco, elle constitue l&rsquo;une des richesses azur\u00e9ennes. Aux portes de la Ligurie, la capitale du citron s&rsquo;ouvre sur l\u2019\u00e9tonnante Vall\u00e9e des Merveilles ou encore la dynamique ville de San Remo.<\/p>\n<p>Laissez-vous surprendre par le caract\u00e8re authentique du Vieux-Menton, la basilique St-Michel, un labyrinthe de ruelles color\u00e9es, les halles couvertes, la Baie de Garavan ou encore les nombreux jardins d\u2019exception.<\/p>\n<h3><strong>L&rsquo;\u00c9motion d&rsquo;un sportive hors du commun<\/strong><\/h3>\n<p>Gr\u00e2ce \u00e0 la technologie Lamborghini ANIMA (Adaptive Network Intelligence Management), le Hurac\u00e1n Spyder peut exprimer son caract\u00e8re et s&rsquo;adapter \u00e0 vos exigences pour des performances optimales.<\/p>\n","protected":false},"excerpt":{"rendered":"<p>Vous souhaitez louer une Lamborghini Huracan Evo Spyder &#8211; R\u00e9alisez votre r\u00eave avec Car4rent et faites de ce voyage qu&rsquo;il soit inoubliable.<\/p>\n","protected":false},"featured_media":42333,"comment_status":"closed","ping_status":"closed","template":"","meta":{"_acf_changed":false},"product_brand":[],"product_cat":[5411,5404],"product_tag":[],"class_list":{"0":"post-30926","1":"product","2":"type-product","3":"status-publish","4":"has-post-thumbnail","6":"product_cat-decapotable","7":"product_cat-lamborghini-fr","9":"first","10":"instock","11":"shipping-taxable","12":"purchasable","13":"product-type-variable","14":"has-default-attributes"},"acf":[],"_links":{"self":[{"href":"https:\/\/car4rent.fr\/fr\/wp-json\/wp\/v2\/product\/30926","targetHints":{"allow":["GET"]}}],"collection":[{"href":"https:\/\/car4rent.fr\/fr\/wp-json\/wp\/v2\/product"}],"about":[{"href":"https:\/\/car4rent.fr\/fr\/wp-json\/wp\/v2\/types\/product"}],"replies":[{"embeddable":true,"href":"https:\/\/car4rent.fr\/fr\/wp-json\/wp\/v2\/comments?post=30926"}],"wp:featuredmedia":[{"embeddable":true,"href":"https:\/\/car4rent.fr\/fr\/wp-json\/wp\/v2\/media\/42333"}],"wp:attachment":[{"href":"https:\/\/car4rent.fr\/fr\/wp-json\/wp\/v2\/media?parent=30926"}],"wp:term":[{"taxonomy":"product_brand","embeddable":true,"href":"https:\/\/car4rent.fr\/fr\/wp-json\/wp\/v2\/product_brand?post=30926"},{"taxonomy":"product_cat","embeddable":true,"href":"https:\/\/car4rent.fr\/fr\/wp-json\/wp\/v2\/product_cat?post=30926"},{"taxonomy":"product_tag","embeddable":true,"href":"https:\/\/car4rent.fr\/fr\/wp-json\/wp\/v2\/product_tag?post=30926"}],"curies":[{"name":"wp","href":"https:\/\/api.w.org\/{rel}","templated":true}]}}