{"id":30923,"date":"2023-02-01T12:50:10","date_gmt":"2023-02-01T11:50:10","guid":{"rendered":"https:\/\/car4rent.fr\/luxury-car-rental\/porsche-992-carrera-s-cabriolet\/"},"modified":"2024-10-06T11:51:59","modified_gmt":"2024-10-06T09:51:59","slug":"louer-une-porsche-911-cabriolet","status":"publish","type":"product","link":"https:\/\/car4rent.fr\/fr\/luxury-car-rental\/louer-une-porsche-911-cabriolet\/","title":{"rendered":"Louer une Porsche 911 Cabriolet"},"content":{"rendered":"<h2><strong>Louer une Porsche 911 Cabriolet<\/strong><\/h2>\n<p>Louer une Porsche 911 Cabriolet avec Car4Rent, c&rsquo;est la r\u00e9alisation d&rsquo;un r\u00eave d&rsquo;enfant!\u00a0 Car4rent est des principales soci\u00e9t\u00e9s de location de voitures de luxe et de sport sur la <a href=\"https:\/\/generationvoyage.fr\/visiter-cote-azur-faire-voir\/\" target=\"_blank\" rel=\"noopener\">C\u00f4te d&rsquo;Azur<\/a>. Vous pouvez faire l&rsquo;exp\u00e9rience de la conduite d&rsquo;une Porsche en louant un v\u00e9hicule aupr\u00e8s de Car4rent. Porsche est l&rsquo;une des marques les plus luxueuses de l&rsquo;industrie automobile et il y aura toujours une bonne raison de louer une Porsche 911 Cabriolet Carrera S. Porsche reste l&rsquo;une des voitures de sport des plus populaires au monde.<br \/>\nLe cabriolet 992 est le m\u00e9lange parfait de confort, de technologie et de pr\u00e9cision. Ce mod\u00e8le est extr\u00eamement agr\u00e9able \u00e0 conduire et offre \u00e0 tout conducteur un plaisir unique.<\/p>\n<h2>La location d&rsquo;une Porsche 911 Carrera S cabriolet, c&rsquo;est profiter de la meilleure voiture de sport au monde et surtout la plus polyvalente.<\/h2>\n<p>Au volant de notre dernier mod\u00e8le, la Carrera S Cabriolet, vous pourrez d\u00e9couvrir toutes les options importantes qu&rsquo;une voiture de sport peut offrir : la transmission aux\u00a0 roues arri\u00e8re motrices, directionnelles, la bo\u00eete de vitesses PDK, le puissant moteur S et la capote escamotable. Quoi d&rsquo;autre ? Vous appr\u00e9cierez son comportement par tous les temps, avec en plus la possibilit\u00e9 d&rsquo;abaisser la capote en 13 secondes seulement.<\/p>\n<h2>A la d\u00e9couverte de la Principaut\u00e9 de Monaco<\/h2>\n<p>Venez l&rsquo;essayer sur les routes sinueuses de Monaco, et d\u00e9couvrez les plus beaux paysages au son de cette voiture de sport embl\u00e9matique. Vous n&rsquo;oublierez jamais la sensation du moteur boxer et le son de l&rsquo;\u00e9chappement sport qui se r\u00e9pand dans les tunnels du GP de F1 de Monaco.<\/p>\n<h2>Un service sur mesure<\/h2>\n<p>Nous pouvons vous livrer la voiture de vos r\u00eaves o\u00f9 bon vous semble, \u00e0 Cannes, \u00e0 l&rsquo;a\u00e9roport de Nice ou \u00e0 votre h\u00f4tel \u00e0 Saint-Tropez, ou \u00e0 n&rsquo;importe quelle destination de votre choix.<\/p>\n<h3>La Porsche 911 Carrera 4s cabriolet, une voiture aux qualit\u00e9s hors normes<\/h3>\n<p>\u00c9quip\u00e9 du moteur flat-6 3.0L, les 450 ch suffisent \u00e0 vous propulser partout o\u00f9 vous voulez aller. Par une journ\u00e9e ensoleill\u00e9e, sentez le vent dans vos cheveux en admirant la vue unique depuis les routes c\u00f4ti\u00e8res et d\u00e9couvrez la vue \u00e9poustouffante sur les corniches du bord de mer.<\/p>\n<p>La location d&rsquo;une Porsche 911 cabriolet, c&rsquo;est un acc\u00e8s direct au luxe! Attachez votre ceinture, et c&rsquo;est parti pour un road trip inoubliable<\/p>\n<h4>France D\u00e9couvrez dautres voitures disponibles<\/h4>\n<p>Vous ne trouvez pas la Porsche 911 cabriolet \u00e0 votre go\u00fbt. Nous pouvons vous proposer d&rsquo;autres bolides dans nos autres marques, aussi prestigieuses les unes que les autres, parmi <a href=\"https:\/\/car4rent.fr\/fr\/louer-une-ferrari\/\"><strong>Ferrari<\/strong><\/a>,\n            <a href=\"https:\/\/car4rent.fr\/fr\/louer-une-lamborghini\/\"><strong>Lamborghini<\/strong><\/a>,\n            <a href=\"https:\/\/car4rent.fr\/fr\/louer-une-porsche\/\"><strong>Porsche<\/strong><\/a>,\n            <a href=\"https:\/\/car4rent.fr\/fr\/louer-un-land-rover\/\"><strong>Land Rover<\/strong><\/a>,\n            <a href=\"https:\/\/car4rent.fr\/fr\/louer-une-mercedes\/\"><strong>Mercedes AMG<\/strong><\/a>,\n            <a href=\"https:\/\/car4rent.fr\/fr\/louer-une-bentley\/\"><strong>Bentley<\/strong><\/a>,\n            <a href=\"https:\/\/car4rent.fr\/fr\/louer-une-rolls-royce\/\"><strong>Rolls-Royce<\/strong><\/a>, et\n            <a href=\"https:\/\/car4rent.fr\/fr\/louer-une-audi\/\"><strong>Audi<\/strong><\/a>. synonymes de tradition, de perfection et d&rsquo;exception, en un mot d&rsquo;Excellence.<\/p>\n<p><span data-index=\"5\">Vous souhaiter louer une porsche 911 carrera, n&rsquo;h\u00e9sitez pas \u00e0 prendre contact\u00a0 avec une \u00e9quipe qui vous est d\u00e9vou\u00e9e.<\/span><\/p>\n","protected":false},"excerpt":{"rendered":"<p>Louer une Porsche 911 Cabriolet avec Car4Rent, c&rsquo;est la r\u00e9alisation d&rsquo;un r\u00eave d&rsquo;enfant. Nous vous vous proposons de louer une Porsche 911 Carrera parmi un large choix de voitures de sport et de luxe au meilleur prix.<\/p>\n","protected":false},"featured_media":30083,"comment_status":"open","ping_status":"closed","template":"","meta":{"_acf_changed":false},"product_brand":[],"product_cat":[5406,5416],"product_tag":[],"class_list":{"0":"post-30923","1":"product","2":"type-product","3":"status-publish","4":"has-post-thumbnail","6":"product_cat-porsche-fr","7":"product_cat-voiture-de-sport","9":"first","10":"instock","11":"shipping-taxable","12":"purchasable","13":"product-type-variable","14":"has-default-attributes"},"acf":[],"_links":{"self":[{"href":"https:\/\/car4rent.fr\/fr\/wp-json\/wp\/v2\/product\/30923","targetHints":{"allow":["GET"]}}],"collection":[{"href":"https:\/\/car4rent.fr\/fr\/wp-json\/wp\/v2\/product"}],"about":[{"href":"https:\/\/car4rent.fr\/fr\/wp-json\/wp\/v2\/types\/product"}],"replies":[{"embeddable":true,"href":"https:\/\/car4rent.fr\/fr\/wp-json\/wp\/v2\/comments?post=30923"}],"wp:featuredmedia":[{"embeddable":true,"href":"https:\/\/car4rent.fr\/fr\/wp-json\/wp\/v2\/media\/30083"}],"wp:attachment":[{"href":"https:\/\/car4rent.fr\/fr\/wp-json\/wp\/v2\/media?parent=30923"}],"wp:term":[{"taxonomy":"product_brand","embeddable":true,"href":"https:\/\/car4rent.fr\/fr\/wp-json\/wp\/v2\/product_brand?post=30923"},{"taxonomy":"product_cat","embeddable":true,"href":"https:\/\/car4rent.fr\/fr\/wp-json\/wp\/v2\/product_cat?post=30923"},{"taxonomy":"product_tag","embeddable":true,"href":"https:\/\/car4rent.fr\/fr\/wp-json\/wp\/v2\/product_tag?post=30923"}],"curies":[{"name":"wp","href":"https:\/\/api.w.org\/{rel}","templated":true}]}}