{"id":30896,"date":"2023-02-05T11:44:58","date_gmt":"2023-02-05T10:44:58","guid":{"rendered":"https:\/\/car4rent.fr\/luxury-car-rental\/ferrari-488-spider\/"},"modified":"2024-10-06T11:52:04","modified_gmt":"2024-10-06T09:52:04","slug":"louer-une-ferrari-488-spider","status":"publish","type":"product","link":"https:\/\/car4rent.fr\/fr\/luxury-car-rental\/louer-une-ferrari-488-spider\/","title":{"rendered":"Louer une Ferrari 488 Spider"},"content":{"rendered":"<h2>Louer une Ferrari 488 Spider pour vous faire plaisir!<\/h2>\n<p>Louez une Ferrari 488 Spider et arrivez \u00e0 votre destination dans la plus belle d\u00e9capotable du march\u00e9. Explorez les routes de la C\u00f4te d&rsquo;Azur avec notre Ferrari 488 Spider: une voiture con\u00e7ue pour faire tourner les t\u00eates ! Elle offre ce qu&rsquo;il y a de mieux en termes de performance, de confort et de style, de quoi faire impression lors de vos d\u00e9placements. pour vos besoins de location de voitures de luxe et de sport.<\/p>\n<p>Car4rent est une soci\u00e9t\u00e9 de location de voitures leader sur la C\u00f4te d&rsquo;Azur, qui vous propose une exp\u00e9rience avec des supercars et des v\u00e9hicules exotiques, en France et en Italie.<\/p>\n<h3>Les joyaux cach\u00e9s de la C\u00f4te d&rsquo;Azur : Saint-Jean-Cap-Ferrat<\/h3>\n<p>Vous appr\u00e9cierez ce lieu de vill\u00e9giature haut de gamme qui poss\u00e8de une plage de galets avec une vue incroyable sur les montagnes et les yachts de luxe dans le port. C&rsquo;est aussi un bon endroit pour faire de la plong\u00e9e avec masque et tuba. Vous pourrez d\u00e9jeuner dans l&rsquo;un des restaurants de fruits de mer, mais \u00e9galement vous y arr\u00eater en saison pour le d\u00eener si vous n&rsquo;avez pas de probl\u00e8me de budget.<\/p>\n<p>Au fur et \u00e0 mesure que la journ\u00e9e avance en \u00e9t\u00e9, les plages de la C\u00f4te d&rsquo;Azur sont de plus en plus fr\u00e9quent\u00e9es, alors pensez \u00e0 faire une r\u00e9servation \u00e0 l&rsquo;avance ou essaiyez d&rsquo;arriver t\u00f4t. Faites une randonn\u00e9e pittoresque le long du sentier du littoral du Cap Ferrat, qui se trouve \u00e0 proximit\u00e9, pour admirer un magnifique panorama. Faites une halte \u00e0 la plage Paloma et profitez en pour faire une journ\u00e9e farniente.<\/p>\n<h2><strong>La location de la Ferrari 488 Spider en quelques mots<\/strong><\/h2>\n<p>La Ferrari 488 Spider est un r\u00e9gal \u00e0 conduire, \u00e0 la fois performante mais \u00e9galement souple \u00e0 bas r\u00e9gime. cette voiture est captivante. d\u00e9capotez la et profitez d&rsquo;une exp\u00e9rience de conduite unique lorsque vous ferez rugir le son du V8 ! Le spider a une fa\u00e7on de vous garder compl\u00e8tement captif. Le ch\u00e2ssis est rigide, avec une direction qui parvient \u00e0 \u00eatre \u00e0 la fois directe, l\u00e9g\u00e8re et communicative. Sa capacit\u00e9 \u00e0 passer par une phase d&rsquo;adh\u00e9rence importante et stable, puis \u00e0 en sortir progressivement en virage, est ph\u00e9nom\u00e9nale.<br \/>\n<img loading=\"lazy\" decoding=\"async\" class=\"alignnone wp-image-32571 \" src=\"https:\/\/car4rent.fr\/wp-content\/uploads\/luxury-car-hire-provence.jpg\" alt=\"louer une ferrari 488 spyder, Location de voiture de luxe en Provence\" width=\"312\" height=\"208\" title=\"Car4Rent Cannes\" srcset=\"https:\/\/car4rent.fr\/wp-content\/uploads\/luxury-car-hire-provence.jpg 1024w, https:\/\/car4rent.fr\/wp-content\/uploads\/luxury-car-hire-provence-300x200.jpg 300w, https:\/\/car4rent.fr\/wp-content\/uploads\/luxury-car-hire-provence-768x512.jpg 768w, https:\/\/car4rent.fr\/wp-content\/uploads\/luxury-car-hire-provence-705x470.jpg 705w, https:\/\/car4rent.fr\/wp-content\/uploads\/luxury-car-hire-provence-450x300.jpg 450w\" sizes=\"auto, (max-width: 312px) 100vw, 312px\" \/><img loading=\"lazy\" decoding=\"async\" class=\"alignnone wp-image-6945 \" src=\"https:\/\/car4rent.fr\/wp-content\/uploads\/488-plage.jpg\" alt=\"Loue Ferrari C\u00f4te d&#039;Azur, loue une ferrari 488 spider, \" width=\"377\" height=\"208\" title=\"Car4Rent Cannes\" srcset=\"https:\/\/car4rent.fr\/wp-content\/uploads\/488-plage.jpg 750w, https:\/\/car4rent.fr\/wp-content\/uploads\/488-plage-450x248.jpg 450w, https:\/\/car4rent.fr\/wp-content\/uploads\/488-plage-300x166.jpg 300w, https:\/\/car4rent.fr\/wp-content\/uploads\/488-plage-248x137.jpg 248w, https:\/\/car4rent.fr\/wp-content\/uploads\/488-plage-126x70.jpg 126w, https:\/\/car4rent.fr\/wp-content\/uploads\/488-plage-705x389.jpg 705w\" sizes=\"auto, (max-width: 377px) 100vw, 377px\" \/><\/p>\n<h3><strong>Location de la Ferrari 488 Spider &#8211; Profond\u00e9ment d\u00e9sirable<\/strong><\/h3>\n<p>Ce n&rsquo;est pas un probl\u00e8me \u00e9pineux si l&rsquo;on consid\u00e8re la r\u00e9activit\u00e9 d&rsquo;une motorisation pratiquement immunis\u00e9e contre le d\u00e9calage du turbo, et qui s&rsquo;annonce par un ronflement de baryton \u00e0 partir de 3000 tr\/min. Mais il y a moins d&rsquo;incitation \u00e0 pousser le moteur dans ses derniers retranchements, et moins de gr\u00e9sillements aigus quand on y arrive.<\/p>\n<p>Ce qui n&rsquo;est pas une condamnation de la vitesse, loin de l\u00e0. Le V8 de 3,9 litres d\u00e9veloppe 670 ch de 6 000 tr\/min jusqu&rsquo;au limiteur \u00e0 8 000 tr\/min, ce qui signifie que sa puissance ne faiblit jamais lorsque le r\u00e9gime chute entre deux changements de vitesse. Le cabriolet passe de 0 \u00e0 100 km\/h en 3 secondes. Ce qui en fait une supercar infiniment d\u00e9sirable dans la course \u00e0la puissance dans le domaine des voitures de sport.<\/p>\n<p>Vous ne trouvez pas la Ferrari F488 Spider \u00e0 votre go\u00fbt, vous pouvez \u00e9galement louer une Ferrari 488 gtb. Sinon, nous pouvons vous proposer d&rsquo;autres bolides dans nos autres marques, aussi prestigieuses les unes que les autres, parmi <a href=\"https:\/\/car4rent.fr\/fr\/rent-ferrari\/\"><strong>Ferrari<\/strong><\/a>,\n            <a href=\"https:\/\/car4rent.fr\/fr\/rent-lamborghini\/\"><strong>Lamborghini<\/strong><\/a>,\n            <a href=\"https:\/\/car4rent.fr\/fr\/rent-porsche\/\"><strong>Porsche<\/strong><\/a>,\n            <a href=\"https:\/\/car4rent.fr\/fr\/range-rover-rental\/\"><strong>Range Rover<\/strong><\/a>,\n            <a href=\"https:\/\/car4rent.fr\/fr\/bentley-hire\/\"><strong>Bentley<\/strong><\/a>,\n            <a href=\"https:\/\/car4rent.fr\/fr\/rent-rolls-royce\/\"><strong>Rolls Royce<\/strong><\/a>, and\n            <a href=\"https:\/\/car4rent.fr\/fr\/mercedes-rental\/\"><strong>Mercedes AMG<\/strong><\/a>. synonymes de tradition, de perfection et d&rsquo;exception, en un mot d&rsquo;Excellence.<\/p>\n<h4>Caract\u00e9ristiques conditions de location<\/h4>\n<p>Pour conduire l&rsquo;un de nos v\u00e9hicules de sport, vous devez avoir 27 ans accomplis, \u00eatre titulaire d&rsquo;un permis de conduire en cours de validit\u00e9 depuis 5 ans, et ne pas avoir eu de d\u00e9ch\u00e9ance du droit de conduire end\u00e9ans les deux derni\u00e8res ann\u00e9es. Vus devrez constituez en garantie banacaire, par virement ou carte de cr\u00e9dit, le montant de la caution qui est de 20.000\u20ac pour ce v\u00e9hicule.<\/p>\n<p>Vous souhaiter louer une Ferrari 488 spider \u00e0 Paris ou sur la C\u00f4te dazur, contactez-nous d\u00e8s aujourd&rsquo;hui pour la r\u00e9server.<\/p>\n","protected":false},"excerpt":{"rendered":"<p>Louez une Ferrari 488 Spider et faites une entr\u00e9e remarqu\u00e9e lors de votre \u00e9v\u00e9nement sp\u00e9cial. Choisissez parmi l&rsquo;une des plus grandes flottes de voitures de sport et de luxe de la C\u00f4te d&rsquo;Azur.<\/p>\n","protected":false},"featured_media":30074,"comment_status":"closed","ping_status":"closed","template":"","meta":{"_acf_changed":false},"product_brand":[],"product_cat":[5411,5403],"product_tag":[],"class_list":{"0":"post-30896","1":"product","2":"type-product","3":"status-publish","4":"has-post-thumbnail","6":"product_cat-decapotable","7":"product_cat-ferrari-fr","9":"first","10":"instock","11":"shipping-taxable","12":"purchasable","13":"product-type-variable","14":"has-default-attributes"},"acf":[],"_links":{"self":[{"href":"https:\/\/car4rent.fr\/fr\/wp-json\/wp\/v2\/product\/30896","targetHints":{"allow":["GET"]}}],"collection":[{"href":"https:\/\/car4rent.fr\/fr\/wp-json\/wp\/v2\/product"}],"about":[{"href":"https:\/\/car4rent.fr\/fr\/wp-json\/wp\/v2\/types\/product"}],"replies":[{"embeddable":true,"href":"https:\/\/car4rent.fr\/fr\/wp-json\/wp\/v2\/comments?post=30896"}],"wp:featuredmedia":[{"embeddable":true,"href":"https:\/\/car4rent.fr\/fr\/wp-json\/wp\/v2\/media\/30074"}],"wp:attachment":[{"href":"https:\/\/car4rent.fr\/fr\/wp-json\/wp\/v2\/media?parent=30896"}],"wp:term":[{"taxonomy":"product_brand","embeddable":true,"href":"https:\/\/car4rent.fr\/fr\/wp-json\/wp\/v2\/product_brand?post=30896"},{"taxonomy":"product_cat","embeddable":true,"href":"https:\/\/car4rent.fr\/fr\/wp-json\/wp\/v2\/product_cat?post=30896"},{"taxonomy":"product_tag","embeddable":true,"href":"https:\/\/car4rent.fr\/fr\/wp-json\/wp\/v2\/product_tag?post=30896"}],"curies":[{"name":"wp","href":"https:\/\/api.w.org\/{rel}","templated":true}]}}