{"id":30851,"date":"2023-02-05T12:57:34","date_gmt":"2023-02-05T11:57:34","guid":{"rendered":"https:\/\/car4rent.fr\/luxury-car-rental\/rolls-royce-dawn\/"},"modified":"2024-10-06T11:52:04","modified_gmt":"2024-10-06T09:52:04","slug":"louer-une-rolls-royce-dawn","status":"publish","type":"product","link":"https:\/\/car4rent.fr\/fr\/luxury-car-rental\/louer-une-rolls-royce-dawn\/","title":{"rendered":"Louer une Rolls-Royce Dawn"},"content":{"rendered":"<h2><strong>Louer une Rolls-Royce Dawn<\/strong><\/h2>\n<p>Faites l&rsquo;exp\u00e9rience du luxe in\u00e9gal\u00e9 au c\u0153ur de <strong>Monaco. <\/strong>Louer une Rolls-Royce Dawn, de quoi faire un voyage dans le luxe. Vous pourrez sentir le vent dans vos cheveux, le soleil dans votre dos et profiter de cet environnement opulent en m\u00eame temps. La Dawn vous offre un luxe de d\u00e9tails artisanaux et un plaisir d&rsquo;un confort impressionnant, avec une l\u00e9g\u00e8ret\u00e9 au bout des doigts. Pour un luxe vraiment raffin\u00e9, ne cherchez pas plus loin et appelez Car4rent. Car4rent est fier de fournir les meilleurs v\u00e9hicules de luxe disponibles sur la <a href=\"https:\/\/cotedazurfrance.fr\/decouvrir\/les-spots-incontournables\/top-12-des-lieux-incontournables-a-visiter-sur-la-cote-dazur\/\" target=\"_blank\" rel=\"noopener\">C\u00f4te d&rsquo;Azur<\/a>.<span style=\"color: #800080;\"><strong><br \/>\n<\/strong><br \/>\n<\/span>Profitez des plages ensoleill\u00e9es, des meilleurs restaurants et des boutiques de luxe que l&rsquo;on trouve \u00e0 Cannes. au volant d&rsquo;une Rolls-Royce Dawn.<\/p>\n<p><span style=\"font-style: inherit;\">La Rolls Royce Dawn est un v\u00e9hicule de luxe id\u00e9al \u00e0 conduire lors d&rsquo;une visite dans le sud de la France et n&rsquo;est qu&rsquo;un des v\u00e9hicules disponibles parmi les marques de luxe que vous propose Car4rent. <\/span>Prenez le volant de Ferrari, Lamborghini, Porsche, Land Rover, Mercedes AMG, Bentley, Rolls-Royce et autres Audi et BMW, toutes ces marques synonymes de puissance, de performance, d&rsquo;agilit\u00e9 et de s\u00e9curit\u00e9, en un mot, d&rsquo;excellence.<\/p>\n<h3><strong>Louer une Rolls-Royce Dawn, en quelques mots<\/strong><\/h3>\n<section id=\"block1\" class=\"stripe row-content block1 fullwidth\">\n<div>La Rolls-Royce Dawn est un v\u00e9hicule rare et exquis qui offre une exp\u00e9rience de conduite incroyable et un pur bonheur \u00e0 conduire sur route. Il s&rsquo;agit d&rsquo;un cabriolet qui peut se transformer d&rsquo;une berline quatre places feutr\u00e9e en une voiture de croisi\u00e8re d\u00e9capot\u00e9e en seulement 22 secondes.<\/div>\n\n<div>La Dawn mesure 5,2 m\u00e8tres de long et est propuls\u00e9e par un moteur V12 de 571 ch, ce qui en fait un v\u00e9hicule impressionnant o\u00f9 qu&rsquo;il aille. Avec une ing\u00e9nierie sur mesure et des d\u00e9tails de conception \u00e9l\u00e9gants, la Dawn est s\u00fbre de laisser une impression durable.<\/div>\n<\/section>\n\n<div><img loading=\"lazy\" decoding=\"async\" class=\"alignnone wp-image-37215 size-full\" src=\"https:\/\/car4rent.fr\/wp-content\/uploads\/nsmail.jpg\" alt=\"louer une rolls-royce dawn, location de voiture de sport Monte-Carlo, location Rolls-royce dawn, location de voiture saint-tropez, location de voiture de prestige \u00e0 Monaco, Louer une voiture de luxe sur la C\u00f4te d&#039;Azur, Location voiture de luxe PACA\" width=\"463\" height=\"512\" title=\"Car4Rent Cannes\" srcset=\"https:\/\/car4rent.fr\/wp-content\/uploads\/nsmail.jpg 463w, https:\/\/car4rent.fr\/wp-content\/uploads\/nsmail-271x300.jpg 271w, https:\/\/car4rent.fr\/wp-content\/uploads\/nsmail-450x498.jpg 450w\" sizes=\"auto, (max-width: 463px) 100vw, 463px\" \/><\/div>\n<section id=\"block1\" class=\"stripe row-content block1 fullwidth\">\n<div class=\"column small-five small-push-six reset last\">\n<div class=\"boxcontent\">\n<p><span style=\"font-size: 14pt;\">Location Rolls Royce: des kilom\u00e8tres magiques<\/span><\/p>\n<p>Le puissant moteur V12 de la Dawn lui permet de passer de 0 \u00e0 100 km\/h en seulement 5,0 secondes, ce qui en fait une voiture performante. Son ing\u00e9nierie sur mesure et ses d\u00e9tails de conception \u00e9l\u00e9gants en font une voiture moins ostentatoire qu&rsquo;une supercar, mais elle ne manquera pas de faire tourner les t\u00eates. Si vous \u00eates int\u00e9ress\u00e9 par la location de Rolls Royce Dawn, prenez contact avec notre \u00e9quipe professionnelle qui se fera un plaisir de vous informer.<\/p>\n<h5>Louer une Rolls Royce Dawn ou une voiture de luxe sur la C\u00f4te d&rsquo;Azur<\/h5>\n<p>Nous avons tous les plus beaux mod\u00e8les de sport et de luxe disponibles \u00e0 la location. Int\u00e9ress\u00e9 par la location Rolls Royce Dawn \u00e0 Cannes, n&rsquo;h\u00e9sitez pas \u00e0 prendre <a href=\"https:\/\/car4rent.fr\/fr\/contact\/\" target=\"_blank\" rel=\"noopener\">contact<\/a> avec l&rsquo;un des membres de notre \u00e9quipe pour obtenir tout renseignement.<\/p>\n<\/div>\n<\/div>\n<\/section>\n","protected":false},"excerpt":{"rendered":"<p>Louer une Rolls-Royce Dawn | A la d\u00e9couverte de la C\u00f4te d&rsquo;Azur au volant du cabriolet le plus prestigieux au monde.<\/p>\n","protected":false},"featured_media":30078,"comment_status":"closed","ping_status":"closed","template":"","meta":{"_acf_changed":false},"product_brand":[],"product_cat":[5411,5408],"product_tag":[],"class_list":{"0":"post-30851","1":"product","2":"type-product","3":"status-publish","4":"has-post-thumbnail","6":"product_cat-decapotable","7":"product_cat-rolls-royce-fr","9":"first","10":"instock","11":"shipping-taxable","12":"purchasable","13":"product-type-variable","14":"has-default-attributes"},"acf":[],"_links":{"self":[{"href":"https:\/\/car4rent.fr\/fr\/wp-json\/wp\/v2\/product\/30851","targetHints":{"allow":["GET"]}}],"collection":[{"href":"https:\/\/car4rent.fr\/fr\/wp-json\/wp\/v2\/product"}],"about":[{"href":"https:\/\/car4rent.fr\/fr\/wp-json\/wp\/v2\/types\/product"}],"replies":[{"embeddable":true,"href":"https:\/\/car4rent.fr\/fr\/wp-json\/wp\/v2\/comments?post=30851"}],"wp:featuredmedia":[{"embeddable":true,"href":"https:\/\/car4rent.fr\/fr\/wp-json\/wp\/v2\/media\/30078"}],"wp:attachment":[{"href":"https:\/\/car4rent.fr\/fr\/wp-json\/wp\/v2\/media?parent=30851"}],"wp:term":[{"taxonomy":"product_brand","embeddable":true,"href":"https:\/\/car4rent.fr\/fr\/wp-json\/wp\/v2\/product_brand?post=30851"},{"taxonomy":"product_cat","embeddable":true,"href":"https:\/\/car4rent.fr\/fr\/wp-json\/wp\/v2\/product_cat?post=30851"},{"taxonomy":"product_tag","embeddable":true,"href":"https:\/\/car4rent.fr\/fr\/wp-json\/wp\/v2\/product_tag?post=30851"}],"curies":[{"name":"wp","href":"https:\/\/api.w.org\/{rel}","templated":true}]}}