{"id":30849,"date":"2023-02-02T18:39:29","date_gmt":"2023-02-02T17:39:29","guid":{"rendered":"https:\/\/car4rent.fr\/luxury-car-rental\/chevrolet-corvette-c8-cabriolet\/"},"modified":"2024-10-06T11:51:58","modified_gmt":"2024-10-06T09:51:58","slug":"louer-une-chevrolet-corvette","status":"publish","type":"product","link":"https:\/\/car4rent.fr\/fr\/luxury-car-rental\/louer-une-chevrolet-corvette\/","title":{"rendered":"Louer une Chevrolet Corvette"},"content":{"rendered":"<h2>Louer une Chevrolet Corvette d\u00e9capotable<\/h2>\n<p>Louez une Chevrolet Corvette Convertible, le retour d&#8217;une l\u00e9gende ! Louer une Chevrolet Corvette est un r\u00eave d&#8217;enfant. Apr\u00e8s six ans d&#8217;absence en France, la huiti\u00e8me g\u00e9n\u00e9ration a \u00e9t\u00e9 profond\u00e9ment repens\u00e9e. Son moteur V8 atmosph\u00e9rique de 6,2 litres \u00e0 l&#8217;arri\u00e8re d\u00e9veloppe 482 ch. La location d&#8217;une Chevrolet Corvette dans sa version d\u00e9capotable vous ravira les oreilles.<\/p>\n<h2>Louer une Chevroletcorvette<\/h2>\n<p>Le designer nourrit de grandes ambitions avec ce mod\u00e8le iconique, de quoi faire fr\u00e9mir ses principaux rivaux Porsche, Lamborghini et Ferrari, dont les derniers mod\u00e8les semblent s&#8217;inspirer. Il perd un peu de sa bestialit\u00e9 au profit d&#8217;une certaine \u00e9l\u00e9gance. Il n&#8217;en reste pas moins tr\u00e8s impressionnant.<\/p>\n<h5>Location Chevrolet Corvette<\/h5>\n<p>Le v\u00e9ritable bouleversement concerne le moteur en position centrale arri\u00e8re, alors qu&#8217;il \u00e9tait toujours situ\u00e9 sous le capot avant. Les changements structurels assurent l&#8217;\u00e9quilibre.<\/p>\n<p>L&#8217;int\u00e9rieur a \u00e9t\u00e9 consid\u00e9rablement modernis\u00e9 mais conserve un esprit de cockpit. Le volant carr\u00e9 contribue \u00e0 cr\u00e9er une atmosph\u00e8re vraiment contemporaine, mais qui n&#8217;est peut-\u00eatre pas id\u00e9ale pour une conduite rapide.<\/p>\n<p>La C8 est la premi\u00e8re Corvette \u00e0 disposer d&#8217;un toit r\u00e9tractable \u00e9lectrique. Il n&#8217;ajoute que 35 kg au poids total et se d\u00e9ploie en 17 secondes jusqu&#8217;\u00e0 50 km\/h.<\/p>\n<h2>Un large choix de mod\u00e8les de voitures de luxe et de prestige<\/h2>\n<p>Ainsi, vous pouvez \u00eatre s\u00fbr de recevoir la voiture de luxe que vous avez r\u00e9serv\u00e9e \u00e0 l&#8217;endroit et aux dates souhait\u00e9s. Notre large gamme de v\u00e9hicules prestigieux comprend, entre autres, des marques sublimes telles que Ferrari, Lamborghini, Porsche, Land Rover, Mercedes AMG, Bentley, Rolls-Royce, et autres Audi et BMW.<\/p>\n<h3>Louer une Corvette de Chevrolet<\/h3>\n<p>Vous souhaitez louer une Chevroletcorvette, n&#8217;h\u00e9sitez pas \u00e0 nous <a href=\"https:\/\/car4rent.fr\/fr\/contact\/\" target=\"_blank\" rel=\"noopener\">contacter<\/a> pour obtenir nos meilleurs tarifs.<\/p>\n","protected":false},"excerpt":{"rendered":"<p>Louer une Chevrolet Corvette Convertible, le retour d&#8217;une l\u00e9gende ! Louer une Chevrolet Corvette est un r\u00eave d&#8217;enfant.<\/p>\n","protected":false},"featured_media":33796,"comment_status":"closed","ping_status":"closed","template":"","meta":{"_acf_changed":false,"_daim_seo_power":"","_daim_enable_ail":""},"product_brand":[],"product_cat":[5411,5402],"product_tag":[],"class_list":{"0":"post-30849","1":"product","2":"type-product","3":"status-publish","4":"has-post-thumbnail","6":"product_cat-decapotable","7":"product_cat-chevrolet","9":"first","10":"instock","11":"shipping-taxable","12":"purchasable","13":"product-type-variable","14":"has-default-attributes"},"acf":[],"_links":{"self":[{"href":"https:\/\/car4rent.fr\/fr\/wp-json\/wp\/v2\/product\/30849","targetHints":{"allow":["GET"]}}],"collection":[{"href":"https:\/\/car4rent.fr\/fr\/wp-json\/wp\/v2\/product"}],"about":[{"href":"https:\/\/car4rent.fr\/fr\/wp-json\/wp\/v2\/types\/product"}],"replies":[{"embeddable":true,"href":"https:\/\/car4rent.fr\/fr\/wp-json\/wp\/v2\/comments?post=30849"}],"wp:featuredmedia":[{"embeddable":true,"href":"https:\/\/car4rent.fr\/fr\/wp-json\/wp\/v2\/media\/33796"}],"wp:attachment":[{"href":"https:\/\/car4rent.fr\/fr\/wp-json\/wp\/v2\/media?parent=30849"}],"wp:term":[{"taxonomy":"product_brand","embeddable":true,"href":"https:\/\/car4rent.fr\/fr\/wp-json\/wp\/v2\/product_brand?post=30849"},{"taxonomy":"product_cat","embeddable":true,"href":"https:\/\/car4rent.fr\/fr\/wp-json\/wp\/v2\/product_cat?post=30849"},{"taxonomy":"product_tag","embeddable":true,"href":"https:\/\/car4rent.fr\/fr\/wp-json\/wp\/v2\/product_tag?post=30849"}],"curies":[{"name":"wp","href":"https:\/\/api.w.org\/{rel}","templated":true}]}}