{"id":30812,"date":"2023-02-06T11:59:51","date_gmt":"2023-02-06T10:59:51","guid":{"rendered":"https:\/\/car4rent.fr\/luxury-car-rental\/ferrari-portofino\/"},"modified":"2024-10-06T11:52:03","modified_gmt":"2024-10-06T09:52:03","slug":"louer-une-ferrari-portofino","status":"publish","type":"product","link":"https:\/\/car4rent.fr\/fr\/luxury-car-rental\/louer-une-ferrari-portofino\/","title":{"rendered":"Louer une Ferrari Portofino"},"content":{"rendered":"<h2>Louer une Ferrari Portofino<\/h2>\n<p>Location Ferrari Portofino en <span style=\"color: #800080;\"><strong><a style=\"color: #800080;\" href=\"https:\/\/cotedazurfrance.com\/\" target=\"_blank\" rel=\"noopener\">C\u00f4te d&rsquo;Azur<\/a> <\/strong><\/span>La Ferrari Portofino est la voiture id\u00e9ale pour une promenade le long de la c\u00f4te de <strong><span style=\"color: #800080;\"><a style=\"color: #800080;\" href=\"https:\/\/www.visitmonaco.com\/en\" target=\"_blank\" rel=\"noopener\">Monaco<\/a>\u00a0<\/span><\/strong>\u00e0 <strong><span style=\"color: #800080;\"><a style=\"color: #800080;\" href=\"https:\/\/www.visitmonaco.com\/en\" target=\"_blank\" rel=\"noopener\">Saint-Tropez<\/a>\u00a0<\/span><\/strong>. Une exp\u00e9rience inoubliable : la location de la Ferrari Portofino<\/p>\n<h2><strong>Ferrari Portofino, en quelques mots<\/strong><\/h2>\n<p><strong>Louez la Ferrari Portofino<\/strong>, la maison \u00e0 quatre places du cheval cabr\u00e9. Le mod\u00e8le est beau \u00e0 regarder et fantastique \u00e0 conduire. Le Portofino descend du California T, et la quasi-totalit\u00e9 de la voiture est nouvelle. Le fait de monter ou de descendre la capote ne change rien \u00e0 l&rsquo;attrait de la voiture. La capote elle-m\u00eame se l\u00e8ve ou s&rsquo;abaisse en 14 secondes \u00e0 une vitesse maximale de 50 km\/h. N&rsquo;h\u00e9sitez donc pas \u00e0 l&rsquo;abaisser quand l&rsquo;envie vous en prend.<\/p>\n<h3><img loading=\"lazy\" decoding=\"async\" class=\"alignnone wp-image-24570\" src=\"https:\/\/car4rent.fr\/wp-content\/uploads\/\/Ferrari-Portofino-Rental-Car4rent-300x225.jpg\" alt=\"Location Ferrari Portofino Car4rent\" width=\"208\" height=\"156\" title=\"Car4Rent Cannes\" srcset=\"https:\/\/car4rent.fr\/wp-content\/uploads\/\/Ferrari-Portofino-Rental-Car4rent-300x225.jpg 300w, https:\/\/car4rent.fr\/wp-content\/uploads\/\/Ferrari-Portofino-Rental-Car4rent.jpg 450w\" sizes=\"auto, (max-width: 208px) 100vw, 208px\" \/><img loading=\"lazy\" decoding=\"async\" class=\"alignnone wp-image-24570\" src=\"https:\/\/car4rent.fr\/wp-content\/uploads\/\/Ferrari-Portofino-Rental-Car4rent-300x225.jpg\" alt=\"Location Ferrari Portofino Car4rent\" width=\"208\" height=\"156\" title=\"Car4Rent Cannes\" srcset=\"https:\/\/car4rent.fr\/wp-content\/uploads\/\/Ferrari-Portofino-Rental-Car4rent-300x225.jpg 300w, https:\/\/car4rent.fr\/wp-content\/uploads\/\/Ferrari-Portofino-Rental-Car4rent.jpg 450w\" sizes=\"auto, (max-width: 208px) 100vw, 208px\" \/><img loading=\"lazy\" decoding=\"async\" class=\"alignnone wp-image-24570\" src=\"https:\/\/car4rent.fr\/wp-content\/uploads\/\/Ferrari-Portofino-Rental-Car4rent-300x225.jpg\" alt=\"Location Ferrari Portofino Car4rent\" width=\"208\" height=\"156\" title=\"Car4Rent Cannes\" srcset=\"https:\/\/car4rent.fr\/wp-content\/uploads\/\/Ferrari-Portofino-Rental-Car4rent-300x225.jpg 300w, https:\/\/car4rent.fr\/wp-content\/uploads\/\/Ferrari-Portofino-Rental-Car4rent.jpg 450w\" sizes=\"auto, (max-width: 208px) 100vw, 208px\" \/><\/h3>\n<h3><strong>Technologie et style actualis\u00e9s<\/strong><\/h3>\n<p>Ce mod\u00e8le contribue \u00e0 d\u00e9finir un segment de haut niveau pour un cabriolet haut de gamme, plus sportif et plus \u00e9l\u00e9gant. Cela convient parfaitement aux familles avec des enfants en bas \u00e2ge. Avec un moteur d&rsquo;une puissance de 600 ch, la voiture est un coup\u00e9-cabriolet combin\u00e9 rapide et ultra-\u00e9l\u00e9gant, magnifiquement con\u00e7u et r\u00e9alis\u00e9. Une v\u00e9ritable Ferrari pour toutes les saisons.<\/p>\n<p>Vous n&rsquo;avez pas trouv\u00e9 la location de Ferrari id\u00e9ale et vous voulez essayer une autre marque de voiture ? Nous avons tous les mod\u00e8les sportifs et de luxe disponibles \u00e0 la location, comme <a href=\"https:\/\/car4rent.fr\/fr\/rent-ferrari\/\"><strong>Ferrari<\/strong><\/a>,\n            <a href=\"https:\/\/car4rent.fr\/fr\/rent-lamborghini\/\"><strong>Lamborghini<\/strong><\/a>,\n            <a href=\"https:\/\/car4rent.fr\/fr\/rent-porsche\/\"><strong>Porsche<\/strong><\/a>,\n            <a href=\"https:\/\/car4rent.fr\/fr\/range-rover-rental\/\"><strong>Range Rover<\/strong><\/a>,\n            <a href=\"https:\/\/car4rent.fr\/fr\/bentley-hire\/\"><strong>Bentley<\/strong><\/a>,\n            <a href=\"https:\/\/car4rent.fr\/fr\/rent-rolls-royce\/\"><strong>Rolls Royce<\/strong><\/a>, and\n            <a href=\"https:\/\/car4rent.fr\/fr\/mercedes-rental\/\"><strong>Mercedes AMG<\/strong><\/a>. toutes les marques qui sont synonymes de puissance, de performance et d&rsquo;agilit\u00e9 dans les virages, en un mot d&rsquo;Excellence.<\/p>\n<p>N&rsquo;h\u00e9sitez pas \u00e0\u00a0<span style=\"color: #800080;\"><strong><a style=\"color: #800080;\" href=\"https:\/\/car4rent.fr\/fr\/contact\/\" target=\"_blank\" rel=\"noopener\">n&rsquo;h\u00e9sitez pas \u00e0 contacter<\/a> <\/strong><\/span>notre \u00e9quipe pour toute information compl\u00e9mentaire.<\/p>\n","protected":false},"excerpt":{"rendered":"<p>Louez la Ferrari Portofino sur la C\u00f4te d&rsquo;Azur, la voiture id\u00e9ale pour une promenade pittoresque le long de la c\u00f4te, de Monaco \u00e0 Saint-Tropez. Une exp\u00e9rience inoubliable.<\/p>\n","protected":false},"featured_media":30072,"comment_status":"open","ping_status":"closed","template":"","meta":{"_acf_changed":false},"product_brand":[],"product_cat":[5411,5403],"product_tag":[],"class_list":{"0":"post-30812","1":"product","2":"type-product","3":"status-publish","4":"has-post-thumbnail","6":"product_cat-decapotable","7":"product_cat-ferrari-fr","9":"first","10":"instock","11":"shipping-taxable","12":"purchasable","13":"product-type-variable","14":"has-default-attributes"},"acf":[],"_links":{"self":[{"href":"https:\/\/car4rent.fr\/fr\/wp-json\/wp\/v2\/product\/30812","targetHints":{"allow":["GET"]}}],"collection":[{"href":"https:\/\/car4rent.fr\/fr\/wp-json\/wp\/v2\/product"}],"about":[{"href":"https:\/\/car4rent.fr\/fr\/wp-json\/wp\/v2\/types\/product"}],"replies":[{"embeddable":true,"href":"https:\/\/car4rent.fr\/fr\/wp-json\/wp\/v2\/comments?post=30812"}],"wp:featuredmedia":[{"embeddable":true,"href":"https:\/\/car4rent.fr\/fr\/wp-json\/wp\/v2\/media\/30072"}],"wp:attachment":[{"href":"https:\/\/car4rent.fr\/fr\/wp-json\/wp\/v2\/media?parent=30812"}],"wp:term":[{"taxonomy":"product_brand","embeddable":true,"href":"https:\/\/car4rent.fr\/fr\/wp-json\/wp\/v2\/product_brand?post=30812"},{"taxonomy":"product_cat","embeddable":true,"href":"https:\/\/car4rent.fr\/fr\/wp-json\/wp\/v2\/product_cat?post=30812"},{"taxonomy":"product_tag","embeddable":true,"href":"https:\/\/car4rent.fr\/fr\/wp-json\/wp\/v2\/product_tag?post=30812"}],"curies":[{"name":"wp","href":"https:\/\/api.w.org\/{rel}","templated":true}]}}