{"id":30777,"date":"2023-02-06T14:28:35","date_gmt":"2023-02-06T13:28:35","guid":{"rendered":"https:\/\/car4rent.fr\/luxury-car-rental\/porsche-992-targa-4\/"},"modified":"2024-10-06T11:52:03","modified_gmt":"2024-10-06T09:52:03","slug":"louer-une-porsche-992-targa","status":"publish","type":"product","link":"https:\/\/car4rent.fr\/fr\/luxury-car-rental\/louer-une-porsche-992-targa\/","title":{"rendered":"Louer une Porsche 992 Targa"},"content":{"rendered":"<h2><strong>Louer une Porsche 992 Targa<\/strong><\/h2>\n<p>Offrez-vous une exp\u00e9rience unique avec une location de Porsche 992 Targa sur la C\u00f4te d&rsquo;Azur. Notre flotte est compos\u00e9e des mod\u00e8les de voitures les plus luxueux, haut de gamme, complets et technologiquement avanc\u00e9s, tels que Ferrari, Lamborghini, Porsche, Land Rover, Mercedes AMG, Bentley, Rolls-Royce et autres Audi et BMW.<\/p>\n<h3>Location de Porscheporsche 911 targa 4 gts<\/h3>\n<p>La Porsche 911 (992) Targa est un mod\u00e8le \u00e0 mi-chemin entre le coup\u00e9 et le cabriolet. Un processus \u00e9labor\u00e9 implique que l&rsquo;\u00e9cran arri\u00e8re g\u00e9ant se soul\u00e8ve compl\u00e8tement de la voiture. Ainsi, la partie sup\u00e9rieure de son toit peut \u00eatre repli\u00e9e. Sinon, laisse-le en place et la voiture est aussi s\u00fbre qu&rsquo;un coup\u00e9.<\/p>\n<p>Alors que la plupart de ses rivales sont de strictes biplaces, la 911 Targa est une 2+2. Les petites places arri\u00e8re peuvent accueillir les enfants, les sacs et les manteaux le reste du temps. La Targa est facile \u00e0 conduire, et en douceur \u00e0 basse vitesse. La 992 avait l&rsquo;habitude d&rsquo;avoir une tenue de route d\u00e9licate. La visibilit\u00e9 est g\u00e9n\u00e9ralement excellente pour une voiture de sport. Car4rent Cannes propose le mod\u00e8le mythique \u00e0 la location et \u00e0 l&rsquo;essai.<\/p>\n<h3>A la d\u00e9couverte de la C\u00f4te d&rsquo;Azur<\/h3>\n<div data-breakout=\"normal\">\n<p id=\"viewer-foo\" class=\"qLu9J fi-3d OgsXk _6-rbz nL1m6\"><span class=\"tLgi0 OgsXk\">La C\u00f4te d&rsquo;Azur c&rsquo;est avant tout plus de 300 jours d&rsquo;ensoleillement par an, plus de 200 kilom\u00e8tres de paysages grandioses et de couleurs lumineuses, en commen\u00e7ant avec la couleur azure, parfois turquoise, de notre douce M\u00e9diterran\u00e9e. <\/span><\/p>\n<p class=\"qLu9J fi-3d OgsXk _6-rbz nL1m6\"><span class=\"tLgi0 OgsXk\">Entre montagne et mer, la r\u00e9gion regorge de paysages \u00e9poustouflants, de villages et de villes plein de charme, pittoresques et de nombreuses plages de sable fin. Si vous cherchez des id\u00e9es pour organiser votre prochain d\u00e9placement sur la C\u00f4te d&rsquo;Azur, profitez de balades au bord de la mer, des villages haut-perch\u00e9s et des randonn\u00e9es dans les collines de l&rsquo;arri\u00e8re-pays.<\/span><\/p>\n<h3>Location d&rsquo;une Porsche 992 Targa avec une livraison o\u00f9 vous le souhaitez<\/h3>\n<\/div>\n<p>Louez une Porsche 911 et nous pourrons vous la livrer d\u00e8s votre arriv\u00e9e \u00e0 <span style=\"color: #333399;\"><span style=\"color: #000080;\">l&rsquo;a\u00e9roport de Nice, <\/span><\/span>\u00e0 votre h\u00f4tel en France ou dans le nord de l&rsquo;Italie, sur votre lieu de vill\u00e9giature \u00e0 <span style=\"color: #333399;\"><span style=\"color: #000080;\">Saint-Tropez <\/span><\/span>ou \u00e0 votre <span style=\"color: #000080;\">airbnb <\/span>\u00e0 Cannes. Nous organisons la livraison de votre voiture de location en fonction de votre itin\u00e9raire ou de vos vacances. Vous pouvez prendre livraison \u00e0\u00a0<strong><a href=\"https:\/\/www.visitmonaco.com\/en\" target=\"_blank\" rel=\"noopener\">Monaco<\/a><\/strong> ou partout o\u00f9 vous le souhaitez.\u00a0<strong><br \/>\n<\/strong><\/p>\n<h4><strong>Porsche 911 Targa &#8211; Palpitante<\/strong><\/h4>\n<p>Toutes les 911 Targa sont \u00e9quip\u00e9es de quatre roues motrices, ce qui leur conf\u00e8re une capacit\u00e9 d&rsquo;action par tous les temps. Le moteur flat 6 turbocompress\u00e9 d\u00e9veloppe 385 ch. La Targa vous donne l&rsquo;impression d&rsquo;un talent cach\u00e9, par sa facilit\u00e9 de conduite.<\/p>\n<p>Gr\u00e2ce \u00e0 la transmission int\u00e9grale, Porsche a r\u00e9solu le probl\u00e8me du d\u00e9passement de l&rsquo;arri\u00e8re par l&rsquo;avant en cas d&rsquo;erreur. La voiture r\u00e9agit \u00e9galement rapidement et s&rsquo;accroche avec t\u00e9nacit\u00e9 dans les virages, tandis que le moteur \u00e9met un bon son. Avec ses 480 ch, la targa GTS peut passer de 0 \u00e0 100 km\/h en 3,4 secondes. Peu de voitures de sport offrent autant de s\u00e9curit\u00e9.<\/p>\n<p>Vous souhaitez louer une Porsche 911 type 992 Targa 4s, n&rsquo;h\u00e9sitez pas \u00e0 prendre contact avec notre \u00e9quipe pour toute information et\u00a0obtenir nos meilleures conditions.<\/p>\n","protected":false},"excerpt":{"rendered":"<p>Louer une Porsche 992 Targa est votre meilleure option. Offrez-vous une exp\u00e9rience de location au volant d&rsquo;une Porsche 911 type 992 Targa, ou d&rsquo;une voiture de luxe sur la C\u00f4te d&rsquo;Azur.<\/p>\n","protected":false},"featured_media":30088,"comment_status":"open","ping_status":"closed","template":"","meta":{"_acf_changed":false},"product_brand":[],"product_cat":[5411,5406],"product_tag":[],"class_list":{"0":"post-30777","1":"product","2":"type-product","3":"status-publish","4":"has-post-thumbnail","6":"product_cat-decapotable","7":"product_cat-porsche-fr","9":"first","10":"instock","11":"shipping-taxable","12":"purchasable","13":"product-type-variable","14":"has-default-attributes"},"acf":[],"_links":{"self":[{"href":"https:\/\/car4rent.fr\/fr\/wp-json\/wp\/v2\/product\/30777","targetHints":{"allow":["GET"]}}],"collection":[{"href":"https:\/\/car4rent.fr\/fr\/wp-json\/wp\/v2\/product"}],"about":[{"href":"https:\/\/car4rent.fr\/fr\/wp-json\/wp\/v2\/types\/product"}],"replies":[{"embeddable":true,"href":"https:\/\/car4rent.fr\/fr\/wp-json\/wp\/v2\/comments?post=30777"}],"wp:featuredmedia":[{"embeddable":true,"href":"https:\/\/car4rent.fr\/fr\/wp-json\/wp\/v2\/media\/30088"}],"wp:attachment":[{"href":"https:\/\/car4rent.fr\/fr\/wp-json\/wp\/v2\/media?parent=30777"}],"wp:term":[{"taxonomy":"product_brand","embeddable":true,"href":"https:\/\/car4rent.fr\/fr\/wp-json\/wp\/v2\/product_brand?post=30777"},{"taxonomy":"product_cat","embeddable":true,"href":"https:\/\/car4rent.fr\/fr\/wp-json\/wp\/v2\/product_cat?post=30777"},{"taxonomy":"product_tag","embeddable":true,"href":"https:\/\/car4rent.fr\/fr\/wp-json\/wp\/v2\/product_tag?post=30777"}],"curies":[{"name":"wp","href":"https:\/\/api.w.org\/{rel}","templated":true}]}}