{"id":30774,"date":"2023-02-04T19:15:16","date_gmt":"2023-02-04T18:15:16","guid":{"rendered":"https:\/\/car4rent.fr\/luxury-car-rental\/mercedes-classe-e-220d-cabriolet\/"},"modified":"2024-10-06T11:52:04","modified_gmt":"2024-10-06T09:52:04","slug":"louer-une-mercedes-cabriolet","status":"publish","type":"product","link":"https:\/\/car4rent.fr\/fr\/luxury-car-rental\/louer-une-mercedes-cabriolet\/","title":{"rendered":"Louer une Mercedes Cabriolet"},"content":{"rendered":"<h2>Louer une Mercedes Cabriolet<\/h2>\n<p>Louer une Mercedes Cabriolet en France n&#8217;a jamais \u00e9t\u00e9 aussi simple avec Car4Rent ! Trouvez votre v\u00e9hicule id\u00e9al parmi une large gamme de v\u00e9hicules adapt\u00e9s \u00e0 vos besoins et \u00e0 votre budget. La r\u00e9servation est un jeu d&#8217;enfant en quelques \u00e9tapes simples. Profitez de prix abordables et d\u2019options de livraison. Nous vous proposons la Mercedes Classe E cabriolet \u00e0 partir de 450\u20ac par jour.<\/p>\n<h2>Location Mercedes E Cabriolet St Tropez Cannes et Monaco<\/h2>\n<p>La Mercedesbenz Classe E cabriolet est vraiment impressionnante. Elle rivalise avec la Classe S allie un design associ\u00e9 aux derni\u00e8res technologies. La voiture est sans doute la plus belle de la gamme Mercedes. Sa ligne, qui reprend l&#8217;expression de la Classe S, est astucieusement int\u00e9gr\u00e9e \u00e0 la Classe E. Les feux arri\u00e8re sont fins et horizontaux, conf\u00e9rant \u00e0 la voiture un look sobre mais \u00e9l\u00e9gant.<\/p>\n<p>La capote de la Classe E est en tissu et sa mont\u00e9e ou son descente prend 20 secondes, et est possible jusqu&#8217;\u00e0 50 km\/h. Louez une Mercedes Cabriolet pour partir \u00e0 la d\u00e9couverte des fantastiques routes c\u00f4ti\u00e8res de la C\u00f4te d&#8217;Azur entre Monaco et Saint-Tropez.<\/p>\n<p><span style=\"font-size: 14pt;\">Scintillant et sportif : profitez d\u2019une location de cabriolet Mercedes<\/span><\/p>\n<p>Le moteur diesel de la Classe E d\u00e9veloppe 194 chevaux et se montre souple et efficace. Les quatre places procurent un plaisir intense. La marque perp\u00e9tue sa tradition de cabriolets haut de gamme avec une capote en tissu doux.<\/p>\n<p>Ce cabriolet permet \u00e0 ses occupants de profiter du confort et du luxe cheveux au vent. Vous \u00eates assur\u00e9 de vivre une exp\u00e9rience de conduite agr\u00e9able avec une s\u00e9curit\u00e9 et un confort \u00e9lev\u00e9s sur les longs trajets. La voiture peut passer de 0 \u00e0 100 km\/h en 7,7 secondes.<\/p>\n<h2>Louer une Mercedes AMG GT Roadster<\/h2>\n<p>La Mercedes-AMG GT Roadster est tr\u00e8s facile \u00e0 conduire \u00e0 grande vitesse mais m\u00e9rite cependant une attention au vu de sa puissance. Elle poss\u00e8de un int\u00e9rieur en cuir confortable et luxueux. Malgr\u00e9 son allure sportive et \u00e9pur\u00e9e, le Roadster est plut\u00f4t confortable. Le cabriolet \u00e0 deux places offre suffisamment d&#8217;espace pour deux adultes de grande taille, tandis que les si\u00e8ges sport eux-m\u00eames sont tr\u00e8s englobants.<\/p>\n<p><img loading=\"lazy\" decoding=\"async\" class=\"alignnone size-full wp-image-29869\" src=\"https:\/\/car4rent.fr\/wp-content\/uploads\/Mercedes-AMG-Rental-Car4rent.jpg\" alt=\"louer une mercedes cabriolet\" width=\"3429\" height=\"2256\" title=\"Car4Rent Cannes\" srcset=\"https:\/\/car4rent.fr\/wp-content\/uploads\/Mercedes-AMG-Rental-Car4rent.jpg 2560w, https:\/\/car4rent.fr\/wp-content\/uploads\/Mercedes-AMG-Rental-Car4rent-300x197.jpg 300w, https:\/\/car4rent.fr\/wp-content\/uploads\/Mercedes-AMG-Rental-Car4rent-768x505.jpg 768w, https:\/\/car4rent.fr\/wp-content\/uploads\/Mercedes-AMG-Rental-Car4rent-1030x678.jpg 1030w, https:\/\/car4rent.fr\/wp-content\/uploads\/Mercedes-AMG-Rental-Car4rent-248x163.jpg 248w, https:\/\/car4rent.fr\/wp-content\/uploads\/Mercedes-AMG-Rental-Car4rent-122x80.jpg 122w, https:\/\/car4rent.fr\/wp-content\/uploads\/Mercedes-AMG-Rental-Car4rent-1500x987.jpg 1500w, https:\/\/car4rent.fr\/wp-content\/uploads\/Mercedes-AMG-Rental-Car4rent-705x464.jpg 705w, https:\/\/car4rent.fr\/wp-content\/uploads\/Mercedes-AMG-Rental-Car4rent-450x296.jpg 450w\" sizes=\"auto, (max-width: 3429px) 100vw, 3429px\" \/><\/p>\n<h3>D\u00e9couvrez la C\u00f4te d&#8217;Azur au volant d&#8217;une voiture de sport<\/h3>\n<p>La C\u00f4te d&#8217;Azur est l&#8217;une des destinations les plus c\u00e9l\u00e8bres et glamour au monde. Connue pour ses eaux claires et turquoises, ses plages luxueuses et son climat m\u00e9diterran\u00e9en, la C\u00f4te d&#8217;Azur est un v\u00e9ritable paradis pour ceux qui recherchent la d\u00e9tente, l&#8217;aventure et du luxe. Pour v\u00e9ritablement d\u00e9couvrir la beaut\u00e9 de cette r\u00e9gion, il n&#8217;y a pas de meilleur moyen que de l&#8217;explorer au volant d&#8217;une voiture d\u00e9capotable.<\/p>\n<p><span style=\"font-size: 14pt;\">Les villes incontournables de la C\u00f4te d&#8217;Azur<\/span><\/p>\n<p>Cannes, Antibes, Nice, Marseille, Saint-Tropez et Saint-Rapha\u00ebl sont des incontournables. Les villes et villages sont \u00e0 ne pas me manquer et vous pourrez les d\u00e9couvrir pour leur charme authentiquement m\u00e9diterran\u00e9en. Entre points de vue, espaces de rencontres, promenades, restaurants et plages, les choix qui s&#8217;offrent \u00e0 vous sont nombreux.<\/p>\n<p><span style=\"font-size: 14pt;\">Meilleures destinations<\/span><\/p>\n<p>Pour vivre une exp\u00e9rience compl\u00e8te et authentique dans le sud de la France, il faut visiter quelques uns des multiples villages et villes, et s&#8217;immerger dans la diversit\u00e9 du patrimoine et de leur culture.<\/p>\n<p><span style=\"font-size: 14pt;\">Visiter Antibes<\/span><\/p>\n<p>Antibes est une destination tr\u00e8s populaire avec ses plages de sable fin, sa vieille ville m\u00e9di\u00e9vale, ses imposants remparts et son vaste port pour superyachts.<\/p>\n<p><span style=\"font-size: 14pt;\">Sur les traces des acteurs \u00e0 Cannes<\/span><\/p>\n<p>Connu comme l&#8217;un des \u00e9v\u00e9nements les plus prestigieux du monde du cin\u00e9ma, le Festival de Cannes est l&#8217;un des \u00e9v\u00e9nements les plus courus du monde du cin\u00e9ma. Il a lieu chaque ann\u00e9e pendant deux semaines en mai.<\/p>\n<p>Il a \u00e9t\u00e9 cr\u00e9\u00e9 en 1946 pour c\u00e9l\u00e9brer le cin\u00e9ma et r\u00e9compenser les meilleurs films de l&#8217;ann\u00e9e. C\u2019est devenu un rendez-vous incontournable pour les producteurs, acteurs et r\u00e9alisateurs du monde entier.<\/p>\n<p>Vous ne trouvez pas la Mercedes cabriolet \u00e0 votre go\u00fbt. Nous pouvons vous proposer d&#8217;autres bolides dans nos autres marques, aussi prestigieuses les unes que les autres, parmi Ferrari, Lamborghini, Porsche, Land Rover, Mercedes AMG, Bentley, Rolls-Royce et autres Audi et BMW toutes ces marques synonymes de tradition, de perfection et d&#8217;exception, en un mot d&#8217;Excellence.<\/p>\n<p>Notre gamme Mercedes comprend \u00e9galement les mod\u00e8les Mercedes gla, le SUV Mercedes GLC, le Mercedes Vito et prochainement le Mercedes-EQ.<\/p>\n<h5>Une location sans surprise : caract\u00e9ristiques conditions de location claires<\/h5>\n<p>N&#8217;h\u00e9sitez pas \u00e0 prendre <a href=\"https:\/\/car4rent.fr\/fr\/contact\/\" target=\"_blank\" rel=\"noopener\">contact<\/a> avec notre \u00e9quipe pour tout renseignement compl\u00e9mentaire que vous souhaiteriez obtenir.<\/p>\n","protected":false},"excerpt":{"rendered":"<p>Louer une Mercedes Cabriolet en France n&#8217;a jamais \u00e9t\u00e9 aussi simple gr\u00e2ce \u00e0 Car4Rent ! Choisissez votre v\u00e9hicule id\u00e9al parmi notre large gamme de v\u00e9hicules de luxe et de sport.<\/p>\n","protected":false},"featured_media":30085,"comment_status":"open","ping_status":"closed","template":"","meta":{"_acf_changed":false,"_daim_seo_power":"","_daim_enable_ail":""},"product_brand":[],"product_cat":[5411,5405],"product_tag":[],"class_list":{"0":"post-30774","1":"product","2":"type-product","3":"status-publish","4":"has-post-thumbnail","6":"product_cat-decapotable","7":"product_cat-mercedes-fr","9":"first","10":"instock","11":"shipping-taxable","12":"purchasable","13":"product-type-variable","14":"has-default-attributes"},"acf":[],"_links":{"self":[{"href":"https:\/\/car4rent.fr\/fr\/wp-json\/wp\/v2\/product\/30774","targetHints":{"allow":["GET"]}}],"collection":[{"href":"https:\/\/car4rent.fr\/fr\/wp-json\/wp\/v2\/product"}],"about":[{"href":"https:\/\/car4rent.fr\/fr\/wp-json\/wp\/v2\/types\/product"}],"replies":[{"embeddable":true,"href":"https:\/\/car4rent.fr\/fr\/wp-json\/wp\/v2\/comments?post=30774"}],"wp:featuredmedia":[{"embeddable":true,"href":"https:\/\/car4rent.fr\/fr\/wp-json\/wp\/v2\/media\/30085"}],"wp:attachment":[{"href":"https:\/\/car4rent.fr\/fr\/wp-json\/wp\/v2\/media?parent=30774"}],"wp:term":[{"taxonomy":"product_brand","embeddable":true,"href":"https:\/\/car4rent.fr\/fr\/wp-json\/wp\/v2\/product_brand?post=30774"},{"taxonomy":"product_cat","embeddable":true,"href":"https:\/\/car4rent.fr\/fr\/wp-json\/wp\/v2\/product_cat?post=30774"},{"taxonomy":"product_tag","embeddable":true,"href":"https:\/\/car4rent.fr\/fr\/wp-json\/wp\/v2\/product_tag?post=30774"}],"curies":[{"name":"wp","href":"https:\/\/api.w.org\/{rel}","templated":true}]}}