{"id":30567,"date":"2023-02-06T13:08:11","date_gmt":"2023-02-06T12:08:11","guid":{"rendered":"https:\/\/car4rent.fr\/luxury-car-rental\/rolls-royce-cullinan\/"},"modified":"2024-10-06T11:52:03","modified_gmt":"2024-10-06T09:52:03","slug":"louer-une-rolls-royce-cullinan","status":"publish","type":"product","link":"https:\/\/car4rent.fr\/fr\/luxury-car-rental\/louer-une-rolls-royce-cullinan\/","title":{"rendered":"Louer une Rolls-Royce Cullinan"},"content":{"rendered":"<p>Louer une Rolls-Royce Cullinan sur la C\u00f4te d&#8217;Azur est une formait\u00e9 avec Car4rent. Offrez-vous la location d&#8217;une Rolls Royce Cullinan \u00e0 Monaco, une exp\u00e9rience ultime du luxe.<\/p>\n","protected":false},"excerpt":{"rendered":"<p data-sourcepos=\"1:1-1:54\"><span style=\"font-size: 18pt;\">Location de Rolls-Royce Cullinan sur la C\u00f4te d&#8217;Azur<\/span><\/p>\n<p data-sourcepos=\"3:1-3:63\">Savourez la perfection au volant d&#8217;une Rolls-Royce Cullinan<\/p>\n<p data-sourcepos=\"5:1-5:279\">Car4rent, location de voitures de luxe, vous propose de louer une Rolls-Royce Cullinan sur la C\u00f4te d&#8217;Azur. Parcourez les destinations les plus chics, de Monaco \u00e0 Saint-Tropez, en passant par les villages pittoresques comme \u00c8ze et les monuments historiques antiques de La Turbie.<\/p>\n<p data-sourcepos=\"7:1-7:131\">Que vous soyez \u00e0 Monaco pour affaires ou pour le plaisir, la C\u00f4te d&#8217;Azur est l&#8217;endroit id\u00e9al pour piloter une Rolls-Royce Cullinan.<\/p>\n<p data-sourcepos=\"9:1-9:28\"><span style=\"font-size: 14pt;\">La perfection automobile<\/span><\/p>\n<p data-sourcepos=\"11:1-11:117\">Premier SUV de la marque, la Rolls-Royce Cullinan r\u00e9pond aux attentes d&#8217;une client\u00e8le de luxe en constante \u00e9volution.<\/p>\n<p data-sourcepos=\"13:1-13:213\">\u00ab Notre r\u00e9ponse aux visionnaires, aux aventuriers, aux explorateurs et \u00e0 ceux qui croient en la supr\u00e9matie de la libert\u00e9 est la Rolls-Royce Cullinan \u00bb, commente Torsten M\u00fcller-\u00d6tv\u00f6s, PDG de Rolls-Royce Motor Cars.<\/p>\n<p data-sourcepos=\"15:1-15:406\">\u00ab Nos clients exigent du luxe o\u00f9 qu&#8217;ils se d\u00e9placent, mais \u00e9galement pour leur moyen de transport, sans effort et sans compromis. La conqu\u00e9rante des terrains les plus difficiles, la Cullinan, vous permet de profiter d&#8217;une exp\u00e9rience de conduite des plus enrichissantes. La manufacture britannique a ainsi cr\u00e9\u00e9 une Rolls-Royce qui offre un luxe intransigeant partout, en tout temps et dans les pires conditions routi\u00e8res. Oser\u00a0 vous aventurer! Cullinan est cette voiture. Elle est parfaite, en tout lieu. \u00bb<\/p>\n<p data-sourcepos=\"17:1-17:22\"><span style=\"font-size: 14pt;\">Un SUV d&#8217;exception<\/span><\/p>\n<p data-sourcepos=\"19:1-19:421\">Baptis\u00e9e le plus gros diamant, la Cullinan est le fruit d&#8217;une demande mondiale pour \u00ab la Rolls-Royce des SUV \u00bb. Test\u00e9e dans des conditions extr\u00eames \u00e0 travers le monde, elle est un tout-terrain incroyablement performant. La technologie \u00ab tapis volant \u00bb a \u00e9t\u00e9 d\u00e9velopp\u00e9e pour offrir un confort absolu en dehors des sentiers battus, sans sacrifier le comportement routier l\u00e9gendaire de Rolls-Royce.<\/p>\n<p data-sourcepos=\"21:1-21:208\">Premier SUV de luxe au monde dot\u00e9 d&#8217;un ch\u00e2ssis enti\u00e8rement en aluminium sur mesure, la Cullinan fusionne le luxe absolu avec les capacit\u00e9s tout-terrain. Vivez un voyage sans contrainte o\u00f9 que vous alliez.<\/p>\n<p data-sourcepos=\"23:1-23:31\"><span style=\"font-size: 14pt;\">Location de voiture de luxe<\/span><\/p>\n<p data-sourcepos=\"25:1-25:300\">Envie d&#8217;essayer autre chose qu&#8217;une Rolls-Royce Cullinan ? Nous disposons de tous les mod\u00e8les sportifs et de luxe \u00e0 la location, tels que Ferrari, Lamborghini, Porsche, Land Rover, Mercedes AMG, Bentley et bien d&#8217;autres. Puissance, performance et agilit\u00e9 se cachent derri\u00e8re ces marques synonymes d&#8217;excellence.<\/p>\n<p data-sourcepos=\"27:1-27:25\"><span style=\"font-size: 14pt;\">Un service sur mesure<\/span><\/p>\n<p data-sourcepos=\"29:1-29:394\">Notre \u00e9quipe d\u00e9vou\u00e9e se tient \u00e0 votre disposition pour r\u00e9pondre \u00e0 vos questions et \u00e0 vos demandes. Votre voiture peut vous \u00eatre livr\u00e9e directement \u00e0 votre arriv\u00e9e \u00e0 l&#8217;a\u00e9roport de Nice ou \u00e0 tout autre endroit de votre choix, que ce soit votre lieu de vill\u00e9giature, votre h\u00f4tel ou ailleurs en France. Nos conseilers travaillent avec vous pour vous proposer une offre sur mesure r\u00e9pondant \u00e0 tous vos besoins.<\/p>\n<p data-sourcepos=\"31:1-31:52\">Vous souhaitez louer une Rolls-Royce Cullinan, prenez <a href=\"https:\/\/car4rent.fr\/fr\/contact\/\">contact<\/a> avec notre \u00e9quipe d\u00e8s aujourd&#8217;hui pour la r\u00e9server et vivez une exp\u00e9rience de luxe hors du commun.<\/p>\n","protected":false},"featured_media":30079,"comment_status":"open","ping_status":"closed","template":"","meta":{"_acf_changed":false,"_daim_seo_power":"","_daim_enable_ail":""},"product_brand":[],"product_cat":[5408,5414],"product_tag":[],"class_list":{"0":"post-30567","1":"product","2":"type-product","3":"status-publish","4":"has-post-thumbnail","6":"product_cat-rolls-royce-fr","7":"product_cat-suv-sport-utility-vehicle","9":"first","10":"instock","11":"shipping-taxable","12":"purchasable","13":"product-type-variable","14":"has-default-attributes"},"acf":[],"_links":{"self":[{"href":"https:\/\/car4rent.fr\/fr\/wp-json\/wp\/v2\/product\/30567","targetHints":{"allow":["GET"]}}],"collection":[{"href":"https:\/\/car4rent.fr\/fr\/wp-json\/wp\/v2\/product"}],"about":[{"href":"https:\/\/car4rent.fr\/fr\/wp-json\/wp\/v2\/types\/product"}],"replies":[{"embeddable":true,"href":"https:\/\/car4rent.fr\/fr\/wp-json\/wp\/v2\/comments?post=30567"}],"wp:featuredmedia":[{"embeddable":true,"href":"https:\/\/car4rent.fr\/fr\/wp-json\/wp\/v2\/media\/30079"}],"wp:attachment":[{"href":"https:\/\/car4rent.fr\/fr\/wp-json\/wp\/v2\/media?parent=30567"}],"wp:term":[{"taxonomy":"product_brand","embeddable":true,"href":"https:\/\/car4rent.fr\/fr\/wp-json\/wp\/v2\/product_brand?post=30567"},{"taxonomy":"product_cat","embeddable":true,"href":"https:\/\/car4rent.fr\/fr\/wp-json\/wp\/v2\/product_cat?post=30567"},{"taxonomy":"product_tag","embeddable":true,"href":"https:\/\/car4rent.fr\/fr\/wp-json\/wp\/v2\/product_tag?post=30567"}],"curies":[{"name":"wp","href":"https:\/\/api.w.org\/{rel}","templated":true}]}}