{"id":30536,"date":"2023-02-05T15:29:22","date_gmt":"2023-02-05T14:29:22","guid":{"rendered":"https:\/\/car4rent.fr\/luxury-car-rental\/bentley-continental-gtc-cabriolet\/"},"modified":"2024-10-06T11:52:04","modified_gmt":"2024-10-06T09:52:04","slug":"louer-une-bentley-cabriolet","status":"publish","type":"product","link":"https:\/\/car4rent.fr\/fr\/luxury-car-rental\/louer-une-bentley-cabriolet\/","title":{"rendered":"Louer une Bentley cabriolet"},"content":{"rendered":"<h2>Louer une Bentley cabriolet<\/h2>\n<p>Louer une Bentley d\u00e9capotable sur la <span style=\"color: #800080;\"><strong>C\u00f4te d&#8217;Azur<\/strong><\/span> sera une exp\u00e9rience que vous n&#8217;oublierez jamais. Imaginez-vous en train de conduire le long de la grande route c\u00f4ti\u00e8re entre <strong><span style=\"color: #800080;\">Nice<\/span><\/strong> et <span style=\"color: #800080;\"><strong>Monaco\u00a0. <\/strong><\/span>Au volant de votre luxueuse Bentley Cabriolet, vous serez attir\u00e9 par ses si\u00e8ges en cuir matelass\u00e9 et ses accessoires en bois fin ; la Bentley Continental GTC vous fera tomber amoureux d&#8217;elle.<\/p>\n<h3><strong>Monaco et sa vie nocturne anim\u00e9e<\/strong><\/h3>\n<p>Monaco est c\u00e9l\u00e8bre pour sa vie nocturne tr\u00e9pidante, avec de nombreux bars, clubs et casinos pour vous divertir jusqu&#8217;au bout de la nuit. Que vous soyez d&#8217;humeur \u00e0 boire un verre en toute tranquillit\u00e9, \u00e0 passer une nuit de danse endiabl\u00e9e ou \u00e0 jouer \u00e0 des jeux d&#8217;argent, Cannes offre de nombreux endroits o\u00f9 s\u00e9journer. H\u00f4tels de luxe, casinos et restaurants \u00e9toil\u00e9s vous attendent.<\/p>\n<h4><strong>La Bentley Continental GTC en quelques mots<\/strong><\/h4>\n<p>Louer une Bentley Cabriolet GTC (C pour Convertible) est l&#8217;une des meilleures voitures d\u00e9capotables au monde. Ce mod\u00e8le est la voiture qui a permis \u00e0 Bentley de redresser la barre apr\u00e8s le rachat de la soci\u00e9t\u00e9 par Volkswagen en 1998, en lui donnant les moyens de concevoir et de construire une version plus moderne du th\u00e8me du luxe sportif.<\/p>\n<p>Le cabriolet quatre places est magnifiquement fini. L&#8217;espace pour les jambes \u00e0 l&#8217;arri\u00e8re est assez restreint, ce qui signifie que les adultes ne seront \u00e0 l&#8217;aise que pour de courts trajets. M\u00eame lorsque le toit est relev\u00e9, la garde au toit est bonne aux quatre places. Il va sans dire que le confort et le luxe sont omnipr\u00e9sents, avec des si\u00e8ges fantastiques qui massent votre dos pendant que vous conduisez.<\/p>\n<p><strong>Classe<\/strong><\/p>\n<p>La derni\u00e8re version a \u00e9t\u00e9 dot\u00e9e d&#8217;une suspension sportive, mais est rest\u00e9e une superbe voiture de tourisme longue distance. Compte tenu de sa taille et de sa puissance, l&#8217;exp\u00e9rience de conduite est sans effort, et tous les cabriolets GT sont \u00e9quip\u00e9s d&#8217;une bo\u00eete de vitesses automatique \u00e0 huit rapports, de sorte que, pour l&#8217;essentiel, la conduite d&#8217;un cabriolet GT ne pourrait \u00eatre plus facile.<\/p>\n<p>Pour un v\u00e9hicule aussi gigantesque et lourd (2,5 tonnes), la direction est l\u00e9g\u00e8re \u00e0 basse vitesse et les freins sont lin\u00e9aires et puissants. Amusant \u00e0 conduire, le cabriolet est tr\u00e8s puissant avec 590 ch et peut acc\u00e9l\u00e9rer de 0 \u00e0 100 km\/h en 4,5 secondes. Les mod\u00e8les GTC vous feront sourire, qu&#8217;il s&#8217;agisse de leur vitesse d&#8217;acc\u00e9l\u00e9ration ou de leur adh\u00e9rence dans les virages.<\/p>\n<h4>Location de voitures de sport et de luxe<\/h4>\n<p>Vous ne trouvez pas la Bentley \u00e0 votre go\u00fbt, nous disposons de nombreux mod\u00e8les de sport et de luxe disponibles \u00e0 la location, tels que <a href=\"https:\/\/car4rent.fr\/fr\/rent-ferrari\/\"><strong>Ferrari<\/strong><\/a>,\n            <a href=\"https:\/\/car4rent.fr\/fr\/rent-lamborghini\/\"><strong>Lamborghini<\/strong><\/a>,\n            <a href=\"https:\/\/car4rent.fr\/fr\/rent-porsche\/\"><strong>Porsche<\/strong><\/a>,\n            <a href=\"https:\/\/car4rent.fr\/fr\/range-rover-rental\/\"><strong>Range Rover<\/strong><\/a>,\n            <a href=\"https:\/\/car4rent.fr\/fr\/bentley-hire\/\"><strong>Bentley<\/strong><\/a>,\n            <a href=\"https:\/\/car4rent.fr\/fr\/rent-rolls-royce\/\"><strong>Rolls Royce<\/strong><\/a>, and\n            <a href=\"https:\/\/car4rent.fr\/fr\/mercedes-rental\/\"><strong>Mercedes AMG<\/strong><\/a>.. Toutes ces marques sont synonymes de puissance, de performance, d&#8217;agilit\u00e9 et de s\u00e9curit\u00e9, en un mot d&#8217;excellence.<\/p>\n","protected":false},"excerpt":{"rendered":"<p>Louer une Bentley cabriolet sur la C\u00f4te d&#8217;Azur \u00e0 Cannes Saint Tropez Deauville et vivez une exp\u00e9rience inoubliable.<\/p>\n","protected":false},"featured_media":30090,"comment_status":"closed","ping_status":"closed","template":"","meta":{"_acf_changed":false,"_daim_seo_power":"","_daim_enable_ail":""},"product_brand":[],"product_cat":[5401,5411],"product_tag":[],"class_list":{"0":"post-30536","1":"product","2":"type-product","3":"status-publish","4":"has-post-thumbnail","6":"product_cat-bentley-fr","7":"product_cat-decapotable","9":"first","10":"instock","11":"shipping-taxable","12":"purchasable","13":"product-type-variable","14":"has-default-attributes"},"acf":[],"_links":{"self":[{"href":"https:\/\/car4rent.fr\/fr\/wp-json\/wp\/v2\/product\/30536","targetHints":{"allow":["GET"]}}],"collection":[{"href":"https:\/\/car4rent.fr\/fr\/wp-json\/wp\/v2\/product"}],"about":[{"href":"https:\/\/car4rent.fr\/fr\/wp-json\/wp\/v2\/types\/product"}],"replies":[{"embeddable":true,"href":"https:\/\/car4rent.fr\/fr\/wp-json\/wp\/v2\/comments?post=30536"}],"wp:featuredmedia":[{"embeddable":true,"href":"https:\/\/car4rent.fr\/fr\/wp-json\/wp\/v2\/media\/30090"}],"wp:attachment":[{"href":"https:\/\/car4rent.fr\/fr\/wp-json\/wp\/v2\/media?parent=30536"}],"wp:term":[{"taxonomy":"product_brand","embeddable":true,"href":"https:\/\/car4rent.fr\/fr\/wp-json\/wp\/v2\/product_brand?post=30536"},{"taxonomy":"product_cat","embeddable":true,"href":"https:\/\/car4rent.fr\/fr\/wp-json\/wp\/v2\/product_cat?post=30536"},{"taxonomy":"product_tag","embeddable":true,"href":"https:\/\/car4rent.fr\/fr\/wp-json\/wp\/v2\/product_tag?post=30536"}],"curies":[{"name":"wp","href":"https:\/\/api.w.org\/{rel}","templated":true}]}}