{"id":30532,"date":"2023-02-06T14:30:51","date_gmt":"2023-02-06T13:30:51","guid":{"rendered":"https:\/\/car4rent.fr\/luxury-car-rental\/mercedes-v-class-250d-4-matic-7-seats\/"},"modified":"2024-10-06T11:52:03","modified_gmt":"2024-10-06T09:52:03","slug":"louer-un-mercedes-classe-v","status":"publish","type":"product","link":"https:\/\/car4rent.fr\/fr\/luxury-car-rental\/louer-un-mercedes-classe-v\/","title":{"rendered":"Louer un Mercedes Classe V"},"content":{"rendered":"<h2>LOUER UN MERCEDES CLASSE V, V POUR CLASSE VIP<\/h2>\n<p>La <a href=\"https:\/\/cotedazurfrance.fr\/decouvrir\/les-spots-incontournables\/top-12-des-lieux-incontournables-a-visiter-sur-la-cote-dazur\/\" target=\"_blank\" rel=\"noopener\">C\u00f4te d&rsquo;Azur<\/a> \u00e9voque des images de vacances \u00e9l\u00e9gantes au bord de la mer, avec des clubs, desplages priv\u00e9es, des boutiques haut de gamme et des restaurants gastronomiques. Cette description s&rsquo;applique \u00e0 la r\u00e9gion c\u00f4ti\u00e8re comprise entre <a href=\"https:\/\/generationvoyage.fr\/visiter-menton-faire-voir\/\" target=\"_blank\" rel=\"noopener\">Menton<\/a> et <a href=\"https:\/\/cotedazurfrance.fr\/decouvrir\/les-villes-de-la-cote-dazur\/visiter-saint-tropez-la-mythique\/top-des-10-choses-a-voir-et-a-faire-a-saint-tropez\/\" target=\"_blank\" rel=\"noopener\">Saint-Tropez<\/a>, sans oublier Nice<a href=\"https:\/\/generationvoyage.fr\/visiter-menton-faire-voir\/\" target=\"_blank\" rel=\"noopener\">,<\/a> Monaco et <a href=\"https:\/\/generationvoyage.fr\/visiter-cannes-faire-voir\/\" target=\"_blank\" rel=\"noopener\">Cannes<\/a>.<\/p>\n<h2>Pourquoi louer un Mercedes Classe V<\/h2>\n<p>Vous \u00eates \u00e0 la recherche d&rsquo;une location de Mercedes Classe V pour voyager avec votre famille ou des amis dans le minivan le plus luxueux du march\u00e9, ne cherchez pas plus loin! Vous avez trouv\u00e9 le v\u00e9hicule qui vous conviendra le mieux. Pour votre prochain voyage dans le Sud de la France, la location Mercedes Classe V est faite pour vous!<\/p>\n<p>Ce v\u00e9hicule repr\u00e9sente ce qui se fait de mieux dans sa cat\u00e9gorie et peut \u00eatre consid\u00e9r\u00e9 comme la r\u00e9f\u00e9rence en mati\u00e8re de transport de passagers, avec un aspect g\u00e9n\u00e9ral qui respire d\u00e9j\u00e0 le confort et le luxe. Nous proposons la version extra-longue, \u00e9quip\u00e9e de 8 si\u00e8ges individuels spacieux et d&rsquo;un syst\u00e8me multim\u00e9dia Burgmeister de qualit\u00e9. Sa hauteur de 1,88 m lui permet d&rsquo;entrer dans la plupart des parkings souterrains.<\/p>\n<p><img loading=\"lazy\" decoding=\"async\" class=\"alignnone wp-image-40564\" src=\"https:\/\/car4rent.fr\/wp-content\/uploads\/hire-a-mercedes-V-class-cannes.jpeg\" alt=\"louer un van, location d&#039;un mercedes classe V\" width=\"466\" height=\"350\" title=\"Car4Rent Cannes\" srcset=\"https:\/\/car4rent.fr\/wp-content\/uploads\/hire-a-mercedes-V-class-cannes.jpeg 1024w, https:\/\/car4rent.fr\/wp-content\/uploads\/hire-a-mercedes-V-class-cannes-300x225.jpeg 300w, https:\/\/car4rent.fr\/wp-content\/uploads\/hire-a-mercedes-V-class-cannes-768x576.jpeg 768w, https:\/\/car4rent.fr\/wp-content\/uploads\/hire-a-mercedes-V-class-cannes-705x529.jpeg 705w, https:\/\/car4rent.fr\/wp-content\/uploads\/hire-a-mercedes-V-class-cannes-450x338.jpeg 450w\" sizes=\"auto, (max-width: 466px) 100vw, 466px\" \/><img loading=\"lazy\" decoding=\"async\" class=\"alignnone wp-image-31285\" src=\"https:\/\/car4rent.fr\/wp-content\/uploads\/Hire-Mercedes-V-Class-Courchevel-scaled.jpg\" alt=\"Location d&#039;un mercedes classe V\" width=\"466\" height=\"350\" title=\"Car4Rent Cannes\" srcset=\"https:\/\/car4rent.fr\/wp-content\/uploads\/Hire-Mercedes-V-Class-Courchevel-scaled.jpg 2560w, https:\/\/car4rent.fr\/wp-content\/uploads\/Hire-Mercedes-V-Class-Courchevel-300x225.jpg 300w, https:\/\/car4rent.fr\/wp-content\/uploads\/Hire-Mercedes-V-Class-Courchevel-1030x773.jpg 1030w, https:\/\/car4rent.fr\/wp-content\/uploads\/Hire-Mercedes-V-Class-Courchevel-768x576.jpg 768w, https:\/\/car4rent.fr\/wp-content\/uploads\/Hire-Mercedes-V-Class-Courchevel-1536x1152.jpg 1536w, https:\/\/car4rent.fr\/wp-content\/uploads\/Hire-Mercedes-V-Class-Courchevel-2048x1536.jpg 2048w, https:\/\/car4rent.fr\/wp-content\/uploads\/Hire-Mercedes-V-Class-Courchevel-1500x1125.jpg 1500w, https:\/\/car4rent.fr\/wp-content\/uploads\/Hire-Mercedes-V-Class-Courchevel-705x529.jpg 705w, https:\/\/car4rent.fr\/wp-content\/uploads\/Hire-Mercedes-V-Class-Courchevel-450x338.jpg 450w\" sizes=\"auto, (max-width: 466px) 100vw, 466px\" \/><\/p>\n<h3>Location Mercedes Classe V Vip<\/h3>\n<p>Louez un Mercedesbenz Classe V D pack AMG chez Car4Rent : disponible dans sa version la plus luxueuse, l&rsquo;int\u00e9rieur du Classe V est enti\u00e8rement en cuir et les si\u00e8ges sont r\u00e9glables pour permettre aux 8 passagers \u00e0 l&rsquo;arri\u00e8re de s&rsquo;asseoir face \u00e0 face. \u00c9quip\u00e9 d&rsquo;un puissant syst\u00e8me de climatisation \u00e0 l&rsquo;avant et \u00e0 l&rsquo;arri\u00e8re, vous pouvez rouler en tout confort.<\/p>\n<h4>Une escapade aux sports d&rsquo;hiver<\/h4>\n<p>Pour un s\u00e9jour hivernal \u00e0 la montagne, notre v\u00e9hicule 4&#215;4 est \u00e9quip\u00e9 de pneus neige (avec cha\u00eenes si n\u00e9cessaire) pour acc\u00e9der en toute s\u00e9curit\u00e9 \u00e0 votre station de ski pr\u00e9f\u00e9r\u00e9e.<\/p>\n<p>Lorsque vous vous mettez au volant du Classe V, il prend une autre dimension. La position de conduite est plus proche d&rsquo;un SUV imposant, et vous n&rsquo;aurez pas l&rsquo;impression de conduire un camion.<\/p>\n<p>L&rsquo;un des autres avantages du classe V r\u00e9side dans la modularit\u00e9 de l&rsquo;espace. Vous pouvez facilement retirer les si\u00e8ges dont vous n&rsquo;avez pas besoin. Pour acc\u00e9der aux places arri\u00e8re, les deux portes \u00e9lectriques sont command\u00e9es par un bouton situ\u00e9 sur chaque porte ou pr\u00e8s du poste de conduite, ce qui est pratique lorsque l&rsquo;on voyage avec des enfants.<\/p>\n<h5>Louer un Mercedes Classe V avec chauffeur<\/h5>\n<p>Sur demande, nous pouvons livrer votre v\u00e9hicule et le faire conduire par un chauffeur priv\u00e9, dont c&rsquo;est le m\u00e9tier et qui vous accompagnera dans vos d\u00e9placements.<\/p>\n<p>Vous souhaitez louer le Mercedes Classe V, n&rsquo;h\u00e9sitez pas \u00e0 <strong><span style=\"color: #800080;\"><a style=\"color: #800080;\" href=\"https:\/\/car4rent.fr\/fr\/contact\/\" target=\"_blank\" rel=\"noopener\">prendre contact<\/a><\/span><\/strong>\u00a0avec notre \u00e9quipe pour toute demande ou information.<\/p>\n","protected":false},"excerpt":{"rendered":"<p>Vous souhaitez louer un Mercedes Classe V pack AMG 8 places. le Minivan le plus luxueux au meilleur prix sur la C\u00f4te d&rsquo;Azur? Le Classe V est parfait pour vous.<\/p>\n","protected":false},"featured_media":30093,"comment_status":"open","ping_status":"closed","template":"","meta":{"_acf_changed":false},"product_brand":[],"product_cat":[5413,5405],"product_tag":[],"class_list":{"0":"post-30532","1":"product","2":"type-product","3":"status-publish","4":"has-post-thumbnail","6":"product_cat-minivan","7":"product_cat-mercedes-fr","9":"first","10":"instock","11":"shipping-taxable","12":"purchasable","13":"product-type-variable","14":"has-default-attributes"},"acf":[],"_links":{"self":[{"href":"https:\/\/car4rent.fr\/fr\/wp-json\/wp\/v2\/product\/30532","targetHints":{"allow":["GET"]}}],"collection":[{"href":"https:\/\/car4rent.fr\/fr\/wp-json\/wp\/v2\/product"}],"about":[{"href":"https:\/\/car4rent.fr\/fr\/wp-json\/wp\/v2\/types\/product"}],"replies":[{"embeddable":true,"href":"https:\/\/car4rent.fr\/fr\/wp-json\/wp\/v2\/comments?post=30532"}],"wp:featuredmedia":[{"embeddable":true,"href":"https:\/\/car4rent.fr\/fr\/wp-json\/wp\/v2\/media\/30093"}],"wp:attachment":[{"href":"https:\/\/car4rent.fr\/fr\/wp-json\/wp\/v2\/media?parent=30532"}],"wp:term":[{"taxonomy":"product_brand","embeddable":true,"href":"https:\/\/car4rent.fr\/fr\/wp-json\/wp\/v2\/product_brand?post=30532"},{"taxonomy":"product_cat","embeddable":true,"href":"https:\/\/car4rent.fr\/fr\/wp-json\/wp\/v2\/product_cat?post=30532"},{"taxonomy":"product_tag","embeddable":true,"href":"https:\/\/car4rent.fr\/fr\/wp-json\/wp\/v2\/product_tag?post=30532"}],"curies":[{"name":"wp","href":"https:\/\/api.w.org\/{rel}","templated":true}]}}