{"id":30499,"date":"2023-02-05T18:00:15","date_gmt":"2023-02-05T17:00:15","guid":{"rendered":"https:\/\/car4rent.fr\/luxury-car-rental\/mercedes-sl-amg\/"},"modified":"2024-10-06T11:52:03","modified_gmt":"2024-10-06T09:52:03","slug":"louer-une-mercedes-sl","status":"publish","type":"product","link":"https:\/\/car4rent.fr\/fr\/luxury-car-rental\/louer-une-mercedes-sl\/","title":{"rendered":"Louer une Mercedes SL"},"content":{"rendered":"<section id=\"block0\" class=\"stripe row-content block0 fullwidth\">\n<div class=\"column small-five small-push-one reset last\">\n<div class=\"boxcontent\">\n<h2>Louer une Mercedes SL AMG sur la C\u00f4te d&#8217;Azur : D\u00e9couvrez les sons magiques<\/h2>\n<p>Louez une Mercedes SL AMG au meilleur prix avec Car4rent est votre meilleure option pour bien d\u00e9marrer votre s\u00e9jour sur la C\u00f4te d&#8217;Azur.. Pourquoi ne pas louer une voiture de sport ou de luxe et d\u00e9ambuler sur la Croisette \u00e0 <a href=\"https:\/\/www.cannes-destination.com\/\" target=\"_blank\" rel=\"noopener\"><span style=\"color: #800080;\"><strong>Cannes<\/strong><\/span><\/a> ou \u00e0 <strong><span style=\"color: #800080;\"><a style=\"color: #800080;\" href=\"https:\/\/www.visitmonaco.com\/\" target=\"_blank\" rel=\"noopener\">Monaco<\/a><\/span><\/strong> ? Si vous cherchez un moyen d&#8217;ajouter une touche de luxe \u00e0 votre prochain voyage d&#8217;affaires ou d&#8217;agr\u00e9menter vos vacances en France, nous avons le v\u00e9hicule de luxe id\u00e9al pour vous.<\/p>\n<p>Nous proposons une large s\u00e9lection des derniers mod\u00e8les de voitures exotiques de certains des plus grands constructeurs automobiles du monde, notamment . <strong><a href=\"https:\/\/car4rent.fr\/fr\/louer-une-ferrari\/\"><strong>Ferrari<\/strong><\/a>,\n            <a href=\"https:\/\/car4rent.fr\/fr\/louer-une-lamborghini\/\"><strong>Lamborghini<\/strong><\/a>,\n            <a href=\"https:\/\/car4rent.fr\/fr\/louer-une-porsche\/\"><strong>Porsche<\/strong><\/a>,\n            <a href=\"https:\/\/car4rent.fr\/fr\/louer-un-land-rover\/\"><strong>Land Rover<\/strong><\/a>,\n            <a href=\"https:\/\/car4rent.fr\/fr\/louer-une-mercedes\/\"><strong>Mercedes AMG<\/strong><\/a>,\n            <a href=\"https:\/\/car4rent.fr\/fr\/louer-une-bentley\/\"><strong>Bentley<\/strong><\/a>,\n            <a href=\"https:\/\/car4rent.fr\/fr\/louer-une-rolls-royce\/\"><strong>Rolls-Royce<\/strong><\/a>, et\n            <a href=\"https:\/\/car4rent.fr\/fr\/louer-une-audi\/\"><strong>Audi<\/strong><\/a>..<\/strong><\/p>\n<p><span style=\"color: #800080;\"><strong><a style=\"color: #800080;\" href=\"https:\/\/cotedazurfrance.fr\/decouvrir\/les-spots-incontournables\/top-12-des-lieux-incontournables-a-visiter-sur-la-cote-dazur\/\" target=\"_blank\" rel=\"noopener\">La C\u00f4te d&#8217;Azur<\/a>\u00a0<\/strong><\/span>est le centre des loisirs baln\u00e9aires en France. Des touristes du monde entier viennent ici pour profiter des eaux bleues de la mer M\u00e9diterran\u00e9e. Cannes est populaire aupr\u00e8s des c\u00e9l\u00e9brit\u00e9s et est un centre cin\u00e9matographique, avec le <span style=\"color: #800080;\"><strong>Festival des s\u00e9ries de Cannes <\/strong><\/span>en avril, le <strong><span style=\"color: #800080;\">Festival international du film de Cannes <\/span><\/strong>en mai, et les NRJ Music Awards en novembre. Il y a donc une forte concentration d&#8217;acteurs, de musiciens et d&#8217;autres artistes cr\u00e9atifs et burr\u00e9es de talent.<\/p>\n<h2><strong>La location de Mercedes SL en quelques mots<\/strong><\/h2>\n<p>Pour la premi\u00e8re fois, Mercedes a un vrai rival de la 911 de Porsche. Aujourd&#8217;hui, le nouveau Roadster est encore plus amusant. C&#8217;est une voiture de Formule 1 pour la route, son moteur est directement inspir\u00e9 des voitures de course qui ont remport\u00e9 la victoire lors de saisons pr\u00e9c\u00e9dentes. Personne n&#8217;a jamais construit une voiture comme celle-ci. Des performances \u00e0 couper le souffle qui n\u00e9cessitent de l&#8217;attention pour \u00eatre exploit\u00e9es par un conducteur ordinaire, m\u00eame s&#8217;il est bon. Lanc\u00e9e \u00e0 l&#8217;\u00e9t\u00e9 2022, elle remplace la premi\u00e8re voiture d\u00e9velopp\u00e9e uniquement par AMG, l&#8217;AMG GT Roadster. Il ne faut que 11 secondes pour abaisser le toit, ce qui est pratique, et vous pourrez le faire \u00e0 une vitesse jusqu&#8217;\u00e0 50 km\/h.<br \/>\n<img loading=\"lazy\" decoding=\"async\" class=\"alignnone wp-image-24415\" src=\"https:\/\/car4rent.fr\/wp-content\/uploads\/\/rent-mercedes-SL-Car4rent-300x153.jpg\" alt=\"Louer Mercedes SL Car4rent\" width=\"208\" height=\"106\" title=\"Car4Rent Cannes\" srcset=\"https:\/\/car4rent.fr\/wp-content\/uploads\/\/rent-mercedes-SL-Car4rent-300x153.jpg 300w, https:\/\/car4rent.fr\/wp-content\/uploads\/\/rent-mercedes-SL-Car4rent-450x229.jpg 450w, https:\/\/car4rent.fr\/wp-content\/uploads\/\/rent-mercedes-SL-Car4rent.jpg 639w\" sizes=\"auto, (max-width: 208px) 100vw, 208px\" \/><img loading=\"lazy\" decoding=\"async\" class=\"alignnone wp-image-24415\" src=\"https:\/\/car4rent.fr\/wp-content\/uploads\/\/rent-mercedes-SL-Car4rent-300x153.jpg\" alt=\"Louer Mercedes SL Car4rent\" width=\"208\" height=\"106\" title=\"Car4Rent Cannes\" srcset=\"https:\/\/car4rent.fr\/wp-content\/uploads\/\/rent-mercedes-SL-Car4rent-300x153.jpg 300w, https:\/\/car4rent.fr\/wp-content\/uploads\/\/rent-mercedes-SL-Car4rent-450x229.jpg 450w, https:\/\/car4rent.fr\/wp-content\/uploads\/\/rent-mercedes-SL-Car4rent.jpg 639w\" sizes=\"auto, (max-width: 208px) 100vw, 208px\" \/><img loading=\"lazy\" decoding=\"async\" class=\"alignnone wp-image-24415\" src=\"https:\/\/car4rent.fr\/wp-content\/uploads\/\/rent-mercedes-SL-Car4rent-300x153.jpg\" alt=\"Louer Mercedes SL Car4rent\" width=\"208\" height=\"106\" title=\"Car4Rent Cannes\" srcset=\"https:\/\/car4rent.fr\/wp-content\/uploads\/\/rent-mercedes-SL-Car4rent-300x153.jpg 300w, https:\/\/car4rent.fr\/wp-content\/uploads\/\/rent-mercedes-SL-Car4rent-450x229.jpg 450w, https:\/\/car4rent.fr\/wp-content\/uploads\/\/rent-mercedes-SL-Car4rent.jpg 639w\" sizes=\"auto, (max-width: 208px) 100vw, 208px\" \/><\/p>\n<h3><strong>Louer une Mercedes Benz SL, \u00e7a a l&#8217;air sympa<\/strong><\/h3>\n<p>Le moteur V8 biturbo de 4,0 litres du SL AMG Roadster d\u00e9veloppe 585 ch. La version d\u00e9capotable peut passer de 0 \u00e0 100 km\/h en 4,0 secondes, d\u00e9part arr\u00eat\u00e9. Le moteur \u00e9met un gargouillis fruit\u00e9 caract\u00e9ristique au ralenti, puis souffle d&#8217;une mani\u00e8re rauque lorsqu&#8217;il se d\u00e9cha\u00eene, lorsque vous le poussez \u00e0 l&#8217;action. Vous pourrez encore mieux l&#8217;appr\u00e9cier lorsque la voiture est d\u00e9capot\u00e9e. Il y a beaucoup de choses \u00e0 appr\u00e9cier dans sa mani\u00e8re de comporter sur toutes sortes de routes. Une voiture \u00e9tonnante !<\/p>\n<h3>Un service sur mesure<\/h3>\n<p>Une \u00e9quipe d\u00e9vou\u00e9e et attentive se tient \u00e0 votre disposition pour vous fournir toute information ou r\u00e9pondre \u00e0 vos demandes. Votre voiture peut \u00eatre livr\u00e9e sur demande directement \u00e0 votre arriv\u00e9e \u00e0 l&#8217;a\u00e9roport de Nice, sur votre lieu de vill\u00e9giature, \u00e0 votre h\u00f4tel ou n&#8217;importe o\u00f9 en France \u00e0 la destination de votre choix.<\/p>\n<h2>Location de voitures de luxe et de sport<\/h2>\n<p>Vous ne trouvez pas la Mercedes SL \u00e0 votre go\u00fbt. Nous pouvons vous proposer d&#8217;autres bolides dans nos autres marques, aussi prestigieuses les unes que les autres, parmi Ferrari, Lamborghini, Porsche, Land Rover, Mercedes AMG, Bentley, Rolls-Royce et autres Audi et BMW, synonymes de tradition, de perfection et d&#8217;exception, en un mot d&#8217;Excellence.<\/p>\n<\/div>\n<\/div>\n<\/section>\n","protected":false},"excerpt":{"rendered":"<p>Louer une Mercedes SL AMG au meilleur prix avec Car4rent Location de voiture sur la C\u00f4te d&#8217;Azur . Avez-vous\u00a0 envie de rajouter une touche de luxe \u00e0 votre vie ?<\/p>\n","protected":false},"featured_media":35336,"comment_status":"closed","ping_status":"closed","template":"","meta":{"_acf_changed":false,"_daim_seo_power":"","_daim_enable_ail":""},"product_brand":[],"product_cat":[5411,5405],"product_tag":[],"class_list":{"0":"post-30499","1":"product","2":"type-product","3":"status-publish","4":"has-post-thumbnail","6":"product_cat-decapotable","7":"product_cat-mercedes-fr","9":"first","10":"instock","11":"shipping-taxable","12":"purchasable","13":"product-type-variable","14":"has-default-attributes"},"acf":[],"_links":{"self":[{"href":"https:\/\/car4rent.fr\/fr\/wp-json\/wp\/v2\/product\/30499","targetHints":{"allow":["GET"]}}],"collection":[{"href":"https:\/\/car4rent.fr\/fr\/wp-json\/wp\/v2\/product"}],"about":[{"href":"https:\/\/car4rent.fr\/fr\/wp-json\/wp\/v2\/types\/product"}],"replies":[{"embeddable":true,"href":"https:\/\/car4rent.fr\/fr\/wp-json\/wp\/v2\/comments?post=30499"}],"wp:featuredmedia":[{"embeddable":true,"href":"https:\/\/car4rent.fr\/fr\/wp-json\/wp\/v2\/media\/35336"}],"wp:attachment":[{"href":"https:\/\/car4rent.fr\/fr\/wp-json\/wp\/v2\/media?parent=30499"}],"wp:term":[{"taxonomy":"product_brand","embeddable":true,"href":"https:\/\/car4rent.fr\/fr\/wp-json\/wp\/v2\/product_brand?post=30499"},{"taxonomy":"product_cat","embeddable":true,"href":"https:\/\/car4rent.fr\/fr\/wp-json\/wp\/v2\/product_cat?post=30499"},{"taxonomy":"product_tag","embeddable":true,"href":"https:\/\/car4rent.fr\/fr\/wp-json\/wp\/v2\/product_tag?post=30499"}],"curies":[{"name":"wp","href":"https:\/\/api.w.org\/{rel}","templated":true}]}}