{"id":30496,"date":"2023-02-06T14:32:14","date_gmt":"2023-02-06T13:32:14","guid":{"rendered":"https:\/\/car4rent.fr\/luxury-car-rental\/audi-q8-competition-60-tfsie-hybrid\/"},"modified":"2024-10-06T11:52:03","modified_gmt":"2024-10-06T09:52:03","slug":"louer-une-audi-q8","status":"publish","type":"product","link":"https:\/\/car4rent.fr\/fr\/luxury-car-rental\/louer-une-audi-q8\/","title":{"rendered":"Louer une Audi Q8"},"content":{"rendered":"<h2><strong>Louer une Audi Q8<\/strong><\/h2>\n<p>La location d&rsquo;une Audi Q8 sur la <a href=\"https:\/\/generationvoyage.fr\/visiter-cote-azur-faire-voir\/\" target=\"_blank\" rel=\"noopener\">C\u00f4te d&rsquo;Azur<\/a> \u00e0 un prix abordable vous est propos\u00e9e par Car4rent. Profitez de paysages magnifiques entre <a href=\"https:\/\/www.sainttropeztourisme.com\/fr\/\" target=\"_blank\" rel=\"noopener\">Saint-Tropez<\/a> et Monaco. Nous vous proposons la derni\u00e8re Audi Q8 Competition 60 TFSI e Hybrid pour un plaisir de conduite in\u00e9gal\u00e9. Car4rent offre une exp\u00e9rience de conduite plus proche de celle d&rsquo;une voiture que n&rsquo;importe quel SUV avant lui. Il dispose de cinq places spacieuses.<\/p>\n<p>Le Q8 TFSI e Competition d\u00e9voile un habitacle Sport de s\u00e9rie. Les \u00e9quipements sont manufactur\u00e9s haut de gamme et sont nombreux. Les si\u00e8ges Sport sont r\u00e9glables \u00e9lectriquement et combinent cuir et alcantara \u00e0 l&rsquo;avant, et pr\u00e9sentent un surpiquage S sur les dossiers. Gr\u00e2ce \u00e0 son ADN sportif, ce SUV d&rsquo;exception joue \u00e9galement la carte du confort int\u00e9rieur et de l&rsquo;espace.<\/p>\n<p><img loading=\"lazy\" decoding=\"async\" class=\"alignnone wp-image-29710\" src=\"https:\/\/car4rent.fr\/wp-content\/uploads\/Audi-q8-Rental-Car4rent.jpg\" alt=\"louer une audi q8,Audi q8 Rental Car4rent\" width=\"277\" height=\"208\" title=\"Car4Rent Cannes\" srcset=\"https:\/\/car4rent.fr\/wp-content\/uploads\/Audi-q8-Rental-Car4rent.jpg 640w, https:\/\/car4rent.fr\/wp-content\/uploads\/Audi-q8-Rental-Car4rent-300x225.jpg 300w, https:\/\/car4rent.fr\/wp-content\/uploads\/Audi-q8-Rental-Car4rent-450x338.jpg 450w\" sizes=\"auto, (max-width: 277px) 100vw, 277px\" \/><img loading=\"lazy\" decoding=\"async\" class=\"alignnone wp-image-29711 \" src=\"https:\/\/car4rent.fr\/wp-content\/uploads\/Audi-q8-Rental-French-Riviera-Car4rent-1.jpg\" alt=\"Louer une audi q8, Location Audi q8 C\u00f4te d&#039;Azur Car4rent\" width=\"277\" height=\"208\" title=\"Car4Rent Cannes\" srcset=\"https:\/\/car4rent.fr\/wp-content\/uploads\/Audi-q8-Rental-French-Riviera-Car4rent-1.jpg 640w, https:\/\/car4rent.fr\/wp-content\/uploads\/Audi-q8-Rental-French-Riviera-Car4rent-1-300x225.jpg 300w, https:\/\/car4rent.fr\/wp-content\/uploads\/Audi-q8-Rental-French-Riviera-Car4rent-1-450x338.jpg 450w\" sizes=\"auto, (max-width: 277px) 100vw, 277px\" \/><img loading=\"lazy\" decoding=\"async\" class=\"alignnone wp-image-29712 \" src=\"https:\/\/car4rent.fr\/wp-content\/uploads\/Rent-Audi-q8-French-Riviera-Car4rent-1.jpg\" alt=\"Louer une audi q8, Location Audi q8 C\u00f4te d&#039;Azur Car4rent\" width=\"277\" height=\"208\" title=\"Car4Rent Cannes\" srcset=\"https:\/\/car4rent.fr\/wp-content\/uploads\/Rent-Audi-q8-French-Riviera-Car4rent-1.jpg 640w, https:\/\/car4rent.fr\/wp-content\/uploads\/Rent-Audi-q8-French-Riviera-Car4rent-1-300x225.jpg 300w, https:\/\/car4rent.fr\/wp-content\/uploads\/Rent-Audi-q8-French-Riviera-Car4rent-1-450x338.jpg 450w\" sizes=\"auto, (max-width: 277px) 100vw, 277px\" \/><img loading=\"lazy\" decoding=\"async\" class=\"alignnone wp-image-40635\" src=\"https:\/\/car4rent.fr\/wp-content\/uploads\/\/rent-an-audi-q8-on-the-french-riviera-300x225.jpg\" alt=\"Louer une audi q8\" width=\"277\" height=\"208\" title=\"Car4Rent Cannes\" srcset=\"https:\/\/car4rent.fr\/wp-content\/uploads\/rent-an-audi-q8-on-the-french-riviera-300x225.jpg 300w, https:\/\/car4rent.fr\/wp-content\/uploads\/rent-an-audi-q8-on-the-french-riviera-768x576.jpg 768w, https:\/\/car4rent.fr\/wp-content\/uploads\/rent-an-audi-q8-on-the-french-riviera-705x529.jpg 705w, https:\/\/car4rent.fr\/wp-content\/uploads\/rent-an-audi-q8-on-the-french-riviera-450x338.jpg 450w, https:\/\/car4rent.fr\/wp-content\/uploads\/rent-an-audi-q8-on-the-french-riviera.jpg 1024w\" sizes=\"auto, (max-width: 277px) 100vw, 277px\" \/><\/p>\n<p>Le march\u00e9 des SUV premium prend \u00e0 son tour le virage de l\u2019\u00e9lectrification &#8211; fiscale. L\u2019un des plus r\u00e9ussis du segment est l\u2019Audi Q8 60 TFSi dans cette motorisation essence-hybride rechargeable et qui cache sous son capot,\u00a0 un moteur 6 cylindres en V de 462cv, de quoi faire plaisir aux passionn\u00e9s qui passeront un moment passionnant \u00e0 son volant.<\/p>\n<p>Sa conception a \u00e9t\u00e9 \u00e9labor\u00e9e par le groupe Volkswagen, comme le Porsche Cayenne, le Volkswagen Touareg et le Lamborghini Urus. Des v\u00e9hciules con\u00e7us pour faire tourner les t\u00eates.<\/p>\n<p><img loading=\"lazy\" decoding=\"async\" class=\"alignnone wp-image-15623\" src=\"https:\/\/car4rent.fr\/wp-content\/uploads\/\/audi-q8-rental-french-riviera-car4rent-300x145.jpg\" alt=\"Location Audi Q8 C\u00f4te d&#039;Azur Car4Rent\" width=\"180\" height=\"87\" title=\"Car4Rent Cannes\" srcset=\"https:\/\/car4rent.fr\/wp-content\/uploads\/\/audi-q8-rental-french-riviera-car4rent-300x145.jpg 300w, https:\/\/car4rent.fr\/wp-content\/uploads\/\/audi-q8-rental-french-riviera-car4rent-248x120.jpg 248w, https:\/\/car4rent.fr\/wp-content\/uploads\/\/audi-q8-rental-french-riviera-car4rent-126x61.jpg 126w, https:\/\/car4rent.fr\/wp-content\/uploads\/\/audi-q8-rental-french-riviera-car4rent-705x340.jpg 705w, https:\/\/car4rent.fr\/wp-content\/uploads\/\/audi-q8-rental-french-riviera-car4rent-450x217.jpg 450w, https:\/\/car4rent.fr\/wp-content\/uploads\/\/audi-q8-rental-french-riviera-car4rent.jpg 750w\" sizes=\"auto, (max-width: 180px) 100vw, 180px\" \/><img loading=\"lazy\" decoding=\"async\" class=\"alignnone wp-image-15623\" src=\"https:\/\/car4rent.fr\/wp-content\/uploads\/\/audi-q8-rental-french-riviera-car4rent-300x145.jpg\" alt=\"Location Audi Q8 C\u00f4te d&#039;Azur Car4Rent\" width=\"180\" height=\"87\" title=\"Car4Rent Cannes\" srcset=\"https:\/\/car4rent.fr\/wp-content\/uploads\/\/audi-q8-rental-french-riviera-car4rent-300x145.jpg 300w, https:\/\/car4rent.fr\/wp-content\/uploads\/\/audi-q8-rental-french-riviera-car4rent-248x120.jpg 248w, https:\/\/car4rent.fr\/wp-content\/uploads\/\/audi-q8-rental-french-riviera-car4rent-126x61.jpg 126w, https:\/\/car4rent.fr\/wp-content\/uploads\/\/audi-q8-rental-french-riviera-car4rent-705x340.jpg 705w, https:\/\/car4rent.fr\/wp-content\/uploads\/\/audi-q8-rental-french-riviera-car4rent-450x217.jpg 450w, https:\/\/car4rent.fr\/wp-content\/uploads\/\/audi-q8-rental-french-riviera-car4rent.jpg 750w\" sizes=\"auto, (max-width: 180px) 100vw, 180px\" \/><img loading=\"lazy\" decoding=\"async\" class=\"alignnone wp-image-15623\" src=\"https:\/\/car4rent.fr\/wp-content\/uploads\/\/audi-q8-rental-french-riviera-car4rent-300x145.jpg\" alt=\"Location Audi Q8 C\u00f4te d&#039;Azur Car4Rent\" width=\"180\" height=\"87\" title=\"Car4Rent Cannes\" srcset=\"https:\/\/car4rent.fr\/wp-content\/uploads\/\/audi-q8-rental-french-riviera-car4rent-300x145.jpg 300w, https:\/\/car4rent.fr\/wp-content\/uploads\/\/audi-q8-rental-french-riviera-car4rent-248x120.jpg 248w, https:\/\/car4rent.fr\/wp-content\/uploads\/\/audi-q8-rental-french-riviera-car4rent-126x61.jpg 126w, https:\/\/car4rent.fr\/wp-content\/uploads\/\/audi-q8-rental-french-riviera-car4rent-705x340.jpg 705w, https:\/\/car4rent.fr\/wp-content\/uploads\/\/audi-q8-rental-french-riviera-car4rent-450x217.jpg 450w, https:\/\/car4rent.fr\/wp-content\/uploads\/\/audi-q8-rental-french-riviera-car4rent.jpg 750w\" sizes=\"auto, (max-width: 180px) 100vw, 180px\" \/><\/p>\n<h3>L&rsquo;Audi Q8 Competition<\/h3>\n<p>Pour votre prochain voyage en France, louer une Audi Q8 est votre meilleur choix. Vous pouvez profiter d&rsquo;un voyage en tout confort \u00e0 bord d&rsquo;une voiture de luxe.<\/p>\n<h3>Louer une Audi Q8 60 Tfsi e avec Car4rent vous fera profiter des meilleures conditions du march\u00e9.<\/h3>\n<p>Louer une Audi Q8 avec Car4rent vous fera profiter des meilleures conditions du march\u00e9. La location d&rsquo;une Audi Q8 est possible chez Car4rent. Nous disposons \u00e9galement d&rsquo;une des plus belles offres de de location de voitures de luxe et\u00a0 de sport, afin de r\u00e9pondre aux souhaits de nos clients.<\/p>\n<h2>Un service sur mesure<\/h2>\n<p>Une \u00e9quipe d\u00e9vou\u00e9e et attentive se tient \u00e0 votre disposition pour vous fournir toute information ou r\u00e9pondre \u00e0 vos demandes.<\/p>\n<h3><span style=\"font-size: 14pt;\">A la d\u00e9couverte de Nice<\/span><\/h3>\n<p>Il y a \u00e9norm\u00e9ment d&rsquo;endroits \u00e0 visiter \u00e0 Nice, mais s\u2019il y a un lieu qui peut vous replonger dans le glamour des ann\u00e9es 30, c\u2019est bien la Promenade des Anglais. Offrant un panorama exceptionnel sur la Baie des Anges. La \u00ab\u00a0Prom&rsquo; \u00a0\u00bb comme disent les Ni\u00e7ois, habill\u00e9e de ses mythiques chaises bleues est arbor\u00e9e de palmiers lui faisant ombrage. Bord\u00e9e d&rsquo;h\u00f4tels d&rsquo;une autre \u00e9poque comme le N\u00e9gresco, le Palais de la M\u00e9diterran\u00e9e et autres palaces ni\u00e7ois. Elle est devenue un lieu incontournable de rendez-vous pour tous les sportifs, amoureux de v\u00e9lo, rollers, course \u00e0 pied ou tout simplement de balade.<\/p>\n<p><img loading=\"lazy\" decoding=\"async\" class=\"alignnone wp-image-29714 \" src=\"https:\/\/car4rent.fr\/wp-content\/uploads\/Rent-Audi-q8-Car4rent-1.jpg\" alt=\"Louer une audi q8\" width=\"277\" height=\"208\" title=\"Car4Rent Cannes\" srcset=\"https:\/\/car4rent.fr\/wp-content\/uploads\/Rent-Audi-q8-Car4rent-1.jpg 640w, https:\/\/car4rent.fr\/wp-content\/uploads\/Rent-Audi-q8-Car4rent-1-300x225.jpg 300w, https:\/\/car4rent.fr\/wp-content\/uploads\/Rent-Audi-q8-Car4rent-1-450x338.jpg 450w\" sizes=\"auto, (max-width: 277px) 100vw, 277px\" \/><img loading=\"lazy\" decoding=\"async\" class=\"alignnone wp-image-29715 \" src=\"https:\/\/car4rent.fr\/wp-content\/uploads\/Hire-Audi-q8-Car4rent.jpg\" alt=\"Louer une audi q8, Location Audi q8 Car4rent\" width=\"277\" height=\"208\" title=\"Car4Rent Cannes\" srcset=\"https:\/\/car4rent.fr\/wp-content\/uploads\/Hire-Audi-q8-Car4rent.jpg 640w, https:\/\/car4rent.fr\/wp-content\/uploads\/Hire-Audi-q8-Car4rent-300x225.jpg 300w, https:\/\/car4rent.fr\/wp-content\/uploads\/Hire-Audi-q8-Car4rent-450x338.jpg 450w\" sizes=\"auto, (max-width: 277px) 100vw, 277px\" \/><img loading=\"lazy\" decoding=\"async\" class=\"alignnone wp-image-29716 \" src=\"https:\/\/car4rent.fr\/wp-content\/uploads\/Hire-Audi-q8-French-Riviera-Car4rent.jpg\" alt=\"Louer une audi q8, Location Audi q8 C\u00f4te d&#039;Azur Car4rent\" width=\"277\" height=\"208\" title=\"Car4Rent Cannes\" srcset=\"https:\/\/car4rent.fr\/wp-content\/uploads\/Hire-Audi-q8-French-Riviera-Car4rent.jpg 640w, https:\/\/car4rent.fr\/wp-content\/uploads\/Hire-Audi-q8-French-Riviera-Car4rent-300x225.jpg 300w, https:\/\/car4rent.fr\/wp-content\/uploads\/Hire-Audi-q8-French-Riviera-Car4rent-450x338.jpg 450w\" sizes=\"auto, (max-width: 277px) 100vw, 277px\" \/><\/p>\n<h3>Vous souhaiter louer une Audi Q8<\/h3>\n<p>N&rsquo;h\u00e9sitez pas \u00e0 faire appel \u00e0 nos services. Nous n&rsquo;avons pas de frais et de paiements cach\u00e9s, le co\u00fbt final est garanti, et un ensemble minimum de documents est requis pour valider le contrat. Nous disposons d&rsquo;agences sur la <a href=\"https:\/\/cotedazurfrance.fr\/decouvrir\/les-spots-incontournables\/top-12-des-lieux-incontournables-a-visiter-sur-la-cote-dazur\/\" target=\"_blank\" rel=\"noopener\">C\u00f4te d&rsquo;Azur<\/a>, \u00e0 l&rsquo;<a href=\"https:\/\/www.nice.aeroport.fr\/\" target=\"_blank\" rel=\"noopener\">a\u00e9roport de Nice<\/a>, \u00e0 <a href=\"https:\/\/cotedazurfrance.fr\/decouvrir\/les-villes-de-la-cote-dazur\/visiter-saint-tropez-la-mythique\/top-des-10-choses-a-voir-et-a-faire-a-saint-tropez\/\" target=\"_blank\" rel=\"noopener\">Saint-Tropez<\/a>,\u00a0<a href=\"https:\/\/www.cannes-france.com\/decouvrir-visiter\/\" target=\"_blank\" rel=\"noopener\">Cannes<\/a>, et <a href=\"https:\/\/generationvoyage.fr\/endroits-visiter-monaco\/\" target=\"_blank\" rel=\"noopener\">Monaco<\/a>. Durant la saison d&rsquo;hiver, nous pouvons livrer votre v\u00e9hicules dans les stations de sport d&rsquo;hiver comme Meribel, Courchevel, Meg\u00e8ve ou <a href=\"https:\/\/www.valdisere.com\/experiences-a-vivre\/le-top-5-des-incontournables-a-val-disere-cet-ete\/\" target=\"_blank\" rel=\"noopener\">Val d&rsquo;Is\u00e8re<\/a>.<\/p>\n<h4>S\u00e9lectionnez et r\u00e9servez votre Audi Q8 Competition en contactant l&rsquo;un des membres de notre \u00e9quipe.<\/h4>\n<p>Pour votre location Audi Q8, prenez livraison et restituez facilement votre Audi s\u00e9lectionnez la destination et nous pouvons nous charger du reste. Nous pouvons vous fournir les caract\u00e9ristiques conditions de location et autres documents administratifs sur simple demande.<\/p>\n","protected":false},"excerpt":{"rendered":"<p>Louer une Audi Q8 sur la C\u00f4te d&rsquo;Azur au meilleur prix. Profitez de l&rsquo;une des plus belles r\u00e9gions de la France au volant d&rsquo;une voiture de luxe.<\/p>\n","protected":false},"featured_media":30091,"comment_status":"open","ping_status":"closed","template":"","meta":{"_acf_changed":false},"product_brand":[],"product_cat":[5414],"product_tag":[],"class_list":{"0":"post-30496","1":"product","2":"type-product","3":"status-publish","4":"has-post-thumbnail","6":"product_cat-suv-sport-utility-vehicle","8":"first","9":"instock","10":"shipping-taxable","11":"purchasable","12":"product-type-variable","13":"has-default-attributes"},"acf":[],"_links":{"self":[{"href":"https:\/\/car4rent.fr\/fr\/wp-json\/wp\/v2\/product\/30496","targetHints":{"allow":["GET"]}}],"collection":[{"href":"https:\/\/car4rent.fr\/fr\/wp-json\/wp\/v2\/product"}],"about":[{"href":"https:\/\/car4rent.fr\/fr\/wp-json\/wp\/v2\/types\/product"}],"replies":[{"embeddable":true,"href":"https:\/\/car4rent.fr\/fr\/wp-json\/wp\/v2\/comments?post=30496"}],"wp:featuredmedia":[{"embeddable":true,"href":"https:\/\/car4rent.fr\/fr\/wp-json\/wp\/v2\/media\/30091"}],"wp:attachment":[{"href":"https:\/\/car4rent.fr\/fr\/wp-json\/wp\/v2\/media?parent=30496"}],"wp:term":[{"taxonomy":"product_brand","embeddable":true,"href":"https:\/\/car4rent.fr\/fr\/wp-json\/wp\/v2\/product_brand?post=30496"},{"taxonomy":"product_cat","embeddable":true,"href":"https:\/\/car4rent.fr\/fr\/wp-json\/wp\/v2\/product_cat?post=30496"},{"taxonomy":"product_tag","embeddable":true,"href":"https:\/\/car4rent.fr\/fr\/wp-json\/wp\/v2\/product_tag?post=30496"}],"curies":[{"name":"wp","href":"https:\/\/api.w.org\/{rel}","templated":true}]}}