{"id":30428,"date":"2023-02-06T17:05:52","date_gmt":"2023-02-06T16:05:52","guid":{"rendered":"https:\/\/car4rent.fr\/luxury-car-rental\/bentley-bentayga\/"},"modified":"2024-10-06T11:52:02","modified_gmt":"2024-10-06T09:52:02","slug":"louer-une-bentley-bentayga","status":"publish","type":"product","link":"https:\/\/car4rent.fr\/fr\/luxury-car-rental\/louer-une-bentley-bentayga\/","title":{"rendered":"Louer une Bentley Bentayga"},"content":{"rendered":"<h2><span style=\"font-size: 24pt;\">Louer une Bentley Bentayga<\/span><\/h2>\n<p>Pour votre prochain d\u00e9placement \u00e0 Paris ou sur la <a href=\"https:\/\/generationvoyage.fr\/visiter-cote-azur-faire-voir\/\" target=\"_blank\" rel=\"noopener\">C\u00f4te d&#8217;Azur<\/a>, louer une Bentley Bentayga est votre meilleure option si vous souhaitez vous d\u00e9placer avec style et profiter du luxe, de la vitesse et de la classe in\u00e9gal\u00e9e du SUV Bentley.<\/p>\n<p>La C\u00f4te d&#8217;Azur est une magnifique r\u00e9gion o\u00f9 vous pourrez vous offrir une exp\u00e9rience de conduite luxueuse et performante. Au volant de la Bentley Bentayga, d\u00e9couvrez le glamour des villes c\u00f4ti\u00e8res, les plages magnifiques et la vie nocturne tr\u00e9pidante.<\/p>\n<p>Vous pourrez ainsi profiter pleinement de votre voyage et faire tourner les t\u00eates partout o\u00f9 vous irez. En outre, la location d&#8217;une voiture de luxe peut donner un sentiment d&#8217;exclusivit\u00e9 et de statut, ce qui rend votre voyage plus m\u00e9morable.<\/p>\n<h3><strong>Le Bentayga W12 en quelques mots<\/strong><\/h3>\n<p>Le Bentley Bentayga est l&#8217;un des SUV les plus accomplis et les plus glamour qui soient. C&#8217;est une voiture impressionnante, dot\u00e9e de performances puissantes, d&#8217;un habitacle opulent et d&#8217;une technologie de pointe. Elle offre une vitesse \u00e9tonnante, une maniabilit\u00e9 surprenante et un raffinement superbe. L&#8217;habitacle b\u00e9n\u00e9ficie \u00e9galement d&#8217;une grande qualit\u00e9 de fabrication et de la possibilit\u00e9 de personnaliser \u00e0 l&#8217;infini l&#8217;int\u00e9rieur et l&#8217;ext\u00e9rieur du SUV. Bentley revendique avec audace des performances, une tenue de route, des capacit\u00e9s tout-terrain et un luxe in\u00e9gal\u00e9s. Le grand SUV est avant tout un v\u00e9hicule \u00e0 quatre places.<\/p>\n<h3><strong>La Continental Gtc Bentley, du raffinement \u00e0 l&#8217;\u00e9tat pur!<\/strong><\/h3>\n<p>Le moteur W12 de 6,0 litres du Continental GT a \u00e9t\u00e9 fortement r\u00e9vis\u00e9. Il s&#8217;agit d&#8217;une version introduite dans le record de Volkswagen Nardo W12 qui a atteint une moyenne de 322 km\/h pendant 24 heures autour de Nardo. La carrosserie est construite en Slovaquie et exp\u00e9di\u00e9e \u00e0 l&#8217;usine Bentley de Crewe pour l&#8217;assemblage final. Les moteurs sont assembl\u00e9s \u00e0 Crewe. Les performances monstrueuses sont le point fort le plus \u00e9vident du Bentayga, qui se comporte comme une voiture deux fois plus petite. Le Bentayga passe de 0 \u00e0 100 km\/h en seulement 4,1 secondes. Il est quasiment silencieux au ralenti, et la vitesse de croisi\u00e8re en poussant fort n&#8217;entra\u00eene qu&#8217;un grondement sourd.<\/p>\n<h3>Louer une Bentley Bentayga Aixenprovence Avignon Cannes Hy\u00e8res<\/h3>\n<p>Sur demande, votre location Bentley Bentayga peut vous \u00eatre livr\u00e9e \u00e0 la destination de votre choix en France, que ce soit d\u00e8s votre arriv\u00e9e \u00e0 l&#8217;a\u00e9roport \u00e0 <a href=\"https:\/\/cotedazurfrance.fr\/decouvrir\/les-villes-de-la-cote-dazur\/visiter-nice\/top-10-des-choses-a-voir-et-a-faire-a-nice\/\" target=\"_blank\" rel=\"noopener\">Nice<\/a>, sur votre lieu de vill\u00e9giature, votre h\u00f4tel ou votre bureau.<\/p>\n<h3>Louer Bentley Bentayga: Caract\u00e9ristiques conditions de location<\/h3>\n<p>N&#8217;h\u00e9sitez pas \u00e0 prendre <a href=\"https:\/\/car4rent.fr\/fr\/contact\/\" target=\"_blank\" rel=\"noopener\">contact<\/a> avec l&#8217;un des membres de notre \u00e9quipe pour obtenir toute information ou pour une requ\u00eate sp\u00e9ciale.<\/p>\n","protected":false},"excerpt":{"rendered":"<p>Louer une Bentley Bentayga sur la C\u00f4te d&#8217;Azur, l&#8217;un des SUV les plus accomplis et les plus glamour qui soient, et profite du luxe, de la vitesse et du style.<\/p>\n","protected":false},"featured_media":30073,"comment_status":"open","ping_status":"closed","template":"","meta":{"_acf_changed":false,"_daim_seo_power":"","_daim_enable_ail":""},"product_brand":[],"product_cat":[5401,5414],"product_tag":[],"class_list":{"0":"post-30428","1":"product","2":"type-product","3":"status-publish","4":"has-post-thumbnail","6":"product_cat-bentley-fr","7":"product_cat-suv-sport-utility-vehicle","9":"first","10":"instock","11":"shipping-taxable","12":"purchasable","13":"product-type-variable","14":"has-default-attributes"},"acf":[],"_links":{"self":[{"href":"https:\/\/car4rent.fr\/fr\/wp-json\/wp\/v2\/product\/30428","targetHints":{"allow":["GET"]}}],"collection":[{"href":"https:\/\/car4rent.fr\/fr\/wp-json\/wp\/v2\/product"}],"about":[{"href":"https:\/\/car4rent.fr\/fr\/wp-json\/wp\/v2\/types\/product"}],"replies":[{"embeddable":true,"href":"https:\/\/car4rent.fr\/fr\/wp-json\/wp\/v2\/comments?post=30428"}],"wp:featuredmedia":[{"embeddable":true,"href":"https:\/\/car4rent.fr\/fr\/wp-json\/wp\/v2\/media\/30073"}],"wp:attachment":[{"href":"https:\/\/car4rent.fr\/fr\/wp-json\/wp\/v2\/media?parent=30428"}],"wp:term":[{"taxonomy":"product_brand","embeddable":true,"href":"https:\/\/car4rent.fr\/fr\/wp-json\/wp\/v2\/product_brand?post=30428"},{"taxonomy":"product_cat","embeddable":true,"href":"https:\/\/car4rent.fr\/fr\/wp-json\/wp\/v2\/product_cat?post=30428"},{"taxonomy":"product_tag","embeddable":true,"href":"https:\/\/car4rent.fr\/fr\/wp-json\/wp\/v2\/product_tag?post=30428"}],"curies":[{"name":"wp","href":"https:\/\/api.w.org\/{rel}","templated":true}]}}