{"id":30410,"date":"2023-01-30T16:08:20","date_gmt":"2023-01-30T15:08:20","guid":{"rendered":"https:\/\/car4rent.fr\/luxury-car-rental\/mini-cooper-decapotable\/"},"modified":"2024-10-06T11:52:00","modified_gmt":"2024-10-06T09:52:00","slug":"louer-une-mini-cabriolet","status":"publish","type":"product","link":"https:\/\/car4rent.fr\/fr\/luxury-car-rental\/louer-une-mini-cabriolet\/","title":{"rendered":"Louer une Mini Cabriolet"},"content":{"rendered":"<h2>Louer une MINI Cabriolet<\/h2>\n<p>Chez Car4rent \u00e0 Cannes, vous pouvez louer un cabriolet\u00a0 MINI, et profiter du plaisir de conduire une d\u00e9capotable sur la <a href=\"https:\/\/generationvoyage.fr\/visiter-cote-azur-faire-voir\/\" target=\"_blank\" rel=\"noopener\">C\u00f4te d&rsquo;Azur<\/a>. Ce v\u00e9hicule \u00e9l\u00e9gant et compact est parfait pour parcourir les routes c\u00f4ti\u00e8res escarp\u00e9es et profiter du soleil m\u00e9diterran\u00e9en. Offrez-vous un week-end dans le sud de la France. Gr\u00e2ce \u00e0 Car4rent, vous pouvez louer la voiture de vos r\u00eaves entre Monaco et Saint-Tropez \u00e0 un prix abordable.<\/p>\n<h3>Location de cabriolet<\/h3>\n<p>Pour profiter pleinement de la beaut\u00e9 de la C\u00f4te d&rsquo;Azur, pensez \u00e0 louer une voiture d\u00e9capotable aupr\u00e8s de Car4rent. La MINI est l&rsquo;une des voitures les plus agiles, les plus maniables et les plus incisives du march\u00e9. Au quotidien, c&rsquo;est particuli\u00e8rement agr\u00e9able.<\/p>\n<p>La MINI Cabriolet est la voiture id\u00e9ale pour un voyage sur la C\u00f4te d&rsquo;Azur. Elle est maniable, \u00e9conome en carburant et compacte, ce qui lui permet de se faufiler sur les routes \u00e9troites et de se garer dans les espaces restreints.<\/p>\n<p>La capote peut \u00eatre abaiss\u00e9e et relev\u00e9e en 15 secondes et peut \u00e9galement \u00eatre partiellement ouverte comme un toit ouvrant. Sans d\u00e9couvrir compl\u00e8tement la voiture, vous pouvez toujours profiter du soleil.<\/p>\n<p>L&rsquo;int\u00e9rieur se distingue par un design dynamique rehauss\u00e9 par des formes circulaires pour les commandes, les buses de ventilation et la console centrale. L&rsquo;\u00e9clairage d&rsquo;ambiance offre un choix de couleurs. Un anneau lumineux autour du tableau de bord s&rsquo;associe au bloc d&rsquo;instruments enti\u00e8rement num\u00e9riques du conducteur.<\/p>\n<p>La Cooper est \u00e9quip\u00e9e d&rsquo;un moteur trois cylindres de 1,5 litre, d\u00e9veloppant une puissance de 136 chevaux et un couple de 220 Nm. Avec ce moteur, la MINI Cabriolet est tr\u00e8s intelligente, avec des performances int\u00e9ressantes, comme le montre son temps de 0 \u00e0 100 km\/h de 8,7 secondes.<\/p>\n<h4>R\u00e9servez la nouvelle MINI Cooper S Cabrio<\/h4>\n<p>Et avec une location de Car4rent, vous profiterez de la commodit\u00e9 d&rsquo;avoir une voiture \u00e0 votre disposition, vous donnant la libert\u00e9 d&rsquo;explorer \u00e0 votre propre rythme. Appelez Car4rent pour louer une MINI Cabriolet sur la C\u00f4te d&rsquo;Azur.<\/p>\n<p>La MINI Cooper Cabriolet est \u00e9quip\u00e9e d&rsquo;un toit souple r\u00e9tractable qui peut \u00eatre ouvert et ferm\u00e9 \u00e0 des vitesses allant jusqu&rsquo;\u00e0 30 km\/h, ce qui vous permet de d\u00e9couvrir des paysages magnifiques et se r\u00e9chauffer de la brise chaude lorsque que vous conduisez.<\/p>\n<p>Louer une MINI d\u00e9capotable vous procurera \u00e9norm\u00e9ment de plaisir. Elle est \u00e9quip\u00e9e d&rsquo;un moteur de 136cv et d&rsquo;une tenue de route r\u00e9active, ce qui la rend tr\u00e8s agr\u00e9able \u00e0 conduire sur les routes sinueuses.<\/p>\n<p>Chez Car4rent, nous proposons des tarifs de location abordables et des p\u00e9riodes de location flexibles pour r\u00e9pondre \u00e0 vos besoins. Notre \u00e9quipe vous est d\u00e9vou\u00e9e et toujours pr\u00eat \u00e0 vous aider si vous avez des questions ou des pr\u00e9occupations.<\/p>\n<p>Louez une MiNi Cooper S cabriolet \u00e0 Grasse, de quoi vous donner une bonne occasion de vous cr\u00e9er des souvenirs inoubliables.<\/p>\n<h5>Pas convaincu par le cabriolet Mini, louez le nouveau Mini Countryman<\/h5>\n<p>La MiNi cabriolet ne vous convient pas. Si vous souhaitez rester chez MiNi, nous pouvons vous proposer la derni\u00e8re Countryman, mais \u00e9galement bien d&rsquo;autres marques. En effet, chez Car4rent, nous sommes sp\u00e9cialis\u00e9s dans la location de voitures de sport et de luxe parmi les marques les plus prestigieuses comme Ferrari, Lamborghini, Porsche, Land Rover, Mercedes AMG, Bentley, Rolls-Royce et autres audi et BMW toutes ces marques synonymes d&rsquo;agililt\u00e9, de performances et de s\u00e9curit\u00e9, en un mot d&rsquo;Excellence.<\/p>\n<p>Contactez-nous d\u00e8s aujourd&rsquo;hui pour r\u00e9server votre location de MINI Cabriolet \u00e0 Cannes et pr\u00e9parez-vous \u00e0 d\u00e9couvrir le meilleur de la C\u00f4te d&rsquo;Azur !<\/p>\n","protected":false},"excerpt":{"rendered":"<p>Louer une MINI cabriolet au meileur prix\u00a0 chez Car4rent est votre meilleure option. Offrez-vous un week-end dans le sud de la France hors du commun entre Monaco et Saint-Tropez \u00e0 un prix abordable.<\/p>\n<p>&nbsp;<\/p>\n","protected":false},"featured_media":42343,"comment_status":"open","ping_status":"closed","template":"","meta":{"_acf_changed":false},"product_brand":[],"product_cat":[5411,5412],"product_tag":[],"class_list":{"0":"post-30410","1":"product","2":"type-product","3":"status-publish","4":"has-post-thumbnail","6":"product_cat-decapotable","7":"product_cat-mini","9":"first","10":"instock","11":"shipping-taxable","12":"purchasable","13":"product-type-variable","14":"has-default-attributes"},"acf":[],"_links":{"self":[{"href":"https:\/\/car4rent.fr\/fr\/wp-json\/wp\/v2\/product\/30410","targetHints":{"allow":["GET"]}}],"collection":[{"href":"https:\/\/car4rent.fr\/fr\/wp-json\/wp\/v2\/product"}],"about":[{"href":"https:\/\/car4rent.fr\/fr\/wp-json\/wp\/v2\/types\/product"}],"replies":[{"embeddable":true,"href":"https:\/\/car4rent.fr\/fr\/wp-json\/wp\/v2\/comments?post=30410"}],"wp:featuredmedia":[{"embeddable":true,"href":"https:\/\/car4rent.fr\/fr\/wp-json\/wp\/v2\/media\/42343"}],"wp:attachment":[{"href":"https:\/\/car4rent.fr\/fr\/wp-json\/wp\/v2\/media?parent=30410"}],"wp:term":[{"taxonomy":"product_brand","embeddable":true,"href":"https:\/\/car4rent.fr\/fr\/wp-json\/wp\/v2\/product_brand?post=30410"},{"taxonomy":"product_cat","embeddable":true,"href":"https:\/\/car4rent.fr\/fr\/wp-json\/wp\/v2\/product_cat?post=30410"},{"taxonomy":"product_tag","embeddable":true,"href":"https:\/\/car4rent.fr\/fr\/wp-json\/wp\/v2\/product_tag?post=30410"}],"curies":[{"name":"wp","href":"https:\/\/api.w.org\/{rel}","templated":true}]}}