{"id":30383,"date":"2023-01-31T11:07:05","date_gmt":"2023-01-31T10:07:05","guid":{"rendered":"https:\/\/car4rent.fr\/luxury-car-rental\/volkswagen-golf-gte\/"},"modified":"2024-10-06T11:52:00","modified_gmt":"2024-10-06T09:52:00","slug":"louer-une-volkswagen-golf","status":"publish","type":"product","link":"https:\/\/car4rent.fr\/fr\/luxury-car-rental\/louer-une-volkswagen-golf\/","title":{"rendered":"Louer une Volkswagen Golf GTE"},"content":{"rendered":"<h2>Louer une Volkswagen Golf GTE<\/h2>\n<p>Louez une Volkswagen Golf GTE et imaginez-vous sillonner les routes de la <a href=\"https:\/\/cotedazurfrance.fr\/decouvrir\/les-spots-incontournables\/top-12-des-lieux-incontournables-a-visiter-sur-la-cote-dazur\/\" target=\"_blank\" rel=\"noopener\">C\u00f4te d&rsquo;Azur<\/a> au volant de cette voiture de location hybride Golf 8. Car4rent vous permet de louer une voiture dans le sud de la France, entre Monaco et Marseille, afin de savourer le plaisir de d\u00e9couvrir l&rsquo;une des plus belles r\u00e9gions. Avec Car4rent, vous pouvez louer une Volkswagen Golf GTE et profiter de votre voiture de location au meilleur prix, que ce soit pour une escapade romantique, un voyage d&rsquo;affaires ou toute autre sortie.<\/p>\n<h2>Louer une Volkswagen Golf GTE<\/h2>\n<p>Cette berline compacte haute performance associe un moteur \u00e0 essence de 150 ch \u00e0 un moteur \u00e9lectrique, offrant une puissance totale de 245 ch et une autonomie de 45 km. Depuis pr\u00e8s de cinq d\u00e9cennies, la Golf est le mod\u00e8le embl\u00e9matique de Volkswagen, avec de nombreuses variantes cr\u00e9\u00e9es pour s&rsquo;adapter au profil du conducteur. La GTE est la version hybride rechargeable, offrant un design, une efficacit\u00e9 et une polyvalence r\u00e9ussis.<\/p>\n<p>La GTE est d\u00e9sormais sur un pied d&rsquo;\u00e9galit\u00e9 avec la GTi en termes de puissance, mais elle s&rsquo;adresse \u00e0 une client\u00e8le plus branch\u00e9e et plus attach\u00e9e aux valeurs environnementales. Il est facilement reconnaissable \u00e0 ses grandes roues de 18 pouces, \u00e0 sa signature ultra-brillante travaill\u00e9e avec une ligne de LEDs \u00e0 travers la calandre et des feux arri\u00e8re \u00e0 effet 3D, ainsi qu&rsquo;\u00e0 un bouclier sp\u00e9cifique. Bien qu&rsquo;\u00e9quip\u00e9e d&rsquo;une batterie de 160 kg, la taille du coffre reste raisonnable pour une voiture de ce type.<\/p>\n<p><span style=\"font-size: 14pt;\">D\u00e9couvrez la C\u00f4te d&rsquo;Azur<\/span><\/p>\n<p><span class=\"s1\">Pour beaucoup de gens, la C\u00f4te d&rsquo;Azur est synonyme de vacances. <\/span><span class=\"s1\">Entre mer M\u00e9diterran\u00e9e et montagnes, la C\u00f4te d&rsquo;Azur offre une \u00e9tonnante vari\u00e9t\u00e9 de couleurs et de paysages, f<\/span><span class=\"s1\">es plages de sable fin aux roches rouges des montagnes de l&rsquo;Esterel. Le bord de mer est bord\u00e9 de pins \u00e0 grappes, de palmiers et du maquis m\u00e9diterran\u00e9en. <\/span><\/p>\n<h5>Location Volkswagen Golf de 245cv pour explorer le massif de l&rsquo;Esterel<\/h5>\n<p>Bord\u00e9 d&rsquo;un c\u00f4t\u00e9 par la Provence calcaire et de l&rsquo;autre par la M\u00e9diterran\u00e9e, s&rsquo;il ne restait qu&rsquo;un c\u00f4t\u00e9, le massif de l&rsquo;Est\u00e9rel est un incontournable \u00e0 ne pas manquer ! Sa roche rouge caract\u00e9ristique et ses reliefs abrupts donnent au paysage tout son charme.<\/p>\n<h4>Choisissez le mod\u00e8le de Golf Volkswagen parfait \u00e0 louer<\/h4>\n<p>Louez une Golf GTE et nous pouvons la livrer sur votre lieu de vill\u00e9giature en France ou dans le nord de l&rsquo;Italie. Que ce soit dans un h\u00f4tel de Cannes ou de Saint-Tropez, d\u00e8s votre arriv\u00e9e \u00e0 l&rsquo;a\u00e9roport de Nice ou dans la vieille ville d&rsquo;Avignon, nous pouvons organiser la livraison de votre v\u00e9hicule de location en fonction de vos projets de vacances et de votre itin\u00e9raire.<\/p>\n<h3><span style=\"font-size: 14pt;\" data-index=\"6\">GARANTIE DE LA MARQUE ET DU MOD\u00c8LE GOLF DE VOLKSWAGEN EN FRANCE<\/span><\/h3>\n<p><span data-index=\"7\">Nous garantissons que la marque et le mod\u00e8le Golf location Volkswagen seront les m\u00eames que ceux que vous pouvez voir sur les photos de notre site.<\/span><\/p>\n<p><span style=\"font-size: 14pt;\">Combien co\u00fbte la location d&rsquo;une Volkswagen Golf GTE ?<\/span><\/p>\n<p>Le prix de la location de la Golf GTE est abordable: \u00e0 partir de 210\u20ac par jour.<\/p>\n<p><span style=\"font-size: 14pt;\" data-index=\"8\">UNE LARGE S\u00c9LECTION DE MOD\u00c8LES DE VOITURES DE LUXE ET DE PRESTIGE<\/span><\/p>\n<p>Ainsi, vous pouvez \u00eatre s\u00fbr de recevoir la voiture de luxe que vous avez r\u00e9serv\u00e9e \u00e0 l&rsquo;endroit et aux dates souhait\u00e9s. Notre large gamme de v\u00e9hicules prestigieux comprend, entre autres, des marques sublimes telles que Ferrari, Lamborghini, Porsche, Land Rover, Mercedes AMG, Bentley, Rolls-Royce et bien d&rsquo;autres mod\u00e8les encore.<\/p>\n<p><span data-index=\"5\">N&rsquo;h\u00e9sitez pas \u00e0 <strong><a href=\"https:\/\/car4rent.fr\/fr\/contact\/\" target=\"_blank\" rel=\"noopener\">contacter<\/a><\/strong> pour obtenir nos meilleures offres ou obtenir toute information.<\/span><\/p>\n","protected":false},"excerpt":{"rendered":"<p>Louer une Volkswagen Golf GTE est votre meilleure option. Imaginez-vous sillonner les routes de la C\u00f4te d&rsquo;Azur au volant d&rsquo;une Golf 8 GTE hybride de 245cv.<\/p>\n","protected":false},"featured_media":30096,"comment_status":"open","ping_status":"closed","template":"","meta":{"_acf_changed":false},"product_brand":[],"product_cat":[5415,5409],"product_tag":[],"class_list":{"0":"post-30383","1":"product","2":"type-product","3":"status-publish","4":"has-post-thumbnail","6":"product_cat-berline","7":"product_cat-volkswagen","9":"first","10":"instock","11":"shipping-taxable","12":"purchasable","13":"product-type-variable","14":"has-default-attributes"},"acf":[],"_links":{"self":[{"href":"https:\/\/car4rent.fr\/fr\/wp-json\/wp\/v2\/product\/30383","targetHints":{"allow":["GET"]}}],"collection":[{"href":"https:\/\/car4rent.fr\/fr\/wp-json\/wp\/v2\/product"}],"about":[{"href":"https:\/\/car4rent.fr\/fr\/wp-json\/wp\/v2\/types\/product"}],"replies":[{"embeddable":true,"href":"https:\/\/car4rent.fr\/fr\/wp-json\/wp\/v2\/comments?post=30383"}],"wp:featuredmedia":[{"embeddable":true,"href":"https:\/\/car4rent.fr\/fr\/wp-json\/wp\/v2\/media\/30096"}],"wp:attachment":[{"href":"https:\/\/car4rent.fr\/fr\/wp-json\/wp\/v2\/media?parent=30383"}],"wp:term":[{"taxonomy":"product_brand","embeddable":true,"href":"https:\/\/car4rent.fr\/fr\/wp-json\/wp\/v2\/product_brand?post=30383"},{"taxonomy":"product_cat","embeddable":true,"href":"https:\/\/car4rent.fr\/fr\/wp-json\/wp\/v2\/product_cat?post=30383"},{"taxonomy":"product_tag","embeddable":true,"href":"https:\/\/car4rent.fr\/fr\/wp-json\/wp\/v2\/product_tag?post=30383"}],"curies":[{"name":"wp","href":"https:\/\/api.w.org\/{rel}","templated":true}]}}