{"id":30232,"date":"2017-10-04T08:22:11","date_gmt":"2017-10-04T06:22:11","guid":{"rendered":"https:\/\/car4rent.fr\/luxury-car-rental\/range-rover-sport-p400e-hse-dynamic\/"},"modified":"2024-10-25T15:25:24","modified_gmt":"2024-10-25T13:25:24","slug":"louer-un-range-rover-sport","status":"publish","type":"product","link":"https:\/\/car4rent.fr\/fr\/luxury-car-rental\/louer-un-range-rover-sport\/","title":{"rendered":"Louer un Range Rover Sport"},"content":{"rendered":"<h2>Louer un Range Rover Sport<\/h2>\n<p>Louer un Range Rover Sport P460e Hybrid sur la <a href=\"https:\/\/cotedazurfrance.fr\/decouvrir\/les-spots-incontournables\/top-12-des-lieux-incontournables-a-visiter-sur-la-cote-dazur\/\" target=\"_blank\" rel=\"noopener\">C\u00f4te d&rsquo;Azur<\/a>, au meilleur prix chez Car4rent sera votre meilleur choix. Le Range Rover Sport offre luxe, performances routi\u00e8res et capacit\u00e9s tout-terrain hors du commeun. D\u00e9sormais, il peut \u00e9galement fonctionner \u00e0 l&rsquo;\u00e9nergie \u00e9lectrique sans \u00e9mission de gaz d&rsquo;\u00e9chappement.<\/p>\n<h2>Louer un Range Rover Sport et son \u00e9volution<\/h2>\n<p>Dans le pass\u00e9, les 4&#215;4 \u00e9taient souvent critiqu\u00e9s pour leurs \u00e9missions \u00e9lev\u00e9es. Cependant, le Range Rover Sport P440e peut d\u00e9sormais parcourir jusqu&rsquo;\u00e0 100 kilom\u00e8tres en mode \u00e9lectrique &#8211; z\u00e9ro \u00e9mission. Alors, louer un Range Rover Sport, avec son groupe propulseur hybride rechargeable n&rsquo;est elle pas votre meilleure option? Si ce n&rsquo;est pas dans vos intentions, nous pouvons \u00e9galement vous proposer le mod\u00e8le le plus rapide de la gamme, le SVR.<\/p>\n<p><img loading=\"lazy\" decoding=\"async\" class=\"alignnone wp-image-40623\" src=\"https:\/\/car4rent.fr\/wp-content\/uploads\/louer-un-range-rover.jpg\" alt=\"Louer un Range Rover Sport, range rover sport rental\" width=\"533\" height=\"387\" title=\"Car4Rent Cannes\" srcset=\"https:\/\/car4rent.fr\/wp-content\/uploads\/louer-un-range-rover.jpg 1024w, https:\/\/car4rent.fr\/wp-content\/uploads\/louer-un-range-rover-300x218.jpg 300w, https:\/\/car4rent.fr\/wp-content\/uploads\/louer-un-range-rover-768x557.jpg 768w, https:\/\/car4rent.fr\/wp-content\/uploads\/louer-un-range-rover-705x512.jpg 705w, https:\/\/car4rent.fr\/wp-content\/uploads\/louer-un-range-rover-450x327.jpg 450w\" sizes=\"auto, (max-width: 533px) 100vw, 533px\" \/><img loading=\"lazy\" decoding=\"async\" class=\"alignnone wp-image-40625\" src=\"https:\/\/car4rent.fr\/wp-content\/uploads\/range-rover-sport.jpg\" alt=\"Louer un Range Rover Sport, rent range rover sport\" width=\"533\" height=\"385\" title=\"Car4Rent Cannes\" srcset=\"https:\/\/car4rent.fr\/wp-content\/uploads\/range-rover-sport.jpg 1024w, https:\/\/car4rent.fr\/wp-content\/uploads\/range-rover-sport-300x217.jpg 300w, https:\/\/car4rent.fr\/wp-content\/uploads\/range-rover-sport-768x554.jpg 768w, https:\/\/car4rent.fr\/wp-content\/uploads\/range-rover-sport-705x509.jpg 705w, https:\/\/car4rent.fr\/wp-content\/uploads\/range-rover-sport-450x325.jpg 450w\" sizes=\"auto, (max-width: 533px) 100vw, 533px\" \/><\/p>\n<h3>La Location d&rsquo;un Land Rover Range Sport : Conception et ing\u00e9nierie<\/h3>\n<p>Le Range Rover Sport P460e est \u00e9quip\u00e9 d&rsquo;un moteur \u00e0 essence 6 cylindres de 3 litres et d&rsquo;une bo\u00eete de vitesses automatique \u00e0 8 rapports, associ\u00e9s \u00e0 un moteur \u00e9lectrique qui tire son \u00e9nergie d&rsquo;une batterie. Vous pouvez recharger la batterie en la branchant sur le secteur, ce qui vous donne une autonomie d&rsquo;environ 120 kilom\u00e8tres. Hormis l&rsquo;ajout de la batterie et du moteur \u00e9lectrique, le reste de la voiture demeure largement inchang\u00e9.<\/p>\n<p>Vous b\u00e9n\u00e9ficiez toujours de la transmission int\u00e9grale, de la possibilit\u00e9 de relever la suspension pour une utilisation tout-terrain et d&rsquo;un espace int\u00e9rieur g\u00e9n\u00e9reux pour les passagers et les bagages.<\/p>\n<h5>Louer une Range Rover Sport SVR sur la C\u00f4te d&rsquo;Azur<\/h5>\n<p>Vous vous d\u00e9placez en famille ou entres amis sur la C\u00f4te d&rsquo;Azur, vous avez trouv\u00e9 le meilleur dess SUV pour effectuer vos d\u00e9placemleents avec style. Partez \u00e0 la d\u00e9coiuvertes de <a href=\"https:\/\/generationvoyage.fr\/visiter-cannes-faire-voir\/\" target=\"_blank\" rel=\"noopener\">Cannes<\/a>, <a href=\"https:\/\/generationvoyage.fr\/endroits-visiter-monaco\/\" target=\"_blank\" rel=\"noopener\">Monaco<\/a> ou Saint-Tropez au volant du SVR. en effet, La version la plus sportive du Range Rover\u00a0 Sport se d\u00e9cline sous la patronyme SVR, offrant pas moins de 575cv! Nous pensons \u00e9galement qu&rsquo;il est tr\u00e8s esth\u00e9tique, tant \u00e0 l&rsquo;int\u00e9rieur qu&rsquo;\u00e0 l&rsquo;ext\u00e9rieur. L&rsquo;int\u00e9rieur est dot\u00e9 d&rsquo;un tableau de bord num\u00e9rique et d&rsquo;un \u00e9cran tactile central.<\/p>\n<h4>Offres sp\u00e9ciales location en Europe<\/h4>\n<p>Car4rent \u00e0 d\u00e9velopp\u00e9 un r\u00e9seau en Europe en se rapprochant du r\u00e9seau Driverso, permi\u00e8re plate-forme de r\u00e9servation de voitures de luxe en Europe. Cela vous permet de pouvoir b\u00e9n\u00e9ficier des m\u00eames avantages que si vous souscriviez un contrat de location avec Car4rent.<\/p>\n","protected":false},"excerpt":{"rendered":"<p>Louer un Range Rover Sport P460e Hybrid au meilleur prix avec Car4rent est votre meilleure option. Le Range Rover Sport est la voiture id\u00e9ale, offrant tout, du luxe aux performances routi\u00e8res et aux capacit\u00e9s tout-terrains.<\/p>\n","protected":false},"featured_media":41462,"comment_status":"open","ping_status":"closed","template":"","meta":{"_acf_changed":false},"product_brand":[],"product_cat":[5407,5414],"product_tag":[],"class_list":{"0":"post-30232","1":"product","2":"type-product","3":"status-publish","4":"has-post-thumbnail","6":"product_cat-range-rover-fr","7":"product_cat-suv-sport-utility-vehicle","9":"first","10":"instock","11":"shipping-taxable","12":"purchasable","13":"product-type-variable","14":"has-default-attributes"},"acf":[],"_links":{"self":[{"href":"https:\/\/car4rent.fr\/fr\/wp-json\/wp\/v2\/product\/30232","targetHints":{"allow":["GET"]}}],"collection":[{"href":"https:\/\/car4rent.fr\/fr\/wp-json\/wp\/v2\/product"}],"about":[{"href":"https:\/\/car4rent.fr\/fr\/wp-json\/wp\/v2\/types\/product"}],"replies":[{"embeddable":true,"href":"https:\/\/car4rent.fr\/fr\/wp-json\/wp\/v2\/comments?post=30232"}],"wp:featuredmedia":[{"embeddable":true,"href":"https:\/\/car4rent.fr\/fr\/wp-json\/wp\/v2\/media\/41462"}],"wp:attachment":[{"href":"https:\/\/car4rent.fr\/fr\/wp-json\/wp\/v2\/media?parent=30232"}],"wp:term":[{"taxonomy":"product_brand","embeddable":true,"href":"https:\/\/car4rent.fr\/fr\/wp-json\/wp\/v2\/product_brand?post=30232"},{"taxonomy":"product_cat","embeddable":true,"href":"https:\/\/car4rent.fr\/fr\/wp-json\/wp\/v2\/product_cat?post=30232"},{"taxonomy":"product_tag","embeddable":true,"href":"https:\/\/car4rent.fr\/fr\/wp-json\/wp\/v2\/product_tag?post=30232"}],"curies":[{"name":"wp","href":"https:\/\/api.w.org\/{rel}","templated":true}]}}