{"id":40520,"date":"2024-04-25T18:14:01","date_gmt":"2024-04-25T16:14:01","guid":{"rendered":"https:\/\/car4rent.fr\/mercedes-v-class-rental-nice-airport\/"},"modified":"2024-05-01T16:51:22","modified_gmt":"2024-05-01T14:51:22","slug":"location-mercedes-classe-v-aeroport-de-nice","status":"publish","type":"page","link":"https:\/\/car4rent.fr\/fr\/location-mercedes-classe-v-aeroport-de-nice\/","title":{"rendered":"Location Mercedes Classe V a\u00e9roport de Nice"},"content":{"rendered":"\n<style type=\"text\/css\" data-created_by=\"avia_inline_auto\" id=\"style-css-av-eayuezn-c95eeaeab71cb71123dc04dd16aa8327\">\n.avia-section.av-eayuezn-c95eeaeab71cb71123dc04dd16aa8327 .av-parallax .av-parallax-inner{\nbackground-repeat:no-repeat;\nbackground-image:url(https:\/\/car4rent.fr\/wp-content\/uploads\/rent-a-van.jpg);\nbackground-position:50% 50%;\nbackground-attachment:scroll;\n}\n<\/style>\n<div id='av_section_1'  class='avia-section av-eayuezn-c95eeaeab71cb71123dc04dd16aa8327 main_color avia-section-huge avia-no-border-styling  avia-builder-el-0  el_before_av_section  avia-builder-el-first  avia-full-stretch av-parallax-section avia-bg-style-parallax av-minimum-height av-minimum-height-custom av-height-custom  container_wrap fullsize'  data-section-bg-repeat='stretch' data-av_minimum_height_px='350'><div class='av-parallax' data-avia-parallax-ratio='0.3' ><div class='av-parallax-inner main_color avia-full-stretch'><\/div><\/div><div class=\"av-section-color-overlay-wrap\"><a href='#next-section' title='' class='scroll-down-link  avia-svg-icon avia-font-svg_entypo-fontello' data-av_svg_icon='down-open-mini' data-av_iconset='svg_entypo-fontello'><svg version=\"1.1\" xmlns=\"http:\/\/www.w3.org\/2000\/svg\" width=\"15\" height=\"32\" viewBox=\"0 0 15 32\" preserveAspectRatio=\"xMidYMid meet\" aria-labelledby='av-svg-title-1' aria-describedby='av-svg-desc-1' role=\"graphics-symbol\" aria-hidden=\"true\">\n<title id='av-svg-title-1'>Scroller vers la prochaine section<\/title>\n<desc id='av-svg-desc-1'>Scroller vers la prochaine section<\/desc>\n<path d=\"M12.96 12.16q0.704-0.832 1.536 0 0.832 0.704 0 1.536l-6.272 6.144q-0.704 0.704-1.536 0l-6.272-6.144q-0.832-0.832 0-1.536 0.768-0.768 1.6 0l5.44 4.992z\"><\/path>\n<\/svg><\/a><div class='container av-section-cont-open' style='height:350px'><main  class='template-page content  av-content-full alpha units'><div class='post-entry post-entry-type-page post-entry-40520'><div class='entry-content-wrapper clearfix'>\n<\/div><\/div><\/main><!-- close content main element --><\/div><\/div><\/div><div id='av_section_2'  class='avia-section av-9l9nfk3-123bc668b8ea5fe09862482000f70d07 main_color avia-section-default avia-no-shadow  avia-builder-el-1  el_after_av_section  el_before_av_section  avia-bg-style-scroll container_wrap fullsize'  ><div class='container av-section-cont-open' ><div class='template-page content  av-content-full alpha units'><div class='post-entry post-entry-type-page post-entry-40520'><div class='entry-content-wrapper clearfix'>\n\n<style type=\"text\/css\" data-created_by=\"avia_inline_auto\" id=\"style-css-av-lvf5gvqo-68cdae022805ff5cdab89abd0e654ef7\">\n#top .av-special-heading.av-lvf5gvqo-68cdae022805ff5cdab89abd0e654ef7{\npadding-bottom:10px;\nfont-size:35px;\n}\nbody .av-special-heading.av-lvf5gvqo-68cdae022805ff5cdab89abd0e654ef7 .av-special-heading-tag .heading-char{\nfont-size:25px;\n}\n#top #wrap_all .av-special-heading.av-lvf5gvqo-68cdae022805ff5cdab89abd0e654ef7 .av-special-heading-tag{\nfont-size:35px;\n}\n.av-special-heading.av-lvf5gvqo-68cdae022805ff5cdab89abd0e654ef7 .av-subheading{\nfont-size:15px;\n}\n\n@media only screen and (min-width: 480px) and (max-width: 767px){ \n#top #wrap_all .av-special-heading.av-lvf5gvqo-68cdae022805ff5cdab89abd0e654ef7 .av-special-heading-tag{\nfont-size:0.8em;\n}\n}\n\n@media only screen and (max-width: 479px){ \n#top #wrap_all .av-special-heading.av-lvf5gvqo-68cdae022805ff5cdab89abd0e654ef7 .av-special-heading-tag{\nfont-size:0.8em;\n}\n}\n<\/style>\n<div  class='av-special-heading av-lvf5gvqo-68cdae022805ff5cdab89abd0e654ef7 av-special-heading-h4 blockquote modern-quote modern-centered  avia-builder-el-2  el_before_av_hr  avia-builder-el-first  av-inherit-size'><h4 class='av-special-heading-tag '  >Location Mercedes Classe V a\u00e9roport de Nice<\/h4><div class=\"special-heading-border\"><div class=\"special-heading-inner-border\"><\/div><\/div><\/div>\n<div  class='hr av-8vm84ar-9c8faac843b62a173752622286de72ca hr-default  avia-builder-el-3  el_after_av_heading  el_before_av_textblock '><span class='hr-inner '><span class=\"hr-inner-style\"><\/span><\/span><\/div>\n<section  class='av_textblock_section av-lvf5il1e-705869a202074947b31f88a8a1a185f9 '  ><div class='avia_textblock' ><section id=\"block0\" class=\"stripe row-content block0 fullwidth\">\n<div class=\"column small-five small-push-one reset last\">\n<div class=\"boxcontent\">\n<h3>Location Mercedes Classe V a\u00e9roport de Nice<\/h3>\n<p>Bienvenue dans le summum du voyage de luxe \u00e0 l&rsquo;<a href=\"https:\/\/www.nice.aeroport.fr\/\" target=\"_blank\" rel=\"noopener\">a\u00e9roport de Nice<\/a> ! D\u00e9couvrez le summum du confort, du style et de la polyvalence et d\u00e9placez vous \u00e0 bord du dernier Mercedes Classe V.<\/p>\n<p>Que vous arriviez sur la C\u00f4te d&rsquo;Azur pour affaires ou pour le plaisir, notre flotte de v\u00e9hicules de luxe offre le m\u00e9lange parfait de sophistication et de praticit\u00e9 pour rehausser votre exp\u00e9rience de voyage.<\/p>\n<p>Con\u00e7ue pour accueillir jusqu&rsquo;\u00e0 8 passagers, le Mercedes Classe V est id\u00e9al pour les familles, les petits groupes ou les cadres \u00e0 la recherche d&rsquo;un mode de transport spacieux et raffin\u00e9.<\/p>\n<p>Entrez dans l\u2019int\u00e9rieur somptueux de notre Mercedes Classe V et profitez des \u00e9quipements haut de gamme qui red\u00e9finissent le luxe du voyage. Des si\u00e8ges en cuir moelleux, un \u00e9clairage d&rsquo;ambiance et des syst\u00e8mes de divertissement de pointe garantissent que chaque voyage soit une exp\u00e9rience agr\u00e9able.<\/p>\n<p><img loading=\"lazy\" decoding=\"async\" class=\"alignnone wp-image-40556 \" src=\"https:\/\/car4rent.fr\/wp-content\/uploads\/mercedes-V-class-rental.jpeg\" alt=\"Location Mercedes Classe V a\u00e9roport de Nice\" width=\"278\" height=\"208\" title=\"Car4Rent Cannes\" srcset=\"https:\/\/car4rent.fr\/wp-content\/uploads\/mercedes-V-class-rental.jpeg 1024w, https:\/\/car4rent.fr\/wp-content\/uploads\/mercedes-V-class-rental-300x225.jpeg 300w, https:\/\/car4rent.fr\/wp-content\/uploads\/mercedes-V-class-rental-768x576.jpeg 768w, https:\/\/car4rent.fr\/wp-content\/uploads\/mercedes-V-class-rental-705x529.jpeg 705w, https:\/\/car4rent.fr\/wp-content\/uploads\/mercedes-V-class-rental-450x338.jpeg 450w\" sizes=\"auto, (max-width: 278px) 100vw, 278px\" \/><img loading=\"lazy\" decoding=\"async\" class=\"alignnone wp-image-40558 \" src=\"https:\/\/car4rent.fr\/wp-content\/uploads\/mercedes-V-Class-hire.jpeg\" alt=\"Location Mercedes Classe V a\u00e9roport de Nice\" width=\"278\" height=\"208\" title=\"Car4Rent Cannes\" srcset=\"https:\/\/car4rent.fr\/wp-content\/uploads\/mercedes-V-Class-hire.jpeg 1024w, https:\/\/car4rent.fr\/wp-content\/uploads\/mercedes-V-Class-hire-300x225.jpeg 300w, https:\/\/car4rent.fr\/wp-content\/uploads\/mercedes-V-Class-hire-768x576.jpeg 768w, https:\/\/car4rent.fr\/wp-content\/uploads\/mercedes-V-Class-hire-705x529.jpeg 705w, https:\/\/car4rent.fr\/wp-content\/uploads\/mercedes-V-Class-hire-450x338.jpeg 450w\" sizes=\"auto, (max-width: 278px) 100vw, 278px\" \/><img loading=\"lazy\" decoding=\"async\" class=\"alignnone wp-image-40560 \" src=\"https:\/\/car4rent.fr\/wp-content\/uploads\/rent-a-mercedes-V-Class.jpeg\" alt=\"Location Mercedes Classe V a\u00e9roport de Nice\" width=\"278\" height=\"208\" title=\"Car4Rent Cannes\" srcset=\"https:\/\/car4rent.fr\/wp-content\/uploads\/rent-a-mercedes-V-Class.jpeg 1024w, https:\/\/car4rent.fr\/wp-content\/uploads\/rent-a-mercedes-V-Class-300x225.jpeg 300w, https:\/\/car4rent.fr\/wp-content\/uploads\/rent-a-mercedes-V-Class-768x576.jpeg 768w, https:\/\/car4rent.fr\/wp-content\/uploads\/rent-a-mercedes-V-Class-705x529.jpeg 705w, https:\/\/car4rent.fr\/wp-content\/uploads\/rent-a-mercedes-V-Class-450x338.jpeg 450w\" sizes=\"auto, (max-width: 278px) 100vw, 278px\" \/><img loading=\"lazy\" decoding=\"async\" class=\"alignnone wp-image-40566 \" src=\"https:\/\/car4rent.fr\/wp-content\/uploads\/mercedes-V-Class-rental-Cannes.jpeg\" alt=\"Location Mercedes Classe V a\u00e9roport de Nice\" width=\"278\" height=\"208\" title=\"Car4Rent Cannes\" srcset=\"https:\/\/car4rent.fr\/wp-content\/uploads\/mercedes-V-Class-rental-Cannes.jpeg 1024w, https:\/\/car4rent.fr\/wp-content\/uploads\/mercedes-V-Class-rental-Cannes-300x225.jpeg 300w, https:\/\/car4rent.fr\/wp-content\/uploads\/mercedes-V-Class-rental-Cannes-768x576.jpeg 768w, https:\/\/car4rent.fr\/wp-content\/uploads\/mercedes-V-Class-rental-Cannes-705x529.jpeg 705w, https:\/\/car4rent.fr\/wp-content\/uploads\/mercedes-V-Class-rental-Cannes-450x338.jpeg 450w\" sizes=\"auto, (max-width: 278px) 100vw, 278px\" \/><\/p>\n<p><span style=\"font-size: 14pt;\">Louer une Mercedes Classe V \u00e0 l&rsquo;a\u00e9roport de Nice<\/span><\/p>\n<p>\u00c0 l\u2019a\u00e9roport de Nice, la commodit\u00e9 est primordiale. C&rsquo;est pourquoi notre service de location de Mercedes Classe V propose des options de prise en charge et de restitution fluides pour s&rsquo;adapter \u00e0 votre programme de voyage.<\/p>\n<p>Que vous arriviez d&rsquo;un vol international ou que vous partiez vers votre prochaine destination, notre \u00e9quipe d\u00e9vou\u00e9e s&rsquo;engage \u00e0 fournir un service client in\u00e9gal\u00e9 pour r\u00e9pondre \u00e0 tous vos besoins.<\/p>\n<p>La location Mercedes Classe V a\u00e9roport de Nice vous permet d&rsquo;explorer les superbes sites de la C\u00f4te d\u2019Azur avec style.<\/p>\n<p>Des rues glamour de Monaco aux villages pittoresques de Provence, la Mercedes Classe V offre une polyvalence in\u00e9gal\u00e9e pour s&rsquo;adapter \u00e0 votre itin\u00e9raire de voyage. Avec un grand espace de chargement pour les bagages et des \u00e9quipements luxueux pour am\u00e9liorer votre confort, votre voyage sur la C\u00f4te d&rsquo;Azur commence d\u00e8s que vous montez \u00e0 bord de votre loaction Mercedes Classe V a\u00e9roport de Nice.<\/p>\n<p>Offrez-vous le luxe de l&rsquo;artisanat Mercedes-Benz et d\u00e9couvrez le summum de la location dau volant d&rsquo;un v\u00e9hicule de luxe.<\/p>\n<p>R\u00e9servez votre Mercedes Classe V d\u00e8s aujourd&rsquo;hui et \u00e9levez votre exp\u00e9rience de voyage vers de nouveaux sommets d&rsquo;excellence.<\/p>\n<p><span style=\"font-size: 14pt;\">Location de voitures de luxe<\/span><\/p>\n<p>Louez une voiture de luxe \u00e0 Cannes avec Car4rent. Notre \u00e9quipe de service client d\u00e9di\u00e9e est \u00e0 votre enti\u00e8re disposition et fera tout ce qui est possible pour rendre votre exp\u00e9rience de conduite des plus agr\u00e9ables.<\/p>\n<p>Car4rent sera toujours disponible pour s&rsquo;assurer que chaque d\u00e9tail soit respect\u00e9. Ainsi, nous pouvons faire de votre voyage un moment inoubliable.<\/p>\n<p>Notre service ne s&rsquo;arr\u00eate pas \u00e0 la livraison de la voiture. Si vous deviez rencontrer un probl\u00e8me pendant votre s\u00e9jour, n&rsquo;h\u00e9sitez pas \u00e0 prendre <a href=\"https:\/\/car4rent.fr\/fr\/contact\/\" target=\"_blank\" rel=\"noopener\">contact<\/a> avec notre \u00e9quipe d\u00e8s maintenant pour obtenir toute information compl\u00e9mentaire.<\/p>\n<\/div>\n<\/div>\n<\/section>\n<section id=\"block1\" class=\"stripe row-content block1 fullwidth\">\n<\/section>\n<\/div><\/section>\n\n<style type=\"text\/css\" data-created_by=\"avia_inline_auto\" id=\"style-css-av-ujx283-c4fcb88dffd19933e015d8e2bdf8b126\">\n.flex_column.av-ujx283-c4fcb88dffd19933e015d8e2bdf8b126{\nborder-radius:0px 0px 0px 0px;\npadding:0px 0px 0px 0px;\n}\n<\/style>\n<div  class='flex_column av-ujx283-c4fcb88dffd19933e015d8e2bdf8b126 av_one_third  avia-builder-el-5  el_after_av_textblock  el_before_av_one_third  first flex_column_div av-zero-column-padding  column-top-margin'     ><style type=\"text\/css\" data-created_by=\"avia_inline_auto\" id=\"style-css-av-838v00z-fc670d1503b5af1363d6068b9525db0c\">\n.iconbox.av-838v00z-fc670d1503b5af1363d6068b9525db0c .iconbox_icon{\nbackground-color:#6834bd;\n}\n<\/style>\n<article  class='iconbox iconbox_top av-838v00z-fc670d1503b5af1363d6068b9525db0c  avia-builder-el-6  avia-builder-el-no-sibling  main_color' ><div class=\"iconbox_content\"><header class=\"entry-content-header\" aria-label=\"Ic\u00f4ne : \"><div class='iconbox_icon heading-color avia-iconfont avia-font-entypo-fontello' data-av_icon='\ue82a' data-av_iconfont='entypo-fontello'  ><\/div><\/header><div class='iconbox_content_container ' ><h3>A la recherche d&rsquo;une voiture de location Mercedesbenz Classe V a\u00e9roport de Nice<\/h3>\n<hr \/>\n<p>Nous proposons \u00e0 la location des voitures de luxe et de sport, mais \u00e9galement une large gamme de SUV et de cabriolets. D\u00e9couvrez nos voitures de r\u00eave.<\/p>\n<p>Prix \u00e0 partir de 260\u20ac \/ jour.<\/p>\n<\/div><\/div><footer class=\"entry-footer\"><\/footer><\/article><\/div>\n<style type=\"text\/css\" data-created_by=\"avia_inline_auto\" id=\"style-css-av-r88xmr-910257c461c6ba0220273303b908af11\">\n.flex_column.av-r88xmr-910257c461c6ba0220273303b908af11{\nborder-radius:0px 0px 0px 0px;\npadding:0px 0px 0px 0px;\n}\n<\/style>\n<div  class='flex_column av-r88xmr-910257c461c6ba0220273303b908af11 av_one_third  avia-builder-el-7  el_after_av_one_third  el_before_av_one_third  flex_column_div av-zero-column-padding  column-top-margin'     ><style type=\"text\/css\" data-created_by=\"avia_inline_auto\" id=\"style-css-av-7btyvoj-bd31198a683045dc8f78c20373f862ed\">\n.iconbox.av-7btyvoj-bd31198a683045dc8f78c20373f862ed .iconbox_icon{\nbackground-color:#6834bd;\n}\n<\/style>\n<article  class='iconbox iconbox_top av-7btyvoj-bd31198a683045dc8f78c20373f862ed  avia-builder-el-8  avia-builder-el-no-sibling  main_color' ><div class=\"iconbox_content\"><header class=\"entry-content-header\" aria-label=\"Ic\u00f4ne : \"><div class='iconbox_icon heading-color avia-iconfont avia-font-entypo-fontello' data-av_icon='\ue842' data-av_iconfont='entypo-fontello'  ><\/div><\/header><div class='iconbox_content_container ' ><h3>Agences \u00e0 l\u2019a\u00e9roport de Nice, Cannes, Monaco et Saint-Tropez<\/h3>\n<hr \/>\n<p>Nous proposons \u00e0 la location des voitures de sport et de luxe, mais \u00e9galement une large gamme de SUV et de cabriolets. D\u00e9couvrez nos voitures de r\u00eave.<\/p>\n<\/div><\/div><footer class=\"entry-footer\"><\/footer><\/article><\/div>\n<style type=\"text\/css\" data-created_by=\"avia_inline_auto\" id=\"style-css-av-6ujg1k3-de6ba62e7d0bfa4040a32f6308c0a576\">\n.flex_column.av-6ujg1k3-de6ba62e7d0bfa4040a32f6308c0a576{\nborder-radius:0px 0px 0px 0px;\npadding:0px 0px 0px 0px;\n}\n<\/style>\n<div  class='flex_column av-6ujg1k3-de6ba62e7d0bfa4040a32f6308c0a576 av_one_third  avia-builder-el-9  el_after_av_one_third  avia-builder-el-last  flex_column_div av-zero-column-padding  column-top-margin'     ><style type=\"text\/css\" data-created_by=\"avia_inline_auto\" id=\"style-css-av-mbjhab-0a18d1b8e1cde26ed220084cb8a7e61c\">\n.iconbox.av-mbjhab-0a18d1b8e1cde26ed220084cb8a7e61c .iconbox_icon{\nbackground-color:#6834bd;\n}\n<\/style>\n<article  class='iconbox iconbox_top av-mbjhab-0a18d1b8e1cde26ed220084cb8a7e61c  avia-builder-el-10  avia-builder-el-no-sibling  main_color' ><div class=\"iconbox_content\"><header class=\"entry-content-header\" aria-label=\"Ic\u00f4ne : \"><div class='iconbox_icon heading-color avia-iconfont avia-font-entypo-fontello' data-av_icon='\ue80b' data-av_iconfont='entypo-fontello'  ><\/div><\/header><div class='iconbox_content_container ' ><h2><\/h2>\n<h3>Un service sur mesure<\/h3>\n<hr \/>\n<p>Une \u00e9quipe d\u00e9vou\u00e9e et attentive se tient \u00e0 votre disposition pour vous fournir toute information ou r\u00e9pondre \u00e0 vos demandes. Votre voiture peut \u00eatre livr\u00e9e sur demande directement \u00e0 votre arriv\u00e9e aux a\u00e9roports de Nice, de Grenoble, ou de Lyon Saint-Exup\u00e9ry, ou encore directement sur votre lieu de vill\u00e9giature, \u00e0 votre h\u00f4tel ou n&rsquo;importe o\u00f9 en France \u00e0 la destination de votre choix.<\/p>\n<\/div><\/div><footer class=\"entry-footer\"><\/footer><\/article><\/div><\/div><\/div><\/div><!-- close content main div --><\/div><\/div><div id='contactez-nous'  class='avia-section av-5spxzdv-2a7f84e0170b30a3b81e7f9d543bcc67 main_color avia-section-default avia-no-border-styling  avia-builder-el-11  el_after_av_section  el_before_av_section  avia-bg-style-scroll container_wrap fullsize'  ><div class='container av-section-cont-open' ><div class='template-page content  av-content-full alpha units'><div class='post-entry post-entry-type-page post-entry-40520'><div class='entry-content-wrapper clearfix'>\n<div  class='hr av-5ffk6tf-8c211de3e8214a7448771708172d4e95 hr-default  avia-builder-el-12  el_before_av_one_full  avia-builder-el-first '><span class='hr-inner '><span class=\"hr-inner-style\"><\/span><\/span><\/div>\n<div  class='flex_column av-v5et5v-862824db0f0f7a4a81f0f31ebc94efae av_one_full  avia-builder-el-13  el_after_av_hr  el_before_av_hr  first flex_column_div  '     ><section  class='av_textblock_section av-lvff6wjd-af74ade7ff4c3221173ef3134c52e455 '  ><div class='avia_textblock' ><p style=\"text-align: center;\"><span style=\"font-size: 14pt;\">La location Mercedes Classe V a\u00e9roport de Nice vous int\u00e9resse ? Besoin d&rsquo;un renseignement ?<\/span><\/p>\n<\/div><\/section><\/div>\n<style type=\"text\/css\" data-created_by=\"avia_inline_auto\" id=\"style-css-av-4jru3hf-1d693fce5bd42e1e0d3739ecdf478019\">\n#top .hr.hr-invisible.av-4jru3hf-1d693fce5bd42e1e0d3739ecdf478019{\nheight:25px;\n}\n<\/style>\n<div  class='hr av-4jru3hf-1d693fce5bd42e1e0d3739ecdf478019 hr-invisible  avia-builder-el-15  el_after_av_one_full  el_before_av_two_third '><span class='hr-inner '><span class=\"hr-inner-style\"><\/span><\/span><\/div>\n\n<style type=\"text\/css\" data-created_by=\"avia_inline_auto\" id=\"style-css-av-3xs60eb-4fce8c231f3afcbb3a417b720ec3ad7e\">\n.flex_column.av-3xs60eb-4fce8c231f3afcbb3a417b720ec3ad7e{\nborder-radius:0px 0px 0px 0px;\npadding:0px 0px 0px 0px;\n}\n<\/style>\n<div  class='flex_column av-3xs60eb-4fce8c231f3afcbb3a417b720ec3ad7e av_two_third  avia-builder-el-16  el_after_av_hr  el_before_av_one_third  first flex_column_div av-zero-column-padding  '     ><p><section  class='av_textblock_section av-1ry1dr7-f14447a06b8f45dba07a10ba1bb10f39 '  ><div class='avia_textblock' ><p><span style=\"font-size: 14pt;\">Nous contacter \u00e0 l&rsquo;aide du formulaire ci-dessous<\/span><\/p>\n<\/div><\/section><br \/>\n<section  class='av_textblock_section av-2z9oi1v-adefc71b0a9f7c77a663a62a4810214b '  ><div class='avia_textblock' ><div class=\"wpforms-container wpforms-container-full\" id=\"wpforms-27233\"><form id=\"wpforms-form-27233\" class=\"wpforms-validate wpforms-form\" data-formid=\"27233\" method=\"post\" enctype=\"multipart\/form-data\" action=\"\/fr\/wp-json\/wp\/v2\/pages\/40520\" data-token=\"4956c4069c64749b1df536230bf32717\" data-token-time=\"1776863594\"><noscript class=\"wpforms-error-noscript\">Veuillez activer JavaScript dans votre navigateur pour remplir ce formulaire.<\/noscript><div class=\"wpforms-field-container\"><div id=\"wpforms-27233-field_5-container\" class=\"wpforms-field wpforms-field-name\" data-field-id=\"5\"><label class=\"wpforms-field-label\">Nom <span class=\"wpforms-required-label\">*<\/span><\/label><div class=\"wpforms-field-row wpforms-field-medium\"><div class=\"wpforms-field-row-block wpforms-first wpforms-one-half\"><input type=\"text\" id=\"wpforms-27233-field_5\" class=\"wpforms-field-name-first wpforms-field-required\" name=\"wpforms[fields][5][first]\" required><label for=\"wpforms-27233-field_5\" class=\"wpforms-field-sublabel after\">First<\/label><\/div><div class=\"wpforms-field-row-block wpforms-one-half\"><input type=\"text\" id=\"wpforms-27233-field_5-last\" class=\"wpforms-field-name-last wpforms-field-required\" name=\"wpforms[fields][5][last]\" required><label for=\"wpforms-27233-field_5-last\" class=\"wpforms-field-sublabel after\">Last<\/label><\/div><\/div><\/div><div id=\"wpforms-27233-field_9-container\" class=\"wpforms-field wpforms-field-layout\" data-field-id=\"9\"><div class=\"wpforms-field-layout-rows wpforms-field-large\"><div class=\"wpforms-layout-row\"><div class=\"wpforms-layout-column wpforms-layout-column-50\"><div id=\"wpforms-27233-field_7-container\" class=\"wpforms-field wpforms-field-email\" data-field-id=\"7\"><label class=\"wpforms-field-label\" for=\"wpforms-27233-field_7\">Courriel <span class=\"wpforms-required-label\">*<\/span><\/label><input type=\"email\" id=\"wpforms-27233-field_7\" class=\"wpforms-field-medium wpforms-field-required\" name=\"wpforms[fields][7]\" spellcheck=\"false\" required><\/div><\/div><div class=\"wpforms-layout-column wpforms-layout-column-50\"><div id=\"wpforms-27233-field_8-container\" class=\"wpforms-field wpforms-field-phone\" data-field-id=\"8\"><label class=\"wpforms-field-label\" for=\"wpforms-27233-field_8\">T\u00e9l\u00e9phone <span class=\"wpforms-required-label\">*<\/span><\/label><input type=\"tel\" id=\"wpforms-27233-field_8\" class=\"wpforms-field-medium wpforms-field-required\" data-rule-int-phone-field=\"true\" name=\"wpforms[fields][8]\" aria-label=\"T\u00e9l\u00e9phone\" required><\/div><\/div><\/div><\/div><\/div><div id=\"wpforms-27233-field_4-container\" class=\"wpforms-field wpforms-field-textarea\" data-field-id=\"4\"><label class=\"wpforms-field-label\" for=\"wpforms-27233-field_4\">Message<\/label><textarea id=\"wpforms-27233-field_4\" class=\"wpforms-field-medium\" name=\"wpforms[fields][4]\" ><\/textarea><\/div><\/div><!-- .wpforms-field-container --><div class=\"wpforms-recaptcha-container wpforms-is-recaptcha wpforms-is-recaptcha-type-v3\" ><input type=\"hidden\" name=\"wpforms[recaptcha]\" value=\"\"><\/div><div class=\"wpforms-submit-container\" ><input type=\"hidden\" name=\"wpforms[id]\" value=\"27233\"><input type=\"hidden\" name=\"page_title\" value=\"\"><input type=\"hidden\" name=\"page_url\" value=\"https:\/\/car4rent.fr\/fr\/wp-json\/wp\/v2\/pages\/40520\"><input type=\"hidden\" name=\"url_referer\" value=\"\"><button type=\"submit\" name=\"wpforms[submit]\" id=\"wpforms-submit-27233\" class=\"wpforms-submit\" data-alt-text=\"Envoi\" data-submit-text=\"Soumettre\" aria-live=\"assertive\" value=\"wpforms-submit\">Soumettre<\/button><\/div><\/form><\/div>  <!-- .wpforms-container -->\n<\/div><\/section><\/p><\/div>\n<style type=\"text\/css\" data-created_by=\"avia_inline_auto\" id=\"style-css-av-2mt8t7n-7314e893bcc446f9039705319d1d04d1\">\n.flex_column.av-2mt8t7n-7314e893bcc446f9039705319d1d04d1{\nborder-radius:0px 0px 0px 0px;\npadding:0px 0px 0px 0px;\n}\n<\/style>\n<div  class='flex_column av-2mt8t7n-7314e893bcc446f9039705319d1d04d1 av_one_third  avia-builder-el-19  el_after_av_two_third  avia-builder-el-last  flex_column_div av-zero-column-padding  '     ><p><section  class='av_textblock_section av-av_textblock-8eba2417de9ea263f0cb5a774f45768a '  ><div class='avia_textblock' ><p><span style=\"font-size: 14pt;\">Nous contacter par t\u00e9l\u00e9phone<\/span><\/p>\n<\/div><\/section><br \/>\n<section  class='av_textblock_section av-av_textblock-8eba2417de9ea263f0cb5a774f45768a '  ><div class='avia_textblock' ><p>Agence de Cannes (09H-12H00 et 15H00-19H00)<br \/>\n10, rue Hibert &#8211; 06400 Cannes<br \/>\nPhone : <a href=\"tel:0033788278586\">+33(0)7 88 27 85 86<\/a><br \/>\nMail : <a href=\"mailto:info@car4rent.fr\">info@car4rent.fr<\/a><\/p>\n<\/div><\/section><\/p><\/div>\n<\/p>\n<\/div><\/div><\/div><!-- close content main div --><\/div><\/div><div id='av_section_4'  class='avia-section av-1269ls3-284827246acec7aaef163aea02ea7735 main_color avia-section-default avia-no-border-styling  avia-builder-el-22  el_after_av_section  avia-builder-el-last  avia-bg-style-scroll container_wrap fullsize'  ><div class='container av-section-cont-open' ><div class='template-page content  av-content-full alpha units'><div class='post-entry post-entry-type-page post-entry-40520'><div class='entry-content-wrapper clearfix'>\n<div  class='avia-builder-widget-area clearfix  avia-builder-el-23  avia-builder-el-no-sibling '><div id=\"text-9\" class=\"widget clearfix widget_text\">\t\t\t<div class=\"textwidget\"><p style=\"text-align: center;\">    <div class=\"car4rent-share-block car4rent-fr\">\n        <a href=\"https:\/\/www.facebook.com\/sharer\/sharer.php?u=\" target=\"_blank\" rel=\"noopener\"><i class=\"fa-brands fa-facebook\"><\/i> Partager<\/a>\n        <a href=\"https:\/\/x.com\/intent\/tweet?url=&amp;text=\" target=\"_blank\" rel=\"noopener\"><i class=\"fa-brands fa-x-twitter\"><\/i> X<\/a>\n        <a href=\"https:\/\/wa.me\/?text=%20\" target=\"_blank\" rel=\"noopener\"><i class=\"fa-brands fa-whatsapp\"><\/i> WhatsApp<\/a>\n        <a href=\"https:\/\/www.instagram.com\/car4rent_cannes\/\" target=\"_blank\" rel=\"noopener\"><i class=\"fa-brands fa-instagram\"><\/i> Instagram<\/a>\n        <a href=\"https:\/\/www.linkedin.com\/company\/car4rent\/about\/\" target=\"_blank\" rel=\"noopener\"><i class=\"fa-brands fa-linkedin\"><\/i> LinkedIn<\/a>\n        <a href=\"https:\/\/www.youtube.com\/@car4rentcannes839\" target=\"_blank\" rel=\"noopener\"><i class=\"fa-brands fa-youtube\"><\/i> YouTube<\/a>\n    <\/div>\n    <\/p>\n<\/div>\n\t\t<\/div><\/div>\n\n","protected":false},"excerpt":{"rendered":"","protected":false},"author":3,"featured_media":39974,"parent":0,"menu_order":1445,"comment_status":"closed","ping_status":"closed","template":"","meta":{"_acf_changed":false,"footnotes":""},"class_list":["post-40520","page","type-page","status-publish","has-post-thumbnail","hentry"],"acf":[],"_links":{"self":[{"href":"https:\/\/car4rent.fr\/fr\/wp-json\/wp\/v2\/pages\/40520","targetHints":{"allow":["GET"]}}],"collection":[{"href":"https:\/\/car4rent.fr\/fr\/wp-json\/wp\/v2\/pages"}],"about":[{"href":"https:\/\/car4rent.fr\/fr\/wp-json\/wp\/v2\/types\/page"}],"author":[{"embeddable":true,"href":"https:\/\/car4rent.fr\/fr\/wp-json\/wp\/v2\/users\/3"}],"replies":[{"embeddable":true,"href":"https:\/\/car4rent.fr\/fr\/wp-json\/wp\/v2\/comments?post=40520"}],"version-history":[{"count":0,"href":"https:\/\/car4rent.fr\/fr\/wp-json\/wp\/v2\/pages\/40520\/revisions"}],"wp:featuredmedia":[{"embeddable":true,"href":"https:\/\/car4rent.fr\/fr\/wp-json\/wp\/v2\/media\/39974"}],"wp:attachment":[{"href":"https:\/\/car4rent.fr\/fr\/wp-json\/wp\/v2\/media?parent=40520"}],"curies":[{"name":"wp","href":"https:\/\/api.w.org\/{rel}","templated":true}]}}