{"id":40222,"date":"2024-04-12T10:19:56","date_gmt":"2024-04-12T08:19:56","guid":{"rendered":"https:\/\/car4rent.fr\/?page_id=40222"},"modified":"2024-05-26T03:47:36","modified_gmt":"2024-05-26T01:47:36","slug":"louer-une-berline-de-luxe","status":"publish","type":"page","link":"https:\/\/car4rent.fr\/fr\/louer-une-berline-de-luxe\/","title":{"rendered":"Louer une berline de luxe"},"content":{"rendered":"\n<style type=\"text\/css\" data-created_by=\"avia_inline_auto\" id=\"style-css-av-562tkq-35ec1c4e012c980173723cef2e06824b\">\n.avia-section.av-562tkq-35ec1c4e012c980173723cef2e06824b .av-parallax .av-parallax-inner{\nbackground-repeat:no-repeat;\nbackground-image:url(https:\/\/car4rent.fr\/wp-content\/uploads\/1498383879_GHOST-INT-AR.jpg);\nbackground-position:50% 50%;\nbackground-attachment:scroll;\n}\n<\/style>\n<div id='av_section_1'  class='avia-section av-562tkq-35ec1c4e012c980173723cef2e06824b main_color avia-section-huge avia-no-border-styling  avia-builder-el-0  el_before_av_section  avia-builder-el-first  avia-full-stretch av-parallax-section avia-bg-style-parallax av-minimum-height av-minimum-height-custom av-height-custom  container_wrap fullsize'  data-section-bg-repeat='stretch' data-av_minimum_height_px='350'><div class='av-parallax' data-avia-parallax-ratio='0.3' ><div class='av-parallax-inner main_color avia-full-stretch'><\/div><\/div><div class=\"av-section-color-overlay-wrap\"><a href='#next-section' title='' class='scroll-down-link  avia-svg-icon avia-font-svg_entypo-fontello' data-av_svg_icon='down-open-mini' data-av_iconset='svg_entypo-fontello'><svg version=\"1.1\" xmlns=\"http:\/\/www.w3.org\/2000\/svg\" width=\"15\" height=\"32\" viewBox=\"0 0 15 32\" preserveAspectRatio=\"xMidYMid meet\" aria-labelledby='av-svg-title-1' aria-describedby='av-svg-desc-1' role=\"graphics-symbol\" aria-hidden=\"true\">\n<title id='av-svg-title-1'>Scroller vers la prochaine section<\/title>\n<desc id='av-svg-desc-1'>Scroller vers la prochaine section<\/desc>\n<path d=\"M12.96 12.16q0.704-0.832 1.536 0 0.832 0.704 0 1.536l-6.272 6.144q-0.704 0.704-1.536 0l-6.272-6.144q-0.832-0.832 0-1.536 0.768-0.768 1.6 0l5.44 4.992z\"><\/path>\n<\/svg><\/a><div class='container av-section-cont-open' style='height:350px'><main  class='template-page content  av-content-full alpha units'><div class='post-entry post-entry-type-page post-entry-40222'><div class='entry-content-wrapper clearfix'>\n<\/div><\/div><\/main><!-- close content main element --><\/div><\/div><\/div><div id='av_section_2'  class='avia-section av-9lh7mpm-53d0613d3bca428298d7870905ee0ea1 main_color avia-section-default avia-no-shadow  avia-builder-el-1  el_after_av_section  el_before_av_section  avia-bg-style-scroll container_wrap fullsize'  ><div class='container av-section-cont-open' ><div class='template-page content  av-content-full alpha units'><div class='post-entry post-entry-type-page post-entry-40222'><div class='entry-content-wrapper clearfix'>\n\n<style type=\"text\/css\" data-created_by=\"avia_inline_auto\" id=\"style-css-av-luwbc6yh-42a6da2d52fb3727b127220203ce58e6\">\n#top .av-special-heading.av-luwbc6yh-42a6da2d52fb3727b127220203ce58e6{\npadding-bottom:10px;\nfont-size:35px;\n}\nbody .av-special-heading.av-luwbc6yh-42a6da2d52fb3727b127220203ce58e6 .av-special-heading-tag .heading-char{\nfont-size:25px;\n}\n#top #wrap_all .av-special-heading.av-luwbc6yh-42a6da2d52fb3727b127220203ce58e6 .av-special-heading-tag{\nfont-size:35px;\n}\n.av-special-heading.av-luwbc6yh-42a6da2d52fb3727b127220203ce58e6 .av-subheading{\nfont-size:15px;\n}\n\n@media only screen and (min-width: 480px) and (max-width: 767px){ \n#top #wrap_all .av-special-heading.av-luwbc6yh-42a6da2d52fb3727b127220203ce58e6 .av-special-heading-tag{\nfont-size:0.8em;\n}\n}\n\n@media only screen and (max-width: 479px){ \n#top #wrap_all .av-special-heading.av-luwbc6yh-42a6da2d52fb3727b127220203ce58e6 .av-special-heading-tag{\nfont-size:0.8em;\n}\n}\n<\/style>\n<div  class='av-special-heading av-luwbc6yh-42a6da2d52fb3727b127220203ce58e6 av-special-heading-h2 blockquote modern-quote modern-centered  avia-builder-el-2  el_before_av_hr  avia-builder-el-first  av-inherit-size'><h2 class='av-special-heading-tag '  >Louer une berline de luxe<\/h2><div class=\"special-heading-border\"><div class=\"special-heading-inner-border\"><\/div><\/div><\/div>\n<div  class='hr av-x0v7ru-eede94b44264fca1b8631fefec0ba620 hr-default  avia-builder-el-3  el_after_av_heading  el_before_av_textblock '><span class='hr-inner '><span class=\"hr-inner-style\"><\/span><\/span><\/div>\n<section  class='av_textblock_section av-luwbcpae-dbf7bf92dbcaf2055907161353dd3a0b '  ><div class='avia_textblock' ><section id=\"block0\" class=\"stripe row-content block0 fullwidth\">\n<div class=\"column small-five small-push-one reset last\">\n<div class=\"boxcontent\">\n<h2>Vivez l&rsquo;\u00c9l\u00e9gance: Louez une Berline de Luxe sur la C\u00f4te d&rsquo;Azur<\/h2>\n<p>Explorez la beaut\u00e9 de la <a href=\"https:\/\/cotedazurfrance.fr\/decouvrir\/les-spots-incontournables\/top-12-des-lieux-incontournables-a-visiter-sur-la-cote-dazur\/\" target=\"_blank\" rel=\"noopener\">C\u00f4te d&rsquo;Azur<\/a> avec style et sophistication. Louez une berline de luxe pour une exp\u00e9rience inoubliable sur la c\u00e9l\u00e8bre French Riviera.<\/p>\n<p>Vivez l&rsquo;\u00e9l\u00e9gance \u00e0 son apog\u00e9e alors que vous parcourez les routes sinueuses, d\u00e9couvrez des villages pittoresques et profitez des vues spectaculaires sur la mer M\u00e9diterran\u00e9e.<\/p>\n<p>Chez Car4rent, nous sommes sp\u00e9cialis\u00e9s dans la location de voitures de sport et de luxe parmi les marques les plus prestigieuses comme Ferrari, Lamborghini, Porsche, Land Rover, Mercedes AMG, Bentley, Rolls-Royce <a href=\"https:\/\/car4rent.fr\/fr\/louer-une-ferrari\/\"><strong>Ferrari<\/strong><\/a>,\n            <a href=\"https:\/\/car4rent.fr\/fr\/louer-une-lamborghini\/\"><strong>Lamborghini<\/strong><\/a>,\n            <a href=\"https:\/\/car4rent.fr\/fr\/louer-une-porsche\/\"><strong>Porsche<\/strong><\/a>,\n            <a href=\"https:\/\/car4rent.fr\/fr\/louer-un-land-rover\/\"><strong>Land Rover<\/strong><\/a>,\n            <a href=\"https:\/\/car4rent.fr\/fr\/louer-une-mercedes\/\"><strong>Mercedes AMG<\/strong><\/a>,\n            <a href=\"https:\/\/car4rent.fr\/fr\/louer-une-bentley\/\"><strong>Bentley<\/strong><\/a>,\n            <a href=\"https:\/\/car4rent.fr\/fr\/louer-une-rolls-royce\/\"><strong>Rolls-Royce<\/strong><\/a>, et\n            <a href=\"https:\/\/car4rent.fr\/fr\/louer-une-audi\/\"><strong>Audi<\/strong><\/a>., toutes ces marques synonymes d&rsquo;agililt\u00e9, de performances et de s\u00e9curit\u00e9, en un mot d&rsquo;Excellence.<\/p>\n<p><img loading=\"lazy\" decoding=\"async\" class=\"alignnone size-full wp-image-29516\" src=\"https:\/\/car4rent.fr\/wp-content\/uploads\/White-collection-Car4rent-Cannes-e1531407290892.jpg\" alt=\"louer une berline de luxe, Voiture de location haut de gamme\" width=\"784\" height=\"217\" title=\"Car4Rent Cannes\" srcset=\"https:\/\/car4rent.fr\/wp-content\/uploads\/White-collection-Car4rent-Cannes-e1531407290892.jpg 784w, https:\/\/car4rent.fr\/wp-content\/uploads\/White-collection-Car4rent-Cannes-e1531407290892-300x83.jpg 300w, https:\/\/car4rent.fr\/wp-content\/uploads\/White-collection-Car4rent-Cannes-e1531407290892-768x213.jpg 768w, https:\/\/car4rent.fr\/wp-content\/uploads\/White-collection-Car4rent-Cannes-e1531407290892-248x69.jpg 248w, https:\/\/car4rent.fr\/wp-content\/uploads\/White-collection-Car4rent-Cannes-e1531407290892-126x35.jpg 126w, https:\/\/car4rent.fr\/wp-content\/uploads\/White-collection-Car4rent-Cannes-e1531407290892-705x195.jpg 705w, https:\/\/car4rent.fr\/wp-content\/uploads\/White-collection-Car4rent-Cannes-e1531407290892-450x125.jpg 450w\" sizes=\"auto, (max-width: 784px) 100vw, 784px\" \/><\/p>\n<h2>Location dune voiture de luxe en r\u00e9gion PACA: Grand Choix de Berlines de Luxe<\/h2>\n<p>D\u00e9couvrez notre s\u00e9lection de berlines de luxe, alliant performances exceptionnelles et confort sup\u00e9rieur. Des marques renomm\u00e9es telles que Mercedes-Benz, BMW, Volkswagen et <a class=\"wpil_keyword_link\" href=\"https:\/\/car4rent.fr\/fr\/categorie-produit\/marques-de-voitures\/audi\/\" title=\"Locations de voitures de luxe Audi\" data-wpil-keyword-link=\"linked\" data-wpil-monitor-id=\"122607\">Audi<\/a> vous offrent un choix incomparable, garantissant une exp\u00e9rience de conduite raffin\u00e9e \u00e0 chaque instant.<\/p>\n<p><span style=\"font-size: 14pt\">Louer une berline de luxe avec un Service Personnalis\u00e9<\/span><\/p>\n<p>Votre satisfaction est notre priorit\u00e9 absolue. Profitez d&rsquo;un service client\u00e8le d\u00e9di\u00e9, attentif \u00e0 vos besoins et d\u00e9sirs. Que vous planifiiez une escapade romantique, un voyage d&rsquo;affaires ou des vacances en famille, nous nous assurons que chaque d\u00e9tail soit parfaitement orchestr\u00e9 pour vous offrir une exp\u00e9rience inoubliable.<\/p>\n<p><span style=\"font-size: 14pt\">Louer une Berline de luxe &#8211; A la d\u00e9couverte de la C\u00f4te d&rsquo;Azur<\/span><\/p>\n<p>Explorez les tr\u00e9sors cach\u00e9s de la French Riviera \u00e0 votre rythme. Parcourez la c\u00e9l\u00e8bre Promenade des Anglais \u00e0 Nice, d\u00e9couvrez le glamour de Monaco, ou impr\u00e9gnez-vous de l&rsquo;ambiance pittoresque de Saint-Tropez. Avec votre berline de luxe, chaque trajet devient une aventure, vous permettant de d\u00e9couvrir les joyaux de la r\u00e9gion avec confort et \u00e9l\u00e9gance.<\/p>\n<p><span style=\"font-size: 14pt\">Louer une berline de luxe avec une r\u00e9servation facile<\/span><\/p>\n<p>R\u00e9servez votre berline de luxe chez Car4rent en quelques clics seulement. Notre processus de r\u00e9servation simple et s\u00e9curis\u00e9 vous permet de planifier votre escapade en toute tranquillit\u00e9 d&rsquo;esprit.<\/p>\n<p>Avec une gamme de forfaits flexibles et des options de location sur mesure, nous nous engageons \u00e0 r\u00e9pondre \u00e0 vos besoins individuels avec professionnalisme et efficacit\u00e9.<\/p>\n<p>Ne laissez pas vos voyages sur la French Riviera au hasard. Louez une berline de luxe et transformez chaque instant en une exp\u00e9rience inoubliable.<\/p>\n<p>Vivez l&rsquo;\u00e9l\u00e9gance, le luxe et l&rsquo;aventure sur les routes sc\u00e9niques de la C\u00f4te d&rsquo;Azur. R\u00e9servez d\u00e8s maintenant et commencez votre voyage vers un monde de sophistication et de style incomparables.<\/p>\n<p>Vous souhaitez louer une voiture de luxe, n&rsquo;h\u00e9sitez pas \u00e0 prendre <a href=\"https:\/\/car4rent.fr\/fr\/contact\/\" target=\"_blank\" rel=\"noopener\">contact<\/a> avec notre \u00e9quipe pour obtenir toute information ou requ\u00eate sp\u00e9ciale<\/p>\n<\/div>\n<\/div>\n<\/section>\n<section id=\"block1\" class=\"stripe row-content block1 fullwidth\">\n<\/section>\n<\/div><\/section>\n\n<style type=\"text\/css\" data-created_by=\"avia_inline_auto\" id=\"style-css-av-8bm8m7u-c182562a967b9e8e80ba0de8965b1282\">\n.flex_column.av-8bm8m7u-c182562a967b9e8e80ba0de8965b1282{\nborder-radius:0px 0px 0px 0px;\npadding:0px 0px 0px 0px;\n}\n<\/style>\n<div  class='flex_column av-8bm8m7u-c182562a967b9e8e80ba0de8965b1282 av_one_third  avia-builder-el-5  el_after_av_textblock  el_before_av_one_third  first flex_column_div av-zero-column-padding  column-top-margin'     ><style type=\"text\/css\" data-created_by=\"avia_inline_auto\" id=\"style-css-av-88vadh6-ffe07e038ff5d9e06dfe17028606ffa3\">\n.iconbox.av-88vadh6-ffe07e038ff5d9e06dfe17028606ffa3 .iconbox_icon{\nbackground-color:#6834bd;\n}\n<\/style>\n<article  class='iconbox iconbox_top av-88vadh6-ffe07e038ff5d9e06dfe17028606ffa3  avia-builder-el-6  avia-builder-el-no-sibling  main_color' ><div class=\"iconbox_content\"><header class=\"entry-content-header\" aria-label=\"Ic\u00f4ne : \"><div class='iconbox_icon heading-color avia-iconfont avia-font-entypo-fontello' data-av_icon='\ue82a' data-av_iconfont='entypo-fontello'  ><\/div><\/header><div class='iconbox_content_container ' ><h3><span style=\"font-size: 14pt\">Location de voiture luxe<\/span><\/h3>\n<hr \/>\n<p>Nous proposons \u00e0 la location des voitures de luxe et de sport, mais \u00e9galement une large gamme de SUV et de cabriolets. D\u00e9couvrez nos voitures de r\u00eave.<\/p>\n<p>Prix \u00e0 partir de 260\u20ac \/ jour.<\/p>\n<\/div><\/div><footer class=\"entry-footer\"><\/footer><\/article><\/div>\n<style type=\"text\/css\" data-created_by=\"avia_inline_auto\" id=\"style-css-av-7ea30ze-096cf635e68f3fe636a8f4a50d7c63bf\">\n.flex_column.av-7ea30ze-096cf635e68f3fe636a8f4a50d7c63bf{\nborder-radius:0px 0px 0px 0px;\npadding:0px 0px 0px 0px;\n}\n<\/style>\n<div  class='flex_column av-7ea30ze-096cf635e68f3fe636a8f4a50d7c63bf av_one_third  avia-builder-el-7  el_after_av_one_third  el_before_av_one_third  flex_column_div av-zero-column-padding  column-top-margin'     ><style type=\"text\/css\" data-created_by=\"avia_inline_auto\" id=\"style-css-av-77o42hm-63aee52a4f380d7409f4bd49b8967077\">\n.iconbox.av-77o42hm-63aee52a4f380d7409f4bd49b8967077 .iconbox_icon{\nbackground-color:#6834bd;\n}\n<\/style>\n<article  class='iconbox iconbox_top av-77o42hm-63aee52a4f380d7409f4bd49b8967077  avia-builder-el-8  avia-builder-el-no-sibling  main_color' ><div class=\"iconbox_content\"><header class=\"entry-content-header\" aria-label=\"Ic\u00f4ne : \"><div class='iconbox_icon heading-color avia-iconfont avia-font-entypo-fontello' data-av_icon='\ue842' data-av_iconfont='entypo-fontello'  ><\/div><\/header><div class='iconbox_content_container ' ><h3><span style=\"font-size: 14pt\">Agences \u00e0 l\u2019a\u00e9roport de Nice, Cannes, Monaco et Saint-Tropez\u00a0<\/span><\/h3>\n<hr \/>\n<p>Nous proposons \u00e0 la location des voitures de sport et de luxe, mais \u00e9galement une large gamme de SUV et de cabriolets. D\u00e9couvrez nos voitures de r\u00eave.<\/p>\n<\/div><\/div><footer class=\"entry-footer\"><\/footer><\/article><\/div>\n<style type=\"text\/css\" data-created_by=\"avia_inline_auto\" id=\"style-css-av-6nt0bsq-12a42c85372d278987de3ed31b120cdb\">\n.flex_column.av-6nt0bsq-12a42c85372d278987de3ed31b120cdb{\nborder-radius:0px 0px 0px 0px;\npadding:0px 0px 0px 0px;\n}\n<\/style>\n<div  class='flex_column av-6nt0bsq-12a42c85372d278987de3ed31b120cdb av_one_third  avia-builder-el-9  el_after_av_one_third  avia-builder-el-last  flex_column_div av-zero-column-padding  column-top-margin'     ><style type=\"text\/css\" data-created_by=\"avia_inline_auto\" id=\"style-css-av-62l31i2-a1cd3533ae1d0101c54920e5ba7710e6\">\n.iconbox.av-62l31i2-a1cd3533ae1d0101c54920e5ba7710e6 .iconbox_icon{\nbackground-color:#6834bd;\n}\n<\/style>\n<article  class='iconbox iconbox_top av-62l31i2-a1cd3533ae1d0101c54920e5ba7710e6  avia-builder-el-10  avia-builder-el-no-sibling  main_color' ><div class=\"iconbox_content\"><header class=\"entry-content-header\" aria-label=\"Ic\u00f4ne : \"><div class='iconbox_icon heading-color avia-iconfont avia-font-entypo-fontello' data-av_icon='\ue80b' data-av_iconfont='entypo-fontello'  ><\/div><\/header><div class='iconbox_content_container ' ><h3><span style=\"font-size: 14pt\">Louer une Berline de luxe &#8211; Un service sur mesure<\/span><\/h3>\n<hr \/>\n<p>Une \u00e9quipe d\u00e9vou\u00e9e et attentive se tient \u00e0 votre disposition pour vous fournir toute information ou r\u00e9pondre \u00e0 vos demandes. Votre voiture peut \u00eatre livr\u00e9e sur demande directement \u00e0 votre arriv\u00e9e aux a\u00e9roports de Nice, de Grenoble, ou de Lyon Saint-Exup\u00e9ry, ou encore directement sur votre lieu de vill\u00e9giature, \u00e0 votre h\u00f4tel ou n&rsquo;importe o\u00f9 en France \u00e0 la destination de votre choix.<\/p>\n<\/div><\/div><footer class=\"entry-footer\"><\/footer><\/article><\/div><\/div><\/div><\/div><!-- close content main div --><\/div><\/div><div id='contactez-nous'  class='avia-section av-5vmdenu-b9cd1560b5141e6496cbc740f46109b2 main_color avia-section-default avia-no-border-styling  avia-builder-el-11  el_after_av_section  el_before_av_section  avia-bg-style-scroll container_wrap fullsize'  ><div class='container av-section-cont-open' ><div class='template-page content  av-content-full alpha units'><div class='post-entry post-entry-type-page post-entry-40222'><div class='entry-content-wrapper clearfix'>\n<div  class='hr av-54a7vp6-abaf843ba396e015a321496af2653074 hr-default  avia-builder-el-12  el_before_av_heading  avia-builder-el-first '><span class='hr-inner '><span class=\"hr-inner-style\"><\/span><\/span><\/div>\n\n<style type=\"text\/css\" data-created_by=\"avia_inline_auto\" id=\"style-css-av-4s40ugq-9082a64711b28e7acf4e68fcbb8d2801\">\n#top .av-special-heading.av-4s40ugq-9082a64711b28e7acf4e68fcbb8d2801{\npadding-bottom:25px;\n}\nbody .av-special-heading.av-4s40ugq-9082a64711b28e7acf4e68fcbb8d2801 .av-special-heading-tag .heading-char{\nfont-size:25px;\n}\n.av-special-heading.av-4s40ugq-9082a64711b28e7acf4e68fcbb8d2801 .av-subheading{\nfont-size:20px;\n}\n<\/style>\n<div  class='av-special-heading av-4s40ugq-9082a64711b28e7acf4e68fcbb8d2801 av-special-heading-h5 blockquote modern-quote modern-centered  avia-builder-el-13  el_after_av_hr  el_before_av_hr '><h5 class='av-special-heading-tag '  >Vous souhaitez louer une berline de luxe ? Besoin d\u2019un conseil ?<\/h5><div class=\"special-heading-border\"><div class=\"special-heading-inner-border\"><\/div><\/div><\/div>\n\n<style type=\"text\/css\" data-created_by=\"avia_inline_auto\" id=\"style-css-av-4ibssze-8688440c6aaa00c140f1bdb2a7ee991d\">\n#top .hr.hr-invisible.av-4ibssze-8688440c6aaa00c140f1bdb2a7ee991d{\nheight:25px;\n}\n<\/style>\n<div  class='hr av-4ibssze-8688440c6aaa00c140f1bdb2a7ee991d hr-invisible  avia-builder-el-14  el_after_av_heading  el_before_av_two_third '><span class='hr-inner '><span class=\"hr-inner-style\"><\/span><\/span><\/div>\n\n<style type=\"text\/css\" data-created_by=\"avia_inline_auto\" id=\"style-css-av-40gqihm-208060d17905848fd5c18644cc51e117\">\n.flex_column.av-40gqihm-208060d17905848fd5c18644cc51e117{\nborder-radius:0px 0px 0px 0px;\npadding:0px 0px 0px 0px;\n}\n<\/style>\n<div  class='flex_column av-40gqihm-208060d17905848fd5c18644cc51e117 av_two_third  avia-builder-el-15  el_after_av_hr  el_before_av_one_third  first flex_column_div av-zero-column-padding  '     ><p><section  class='av_textblock_section av-1gxeebe-32629d898b7ca475947b0b7bdf1fb309 '  ><div class='avia_textblock' ><p><span style=\"font-size: 14pt\">Nous contacter \u00e0 l&rsquo;aide du formulaire ci-dessous<\/span><\/p>\n<\/div><\/section><br \/>\n<section  class='av_textblock_section av-34nrt16-e5709bf0d66fd3e2ee08b984973a334f '  ><div class='avia_textblock' ><div class=\"wpforms-container wpforms-container-full\" id=\"wpforms-27233\"><form id=\"wpforms-form-27233\" class=\"wpforms-validate wpforms-form\" data-formid=\"27233\" method=\"post\" enctype=\"multipart\/form-data\" action=\"\/fr\/wp-json\/wp\/v2\/pages\/40222\" data-token=\"4956c4069c64749b1df536230bf32717\" data-token-time=\"1776862977\"><noscript class=\"wpforms-error-noscript\">Veuillez activer JavaScript dans votre navigateur pour remplir ce formulaire.<\/noscript><div class=\"wpforms-field-container\"><div id=\"wpforms-27233-field_5-container\" class=\"wpforms-field wpforms-field-name\" data-field-id=\"5\"><label class=\"wpforms-field-label\">Nom <span class=\"wpforms-required-label\">*<\/span><\/label><div class=\"wpforms-field-row wpforms-field-medium\"><div class=\"wpforms-field-row-block wpforms-first wpforms-one-half\"><input type=\"text\" id=\"wpforms-27233-field_5\" class=\"wpforms-field-name-first wpforms-field-required\" name=\"wpforms[fields][5][first]\" required><label for=\"wpforms-27233-field_5\" class=\"wpforms-field-sublabel after\">First<\/label><\/div><div class=\"wpforms-field-row-block wpforms-one-half\"><input type=\"text\" id=\"wpforms-27233-field_5-last\" class=\"wpforms-field-name-last wpforms-field-required\" name=\"wpforms[fields][5][last]\" required><label for=\"wpforms-27233-field_5-last\" class=\"wpforms-field-sublabel after\">Last<\/label><\/div><\/div><\/div><div id=\"wpforms-27233-field_9-container\" class=\"wpforms-field wpforms-field-layout\" data-field-id=\"9\"><div class=\"wpforms-field-layout-rows wpforms-field-large\"><div class=\"wpforms-layout-row\"><div class=\"wpforms-layout-column wpforms-layout-column-50\"><div id=\"wpforms-27233-field_7-container\" class=\"wpforms-field wpforms-field-email\" data-field-id=\"7\"><label class=\"wpforms-field-label\" for=\"wpforms-27233-field_7\">Courriel <span class=\"wpforms-required-label\">*<\/span><\/label><input type=\"email\" id=\"wpforms-27233-field_7\" class=\"wpforms-field-medium wpforms-field-required\" name=\"wpforms[fields][7]\" spellcheck=\"false\" required><\/div><\/div><div class=\"wpforms-layout-column wpforms-layout-column-50\"><div id=\"wpforms-27233-field_8-container\" class=\"wpforms-field wpforms-field-phone\" data-field-id=\"8\"><label class=\"wpforms-field-label\" for=\"wpforms-27233-field_8\">T\u00e9l\u00e9phone <span class=\"wpforms-required-label\">*<\/span><\/label><input type=\"tel\" id=\"wpforms-27233-field_8\" class=\"wpforms-field-medium wpforms-field-required\" data-rule-int-phone-field=\"true\" name=\"wpforms[fields][8]\" aria-label=\"T\u00e9l\u00e9phone\" required><\/div><\/div><\/div><\/div><\/div><div id=\"wpforms-27233-field_4-container\" class=\"wpforms-field wpforms-field-textarea\" data-field-id=\"4\"><label class=\"wpforms-field-label\" for=\"wpforms-27233-field_4\">Message<\/label><textarea id=\"wpforms-27233-field_4\" class=\"wpforms-field-medium\" name=\"wpforms[fields][4]\" ><\/textarea><\/div><\/div><!-- .wpforms-field-container --><div class=\"wpforms-recaptcha-container wpforms-is-recaptcha wpforms-is-recaptcha-type-v3\" ><input type=\"hidden\" name=\"wpforms[recaptcha]\" value=\"\"><\/div><div class=\"wpforms-submit-container\" ><input type=\"hidden\" name=\"wpforms[id]\" value=\"27233\"><input type=\"hidden\" name=\"page_title\" value=\"\"><input type=\"hidden\" name=\"page_url\" value=\"https:\/\/car4rent.fr\/fr\/wp-json\/wp\/v2\/pages\/40222\"><input type=\"hidden\" name=\"url_referer\" value=\"\"><button type=\"submit\" name=\"wpforms[submit]\" id=\"wpforms-submit-27233\" class=\"wpforms-submit\" data-alt-text=\"Envoi\" data-submit-text=\"Soumettre\" aria-live=\"assertive\" value=\"wpforms-submit\">Soumettre<\/button><\/div><\/form><\/div>  <!-- .wpforms-container -->\n<\/div><\/section><\/p><\/div>\n<style type=\"text\/css\" data-created_by=\"avia_inline_auto\" id=\"style-css-av-2e7l996-49a021d7c7a8d663c33a5f93185dc687\">\n.flex_column.av-2e7l996-49a021d7c7a8d663c33a5f93185dc687{\nborder-radius:0px 0px 0px 0px;\npadding:0px 0px 0px 0px;\n}\n<\/style>\n<div  class='flex_column av-2e7l996-49a021d7c7a8d663c33a5f93185dc687 av_one_third  avia-builder-el-18  el_after_av_two_third  avia-builder-el-last  flex_column_div av-zero-column-padding  '     ><p><section  class='av_textblock_section av-luwf1dne-416e5eaf9763e05ee9157c30e8d4843a '  ><div class='avia_textblock' ><p><span style=\"font-size: 14pt\">Nous contacter par t\u00e9l\u00e9phone<\/span><\/p>\n<\/div><\/section><br \/>\n<section  class='av_textblock_section av-av_textblock-564067357eb74c20cdd60b282c9b50bd '  ><div class='avia_textblock' ><p>Cannes office (09H-12H00 et 15H00-19H00)<br \/>\n10, rue Hibert &#8211; 06400 Cannes<br \/>\nPhone : <a href=\"tel:0033788278586\">+33(0)7 88 27 85 86<\/a><br \/>\nMail : <a href=\"mailto:info@car4rent.fr\">info@car4rent.fr<\/a><\/p>\n<\/div><\/section><\/p><\/div><\/div><\/div><\/div><!-- close content main div --><\/div><\/div><div id='av_section_4'  class='avia-section av-1464m9m-dbda8c4b078175566936d14d00bf7cf0 main_color avia-section-default avia-no-border-styling  avia-builder-el-21  el_after_av_section  avia-builder-el-last  avia-bg-style-scroll container_wrap fullsize'  ><div class='container av-section-cont-open' ><div class='template-page content  av-content-full alpha units'><div class='post-entry post-entry-type-page post-entry-40222'><div class='entry-content-wrapper clearfix'>\n<div  class='avia-builder-widget-area clearfix  avia-builder-el-22  avia-builder-el-no-sibling '><div id=\"text-9\" class=\"widget clearfix widget_text\">\t\t\t<div class=\"textwidget\"><p style=\"text-align: center;\">    <div class=\"car4rent-share-block car4rent-fr\">\n        <a href=\"https:\/\/www.facebook.com\/sharer\/sharer.php?u=\" target=\"_blank\" rel=\"noopener\"><i class=\"fa-brands fa-facebook\"><\/i> Partager<\/a>\n        <a href=\"https:\/\/x.com\/intent\/tweet?url=&amp;text=\" target=\"_blank\" rel=\"noopener\"><i class=\"fa-brands fa-x-twitter\"><\/i> X<\/a>\n        <a href=\"https:\/\/wa.me\/?text=%20\" target=\"_blank\" rel=\"noopener\"><i class=\"fa-brands fa-whatsapp\"><\/i> WhatsApp<\/a>\n        <a href=\"https:\/\/www.instagram.com\/car4rent_cannes\/\" target=\"_blank\" rel=\"noopener\"><i class=\"fa-brands fa-instagram\"><\/i> Instagram<\/a>\n        <a href=\"https:\/\/www.linkedin.com\/company\/car4rent\/about\/\" target=\"_blank\" rel=\"noopener\"><i class=\"fa-brands fa-linkedin\"><\/i> LinkedIn<\/a>\n        <a href=\"https:\/\/www.youtube.com\/@car4rentcannes839\" target=\"_blank\" rel=\"noopener\"><i class=\"fa-brands fa-youtube\"><\/i> YouTube<\/a>\n    <\/div>\n    <\/p>\n<\/div>\n\t\t<\/div><\/div>\n<\/p>\n","protected":false},"excerpt":{"rendered":"","protected":false},"author":3,"featured_media":28924,"parent":0,"menu_order":755,"comment_status":"closed","ping_status":"closed","template":"","meta":{"_acf_changed":false,"footnotes":""},"class_list":["post-40222","page","type-page","status-publish","has-post-thumbnail","hentry"],"acf":[],"_links":{"self":[{"href":"https:\/\/car4rent.fr\/fr\/wp-json\/wp\/v2\/pages\/40222","targetHints":{"allow":["GET"]}}],"collection":[{"href":"https:\/\/car4rent.fr\/fr\/wp-json\/wp\/v2\/pages"}],"about":[{"href":"https:\/\/car4rent.fr\/fr\/wp-json\/wp\/v2\/types\/page"}],"author":[{"embeddable":true,"href":"https:\/\/car4rent.fr\/fr\/wp-json\/wp\/v2\/users\/3"}],"replies":[{"embeddable":true,"href":"https:\/\/car4rent.fr\/fr\/wp-json\/wp\/v2\/comments?post=40222"}],"version-history":[{"count":0,"href":"https:\/\/car4rent.fr\/fr\/wp-json\/wp\/v2\/pages\/40222\/revisions"}],"wp:featuredmedia":[{"embeddable":true,"href":"https:\/\/car4rent.fr\/fr\/wp-json\/wp\/v2\/media\/28924"}],"wp:attachment":[{"href":"https:\/\/car4rent.fr\/fr\/wp-json\/wp\/v2\/media?parent=40222"}],"curies":[{"name":"wp","href":"https:\/\/api.w.org\/{rel}","templated":true}]}}