{"id":39459,"date":"2024-03-05T10:31:14","date_gmt":"2024-03-05T09:31:14","guid":{"rendered":"https:\/\/car4rent.fr\/?page_id=39459"},"modified":"2024-03-05T18:24:12","modified_gmt":"2024-03-05T17:24:12","slug":"location-de-voiture-pour-film-et-tournage","status":"publish","type":"page","link":"https:\/\/car4rent.fr\/fr\/location-de-voiture-pour-film-et-tournage\/","title":{"rendered":"Location de voiture pour film et tournage"},"content":{"rendered":"\n<style type=\"text\/css\" data-created_by=\"avia_inline_auto\" id=\"style-css-av-av_section-9e2f53e9ce727bf94eef9034df1e0110\">\n.avia-section.av-av_section-9e2f53e9ce727bf94eef9034df1e0110 .av-parallax .av-parallax-inner{\nbackground-repeat:no-repeat;\nbackground-image:url(https:\/\/car4rent.fr\/wp-content\/uploads\/Porsche-992-Carrera-4S-scaled-2.jpg);\nbackground-position:50% 50%;\nbackground-attachment:scroll;\n}\n<\/style>\n<div id='av_section_1'  class='avia-section av-av_section-9e2f53e9ce727bf94eef9034df1e0110 main_color avia-section-huge avia-no-border-styling  avia-builder-el-0  el_before_av_section  avia-builder-el-first  avia-full-stretch av-parallax-section avia-bg-style-parallax av-minimum-height av-minimum-height-custom av-height-custom  container_wrap fullsize'  data-section-bg-repeat='stretch' data-av_minimum_height_px='350'><div class='av-parallax' data-avia-parallax-ratio='0.3' ><div class='av-parallax-inner main_color avia-full-stretch'><\/div><\/div><div class=\"av-section-color-overlay-wrap\"><a href='#next-section' title='' class='scroll-down-link  avia-svg-icon avia-font-svg_entypo-fontello' data-av_svg_icon='down-open-mini' data-av_iconset='svg_entypo-fontello'><svg version=\"1.1\" xmlns=\"http:\/\/www.w3.org\/2000\/svg\" width=\"15\" height=\"32\" viewBox=\"0 0 15 32\" preserveAspectRatio=\"xMidYMid meet\" aria-labelledby='av-svg-title-1' aria-describedby='av-svg-desc-1' role=\"graphics-symbol\" aria-hidden=\"true\">\n<title id='av-svg-title-1'>Scroller vers la prochaine section<\/title>\n<desc id='av-svg-desc-1'>Scroller vers la prochaine section<\/desc>\n<path d=\"M12.96 12.16q0.704-0.832 1.536 0 0.832 0.704 0 1.536l-6.272 6.144q-0.704 0.704-1.536 0l-6.272-6.144q-0.832-0.832 0-1.536 0.768-0.768 1.6 0l5.44 4.992z\"><\/path>\n<\/svg><\/a><div class='container av-section-cont-open' style='height:350px'><main  class='template-page content  av-content-full alpha units'><div class='post-entry post-entry-type-page post-entry-39459'><div class='entry-content-wrapper clearfix'>\n<\/div><\/div><\/main><!-- close content main element --><\/div><\/div><\/div><div id='av_section_2'  class='avia-section av-av_section-69fc66262eecf07eccba6850982acc2d main_color avia-section-default avia-no-shadow  avia-builder-el-1  el_after_av_section  el_before_av_section  avia-bg-style-scroll container_wrap fullsize'  ><div class='container av-section-cont-open' ><div class='template-page content  av-content-full alpha units'><div class='post-entry post-entry-type-page post-entry-39459'><div class='entry-content-wrapper clearfix'>\n\n<style type=\"text\/css\" data-created_by=\"avia_inline_auto\" id=\"style-css-av-lteeym0o-0865a9f56377c1178a5d8a08db12da55\">\n#top .av-special-heading.av-lteeym0o-0865a9f56377c1178a5d8a08db12da55{\npadding-bottom:10px;\nfont-size:35px;\n}\nbody .av-special-heading.av-lteeym0o-0865a9f56377c1178a5d8a08db12da55 .av-special-heading-tag .heading-char{\nfont-size:25px;\n}\n#top #wrap_all .av-special-heading.av-lteeym0o-0865a9f56377c1178a5d8a08db12da55 .av-special-heading-tag{\nfont-size:35px;\n}\n.av-special-heading.av-lteeym0o-0865a9f56377c1178a5d8a08db12da55 .av-subheading{\nfont-size:15px;\n}\n\n@media only screen and (min-width: 480px) and (max-width: 767px){ \n#top #wrap_all .av-special-heading.av-lteeym0o-0865a9f56377c1178a5d8a08db12da55 .av-special-heading-tag{\nfont-size:0.8em;\n}\n}\n\n@media only screen and (max-width: 479px){ \n#top #wrap_all .av-special-heading.av-lteeym0o-0865a9f56377c1178a5d8a08db12da55 .av-special-heading-tag{\nfont-size:0.8em;\n}\n}\n<\/style>\n<div  class='av-special-heading av-lteeym0o-0865a9f56377c1178a5d8a08db12da55 av-special-heading-h2 blockquote modern-quote modern-centered  avia-builder-el-2  el_before_av_hr  avia-builder-el-first  av-inherit-size'><h2 class='av-special-heading-tag '  >Location de voiture pour film et tournage<\/h2><div class=\"special-heading-border\"><div class=\"special-heading-inner-border\"><\/div><\/div><\/div>\n<div  class='hr av-av_hr-23b3846cdd0fbd0e234720a594f6db24 hr-default  avia-builder-el-3  el_after_av_heading  el_before_av_textblock '><span class='hr-inner '><span class=\"hr-inner-style\"><\/span><\/span><\/div>\n<section  class='av_textblock_section av-lteez2hw-95dfd6917572ec6a85d7797db9f0fa7b '  ><div class='avia_textblock' ><section id=\"block0\" class=\"stripe row-content block0 fullwidth\">\n<div class=\"column small-five small-push-one reset last\">\n<div class=\"boxcontent\">\n<h2>Location de voiture pour film et tournage<\/h2>\n<p>Car4rent Cannes loue des voitures de sport de luxe pour des tournages de films, des webs\u00e9ries, de la musique, des vid\u00e9os, des publicit\u00e9s et des s\u00e9ances photo. Nous travaillons \u00e9galement avec des influenceurs, des cr\u00e9ateurs de contenu et des acteurs de r\u00e9seaux sociaux.<\/p>\n<p>Nous disposons d&rsquo;une flotte compl\u00e8te de voitures et de SUV de luxe, allant des Lamborghini et Ferrari aux Mercedes et Land Rover.<\/p>\n<p>La location de voiture de sport et de luxe s&rsquo;adresse aux professionnels de l&rsquo;industrie du divertissement, pour des \u00e9v\u00e9nements et des tournages de films sur toute la C\u00f4te d&rsquo;Azur entre <a href=\"https:\/\/generationvoyage.fr\/visiter-saint-tropez-faire-voir\/\" target=\"_blank\" rel=\"noopener\">Saint-Tropez<\/a> et <a href=\"https:\/\/generationvoyage.fr\/endroits-visiter-monaco\/\" target=\"_blank\" rel=\"noopener\">Monaco<\/a>. Nous louons \u00e0 la journ\u00e9e, mais aussi \u00e0 l&rsquo;heure.<\/p>\n<h5><img loading=\"lazy\" decoding=\"async\" class=\"alignnone size-full wp-image-36824\" src=\"https:\/\/car4rent.fr\/wp-content\/uploads\/IMG_2015-scaled-1.jpg\" alt=\"Car4Rent\" width=\"2560\" height=\"1920\" title=\"Car4Rent Cannes\" srcset=\"https:\/\/car4rent.fr\/wp-content\/uploads\/\/IMG_2015-scaled-1.jpg 2560w, https:\/\/car4rent.fr\/wp-content\/uploads\/\/IMG_2015-scaled-1-300x225.jpg 300w, https:\/\/car4rent.fr\/wp-content\/uploads\/\/IMG_2015-scaled-1-1030x773.jpg 1030w, https:\/\/car4rent.fr\/wp-content\/uploads\/\/IMG_2015-scaled-1-768x576.jpg 768w, https:\/\/car4rent.fr\/wp-content\/uploads\/\/IMG_2015-scaled-1-1536x1152.jpg 1536w, https:\/\/car4rent.fr\/wp-content\/uploads\/\/IMG_2015-scaled-1-2048x1536.jpg 2048w, https:\/\/car4rent.fr\/wp-content\/uploads\/\/IMG_2015-scaled-1-1500x1125.jpg 1500w, https:\/\/car4rent.fr\/wp-content\/uploads\/\/IMG_2015-scaled-1-705x529.jpg 705w, https:\/\/car4rent.fr\/wp-content\/uploads\/\/IMG_2015-scaled-1-450x338.jpg 450w\" sizes=\"auto, (max-width: 2560px) 100vw, 2560px\" \/><\/h5>\n<p><span style=\"font-size: 14pt;\">S\u00e9ances photos et clips vid\u00e9o sur la C\u00f4te d&rsquo;Azur<\/span><\/p>\n<p>Nous livrons nos voitures n&rsquo;importe o\u00f9, ce qui vous \u00e9vite le stress li\u00e9 \u00e0 leur transport l\u00e0 o\u00f9 vous le souhaitez. Bien que conduire ces voitures \u00e9tonnantes soit amusant, lorsque vous laissez nos chauffeurs conduire, vous pouvez vous concentrer sur le tournage de films ou de photos. Contactez nos services VIP pour r\u00e9server votre v\u00e9hicule exotique.<\/p>\n<p><span style=\"font-size: 14pt;\">Louer un v\u00e9hicule de luxe &#8211; Participation \u00e0 des \u00e9v\u00e9nements sp\u00e9ciaux<\/span><\/p>\n<p>Vous devez assurer une pr\u00e9sence remarqu\u00e9e \u00e0 un galas caritatif &#8211; Amfar, MEWS Awards &#8211; ou assister \u00e0 un d\u00e9fil\u00e9 de mode de cr\u00e9ateurs, \u00e0 un \u00e9v\u00e9nement relat\u00e9 dans la presse people, ou faire la promo d&rsquo;un film?\u00a0 C&rsquo;est \u00e0 <a href=\"https:\/\/generationvoyage.fr\/visiter-cannes-faire-voir\/\" target=\"_blank\" rel=\"noopener\">Cannes<\/a> que cela se passe !<\/p>\n<p>D\u00e9voilez nos v\u00e9hicules en arri\u00e8re-plan, ils sont tr\u00e8s photog\u00e9niques et la ville regorge de p\u00e9pites pour les y exposer et se prendre en selfie. Pourquoi ne pas garer une ou deux supercars pour ces moments photo ?<\/p>\n<p>Nous sommes votre source sur la C\u00f4te d&rsquo;Azur et sommes pr\u00eats \u00e0 vous accompagner sur le tapis le tapis rouge pour des occasions de tous types.<\/p>\n<ul>\n<li>Festival International du Film de Cannes<\/li>\n<li>Lancements de produits<\/li>\n<li>C\u00e9r\u00e9monies de remise des prix<\/li>\n<li>Promotion et premi\u00e8res de films<\/li>\n<li>Rencontres et showspur vos fans<\/li>\n<li>Galas de charit\u00e9<\/li>\n<\/ul>\n<p>Cannes est l&rsquo;une des villes les plus exclusives de la <a href=\"https:\/\/generationvoyage.fr\/visiter-cote-azur-faire-voir\/\" target=\"_blank\" rel=\"noopener\">C\u00f4te d&rsquo;Azur<\/a> et louer une voiture de luxe vous permettra de faire impression. Vous pourrez ainsi profiter du faste et du glamour de la C\u00f4te d&rsquo;Azur avec un style in\u00e9gal\u00e9.<\/p>\n<h2><span style=\"font-size: 14pt;\">Location de voiture pour tournage de film sur la C\u00f4te d&rsquo;Azur<\/span><\/h2>\n<p>Cr\u00e9ez une toile de fond aristocratique en affichant des v\u00e9hicules de luxe pour une webs\u00e9rie ou un film. Cr\u00e9ez l&rsquo;ambiance d&rsquo;un clip vid\u00e9o ou tournez un clip commercial de grande classe avec une l\u00e9g\u00e8re touche ostentatoir comme les supercars des marques les plues envi\u00e9es :<\/p>\n<ul>\n<li>Publicit\u00e9s<\/li>\n<li>Films cin\u00e9matographiques<\/li>\n<li>Reportages de t\u00e9l\u00e9 r\u00e9alit\u00e9<\/li>\n<li>Films ind\u00e9pendants<\/li>\n<li>Vid\u00e9os musicales<\/li>\n<li>\u00c9missions de t\u00e9l\u00e9vision<\/li>\n<li>Film shoots et Photos shoot<\/li>\n<\/ul>\n<p><span style=\"font-size: 14pt;\">Choisissez votre v\u00e9hicule pr\u00e9f\u00e9r\u00e9<\/span><\/p>\n<p>Avec une flotte parfaitement entretenue compos\u00e9e de voitures de sport derneirs mod\u00e8les et des chauffeurs qui connaissent le m\u00e9tier, vous \u00eates s\u00fbr de trouver un v\u00e9hicule qui correspond vos exigences<\/p>\n<p>Choisissez parmi des voitures de sport de luxe, des SUV et des cabriolets pour faire de votre \u00e9v\u00e9nement, film ou s\u00e9ance photo tout ce que vous voulez.<\/p>\n<p><span style=\"font-size: 14pt;\">Service de livraison &#8211; Retrait \u00e0 l&rsquo;a\u00e9roport de Nice ou Cannes<\/span><\/p>\n<p>La plupart des visiteurs de Cannes arriveront \u00e0 l&rsquo;a\u00e9roport international de Nice C\u00f4te d&rsquo;Azur. Mais vous pouvez \u00e9galement r\u00e9cup\u00e9rer votre location de voiture de luxe \u00e0 l&rsquo;A\u00e9roport de Cannes Mandelieu, \u00e0 proximit\u00e9 de notre parking.<\/p>\n<h4>Location de voiture de luxe: devis personnalis\u00e9 sur demande<\/h4>\n<p>Besoin d&rsquo;une location de voiture pour tourner un film, pour un clip vid\u00e9o ou une s\u00e9quence TV, n&rsquo;h\u00e9sitez pas \u00e0 prendre <a href=\"https:\/\/car4rent.fr\/fr\/contact\/\" target=\"_blank\" rel=\"noopener\">contact<\/a> avec notre \u00e9quipe d\u00e8s maintenant pour toute information compl\u00e9mentaire.<\/p>\n<\/div>\n<\/div>\n<\/section>\n<section id=\"block1\" class=\"stripe row-content block1 fullwidth\">\n<\/section>\n<\/div><\/section>\n\n<style type=\"text\/css\" data-created_by=\"avia_inline_auto\" id=\"style-css-av-av_one_third-068220c8262444be99a83ad265bdcedb\">\n.flex_column.av-av_one_third-068220c8262444be99a83ad265bdcedb{\nborder-radius:0px 0px 0px 0px;\npadding:0px 0px 0px 0px;\n}\n<\/style>\n<div  class='flex_column av-av_one_third-068220c8262444be99a83ad265bdcedb av_one_third  avia-builder-el-5  el_after_av_textblock  el_before_av_one_third  first flex_column_div av-zero-column-padding  column-top-margin'     ><style type=\"text\/css\" data-created_by=\"avia_inline_auto\" id=\"style-css-av-lteezp2o-0e39b0d0522c833d358da961234be5ce\">\n.iconbox.av-lteezp2o-0e39b0d0522c833d358da961234be5ce .iconbox_icon{\nbackground-color:#6834bd;\n}\n<\/style>\n<article  class='iconbox iconbox_top av-lteezp2o-0e39b0d0522c833d358da961234be5ce  avia-builder-el-6  avia-builder-el-no-sibling  main_color' ><div class=\"iconbox_content\"><header class=\"entry-content-header\" aria-label=\"Ic\u00f4ne : \"><div class='iconbox_icon heading-color avia-iconfont avia-font-entypo-fontello' data-av_icon='\ue82a' data-av_iconfont='entypo-fontello'  ><\/div><\/header><div class='iconbox_content_container ' ><p><span style=\"font-size: 14pt;\">Location de voiture pour film et tournage<\/span><\/p>\n<hr \/>\n<p>Nous proposons \u00e0 la location des voitures de luxe et de sport, mais \u00e9galement une large gamme de SUV et de cabriolets. D\u00e9couvrez nos voitures de r\u00eave.<\/p>\n<p>Prix \u00e0 partir de 260\u20ac \/ jour.<\/p>\n<\/div><\/div><footer class=\"entry-footer\"><\/footer><\/article><\/div>\n<style type=\"text\/css\" data-created_by=\"avia_inline_auto\" id=\"style-css-av-av_one_third-e671fab5613f317ef63eb9ab712c64a3\">\n.flex_column.av-av_one_third-e671fab5613f317ef63eb9ab712c64a3{\nborder-radius:0px 0px 0px 0px;\npadding:0px 0px 0px 0px;\n}\n<\/style>\n<div  class='flex_column av-av_one_third-e671fab5613f317ef63eb9ab712c64a3 av_one_third  avia-builder-el-7  el_after_av_one_third  el_before_av_one_third  flex_column_div av-zero-column-padding  column-top-margin'     ><style type=\"text\/css\" data-created_by=\"avia_inline_auto\" id=\"style-css-av-av_icon_box-8a77a342f631bf5e36df6296c4299ac3\">\n.iconbox.av-av_icon_box-8a77a342f631bf5e36df6296c4299ac3 .iconbox_icon{\nbackground-color:#6834bd;\n}\n<\/style>\n<article  class='iconbox iconbox_top av-av_icon_box-8a77a342f631bf5e36df6296c4299ac3  avia-builder-el-8  avia-builder-el-no-sibling  main_color' ><div class=\"iconbox_content\"><header class=\"entry-content-header\" aria-label=\"Ic\u00f4ne : \"><div class='iconbox_icon heading-color avia-iconfont avia-font-entypo-fontello' data-av_icon='\ue842' data-av_iconfont='entypo-fontello'  ><\/div><\/header><div class='iconbox_content_container ' ><p><span style=\"font-size: 14pt;\">Agences \u00e0 l\u2019a\u00e9roport de Nice, Cannes, Monaco et Saint-Tropez\u00a0<\/span><\/p>\n<hr \/>\n<p>Nous proposons \u00e0 la location des voitures de sport et de luxe, mais \u00e9galement une large gamme de SUV et de cabriolets. D\u00e9couvrez nos voitures de r\u00eave.<\/p>\n<\/div><\/div><footer class=\"entry-footer\"><\/footer><\/article><\/div>\n<style type=\"text\/css\" data-created_by=\"avia_inline_auto\" id=\"style-css-av-av_one_third-e671fab5613f317ef63eb9ab712c64a3\">\n.flex_column.av-av_one_third-e671fab5613f317ef63eb9ab712c64a3{\nborder-radius:0px 0px 0px 0px;\npadding:0px 0px 0px 0px;\n}\n<\/style>\n<div  class='flex_column av-av_one_third-e671fab5613f317ef63eb9ab712c64a3 av_one_third  avia-builder-el-9  el_after_av_one_third  avia-builder-el-last  flex_column_div av-zero-column-padding  column-top-margin'     ><style type=\"text\/css\" data-created_by=\"avia_inline_auto\" id=\"style-css-av-av_icon_box-87cf04830cdae4f421660c89f7957336\">\n.iconbox.av-av_icon_box-87cf04830cdae4f421660c89f7957336 .iconbox_icon{\nbackground-color:#6834bd;\n}\n<\/style>\n<article  class='iconbox iconbox_top av-av_icon_box-87cf04830cdae4f421660c89f7957336  avia-builder-el-10  avia-builder-el-no-sibling  main_color' ><div class=\"iconbox_content\"><header class=\"entry-content-header\" aria-label=\"Ic\u00f4ne : \"><div class='iconbox_icon heading-color avia-iconfont avia-font-entypo-fontello' data-av_icon='\ue80b' data-av_iconfont='entypo-fontello'  ><\/div><\/header><div class='iconbox_content_container ' ><p><span style=\"font-size: 14pt;\">Un service sur mesure<\/span><\/p>\n<hr \/>\n<p>Une \u00e9quipe d\u00e9vou\u00e9e et attentive se tient \u00e0 votre disposition pour vous fournir toute information ou r\u00e9pondre \u00e0 vos demandes. Votre voiture peut \u00eatre livr\u00e9e sur demande directement \u00e0 votre arriv\u00e9e \u00e0 l&rsquo;a\u00e9roport de Nice, sur votre lieu de vill\u00e9giature, \u00e0 votre h\u00f4tel ou n&rsquo;importe o\u00f9 en France \u00e0 la destination de votre choix.<\/p>\n<\/div><\/div><footer class=\"entry-footer\"><\/footer><\/article><\/div>\n\n<\/div><\/div><\/div><!-- close content main div --><\/div><\/div><div id='contactez-nous'  class='avia-section av-av_section-512c7c49154bc377b219bcfd6668b444 main_color avia-section-default avia-no-border-styling  avia-builder-el-11  el_after_av_section  el_before_av_section  avia-bg-style-scroll container_wrap fullsize'  ><div class='container av-section-cont-open' ><div class='template-page content  av-content-full alpha units'><div class='post-entry post-entry-type-page post-entry-39459'><div class='entry-content-wrapper clearfix'>\n<div  class='hr av-av_hr-a51bda3bede10597b15f724d20a00feb hr-default  avia-builder-el-12  el_before_av_textblock  avia-builder-el-first '><span class='hr-inner '><span class=\"hr-inner-style\"><\/span><\/span><\/div>\n<section  class='av_textblock_section av-ltelyrz3-c37ee56747d63eca79e66c2e9b43f013 '  ><div class='avia_textblock' ><p style=\"text-align: center;\"><span style=\"font-size: 14pt;\">Vous souhaitez louer une voiture pour film et tournage? Besoin d\u2018un avis ou d\u2019un conseil?<\/span><\/p>\n<\/div><\/section>\n\n<style type=\"text\/css\" data-created_by=\"avia_inline_auto\" id=\"style-css-av-av_hr-7d0693d5b9d105e9a41ddf1fe8516e2c\">\n#top .hr.hr-invisible.av-av_hr-7d0693d5b9d105e9a41ddf1fe8516e2c{\nheight:25px;\n}\n<\/style>\n<div  class='hr av-av_hr-7d0693d5b9d105e9a41ddf1fe8516e2c hr-invisible  avia-builder-el-14  el_after_av_textblock  el_before_av_two_third '><span class='hr-inner '><span class=\"hr-inner-style\"><\/span><\/span><\/div>\n\n<style type=\"text\/css\" data-created_by=\"avia_inline_auto\" id=\"style-css-av-av_two_third-068220c8262444be99a83ad265bdcedb\">\n.flex_column.av-av_two_third-068220c8262444be99a83ad265bdcedb{\nborder-radius:0px 0px 0px 0px;\npadding:0px 0px 0px 0px;\n}\n<\/style>\n<div  class='flex_column av-av_two_third-068220c8262444be99a83ad265bdcedb av_two_third  avia-builder-el-15  el_after_av_hr  el_before_av_one_third  first flex_column_div av-zero-column-padding  '     ><p><section  class='av_textblock_section av-ltelwwsy-dbef27b46d1b873e79a862629d7db870 '  ><div class='avia_textblock' ><p><span style=\"font-size: 14pt;\">Nous contacter \u00e0 l\u2019aide du formulaire ci-dessous<\/span><\/p>\n<\/div><\/section><br \/>\n<section  class='av_textblock_section av-av_textblock-7a1af7d8f9790576b1769c0a9f0449ed '  ><div class='avia_textblock' ><div class=\"wpforms-container wpforms-container-full\" id=\"wpforms-27233\"><form id=\"wpforms-form-27233\" class=\"wpforms-validate wpforms-form\" data-formid=\"27233\" method=\"post\" enctype=\"multipart\/form-data\" action=\"\/fr\/wp-json\/wp\/v2\/pages\/39459\" data-token=\"10d94bb5d601b0fca13a9155a6633d88\" data-token-time=\"1777393568\"><noscript class=\"wpforms-error-noscript\">Veuillez activer JavaScript dans votre navigateur pour remplir ce formulaire.<\/noscript><div class=\"wpforms-field-container\"><div id=\"wpforms-27233-field_5-container\" class=\"wpforms-field wpforms-field-name\" data-field-id=\"5\"><label class=\"wpforms-field-label\">Nom <span class=\"wpforms-required-label\">*<\/span><\/label><div class=\"wpforms-field-row wpforms-field-medium\"><div class=\"wpforms-field-row-block wpforms-first wpforms-one-half\"><input type=\"text\" id=\"wpforms-27233-field_5\" class=\"wpforms-field-name-first wpforms-field-required\" name=\"wpforms[fields][5][first]\" required><label for=\"wpforms-27233-field_5\" class=\"wpforms-field-sublabel after\">First<\/label><\/div><div class=\"wpforms-field-row-block wpforms-one-half\"><input type=\"text\" id=\"wpforms-27233-field_5-last\" class=\"wpforms-field-name-last wpforms-field-required\" name=\"wpforms[fields][5][last]\" required><label for=\"wpforms-27233-field_5-last\" class=\"wpforms-field-sublabel after\">Last<\/label><\/div><\/div><\/div><div id=\"wpforms-27233-field_9-container\" class=\"wpforms-field wpforms-field-layout\" data-field-id=\"9\"><div class=\"wpforms-field-layout-rows wpforms-field-large\"><div class=\"wpforms-layout-row\"><div class=\"wpforms-layout-column wpforms-layout-column-50\"><div id=\"wpforms-27233-field_7-container\" class=\"wpforms-field wpforms-field-email\" data-field-id=\"7\"><label class=\"wpforms-field-label\" for=\"wpforms-27233-field_7\">Courriel <span class=\"wpforms-required-label\">*<\/span><\/label><input type=\"email\" id=\"wpforms-27233-field_7\" class=\"wpforms-field-medium wpforms-field-required\" name=\"wpforms[fields][7]\" spellcheck=\"false\" required><\/div><\/div><div class=\"wpforms-layout-column wpforms-layout-column-50\"><div id=\"wpforms-27233-field_8-container\" class=\"wpforms-field wpforms-field-phone\" data-field-id=\"8\"><label class=\"wpforms-field-label\" for=\"wpforms-27233-field_8\">T\u00e9l\u00e9phone <span class=\"wpforms-required-label\">*<\/span><\/label><input type=\"tel\" id=\"wpforms-27233-field_8\" class=\"wpforms-field-medium wpforms-field-required\" data-rule-int-phone-field=\"true\" name=\"wpforms[fields][8]\" aria-label=\"T\u00e9l\u00e9phone\" required><\/div><\/div><\/div><\/div><\/div><div id=\"wpforms-27233-field_4-container\" class=\"wpforms-field wpforms-field-textarea\" data-field-id=\"4\"><label class=\"wpforms-field-label\" for=\"wpforms-27233-field_4\">Message<\/label><textarea id=\"wpforms-27233-field_4\" class=\"wpforms-field-medium\" name=\"wpforms[fields][4]\" ><\/textarea><\/div><\/div><!-- .wpforms-field-container --><div class=\"wpforms-recaptcha-container wpforms-is-recaptcha wpforms-is-recaptcha-type-v3\" ><input type=\"hidden\" name=\"wpforms[recaptcha]\" value=\"\"><\/div><div class=\"wpforms-submit-container\" ><input type=\"hidden\" name=\"wpforms[id]\" value=\"27233\"><input type=\"hidden\" name=\"page_title\" value=\"\"><input type=\"hidden\" name=\"page_url\" value=\"https:\/\/car4rent.fr\/fr\/wp-json\/wp\/v2\/pages\/39459\"><input type=\"hidden\" name=\"url_referer\" value=\"\"><button type=\"submit\" name=\"wpforms[submit]\" id=\"wpforms-submit-27233\" class=\"wpforms-submit\" data-alt-text=\"Envoi\" data-submit-text=\"Soumettre\" aria-live=\"assertive\" value=\"wpforms-submit\">Soumettre<\/button><\/div><\/form><\/div>  <!-- .wpforms-container -->\n<\/div><\/section><\/p><\/div>\n<style type=\"text\/css\" data-created_by=\"avia_inline_auto\" id=\"style-css-av-av_one_third-e671fab5613f317ef63eb9ab712c64a3\">\n.flex_column.av-av_one_third-e671fab5613f317ef63eb9ab712c64a3{\nborder-radius:0px 0px 0px 0px;\npadding:0px 0px 0px 0px;\n}\n<\/style>\n<div  class='flex_column av-av_one_third-e671fab5613f317ef63eb9ab712c64a3 av_one_third  avia-builder-el-18  el_after_av_two_third  avia-builder-el-last  flex_column_div av-zero-column-padding  '     ><p><section  class='av_textblock_section av-ltelxh9i-275f40b9c53227dbd32b0c4f1e09d8ed '  ><div class='avia_textblock' ><p><span style=\"font-size: 14pt;\">Nous contacter par t\u00e9l\u00e9phone<\/span><\/p>\n<\/div><\/section><br \/>\n<section  class='av_textblock_section av-av_textblock-8eba2417de9ea263f0cb5a774f45768a '  ><div class='avia_textblock' ><p>Agence de Cannes (09H-12H00 et 15H00-19H00)<br \/>\n10, rue Hibert &#8211; 06400 Cannes<br \/>\nPhone : <a href=\"tel:0033788278586\">+33(0)33 7 88 27 85 86<\/a><br \/>\nMail : <a href=\"mailto:info@car4rent.fr\">info@car4rent.fr<\/a><\/p>\n<\/div><\/section><\/p><\/div><\/div><\/div><\/div><!-- close content main div --><\/div><\/div><div id='av_section_4'  class='avia-section av-av_section-f716ba51e7bf82947c918c6ed882cb73 main_color avia-section-default avia-no-border-styling  avia-builder-el-21  el_after_av_section  avia-builder-el-last  avia-bg-style-scroll container_wrap fullsize'  ><div class='container av-section-cont-open' ><div class='template-page content  av-content-full alpha units'><div class='post-entry post-entry-type-page post-entry-39459'><div class='entry-content-wrapper clearfix'>\n<div  class='avia-builder-widget-area clearfix  avia-builder-el-22  avia-builder-el-no-sibling '><div id=\"text-9\" class=\"widget clearfix widget_text\">\t\t\t<div class=\"textwidget\"><p style=\"text-align: center;\">    <div class=\"car4rent-share-block car4rent-fr\">\n        <a href=\"https:\/\/www.facebook.com\/sharer\/sharer.php?u=\" target=\"_blank\" rel=\"noopener\"><i class=\"fa-brands fa-facebook\"><\/i> Partager<\/a>\n        <a href=\"https:\/\/x.com\/intent\/tweet?url=&amp;text=\" target=\"_blank\" rel=\"noopener\"><i class=\"fa-brands fa-x-twitter\"><\/i> X<\/a>\n        <a href=\"https:\/\/wa.me\/?text=%20\" target=\"_blank\" rel=\"noopener\"><i class=\"fa-brands fa-whatsapp\"><\/i> WhatsApp<\/a>\n        <a href=\"https:\/\/www.instagram.com\/car4rent_cannes\/\" target=\"_blank\" rel=\"noopener\"><i class=\"fa-brands fa-instagram\"><\/i> Instagram<\/a>\n        <a href=\"https:\/\/www.linkedin.com\/company\/car4rent\/about\/\" target=\"_blank\" rel=\"noopener\"><i class=\"fa-brands fa-linkedin\"><\/i> LinkedIn<\/a>\n        <a href=\"https:\/\/www.youtube.com\/@car4rentcannes839\" target=\"_blank\" rel=\"noopener\"><i class=\"fa-brands fa-youtube\"><\/i> YouTube<\/a>\n    <\/div>\n    <\/p>\n<\/div>\n\t\t<\/div><\/div>\n<\/p>\n","protected":false},"excerpt":{"rendered":"","protected":false},"author":3,"featured_media":41869,"parent":0,"menu_order":645,"comment_status":"closed","ping_status":"closed","template":"","meta":{"_acf_changed":false,"footnotes":""},"class_list":["post-39459","page","type-page","status-publish","has-post-thumbnail","hentry"],"acf":[],"_links":{"self":[{"href":"https:\/\/car4rent.fr\/fr\/wp-json\/wp\/v2\/pages\/39459","targetHints":{"allow":["GET"]}}],"collection":[{"href":"https:\/\/car4rent.fr\/fr\/wp-json\/wp\/v2\/pages"}],"about":[{"href":"https:\/\/car4rent.fr\/fr\/wp-json\/wp\/v2\/types\/page"}],"author":[{"embeddable":true,"href":"https:\/\/car4rent.fr\/fr\/wp-json\/wp\/v2\/users\/3"}],"replies":[{"embeddable":true,"href":"https:\/\/car4rent.fr\/fr\/wp-json\/wp\/v2\/comments?post=39459"}],"version-history":[{"count":0,"href":"https:\/\/car4rent.fr\/fr\/wp-json\/wp\/v2\/pages\/39459\/revisions"}],"wp:featuredmedia":[{"embeddable":true,"href":"https:\/\/car4rent.fr\/fr\/wp-json\/wp\/v2\/media\/41869"}],"wp:attachment":[{"href":"https:\/\/car4rent.fr\/fr\/wp-json\/wp\/v2\/media?parent=39459"}],"curies":[{"name":"wp","href":"https:\/\/api.w.org\/{rel}","templated":true}]}}