{"id":39431,"date":"2024-03-06T14:19:07","date_gmt":"2024-03-06T13:19:07","guid":{"rendered":"https:\/\/car4rent.fr\/?page_id=39431"},"modified":"2025-05-30T18:31:44","modified_gmt":"2025-05-30T16:31:44","slug":"louer-un-suv","status":"publish","type":"page","link":"https:\/\/car4rent.fr\/fr\/louer-un-suv\/","title":{"rendered":"Louer un SUV"},"content":{"rendered":"\n<style type=\"text\/css\" data-created_by=\"avia_inline_auto\" id=\"style-css-av-1cy5hk1-3c40c00c86aa531cc609f7c331e5648e\">\n.avia-section.av-1cy5hk1-3c40c00c86aa531cc609f7c331e5648e .av-parallax .av-parallax-inner{\nbackground-repeat:no-repeat;\nbackground-image:url(https:\/\/car4rent.fr\/wp-content\/uploads\/Rent-Range-Rover-Cannes-scaled-1.jpg);\nbackground-position:50% 50%;\nbackground-attachment:scroll;\n}\n<\/style>\n<div id='av_section_1'  class='avia-section av-1cy5hk1-3c40c00c86aa531cc609f7c331e5648e main_color avia-section-huge avia-no-border-styling  avia-builder-el-0  el_before_av_section  avia-builder-el-first  avia-full-stretch av-parallax-section avia-bg-style-parallax av-minimum-height av-minimum-height-custom av-height-custom  container_wrap fullsize'  data-section-bg-repeat='stretch' data-av_minimum_height_px='350'><div class='av-parallax' data-avia-parallax-ratio='0.3' ><div class='av-parallax-inner main_color avia-full-stretch'><\/div><\/div><div class=\"av-section-color-overlay-wrap\"><a href='#next-section' title='' class='scroll-down-link  avia-svg-icon avia-font-svg_entypo-fontello' data-av_svg_icon='down-open-mini' data-av_iconset='svg_entypo-fontello'><svg version=\"1.1\" xmlns=\"http:\/\/www.w3.org\/2000\/svg\" width=\"15\" height=\"32\" viewBox=\"0 0 15 32\" preserveAspectRatio=\"xMidYMid meet\" aria-labelledby='av-svg-title-1' aria-describedby='av-svg-desc-1' role=\"graphics-symbol\" aria-hidden=\"true\">\n<title id='av-svg-title-1'>Scroller vers la prochaine section<\/title>\n<desc id='av-svg-desc-1'>Scroller vers la prochaine section<\/desc>\n<path d=\"M12.96 12.16q0.704-0.832 1.536 0 0.832 0.704 0 1.536l-6.272 6.144q-0.704 0.704-1.536 0l-6.272-6.144q-0.832-0.832 0-1.536 0.768-0.768 1.6 0l5.44 4.992z\"><\/path>\n<\/svg><\/a><div class='container av-section-cont-open' style='height:350px'><main  class='template-page content  av-content-full alpha units'><div class='post-entry post-entry-type-page post-entry-39431'><div class='entry-content-wrapper clearfix'>\n<\/div><\/div><\/main><!-- close content main element --><\/div><\/div><\/div><div id='av_section_2'  class='avia-section av-8kr6lc1-ce5bfba6715f5bfaeea2099d38176efb main_color avia-section-default avia-no-shadow  avia-builder-el-1  el_after_av_section  el_before_av_section  avia-bg-style-scroll container_wrap fullsize'  ><div class='container av-section-cont-open' ><div class='template-page content  av-content-full alpha units'><div class='post-entry post-entry-type-page post-entry-39431'><div class='entry-content-wrapper clearfix'>\n\n<style type=\"text\/css\" data-created_by=\"avia_inline_auto\" id=\"style-css-av-ltd0o613-362f65bff828c9b670852113fdcb0c4c\">\n#top .av-special-heading.av-ltd0o613-362f65bff828c9b670852113fdcb0c4c{\npadding-bottom:10px;\nfont-size:35px;\n}\nbody .av-special-heading.av-ltd0o613-362f65bff828c9b670852113fdcb0c4c .av-special-heading-tag .heading-char{\nfont-size:25px;\n}\n#top #wrap_all .av-special-heading.av-ltd0o613-362f65bff828c9b670852113fdcb0c4c .av-special-heading-tag{\nfont-size:35px;\n}\n.av-special-heading.av-ltd0o613-362f65bff828c9b670852113fdcb0c4c .av-subheading{\nfont-size:15px;\n}\n\n@media only screen and (min-width: 480px) and (max-width: 767px){ \n#top #wrap_all .av-special-heading.av-ltd0o613-362f65bff828c9b670852113fdcb0c4c .av-special-heading-tag{\nfont-size:0.8em;\n}\n}\n\n@media only screen and (max-width: 479px){ \n#top #wrap_all .av-special-heading.av-ltd0o613-362f65bff828c9b670852113fdcb0c4c .av-special-heading-tag{\nfont-size:0.8em;\n}\n}\n<\/style>\n<div  class='av-special-heading av-ltd0o613-362f65bff828c9b670852113fdcb0c4c av-special-heading-h2 blockquote modern-quote modern-centered  avia-builder-el-2  el_before_av_hr  avia-builder-el-first  av-inherit-size'><h2 class='av-special-heading-tag '  >Louer un SUV<\/h2><div class=\"special-heading-border\"><div class=\"special-heading-inner-border\"><\/div><\/div><\/div>\n<div  class='hr av-80ii61t-10ca89c1529660e9f24b1d3686f1d84b hr-default  avia-builder-el-3  el_after_av_heading  el_before_av_textblock '><span class='hr-inner '><span class=\"hr-inner-style\"><\/span><\/span><\/div>\n<section  class='av_textblock_section av-ltd0p7in-6ebed4feaed5d546aadd4dff89bed72b '  ><div class='avia_textblock' ><section id=\"block0\" class=\"stripe row-content block0 fullwidth\">\n<div class=\"column small-five small-push-one reset last\">\n<div class=\"boxcontent\">\n<h2>Louer un SUV premium<\/h2>\n<p>Une location de SUV chez Car4rent est parfaite pour effectuer un voyage en groupe ou en famille. Vous pr\u00e9voyez votre prochain s\u00e9jour sur la C\u00f4te d&rsquo;Azur, assurez-vous de prendre en compte le bon nombre de personnes avec lesquelles vous voyagerez et l\u2019espace bagages n\u00e9cessaire avant de faire votre r\u00e9servation.<\/p>\n<p>Nous proposons \u00e0 la location une gamme de SUV premium ainsi que des Crossover, pour des d\u00e9placements de 5 \u00e0 8 personnes, selon le mod\u00e8le choisi.<\/p>\n<p>Parce que les disponibilit\u00e9s sont limit\u00e9es en saison, pensez \u00e0 r\u00e9server votre v\u00e9hicule d\u00e8s maintenant pour \u00eatre s\u00fbr de conduire celui que vous aurez choisi. Nous pouvons garantir le mod\u00e8le sp\u00e9cifique avec la bonne motorisation, les bonnes options et la bonne couleur, et nous sommes convaincus que vous appr\u00e9cierez de pouvoir respecter votre budget en vous y prenant \u00e0 temps.<\/p>\n<h3>Louer un SUV \u00e0 l&rsquo;a\u00e9roport de Nice<\/h3>\n<p>Louer un SUV \u00e0 <a href=\"https:\/\/cotedazurfrance.fr\/decouvrir\/les-villes-de-la-cote-dazur\/visiter-nice\/top-10-des-choses-a-voir-et-a-faire-a-nice\/\" target=\"_blank\" rel=\"noopener\">Nice<\/a> avec Car4rent est votre meilleure option pour effectuer un voyage inoubliable sur la C\u00f4te d&rsquo;Azur dans un SUV luxueux, spacieux et styl\u00e9. Notre vaste flotte de location de SUV haut de gamme est compos\u00e9e des marques les plus prestigieuses telles que Lamborghini, Land Rover, Mercedes et <a class=\"wpil_keyword_link\" href=\"https:\/\/car4rent.fr\/fr\/categorie-produit\/marques-de-voitures\/audi\/\" title=\"Locations de voitures de luxe Audi\" data-wpil-keyword-link=\"linked\" data-wpil-monitor-id=\"122609\">Audi<\/a>.<\/p>\n<h4>A la d\u00e9couverte de Nice<\/h4>\n<p>Avec une location de SUV \u00e0 Nice, vous pourrez d\u00e9couvrir cette ville au caract\u00e8re prononc\u00e9, jusqu&rsquo;\u00e0 8 passagers \u00e0 bord, tout en gardant de la place pour vos \u00e9quipements et vos bagages.<\/p>\n<p>Faites un tour au mus\u00e9e d&rsquo;art, le MAMAC, offrant un incroyable panorama sur les toits de la ville, ou baladez-vous sur la c\u00e9l\u00e8bre \u00ab\u00a0Promenade des Anglais\u00a0\u00bb au bord de la M\u00e9diterran\u00e9e d&rsquo;un bleu turquoise. Explorez le Mus\u00e9e Matisse et le Mus\u00e9e Chagall, fl\u00e2nez au march\u00e9 aux fleurs au Cours Saleya et gravissez la colline du Ch\u00e2teau offrant une vue incroyable sur la Baie des Anges.<\/p>\n<p><span style=\"font-size: 14pt\">Avantages de louer un SUV<\/span><\/p>\n<p>Louer un SUV chez Car4rent vous permet de conduire les derniers mod\u00e8les de luxe, \u00e9quip\u00e9s des derniers syst\u00e8mes d&rsquo;aide \u00e0 la conduite tels que le r\u00e9gulateur de vitesse adaptatif, les cam\u00e9ras de stationnement et d&rsquo;autres \u00e9quipements de s\u00e9curit\u00e9. Nous effectuons \u00e9galement r\u00e9guli\u00e8rement des contr\u00f4les de s\u00e9curit\u00e9.<\/p>\n<p>La location de SUV est parfaite pour les excursions d&rsquo;une journ\u00e9e et pour parcourir de longues distances avec tout le confort, mais \u00e9galement pour visiter la ville gr\u00e2ce \u00e0 une position sur\u00e9lev\u00e9e et des si\u00e8ges spacieux.<\/p>\n<p>Chez Car4rent, nous entretenons tous nos v\u00e9hicules en temps et en heure, afin de vous louer une voiture fiable pour toute la dur\u00e9e de votre voyage.<\/p>\n<p><span style=\"font-size: 14pt\">Location de voitures de luxe<\/span><\/p>\n<p>Chez Car4rent Cannes, nous sommes sp\u00e9cialis\u00e9s dans la location de voitures de luxe et de sport. Prenez le volant de mod\u00e8les sportifs et de luxe, comme Ferrari, Lamborghini, Porsche, Land Rover, Mercedes AMG, Bentley, Rolls-Royce, toutes marques synonymes de puissance, de performance, d&rsquo;agilit\u00e9 et de s\u00e9curit\u00e9, en un mot Excellence.<\/p>\n<p>Vous souhaitez louer une voiture de luxe avec Car4rent. Notre \u00e9quipe d\u00e9di\u00e9e se tient \u00e0 votre disposition pour obtenir toute information et rendre votre exp\u00e9rience de conduite sensationnelle.<\/p>\n<p>Car4rent sera toujours attentive pour s&rsquo;assurer que chaque d\u00e9tail est termin\u00e9. Ainsi, nous pouvons faire de votre voyage un moment inoubliable.<\/p>\n<p>Nos prestations ne s&rsquo;arr\u00eatent pas \u00e0 la livraison de votre voiture. Vous rencontrez un probl\u00e8me pendant votre s\u00e9jour ? N&rsquo;h\u00e9sitez pas \u00e0 contacter l&rsquo;un de nos collaborateurs pour une location de SUV.<\/p>\n<\/div>\n<\/div>\n<\/section>\n<section id=\"block1\" class=\"stripe row-content block1 fullwidth\">\n<\/section>\n<\/div><\/section>\n\n<style type=\"text\/css\" data-created_by=\"avia_inline_auto\" id=\"style-css-av-7qgebxd-ef9022c15a765829b81039b2d60e9874\">\n.flex_column.av-7qgebxd-ef9022c15a765829b81039b2d60e9874{\nborder-radius:0px 0px 0px 0px;\npadding:0px 0px 0px 0px;\n}\n<\/style>\n<div  class='flex_column av-7qgebxd-ef9022c15a765829b81039b2d60e9874 av_one_third  avia-builder-el-5  el_after_av_textblock  el_before_av_one_third  first flex_column_div av-zero-column-padding  column-top-margin'     ><style type=\"text\/css\" data-created_by=\"avia_inline_auto\" id=\"style-css-av-ltd0puks-ce730538ca68c45ac01a6b9db818dde0\">\n.iconbox.av-ltd0puks-ce730538ca68c45ac01a6b9db818dde0 .iconbox_icon{\nbackground-color:#6834bd;\n}\n<\/style>\n<article  class='iconbox iconbox_top av-ltd0puks-ce730538ca68c45ac01a6b9db818dde0  avia-builder-el-6  avia-builder-el-no-sibling  main_color' ><div class=\"iconbox_content\"><header class=\"entry-content-header\" aria-label=\"Ic\u00f4ne : \"><div class='iconbox_icon heading-color avia-iconfont avia-font-entypo-fontello' data-av_icon='\ue82a' data-av_iconfont='entypo-fontello'  ><\/div><\/header><div class='iconbox_content_container ' ><p><span style=\"font-size: 14pt\">Louer un SUV<\/span><\/p>\n<hr \/>\n<p>Nous proposons \u00e0 la location des voitures de luxe et de sport, mais \u00e9galement une large gamme de SUV et de cabriolets. D\u00e9couvrez nos voitures de r\u00eave.<\/p>\n<p>Prix \u00e0 partir de 260\u20ac \/ jour.<\/p>\n<\/div><\/div><footer class=\"entry-footer\"><\/footer><\/article><\/div>\n<style type=\"text\/css\" data-created_by=\"avia_inline_auto\" id=\"style-css-av-7450081-b3b69756997b13f469ca40fc7b68b883\">\n.flex_column.av-7450081-b3b69756997b13f469ca40fc7b68b883{\nborder-radius:0px 0px 0px 0px;\npadding:0px 0px 0px 0px;\n}\n<\/style>\n<div  class='flex_column av-7450081-b3b69756997b13f469ca40fc7b68b883 av_one_third  avia-builder-el-7  el_after_av_one_third  el_before_av_one_third  flex_column_div av-zero-column-padding  column-top-margin'     ><style type=\"text\/css\" data-created_by=\"avia_inline_auto\" id=\"style-css-av-6m1axgh-6840edcacbdb799a8dced8a085283bed\">\n.iconbox.av-6m1axgh-6840edcacbdb799a8dced8a085283bed .iconbox_icon{\nbackground-color:#6834bd;\n}\n<\/style>\n<article  class='iconbox iconbox_top av-6m1axgh-6840edcacbdb799a8dced8a085283bed  avia-builder-el-8  avia-builder-el-no-sibling  main_color' ><div class=\"iconbox_content\"><header class=\"entry-content-header\" aria-label=\"Ic\u00f4ne : \"><div class='iconbox_icon heading-color avia-iconfont avia-font-entypo-fontello' data-av_icon='\ue842' data-av_iconfont='entypo-fontello'  ><\/div><\/header><div class='iconbox_content_container ' ><p><span style=\"font-size: 14pt\">Agences \u00e0 l\u2019a\u00e9roport de Nice, Cannes, Monaco et Saint-Tropez\u00a0<\/span><\/p>\n<hr \/>\n<p>Nous proposons \u00e0 la location des voitures de sport et de luxe, mais \u00e9galement une large gamme de SUV et de cabriolets. D\u00e9couvrez nos voitures de r\u00eave.<\/p>\n<\/div><\/div><footer class=\"entry-footer\"><\/footer><\/article><\/div>\n<style type=\"text\/css\" data-created_by=\"avia_inline_auto\" id=\"style-css-av-6epdgzl-d8d643890c23d962db9c1737be978d7b\">\n.flex_column.av-6epdgzl-d8d643890c23d962db9c1737be978d7b{\nborder-radius:0px 0px 0px 0px;\npadding:0px 0px 0px 0px;\n}\n<\/style>\n<div  class='flex_column av-6epdgzl-d8d643890c23d962db9c1737be978d7b av_one_third  avia-builder-el-9  el_after_av_one_third  avia-builder-el-last  flex_column_div av-zero-column-padding  column-top-margin'     ><style type=\"text\/css\" data-created_by=\"avia_inline_auto\" id=\"style-css-av-kwtbpd-f539b33e69cfcda36ffcea779db0f55f\">\n.iconbox.av-kwtbpd-f539b33e69cfcda36ffcea779db0f55f .iconbox_icon{\nbackground-color:#6834bd;\n}\n<\/style>\n<article  class='iconbox iconbox_top av-kwtbpd-f539b33e69cfcda36ffcea779db0f55f  avia-builder-el-10  avia-builder-el-no-sibling  main_color' ><div class=\"iconbox_content\"><header class=\"entry-content-header\" aria-label=\"Ic\u00f4ne : \"><div class='iconbox_icon heading-color avia-iconfont avia-font-entypo-fontello' data-av_icon='\ue80b' data-av_iconfont='entypo-fontello'  ><\/div><\/header><div class='iconbox_content_container ' ><p><span style=\"font-size: 14pt\">Un service sur mesure<\/span><\/p>\n<hr \/>\n<p>Une \u00e9quipe d\u00e9vou\u00e9e et attentive se tient \u00e0 votre disposition pour vous fournir toute information ou r\u00e9pondre \u00e0 vos demandes. Votre voiture peut \u00eatre livr\u00e9e sur demande directement \u00e0 votre arriv\u00e9e aux a\u00e9roports de Nice, de Grenoble, ou de Lyon Saint-Exup\u00e9ry, ou encore directement sur votre lieu de vill\u00e9giature, \u00e0 votre h\u00f4tel ou n&rsquo;importe o\u00f9 en France \u00e0 la destination de votre choix.<\/p>\n<\/div><\/div><footer class=\"entry-footer\"><\/footer><\/article><\/div><\/div><\/div><\/div><!-- close content main div --><\/div><\/div><div id='contactez-nous'  class='avia-section av-590up29-c17f3c142e7073011b2ef5ab09b4fa97 main_color avia-section-default avia-no-border-styling  avia-builder-el-11  el_after_av_section  el_before_av_section  avia-bg-style-scroll container_wrap fullsize'  ><div class='container av-section-cont-open' ><div class='template-page content  av-content-full alpha units'><div class='post-entry post-entry-type-page post-entry-39431'><div class='entry-content-wrapper clearfix'>\n<div  class='hr av-henkm9-bf16839f33af9582e4e7c7d71c6f026c hr-default  avia-builder-el-12  el_before_av_textblock  avia-builder-el-first '><span class='hr-inner '><span class=\"hr-inner-style\"><\/span><\/span><\/div>\n<section  class='av_textblock_section av-1hw63fl-d61adf0d2321568951df9105d906d8f0 '  ><div class='avia_textblock' ><p style=\"text-align: center\"><span style=\"font-size: 14pt\">Vous souhaitez louer un SUV ? Besoin d\u2019un conseil ?<\/span><\/p>\n<\/div><\/section>\n\n<style type=\"text\/css\" data-created_by=\"avia_inline_auto\" id=\"style-css-av-4jm4b8h-a45bd643dc236927341f677cbe3cdafe\">\n#top .hr.hr-invisible.av-4jm4b8h-a45bd643dc236927341f677cbe3cdafe{\nheight:25px;\n}\n<\/style>\n<div  class='hr av-4jm4b8h-a45bd643dc236927341f677cbe3cdafe hr-invisible  avia-builder-el-14  el_after_av_textblock  el_before_av_two_third '><span class='hr-inner '><span class=\"hr-inner-style\"><\/span><\/span><\/div>\n\n<style type=\"text\/css\" data-created_by=\"avia_inline_auto\" id=\"style-css-av-3uq0sn5-d99897afa488142e4efe9f5e846c74a3\">\n.flex_column.av-3uq0sn5-d99897afa488142e4efe9f5e846c74a3{\nborder-radius:0px 0px 0px 0px;\npadding:0px 0px 0px 0px;\n}\n<\/style>\n<div  class='flex_column av-3uq0sn5-d99897afa488142e4efe9f5e846c74a3 av_two_third  avia-builder-el-15  el_after_av_hr  el_before_av_one_third  first flex_column_div av-zero-column-padding  '     ><p><section  class='av_textblock_section av-ltfup46l-5af3145ada1f9a49013c5df42b38a824 '  ><div class='avia_textblock' ><p><span style=\"font-size: 14pt\">Nous contacter \u00e0 l\u2019aide du formulaire ci-dessous<\/span><\/p>\n<\/div><\/section><br \/>\n<section  class='av_textblock_section av-338xdcx-4ee14d0b861881871d3600530033bd81 '  ><div class='avia_textblock' ><div class=\"wpforms-container wpforms-container-full\" id=\"wpforms-27233\"><form id=\"wpforms-form-27233\" class=\"wpforms-validate wpforms-form\" data-formid=\"27233\" method=\"post\" enctype=\"multipart\/form-data\" action=\"\/fr\/wp-json\/wp\/v2\/pages\/39431\" data-token=\"1f9d892bc1ab6ed1d82c0794b867a5fd\" data-token-time=\"1777731837\"><noscript class=\"wpforms-error-noscript\">Veuillez activer JavaScript dans votre navigateur pour remplir ce formulaire.<\/noscript><div class=\"wpforms-field-container\"><div id=\"wpforms-27233-field_5-container\" class=\"wpforms-field wpforms-field-name\" data-field-id=\"5\"><label class=\"wpforms-field-label\">Nom <span class=\"wpforms-required-label\">*<\/span><\/label><div class=\"wpforms-field-row wpforms-field-medium\"><div class=\"wpforms-field-row-block wpforms-first wpforms-one-half\"><input type=\"text\" id=\"wpforms-27233-field_5\" class=\"wpforms-field-name-first wpforms-field-required\" name=\"wpforms[fields][5][first]\" required><label for=\"wpforms-27233-field_5\" class=\"wpforms-field-sublabel after\">First<\/label><\/div><div class=\"wpforms-field-row-block wpforms-one-half\"><input type=\"text\" id=\"wpforms-27233-field_5-last\" class=\"wpforms-field-name-last wpforms-field-required\" name=\"wpforms[fields][5][last]\" required><label for=\"wpforms-27233-field_5-last\" class=\"wpforms-field-sublabel after\">Last<\/label><\/div><\/div><\/div><div id=\"wpforms-27233-field_9-container\" class=\"wpforms-field wpforms-field-layout\" data-field-id=\"9\"><div class=\"wpforms-field-layout-rows wpforms-field-large\"><div class=\"wpforms-layout-row\"><div class=\"wpforms-layout-column wpforms-layout-column-50\"><div id=\"wpforms-27233-field_7-container\" class=\"wpforms-field wpforms-field-email\" data-field-id=\"7\"><label class=\"wpforms-field-label\" for=\"wpforms-27233-field_7\">Courriel <span class=\"wpforms-required-label\">*<\/span><\/label><input type=\"email\" id=\"wpforms-27233-field_7\" class=\"wpforms-field-medium wpforms-field-required\" name=\"wpforms[fields][7]\" spellcheck=\"false\" required><\/div><\/div><div class=\"wpforms-layout-column wpforms-layout-column-50\"><div id=\"wpforms-27233-field_8-container\" class=\"wpforms-field wpforms-field-phone\" data-field-id=\"8\"><label class=\"wpforms-field-label\" for=\"wpforms-27233-field_8\">T\u00e9l\u00e9phone <span class=\"wpforms-required-label\">*<\/span><\/label><input type=\"tel\" id=\"wpforms-27233-field_8\" class=\"wpforms-field-medium wpforms-field-required\" data-rule-int-phone-field=\"true\" name=\"wpforms[fields][8]\" aria-label=\"T\u00e9l\u00e9phone\" required><\/div><\/div><\/div><\/div><\/div><div id=\"wpforms-27233-field_4-container\" class=\"wpforms-field wpforms-field-textarea\" data-field-id=\"4\"><label class=\"wpforms-field-label\" for=\"wpforms-27233-field_4\">Message<\/label><textarea id=\"wpforms-27233-field_4\" class=\"wpforms-field-medium\" name=\"wpforms[fields][4]\" ><\/textarea><\/div><\/div><!-- .wpforms-field-container --><div class=\"wpforms-recaptcha-container wpforms-is-recaptcha wpforms-is-recaptcha-type-v3\" ><input type=\"hidden\" name=\"wpforms[recaptcha]\" value=\"\"><\/div><div class=\"wpforms-submit-container\" ><input type=\"hidden\" name=\"wpforms[id]\" value=\"27233\"><input type=\"hidden\" name=\"page_title\" value=\"\"><input type=\"hidden\" name=\"page_url\" value=\"https:\/\/car4rent.fr\/fr\/wp-json\/wp\/v2\/pages\/39431\"><input type=\"hidden\" name=\"url_referer\" value=\"\"><button type=\"submit\" name=\"wpforms[submit]\" id=\"wpforms-submit-27233\" class=\"wpforms-submit\" data-alt-text=\"Envoi\" data-submit-text=\"Soumettre\" aria-live=\"assertive\" value=\"wpforms-submit\">Soumettre<\/button><\/div><\/form><\/div>  <!-- .wpforms-container -->\n<\/div><\/section><\/p><\/div>\n<style type=\"text\/css\" data-created_by=\"avia_inline_auto\" id=\"style-css-av-2jonpvl-9d01f61d998bcf9490a9ca139bf20b14\">\n.flex_column.av-2jonpvl-9d01f61d998bcf9490a9ca139bf20b14{\nborder-radius:0px 0px 0px 0px;\npadding:0px 0px 0px 0px;\n}\n<\/style>\n<div  class='flex_column av-2jonpvl-9d01f61d998bcf9490a9ca139bf20b14 av_one_third  avia-builder-el-18  el_after_av_two_third  avia-builder-el-last  flex_column_div av-zero-column-padding  '     ><p><section  class='av_textblock_section av-av_textblock-8eba2417de9ea263f0cb5a774f45768a '  ><div class='avia_textblock' ><p><span style=\"font-size: 14pt\">Nous contacter par t\u00e9l\u00e9phone<\/span><\/p>\n<\/div><\/section><br \/>\n<section  class='av_textblock_section av-av_textblock-d3d5a2a601c86f4849e44ac595c023fb '  ><div class='avia_textblock' ><p>Cannes office (09H-12H00 et 15H00-19H00)<br \/>\n10, rue Hibert &#8211; 06400 Cannes<br \/>\nPhone : <a href=\"tel:0033788278586\">0033 7 88 27 85 86<\/a><br \/>\nMail : <a href=\"mailto:info@car4rent.fr\">info@car4rent.fr<\/a><\/p>\n<\/div><\/section><\/p><\/div><\/div><\/div><\/div><!-- close content main div --><\/div><\/div><div id='av_section_4'  class='avia-section av-10d4rcx-8a5b699a731fb8924a52ef07c603671f main_color avia-section-default avia-no-border-styling  avia-builder-el-21  el_after_av_section  avia-builder-el-last  avia-bg-style-scroll container_wrap fullsize'  ><div class='container av-section-cont-open' ><div class='template-page content  av-content-full alpha units'><div class='post-entry post-entry-type-page post-entry-39431'><div class='entry-content-wrapper clearfix'>\n<div  class='avia-builder-widget-area clearfix  avia-builder-el-22  avia-builder-el-no-sibling '><div id=\"text-9\" class=\"widget clearfix widget_text\">\t\t\t<div class=\"textwidget\"><p style=\"text-align: center;\">    <div class=\"car4rent-share-block car4rent-fr\">\n        <a href=\"https:\/\/www.facebook.com\/sharer\/sharer.php?u=\" target=\"_blank\" rel=\"noopener\"><i class=\"fa-brands fa-facebook\"><\/i> Partager<\/a>\n        <a href=\"https:\/\/x.com\/intent\/tweet?url=&amp;text=\" target=\"_blank\" rel=\"noopener\"><i class=\"fa-brands fa-x-twitter\"><\/i> X<\/a>\n        <a href=\"https:\/\/wa.me\/?text=%20\" target=\"_blank\" rel=\"noopener\"><i class=\"fa-brands fa-whatsapp\"><\/i> WhatsApp<\/a>\n        <a href=\"https:\/\/www.instagram.com\/car4rent_cannes\/\" target=\"_blank\" rel=\"noopener\"><i class=\"fa-brands fa-instagram\"><\/i> Instagram<\/a>\n        <a href=\"https:\/\/www.linkedin.com\/company\/car4rent\/about\/\" target=\"_blank\" rel=\"noopener\"><i class=\"fa-brands fa-linkedin\"><\/i> LinkedIn<\/a>\n        <a href=\"https:\/\/www.youtube.com\/@car4rentcannes839\" target=\"_blank\" rel=\"noopener\"><i class=\"fa-brands fa-youtube\"><\/i> YouTube<\/a>\n    <\/div>\n    <\/p>\n<\/div>\n\t\t<\/div><\/div>\n<\/p>\n","protected":false},"excerpt":{"rendered":"","protected":false},"author":3,"featured_media":37068,"parent":0,"menu_order":555,"comment_status":"closed","ping_status":"closed","template":"","meta":{"_acf_changed":false,"footnotes":""},"class_list":["post-39431","page","type-page","status-publish","has-post-thumbnail","hentry"],"acf":[],"_links":{"self":[{"href":"https:\/\/car4rent.fr\/fr\/wp-json\/wp\/v2\/pages\/39431","targetHints":{"allow":["GET"]}}],"collection":[{"href":"https:\/\/car4rent.fr\/fr\/wp-json\/wp\/v2\/pages"}],"about":[{"href":"https:\/\/car4rent.fr\/fr\/wp-json\/wp\/v2\/types\/page"}],"author":[{"embeddable":true,"href":"https:\/\/car4rent.fr\/fr\/wp-json\/wp\/v2\/users\/3"}],"replies":[{"embeddable":true,"href":"https:\/\/car4rent.fr\/fr\/wp-json\/wp\/v2\/comments?post=39431"}],"version-history":[{"count":0,"href":"https:\/\/car4rent.fr\/fr\/wp-json\/wp\/v2\/pages\/39431\/revisions"}],"wp:featuredmedia":[{"embeddable":true,"href":"https:\/\/car4rent.fr\/fr\/wp-json\/wp\/v2\/media\/37068"}],"wp:attachment":[{"href":"https:\/\/car4rent.fr\/fr\/wp-json\/wp\/v2\/media?parent=39431"}],"curies":[{"name":"wp","href":"https:\/\/api.w.org\/{rel}","templated":true}]}}