{"id":39276,"date":"2024-03-05T21:47:01","date_gmt":"2024-03-05T20:47:01","guid":{"rendered":"https:\/\/car4rent.fr\/?page_id=39276"},"modified":"2024-03-06T15:05:32","modified_gmt":"2024-03-06T14:05:32","slug":"location-voiture-haut-de-gamme","status":"publish","type":"page","link":"https:\/\/car4rent.fr\/fr\/location-voiture-haut-de-gamme\/","title":{"rendered":"Location voiture haut de gamme"},"content":{"rendered":"<div id='av_section_1'  class='avia-section av-dovd4no-cb453e31ab4f4629e275e7fb6eef5800 main_color avia-section-huge avia-no-border-styling  avia-builder-el-0  el_before_av_section  avia-builder-el-first  avia-bg-style-parallax av-minimum-height av-minimum-height-custom av-height-custom  container_wrap fullsize'   data-av_minimum_height_px='350'><div class=\"av-section-color-overlay-wrap\"><a href='#next-section' title='' class='scroll-down-link  avia-svg-icon avia-font-svg_entypo-fontello' data-av_svg_icon='down-open-mini' data-av_iconset='svg_entypo-fontello'><svg version=\"1.1\" xmlns=\"http:\/\/www.w3.org\/2000\/svg\" width=\"15\" height=\"32\" viewBox=\"0 0 15 32\" preserveAspectRatio=\"xMidYMid meet\" aria-labelledby='av-svg-title-1' aria-describedby='av-svg-desc-1' role=\"graphics-symbol\" aria-hidden=\"true\">\n<title id='av-svg-title-1'>Scroller vers la prochaine section<\/title>\n<desc id='av-svg-desc-1'>Scroller vers la prochaine section<\/desc>\n<path d=\"M12.96 12.16q0.704-0.832 1.536 0 0.832 0.704 0 1.536l-6.272 6.144q-0.704 0.704-1.536 0l-6.272-6.144q-0.832-0.832 0-1.536 0.768-0.768 1.6 0l5.44 4.992z\"><\/path>\n<\/svg><\/a><div class='container av-section-cont-open' style='height:350px'><main  class='template-page content  av-content-full alpha units'><div class='post-entry post-entry-type-page post-entry-39276'><div class='entry-content-wrapper clearfix'>\n<\/div><\/div><\/main><!-- close content main element --><\/div><\/div><\/div><div id='av_section_2'  class='avia-section av-8f9myok-28411b13b2148187c29c69dc02c21e0b main_color avia-section-default avia-no-shadow  avia-builder-el-1  el_after_av_section  el_before_av_section  avia-bg-style-scroll container_wrap fullsize'  ><div class='container av-section-cont-open' ><div class='template-page content  av-content-full alpha units'><div class='post-entry post-entry-type-page post-entry-39276'><div class='entry-content-wrapper clearfix'>\n\n<style type=\"text\/css\" data-created_by=\"avia_inline_auto\" id=\"style-css-av-ltajayc8-d45d35733afcdbc9f5edfa68fbf45f61\">\n#top .av-special-heading.av-ltajayc8-d45d35733afcdbc9f5edfa68fbf45f61{\npadding-bottom:10px;\nfont-size:35px;\n}\nbody .av-special-heading.av-ltajayc8-d45d35733afcdbc9f5edfa68fbf45f61 .av-special-heading-tag .heading-char{\nfont-size:25px;\n}\n#top #wrap_all .av-special-heading.av-ltajayc8-d45d35733afcdbc9f5edfa68fbf45f61 .av-special-heading-tag{\nfont-size:35px;\n}\n.av-special-heading.av-ltajayc8-d45d35733afcdbc9f5edfa68fbf45f61 .av-subheading{\nfont-size:15px;\n}\n\n@media only screen and (min-width: 480px) and (max-width: 767px){ \n#top #wrap_all .av-special-heading.av-ltajayc8-d45d35733afcdbc9f5edfa68fbf45f61 .av-special-heading-tag{\nfont-size:0.8em;\n}\n}\n\n@media only screen and (max-width: 479px){ \n#top #wrap_all .av-special-heading.av-ltajayc8-d45d35733afcdbc9f5edfa68fbf45f61 .av-special-heading-tag{\nfont-size:0.8em;\n}\n}\n<\/style>\n<div  class='av-special-heading av-ltajayc8-d45d35733afcdbc9f5edfa68fbf45f61 av-special-heading-h2 blockquote modern-quote modern-centered  avia-builder-el-2  el_before_av_hr  avia-builder-el-first  av-inherit-size'><h2 class='av-special-heading-tag '  >Location voiture haut de gamme<\/h2><div class=\"special-heading-border\"><div class=\"special-heading-inner-border\"><\/div><\/div><\/div>\n<div  class='hr av-7zu7ofo-452da2dea7779cd2c44d6904ad083743 hr-default  avia-builder-el-3  el_after_av_heading  el_before_av_textblock '><span class='hr-inner '><span class=\"hr-inner-style\"><\/span><\/span><\/div>\n<section  class='av_textblock_section av-ltajh26x-6684d57dbb755c64961ae5cb74ea4697 '  ><div class='avia_textblock' ><section id=\"block0\" class=\"stripe row-content block0 fullwidth\">\n<div class=\"column small-five small-push-one reset last\">\n<div class=\"boxcontent\">\n<h2><strong>Location voiture haut de gamme: d\u00e9couvrez tous nos mod\u00e8les de v\u00e9hicules<\/strong><\/h2>\n<p>Chez Car4rent <a href=\"https:\/\/generationvoyage.fr\/visiter-cannes-faire-voir\/\" target=\"_blank\" rel=\"noopener\">Cannes<\/a>, nous sommes sp\u00e9cialis\u00e9s dans la location de voitures de luxe et de sport. Prenez le volant de mod\u00e8les sportifs et de luxe, comme <a href=\"https:\/\/car4rent.fr\/fr\/rent-ferrari\/\"><strong>Ferrari<\/strong><\/a>,\n            <a href=\"https:\/\/car4rent.fr\/fr\/rent-lamborghini\/\"><strong>Lamborghini<\/strong><\/a>,\n            <a href=\"https:\/\/car4rent.fr\/fr\/rent-porsche\/\"><strong>Porsche<\/strong><\/a>,\n            <a href=\"https:\/\/car4rent.fr\/fr\/range-rover-rental\/\"><strong>Range Rover<\/strong><\/a>,\n            <a href=\"https:\/\/car4rent.fr\/fr\/bentley-hire\/\"><strong>Bentley<\/strong><\/a>,\n            <a href=\"https:\/\/car4rent.fr\/fr\/rent-rolls-royce\/\"><strong>Rolls Royce<\/strong><\/a>, and\n            <a href=\"https:\/\/car4rent.fr\/fr\/mercedes-rental\/\"><strong>Mercedes AMG<\/strong><\/a>., toutes ces marques synonymes de puissance, de performance, d&rsquo;agilit\u00e9\u00a0 et de s\u00e9curit\u00e9, en un mot Excellence.<\/p>\n<h3><strong>Louer une voiture de luxe, comment \u00e7a fonctionne?<\/strong><\/h3>\n<p>Bienvenue chez Car4rent ! Une \u00e9quipe d\u00e9di\u00e9e et attentive est \u00e0 votre disposition pour vous fournir tout renseignement ou r\u00e9pondre \u00e0 vos demandes. Votre voiture peut \u00eatre livr\u00e9e sur demande directement \u00e0 votre arriv\u00e9e \u00e0 l&rsquo;a\u00e9roport de Nice. ou \u00e0 tout autre lieu hors a\u00e9roport, sur votre lieu de vacances, \u00e0 votre h\u00f4tel ou partout en France \u00e0 la destination de votre choix.<\/p>\n<h4><span style=\"font-size: 14pt;\">Location de voiture haut de gamme &#8211; R\u00e9servation transparente<\/span><\/h4>\n<p>Choisissez votre v\u00e9hicule, pr\u00e9cisez vos choix et r\u00e9glez les d\u00e9tails de votre location avec l&rsquo;un des membres de notre \u00e9quipe. Pas d&rsquo;attente \u00e0 l&rsquo;agence de location, r\u00e9glez tout depuis votre portable ou de votre ordinateur.<\/p>\n<h4><span style=\"font-size: 14pt;\">Location de voiture luxe &#8211; Conduisez la voiture que vous avez r\u00e9serv\u00e9e<\/span><\/h4>\n<p>Quel que soit votre choix, nous vous livrerons la voiture que vous avez r\u00e9serv\u00e9e : la bonne couleur et le bon mod\u00e8le ! Vous b\u00e9n\u00e9ficierez \u00e9galement d\u2019accessoires essentiels pour votre d\u00e9placement, notamment un si\u00e8ge enfant si vous en avez besoin, mais \u00e9galement un nettoyage performant, sans frais suppl\u00e9mentaires.<\/p>\n<p><span style=\"font-size: 14pt;\">Louer une voiture haut de gamme avec Car4rent.<\/span><\/p>\n<p>Vous pr\u00e9voyez un d\u00e9placement sur la C\u00f4te d&rsquo;Azur. Cannes est un havre de Luxe. Cela pourrait \u00eatre le titre d&rsquo;un film romantique, peut-\u00eatre le v\u00f4tre. Vous appr\u00e9cierez votre s\u00e9jour au volant d&rsquo;une voiture de luxe.<\/p>\n<p>Car4rent est l&rsquo;un des principaux acteurs de la location de voitures haut de gamme et de voitures de sport. Nous sommes implant\u00e9s sur la C\u00f4te d&rsquo;Azur, \u00e0 Cannes, Monaco, Saint-Tropez et l&rsquo;A\u00e9roport de Nice.<\/p>\n<p><img loading=\"lazy\" decoding=\"async\" class=\"alignnone wp-image-37068 size-full\" src=\"https:\/\/car4rent.fr\/wp-content\/uploads\/Rent-Range-Rover-Cannes-scaled-1-1030x773-1.jpg\" alt=\"Location voiture haut de gamme, Louer un SUV, Location voiture haut de gamme, location de land rover, location de voiture nice a\u00e9roport, land rover de locataion, location de voiture de prestige \u00e0 Monaco\" width=\"927\" height=\"695\" title=\"Car4Rent Cannes\" srcset=\"https:\/\/car4rent.fr\/wp-content\/uploads\/\/Rent-Range-Rover-Cannes-scaled-1-1030x773-1.jpg 927w, https:\/\/car4rent.fr\/wp-content\/uploads\/\/Rent-Range-Rover-Cannes-scaled-1-1030x773-1-300x225.jpg 300w, https:\/\/car4rent.fr\/wp-content\/uploads\/\/Rent-Range-Rover-Cannes-scaled-1-1030x773-1-768x576.jpg 768w, https:\/\/car4rent.fr\/wp-content\/uploads\/\/Rent-Range-Rover-Cannes-scaled-1-1030x773-1-705x529.jpg 705w, https:\/\/car4rent.fr\/wp-content\/uploads\/\/Rent-Range-Rover-Cannes-scaled-1-1030x773-1-450x337.jpg 450w\" sizes=\"auto, (max-width: 927px) 100vw, 927px\" \/><\/p>\n<p><span style=\"font-size: 14pt;\">Location de v\u00e9hicules haut de gamme sur la C\u00f4te d&rsquo;Azur<\/span><\/p>\n<p>Cannes est l&rsquo;une des villes les plus exclusives de la C\u00f4te d&rsquo;Azur et louez une voiture de luxe \u00e0 Cannes. Vous pourrez ainsi profiter du faste et du glamour de la C\u00f4te d&rsquo;Azur avec un style magnifique.<\/p>\n<p><span style=\"font-size: 14pt;\">Location de v\u00e9hicules premium &#8211; Bon \u00e0 savoir<\/span><\/p>\n<p>Notre \u00e9quipe client\u00e8le vous est d\u00e9di\u00e9. Notre personnel vous assure du meilleur service pour rendre votre exp\u00e9rience de conduite inoubliable.<\/p>\n<p>Car4rent est votre meilleur choix pour la location de voiture haut de gamme sur la C\u00f4te d&rsquo;Azur. R\u00e9pondre aux int\u00e9r\u00eats et aux besoins exclusifs de nos clients en adoptant un service sur mesure est notre devoir. Nous nous concentrons sur le respect des d\u00e9tails pour offrir la meilleure exp\u00e9rience de location de voiture de luxe.<\/p>\n<p>Votre satisfaction est importante pour nous. Nous croyons en une exp\u00e9rience personnalis\u00e9e pour votre prochain s\u00e9jour. Vous pouvez contacter notre \u00e9quipe d\u00e8s maintenant pour toute information compl\u00e9mentaire, ou si vous avez besoin d&rsquo;aide ou d&rsquo;assistance.<\/p>\n<p><span style=\"font-size: 14pt;\"><strong>Louer une voiture Premium &#8211; d\u00e9part et retour<\/strong><\/span><\/p>\n<p>Une fois que nous avons d\u00e9pos\u00e9 votre voiture, il ne vous reste plus qu&rsquo;\u00e0 commencer votre voyage. Livraison et retrait gratuits \u00e0 l&rsquo;a\u00e9roport de Nice et \u00e0 l&rsquo;a\u00e9roport de Cannes &#8211; et Cannes. Des frais peuvent s\u2019appliquer, le cas \u00e9ch\u00e9ant, \u00e0 d\u2019autres localisations.<\/p>\n<p><span style=\"font-size: 14pt;\"><strong>Louer une voiture haut de gamme sur la C\u00f4te d&rsquo;Azur<\/strong><\/span><\/p>\n<p>Cannes est l&rsquo;une des villes les plus exclusives de la C\u00f4te d&rsquo;Azur et louer une voiture de luxe \u00e0 Cannes est votre meilleure option. Vous pourrez ainsi profiter du faste et du glamour de la C\u00f4te d&rsquo;Azur avec un style in\u00e9gal\u00e9.<\/p>\n<p>N&rsquo;h\u00e9sitez pas \u00e0 prendre <a href=\"https:\/\/car4rent.fr\/fr\/contact\/\">contact<\/a> avec notre \u00e9quipe pour tout obtenir tout renseigement ou demande sp\u00e9ciale.<\/p>\n<\/div>\n<\/div>\n<\/section>\n<section id=\"block1\" class=\"stripe row-content block1 fullwidth\">\n<\/section>\n<\/div><\/section>\n\n<style type=\"text\/css\" data-created_by=\"avia_inline_auto\" id=\"style-css-av-7mj6b3o-ff92c6c7b7ed382521b15ce08e8ea040\">\n.flex_column.av-7mj6b3o-ff92c6c7b7ed382521b15ce08e8ea040{\nborder-radius:0px 0px 0px 0px;\npadding:0px 0px 0px 0px;\n}\n<\/style>\n<div  class='flex_column av-7mj6b3o-ff92c6c7b7ed382521b15ce08e8ea040 av_one_third  avia-builder-el-5  el_after_av_textblock  el_before_av_one_third  first flex_column_div av-zero-column-padding  column-top-margin'     ><style type=\"text\/css\" data-created_by=\"avia_inline_auto\" id=\"style-css-av-ltaka3rg-a7f83985535e10ba4f1cb1dcc281a2fd\">\n.iconbox.av-ltaka3rg-a7f83985535e10ba4f1cb1dcc281a2fd .iconbox_icon{\nbackground-color:#6834bd;\n}\n<\/style>\n<article  class='iconbox iconbox_top av-ltaka3rg-a7f83985535e10ba4f1cb1dcc281a2fd  avia-builder-el-6  avia-builder-el-no-sibling  main_color' ><div class=\"iconbox_content\"><header class=\"entry-content-header\" aria-label=\"Ic\u00f4ne : \"><div class='iconbox_icon heading-color avia-iconfont avia-font-entypo-fontello' data-av_icon='\ue82a' data-av_iconfont='entypo-fontello'  ><\/div><\/header><div class='iconbox_content_container ' ><p><span style=\"font-size: 14pt;\">Location voiture de luxe<\/span><\/p>\n<hr \/>\n<p>Nous proposons \u00e0 la location des voitures de luxe et de sport, mais \u00e9galement une large gamme de SUV et de cabriolets. D\u00e9couvrez nos voitures de r\u00eave.<\/p>\n<p>Prix \u00e0 partir de 260\u20ac \/ jour.<\/p>\n<\/div><\/div><footer class=\"entry-footer\"><\/footer><\/article><\/div>\n<style type=\"text\/css\" data-created_by=\"avia_inline_auto\" id=\"style-css-av-73d7250-cee0086d62b012397d3f0d2d8235cc25\">\n.flex_column.av-73d7250-cee0086d62b012397d3f0d2d8235cc25{\nborder-radius:0px 0px 0px 0px;\npadding:0px 0px 0px 0px;\n}\n<\/style>\n<div  class='flex_column av-73d7250-cee0086d62b012397d3f0d2d8235cc25 av_one_third  avia-builder-el-7  el_after_av_one_third  el_before_av_one_third  flex_column_div av-zero-column-padding  column-top-margin'     ><style type=\"text\/css\" data-created_by=\"avia_inline_auto\" id=\"style-css-av-6ngsx5g-b52b92bd5702637fb69c366fd1028f1f\">\n.iconbox.av-6ngsx5g-b52b92bd5702637fb69c366fd1028f1f .iconbox_icon{\nbackground-color:#6834bd;\n}\n<\/style>\n<article  class='iconbox iconbox_top av-6ngsx5g-b52b92bd5702637fb69c366fd1028f1f  avia-builder-el-8  avia-builder-el-no-sibling  main_color' ><div class=\"iconbox_content\"><header class=\"entry-content-header\" aria-label=\"Ic\u00f4ne : \"><div class='iconbox_icon heading-color avia-iconfont avia-font-entypo-fontello' data-av_icon='\ue842' data-av_iconfont='entypo-fontello'  ><\/div><\/header><div class='iconbox_content_container ' ><p><span style=\"font-size: 14pt;\">Agences \u00e0 l\u2019a\u00e9roport de Nice, Cannes, Monaco et Saint-Tropez\u00a0<\/span><\/p>\n<hr \/>\n<p>Nous proposons \u00e0 la location des voitures de sport et de luxe, mais \u00e9galement une large gamme de SUV et de cabriolets. D\u00e9couvrez nos voitures de r\u00eave.<\/p>\n<\/div><\/div><footer class=\"entry-footer\"><\/footer><\/article><\/div>\n<style type=\"text\/css\" data-created_by=\"avia_inline_auto\" id=\"style-css-av-65weadw-3092e23b850fbd4ebc37208ee8ae8e6f\">\n.flex_column.av-65weadw-3092e23b850fbd4ebc37208ee8ae8e6f{\nborder-radius:0px 0px 0px 0px;\npadding:0px 0px 0px 0px;\n}\n<\/style>\n<div  class='flex_column av-65weadw-3092e23b850fbd4ebc37208ee8ae8e6f av_one_third  avia-builder-el-9  el_after_av_one_third  avia-builder-el-last  flex_column_div av-zero-column-padding  column-top-margin'     ><style type=\"text\/css\" data-created_by=\"avia_inline_auto\" id=\"style-css-av-5oiha44-85171e5a86de89b9ac9fcda50ab51f79\">\n.iconbox.av-5oiha44-85171e5a86de89b9ac9fcda50ab51f79 .iconbox_icon{\nbackground-color:#6834bd;\n}\n<\/style>\n<article  class='iconbox iconbox_top av-5oiha44-85171e5a86de89b9ac9fcda50ab51f79  avia-builder-el-10  avia-builder-el-no-sibling  main_color' ><div class=\"iconbox_content\"><header class=\"entry-content-header\" aria-label=\"Ic\u00f4ne : \"><div class='iconbox_icon heading-color avia-iconfont avia-font-entypo-fontello' data-av_icon='\ue80b' data-av_iconfont='entypo-fontello'  ><\/div><\/header><div class='iconbox_content_container ' ><p><span style=\"font-size: 14pt;\">Un service sur mesure<\/span><\/p>\n<hr \/>\n<p>Une \u00e9quipe d\u00e9vou\u00e9e et attentive se tient \u00e0 votre disposition pour vous fournir toute information ou r\u00e9pondre \u00e0 vos demandes. Votre voiture peut \u00eatre livr\u00e9e sur demande directement \u00e0 votre arriv\u00e9e \u00e0 l&rsquo;a\u00e9roport de Nice, sur votre lieu de vill\u00e9giature, \u00e0 votre h\u00f4tel ou n&rsquo;importe o\u00f9 en France \u00e0 la destination de votre choix.<\/p>\n<\/div><\/div><footer class=\"entry-footer\"><\/footer><\/article><\/div><\/div><\/div><\/div><!-- close content main div --><\/div><\/div><div id='contactez-nous'  class='avia-section av-55tpgj8-164fcf5d6ce8d9587b928e626c8eff8b main_color avia-section-default avia-no-border-styling  avia-builder-el-11  el_after_av_section  el_before_av_section  avia-bg-style-scroll container_wrap fullsize'  ><div class='container av-section-cont-open' ><div class='template-page content  av-content-full alpha units'><div class='post-entry post-entry-type-page post-entry-39276'><div class='entry-content-wrapper clearfix'>\n<div  class='hr av-4q1jhxw-5facfe43117b9b357bd223196ed7944f hr-default  avia-builder-el-12  el_before_av_textblock  avia-builder-el-first '><span class='hr-inner '><span class=\"hr-inner-style\"><\/span><\/span><\/div>\n<section  class='av_textblock_section av-ltfpqn6i-09d480ba6ab6b71c110f467b4cc9eaff '  ><div class='avia_textblock' ><p style=\"text-align: center;\"><span style=\"font-size: 14pt;\">Vous souhaitez louer une voiture haut de gamme? Besoin d\u2019un conseil?<\/span><\/p>\n<\/div><\/section>\n\n<style type=\"text\/css\" data-created_by=\"avia_inline_auto\" id=\"style-css-av-1i9fhw-b55f1037b2e78af60f47eca13829b6e6\">\n#top .hr.hr-invisible.av-1i9fhw-b55f1037b2e78af60f47eca13829b6e6{\nheight:25px;\n}\n<\/style>\n<div  class='hr av-1i9fhw-b55f1037b2e78af60f47eca13829b6e6 hr-invisible  avia-builder-el-14  el_after_av_textblock  el_before_av_two_third '><span class='hr-inner '><span class=\"hr-inner-style\"><\/span><\/span><\/div>\n\n<style type=\"text\/css\" data-created_by=\"avia_inline_auto\" id=\"style-css-av-3qeqxxw-4dc74d950e41a6c0d3ddad55e3e5eb1b\">\n.flex_column.av-3qeqxxw-4dc74d950e41a6c0d3ddad55e3e5eb1b{\nborder-radius:0px 0px 0px 0px;\npadding:0px 0px 0px 0px;\n}\n<\/style>\n<div  class='flex_column av-3qeqxxw-4dc74d950e41a6c0d3ddad55e3e5eb1b av_two_third  avia-builder-el-15  el_after_av_hr  el_before_av_one_third  first flex_column_div av-zero-column-padding  '     ><p><section  class='av_textblock_section av-5n5xw4-54b5595f4034cb9dd27e107e5401d54c '  ><div class='avia_textblock' ><p><span style=\"font-size: 14pt;\">Nous contacter \u00e0 l&rsquo;aide du formulaire ci-dessous<\/span><\/p>\n<\/div><\/section><br \/>\n<section  class='av_textblock_section av-2xzpt6c-46cee05b0a37b74ac8db51989e28804a '  ><div class='avia_textblock' ><div class=\"wpforms-container wpforms-container-full\" id=\"wpforms-27233\"><form id=\"wpforms-form-27233\" class=\"wpforms-validate wpforms-form\" data-formid=\"27233\" method=\"post\" enctype=\"multipart\/form-data\" action=\"\/fr\/wp-json\/wp\/v2\/pages\/39276\" data-token=\"4956c4069c64749b1df536230bf32717\" data-token-time=\"1776849405\"><noscript class=\"wpforms-error-noscript\">Veuillez activer JavaScript dans votre navigateur pour remplir ce formulaire.<\/noscript><div class=\"wpforms-field-container\"><div id=\"wpforms-27233-field_5-container\" class=\"wpforms-field wpforms-field-name\" data-field-id=\"5\"><label class=\"wpforms-field-label\">Nom <span class=\"wpforms-required-label\">*<\/span><\/label><div class=\"wpforms-field-row wpforms-field-medium\"><div class=\"wpforms-field-row-block wpforms-first wpforms-one-half\"><input type=\"text\" id=\"wpforms-27233-field_5\" class=\"wpforms-field-name-first wpforms-field-required\" name=\"wpforms[fields][5][first]\" required><label for=\"wpforms-27233-field_5\" class=\"wpforms-field-sublabel after\">First<\/label><\/div><div class=\"wpforms-field-row-block wpforms-one-half\"><input type=\"text\" id=\"wpforms-27233-field_5-last\" class=\"wpforms-field-name-last wpforms-field-required\" name=\"wpforms[fields][5][last]\" required><label for=\"wpforms-27233-field_5-last\" class=\"wpforms-field-sublabel after\">Last<\/label><\/div><\/div><\/div><div id=\"wpforms-27233-field_9-container\" class=\"wpforms-field wpforms-field-layout\" data-field-id=\"9\"><div class=\"wpforms-field-layout-rows wpforms-field-large\"><div class=\"wpforms-layout-row\"><div class=\"wpforms-layout-column wpforms-layout-column-50\"><div id=\"wpforms-27233-field_7-container\" class=\"wpforms-field wpforms-field-email\" data-field-id=\"7\"><label class=\"wpforms-field-label\" for=\"wpforms-27233-field_7\">Courriel <span class=\"wpforms-required-label\">*<\/span><\/label><input type=\"email\" id=\"wpforms-27233-field_7\" class=\"wpforms-field-medium wpforms-field-required\" name=\"wpforms[fields][7]\" spellcheck=\"false\" required><\/div><\/div><div class=\"wpforms-layout-column wpforms-layout-column-50\"><div id=\"wpforms-27233-field_8-container\" class=\"wpforms-field wpforms-field-phone\" data-field-id=\"8\"><label class=\"wpforms-field-label\" for=\"wpforms-27233-field_8\">T\u00e9l\u00e9phone <span class=\"wpforms-required-label\">*<\/span><\/label><input type=\"tel\" id=\"wpforms-27233-field_8\" class=\"wpforms-field-medium wpforms-field-required\" data-rule-int-phone-field=\"true\" name=\"wpforms[fields][8]\" aria-label=\"T\u00e9l\u00e9phone\" required><\/div><\/div><\/div><\/div><\/div><div id=\"wpforms-27233-field_4-container\" class=\"wpforms-field wpforms-field-textarea\" data-field-id=\"4\"><label class=\"wpforms-field-label\" for=\"wpforms-27233-field_4\">Message<\/label><textarea id=\"wpforms-27233-field_4\" class=\"wpforms-field-medium\" name=\"wpforms[fields][4]\" ><\/textarea><\/div><\/div><!-- .wpforms-field-container --><div class=\"wpforms-recaptcha-container wpforms-is-recaptcha wpforms-is-recaptcha-type-v3\" ><input type=\"hidden\" name=\"wpforms[recaptcha]\" value=\"\"><\/div><div class=\"wpforms-submit-container\" ><input type=\"hidden\" name=\"wpforms[id]\" value=\"27233\"><input type=\"hidden\" name=\"page_title\" value=\"\"><input type=\"hidden\" name=\"page_url\" value=\"https:\/\/car4rent.fr\/fr\/wp-json\/wp\/v2\/pages\/39276\"><input type=\"hidden\" name=\"url_referer\" value=\"\"><button type=\"submit\" name=\"wpforms[submit]\" id=\"wpforms-submit-27233\" class=\"wpforms-submit\" data-alt-text=\"Envoi\" data-submit-text=\"Soumettre\" aria-live=\"assertive\" value=\"wpforms-submit\">Soumettre<\/button><\/div><\/form><\/div>  <!-- .wpforms-container -->\n<\/div><\/section><\/p><\/div>\n<style type=\"text\/css\" data-created_by=\"avia_inline_auto\" id=\"style-css-av-2mmil3o-9aac7b2cf6efb16e146150813afaa25e\">\n.flex_column.av-2mmil3o-9aac7b2cf6efb16e146150813afaa25e{\nborder-radius:0px 0px 0px 0px;\npadding:0px 0px 0px 0px;\n}\n<\/style>\n<div  class='flex_column av-2mmil3o-9aac7b2cf6efb16e146150813afaa25e av_one_third  avia-builder-el-18  el_after_av_two_third  avia-builder-el-last  flex_column_div av-zero-column-padding  '     ><p><section  class='av_textblock_section av-av_textblock-8eba2417de9ea263f0cb5a774f45768a '  ><div class='avia_textblock' ><p><span style=\"font-size: 14pt;\">Nous contacter par t\u00e9l\u00e9phone<\/span><\/p>\n<\/div><\/section><br \/>\n<section  class='av_textblock_section av-av_textblock-8eba2417de9ea263f0cb5a774f45768a '  ><div class='avia_textblock' ><p>Agence de Cannes (09H-12H00 et 15H00-19H00)<br \/>\n10, rue Hibert &#8211; 06400 Cannes<br \/>\nT\u00e9l\u00e9phone : <a href=\"tel:0033788278586\">+33(0)7 88 27 85 86<\/a><br \/>\nMail : <a href=\"mailto:info@car4rent.fr\">info@car4rent.fr<\/a><\/p>\n<\/div><\/section><\/p><\/div>\n<\/p>\n<\/div><\/div><\/div><!-- close content main div --><\/div><\/div><div id='av_section_4'  class='avia-section av-1befb78-dfee0131700cd8232dfebbcbece0c52b main_color avia-section-default avia-no-border-styling  avia-builder-el-21  el_after_av_section  avia-builder-el-last  avia-bg-style-scroll container_wrap fullsize'  ><div class='container av-section-cont-open' ><div class='template-page content  av-content-full alpha units'><div class='post-entry post-entry-type-page post-entry-39276'><div class='entry-content-wrapper clearfix'>\n<div  class='avia-builder-widget-area clearfix  avia-builder-el-22  avia-builder-el-no-sibling '><div id=\"text-9\" class=\"widget clearfix widget_text\">\t\t\t<div class=\"textwidget\"><p style=\"text-align: center;\">    <div class=\"car4rent-share-block car4rent-fr\">\n        <a href=\"https:\/\/www.facebook.com\/sharer\/sharer.php?u=\" target=\"_blank\" rel=\"noopener\"><i class=\"fa-brands fa-facebook\"><\/i> Partager<\/a>\n        <a href=\"https:\/\/x.com\/intent\/tweet?url=&amp;text=\" target=\"_blank\" rel=\"noopener\"><i class=\"fa-brands fa-x-twitter\"><\/i> X<\/a>\n        <a href=\"https:\/\/wa.me\/?text=%20\" target=\"_blank\" rel=\"noopener\"><i class=\"fa-brands fa-whatsapp\"><\/i> WhatsApp<\/a>\n        <a href=\"https:\/\/www.instagram.com\/car4rent_cannes\/\" target=\"_blank\" rel=\"noopener\"><i class=\"fa-brands fa-instagram\"><\/i> Instagram<\/a>\n        <a href=\"https:\/\/www.linkedin.com\/company\/car4rent\/about\/\" target=\"_blank\" rel=\"noopener\"><i class=\"fa-brands fa-linkedin\"><\/i> LinkedIn<\/a>\n        <a href=\"https:\/\/www.youtube.com\/@car4rentcannes839\" target=\"_blank\" rel=\"noopener\"><i class=\"fa-brands fa-youtube\"><\/i> YouTube<\/a>\n    <\/div>\n    <\/p>\n<\/div>\n\t\t<\/div><\/div>\n\n","protected":false},"excerpt":{"rendered":"","protected":false},"author":3,"featured_media":37068,"parent":0,"menu_order":550,"comment_status":"closed","ping_status":"closed","template":"","meta":{"_acf_changed":false,"footnotes":""},"class_list":["post-39276","page","type-page","status-publish","has-post-thumbnail","hentry"],"acf":[],"_links":{"self":[{"href":"https:\/\/car4rent.fr\/fr\/wp-json\/wp\/v2\/pages\/39276","targetHints":{"allow":["GET"]}}],"collection":[{"href":"https:\/\/car4rent.fr\/fr\/wp-json\/wp\/v2\/pages"}],"about":[{"href":"https:\/\/car4rent.fr\/fr\/wp-json\/wp\/v2\/types\/page"}],"author":[{"embeddable":true,"href":"https:\/\/car4rent.fr\/fr\/wp-json\/wp\/v2\/users\/3"}],"replies":[{"embeddable":true,"href":"https:\/\/car4rent.fr\/fr\/wp-json\/wp\/v2\/comments?post=39276"}],"version-history":[{"count":0,"href":"https:\/\/car4rent.fr\/fr\/wp-json\/wp\/v2\/pages\/39276\/revisions"}],"wp:featuredmedia":[{"embeddable":true,"href":"https:\/\/car4rent.fr\/fr\/wp-json\/wp\/v2\/media\/37068"}],"wp:attachment":[{"href":"https:\/\/car4rent.fr\/fr\/wp-json\/wp\/v2\/media?parent=39276"}],"curies":[{"name":"wp","href":"https:\/\/api.w.org\/{rel}","templated":true}]}}