{"id":38948,"date":"2023-11-10T16:56:12","date_gmt":"2023-11-10T15:56:12","guid":{"rendered":"https:\/\/car4rent.fr\/car4rent-cannes-ta-solution-de-location-de-voiture-sans-souci-pour-la-cote-dazur\/"},"modified":"2024-04-13T12:57:06","modified_gmt":"2024-04-13T10:57:06","slug":"rent-a-car-cote-dazur","status":"publish","type":"page","link":"https:\/\/car4rent.fr\/fr\/rent-a-car-cote-dazur\/","title":{"rendered":"Rent a Car C\u00f4te d&rsquo;Azur"},"content":{"rendered":"<div id='av_section_1'  class='avia-section av-3lvddd-9b35b50c1c4950d7564d68f4e54a28fe main_color avia-section-default avia-no-border-styling  avia-builder-el-0  el_before_av_section  avia-builder-el-first  avia-bg-style-scroll av-minimum-height av-minimum-height-custom av-height-custom  container_wrap fullsize'   data-av_minimum_height_px='450'><div class='container av-section-cont-open' style='height:450px'><main  class='template-page content  av-content-full alpha units'><div class='post-entry post-entry-type-page post-entry-38948'><div class='entry-content-wrapper clearfix'>\n<\/div><\/div><\/main><!-- close content main element --><\/div><\/div><div id='av_section_2'  class='avia-section av-av_section-1fd9857e04421f8a1b324f4dd17348a0 main_color avia-section-small avia-no-border-styling  avia-builder-el-1  el_after_av_section  el_before_av_section  avia-bg-style-scroll container_wrap fullsize'  ><div class='container av-section-cont-open' ><div class='template-page content  av-content-full alpha units'><div class='post-entry post-entry-type-page post-entry-38948'><div class='entry-content-wrapper clearfix'>\n<div  class='avia-logo-element-container av-ltfwi0lb-fe3ff9fb3e4f55c8d13cda5540774df2 avia-logo-slider avia-content-slider avia-smallarrow-slider avia-content-slider-active noHover avia-content-slider-even  avia-builder-el-2  avia-builder-el-no-sibling  av-slideshow-ui av-control-default av-nav-arrows-visible av-nav-dots-visible av-hide-nav-arrows av-slideshow-manual av-loop-once av-loop-manual-endless avia-content-slider1' data-slideshow-options=\"{&quot;animation&quot;:&quot;slide&quot;,&quot;autoplay&quot;:false,&quot;loop_autoplay&quot;:&quot;once&quot;,&quot;interval&quot;:5,&quot;loop_manual&quot;:&quot;manual-endless&quot;,&quot;autoplay_stopper&quot;:false,&quot;noNavigation&quot;:false,&quot;bg_slider&quot;:false,&quot;keep_padding&quot;:&quot;&quot;,&quot;hoverpause&quot;:false,&quot;show_slide_delay&quot;:0}\"><div class='avia-smallarrow-slider-heading  no-logo-slider-heading '><div class='new-special-heading'>&nbsp;<\/div><\/div><div class=\"avia-content-slider-inner\"><div class=\"slide-entry-wrap\"><div data-avia-tooltip=\"Bienvenue chez Car4rent La location de voiture de luxe - Bentley\" class='slide-entry av-av_partner_logo-6dabae93aeb2a6bd0f650351df6bf61a flex_column no_margin av_one_sixth real-thumbnail post-entry slide-entry-overview slide-loop-1 slide-parity-odd  first'><a href=\"https:\/\/car4rent.fr\/fr\/louer-une-bentley\/\" data-rel='slide-1' class='slide-image' title='' ><img width=\"100\" height=\"100\" src=\"https:\/\/car4rent.fr\/wp-content\/uploads\/car4rent bentley  logo 1-100x100.png\" class=\"wp-image-33662 avia-img-lazy-loading-33662 attachment-woocommerce_gallery_thumbnail size-woocommerce_gallery_thumbnail\" alt=\"Bentley Motors luxury car logo with wings on green background.\" srcset=\"https:\/\/car4rent.fr\/wp-content\/uploads\/\/car4rent%20bentley%20%20logo%201-100x100.png 100w, https:\/\/car4rent.fr\/wp-content\/uploads\/\/car4rent%20bentley%20%20logo%201-300x300.png 300w, https:\/\/car4rent.fr\/wp-content\/uploads\/\/car4rent%20bentley%20%20logo%201-1030x1030.png 1030w, https:\/\/car4rent.fr\/wp-content\/uploads\/\/car4rent%20bentley%20%20logo%201-80x80.png 80w, https:\/\/car4rent.fr\/wp-content\/uploads\/\/car4rent%20bentley%20%20logo%201-768x768.png 768w, https:\/\/car4rent.fr\/wp-content\/uploads\/\/car4rent%20bentley%20%20logo%201-36x36.png 36w, https:\/\/car4rent.fr\/wp-content\/uploads\/\/car4rent%20bentley%20%20logo%201-180x180.png 180w, https:\/\/car4rent.fr\/wp-content\/uploads\/\/car4rent%20bentley%20%20logo%201-705x705.png 705w, https:\/\/car4rent.fr\/wp-content\/uploads\/\/car4rent%20bentley%20%20logo%201-120x120.png 120w, https:\/\/car4rent.fr\/wp-content\/uploads\/\/car4rent%20bentley%20%20logo%201-450x450.png 450w, https:\/\/car4rent.fr\/wp-content\/uploads\/\/car4rent%20bentley%20%20logo%201.png 1280w\" sizes=\"auto, (max-width: 100px) 100vw, 100px\" loading=\"lazy\" decoding=\"async\" title=\"Car4Rent Cannes\"><\/a><\/div><div data-avia-tooltip=\"Bienvenue chez Car4rent La location de voiture de luxe - Ferrari\" class='slide-entry av-av_partner_logo-d8343b229d6d089584765432d381bbdb flex_column no_margin av_one_sixth real-thumbnail post-entry slide-entry-overview slide-loop-2 slide-parity-even  '><a href=\"https:\/\/car4rent.fr\/fr\/louer-une-ferrari\/\" data-rel='slide-1' class='slide-image' title='' ><img width=\"100\" height=\"100\" src=\"https:\/\/car4rent.fr\/wp-content\/uploads\/car4rent-ferrari-100x100.jpg\" class=\"wp-image-29292 avia-img-lazy-loading-29292 attachment-woocommerce_gallery_thumbnail size-woocommerce_gallery_thumbnail\" alt=\"Car4rent ferrari 100x100\" srcset=\"https:\/\/car4rent.fr\/wp-content\/uploads\/car4rent-ferrari-100x100.jpg 100w, https:\/\/car4rent.fr\/wp-content\/uploads\/car4rent-ferrari-450x450.jpg 450w, https:\/\/car4rent.fr\/wp-content\/uploads\/car4rent-ferrari-80x80.jpg 80w, https:\/\/car4rent.fr\/wp-content\/uploads\/car4rent-ferrari-36x36.jpg 36w, https:\/\/car4rent.fr\/wp-content\/uploads\/car4rent-ferrari-180x180.jpg 180w\" sizes=\"auto, (max-width: 100px) 100vw, 100px\" loading=\"lazy\" decoding=\"async\" title=\"Car4Rent Cannes\"><\/a><\/div><div data-avia-tooltip=\"Bienvenue chez Car4rent La location de voiture de luxe - Lamborghini\" class='slide-entry av-av_partner_logo-144f003d3189065d431d285380ab5e36 flex_column no_margin av_one_sixth real-thumbnail post-entry slide-entry-overview slide-loop-3 slide-parity-odd  '><a href=\"https:\/\/car4rent.fr\/fr\/louer-une-lamborghini\/\" data-rel='slide-1' class='slide-image' title='' ><img width=\"100\" height=\"100\" src=\"https:\/\/car4rent.fr\/wp-content\/uploads\/3d___lamborghini_logo_by_llexandro-d9kncg1-100x100.png\" class=\"wp-image-29279 avia-img-lazy-loading-29279 attachment-woocommerce_gallery_thumbnail size-woocommerce_gallery_thumbnail\" alt=\"3d lamborghini logo by llexandro d9kncg1 100x100\" srcset=\"https:\/\/car4rent.fr\/wp-content\/uploads\/\/3d___lamborghini_logo_by_llexandro-d9kncg1-100x100.png 100w, https:\/\/car4rent.fr\/wp-content\/uploads\/\/3d___lamborghini_logo_by_llexandro-d9kncg1-450x450.png 450w, https:\/\/car4rent.fr\/wp-content\/uploads\/\/3d___lamborghini_logo_by_llexandro-d9kncg1-80x80.png 80w, https:\/\/car4rent.fr\/wp-content\/uploads\/\/3d___lamborghini_logo_by_llexandro-d9kncg1-300x300.png 300w, https:\/\/car4rent.fr\/wp-content\/uploads\/\/3d___lamborghini_logo_by_llexandro-d9kncg1-768x768.png 768w, https:\/\/car4rent.fr\/wp-content\/uploads\/\/3d___lamborghini_logo_by_llexandro-d9kncg1-192x192.png 192w, https:\/\/car4rent.fr\/wp-content\/uploads\/\/3d___lamborghini_logo_by_llexandro-d9kncg1-36x36.png 36w, https:\/\/car4rent.fr\/wp-content\/uploads\/\/3d___lamborghini_logo_by_llexandro-d9kncg1-180x180.png 180w, https:\/\/car4rent.fr\/wp-content\/uploads\/\/3d___lamborghini_logo_by_llexandro-d9kncg1-705x705.png 705w, https:\/\/car4rent.fr\/wp-content\/uploads\/\/3d___lamborghini_logo_by_llexandro-d9kncg1.png 894w\" sizes=\"auto, (max-width: 100px) 100vw, 100px\" loading=\"lazy\" decoding=\"async\" title=\"Car4Rent Cannes\"><\/a><\/div><div data-avia-tooltip=\"Bienvenue chez Car4rent La location de voiture de luxe - Mercedes\" class='slide-entry av-av_partner_logo-d168effb08ae4782d0510fa3ecd6b090 flex_column no_margin av_one_sixth real-thumbnail post-entry slide-entry-overview slide-loop-4 slide-parity-even  '><a href=\"https:\/\/car4rent.fr\/fr\/louer-une-mercedes\/\" data-rel='slide-1' class='slide-image' title='' ><img width=\"100\" height=\"100\" src=\"https:\/\/car4rent.fr\/wp-content\/uploads\/car4rent-mercedes-100x100.jpg\" class=\"wp-image-29287 avia-img-lazy-loading-29287 attachment-woocommerce_gallery_thumbnail size-woocommerce_gallery_thumbnail\" alt=\"Car4rent mercedes 100x100\" srcset=\"https:\/\/car4rent.fr\/wp-content\/uploads\/car4rent-mercedes-100x100.jpg 100w, https:\/\/car4rent.fr\/wp-content\/uploads\/car4rent-mercedes-80x80.jpg 80w, https:\/\/car4rent.fr\/wp-content\/uploads\/car4rent-mercedes-300x300.jpg 300w, https:\/\/car4rent.fr\/wp-content\/uploads\/car4rent-mercedes-192x192.jpg 192w, https:\/\/car4rent.fr\/wp-content\/uploads\/car4rent-mercedes-36x36.jpg 36w, https:\/\/car4rent.fr\/wp-content\/uploads\/car4rent-mercedes-180x180.jpg 180w, https:\/\/car4rent.fr\/wp-content\/uploads\/car4rent-mercedes.jpg 400w\" sizes=\"auto, (max-width: 100px) 100vw, 100px\" loading=\"lazy\" decoding=\"async\" title=\"Car4Rent Cannes\"><\/a><\/div><div data-avia-tooltip=\"Bienvenue chez Car4rent La location de voiture de luxe - Land Rover\" class='slide-entry av-av_partner_logo-9630f8135f934aca4d0c61ebfe1d8dc6 flex_column no_margin av_one_sixth real-thumbnail post-entry slide-entry-overview slide-loop-5 slide-parity-odd  '><a href=\"https:\/\/car4rent.fr\/fr\/louer-un-land-rover\/\" data-rel='slide-1' class='slide-image' title='' ><img width=\"100\" height=\"100\" src=\"https:\/\/car4rent.fr\/wp-content\/uploads\/car4rent-Range-Rover-100x100.png\" class=\"wp-image-29290 avia-img-lazy-loading-29290 attachment-woocommerce_gallery_thumbnail size-woocommerce_gallery_thumbnail\" alt=\"Car4rent range rover 100x100\" srcset=\"https:\/\/car4rent.fr\/wp-content\/uploads\/\/car4rent-Range-Rover-100x100.png 100w, https:\/\/car4rent.fr\/wp-content\/uploads\/\/car4rent-Range-Rover-450x450.png 450w, https:\/\/car4rent.fr\/wp-content\/uploads\/\/car4rent-Range-Rover-80x80.png 80w, https:\/\/car4rent.fr\/wp-content\/uploads\/\/car4rent-Range-Rover-36x36.png 36w, https:\/\/car4rent.fr\/wp-content\/uploads\/\/car4rent-Range-Rover-180x180.png 180w\" sizes=\"auto, (max-width: 100px) 100vw, 100px\" loading=\"lazy\" decoding=\"async\" title=\"Car4Rent Cannes\"><\/a><\/div><div data-avia-tooltip=\"Bienvenue chez Car4rent La location de voiture de luxe - Porsche\" class='slide-entry av-av_partner_logo-875b099aecc3438384dcc5cb344edd66 flex_column no_margin av_one_sixth real-thumbnail post-entry slide-entry-overview slide-loop-6 slide-parity-even post-entry-last '><a href=\"https:\/\/car4rent.fr\/fr\/louer-une-porsche\/\" data-rel='slide-1' class='slide-image' title='' ><img width=\"100\" height=\"100\" src=\"https:\/\/car4rent.fr\/wp-content\/uploads\/car4rent-porsche-100x100.png\" class=\"wp-image-29284 avia-img-lazy-loading-29284 attachment-woocommerce_gallery_thumbnail size-woocommerce_gallery_thumbnail\" alt=\"Car4rent porsche 100x100\" srcset=\"https:\/\/car4rent.fr\/wp-content\/uploads\/\/car4rent-porsche-100x100.png 100w, https:\/\/car4rent.fr\/wp-content\/uploads\/\/car4rent-porsche-450x450.png 450w, https:\/\/car4rent.fr\/wp-content\/uploads\/\/car4rent-porsche-80x80.png 80w, https:\/\/car4rent.fr\/wp-content\/uploads\/\/car4rent-porsche-36x36.png 36w, https:\/\/car4rent.fr\/wp-content\/uploads\/\/car4rent-porsche-180x180.png 180w\" sizes=\"auto, (max-width: 100px) 100vw, 100px\" loading=\"lazy\" decoding=\"async\" title=\"Car4Rent Cannes\"><\/a><\/div><\/div><\/div><\/div>\n<\/div><\/div><\/div><!-- close content main div --><\/div><\/div><div id='av_section_3'  class='avia-section av-1y9vpt-a7d03ac334fdd6eca19aa06975cf36e2 main_color avia-section-default avia-no-border-styling  avia-builder-el-3  el_after_av_section  avia-builder-el-last  avia-bg-style-scroll container_wrap fullsize'  ><div class='container av-section-cont-open' ><div class='template-page content  av-content-full alpha units'><div class='post-entry post-entry-type-page post-entry-38948'><div class='entry-content-wrapper clearfix'>\n<section  class='av_textblock_section av-lo4u4s4h-5386a619082afaf2063a7f61b4df912a '  ><div class='avia_textblock' ><h2>Rent a Car C\u00f4te d&rsquo;Azur avec Car4rent : votre solution de location de voiture \u00e0 Cannes et sur la C\u00f4te d&rsquo;Azur<\/h2>\n<p>Rent a Car C\u00f4te d&rsquo;Azur avec Car4rent, agence de location de voitures de sport et de luxe \u00e0 <a href=\"https:\/\/generationvoyage.fr\/visiter-cannes-faire-voir\/\" target=\"_blank\" rel=\"noopener\">Cannes<\/a>. Optez pour une location conviviale et pratique pour louer une voitures sur la C\u00f4te d&rsquo;Azur. Que vous soyez en d\u00e9placement pour les affaires ou pour le plaisir, Car4rent offre une exp\u00e9rience de location transparente et adapt\u00e9e \u00e0 vos besoins et \u00e0 votre budger.<\/p>\n<p>Chez Car4rent, nous sommes sp\u00e9cialis\u00e9s dans la location de voitures de sport et de luxe parmi les marques les plus prestigieuses comme Ferrari, Lamborghini, Porsche, Land Rover, Mercedes AMG, Bentley, Rolls-Royce <a href=\"https:\/\/car4rent.fr\/fr\/louer-une-ferrari\/\"><strong>Ferrari<\/strong><\/a>,\n            <a href=\"https:\/\/car4rent.fr\/fr\/louer-une-lamborghini\/\"><strong>Lamborghini<\/strong><\/a>,\n            <a href=\"https:\/\/car4rent.fr\/fr\/louer-une-porsche\/\"><strong>Porsche<\/strong><\/a>,\n            <a href=\"https:\/\/car4rent.fr\/fr\/louer-un-land-rover\/\"><strong>Land Rover<\/strong><\/a>,\n            <a href=\"https:\/\/car4rent.fr\/fr\/louer-une-mercedes\/\"><strong>Mercedes AMG<\/strong><\/a>,\n            <a href=\"https:\/\/car4rent.fr\/fr\/louer-une-bentley\/\"><strong>Bentley<\/strong><\/a>,\n            <a href=\"https:\/\/car4rent.fr\/fr\/louer-une-rolls-royce\/\"><strong>Rolls-Royce<\/strong><\/a>, et\n            <a href=\"https:\/\/car4rent.fr\/fr\/louer-une-audi\/\"><strong>Audi<\/strong><\/a>., toutes ces marques synonymes d&rsquo;agililt\u00e9, de performances et de s\u00e9curit\u00e9, en un mot d&rsquo;Excellence.<\/p>\n<h3><span style=\"font-size: 14pt;\">Comment fonctionne Car4rent<\/span><\/h3>\n<p>Car4rent propose un large choix de v\u00e9hicules, y compris des voitures de luxe et de sport, ce qui vous permet de trouver facilement la voiture id\u00e9ale. En quelques clics, vous pourrez trouver et r\u00e9server la voiture de location id\u00e9ale pour votre voyage.<\/p>\n<p>Par exemple, si vous pr\u00e9voyez un s\u00e9jour \u00e0 Cannes et que vous avez besoin d&rsquo;un v\u00e9hicule pour explorer la C\u00f4te d&rsquo;Azur, il vous suffit de vous rendre sur le site Internet. Saisissez le lieu souhait\u00e9, s\u00e9lectionnez vos dates et sp\u00e9cifiez vos exigences particuli\u00e8res telles que le type de voiture ou ses caract\u00e9ristiques. La plateforme affichera alors une liste de voitures de location disponibles qui correspondent \u00e0 vos crit\u00e8res. Une fois que vous aurez trouv\u00e9 la voiture parfaite, vous pourrez proc\u00e9der au processus de r\u00e9servation et s\u00e9curiser votre r\u00e9servation.<\/p>\n<h4><span style=\"font-size: 14pt;\">Services et avantages de Car4rent<\/span><\/h4>\n<p>Car4rent s&rsquo;efforce de fournir un excellent service \u00e0 la client\u00e8le et une assistance tout au long de l&rsquo;exp\u00e9rience de location. La plateforme offre une gamme de services et d&rsquo;avantages suppl\u00e9mentaires pour am\u00e9liorer ton voyage de location de voiture. Par exemple, Car4rent propose une assistance client\u00e8le 24 heures sur 24 et 7 jours sur 7, ce qui garantit que vous pourrez obtenir de l&rsquo;aide \u00e0 chaque fois que vous en aurez besoin. Que vous ayez une question sur votre r\u00e9servation ou que vous ayez besoin d&rsquo;aide pendant votre location, l&rsquo;\u00e9quipe de Car4rent est pr\u00eate \u00e0 vous aider.<\/p>\n<p>Vous\u00a0 pourrez choisir le mode de paiement qui vous convient le mieux, que ce soit par carte de cr\u00e9dit, carte de d\u00e9bit ou autres formes de paiement accept\u00e9es comme les virements. De plus, Car4rent comprend que vos plans puissent changer, c&rsquo;est pourquoi il est toujours possible de modifier ou d&rsquo;annuler une r\u00e9servation, offrant ainsi flexibilit\u00e9 et tranquillit\u00e9 d&rsquo;esprit.<\/p>\n<p>Car4rent garantit \u00e9galement une exp\u00e9rience de location sans tracas en fournissant des v\u00e9hicules bien entretenus et propres. Avant chaque location, les voitures subissent des contr\u00f4les d&rsquo;entretien approfondis pour s&rsquo;assurer qu&rsquo;elles sont dans un \u00e9tat optimal. En outre, Car4rent prend la propret\u00e9 au s\u00e9rieux et attend des clients qu&rsquo;ils rendent la voiture de location dans le m\u00eame \u00e9tat qu&rsquo;ils l&rsquo;ont re\u00e7ue. Cela permet de s&rsquo;assurer que chaque client b\u00e9n\u00e9ficie d&rsquo;une exp\u00e9rience de conduite s\u00fbre et agr\u00e9able.<\/p>\n<h3><span style=\"font-size: 14pt;\">L&rsquo;autopartage de voitures de luxe: Une alternative \u00e9conomique<\/span><\/h3>\n<p>Car4rent vous propose une solution d&rsquo;autopartage des ses voitures de luxe et de sport, qui vous offre une vari\u00e9t\u00e9 de v\u00e9hicules, y compris des supercars et cabriolets. Ces services s&rsquo;occupent de l&rsquo;entretien, de l&rsquo;assurance et du carburant des v\u00e9hicules, ce qui offre une certaine commodit\u00e9 aux utilisateurs sans avoir \u00e0 assumer le c\u00f4ut d&rsquo;achat, d&rsquo;utilisation et surtout le c\u00f4\u00fbt de la carte grise.<\/p>\n<h3><span style=\"font-size: 14pt;\">Mesures de s\u00e9curit\u00e9 et d&rsquo;entretien<\/span><\/h3>\n<p>Car4rent donne la priorit\u00e9 \u00e0 la s\u00e9curit\u00e9 de ses clients en mettant en place des mesures de s\u00e9curit\u00e9 et d&rsquo;entretien rigoureuses pour leurs voitures de location. La plateforme s&rsquo;assure que les voitures de location sont correctement entretenues et respectent les normes de s\u00e9curit\u00e9. Des inspections et des entretiens r\u00e9guliers sont effectu\u00e9s pour garantir la fiabilit\u00e9 et les performances des v\u00e9hicules. Les clients sont responsables de rendre la voiture de location dans le m\u00eame \u00e9tat que celui dans lequel ils l&rsquo;ont re\u00e7ue, en veillant \u00e0 sa propret\u00e9 et \u00e0 son utilisation correcte.<\/p>\n<p>Car4rent offre une couverture d&rsquo;assurance compl\u00e8te pour les voitures de location afin de garantir la s\u00e9curit\u00e9 et la tranquillit\u00e9 d&rsquo;esprit de ses clients. Dans le cas improbable d&rsquo;un accident ou de dommages caus\u00e9s \u00e0 la voiture de location, la couverture d&rsquo;assurance propos\u00e9e par Car4rent offre une protection financi\u00e8re. Cela renforce encore la s\u00fbret\u00e9 et la s\u00e9curit\u00e9 de ton exp\u00e9rience de location de voiture.<\/p>\n<p>Chez Car4rent, nous comprenons que chaque client a des besoins et des pr\u00e9f\u00e9rences uniques. C&rsquo;est pourquoi nous proposons des services et des options suppl\u00e9mentaires pour am\u00e9liorer encore votre exp\u00e9rience de la location de voiture. Par exemple, nous fournissons des syst\u00e8mes de navigation GPS pour vous aider \u00e0 parcourir la r\u00e9gion en toute simplicit\u00e9. Nous proposons \u00e9galement des si\u00e8ges de s\u00e9curit\u00e9 pour enfants, afin de garantir leur confort et leur s\u00e9curit\u00e9 pendant le voyage.<\/p>\n<p>De plus, Car4rent propose une gamme d&rsquo;accessoires et de compl\u00e9ments pour personnaliser votre voiture de location en fonction de vos besoins, comme les \u00e9quipements pour la neige. Faites-nous en partlors de la r\u00e9servation, et nous veillerons \u00e0 ce que votre v\u00e9hicule de location soit \u00e9quip\u00e9 des accessoires n\u00e9cessaires.<\/p>\n<h6>Location de voitures \u00e0 la\u00e9roport de Nicec\u00f4te dazur<\/h6>\n<p>Votre voiture peut vous \u00eatre livr\u00e9e des votre arriv\u00e9e \u00e0 l&rsquo;a\u00e9roport de Nice C\u00f4te d&rsquo;Azur sans suppl\u00e9ment de prix. Sur de mande, elle peut \u00e9galement vous \u00eatre d\u00e9pos\u00e9e directement sur votre lieu de vill\u00e9giature, \u00e0 votre h\u00f4tel, ou votre bureau n&rsquo;importe o\u00f9 en France.<\/p>\n<p>Car4rent est la solution id\u00e9ale pour les particuliers qui cherchent \u00e0 louer une voiture \u00e0 Cannes et sur la C\u00f4te d&rsquo;Azur. Avec sa large gamme de v\u00e9hicules, son excellent service client et sa plateforme conviviale, Car4rent offre une exp\u00e9rience de location de voiture transparente et agr\u00e9able. Que vous pr\u00e9voyez un voyage d&rsquo;affaires, des vacances en famille ou une escapade en fin de semaine avec votre moiti\u00e9, Car4rent est l\u00e0 pour rendre votre voyage agr\u00e9able, fiable et sans stress. Choisissez Car4rent pour votre prochaine location et faites l&rsquo;exp\u00e9rience de la facilit\u00e9 et de la qualit\u00e9 du service qu&rsquo;elle offre. Location voiture prestige \u00e0 a\u00e9roport de Nicec\u00f4te dazur, n&rsquo;h\u00e9sitez pas \u00e0 prendre <a href=\"https:\/\/car4rent.fr\/fr\/contact\/\" target=\"_blank\" rel=\"noopener\">contact<\/a> avec l&rsquo;un des membres de notre \u00e9quipe.<\/p>\n<\/div><\/section>\n<\/p>\n","protected":false},"excerpt":{"rendered":"","protected":false},"author":13,"featured_media":36259,"parent":0,"menu_order":745,"comment_status":"closed","ping_status":"closed","template":"","meta":{"_acf_changed":false,"footnotes":""},"class_list":["post-38948","page","type-page","status-publish","has-post-thumbnail","hentry"],"acf":[],"_links":{"self":[{"href":"https:\/\/car4rent.fr\/fr\/wp-json\/wp\/v2\/pages\/38948","targetHints":{"allow":["GET"]}}],"collection":[{"href":"https:\/\/car4rent.fr\/fr\/wp-json\/wp\/v2\/pages"}],"about":[{"href":"https:\/\/car4rent.fr\/fr\/wp-json\/wp\/v2\/types\/page"}],"author":[{"embeddable":true,"href":"https:\/\/car4rent.fr\/fr\/wp-json\/wp\/v2\/users\/13"}],"replies":[{"embeddable":true,"href":"https:\/\/car4rent.fr\/fr\/wp-json\/wp\/v2\/comments?post=38948"}],"version-history":[{"count":0,"href":"https:\/\/car4rent.fr\/fr\/wp-json\/wp\/v2\/pages\/38948\/revisions"}],"wp:featuredmedia":[{"embeddable":true,"href":"https:\/\/car4rent.fr\/fr\/wp-json\/wp\/v2\/media\/36259"}],"wp:attachment":[{"href":"https:\/\/car4rent.fr\/fr\/wp-json\/wp\/v2\/media?parent=38948"}],"curies":[{"name":"wp","href":"https:\/\/api.w.org\/{rel}","templated":true}]}}