{"id":36382,"date":"2023-11-10T16:56:12","date_gmt":"2023-11-10T15:56:12","guid":{"rendered":"https:\/\/car4rent.fr\/?page_id=36382"},"modified":"2024-02-19T21:16:49","modified_gmt":"2024-02-19T20:16:49","slug":"location-de-voiture-de-luxe-sports-dhiver","status":"publish","type":"page","link":"https:\/\/car4rent.fr\/fr\/location-de-voiture-de-luxe-sports-dhiver\/","title":{"rendered":"Location de voiture de luxe sports d&rsquo;hiver"},"content":{"rendered":"\n<style type=\"text\/css\" data-created_by=\"avia_inline_auto\" id=\"style-css-av-doh0ir8-1be1c485f77f9f463dd0f1ed3b263d25\">\n.avia-section.av-doh0ir8-1be1c485f77f9f463dd0f1ed3b263d25 .av-parallax .av-parallax-inner{\nbackground-repeat:no-repeat;\nbackground-image:url(https:\/\/car4rent.fr\/wp-content\/uploads\/Louer-Mercedes-Classe-G-Sations-de-ski.jpg);\nbackground-position:50% 50%;\nbackground-attachment:scroll;\n}\n<\/style>\n<div id='av_section_1'  class='avia-section av-doh0ir8-1be1c485f77f9f463dd0f1ed3b263d25 main_color avia-section-huge avia-no-border-styling  avia-builder-el-0  el_before_av_section  avia-builder-el-first  avia-full-stretch av-parallax-section avia-bg-style-parallax av-minimum-height av-minimum-height-custom av-height-custom  container_wrap fullsize'  data-section-bg-repeat='stretch' data-av_minimum_height_px='450'><div class='av-parallax' data-avia-parallax-ratio='0.3' ><div class='av-parallax-inner main_color avia-full-stretch'><\/div><\/div><div class=\"av-section-color-overlay-wrap\"><a href='#next-section' title='' class='scroll-down-link  avia-svg-icon avia-font-svg_entypo-fontello' data-av_svg_icon='down-open-mini' data-av_iconset='svg_entypo-fontello'><svg version=\"1.1\" xmlns=\"http:\/\/www.w3.org\/2000\/svg\" width=\"15\" height=\"32\" viewBox=\"0 0 15 32\" preserveAspectRatio=\"xMidYMid meet\" aria-labelledby='av-svg-title-1' aria-describedby='av-svg-desc-1' role=\"graphics-symbol\" aria-hidden=\"true\">\n<title id='av-svg-title-1'>Scroller vers la prochaine section<\/title>\n<desc id='av-svg-desc-1'>Scroller vers la prochaine section<\/desc>\n<path d=\"M12.96 12.16q0.704-0.832 1.536 0 0.832 0.704 0 1.536l-6.272 6.144q-0.704 0.704-1.536 0l-6.272-6.144q-0.832-0.832 0-1.536 0.768-0.768 1.6 0l5.44 4.992z\"><\/path>\n<\/svg><\/a><div class='container av-section-cont-open' style='height:450px'><main  class='template-page content  av-content-full alpha units'><div class='post-entry post-entry-type-page post-entry-36382'><div class='entry-content-wrapper clearfix'>\n\n<style type=\"text\/css\" data-created_by=\"avia_inline_auto\" id=\"style-css-av-d18gcno-1b8f13326cd231dbbc5e97a5f3617d5d\">\n.flex_column.av-d18gcno-1b8f13326cd231dbbc5e97a5f3617d5d{\nborder-radius:0px 0px 0px 0px;\npadding:20px 20px 20px 20px;\nbackground-color:rgba(0,0,0,0.47);\n}\n<\/style>\n<div  class='flex_column av-d18gcno-1b8f13326cd231dbbc5e97a5f3617d5d av_two_third  avia-builder-el-1  avia-builder-el-no-sibling  first flex_column_div  '     ><section  class='av_textblock_section av-lox27jo7-313be442eb288862e2f86d35eabdad81 '  ><div class='avia_textblock' ><p><span style=\"font-size: 14pt;\">Louer un v\u00e9hicule de Prestige dans les Stations de Sport d&rsquo;Hiver<\/span><\/p>\n<\/div><\/section><\/div>\n\n<\/div><\/div><\/main><!-- close content main element --><\/div><\/div><\/div><div id='av_section_2'  class='avia-section av-83cyswk-a7484ebb746aee30b047ac5d2c06ee47 main_color avia-section-default avia-no-shadow  avia-builder-el-3  el_after_av_section  el_before_av_section  avia-bg-style-scroll container_wrap fullsize'  ><div class='container av-section-cont-open' ><div class='template-page content  av-content-full alpha units'><div class='post-entry post-entry-type-page post-entry-36382'><div class='entry-content-wrapper clearfix'>\n\n<style type=\"text\/css\" data-created_by=\"avia_inline_auto\" id=\"style-css-av-lolro5z4-d5e1ae4163b21c88bde051c68e1d1857\">\n#top .av-special-heading.av-lolro5z4-d5e1ae4163b21c88bde051c68e1d1857{\npadding-bottom:10px;\nfont-size:35px;\n}\nbody .av-special-heading.av-lolro5z4-d5e1ae4163b21c88bde051c68e1d1857 .av-special-heading-tag .heading-char{\nfont-size:25px;\n}\n#top #wrap_all .av-special-heading.av-lolro5z4-d5e1ae4163b21c88bde051c68e1d1857 .av-special-heading-tag{\nfont-size:35px;\n}\n.av-special-heading.av-lolro5z4-d5e1ae4163b21c88bde051c68e1d1857 .av-subheading{\nfont-size:15px;\n}\n\n@media only screen and (min-width: 480px) and (max-width: 767px){ \n#top #wrap_all .av-special-heading.av-lolro5z4-d5e1ae4163b21c88bde051c68e1d1857 .av-special-heading-tag{\nfont-size:0.8em;\n}\n}\n\n@media only screen and (max-width: 479px){ \n#top #wrap_all .av-special-heading.av-lolro5z4-d5e1ae4163b21c88bde051c68e1d1857 .av-special-heading-tag{\nfont-size:0.8em;\n}\n}\n<\/style>\n<div  class='av-special-heading av-lolro5z4-d5e1ae4163b21c88bde051c68e1d1857 av-special-heading-h1 blockquote modern-quote modern-centered  avia-builder-el-4  el_before_av_hr  avia-builder-el-first  av-inherit-size'><h1 class='av-special-heading-tag '  >Location de voiture de luxe sports d\u2019hiver &#8211; Une Experience d\u00e9di\u00e9e au Luxe<\/h1><div class=\"special-heading-border\"><div class=\"special-heading-inner-border\"><\/div><\/div><\/div>\n<div  class='hr av-7ivrvo4-5e3c1e5e4338b5c6f03fe43642cff51e hr-default  avia-builder-el-5  el_after_av_heading  el_before_av_textblock '><span class='hr-inner '><span class=\"hr-inner-style\"><\/span><\/span><\/div>\n<section  class='av_textblock_section av-lolssxv5-67981053923b632c5f6a28df92317988 '  ><div class='avia_textblock' ><section id=\"block0\" class=\"stripe row-content block0 fullwidth\">\n<div class=\"column small-five small-push-one reset last\">\n<div class=\"boxcontent\">\n<h2>Location de voiture de luxe sports d&rsquo;hiver<\/h2>\n<p>Louer une voiture de luxe pour les Sports d&rsquo;hiver vous permettra de partir \u00e0 la d\u00e9couverte des endroits les plus exclusifs au monde en Savoie ou en Haute Savoie.<\/p>\n<p>Depuis longtemps, la France a la r\u00e9putation d&rsquo;abriter les meilleures stations de ski au monde\u00a0 et celle-ci est certainement bien m\u00e9rit\u00e9e.<\/p>\n<p>La r\u00e9gion des Alpes fran\u00e7aises offre certaines des stations de ski les plus reconnues et les plus exclusives que l&rsquo;on puisse trouver.<\/p>\n<p>Offrant des chutes de neige annuelles r\u00e9guli\u00e8res et une capacit\u00e9 d&rsquo;offrir du ski ou du snowboard aux personnes de tous niveaux.<\/p>\n<p>La r\u00e9gion offre des h\u00e9bergements allant de lodges basiques aux chalets et h\u00f4tels de luxe ultra-chics, des restaurants familiaux aux \u00e9toil\u00e9s Michelin et un \u00ab apr\u00e8s-ski \u00bb florissant avec des bars et \u00e9tablissements de nuit. Il n&rsquo;est donc pas \u00e9tonnant que les gens affluent ann\u00e9e apr\u00e8s ann\u00e9e dans les stations de ski haut de gamme fran\u00e7aises.<\/p>\n<h3>Louer une voiture de luxe Sports d&rsquo;hiver<\/h3>\n<p>Avec le d\u00e9but de la saison hivernale, d\u00e9couvrez les stations de ski les plus c\u00e9l\u00e8bres de France.<\/p>\n<p>Des lieux magiques comme Courchevel, <a href=\"https:\/\/www.meribel.net\/\" target=\"_blank\" rel=\"noopener\">Meg\u00e8ve<\/a>, <a href=\"https:\/\/www.mountainpassions.com\/winter\/ski-resort-reviews\/alps\/ski-avoriaz\/\" target=\"_blank\" rel=\"noopener\">Avoriaz<\/a> ou <a href=\"https:\/\/www.mountainpassions.com\/winter\/ski-resort-reviews\/alps\/ski-morzine\/\" target=\"_blank\" rel=\"noopener\">Morzine<\/a> et bien d&rsquo;autres, des lieux prestigieux o\u00f9 passer d&rsquo;\u00e9tonnants s\u00e9jours hivernaux.<\/p>\n<p>Quelle meilleure fa\u00e7on de rendre vos vacances \u00e0 la neige inoubliables que de louer une voiture de luxe avec Car4rent.<\/p>\n<p>Notre collection de SUV premium, 4\u00d74 et voitures de sport et de luxe, c&rsquo;est l&rsquo;occasion de vivre une \u00e9motion de conduite, et de transformer votre s\u00e9jour aux sports d&rsquo;hiver en un moment privil\u00e9gi\u00e9 dont vous vous souviendrez longtemps.<\/p>\n<p><span style=\"font-size: 14pt;\">Location de voiture de luxe sports d&rsquo;hiver avec un service sur mesure<\/span><\/p>\n<p>Nous pouvons livrer votre voiture \u00e0 votre arriv\u00e9e dans les principaux a\u00e9roports, \u00e0 Chamb\u00e9ry, Grenoble, Lyon, Gen\u00e8ve ou Nice. R\u00e9servez une voiture avec Car4rent pour plus de flexibilit\u00e9 et optez pour une location de voiture sans souci. Tout ce dont vous pourriez avoir besoin pour rejoindre votre station de ski en toute tranquillit\u00e9 !<\/p>\n<p><span style=\"font-size: 14pt;\">Louer une voiture de luxe Sports d&rsquo;hiver et partir \u00e0 la d\u00e9couverte des 3 Vall\u00e9es et Les Portes du Soleil<\/span><\/p>\n<p>L&rsquo;une des destinations de ski les plus \u00e9tonnantes de France est <a href=\"https:\/\/www.skieur.com\/station-ski-domaine-les-3-vallees\" target=\"_blank\" rel=\"noopener\">Les Trois Vall\u00e9es<\/a>, un immense domaine offrant probablement le plus grand domaine skiable au monde : plus de 600 kilom\u00e8tres de pistes de ski et un vaste r\u00e9seau de remont\u00e9es m\u00e9caniques.<\/p>\n<p>Location de voiture de luxe Courchevel dans la station de ski la plus glamour et haut de gamme des Trois Vall\u00e9es, qui abrite de nombreux h\u00f4tels cinq \u00e9toiles, des restaurants \u00e9toil\u00e9s Michelin, des bars \u00e0 la mode, des boutiques de cr\u00e9ateurs. Cette station de ski de luxe et ch\u00e8re est un aimant. pour les c\u00e9l\u00e9brit\u00e9s, les oligarques et les membres des familles royales du monde entier.<\/p>\n<p>Location de voiture de luxe Val Thorens, la station &#8211; situ\u00e9e \u00e0 la plus haute altitude des Trois Vall\u00e9es (2 300 m) &#8211; est un joli village alpin dont les sommets skiables s&rsquo;\u00e9l\u00e8vent \u00e0 900 m\u00e8tres suppl\u00e9mentaires.<\/p>\n<p>Location de voiture de luxe M\u00e9ribel, la station familiale se trouve au c\u0153ur m\u00eame des Trois Vall\u00e9es et constitue le point le plus central. Avec un large choix de pistes vertes, bleues et rouges, M\u00e9ribel est un endroit id\u00e9al pour toute la famille et les d\u00e9butants. Pour ceux qui souhaitent explorer davantage, b\u00e9n\u00e9ficiez de connexions fantastiques vers Val Thorens et Courchevel, tandis que ceux qui souhaitent se d\u00e9tendre apr\u00e8s une randonn\u00e9e \u00e0 ski peuvent profiter des restaurants et des pubs situ\u00e9s dans les charmants b\u00e2timents alpins en bois de cette station pittoresque.<\/p>\n<p>Le village b\u00e9n\u00e9ficie de bonnes conditions avec un enneigement r\u00e9gulier\u00a0 et une neige de qualit\u00e9, son altitude garantissant une bonne couverture tout au long de la saison. Pour ceux qui aiment \u00ab\u00a0l&rsquo;apr\u00e8s-ski\u00a0\u00bb, ce village anim\u00e9 offre \u00e9galement une vie nocturne anim\u00e9e, y compris la plus grande discoth\u00e8que des Alpes. et la fameuse \u00ab\u00a0La Folie Douce\u00a0\u00bb.<\/p>\n<p><span style=\"font-size: 14pt;\">Location de voiture de luxe sports d&rsquo;hiver pour partir \u00e0 la d\u00e9couverte des stations de ski des Portes du Soleil<\/span><\/p>\n<p><span style=\"font-size: 12pt;\">Situ\u00e9 \u00e0 environ 90 minutes de l&rsquo;a\u00e9roport de Gen\u00e8ve se trouve l&rsquo;immense domaine des <a href=\"https:\/\/www.skieur.com\/station-ski-domaine-les-portes-du-soleil\" target=\"_blank\" rel=\"noopener\">Portes du Soleil<\/a>, qui s&rsquo;\u00e9tend de la France \u00e0 la Suisse. Le domaine des Portes du Soleil s&rsquo;\u00e9tend entre le lac L\u00e9man au nord et le Mont Blanc au sud. Il se compose de douze stations de ski diff\u00e9rentes qui comptent 285 pistes de ski.<\/span><\/p>\n<ul>\n<li><span style=\"font-size: 12pt;\">Location de voiture de luxe Avoriaz, la fantastique station de ski et son <\/span>charme particulier que vous n&rsquo;oublierez jamais. Id\u00e9ales pour les skieurs de tous niveaux, les pistes traversent la ville et ses h\u00e9bergements. Avoriaz est une station de ski pi\u00e9tonne offrant une vue imprenable. Le seul moyen de transport autoris\u00e9 est la marche \u00e0 pied, le cheval ou le tra\u00eeneau tir\u00e9 par des chevaux.<\/li>\n<li><span style=\"font-size: 12pt;\">Location de voiture de luxe <\/span>Morzine, cette belle station de ski traditionnelle se trouve \u00e0 un peu plus d&rsquo;une heure de l&rsquo;a\u00e9roport de Gen\u00e8ve. Le village regorge d&rsquo;un charme savoyard plus surann\u00e9, contrairement \u00e0 certains de ses voisins plus glamour. Son large choix de pistes de diff\u00e9rents niveaux le rend id\u00e9al pour les groupes de niveaux diff\u00e9rents ou pour les familles. Depuis Morzine, empruntez la t\u00e9l\u00e9cabine Super Morzine &#8211;\u00a0 ou oeufs comme on l&rsquo;appelle plus localement &#8211; pour vous transporter jusqu&rsquo;\u00e0 la station d&rsquo;altitude d&rsquo;Avoriaz.<\/li>\n<li>Perch\u00e9e sur un plateau au-dessus de la station voisine de Morzine, Avoriaz est une station de ski pi\u00e9tonne offrant une vue imprenable et des routes enneig\u00e9es, le seul moyen de transport autoris\u00e9 \u00e9tant \u00e0 pied, \u00e0 cheval ou en tra\u00eeneau tir\u00e9 par des chevaux.<\/li>\n<\/ul>\n<p>Chez Car4rent, nous sommes sp\u00e9cialis\u00e9s dans la location de voitures de luxe et de sport. Prenez le volant de mod\u00e8les sportifs et de luxe, comme Ferrari, Lamborghini, Porsche, Land Rover, Mercedes AMG, Bentley, Rolls-Royce, et autres Audi et BMW, toutes marques synonymes de puissance, de performance et d&rsquo;agilit\u00e9 dans les virages, en un mot Excellence.<\/p>\n<p><span style=\"font-size: 14pt;\">Location de voiture mariage<\/span><\/p>\n<p>La saison de ski approche \u00e0 grands pas, assurez-vous de ne rien manquer et r\u00e9servez t\u00f4t. Sur demande sp\u00e9ciale, nous pouvons \u00e9galement vous proposer une voiture avec chauffeur ou une voiture de mariage<\/p>\n<p><a href=\"https:\/\/car4rent.fr\/fr\/contact\/\" target=\"_blank\" rel=\"noopener\">Contactez-nous<\/a> d\u00e8s aujourd&rsquo;hui et d\u00e9couvrez notre fantastique s\u00e9lection de SUV et de voitures de luxe pour vous y rendre.<\/p>\n<\/div>\n<\/div>\n<\/section>\n<section id=\"block0\" class=\"stripe row-content block0 fullwidth\">\n<div class=\"column small-five small-push-one reset last\">\n<\/div>\n<\/section>\n<section id=\"block1\" class=\"stripe row-content block1 fullwidth\">\n<\/section>\n<\/div><\/section>\n\n<style type=\"text\/css\" data-created_by=\"avia_inline_auto\" id=\"style-css-av-702h5w4-26e626682eda143c69e554904a94bd32\">\n.flex_column.av-702h5w4-26e626682eda143c69e554904a94bd32{\nborder-radius:0px 0px 0px 0px;\npadding:0px 0px 0px 0px;\n}\n<\/style>\n<div  class='flex_column av-702h5w4-26e626682eda143c69e554904a94bd32 av_one_third  avia-builder-el-7  el_after_av_textblock  el_before_av_one_third  first flex_column_div av-zero-column-padding  column-top-margin'     ><style type=\"text\/css\" data-created_by=\"avia_inline_auto\" id=\"style-css-av-6o3q1pw-dbf3cb7fcafcb806e128e2c0a7acc09d\">\n.iconbox.av-6o3q1pw-dbf3cb7fcafcb806e128e2c0a7acc09d .iconbox_icon{\nbackground-color:#6834bd;\n}\n<\/style>\n<article  class='iconbox iconbox_top av-6o3q1pw-dbf3cb7fcafcb806e128e2c0a7acc09d  avia-builder-el-8  avia-builder-el-no-sibling  main_color' ><div class=\"iconbox_content\"><header class=\"entry-content-header\" aria-label=\"Ic\u00f4ne : \"><div class='iconbox_icon heading-color avia-iconfont avia-font-entypo-fontello' data-av_icon='\ue817' data-av_iconfont='entypo-fontello'  ><\/div><\/header><div class='iconbox_content_container ' ><h2><\/h2>\n<p><span style=\"font-size: 14pt;\">Louer un v\u00e9hicule de prestige stations de sports d&rsquo;hiver<\/span><\/p>\n<hr \/>\n<p>Nous proposons \u00e0 la location des voitures de luxe et de sport, mais \u00e9galement une large gamme de SUV et de cabriolets. D\u00e9couvrez nos voitures de r\u00eave.<\/p>\n<p>Prix \u00e0 partir de 260\u20ac \/ jour.<\/p>\n<\/div><\/div><footer class=\"entry-footer\"><\/footer><\/article><\/div>\n<style type=\"text\/css\" data-created_by=\"avia_inline_auto\" id=\"style-css-av-69dd41g-f813d822381034e8c60d847029c72408\">\n.flex_column.av-69dd41g-f813d822381034e8c60d847029c72408{\nborder-radius:0px 0px 0px 0px;\npadding:0px 0px 0px 0px;\n}\n<\/style>\n<div  class='flex_column av-69dd41g-f813d822381034e8c60d847029c72408 av_one_third  avia-builder-el-9  el_after_av_one_third  el_before_av_one_third  flex_column_div av-zero-column-padding  column-top-margin'     ><style type=\"text\/css\" data-created_by=\"avia_inline_auto\" id=\"style-css-av-5p2u8s4-7fb698eb679282b98bf8589e0e4daadf\">\n.iconbox.av-5p2u8s4-7fb698eb679282b98bf8589e0e4daadf .iconbox_icon{\nbackground-color:#6834bd;\n}\n<\/style>\n<article  class='iconbox iconbox_top av-5p2u8s4-7fb698eb679282b98bf8589e0e4daadf  avia-builder-el-10  avia-builder-el-no-sibling  main_color' ><div class=\"iconbox_content\"><header class=\"entry-content-header\" aria-label=\"Ic\u00f4ne : \"><div class='iconbox_icon heading-color avia-iconfont avia-font-entypo-fontello' data-av_icon='\ue842' data-av_iconfont='entypo-fontello'  ><\/div><\/header><div class='iconbox_content_container ' ><p><span style=\"font-size: 14pt;\">Courchevel, Meg\u00e8ve, Avoriaz or Val d\u2019Is\u00e8re<\/span><\/p>\n<hr \/>\n<p>Pour votre facilit\u00e9 et votre confort, une \u00e9quipe de proximit\u00e9 \u00e0 votre \u00e9coute et \u00e0 votre service<\/p>\n<\/div><\/div><footer class=\"entry-footer\"><\/footer><\/article><\/div>\n<style type=\"text\/css\" data-created_by=\"avia_inline_auto\" id=\"style-css-av-5hn7wd0-55ca1af95ed8a9a6ddc3148549232945\">\n.flex_column.av-5hn7wd0-55ca1af95ed8a9a6ddc3148549232945{\nborder-radius:0px 0px 0px 0px;\npadding:0px 0px 0px 0px;\n}\n<\/style>\n<div  class='flex_column av-5hn7wd0-55ca1af95ed8a9a6ddc3148549232945 av_one_third  avia-builder-el-11  el_after_av_one_third  avia-builder-el-last  flex_column_div av-zero-column-padding  column-top-margin'     ><style type=\"text\/css\" data-created_by=\"avia_inline_auto\" id=\"style-css-av-i6a0qc-e062fcc88ffcd2f6d2bbebeb4e91ea38\">\n.iconbox.av-i6a0qc-e062fcc88ffcd2f6d2bbebeb4e91ea38 .iconbox_icon{\nbackground-color:#6834bd;\n}\n<\/style>\n<article  class='iconbox iconbox_top av-i6a0qc-e062fcc88ffcd2f6d2bbebeb4e91ea38  avia-builder-el-12  avia-builder-el-no-sibling  main_color' ><div class=\"iconbox_content\"><header class=\"entry-content-header\" aria-label=\"Ic\u00f4ne : \"><div class='iconbox_icon heading-color avia-iconfont avia-font-entypo-fontello' data-av_icon='\ue80b' data-av_iconfont='entypo-fontello'  ><\/div><\/header><div class='iconbox_content_container ' ><p><span style=\"font-size: 14pt;\">Un service sur mesure<\/span><\/p>\n<hr \/>\n<p>Une \u00e9quipe d\u00e9vou\u00e9e et attentive se tient \u00e0 votre disposition pour vous fournir toute information ou r\u00e9pondre \u00e0 vos demandes. Votre voiture peut \u00eatre livr\u00e9e sur demande directement \u00e0 votre arriv\u00e9e aux a\u00e9roports de Gen\u00e8ve, de Grenoble, de Lyon Saint-Exup\u00e9ry ou de Nice, ou directement sur votre lieu de vill\u00e9giature, \u00e0 votre h\u00f4tel ou n&rsquo;importe o\u00f9 en France \u00e0 la destination de votre choix.<\/p>\n<\/div><\/div><footer class=\"entry-footer\"><\/footer><\/article><\/div><\/div><\/div><\/div><!-- close content main div --><\/div><\/div><div id='contactez-nous'  class='avia-section av-4j21xsk-f3bdc18a1bf1deb47b23000fc21e898e main_color avia-section-default avia-no-border-styling  avia-builder-el-13  el_after_av_section  avia-builder-el-last  avia-bg-style-scroll container_wrap fullsize'  ><div class='container av-section-cont-open' ><div class='template-page content  av-content-full alpha units'><div class='post-entry post-entry-type-page post-entry-36382'><div class='entry-content-wrapper clearfix'>\n<div  class='hr av-3zbty9g-3c15056bebb721aedc961b5718daf6f1 hr-default  avia-builder-el-14  el_before_av_one_full  avia-builder-el-first '><span class='hr-inner '><span class=\"hr-inner-style\"><\/span><\/span><\/div>\n<div  class='flex_column av-av_one_full-7420270dda896a7728e3c90b94d24f81 av_one_full  avia-builder-el-15  el_after_av_hr  el_before_av_hr  first flex_column_div  '     ><section  class='av_textblock_section av-lox3tbi4-76716bfeef16d18c8dfbdd34f1cbb036 '  ><div class='avia_textblock' ><p><span style=\"font-size: 14pt;\">Vous souhaitez louer une voiture de sport et de luxe pour les sports d&rsquo;hiver? Besoin d&rsquo;un conseil ?\u00a0\u00a0<\/span><\/p>\n<\/div><\/section><\/div>\n<style type=\"text\/css\" data-created_by=\"avia_inline_auto\" id=\"style-css-av-3hlcp4k-5ae44f5162bcb80c9121deeb1cb7cf33\">\n#top .hr.hr-invisible.av-3hlcp4k-5ae44f5162bcb80c9121deeb1cb7cf33{\nheight:25px;\n}\n<\/style>\n<div  class='hr av-3hlcp4k-5ae44f5162bcb80c9121deeb1cb7cf33 hr-invisible  avia-builder-el-17  el_after_av_one_full  el_before_av_two_third '><span class='hr-inner '><span class=\"hr-inner-style\"><\/span><\/span><\/div>\n\n<style type=\"text\/css\" data-created_by=\"avia_inline_auto\" id=\"style-css-av-2x39mhg-63ccc6fe6ad35f9bb1b49ab003114dfc\">\n.flex_column.av-2x39mhg-63ccc6fe6ad35f9bb1b49ab003114dfc{\nborder-radius:0px 0px 0px 0px;\npadding:0px 0px 0px 0px;\n}\n<\/style>\n<div  class='flex_column av-2x39mhg-63ccc6fe6ad35f9bb1b49ab003114dfc av_two_third  avia-builder-el-18  el_after_av_hr  el_before_av_one_third  first flex_column_div av-zero-column-padding  '     ><p><section  class='av_textblock_section av-s97v3o-063a270ad9241fd280e19faaf7c8f590 '  ><div class='avia_textblock' ><p><span style=\"font-size: 14pt;\">Nous contacter par mail<\/span><\/p>\n<\/div><\/section><br \/>\n<section  class='av_textblock_section av-7zcklw-d7ab6496c2f0ef29d2668f468b3ae6db '  ><div class='avia_textblock' ><div class=\"wpforms-container wpforms-container-full\" id=\"wpforms-27233\"><form id=\"wpforms-form-27233\" class=\"wpforms-validate wpforms-form\" data-formid=\"27233\" method=\"post\" enctype=\"multipart\/form-data\" action=\"\/fr\/wp-json\/wp\/v2\/pages\/36382\" data-token=\"10d94bb5d601b0fca13a9155a6633d88\" data-token-time=\"1777397527\"><noscript class=\"wpforms-error-noscript\">Veuillez activer JavaScript dans votre navigateur pour remplir ce formulaire.<\/noscript><div class=\"wpforms-field-container\"><div id=\"wpforms-27233-field_5-container\" class=\"wpforms-field wpforms-field-name\" data-field-id=\"5\"><label class=\"wpforms-field-label\">Nom <span class=\"wpforms-required-label\">*<\/span><\/label><div class=\"wpforms-field-row wpforms-field-medium\"><div class=\"wpforms-field-row-block wpforms-first wpforms-one-half\"><input type=\"text\" id=\"wpforms-27233-field_5\" class=\"wpforms-field-name-first wpforms-field-required\" name=\"wpforms[fields][5][first]\" required><label for=\"wpforms-27233-field_5\" class=\"wpforms-field-sublabel after\">First<\/label><\/div><div class=\"wpforms-field-row-block wpforms-one-half\"><input type=\"text\" id=\"wpforms-27233-field_5-last\" class=\"wpforms-field-name-last wpforms-field-required\" name=\"wpforms[fields][5][last]\" required><label for=\"wpforms-27233-field_5-last\" class=\"wpforms-field-sublabel after\">Last<\/label><\/div><\/div><\/div><div id=\"wpforms-27233-field_9-container\" class=\"wpforms-field wpforms-field-layout\" data-field-id=\"9\"><div class=\"wpforms-field-layout-rows wpforms-field-large\"><div class=\"wpforms-layout-row\"><div class=\"wpforms-layout-column wpforms-layout-column-50\"><div id=\"wpforms-27233-field_7-container\" class=\"wpforms-field wpforms-field-email\" data-field-id=\"7\"><label class=\"wpforms-field-label\" for=\"wpforms-27233-field_7\">Courriel <span class=\"wpforms-required-label\">*<\/span><\/label><input type=\"email\" id=\"wpforms-27233-field_7\" class=\"wpforms-field-medium wpforms-field-required\" name=\"wpforms[fields][7]\" spellcheck=\"false\" required><\/div><\/div><div class=\"wpforms-layout-column wpforms-layout-column-50\"><div id=\"wpforms-27233-field_8-container\" class=\"wpforms-field wpforms-field-phone\" data-field-id=\"8\"><label class=\"wpforms-field-label\" for=\"wpforms-27233-field_8\">T\u00e9l\u00e9phone <span class=\"wpforms-required-label\">*<\/span><\/label><input type=\"tel\" id=\"wpforms-27233-field_8\" class=\"wpforms-field-medium wpforms-field-required\" data-rule-int-phone-field=\"true\" name=\"wpforms[fields][8]\" aria-label=\"T\u00e9l\u00e9phone\" required><\/div><\/div><\/div><\/div><\/div><div id=\"wpforms-27233-field_4-container\" class=\"wpforms-field wpforms-field-textarea\" data-field-id=\"4\"><label class=\"wpforms-field-label\" for=\"wpforms-27233-field_4\">Message<\/label><textarea id=\"wpforms-27233-field_4\" class=\"wpforms-field-medium\" name=\"wpforms[fields][4]\" ><\/textarea><\/div><\/div><!-- .wpforms-field-container --><div class=\"wpforms-recaptcha-container wpforms-is-recaptcha wpforms-is-recaptcha-type-v3\" ><input type=\"hidden\" name=\"wpforms[recaptcha]\" value=\"\"><\/div><div class=\"wpforms-submit-container\" ><input type=\"hidden\" name=\"wpforms[id]\" value=\"27233\"><input type=\"hidden\" name=\"page_title\" value=\"\"><input type=\"hidden\" name=\"page_url\" value=\"https:\/\/car4rent.fr\/fr\/wp-json\/wp\/v2\/pages\/36382\"><input type=\"hidden\" name=\"url_referer\" value=\"\"><button type=\"submit\" name=\"wpforms[submit]\" id=\"wpforms-submit-27233\" class=\"wpforms-submit\" data-alt-text=\"Envoi\" data-submit-text=\"Soumettre\" aria-live=\"assertive\" value=\"wpforms-submit\">Soumettre<\/button><\/div><\/form><\/div>  <!-- .wpforms-container -->\n<\/div><\/section><\/p><\/div>\n<style type=\"text\/css\" data-created_by=\"avia_inline_auto\" id=\"style-css-av-1mbo21g-f265827c484019cdaafb17c47fc4fa4f\">\n.flex_column.av-1mbo21g-f265827c484019cdaafb17c47fc4fa4f{\nborder-radius:0px 0px 0px 0px;\npadding:0px 0px 0px 0px;\n}\n<\/style>\n<div  class='flex_column av-1mbo21g-f265827c484019cdaafb17c47fc4fa4f av_one_third  avia-builder-el-21  el_after_av_two_third  avia-builder-el-last  flex_column_div av-zero-column-padding  '     ><section  class='av_textblock_section av-lox2d0e8-66306e417472222f984dc8f63528a2fd '  ><div class='avia_textblock' ><p>Agence de Cannes (09H-12H00 et 15H00-19H00)<br \/>\n10, rue Hibert &#8211;\u00a0 06400 Cannes<\/p>\n<p>Tel.: +<a href=\"tel:0033788278586\">33(0)7 88 27 85 86<\/a><br \/>\nMail : <a href=\"mailto:info@car4rent.fr\">info@car4rent.fr<\/a><\/p>\n<\/div><\/section><\/div>\n<\/p>\n","protected":false},"excerpt":{"rendered":"","protected":false},"author":3,"featured_media":36246,"parent":0,"menu_order":1915,"comment_status":"closed","ping_status":"closed","template":"","meta":{"_acf_changed":false,"footnotes":""},"class_list":["post-36382","page","type-page","status-publish","has-post-thumbnail","hentry"],"acf":[],"_links":{"self":[{"href":"https:\/\/car4rent.fr\/fr\/wp-json\/wp\/v2\/pages\/36382","targetHints":{"allow":["GET"]}}],"collection":[{"href":"https:\/\/car4rent.fr\/fr\/wp-json\/wp\/v2\/pages"}],"about":[{"href":"https:\/\/car4rent.fr\/fr\/wp-json\/wp\/v2\/types\/page"}],"author":[{"embeddable":true,"href":"https:\/\/car4rent.fr\/fr\/wp-json\/wp\/v2\/users\/3"}],"replies":[{"embeddable":true,"href":"https:\/\/car4rent.fr\/fr\/wp-json\/wp\/v2\/comments?post=36382"}],"version-history":[{"count":0,"href":"https:\/\/car4rent.fr\/fr\/wp-json\/wp\/v2\/pages\/36382\/revisions"}],"wp:featuredmedia":[{"embeddable":true,"href":"https:\/\/car4rent.fr\/fr\/wp-json\/wp\/v2\/media\/36246"}],"wp:attachment":[{"href":"https:\/\/car4rent.fr\/fr\/wp-json\/wp\/v2\/media?parent=36382"}],"curies":[{"name":"wp","href":"https:\/\/api.w.org\/{rel}","templated":true}]}}