{"id":36346,"date":"2023-11-14T15:31:19","date_gmt":"2023-11-14T14:31:19","guid":{"rendered":"https:\/\/car4rent.fr\/?page_id=36346"},"modified":"2024-04-11T00:26:13","modified_gmt":"2024-04-10T22:26:13","slug":"location-de-voiture-de-luxe-a-megeve","status":"publish","type":"page","link":"https:\/\/car4rent.fr\/fr\/location-de-voiture-de-luxe-a-megeve\/","title":{"rendered":"Location de voiture de luxe \u00e0 Meg\u00e8ve"},"content":{"rendered":"\n<style type=\"text\/css\" data-created_by=\"avia_inline_auto\" id=\"style-css-av-endwpx0-bd5e15fae66b63cc4d2b32cf94e29323\">\n.avia-section.av-endwpx0-bd5e15fae66b63cc4d2b32cf94e29323 .av-parallax .av-parallax-inner{\nbackground-repeat:no-repeat;\nbackground-image:url(https:\/\/car4rent.fr\/wp-content\/uploads\/Louer-Mercedes-Classe-G-Sations-de-ski.jpg);\nbackground-position:50% 50%;\nbackground-attachment:scroll;\n}\n<\/style>\n<div id='av_section_1'  class='avia-section av-endwpx0-bd5e15fae66b63cc4d2b32cf94e29323 main_color avia-section-huge avia-no-border-styling  avia-builder-el-0  el_before_av_section  avia-builder-el-first  avia-full-stretch av-parallax-section avia-bg-style-parallax av-minimum-height av-minimum-height-custom av-height-custom  container_wrap fullsize'  data-section-bg-repeat='stretch' data-av_minimum_height_px='450'><div class='av-parallax' data-avia-parallax-ratio='0.3' ><div class='av-parallax-inner main_color avia-full-stretch'><\/div><\/div><div class=\"av-section-color-overlay-wrap\"><a href='#next-section' title='' class='scroll-down-link  avia-svg-icon avia-font-svg_entypo-fontello' data-av_svg_icon='down-open-mini' data-av_iconset='svg_entypo-fontello'><svg version=\"1.1\" xmlns=\"http:\/\/www.w3.org\/2000\/svg\" width=\"15\" height=\"32\" viewBox=\"0 0 15 32\" preserveAspectRatio=\"xMidYMid meet\" aria-labelledby='av-svg-title-1' aria-describedby='av-svg-desc-1' role=\"graphics-symbol\" aria-hidden=\"true\">\n<title id='av-svg-title-1'>Scroller vers la prochaine section<\/title>\n<desc id='av-svg-desc-1'>Scroller vers la prochaine section<\/desc>\n<path d=\"M12.96 12.16q0.704-0.832 1.536 0 0.832 0.704 0 1.536l-6.272 6.144q-0.704 0.704-1.536 0l-6.272-6.144q-0.832-0.832 0-1.536 0.768-0.768 1.6 0l5.44 4.992z\"><\/path>\n<\/svg><\/a><div class='container av-section-cont-open' style='height:450px'><main  class='template-page content  av-content-full alpha units'><div class='post-entry post-entry-type-page post-entry-36346'><div class='entry-content-wrapper clearfix'>\n\n<style type=\"text\/css\" data-created_by=\"avia_inline_auto\" id=\"style-css-av-e1cgc0k-9577505c4c7ec578c4875e49e8612ec5\">\n.flex_column.av-e1cgc0k-9577505c4c7ec578c4875e49e8612ec5{\nborder-radius:0px 0px 0px 0px;\npadding:20px 20px 20px 20px;\nbackground-color:rgba(0,0,0,0.47);\n}\n<\/style>\n<div  class='flex_column av-e1cgc0k-9577505c4c7ec578c4875e49e8612ec5 av_two_third  avia-builder-el-1  avia-builder-el-no-sibling  first flex_column_div  '     ><section  class='av_textblock_section av-lowxc8uz-c36eac6a72b1134ac02eddefcda5a8c7 '  ><div class='avia_textblock' ><p><span style=\"font-size: 14pt;\"><strong>Louer un v\u00e9hicule de luxe \u00e0 Meg\u00e8ve<\/strong><\/span><\/p>\n<\/div><\/section><\/div>\n\n<\/div><\/div><\/main><!-- close content main element --><\/div><\/div><\/div><div id='av_section_2'  class='avia-section av-918rp2s-b1f416689a4aa0d2cb66c3e77e2be26c main_color avia-section-default avia-no-shadow  avia-builder-el-3  el_after_av_section  el_before_av_section  avia-bg-style-scroll container_wrap fullsize'  ><div class='container av-section-cont-open' ><div class='template-page content  av-content-full alpha units'><div class='post-entry post-entry-type-page post-entry-36346'><div class='entry-content-wrapper clearfix'>\n\n<style type=\"text\/css\" data-created_by=\"avia_inline_auto\" id=\"style-css-av-lok4pmc9-b772d82c15a519dc12160ad123d034c4\">\n#top .av-special-heading.av-lok4pmc9-b772d82c15a519dc12160ad123d034c4{\npadding-bottom:10px;\nfont-size:35px;\n}\nbody .av-special-heading.av-lok4pmc9-b772d82c15a519dc12160ad123d034c4 .av-special-heading-tag .heading-char{\nfont-size:25px;\n}\n#top #wrap_all .av-special-heading.av-lok4pmc9-b772d82c15a519dc12160ad123d034c4 .av-special-heading-tag{\nfont-size:35px;\n}\n.av-special-heading.av-lok4pmc9-b772d82c15a519dc12160ad123d034c4 .av-subheading{\nfont-size:15px;\n}\n\n@media only screen and (min-width: 480px) and (max-width: 767px){ \n#top #wrap_all .av-special-heading.av-lok4pmc9-b772d82c15a519dc12160ad123d034c4 .av-special-heading-tag{\nfont-size:0.8em;\n}\n}\n\n@media only screen and (max-width: 479px){ \n#top #wrap_all .av-special-heading.av-lok4pmc9-b772d82c15a519dc12160ad123d034c4 .av-special-heading-tag{\nfont-size:0.8em;\n}\n}\n<\/style>\n<div  class='av-special-heading av-lok4pmc9-b772d82c15a519dc12160ad123d034c4 av-special-heading-h1 blockquote modern-quote modern-centered  avia-builder-el-4  el_before_av_hr  avia-builder-el-first  av-inherit-size'><h1 class='av-special-heading-tag '  >Location de voiture de luxe \u00e0 Meg\u00e8ve &#8211; Go\u00fbtez au plaisir d\u2019un v\u00e9hicule Haut de Gamme avec Car4rent<\/h1><div class=\"special-heading-border\"><div class=\"special-heading-inner-border\"><\/div><\/div><\/div>\n<div  class='hr av-8nxywdw-be62f1a1ef64a76a9ae8ad419737058e hr-default  avia-builder-el-5  el_after_av_heading  el_before_av_textblock '><span class='hr-inner '><span class=\"hr-inner-style\"><\/span><\/span><\/div>\n<section  class='av_textblock_section av-t3kyxg-9444ffc96102ee3e0d8b5233668644fe '  ><div class='avia_textblock' ><section id=\"block0\" class=\"stripe row-content block0 fullwidth\">\n<div class=\"column small-five small-push-one reset last\">\n<div class=\"boxcontent\">\n<h2>Location de voiture de Luxe \u00e0 Meg\u00e8ve<\/h2>\n<p>Nich\u00e9e entre Chamonix et le Val d&rsquo;Arly en Savoie, \u00e0 quelques minutes en voiture de l&rsquo;a\u00e9roport de Gen\u00e8ve et facilement accessible par la route depuis Albertville, d\u00e9couvrez <a href=\"https:\/\/generationvoyage.fr\/visiter-megeve-faire-voir\/\" target=\"_blank\" rel=\"noopener\">Meg\u00e8ve<\/a> au volant d&rsquo;un v\u00e9hicule de luxe.<\/p>\n<p>Une altitude modeste de 1 113 m signifie que la neige n&rsquo;est pas assur\u00e9e, mais la proximit\u00e9 du Mont Blanc peut attirer de fr\u00e9quentes chutes de neige.<\/p>\n<p>Meg\u00e8ve reste relativement m\u00e9connue des skieurs, \u00e0 l&rsquo;exception notable de ceux qui appr\u00e9cient une exp\u00e9rience de ski traditionnelle et haut de gamme coupl\u00e9e \u00e0 une gamme de services premium sans \u00e9gal.<\/p>\n<h2>Louer un v\u00e9hicule Haut de Gamme \u00e0 Meg\u00e8ve<\/h2>\n<p>Car4rent vous accompagne dans le choix de votre voiture pour un voyage en tranquilit\u00e9 et en toute s\u00e9curit\u00e9. Nos voitures sont munies de tous les \u00e9quipements adapt\u00e9s \u00e0 la conduite sur neige.<\/p>\n<p>Nous proposons un large choix de 4\u00d74, et SUV sportifs et de luxe, pour atteindre les sommets de l\u2019un des lieux les plus en vue de la plan\u00e8te.<\/p>\n<p>Nous pouvons livrer \u00e0 votre arriv\u00e9e dans les principaux a\u00e9roports de Gen\u00e8ve, Lyon Saint-Exup\u00e9ry ou de Nice.<\/p>\n<p>Pour une location de voiture sans souci, et pour plus de flexibilit\u00e9, r\u00e9servez avec Car4rent. De quoi profiter de Meg\u00e8ve, en famille ou entre amis, dans un village o\u00f9 tout n&rsquo;est que luxe, beaut\u00e9 et plaisir !<\/p>\n<p><span style=\"font-size: 14pt;\">Louer une voiture Luxe \u00e0 Meg\u00e8ve, une station \u00ab\u00a0Famille Plus\u00a0\u00bb<\/span><\/p>\n<p>\u00ab\u00a0Famille Plus\u00a0\u00bb\u00a0est un label national attribu\u00e9 aux destinations touristiques proposant un accueil privil\u00e9gi\u00e9 et des services adapt\u00e9s aux familles et aux enfants.<\/p>\n<p><span style=\"font-size: 14pt;\">Location de voiture de luxe \u00e0 Meg\u00e8ve pour partir \u00e0 la d\u00e9couverte de la Haute-Savoie.<\/span><\/p>\n<p>Le domaine skiable de Meg\u00e8ve se fond presque harmonieusement avec celui de ses voisins Saint-Nicolas de V\u00e9roce, Saint-Gervais, Combloux, et un peu moins avec celui des Contamines-Montjoie, accessible uniquement par la route.<\/p>\n<p>Le forfait combin\u00e9 Domaine Evasion Mont-Blanc vous permet de skier partout et de d\u00e9couvrir au passage les reliefs et paysages \u00e9tonnamment vari\u00e9s qu&rsquo;offre la vall\u00e9e sur le secteur de Combloux. Vous ne pouvez pas imaginer venir ici et laisser passer cette opportunit\u00e9 particuli\u00e8re.<\/p>\n<p>Le domaine propre \u00e0 Meg\u00e8ve comprend la C\u00f4te 2000 (2014 m), l&rsquo;Alpette (1871 m) et le Mont d&rsquo;Arbois (1840 m).<\/p>\n<p><span style=\"font-size: 14pt;\">Location de voiture luxe \u00e0 Meg\u00e8ve \u00e0 prix abordable<\/span><\/p>\n<p>\u200bNous ne disposons pas d&rsquo;agence dans les stations de sports d&rsquo;hiver pour r\u00e9server physiquement mais nous <span style=\"font-family: Georgia, Palatino;\">pouvons vous livrer votre voiture \u00e0 Meg\u00e8ve pour toute locati<span style=\"font-size: 12pt;\">on de plus de trois jours, mais \u00e9galement dans les principales stations des Alpes fran\u00e7aises, des <a href=\"https:\/\/www.skieur.com\/station-ski-domaine-les-3-vallees\" target=\"_blank\" rel=\"noopener\">3 Vall\u00e9es<\/a>, et des <a href=\"https:\/\/www.skieur.com\/station-ski-domaine-les-portes-du-soleil\" target=\"_blank\" rel=\"noopener\">Portes du Soleil<\/a>.<\/span><\/span><\/p>\n<p><span style=\"font-size: 14pt;\">Meg\u00e8ve combien co\u00fbte une location de voiture de prestige ?<\/span><\/p>\n<p><span style=\"font-size: 12pt; font-family: Georgia, Palatino;\">Pour pratiquer des tarifs attractifs, nos voitures de location sont gar\u00e9es dans des garages priv\u00e9s, et toutes les r\u00e9servations sont confirm\u00e9es par \u00e9change d&#8217;emails ou par t\u00e9l\u00e9phone. Les prix varient entre 260\u20ac\/jour pour une MiNi cabriolet et 3.800\u20ac\/jour pour une Rolls-Royce Dawn.<\/span><\/p>\n<p><span style=\"font-size: 12pt; font-family: Georgia, Palatino;\">Nous disposons de nombreux mod\u00e8les de sport et de luxe disponibles \u00e0 la location, tels que Ferrari, Lamborghini, Porsche, Land Rover, Mercedes AMG, Bentley, Rolls-Royce, et autres Audi et BMW. Toutes ces marques sont synonymes de puissance, de performance et de s\u00e9curit\u00e9, en un mot d&rsquo;excellence.<\/span><\/p>\n<p><span style=\"font-family: Georgia, Palatino;\"><span style=\"font-size: 12pt;\">N&rsquo;h\u00e9sitez pas \u00e0 prendre <\/span><a href=\"https:\/\/car4rent.fr\/fr\/contact\/\" target=\"_blank\" rel=\"noopener\"><span style=\"font-size: 12pt;\">c<\/span>ontact<\/a> avec notre \u00e9quipe pour toute information ou demande sp\u00e9ciale. Pour votre confort, nous pouvons \u00e9galement vous fournir une voiture avec chauffeur.<\/span><\/p>\n<\/div>\n<\/div>\n<\/section>\n<section id=\"block1\" class=\"stripe row-content block1 fullwidth\">\n<\/section>\n<\/div><\/section>\n\n<style type=\"text\/css\" data-created_by=\"avia_inline_auto\" id=\"style-css-av-7oq6gtw-20aee7ba6ae102ad83d397965c084527\">\n.flex_column.av-7oq6gtw-20aee7ba6ae102ad83d397965c084527{\nborder-radius:0px 0px 0px 0px;\npadding:0px 0px 0px 0px;\n}\n<\/style>\n<div  class='flex_column av-7oq6gtw-20aee7ba6ae102ad83d397965c084527 av_one_third  avia-builder-el-7  el_after_av_textblock  el_before_av_one_third  first flex_column_div av-zero-column-padding  column-top-margin'     ><style type=\"text\/css\" data-created_by=\"avia_inline_auto\" id=\"style-css-av-7a37pas-9dc35cdb9767e929e15facb85a86595b\">\n.iconbox.av-7a37pas-9dc35cdb9767e929e15facb85a86595b .iconbox_icon{\nbackground-color:#6834bd;\n}\n<\/style>\n<article  class='iconbox iconbox_top av-7a37pas-9dc35cdb9767e929e15facb85a86595b  avia-builder-el-8  avia-builder-el-no-sibling  main_color' ><div class=\"iconbox_content\"><header class=\"entry-content-header\" aria-label=\"Ic\u00f4ne : \"><div class='iconbox_icon heading-color avia-iconfont avia-font-entypo-fontello' data-av_icon='\ue819' data-av_iconfont='entypo-fontello'  ><\/div><\/header><div class='iconbox_content_container ' ><h2><\/h2>\n<p><strong>Location de voiture de luxe \u00e0 Meg\u00e8ve<\/strong><\/p>\n<hr \/>\n<p>Nous proposons \u00e0 la location des voitures de luxe et de sport, mais \u00e9galement une large gamme de SUV et de cabriolets. D\u00e9couvrez nos voitures de r\u00eave.<\/p>\n<p>Prix \u00e0 partir de 450\u20ac \/ jour.<\/p>\n<\/div><\/div><footer class=\"entry-footer\"><\/footer><\/article><\/div>\n<style type=\"text\/css\" data-created_by=\"avia_inline_auto\" id=\"style-css-av-6k7r1dg-b78d8199785e33ef74f4a5cd0c94f319\">\n.flex_column.av-6k7r1dg-b78d8199785e33ef74f4a5cd0c94f319{\nborder-radius:0px 0px 0px 0px;\npadding:0px 0px 0px 0px;\n}\n<\/style>\n<div  class='flex_column av-6k7r1dg-b78d8199785e33ef74f4a5cd0c94f319 av_one_third  avia-builder-el-9  el_after_av_one_third  el_before_av_one_third  flex_column_div av-zero-column-padding  column-top-margin'     ><style type=\"text\/css\" data-created_by=\"avia_inline_auto\" id=\"style-css-av-679gcdw-a5bf5263c13db342698d12daa168acbc\">\n.iconbox.av-679gcdw-a5bf5263c13db342698d12daa168acbc .iconbox_icon{\nbackground-color:#6834bd;\n}\n<\/style>\n<article  class='iconbox iconbox_top av-679gcdw-a5bf5263c13db342698d12daa168acbc  avia-builder-el-10  avia-builder-el-no-sibling  main_color' ><div class=\"iconbox_content\"><header class=\"entry-content-header\" aria-label=\"Ic\u00f4ne : \"><div class='iconbox_icon heading-color avia-iconfont avia-font-entypo-fontello' data-av_icon='\ue842' data-av_iconfont='entypo-fontello'  ><\/div><\/header><div class='iconbox_content_container ' ><p><strong>Courchevel, M\u00e9ribel, Avoriaz ou Val d\u2019Is\u00e8re<\/strong><\/p>\n<hr \/>\n<p>Pour votre tranquilit\u00e9 et facilit\u00e9, nous sommes au plus pr\u00e8s de vos demandes<\/p>\n<\/div><\/div><footer class=\"entry-footer\"><\/footer><\/article><\/div>\n<style type=\"text\/css\" data-created_by=\"avia_inline_auto\" id=\"style-css-av-5y7wit0-6e5e908033beed38528718ae71d39e31\">\n.flex_column.av-5y7wit0-6e5e908033beed38528718ae71d39e31{\nborder-radius:0px 0px 0px 0px;\npadding:0px 0px 0px 0px;\n}\n<\/style>\n<div  class='flex_column av-5y7wit0-6e5e908033beed38528718ae71d39e31 av_one_third  avia-builder-el-11  el_after_av_one_third  avia-builder-el-last  flex_column_div av-zero-column-padding  column-top-margin'     ><style type=\"text\/css\" data-created_by=\"avia_inline_auto\" id=\"style-css-av-5h50184-1c243f9996448ec2894e1803625f121f\">\n.iconbox.av-5h50184-1c243f9996448ec2894e1803625f121f .iconbox_icon{\nbackground-color:#6834bd;\n}\n<\/style>\n<article  class='iconbox iconbox_top av-5h50184-1c243f9996448ec2894e1803625f121f  avia-builder-el-12  avia-builder-el-no-sibling  main_color' ><div class=\"iconbox_content\"><header class=\"entry-content-header\" aria-label=\"Ic\u00f4ne : \"><div class='iconbox_icon heading-color avia-iconfont avia-font-entypo-fontello' data-av_icon='\ue80b' data-av_iconfont='entypo-fontello'  ><\/div><\/header><div class='iconbox_content_container ' ><p><strong>Un service sur mesure<\/strong><\/p>\n<hr \/>\n<p>Une \u00e9quipe d\u00e9vou\u00e9e et attentive se tient \u00e0 votre disposition pour vous fournir toute information ou r\u00e9pondre \u00e0 vos demandes. Votre voiture peut \u00eatre livr\u00e9e sur demande directement \u00e0 votre arriv\u00e9e \u00e0 l&rsquo;a\u00e9roport de Gen\u00e8ve, de Grenoble, de Lyon Saint-Exup\u00e9ry ou de Nice, sur votre lieu de vill\u00e9giature, \u00e0 votre h\u00f4tel ou n&rsquo;importe o\u00f9 en France \u00e0 la destination de votre choix.<\/p>\n<\/div><\/div><footer class=\"entry-footer\"><\/footer><\/article><\/div><\/div><\/div><\/div><!-- close content main div --><\/div><\/div><div id='contactez-nous'  class='avia-section av-4ppr1x0-462584aa3862f250df1bf6ac31ead725 main_color avia-section-default avia-no-border-styling  avia-builder-el-13  el_after_av_section  avia-builder-el-last  avia-bg-style-scroll container_wrap fullsize'  ><div class='container av-section-cont-open' ><div class='template-page content  av-content-full alpha units'><div class='post-entry post-entry-type-page post-entry-36346'><div class='entry-content-wrapper clearfix'>\n<div  class='hr av-1j18c4-0da4e1a4f46be7cca96c3e2095e2d30c hr-default  avia-builder-el-14  el_before_av_one_full  avia-builder-el-first '><span class='hr-inner '><span class=\"hr-inner-style\"><\/span><\/span><\/div>\n<div  class='flex_column av-av_one_full-7420270dda896a7728e3c90b94d24f81 av_one_full  avia-builder-el-15  el_after_av_hr  el_before_av_hr  first flex_column_div  '     ><section  class='av_textblock_section av-lowxmqcc-cfa8c5ec56f3975624455980aa35dd16 '  ><div class='avia_textblock' ><p><span style=\"font-size: 14pt;\">Vous recherchez une location de voiture de Prestige \u00e0 Meg\u00e8ve ? Besoin d\u2019un conseil ?<\/span><\/p>\n<\/div><\/section><\/div>\n<style type=\"text\/css\" data-created_by=\"avia_inline_auto\" id=\"style-css-av-3ns78tw-55b33bda105da620b5671332a7c52c9b\">\n#top .hr.hr-invisible.av-3ns78tw-55b33bda105da620b5671332a7c52c9b{\nheight:25px;\n}\n<\/style>\n<div  class='hr av-3ns78tw-55b33bda105da620b5671332a7c52c9b hr-invisible  avia-builder-el-17  el_after_av_one_full  el_before_av_two_third '><span class='hr-inner '><span class=\"hr-inner-style\"><\/span><\/span><\/div>\n\n<style type=\"text\/css\" data-created_by=\"avia_inline_auto\" id=\"style-css-av-2unxc0k-a9619b28535301ab990fb5fdaa960e43\">\n.flex_column.av-2unxc0k-a9619b28535301ab990fb5fdaa960e43{\nborder-radius:0px 0px 0px 0px;\npadding:0px 0px 0px 0px;\n}\n<\/style>\n<div  class='flex_column av-2unxc0k-a9619b28535301ab990fb5fdaa960e43 av_two_third  avia-builder-el-18  el_after_av_hr  el_before_av_one_third  first flex_column_div av-zero-column-padding  '     ><p><section  class='av_textblock_section av-lowxtxuz-8605fa005584794658c3270bbcbb2ad3 '  ><div class='avia_textblock' ><p><span style=\"font-size: 14pt;\">Nous contacter par Mail<\/span><\/p>\n<\/div><\/section><br \/>\n<section  class='av_textblock_section av-29xbrf8-f35b02d804e11ab05ce0f766a456c231 '  ><div class='avia_textblock' ><div class=\"wpforms-container wpforms-container-full\" id=\"wpforms-27233\"><form id=\"wpforms-form-27233\" class=\"wpforms-validate wpforms-form\" data-formid=\"27233\" method=\"post\" enctype=\"multipart\/form-data\" action=\"\/fr\/wp-json\/wp\/v2\/pages\/36346\" data-token=\"4956c4069c64749b1df536230bf32717\" data-token-time=\"1776858301\"><noscript class=\"wpforms-error-noscript\">Veuillez activer JavaScript dans votre navigateur pour remplir ce formulaire.<\/noscript><div class=\"wpforms-field-container\"><div id=\"wpforms-27233-field_5-container\" class=\"wpforms-field wpforms-field-name\" data-field-id=\"5\"><label class=\"wpforms-field-label\">Nom <span class=\"wpforms-required-label\">*<\/span><\/label><div class=\"wpforms-field-row wpforms-field-medium\"><div class=\"wpforms-field-row-block wpforms-first wpforms-one-half\"><input type=\"text\" id=\"wpforms-27233-field_5\" class=\"wpforms-field-name-first wpforms-field-required\" name=\"wpforms[fields][5][first]\" required><label for=\"wpforms-27233-field_5\" class=\"wpforms-field-sublabel after\">First<\/label><\/div><div class=\"wpforms-field-row-block wpforms-one-half\"><input type=\"text\" id=\"wpforms-27233-field_5-last\" class=\"wpforms-field-name-last wpforms-field-required\" name=\"wpforms[fields][5][last]\" required><label for=\"wpforms-27233-field_5-last\" class=\"wpforms-field-sublabel after\">Last<\/label><\/div><\/div><\/div><div id=\"wpforms-27233-field_9-container\" class=\"wpforms-field wpforms-field-layout\" data-field-id=\"9\"><div class=\"wpforms-field-layout-rows wpforms-field-large\"><div class=\"wpforms-layout-row\"><div class=\"wpforms-layout-column wpforms-layout-column-50\"><div id=\"wpforms-27233-field_7-container\" class=\"wpforms-field wpforms-field-email\" data-field-id=\"7\"><label class=\"wpforms-field-label\" for=\"wpforms-27233-field_7\">Courriel <span class=\"wpforms-required-label\">*<\/span><\/label><input type=\"email\" id=\"wpforms-27233-field_7\" class=\"wpforms-field-medium wpforms-field-required\" name=\"wpforms[fields][7]\" spellcheck=\"false\" required><\/div><\/div><div class=\"wpforms-layout-column wpforms-layout-column-50\"><div id=\"wpforms-27233-field_8-container\" class=\"wpforms-field wpforms-field-phone\" data-field-id=\"8\"><label class=\"wpforms-field-label\" for=\"wpforms-27233-field_8\">T\u00e9l\u00e9phone <span class=\"wpforms-required-label\">*<\/span><\/label><input type=\"tel\" id=\"wpforms-27233-field_8\" class=\"wpforms-field-medium wpforms-field-required\" data-rule-int-phone-field=\"true\" name=\"wpforms[fields][8]\" aria-label=\"T\u00e9l\u00e9phone\" required><\/div><\/div><\/div><\/div><\/div><div id=\"wpforms-27233-field_4-container\" class=\"wpforms-field wpforms-field-textarea\" data-field-id=\"4\"><label class=\"wpforms-field-label\" for=\"wpforms-27233-field_4\">Message<\/label><textarea id=\"wpforms-27233-field_4\" class=\"wpforms-field-medium\" name=\"wpforms[fields][4]\" ><\/textarea><\/div><\/div><!-- .wpforms-field-container --><div class=\"wpforms-recaptcha-container wpforms-is-recaptcha wpforms-is-recaptcha-type-v3\" ><input type=\"hidden\" name=\"wpforms[recaptcha]\" value=\"\"><\/div><div class=\"wpforms-submit-container\" ><input type=\"hidden\" name=\"wpforms[id]\" value=\"27233\"><input type=\"hidden\" name=\"page_title\" value=\"\"><input type=\"hidden\" name=\"page_url\" value=\"https:\/\/car4rent.fr\/fr\/wp-json\/wp\/v2\/pages\/36346\"><input type=\"hidden\" name=\"url_referer\" value=\"\"><button type=\"submit\" name=\"wpforms[submit]\" id=\"wpforms-submit-27233\" class=\"wpforms-submit\" data-alt-text=\"Envoi\" data-submit-text=\"Soumettre\" aria-live=\"assertive\" value=\"wpforms-submit\">Soumettre<\/button><\/div><\/form><\/div>  <!-- .wpforms-container -->\n<\/div><\/section><\/p><\/div>\n<style type=\"text\/css\" data-created_by=\"avia_inline_auto\" id=\"style-css-av-1rm0c44-f722f4c8e167c86c55caf839c2db5c3b\">\n.flex_column.av-1rm0c44-f722f4c8e167c86c55caf839c2db5c3b{\nborder-radius:0px 0px 0px 0px;\npadding:0px 0px 0px 0px;\n}\n<\/style>\n<div  class='flex_column av-1rm0c44-f722f4c8e167c86c55caf839c2db5c3b av_one_third  avia-builder-el-21  el_after_av_two_third  avia-builder-el-last  flex_column_div av-zero-column-padding  '     ><p><section  class='av_textblock_section av-jbcxg4-43cbcc98f4e9621ae96b3174b3b344b8 '  ><div class='avia_textblock' ><p><span style=\"font-size: 14pt;\">Nous contacter par t\u00e9l\u00e9phone<\/span><\/p>\n<\/div><\/section><br \/>\n<section  class='av_textblock_section av-av_textblock-564067357eb74c20cdd60b282c9b50bd '  ><div class='avia_textblock' ><p>Agence de Cannes (09H-12H00 et 15H00-19H00)<br \/>\n10, rue Hibert &#8211;\u00a0 06400 Cannes<br \/>\nTel.: : +<a href=\"tel:0033788278586\">33(0)7 88 27 85 86<\/a><br \/>\nMail : <a href=\"mailto:info@car4rent.fr\">info@car4rent.fr<\/a><\/p>\n<\/div><\/section><\/p><\/div>\n<\/p>\n","protected":false},"excerpt":{"rendered":"","protected":false},"author":3,"featured_media":36246,"parent":0,"menu_order":1725,"comment_status":"closed","ping_status":"closed","template":"","meta":{"_acf_changed":false,"footnotes":""},"class_list":["post-36346","page","type-page","status-publish","has-post-thumbnail","hentry"],"acf":[],"_links":{"self":[{"href":"https:\/\/car4rent.fr\/fr\/wp-json\/wp\/v2\/pages\/36346","targetHints":{"allow":["GET"]}}],"collection":[{"href":"https:\/\/car4rent.fr\/fr\/wp-json\/wp\/v2\/pages"}],"about":[{"href":"https:\/\/car4rent.fr\/fr\/wp-json\/wp\/v2\/types\/page"}],"author":[{"embeddable":true,"href":"https:\/\/car4rent.fr\/fr\/wp-json\/wp\/v2\/users\/3"}],"replies":[{"embeddable":true,"href":"https:\/\/car4rent.fr\/fr\/wp-json\/wp\/v2\/comments?post=36346"}],"version-history":[{"count":0,"href":"https:\/\/car4rent.fr\/fr\/wp-json\/wp\/v2\/pages\/36346\/revisions"}],"wp:featuredmedia":[{"embeddable":true,"href":"https:\/\/car4rent.fr\/fr\/wp-json\/wp\/v2\/media\/36246"}],"wp:attachment":[{"href":"https:\/\/car4rent.fr\/fr\/wp-json\/wp\/v2\/media?parent=36346"}],"curies":[{"name":"wp","href":"https:\/\/api.w.org\/{rel}","templated":true}]}}