{"id":34670,"date":"2023-11-10T16:56:12","date_gmt":"2023-11-10T15:56:12","guid":{"rendered":"https:\/\/car4rent.fr\/land-rover-hire\/"},"modified":"2024-03-10T23:40:02","modified_gmt":"2024-03-10T22:40:02","slug":"location-land-rover","status":"publish","type":"page","link":"https:\/\/car4rent.fr\/fr\/location-land-rover\/","title":{"rendered":"Location Land Rover"},"content":{"rendered":"\n<style type=\"text\/css\" data-created_by=\"avia_inline_auto\" id=\"style-css-av-xwut99-050f99b71ad4bb166ea8467954d7c4af\">\n.avia-section.av-xwut99-050f99b71ad4bb166ea8467954d7c4af{\nbackground-color:#27202d;\nbackground-image:unset;\n}\n<\/style>\n<div id='av_section_1'  class='avia-section av-xwut99-050f99b71ad4bb166ea8467954d7c4af main_color avia-section-large avia-no-shadow  avia-builder-el-0  el_before_av_one_full  avia-builder-el-first  avia-bg-style-scroll av-minimum-height av-minimum-height-75 av-height-75  container_wrap fullsize'   data-av_minimum_height_pc='75' data-av_min_height_opt='75'><div class='container av-section-cont-open' ><main  class='template-page content  av-content-full alpha units'><div class='post-entry post-entry-type-page post-entry-34670'><div class='entry-content-wrapper clearfix'>\n\n<style type=\"text\/css\" data-created_by=\"avia_inline_auto\" id=\"style-css-av-39fy3x-24a442f7a4c2d1c7f92ad3df294e8a65\">\n.flex_column.av-39fy3x-24a442f7a4c2d1c7f92ad3df294e8a65{\nborder-radius:0px 0px 0px 0px;\npadding:10px 10px 10px 0px;\n}\n<\/style>\n<div  class='flex_column av-39fy3x-24a442f7a4c2d1c7f92ad3df294e8a65 av_two_third  avia-builder-el-1  el_before_av_two_third  avia-builder-el-first  first flex_column_div  '     ><style type=\"text\/css\" data-created_by=\"avia_inline_auto\" id=\"style-css-av-u7jfh9-4cf6fdafb8cdd417cfb35a4e4283b500\">\n#top .av-special-heading.av-u7jfh9-4cf6fdafb8cdd417cfb35a4e4283b500{\npadding-bottom:10px;\ncolor:#ffffff;\nfont-size:30px;\n}\nbody .av-special-heading.av-u7jfh9-4cf6fdafb8cdd417cfb35a4e4283b500 .av-special-heading-tag .heading-char{\nfont-size:25px;\n}\n#top #wrap_all .av-special-heading.av-u7jfh9-4cf6fdafb8cdd417cfb35a4e4283b500 .av-special-heading-tag{\nfont-size:30px;\n}\n.av-special-heading.av-u7jfh9-4cf6fdafb8cdd417cfb35a4e4283b500 .special-heading-inner-border{\nborder-color:#ffffff;\n}\n.av-special-heading.av-u7jfh9-4cf6fdafb8cdd417cfb35a4e4283b500 .av-subheading{\nfont-size:15px;\n}\n\n@media only screen and (min-width: 480px) and (max-width: 767px){ \n#top #wrap_all .av-special-heading.av-u7jfh9-4cf6fdafb8cdd417cfb35a4e4283b500 .av-special-heading-tag{\nfont-size:0.8em;\n}\n}\n\n@media only screen and (max-width: 479px){ \n#top #wrap_all .av-special-heading.av-u7jfh9-4cf6fdafb8cdd417cfb35a4e4283b500 .av-special-heading-tag{\nfont-size:0.8em;\n}\n}\n<\/style>\n<div  class='av-special-heading av-u7jfh9-4cf6fdafb8cdd417cfb35a4e4283b500 av-special-heading-h1 custom-color-heading blockquote modern-quote  avia-builder-el-2  avia-builder-el-no-sibling  av-inherit-size'><h1 class='av-special-heading-tag '  >Location Land Rover<\/h1><div class=\"special-heading-border\"><div class=\"special-heading-inner-border\"><\/div><\/div><\/div><\/div>\n<style type=\"text\/css\" data-created_by=\"avia_inline_auto\" id=\"style-css-av-sy9uct-a5bd8124647d43e45a0686c9d56d6ab8\">\n#top .flex_column.av-sy9uct-a5bd8124647d43e45a0686c9d56d6ab8{\nmargin-top:0px;\nmargin-bottom:0px;\n}\n.flex_column.av-sy9uct-a5bd8124647d43e45a0686c9d56d6ab8{\nborder-radius:0px 0px 0px 0px;\npadding:0px 0px 0px 0px;\n}\n.responsive #top #wrap_all .flex_column.av-sy9uct-a5bd8124647d43e45a0686c9d56d6ab8{\nmargin-top:0px;\nmargin-bottom:0px;\n}\n<\/style>\n<div  class='flex_column av-sy9uct-a5bd8124647d43e45a0686c9d56d6ab8 av_two_third  avia-builder-el-3  el_after_av_two_third  el_before_av_one_third  first flex_column_div av-zero-column-padding  column-top-margin'     ><style type=\"text\/css\" data-created_by=\"avia_inline_auto\" id=\"style-css-av-rvoqn1-7f848e4349e02e69d8162911683fa79c\">\n.avia-image-container.av-rvoqn1-7f848e4349e02e69d8162911683fa79c img.avia_image{\nbox-shadow:none;\n}\n.avia-image-container.av-rvoqn1-7f848e4349e02e69d8162911683fa79c .av-image-caption-overlay-center{\ncolor:#ffffff;\nfont-size:14px;\n}\n<\/style>\n<div  class='avia-image-container av-rvoqn1-7f848e4349e02e69d8162911683fa79c av-styling- avia-align-center  avia-builder-el-4  avia-builder-el-no-sibling '  ><div class=\"avia-image-container-inner\"><div class=\"avia-image-overlay-wrap\"><img decoding=\"async\" fetchpriority=\"high\" class='wp-image-30053 avia-img-lazy-loading-not-30053 avia_image ' src=\"https:\/\/car4rent.fr\/wp-content\/uploads\/LAND-ROVER-RENTAL-2.jpg\" alt='Location Land Rover' title='Location Land Rover'  height=\"220\" width=\"320\" srcset=\"https:\/\/car4rent.fr\/wp-content\/uploads\/LAND-ROVER-RENTAL-2.jpg 320w, https:\/\/car4rent.fr\/wp-content\/uploads\/LAND-ROVER-RENTAL-2-300x206.jpg 300w\" sizes=\"(max-width: 320px) 100vw, 320px\" \/><\/div><\/div><\/div><\/div>\n<style type=\"text\/css\" data-created_by=\"avia_inline_auto\" id=\"style-css-av-o2x99p-523ffc8d9a26ed2056fcb75bd064007e\">\n#top .flex_column.av-o2x99p-523ffc8d9a26ed2056fcb75bd064007e{\nmargin-top:0px;\nmargin-bottom:0px;\n}\n.flex_column.av-o2x99p-523ffc8d9a26ed2056fcb75bd064007e{\nborder-radius:0px 0px 0px 0px;\npadding:20px 40px 20px 30px;\nbackground-color:#cecece;\n}\n.responsive #top #wrap_all .flex_column.av-o2x99p-523ffc8d9a26ed2056fcb75bd064007e{\nmargin-top:0px;\nmargin-bottom:0px;\n}\n<\/style>\n<div  class='flex_column av-o2x99p-523ffc8d9a26ed2056fcb75bd064007e av_one_third  avia-builder-el-5  el_after_av_two_third  avia-builder-el-last  flex_column_div  column-top-margin'     ><p>\n<style type=\"text\/css\" data-created_by=\"avia_inline_auto\" id=\"style-css-av-mu0j3x-b8f6370f00ea1f7edfbc94da8852f41a\">\n#top .av_textblock_section.av-mu0j3x-b8f6370f00ea1f7edfbc94da8852f41a .avia_textblock{\nfont-size:13px;\n}\n<\/style>\n<section  class='av_textblock_section av-mu0j3x-b8f6370f00ea1f7edfbc94da8852f41a '  ><div class='avia_textblock' ><p><span style=\"font-size: 14pt;\"><strong>TARIFS <\/strong><\/span><\/p>\n<hr \/>\n<p><strong>1-3 jours <\/strong> 1.080 \u20ac<\/p>\n<p><strong>4-7 jours\u00a0 \u00a0<\/strong>980 \u20ac<\/p>\n<p><strong>+8 jours\u00a0 \u00a0 <\/strong>780 \u20ac<\/p>\n<p><strong>Extra km<\/strong>\u00a0 4\u20ac<\/p>\n<p><strong>Caution<\/strong> 15.000 \u20ac<\/p>\n<p><strong>Minimum Age <\/strong>27<\/p>\n<hr \/>\n<p>Prix par jour &#8211; 150km inclus<\/p>\n<\/div><\/section><br \/>\n<div  class='hr av-2511kd-9cfb16a3fad80d61ee16aae58479978a hr-default  avia-builder-el-7  el_after_av_textblock  el_before_av_textblock '><span class='hr-inner '><span class=\"hr-inner-style\"><\/span><\/span><\/div><br \/>\n\n<style type=\"text\/css\" data-created_by=\"avia_inline_auto\" id=\"style-css-av-j5w0jh-960657bba046c73a158b35867f2aeec5\">\n#top .av_textblock_section.av-j5w0jh-960657bba046c73a158b35867f2aeec5 .avia_textblock{\nfont-size:13px;\n}\n<\/style>\n<section  class='av_textblock_section av-j5w0jh-960657bba046c73a158b35867f2aeec5 '  ><div class='avia_textblock' ><p><span style=\"font-size: 14pt;\"><strong>SP\u00c9CIFICATIONS<\/strong><\/span><\/p>\n<hr \/>\n<ul>\n<li><strong>Nombre de places : <\/strong>5<\/li>\n<li><strong>Nombre de bagages : <\/strong>4<\/li>\n<li><strong>Moteur : <\/strong>3.0L &#8211; 440cv \/ 6.000 rpm 4&#215;4<\/li>\n<li><strong>Transmission :<\/strong> Auto<\/li>\n<li><strong>0-100 km\/h : <\/strong>5.8 sec.<\/li>\n<li><strong>Vitesse max. : <\/strong>225 km\/h<\/li>\n<li><strong>Carburant : <\/strong>Essence\/Hybride<\/li>\n<\/ul>\n<\/div><\/section><\/p><\/div>\n<\/div><\/div><\/main><!-- close content main element --><\/div><\/div><div id='after_section_1'  class='main_color av_default_container_wrap container_wrap fullsize'  ><div class='container av-section-cont-open' ><div class='template-page content  av-content-full alpha units'><div class='post-entry post-entry-type-page post-entry-34670'><div class='entry-content-wrapper clearfix'>\n\n<style type=\"text\/css\" data-created_by=\"avia_inline_auto\" id=\"style-css-av-humetp-d0e530dc5ac392e67b9177dde6709356\">\n#top .flex_column.av-humetp-d0e530dc5ac392e67b9177dde6709356{\nmargin-top:0px;\nmargin-bottom:0px;\n}\n.flex_column.av-humetp-d0e530dc5ac392e67b9177dde6709356{\nborder-radius:0px 0px 0px 0px;\npadding:0px 0px 0px 0px;\nbackground-color:#ffffff;\n}\n.responsive #top #wrap_all .flex_column.av-humetp-d0e530dc5ac392e67b9177dde6709356{\nmargin-top:0px;\nmargin-bottom:0px;\n}\n<\/style>\n<div  class='flex_column av-humetp-d0e530dc5ac392e67b9177dde6709356 av_one_full  avia-builder-el-9  el_after_av_section  el_before_av_section  avia-builder-el-no-sibling  first flex_column_div av-zero-column-padding  '     ><section  class='av_textblock_section av-g22dp9-389d4f5a06270948ffe8232095e473ab '  ><div class='avia_textblock' ><section id=\"block0\" class=\"stripe row-content block0 fullwidth\">\n<div class=\"column small-five small-push-one reset last\">\n<div class=\"boxcontent\">\n<h2><strong>Location Land Rover\u00a0<\/strong><\/h2>\n<h1><\/h1>\n<p>Offrez-vous une location Land Rover sur la <a href=\"https:\/\/cotedazurfrance.fr\/decouvrir\/les-spots-incontournables\/top-12-des-lieux-incontournables-a-visiter-sur-la-cote-dazur\/\" target=\"_blank\" rel=\"noopener\">C\u00f4te d&rsquo;Azur<\/a> au meilleur prix avec Car4rent. Dans le segment des 4&#215;4, une location Land Rover a toujours \u00e9t\u00e9 meilleure que les autres. Le dernier Range Rover Autobiography est une voiture de classe mondiale.<\/p>\n<p>Pour les amateurs de luxe, la marque r\u00e9pond avec le \u00ab SUV pr\u00eat pour la piste \u00bb. Il offre le plus haut niveau de confort, sur route ou hors route, et constitue sans doute le v\u00e9hicule le mieux adapt\u00e9 \u00e0 toutes les sortes de routes, gr\u00e2ce au contr\u00f4le actif du roulis et aux amortisseurs adaptatifs<\/p>\n<p><img loading=\"lazy\" decoding=\"async\" class=\"alignnone wp-image-24103\" src=\"https:\/\/car4rent.fr\/wp-content\/uploads\/rent-land-rover-300x144.jpg\" alt=\"Rent Land Rover Car4rent\" width=\"208\" height=\"100\" title=\"Car4Rent Cannes\" srcset=\"https:\/\/car4rent.fr\/wp-content\/uploads\/rent-land-rover-300x144.jpg 300w, https:\/\/car4rent.fr\/wp-content\/uploads\/rent-land-rover-768x368.jpg 768w, https:\/\/car4rent.fr\/wp-content\/uploads\/rent-land-rover-705x338.jpg 705w, https:\/\/car4rent.fr\/wp-content\/uploads\/rent-land-rover-450x216.jpg 450w, https:\/\/car4rent.fr\/wp-content\/uploads\/rent-land-rover.jpg 828w\" sizes=\"auto, (max-width: 208px) 100vw, 208px\" \/><\/p>\n<\/div>\n<\/div>\n<\/section>\n<section id=\"block1\" class=\"stripe row-content block1 fullwidth\">\n<div class=\"column small-five small-push-six reset last\">\n<div class=\"boxcontent\">\n<h3>Le silence est roi<\/h3>\n<p>Premi\u00e8re impression : la prise en main est ph\u00e9nom\u00e9nale. Le silence cr\u00e9e une d\u00e9pendance. La voiture est vraiment incroyable et est remarquablement confortable: elle poss\u00e8de toutes les qualit\u00e9s pour un d\u00e9placement rapide. L&rsquo;heure est \u00e0 l&rsquo;excitation. Avec son V6 hybride de 440ch, les performances du moteur et les acc\u00e9l\u00e9rations sont intenses.<\/p>\n<p>L\u2019Autobiography atteint le 0 \u00e0 100 km\/h en seulement 5,8 secondes. Gardez \u00e0 l\u2019esprit que ce SUV \u00e0 quatre roues motrices de 2,735 kg est aussi performant en tout-terrain que de nombreux autres Range Rover. Gr\u00e2ce \u00e0 la suspension pneumatique, au diff\u00e9rentiel arri\u00e8re \u00e0 amortisseurs magn\u00e9torh\u00e9ologiques, au syst\u00e8me de vecteur de couple et au contr\u00f4le actif du roulis, le v\u00e9hicule se comporte en grande partie comme une voiture de sport.<\/p>\n<p>Louer une Land Rover n&rsquo;est pas votre id\u00e9al et vous souhaitez essayer une autre marque de voiture ? Nous avons tous les mod\u00e8les sportifs et de luxe disponibles \u00e0 la location, comme Ferrari, Lamborghini, Porsche, Land Rover, Mercedes AMG, Bentley, Rolls-Royce, toutes les marques qui sont synonymes de puissance, de performance et d&rsquo;agilit\u00e9, en un mot d&rsquo;Excellence.<\/p>\n<p>Nous pouvons \u00e9galement vous proposer votre Laand Rover en leasing<\/p>\n<p>Nous pouvons livrer votre voiture sur la C\u00f4te d&rsquo;Azur ou \u00e0 tout endroit de votre choix.<\/p>\n<p>N&rsquo;h\u00e9sitez pas \u00e0 prendre <a href=\"https:\/\/car4rent.fr\/fr\/contact\/\" target=\"_blank\" rel=\"noopener\">contact<\/a> avec notre \u00e9quipe pour obtenir toute information ou renseignement.<\/p>\n<\/div>\n<\/div>\n<\/section>\n<\/div><\/section><\/div><\/div><\/div><\/div><!-- close content main div --><\/div><\/div>\n<style type=\"text\/css\" data-created_by=\"avia_inline_auto\" id=\"style-css-av-yvjxp-bfce81b8387c949e97938aba229e93e0\">\n.avia-section.av-yvjxp-bfce81b8387c949e97938aba229e93e0{\nbackground-color:#27202d;\nbackground-image:unset;\n}\n<\/style>\n<div id='av_section_2'  class='avia-section av-yvjxp-bfce81b8387c949e97938aba229e93e0 main_color avia-section-small avia-no-border-styling  avia-builder-el-11  el_after_av_one_full  el_before_av_section  avia-bg-style-scroll container_wrap fullsize'  ><div class='container av-section-cont-open' ><div class='template-page content  av-content-full alpha units'><div class='post-entry post-entry-type-page post-entry-34670'><div class='entry-content-wrapper clearfix'>\n<div  class='flex_column av-av_one_full-db3c685d37a83d385059f6f31cd9c4a7 av_one_full  avia-builder-el-12  avia-builder-el-no-sibling  first flex_column_div  '     ><section  class='av_textblock_section av-lq438d58-3e112cc882192a0287c71bb2fbd76f23 '  ><div class='avia_textblock' ><p>La Locaton Land Rover &#8211; D\u00e9couvrez notre gamme de voitures de luxe, de sport, de cabriolets et de SUVs.<\/p>\n<\/div><\/section><\/div>\n<\/p>\n<\/div><\/div><\/div><!-- close content main div --><\/div><\/div><div id='av_section_3'  class='avia-section av-4iu8zh-9abf4d7cde99bf999bfb2b67e791044b main_color avia-section-default avia-no-border-styling  avia-builder-el-14  el_after_av_section  avia-builder-el-last  avia-bg-style-scroll container_wrap fullsize'  ><div class='container av-section-cont-open' ><div class='template-page content  av-content-full alpha units'><div class='post-entry post-entry-type-page post-entry-34670'><div class='entry-content-wrapper clearfix'>\n<div  class='avia-builder-widget-area clearfix  avia-builder-el-15  avia-builder-el-no-sibling '><div id=\"text-9\" class=\"widget clearfix widget_text\">\t\t\t<div class=\"textwidget\"><p style=\"text-align: center;\">    <div class=\"car4rent-share-block car4rent-fr\">\n        <a href=\"https:\/\/www.facebook.com\/sharer\/sharer.php?u=\" target=\"_blank\" rel=\"noopener\"><i class=\"fa-brands fa-facebook\"><\/i> Partager<\/a>\n        <a href=\"https:\/\/x.com\/intent\/tweet?url=&amp;text=\" target=\"_blank\" rel=\"noopener\"><i class=\"fa-brands fa-x-twitter\"><\/i> X<\/a>\n        <a href=\"https:\/\/wa.me\/?text=%20\" target=\"_blank\" rel=\"noopener\"><i class=\"fa-brands fa-whatsapp\"><\/i> WhatsApp<\/a>\n        <a href=\"https:\/\/www.instagram.com\/car4rent_cannes\/\" target=\"_blank\" rel=\"noopener\"><i class=\"fa-brands fa-instagram\"><\/i> Instagram<\/a>\n        <a href=\"https:\/\/www.linkedin.com\/company\/car4rent\/about\/\" target=\"_blank\" rel=\"noopener\"><i class=\"fa-brands fa-linkedin\"><\/i> LinkedIn<\/a>\n        <a href=\"https:\/\/www.youtube.com\/@car4rentcannes839\" target=\"_blank\" rel=\"noopener\"><i class=\"fa-brands fa-youtube\"><\/i> YouTube<\/a>\n    <\/div>\n    <\/p>\n<\/div>\n\t\t<\/div><\/div>\n\n","protected":false},"excerpt":{"rendered":"","protected":false},"author":3,"featured_media":34853,"parent":0,"menu_order":2100,"comment_status":"closed","ping_status":"closed","template":"","meta":{"_acf_changed":false,"footnotes":""},"class_list":["post-34670","page","type-page","status-publish","has-post-thumbnail","hentry"],"acf":[],"_links":{"self":[{"href":"https:\/\/car4rent.fr\/fr\/wp-json\/wp\/v2\/pages\/34670","targetHints":{"allow":["GET"]}}],"collection":[{"href":"https:\/\/car4rent.fr\/fr\/wp-json\/wp\/v2\/pages"}],"about":[{"href":"https:\/\/car4rent.fr\/fr\/wp-json\/wp\/v2\/types\/page"}],"author":[{"embeddable":true,"href":"https:\/\/car4rent.fr\/fr\/wp-json\/wp\/v2\/users\/3"}],"replies":[{"embeddable":true,"href":"https:\/\/car4rent.fr\/fr\/wp-json\/wp\/v2\/comments?post=34670"}],"version-history":[{"count":0,"href":"https:\/\/car4rent.fr\/fr\/wp-json\/wp\/v2\/pages\/34670\/revisions"}],"wp:featuredmedia":[{"embeddable":true,"href":"https:\/\/car4rent.fr\/fr\/wp-json\/wp\/v2\/media\/34853"}],"wp:attachment":[{"href":"https:\/\/car4rent.fr\/fr\/wp-json\/wp\/v2\/media?parent=34670"}],"curies":[{"name":"wp","href":"https:\/\/api.w.org\/{rel}","templated":true}]}}