{"id":32917,"date":"2023-11-10T16:56:12","date_gmt":"2023-11-10T15:56:12","guid":{"rendered":"https:\/\/car4rent.fr\/about-car4rent\/"},"modified":"2024-04-10T23:57:18","modified_gmt":"2024-04-10T21:57:18","slug":"qui-connait-car4rent","status":"publish","type":"page","link":"https:\/\/car4rent.fr\/fr\/qui-connait-car4rent\/","title":{"rendered":"Qui conna\u00eet Car4rent"},"content":{"rendered":"\n<style type=\"text\/css\" data-created_by=\"avia_inline_auto\" id=\"style-css-av-1d8zfpy-c772cee6b1e04ff5d6ee1c09659c2aec\">\n.avia-section.av-1d8zfpy-c772cee6b1e04ff5d6ee1c09659c2aec{\nbackground-repeat:no-repeat;\nbackground-image:url(https:\/\/car4rent.fr\/wp-content\/uploads\/about-Car4rent-2.jpg);\nbackground-position:50% 50%;\nbackground-attachment:scroll;\n}\n<\/style>\n<div id='av_section_1'  class='avia-section av-1d8zfpy-c772cee6b1e04ff5d6ee1c09659c2aec main_color avia-section-default avia-no-border-styling  avia-builder-el-0  el_before_av_section  avia-builder-el-first  avia-full-stretch avia-bg-style-scroll av-minimum-height av-minimum-height-custom av-height-custom  container_wrap fullsize'  data-section-bg-repeat='stretch' data-av_minimum_height_px='350'><div class='container av-section-cont-open' style='height:350px'><main  class='template-page content  av-content-full alpha units'><div class='post-entry post-entry-type-page post-entry-32917'><div class='entry-content-wrapper clearfix'>\n<div  class='flex_column av-2f7nyuu-7267435c0a845d397e6453da1c4898b3 av_one_full  avia-builder-el-1  avia-builder-el-no-sibling  first flex_column_div  '     ><style type=\"text\/css\" data-created_by=\"avia_inline_auto\" id=\"style-css-av-liuexuaf-33edfec0f8ae4305f349117771e2268e\">\n#top .av-special-heading.av-liuexuaf-33edfec0f8ae4305f349117771e2268e{\npadding-bottom:10px;\ncolor:#ffffff;\nfont-size:34px;\n}\nbody .av-special-heading.av-liuexuaf-33edfec0f8ae4305f349117771e2268e .av-special-heading-tag .heading-char{\nfont-size:25px;\n}\n#top #wrap_all .av-special-heading.av-liuexuaf-33edfec0f8ae4305f349117771e2268e .av-special-heading-tag{\nfont-size:34px;\n}\n.av-special-heading.av-liuexuaf-33edfec0f8ae4305f349117771e2268e .special-heading-inner-border{\nborder-color:#ffffff;\n}\n.av-special-heading.av-liuexuaf-33edfec0f8ae4305f349117771e2268e .av-subheading{\nfont-size:15px;\n}\n\n@media only screen and (min-width: 990px){ \n#top #wrap_all .av-special-heading.av-liuexuaf-33edfec0f8ae4305f349117771e2268e .av-special-heading-tag{\nfont-size:34px;\n}\n}\n\n@media only screen and (min-width: 768px) and (max-width: 989px){ \n#top #wrap_all .av-special-heading.av-liuexuaf-33edfec0f8ae4305f349117771e2268e .av-special-heading-tag{\nfont-size:23px;\n}\n}\n\n@media only screen and (min-width: 480px) and (max-width: 767px){ \n#top #wrap_all .av-special-heading.av-liuexuaf-33edfec0f8ae4305f349117771e2268e .av-special-heading-tag{\nfont-size:23px;\n}\n}\n\n@media only screen and (max-width: 479px){ \n#top #wrap_all .av-special-heading.av-liuexuaf-33edfec0f8ae4305f349117771e2268e .av-special-heading-tag{\nfont-size:23px;\n}\n}\n<\/style>\n<div  class='av-special-heading av-liuexuaf-33edfec0f8ae4305f349117771e2268e av-special-heading-h2 custom-color-heading blockquote modern-quote  avia-builder-el-2  avia-builder-el-no-sibling  av-inherit-size'><h2 class='av-special-heading-tag '  >\u00c0 propos de Car4rent<\/h2><div class=\"special-heading-border\"><div class=\"special-heading-inner-border\"><\/div><\/div><\/div><\/div><\/div><\/div><\/main><!-- close content main element --><\/div><\/div><div id='av_section_2'  class='avia-section av-u5sxau-cf92c5ff38c73a2a38ccd9028bf41f6e main_color avia-section-default avia-no-border-styling  avia-builder-el-3  el_after_av_section  el_before_av_one_third  avia-bg-style-scroll container_wrap fullsize'  ><div class='container av-section-cont-open' ><div class='template-page content  av-content-full alpha units'><div class='post-entry post-entry-type-page post-entry-32917'><div class='entry-content-wrapper clearfix'>\n<section  class='av_textblock_section av-liucvlkd-8d30b1352adbbafc92b60e333db34073 '  ><div class='avia_textblock' ><h3><span style=\"font-size: 24pt;\">Qui conna\u00eet Car4rent location de voitures de sport et de luxe \u00e0 Cannes<\/span><\/h3>\n<p>Car4rent est une entreprise familiale de location de voitures de luxe et de sport, bas\u00e9e \u00e0 <a href=\"https:\/\/www.cannes-destination.fr\/visites-incontournables\" target=\"_blank\" rel=\"noopener\">Cannes<\/a> et \u00e0\u00a0<a href=\"https:\/\/www.visitmonaco.com\/\" target=\"_blank\" rel=\"noopener\">Monaco<\/a>. Nous insistons sur le caract\u00e8re familial car c&rsquo;est manifestement une garantie de qualit\u00e9 et de confiance.<\/p>\n<p>En effet, notre \u00e9quipe met toujours tout en \u0153uvre pour offrir \u00e0 ses clients les meilleurs prix du march\u00e9, mais \u00e9galement le meilleur service. Celui-ci ne s&rsquo;arr\u00eate pas une fois votre voiture livr\u00e9e. Nous sommes toujours l\u00e0 pour vous conseiller et vous aider, le cas \u00e9ch\u00e9ant, en cas de difficult\u00e9s que vous seriez amen\u00e9 \u00e0 rencontrer.<\/p>\n<p>Car4rent est l&rsquo;une des principales entreprises de location de voitures de sport et de luxe sur la C\u00f4te d&rsquo;Azur et dispose en saison d&rsquo;une flotte d&rsquo;une quarantaine de voitures d&rsquo;exception, des marques les plus prestigieuses, telles que Ferrari, Lamborghini, Porsche, Land Rover, Mercedes AMG, Bentley, Rolls-Royce, et autres Audi et BMW, une gamme de voitures de sport, de cabriolets, de coup\u00e9s et de SUV. Que des v\u00e9hicules exclusifs !<\/p>\n<p><img loading=\"lazy\" decoding=\"async\" class=\"alignnone wp-image-37318 size-large\" src=\"https:\/\/car4rent.fr\/wp-content\/uploads\/Porsche-911-Carrera1-1030x863.jpg\" alt=\"Porsche-911 Carrera car4rent Cannes\" width=\"1030\" height=\"863\" title=\"Car4Rent Cannes\" srcset=\"https:\/\/car4rent.fr\/wp-content\/uploads\/Porsche-911-Carrera1-1030x863.jpg 1030w, https:\/\/car4rent.fr\/wp-content\/uploads\/Porsche-911-Carrera1-300x251.jpg 300w, https:\/\/car4rent.fr\/wp-content\/uploads\/Porsche-911-Carrera1-768x643.jpg 768w, https:\/\/car4rent.fr\/wp-content\/uploads\/Porsche-911-Carrera1-1536x1287.jpg 1536w, https:\/\/car4rent.fr\/wp-content\/uploads\/Porsche-911-Carrera1-2048x1716.jpg 2048w, https:\/\/car4rent.fr\/wp-content\/uploads\/Porsche-911-Carrera1-1500x1257.jpg 1500w, https:\/\/car4rent.fr\/wp-content\/uploads\/Porsche-911-Carrera1-705x591.jpg 705w, https:\/\/car4rent.fr\/wp-content\/uploads\/Porsche-911-Carrera1-450x377.jpg 450w\" sizes=\"auto, (max-width: 1030px) 100vw, 1030px\" \/><\/p>\n<p>Comme vous pouvez le voir sur les photos, les v\u00e9hicules pr\u00e9sent\u00e9s sont les n\u00f4tres, toujours photographi\u00e9s au m\u00eame endroit. Certes, ces sont probablement de moins bonne qualit\u00e9 que les photos des constructeurs affich\u00e9es par nos concurrents, qui ne sont souvent que des interm\u00e9diaires et ne poss\u00e8dent aucune voiture.<\/p>\n<p>Nos voitures existent et sont stock\u00e9es \u00e0 Cannes. Nous pouvons de ce fait effectuer rapidement les livraisons personnalis\u00e9es dans la r\u00e9gion, que ce soit \u00e0 l&rsquo;a\u00e9roport de Nice, aux h\u00f4tels ou aux villas de nos clients. Avec Car4rent, vous aurez toujours le v\u00e9hicule que vous aurez choisi sur photo .<\/p>\n<p>Car4rent organise \u00e9galement des road trips personnalis\u00e9s avec ses v\u00e9hicules sous la marque CarEvents. Vous devez organiser un \u00e9v\u00e9nement d&rsquo;entreprise et souhaiter r\u00e9compenser vos collaborateurs. Nous pouvons mettre nos v\u00e9hicules \u00e0 votre disposition et organiser des essais sur route ou chacun d&rsquo;eux pourra conduire des v\u00e9hicules d&rsquo;exception. Nous avons des partenariats avec les plus hotels de la r\u00e9gion et vous feront b\u00e9n\u00e9ficier de nos conditions pr\u00e9f\u00e9rentielles.<\/p>\n<p>Vous pouvez louer nos v\u00e9hicules \u00e0 la journ\u00e9e et pour de plus longues p\u00e9riodes en vous abonnant \u00e0 notre programme de Luxury CarSharing.<\/p>\n<p>Nous sommes l\u00e0 pour vous aider \u00e0 profiter au maximum de votre s\u00e9jour sur la C\u00f4te d&rsquo;Azur ! N&rsquo;h\u00e9sitez pas \u00e0 nous consulter.<\/p>\n<p><a href=\"https:\/\/car4rent.fr\/fr\/contact\/\" target=\"_blank\" rel=\"noopener noreferrer\"><strong>R\u00e9servez maintenant<\/strong><\/a>!<\/p>\n<h6><span style=\"font-size: 14pt;\">\u00c0 propos de Car4rent et de nos partenaires de r\u00e9servation<\/span><\/h6>\n<p>Nous sommes membre de la plateforme internationale de r\u00e9servation Driverso. Car4rent a \u00e9t\u00e9 choisie par les clients de Driverso comme \u00e9tant la meilleure entreprise de location de voitures de luxe et de sport en France.<\/p>\n<p>Driverso est le principal site de r\u00e9servation europ\u00e9en pour les voitures de location de luxe et haut de gamme.<\/p>\n<\/div><\/section>\n<\/div><\/div><\/div><!-- close content main div --><\/div><\/div><div id='after_section_2'  class='main_color av_default_container_wrap container_wrap fullsize'  ><div class='container av-section-cont-open' ><div class='template-page content  av-content-full alpha units'><div class='post-entry post-entry-type-page post-entry-32917'><div class='entry-content-wrapper clearfix'><div  class='flex_column av-26c2hbq-f642ed30d7032c1a5beca9fb0855d296 av_one_third  avia-builder-el-5  el_after_av_section  el_before_av_one_third  avia-builder-el-first  first flex_column_div  '     ><article  class='iconbox iconbox_left av-liugfdy1-5a0ae358ad39f248420145183e301a62  avia-builder-el-6  avia-builder-el-no-sibling ' ><div class=\"iconbox_content\"><header class=\"entry-content-header\" aria-label=\"Ic\u00f4ne : \"><div class='iconbox_icon heading-color avia-iconfont avia-font-entypo-fontello' data-av_icon='\ue821' data-av_iconfont='entypo-fontello'  ><\/div><\/header><div class='iconbox_content_container ' ><p><span style=\"font-size: 14pt;\">\u00c0 propos de Car4rent &#8211; Service de livraison<\/span><\/p>\n<hr \/>\n<p>La livraison et la prise en charge sont possible \u00e0 votre h\u00f4tel, \u00e0 votre domicile, \u00e0 l&rsquo;a\u00e9roport ou \u00e0 tout autre endroit de votre choix en France.<\/p>\n<\/div><\/div><footer class=\"entry-footer\"><\/footer><\/article><\/div><\/p>\n<div  class='flex_column av-1fbxws6-26543f1d16a90992fb8777f97a8e236e av_one_third  avia-builder-el-7  el_after_av_one_third  el_before_av_one_third  flex_column_div  '     ><article  class='iconbox iconbox_left av-liugi7lj-e62c67309d6aeaf3e5fb0a10cf203708  avia-builder-el-8  avia-builder-el-no-sibling ' ><div class=\"iconbox_content\"><header class=\"entry-content-header\" aria-label=\"Ic\u00f4ne : \"><div class='iconbox_icon heading-color avia-iconfont avia-font-entypo-fontello' data-av_icon='\ue80b' data-av_iconfont='entypo-fontello'  ><\/div><\/header><div class='iconbox_content_container ' ><p><span style=\"font-size: 14pt;\">\u00c0 propos de Car4rent : une \u00e9quipe \u00e0 votre service<\/span><\/p>\n<hr \/>\n<p>Une \u00e9quipe d\u00e9di\u00e9e pour r\u00e9pondre \u00e0 toutes vos exigences afin de vous offrir le meilleur service et vous pr\u00e9senter les \u00c9tapes cl\u00e9s de la location.<\/p>\n<\/div><\/div><footer class=\"entry-footer\"><\/footer><\/article><\/div>\n<div  class='flex_column av-16tuyom-f69322cbf6bae6198e383908c51eaabd av_one_third  avia-builder-el-9  el_after_av_one_third  el_before_av_one_full  flex_column_div  '     ><article  class='iconbox iconbox_left av-liugrhm2-a67182af91dacf37b5286886c493c8a3  avia-builder-el-10  avia-builder-el-no-sibling ' ><div class=\"iconbox_content\"><header class=\"entry-content-header\" aria-label=\"Ic\u00f4ne : \"><div class='iconbox_icon heading-color avia-iconfont avia-font-entypo-fontello' data-av_icon='\ue842' data-av_iconfont='entypo-fontello'  ><\/div><\/header><div class='iconbox_content_container ' ><p><span style=\"font-size: 14pt;\">\u00c0 propos de Car4rent : nos agences<\/span><\/p>\n<hr \/>\n<p>Agences \u00e0 Cannes, Saint-Tropez, Monaco et Nice A\u00e9roport location voiture.<\/p>\n<\/div><\/div><footer class=\"entry-footer\"><\/footer><\/article><\/div>\n<div  class='flex_column av-tdzzcm-dbf778a902bd0da1eb7f8d67ae0ec582 av_one_full  avia-builder-el-11  el_after_av_one_third  el_before_av_section  avia-builder-el-last  first flex_column_div  column-top-margin'     ><section  class='av_textblock_section av-liuhds0n-45a35d2d5319e8f5a48f12b5b92c3e88 '  ><div class='avia_textblock' ><h4>Besoin d&rsquo;un conseil ? Notre personnel d\u00e9vou\u00e9 s&rsquo;occupe de toutes vos demandes<\/h4>\n<\/div><\/section><\/div><\/div><\/div><\/div><!-- close content main div --><\/div><\/div><div id='contactez-nous'  class='avia-section av-41pg0d2-97b2f96d7002ea91affe7a985ce77219 main_color avia-section-default avia-no-border-styling  avia-builder-el-13  el_after_av_one_full  el_before_av_section  avia-bg-style-scroll container_wrap fullsize'  ><div class='container av-section-cont-open' ><div class='template-page content  av-content-full alpha units'><div class='post-entry post-entry-type-page post-entry-32917'><div class='entry-content-wrapper clearfix'>\n<div  class='hr av-3bwwdau-e696cd6f1787d896732e674727eb7370 hr-default  avia-builder-el-14  el_before_av_one_full  avia-builder-el-first '><span class='hr-inner '><span class=\"hr-inner-style\"><\/span><\/span><\/div>\n<div  class='flex_column av-av_one_full-7420270dda896a7728e3c90b94d24f81 av_one_full  avia-builder-el-15  el_after_av_hr  el_before_av_hr  first flex_column_div  '     ><section  class='av_textblock_section av-loy42eks-b28762b232f5e0daca42c6c28d71e70c '  ><div class='avia_textblock' ><h5><span style=\"font-size: 14pt;\">Vous \u00eates \u00e0 la recherche de location dune voiture de luxe sur la C\u00f4te d\u2018Azur ?<\/span><\/h5>\n<\/div><\/section><\/div>\n<style type=\"text\/css\" data-created_by=\"avia_inline_auto\" id=\"style-css-av-aacbna-11be058b2d6b80bfd76c51e970e70d6b\">\n#top .hr.hr-invisible.av-aacbna-11be058b2d6b80bfd76c51e970e70d6b{\nheight:25px;\n}\n<\/style>\n<div  class='hr av-aacbna-11be058b2d6b80bfd76c51e970e70d6b hr-invisible  avia-builder-el-17  el_after_av_one_full  el_before_av_two_third '><span class='hr-inner '><span class=\"hr-inner-style\"><\/span><\/span><\/div>\n\n<style type=\"text\/css\" data-created_by=\"avia_inline_auto\" id=\"style-css-av-2epoody-e35a4fc911a255f9039e534ae7456d8e\">\n.flex_column.av-2epoody-e35a4fc911a255f9039e534ae7456d8e{\nborder-radius:0px 0px 0px 0px;\npadding:0px 0px 0px 0px;\n}\n<\/style>\n<div  class='flex_column av-2epoody-e35a4fc911a255f9039e534ae7456d8e av_two_third  avia-builder-el-18  el_after_av_hr  el_before_av_one_third  first flex_column_div av-zero-column-padding  '     ><p><section  class='av_textblock_section av-liujk22h-90e89a4f9abe63f67acc5fd1f0bfeebe '  ><div class='avia_textblock' ><p><span style=\"font-size: 14pt;\">Contactez-nous avec le formulaire ci-dessous<\/span><\/p>\n<\/div><\/section><br \/>\n<section  class='av_textblock_section av-22f7bli-58b743b90fe4b0cf4ec1a84b90381023 '  ><div class='avia_textblock' ><div class=\"wpforms-container wpforms-container-full\" id=\"wpforms-27233\"><form id=\"wpforms-form-27233\" class=\"wpforms-validate wpforms-form\" data-formid=\"27233\" method=\"post\" enctype=\"multipart\/form-data\" action=\"\/fr\/wp-json\/wp\/v2\/pages\/32917\" data-token=\"4956c4069c64749b1df536230bf32717\" data-token-time=\"1776863498\"><noscript class=\"wpforms-error-noscript\">Veuillez activer JavaScript dans votre navigateur pour remplir ce formulaire.<\/noscript><div class=\"wpforms-field-container\"><div id=\"wpforms-27233-field_5-container\" class=\"wpforms-field wpforms-field-name\" data-field-id=\"5\"><label class=\"wpforms-field-label\">Nom <span class=\"wpforms-required-label\">*<\/span><\/label><div class=\"wpforms-field-row wpforms-field-medium\"><div class=\"wpforms-field-row-block wpforms-first wpforms-one-half\"><input type=\"text\" id=\"wpforms-27233-field_5\" class=\"wpforms-field-name-first wpforms-field-required\" name=\"wpforms[fields][5][first]\" required><label for=\"wpforms-27233-field_5\" class=\"wpforms-field-sublabel after\">First<\/label><\/div><div class=\"wpforms-field-row-block wpforms-one-half\"><input type=\"text\" id=\"wpforms-27233-field_5-last\" class=\"wpforms-field-name-last wpforms-field-required\" name=\"wpforms[fields][5][last]\" required><label for=\"wpforms-27233-field_5-last\" class=\"wpforms-field-sublabel after\">Last<\/label><\/div><\/div><\/div><div id=\"wpforms-27233-field_9-container\" class=\"wpforms-field wpforms-field-layout\" data-field-id=\"9\"><div class=\"wpforms-field-layout-rows wpforms-field-large\"><div class=\"wpforms-layout-row\"><div class=\"wpforms-layout-column wpforms-layout-column-50\"><div id=\"wpforms-27233-field_7-container\" class=\"wpforms-field wpforms-field-email\" data-field-id=\"7\"><label class=\"wpforms-field-label\" for=\"wpforms-27233-field_7\">Courriel <span class=\"wpforms-required-label\">*<\/span><\/label><input type=\"email\" id=\"wpforms-27233-field_7\" class=\"wpforms-field-medium wpforms-field-required\" name=\"wpforms[fields][7]\" spellcheck=\"false\" required><\/div><\/div><div class=\"wpforms-layout-column wpforms-layout-column-50\"><div id=\"wpforms-27233-field_8-container\" class=\"wpforms-field wpforms-field-phone\" data-field-id=\"8\"><label class=\"wpforms-field-label\" for=\"wpforms-27233-field_8\">T\u00e9l\u00e9phone <span class=\"wpforms-required-label\">*<\/span><\/label><input type=\"tel\" id=\"wpforms-27233-field_8\" class=\"wpforms-field-medium wpforms-field-required\" data-rule-int-phone-field=\"true\" name=\"wpforms[fields][8]\" aria-label=\"T\u00e9l\u00e9phone\" required><\/div><\/div><\/div><\/div><\/div><div id=\"wpforms-27233-field_4-container\" class=\"wpforms-field wpforms-field-textarea\" data-field-id=\"4\"><label class=\"wpforms-field-label\" for=\"wpforms-27233-field_4\">Message<\/label><textarea id=\"wpforms-27233-field_4\" class=\"wpforms-field-medium\" name=\"wpforms[fields][4]\" ><\/textarea><\/div><\/div><!-- .wpforms-field-container --><div class=\"wpforms-recaptcha-container wpforms-is-recaptcha wpforms-is-recaptcha-type-v3\" ><input type=\"hidden\" name=\"wpforms[recaptcha]\" value=\"\"><\/div><div class=\"wpforms-submit-container\" ><input type=\"hidden\" name=\"wpforms[id]\" value=\"27233\"><input type=\"hidden\" name=\"page_title\" value=\"\"><input type=\"hidden\" name=\"page_url\" value=\"https:\/\/car4rent.fr\/fr\/wp-json\/wp\/v2\/pages\/32917\"><input type=\"hidden\" name=\"url_referer\" value=\"\"><button type=\"submit\" name=\"wpforms[submit]\" id=\"wpforms-submit-27233\" class=\"wpforms-submit\" data-alt-text=\"Envoi\" data-submit-text=\"Soumettre\" aria-live=\"assertive\" value=\"wpforms-submit\">Soumettre<\/button><\/div><\/form><\/div>  <!-- .wpforms-container -->\n<\/div><\/section><\/p><\/div>\n<style type=\"text\/css\" data-created_by=\"avia_inline_auto\" id=\"style-css-av-587tp2-01b166139e38cf9c3b53fb44abbd4d8a\">\n.flex_column.av-587tp2-01b166139e38cf9c3b53fb44abbd4d8a{\nborder-radius:0px 0px 0px 0px;\npadding:0px 0px 0px 0px;\n}\n<\/style>\n<div  class='flex_column av-587tp2-01b166139e38cf9c3b53fb44abbd4d8a av_one_third  avia-builder-el-21  el_after_av_two_third  avia-builder-el-last  flex_column_div av-zero-column-padding  '     ><p><section  class='av_textblock_section av-av_textblock-564067357eb74c20cdd60b282c9b50bd '  ><div class='avia_textblock' ><p><span style=\"font-size: 14pt;\">Nous contacter par t\u00e9l\u00e9phone<\/span><\/p>\n<\/div><\/section><br \/>\n<section  class='av_textblock_section av-av_textblock-564067357eb74c20cdd60b282c9b50bd '  ><div class='avia_textblock' ><h5>Agence de Cannes<\/h5>\n<p>(09H-12H00 et 15H00-19H00)<br \/>\n10, rue Hibert &#8211; 06400 Cannes<br \/>\nPhone : <a href=\"tel:0033788278586\">+33(0)7 88 27 85 86<\/a><br \/>\nMail : <a href=\"mailto:info@car4rent.fr\">info@car4rent.fr<\/a><\/p>\n<\/div><\/section><\/p><\/div><\/div><\/div><\/div><!-- close content main div --><\/div><\/div><div id='av_section_4'  class='avia-section av-19lgs6u-bc3c110e891d3a12215fba43276ccd7d main_color avia-section-default avia-no-border-styling  avia-builder-el-24  el_after_av_section  avia-builder-el-last  avia-bg-style-scroll container_wrap fullsize'  ><div class='container av-section-cont-open' ><div class='template-page content  av-content-full alpha units'><div class='post-entry post-entry-type-page post-entry-32917'><div class='entry-content-wrapper clearfix'>\n<div  class='avia-builder-widget-area clearfix  avia-builder-el-25  avia-builder-el-no-sibling '><div id=\"text-9\" class=\"widget clearfix widget_text\">\t\t\t<div class=\"textwidget\"><p style=\"text-align: center;\">    <div class=\"car4rent-share-block car4rent-fr\">\n        <a href=\"https:\/\/www.facebook.com\/sharer\/sharer.php?u=\" target=\"_blank\" rel=\"noopener\"><i class=\"fa-brands fa-facebook\"><\/i> Partager<\/a>\n        <a href=\"https:\/\/x.com\/intent\/tweet?url=&amp;text=\" target=\"_blank\" rel=\"noopener\"><i class=\"fa-brands fa-x-twitter\"><\/i> X<\/a>\n        <a href=\"https:\/\/wa.me\/?text=%20\" target=\"_blank\" rel=\"noopener\"><i class=\"fa-brands fa-whatsapp\"><\/i> WhatsApp<\/a>\n        <a href=\"https:\/\/www.instagram.com\/car4rent_cannes\/\" target=\"_blank\" rel=\"noopener\"><i class=\"fa-brands fa-instagram\"><\/i> Instagram<\/a>\n        <a href=\"https:\/\/www.linkedin.com\/company\/car4rent\/about\/\" target=\"_blank\" rel=\"noopener\"><i class=\"fa-brands fa-linkedin\"><\/i> LinkedIn<\/a>\n        <a href=\"https:\/\/www.youtube.com\/@car4rentcannes839\" target=\"_blank\" rel=\"noopener\"><i class=\"fa-brands fa-youtube\"><\/i> YouTube<\/a>\n    <\/div>\n    <\/p>\n<\/div>\n\t\t<\/div><\/div>\n<\/p>\n","protected":false},"excerpt":{"rendered":"","protected":false},"author":3,"featured_media":32896,"parent":0,"menu_order":500,"comment_status":"closed","ping_status":"closed","template":"","meta":{"_acf_changed":false,"footnotes":""},"class_list":["post-32917","page","type-page","status-publish","has-post-thumbnail","hentry"],"acf":[],"_links":{"self":[{"href":"https:\/\/car4rent.fr\/fr\/wp-json\/wp\/v2\/pages\/32917","targetHints":{"allow":["GET"]}}],"collection":[{"href":"https:\/\/car4rent.fr\/fr\/wp-json\/wp\/v2\/pages"}],"about":[{"href":"https:\/\/car4rent.fr\/fr\/wp-json\/wp\/v2\/types\/page"}],"author":[{"embeddable":true,"href":"https:\/\/car4rent.fr\/fr\/wp-json\/wp\/v2\/users\/3"}],"replies":[{"embeddable":true,"href":"https:\/\/car4rent.fr\/fr\/wp-json\/wp\/v2\/comments?post=32917"}],"version-history":[{"count":0,"href":"https:\/\/car4rent.fr\/fr\/wp-json\/wp\/v2\/pages\/32917\/revisions"}],"wp:featuredmedia":[{"embeddable":true,"href":"https:\/\/car4rent.fr\/fr\/wp-json\/wp\/v2\/media\/32896"}],"wp:attachment":[{"href":"https:\/\/car4rent.fr\/fr\/wp-json\/wp\/v2\/media?parent=32917"}],"curies":[{"name":"wp","href":"https:\/\/api.w.org\/{rel}","templated":true}]}}