{"id":32216,"date":"2023-11-10T16:56:12","date_gmt":"2023-11-10T15:56:12","guid":{"rendered":"https:\/\/car4rent.fr\/luxury-car-rental-mandelieu-airport\/"},"modified":"2024-02-13T21:00:54","modified_gmt":"2024-02-13T20:00:54","slug":"location-de-voiture-de-luxe-a-sainte-maxime","status":"publish","type":"page","link":"https:\/\/car4rent.fr\/fr\/location-de-voiture-de-luxe-a-sainte-maxime\/","title":{"rendered":"Location de voiture de luxe \u00e0 Sainte-Maxime"},"content":{"rendered":"\n<style type=\"text\/css\" data-created_by=\"avia_inline_auto\" id=\"style-css-av-4h8ogcy-4329c013cc01f16d6b4fd7b98f3b6708\">\n.avia-section.av-4h8ogcy-4329c013cc01f16d6b4fd7b98f3b6708 .av-parallax .av-parallax-inner{\nbackground-repeat:no-repeat;\nbackground-image:url(https:\/\/car4rent.fr\/wp-content\/uploads\/Sainte-Maxime-scaled.jpg);\nbackground-position:50% 100%;\nbackground-attachment:scroll;\n}\n<\/style>\n<div id='av_section_1'  class='avia-section av-4h8ogcy-4329c013cc01f16d6b4fd7b98f3b6708 main_color avia-section-huge avia-no-border-styling  avia-builder-el-0  el_before_av_one_full  avia-builder-el-first  avia-full-stretch av-parallax-section avia-bg-style-parallax av-minimum-height av-minimum-height-custom av-height-custom  container_wrap fullsize'  data-section-bg-repeat='stretch' data-av_minimum_height_px='450'><div class='av-parallax' data-avia-parallax-ratio='0.3' ><div class='av-parallax-inner main_color avia-full-stretch'><\/div><\/div><div class='container av-section-cont-open' style='height:450px'><main  class='template-page content  av-content-full alpha units'><div class='post-entry post-entry-type-page post-entry-32216'><div class='entry-content-wrapper clearfix'>\n<div  class='flex_column av-av_one_full-048119fdb636ea3d70edc0b975509c6c av_one_full  avia-builder-el-1  avia-builder-el-no-sibling  first flex_column_div  '     ><style type=\"text\/css\" data-created_by=\"avia_inline_auto\" id=\"style-css-av-li0kdnhz-49c02bceb9b3f7152397b7fa44cf0250\">\n#top .av-special-heading.av-li0kdnhz-49c02bceb9b3f7152397b7fa44cf0250{\npadding-bottom:10px;\ncolor:#ffffff;\n}\nbody .av-special-heading.av-li0kdnhz-49c02bceb9b3f7152397b7fa44cf0250 .av-special-heading-tag .heading-char{\nfont-size:25px;\n}\n.av-special-heading.av-li0kdnhz-49c02bceb9b3f7152397b7fa44cf0250 .special-heading-inner-border{\nborder-color:#ffffff;\n}\n.av-special-heading.av-li0kdnhz-49c02bceb9b3f7152397b7fa44cf0250 .av-subheading{\nfont-size:15px;\n}\n<\/style>\n<div  class='av-special-heading av-li0kdnhz-49c02bceb9b3f7152397b7fa44cf0250 av-special-heading-h2 custom-color-heading  avia-builder-el-2  avia-builder-el-no-sibling '><h2 class='av-special-heading-tag '  >Location de voiture de luxe \u00e0 Sainte-Maxime<\/h2><div class=\"special-heading-border\"><div class=\"special-heading-inner-border\"><\/div><\/div><\/div><\/div>\n<\/div><\/div><\/main><!-- close content main element --><\/div><\/div><div id='after_section_1'  class='main_color av_default_container_wrap container_wrap fullsize'  ><div class='container av-section-cont-open' ><div class='template-page content  av-content-full alpha units'><div class='post-entry post-entry-type-page post-entry-32216'><div class='entry-content-wrapper clearfix'>\n<div  class='flex_column av-2vwebpu-daa4e5c5c9c1b3e4c0167e0141a20271 av_one_full  avia-builder-el-3  el_after_av_section  el_before_av_one_fourth  avia-builder-el-first  first flex_column_div  '     ><section  class='av_textblock_section av-li0guxhi-a8becaf3ba653cdb180f6d1c3093fd6c '  ><div class='avia_textblock' ><h2>Location de Voiture de Luxe \u00e0 Sainte-Maxime<\/h2>\n<p>La location de voiture de luxe \u00e0 <a href=\"https:\/\/www.sainte-maxime.com\/\" target=\"_blank\" rel=\"noopener\">Sainte-Maxime<\/a> au meilleur prix avec Car4rent vous plongera dans le monde du luxe et du raffinement. En effet, en faisant le choix de louer une voiture de luxe \u00e0 Sainte-Maxime, vous arriverez avec classe partout o\u00f9 vous irez lors de votre s\u00e9jour sur la <a href=\"https:\/\/generationvoyage.fr\/visiter-cote-azur-faire-voir\/\" target=\"_blank\" rel=\"noopener\">C\u00f4te d&rsquo;Azur<\/a>. En plus, ce sera une belle occasion de vous offrir ce moment de plaisir intense qu&rsquo;offre la conduite d&rsquo;une voiture d&rsquo;exception. Que ce soit \u00e0 titre priv\u00e9 ou professionnel, Car4rent vous permet d\u2019acc\u00e9der \u00e0 la location d\u2019une voiture de luxe \u00e0 Sainte-Maxime, \u00e0 bon compte.<\/p>\n<p>Notre offre de location de voitures de luxe \u2013 comme Ferrari, Lamborghini, Porsche, Land Rover, Mercedes AMG, Bentley, Rolls-Royce &#8211; est vaste, et notre \u00e9quipe peut vous aider \u00e0 faire votre choix.<\/p>\n<p><img loading=\"lazy\" decoding=\"async\" src=\"https:\/\/car4rent.fr\/wp-content\/uploads\/White-collection-Car4rent-Cannes-1-3-scaled.jpg\" alt=\"location de voiture de luxe \u00e0 sainte-maxime, Location de voiture de sport sur la C\u00f4te d&#039;azur, White-collection-Car4rent-Cannes\" width=\"2560\" height=\"708\" title=\"Car4Rent Cannes\"><\/p>\n<h5>Location de voiture de luxe \u00e0 Sainte-Maxime &#8211; Faites une d\u00e9couverte<\/h5>\n<p>Sainte-Maxime est connue pour offrir une diversit\u00e9 d&rsquo;attractions en tous genres, entre les activit\u00e9s nautiques, sportives et culturelles gr\u00e2ce \u00e0 l&rsquo;Espace Gaumont.<\/p>\n<h5>La ville des Familles<\/h5>\n<p>En arrivant \u00e0 Sainte Maxime, vous serez s\u00e9duit par sa stature familiale. Avec notamment un carrousel \u00e0 l&rsquo;ann\u00e9e \u00e0 c\u00f4t\u00e9 du port, pour que vos t\u00eates blondes ne soient pas en reste, vous pourrez profiter du Parc Aqualand en saison, \u00e0 l&rsquo;entr\u00e9e de la ville en venant de l&rsquo;autoroute. Mais aussi organiser une visite au jardin botanique et bien s\u00fbr vous reposer sue les plages de sable blanc de La Nartelle. Le port accueille de nombreux beaux et gros bateaux que vous pourrez admirer en vous promenant le long de la jet\u00e9e, mais aussi un bathyscaphe pour explorer les fonds marins pr\u00e8s de l&rsquo;\u00eele des Sardinaux.<\/p>\n<p>Vous pourrez par ailleurs y garer votre v\u00e9hicule, car le parking du port est grand.<\/p>\n<h5>La Vie \u00e0 Sainte-Maxime<\/h5>\n<p>Une fois dans le centre, pendant que votre ch\u00e9rie d\u00e9ambulera dans les all\u00e9es du march\u00e9, ce sera pour vos enfants et vous l&rsquo;occasion de prendre un verre sur des nombreuses terrasses qu&rsquo;offre la ville.<\/p>\n<p>A l&rsquo;heure du d\u00e9jeuner, si vous n&rsquo;avez pas opt\u00e9 pour un lunch \u00e0 la plage, de nombreux restaurants de tous genres et toutes cat\u00e9gories sont ouverts \u00e0 l&rsquo;ann\u00e9e.<\/p>\n<p>Le soir, en vous promenant pr\u00e8s du Th\u00e9\u00e2tre de la Mer, vous trouverez un march\u00e9 nocturne &#8211; en saison &#8211; o\u00f9 de nombreux artisans vous pr\u00e9senteront leurs productions locales.<\/p>\n<p>Une promenade en mer vous conduira jusqu&rsquo;\u00e0 <a href=\"https:\/\/www.sainttropeztourisme.com\/fr\/\" target=\"_blank\" rel=\"noopener\">Saint-Tropez<\/a> par la navette, bien plus rapide que l&rsquo;acc\u00e8s par la route. Attention \u00e0 l&rsquo;heure du retour, car le service s&rsquo;arr\u00eate \u00e0 21H. La navette pourra \u00e9galement vous emmener \u00e0 Saint-Rapah\u00ebl.<\/p>\n<h5>Un road trip dans les Groges du Verdon<\/h5>\n<p>Mais revenons \u00e0 votre road trip! La location d&rsquo;une voiture de luxe \u00e0 Sainte-Maxime vous permettra de prendre la route, en tout confort et s\u00e9curit\u00e9. Pourquoi ne pas vous rendre dans les Gorges du Verdon ? Le d\u00e9paysement y sera total, tant ce joyau est beau et surtout pr\u00e9serv\u00e9. Les routes pour y acc\u00e9der sont \u00e9galement tr\u00e8s sinueuses, vous pourrez ainsi profiter de la conduite sur le chemin de ce petit paradis. Faites un plongeon dans l&rsquo;eau verte et limpide lors d&rsquo;une sortie en kayak. Attention, elle est fra\u00eeche !<\/p>\n<p>Le plus grand canyon d&rsquo;Europe est \u00e0 couper le souffle ? En le longeant, il vous am\u00e8nera au Lac de Sainte-Croix et au petit village de Moustiers-Sainte-Marie. Sur place, vous go\u00fbterez au calme et \u00e0 la s\u00e9rinit\u00e9, toute relative en saison, et d\u00e9jeuner \u00e0 l&rsquo;ombre d&rsquo;un platane.<\/p>\n<p>Sur le retour, vous pourrez explorer de nombreux petits villages typiques, comme Castellane ou Rougon, offrant une vue spectaculaire et sc\u00e9nique. N&rsquo;oubliez surtout pas de faire une halte au \u00ab\u00a0Point Sublime\u00a0\u00bb.<\/p>\n<p>Car4rent propose \u00e0 la location diff\u00e9rents mod\u00e8les de voitures de luxe, exotiques les uns, ou spacieux les autres. GT, Sportives, cabriolets et SUV vous attendent.<\/p>\n<p>Vous pourrez atterrir \u00e0 l\u2019a\u00e9roport de Toulon-Hy\u00e8res ou \u00e0 l\u2019a\u00e9roport de Nice C\u00f4te d\u2019Azur o\u00f9 votre location de voiture de luxe vous attendra.<\/p>\n<h5>Un service sur mesure<\/h5>\n<p>Votre voiture peut vous \u00eatre livr\u00e9e \u00e0 Sainte-Maxime ou partout ailleurs en France<\/p>\n<p>Nous sommes pr\u00e9sents \u00e0 Saint-Tropez, Cannes, Antibes, Nice, Monaco ou dans la destination azur\u00e9enne de votre choix. Mais \u00e9galement aux a\u00e9roports de Toulon-Hy\u00e8res et de Nice C\u00f4te d\u2019Azur.<\/p>\n<h5>Combien co\u00fbte une location de voiture \u00e0 Sainte-Maxime?<\/h5>\n<p>Pour vous donner un exemple, une Mini Cabriolet co\u00fbte 230\u20ac par jour, une Mercedes Classe E cabriolet co\u00fbte 450\u20ac par jour et une Porsche 992 Carrera S Cabriolet vous co\u00fbtera 900\u20ac par jour. A Saintemaxime Rolls Royce de location \u00e0 partir de 3.200\u20ac par jour, \u00e0 Saintemaxime Ferrari de location \u00e0 partir de 1.900\u20ac par jour<\/p>\n<p><a href=\"https:\/\/car4rent.fr\/fr\/contact\/\">Contactez-nous<\/a> et nous organiserons votre prise en charge totale par une \u00e9quipe d\u00e9vou\u00e9e, discr\u00e8te mais attentive.<\/p>\n<p>Nous partageons la m\u00eame passion.<\/p>\n<\/div><\/section><br \/>\n<div  class='hr av-rweydu-9d0497880c0a5eb1a8dd30ae040af8ad hr-default  avia-builder-el-5  el_after_av_textblock  avia-builder-el-last '><span class='hr-inner '><span class=\"hr-inner-style\"><\/span><\/span><\/div><\/p><\/div><div  class='flex_column av-2jbbgcy-717ac91531cb55cfa3df801c6c12c438 av_one_fourth  avia-builder-el-6  el_after_av_one_full  el_before_av_one_fourth  first flex_column_div  column-top-margin'     ><section  class='av_textblock_section av-li0gxy9k-dd75ecb3f6aafea28222c0f6dd173720 '  ><div class='avia_textblock' ><h5>Location de voiture sport, Location de voiture luxe \u00e0 Sainte-Maxime<\/h5>\n<hr \/>\n<p>Nous proposons \u00e0 la location des voitures de luxe et de sport, mais \u00e9galement une large gamme de SUV et de cabriolets. D\u00e9couvrez nos voitures de r\u00eave.<\/p>\n<p>Prix \u00e0 partir de 260\u20ac \/ jour.<\/p>\n<\/div><\/section><\/div><div  class='flex_column av-21cx4vm-a3e28ace7ba5751e2c68890864b3cb8f av_one_fourth  avia-builder-el-8  el_after_av_one_fourth  el_before_av_one_fourth  flex_column_div  column-top-margin'     ><section  class='av_textblock_section av-li0gyr0g-f2bab218653af71419b497f197e7b61a '  ><div class='avia_textblock' ><h5>Agences \u00e0 l\u2019a\u00e9roport de Nice, Cannes, Monaco et Grimaud (Saint-Tropez)<\/h5>\n<hr \/>\n<p>Nous proposons \u00e0 la location des voitures de sport et de luxe, mais \u00e9galement une large gamme de SUV et de cabriolets. D\u00e9couvrez nos voitures de r\u00eave.<\/p>\n<\/div><\/section><\/div><div  class='flex_column av-6d6fle-db51bc28dd9ea50e12ba3571c1b06954 av_one_fourth  avia-builder-el-10  el_after_av_one_fourth  el_before_av_one_fourth  flex_column_div  column-top-margin'     ><section  class='av_textblock_section av-li0gzoaf-4eb7bbb0aa8d812799b56819408e0bd6 '  ><div class='avia_textblock' ><h5>Un service sur mesure<\/h5>\n<hr \/>\n<p>Une \u00e9quipe d\u00e9vou\u00e9e et attentive se tient \u00e0 votre disposition pour vous fournir toute information ou r\u00e9pondre \u00e0 vos demandes. Votre voiture peut \u00eatre livr\u00e9e sur demande directement \u00e0 votre arriv\u00e9e \u00e0 l&rsquo;a\u00e9roport de Nice, sur votre lieu de vill\u00e9giature, \u00e0 votre h\u00f4tel ou n&rsquo;importe o\u00f9 en France \u00e0 la destination de votre choix.<\/p>\n<\/div><\/section><\/div><div  class='flex_column av-113me7m-dd60ce25c231178a3da9f8f992ddd8a5 av_one_fourth  avia-builder-el-12  el_after_av_one_fourth  el_before_av_textblock  flex_column_div  column-top-margin'     ><section  class='av_textblock_section av-li0h0og5-32b2832fd7f290352cf69e432bba707e '  ><div class='avia_textblock' ><h5>Test Drive &#8211; Faites de votre r\u00eave une r\u00e9alit\u00e9<\/h5>\n<hr \/>\n<p>Offrez-vous une exp\u00e9rience de conduite unique au volant d&rsquo;une supercar. Prenez le volant d&rsquo;une Lamborghini, d&rsquo;une Ferrari ou d&rsquo;une Porsche sans vous ruiner. Pour des raisons de s\u00e9curit\u00e9, vous roulerez accompagn\u00e9. \u00c0 partir de 195\u20ac pp.<\/p>\n<\/div><\/section><\/div><section  class='av_textblock_section av-lri4tpfw-7a1dc1baa58e5f1a56a1d8e927f5ff5d '  ><div class='avia_textblock' ><h3 style=\"text-align: center;\"><span style=\"font-size: 14pt;\">La location de voiture luxe \u00e0 Sainte-Maxime en toute facilit\u00e9<\/span><\/h3>\n<\/div><\/section><\/p>\n<\/div><\/div><\/div><!-- close content main div --><\/div><\/div><div id='av_section_2'  class='avia-section av-av_section-7af9a1a620ce4f39c9b9e05e20762bd9 main_color avia-section-default avia-no-border-styling  avia-builder-el-15  el_after_av_textblock  el_before_av_google_map  avia-bg-style-scroll container_wrap fullsize'  ><div class='container av-section-cont-open' ><div class='template-page content  av-content-full alpha units'><div class='post-entry post-entry-type-page post-entry-32216'><div class='entry-content-wrapper clearfix'>\n<section  class='av_textblock_section av-lri51zjk-a721c8628e8aab446a28fcd4ff7178e4 '  ><div class='avia_textblock' ><p style=\"text-align: center;\"><span style=\"font-size: 14pt;\">Notre agence de location voiture de prestige \u00e0 Grimaud<\/span><\/p>\n<\/div><\/section>\n\n<div  class='av_gmaps_sc_main_wrap av_gmaps_main_wrap '><div id='av_gmap_0' class='avia-google-map-container avia-google-map-sc av_gmaps_show_unconditionally av-no-fallback-img ' data-mapid='av_gmap_0'  style='height: 400px;'><a class=\"av_gmaps_browser_disabled av_text_confirm_link av_text_confirm_link_visible\" href=\"https:\/\/www.google.com\/maps\/search\/?api=1&#038;query=10%20Rue%20Hibert%2006400%20Cannes\" target=\"_blank\" rel=\"noopener\">Les cartes ont \u00e9t\u00e9 d\u00e9sactiv\u00e9es par le visiteur sur ce site. Cliquer pour ouvrir la carte dans une nouvelle fen\u00eatre.<\/a><\/div><\/div>\n\n<style type=\"text\/css\" data-created_by=\"avia_inline_auto\" id=\"style-css-av-li0h59qj-e991ea3ad85c05201fe7ddf0ffa859bb\">\n.avia-section.av-li0h59qj-e991ea3ad85c05201fe7ddf0ffa859bb{\nbackground-color:#6834bd;\nbackground-image:unset;\n}\n<\/style>\n<div id='av_section_3'  class='avia-section av-li0h59qj-e991ea3ad85c05201fe7ddf0ffa859bb main_color avia-section-default avia-no-border-styling  avia-builder-el-18  el_after_av_google_map  el_before_av_section  avia-bg-style-scroll container_wrap fullsize'  ><div class='container av-section-cont-open' ><div class='template-page content  av-content-full alpha units'><div class='post-entry post-entry-type-page post-entry-32216'><div class='entry-content-wrapper clearfix'>\n<section  class='av_textblock_section av-ls4v8ke4-b55bae2e873e22306654a162e53f1227 '  ><div class='avia_textblock' ><p style=\"text-align: center;\"><span style=\"font-size: 14pt;\">Louer une voiture de luxe \u00e0 SainteMaxime juste pour vous faire plaisir<\/span><\/p>\n<\/div><\/section>\n<div  class='avia-button-wrap av-li0gikk7-043d2d353221e2a1d2d39fc7a9c2a35e-wrap avia-button-center  avia-builder-el-20  el_after_av_textblock  avia-builder-el-last '><a href=''  class='avia-button av-li0gikk7-043d2d353221e2a1d2d39fc7a9c2a35e av-link-btn avia-icon_select-yes-left-icon avia-size-large avia-position-center avia-color-grey'   aria-label=\"Nous contacter !\"><span class='avia_button_icon avia_button_icon_left avia-iconfont avia-font-entypo-fontello' data-av_icon='\ue85d' data-av_iconfont='entypo-fontello' ><\/span><span class='avia_iconbox_title' >Nous contacter !<\/span><\/a><\/div>\n\n<\/div><\/div><\/div><!-- close content main div --><\/div><\/div>\n<style type=\"text\/css\" data-created_by=\"avia_inline_auto\" id=\"style-css-av-li0h7ew6-52700cd5b208d777e986b581b72b4370\">\n.avia-section.av-li0h7ew6-52700cd5b208d777e986b581b72b4370{\nbackground-color:#27202d;\nbackground-image:unset;\n}\n<\/style>\n<div id='av_section_4'  class='avia-section av-li0h7ew6-52700cd5b208d777e986b581b72b4370 main_color avia-section-default avia-no-border-styling  avia-builder-el-21  el_after_av_section  avia-builder-el-last  avia-bg-style-scroll container_wrap fullsize'  ><div class='container av-section-cont-open' ><div class='template-page content  av-content-full alpha units'><div class='post-entry post-entry-type-page post-entry-32216'><div class='entry-content-wrapper clearfix'>\n<div  class='avia-builder-widget-area clearfix  avia-builder-el-22  avia-builder-el-no-sibling '><div id=\"text-9\" class=\"widget clearfix widget_text\">\t\t\t<div class=\"textwidget\"><p style=\"text-align: center;\">    <div class=\"car4rent-share-block car4rent-fr\">\n        <a href=\"https:\/\/www.facebook.com\/sharer\/sharer.php?u=\" target=\"_blank\" rel=\"noopener\"><i class=\"fa-brands fa-facebook\"><\/i> Partager<\/a>\n        <a href=\"https:\/\/x.com\/intent\/tweet?url=&amp;text=\" target=\"_blank\" rel=\"noopener\"><i class=\"fa-brands fa-x-twitter\"><\/i> X<\/a>\n        <a href=\"https:\/\/wa.me\/?text=%20\" target=\"_blank\" rel=\"noopener\"><i class=\"fa-brands fa-whatsapp\"><\/i> WhatsApp<\/a>\n        <a href=\"https:\/\/www.instagram.com\/car4rent_cannes\/\" target=\"_blank\" rel=\"noopener\"><i class=\"fa-brands fa-instagram\"><\/i> Instagram<\/a>\n        <a href=\"https:\/\/www.linkedin.com\/company\/car4rent\/about\/\" target=\"_blank\" rel=\"noopener\"><i class=\"fa-brands fa-linkedin\"><\/i> LinkedIn<\/a>\n        <a href=\"https:\/\/www.youtube.com\/@car4rentcannes839\" target=\"_blank\" rel=\"noopener\"><i class=\"fa-brands fa-youtube\"><\/i> YouTube<\/a>\n    <\/div>\n    <\/p>\n<\/div>\n\t\t<\/div><\/div>\n\n","protected":false},"excerpt":{"rendered":"","protected":false},"author":13,"featured_media":38596,"parent":0,"menu_order":1930,"comment_status":"closed","ping_status":"closed","template":"","meta":{"_acf_changed":false,"footnotes":""},"class_list":["post-32216","page","type-page","status-publish","has-post-thumbnail","hentry"],"acf":[],"_links":{"self":[{"href":"https:\/\/car4rent.fr\/fr\/wp-json\/wp\/v2\/pages\/32216","targetHints":{"allow":["GET"]}}],"collection":[{"href":"https:\/\/car4rent.fr\/fr\/wp-json\/wp\/v2\/pages"}],"about":[{"href":"https:\/\/car4rent.fr\/fr\/wp-json\/wp\/v2\/types\/page"}],"author":[{"embeddable":true,"href":"https:\/\/car4rent.fr\/fr\/wp-json\/wp\/v2\/users\/13"}],"replies":[{"embeddable":true,"href":"https:\/\/car4rent.fr\/fr\/wp-json\/wp\/v2\/comments?post=32216"}],"version-history":[{"count":0,"href":"https:\/\/car4rent.fr\/fr\/wp-json\/wp\/v2\/pages\/32216\/revisions"}],"wp:featuredmedia":[{"embeddable":true,"href":"https:\/\/car4rent.fr\/fr\/wp-json\/wp\/v2\/media\/38596"}],"wp:attachment":[{"href":"https:\/\/car4rent.fr\/fr\/wp-json\/wp\/v2\/media?parent=32216"}],"curies":[{"name":"wp","href":"https:\/\/api.w.org\/{rel}","templated":true}]}}