{"id":30976,"date":"2023-11-10T16:56:12","date_gmt":"2023-11-10T15:56:12","guid":{"rendered":"https:\/\/car4rent.fr\/location-dune-mercedes-decapotable\/"},"modified":"2026-03-28T04:16:04","modified_gmt":"2026-03-28T03:16:04","slug":"location-dune-mercedes-decapotable","status":"publish","type":"page","link":"https:\/\/car4rent.fr\/fr\/location-dune-mercedes-decapotable\/","title":{"rendered":"Location d&#8217;une Mercedes d\u00e9capotable"},"content":{"rendered":"\n<style type=\"text\/css\" data-created_by=\"avia_inline_auto\" id=\"style-css-av-ykm7zt-20d218ecf227472436ce30077b02d977\">\n.avia-section.av-ykm7zt-20d218ecf227472436ce30077b02d977{\nbackground-color:#27202d;\nbackground-image:unset;\n}\n<\/style>\n<div id='av_section_1'  class='avia-section av-ykm7zt-20d218ecf227472436ce30077b02d977 main_color avia-section-large avia-no-shadow  avia-builder-el-0  el_before_av_one_full  avia-builder-el-first  avia-bg-style-scroll av-minimum-height av-minimum-height-75 av-height-75  container_wrap fullsize'   data-av_minimum_height_pc='75' data-av_min_height_opt='75'><div class='container av-section-cont-open' ><main  class='template-page content  av-content-full alpha units'><div class='post-entry post-entry-type-page post-entry-30976'><div class='entry-content-wrapper clearfix'>\n<div  class='flex_column av-av_one_full-db3c685d37a83d385059f6f31cd9c4a7 av_one_full  avia-builder-el-1  el_before_av_two_third  avia-builder-el-first  first flex_column_div  '     ><style type=\"text\/css\" data-created_by=\"avia_inline_auto\" id=\"style-css-av-lwmc1q94-09957876f019a0365af29ef7150e5298\">\n#top .av_textblock_section.av-lwmc1q94-09957876f019a0365af29ef7150e5298 .avia_textblock{\ncolor:#ffffff;\n}\n<\/style>\n<section  class='av_textblock_section av-lwmc1q94-09957876f019a0365af29ef7150e5298 '  ><div class='avia_textblock av_inherit_color' ><h1><span style=\"font-size: 24pt\">Location d\u2019une Mercedes d\u00e9capotable<\/span><\/h1>\n<\/div><\/section><\/div>\n<style type=\"text\/css\" data-created_by=\"avia_inline_auto\" id=\"style-css-av-t2vb4p-8165da3a8e0aad3fe60f3ed2b7ddabb6\">\n#top .flex_column.av-t2vb4p-8165da3a8e0aad3fe60f3ed2b7ddabb6{\nmargin-top:0px;\nmargin-bottom:0px;\n}\n.flex_column.av-t2vb4p-8165da3a8e0aad3fe60f3ed2b7ddabb6{\nborder-radius:0px 0px 0px 0px;\npadding:0px 0px 0px 0px;\n}\n.responsive #top #wrap_all .flex_column.av-t2vb4p-8165da3a8e0aad3fe60f3ed2b7ddabb6{\nmargin-top:0px;\nmargin-bottom:0px;\n}\n<\/style>\n<div  class='flex_column av-t2vb4p-8165da3a8e0aad3fe60f3ed2b7ddabb6 av_two_third  avia-builder-el-3  el_after_av_one_full  el_before_av_one_third  first flex_column_div av-zero-column-padding  column-top-margin'     ><style type=\"text\/css\" data-created_by=\"avia_inline_auto\" id=\"style-css-av-rohlx5-90e892cf897c778462d6952cb4e19bef\">\n.avia-image-container.av-rohlx5-90e892cf897c778462d6952cb4e19bef img.avia_image{\nbox-shadow:none;\n}\n.avia-image-container.av-rohlx5-90e892cf897c778462d6952cb4e19bef .av-image-caption-overlay-center{\ncolor:#ffffff;\nfont-size:14px;\n}\n<\/style>\n<div  class='avia-image-container av-rohlx5-90e892cf897c778462d6952cb4e19bef av-styling- avia-align-center  avia-builder-el-4  avia-builder-el-no-sibling '  ><div class=\"avia-image-container-inner\"><div class=\"avia-image-overlay-wrap\"><img decoding=\"async\" fetchpriority=\"high\" class=\"wp-image-29364 avia-img-lazy-loading-not-29364 avia_image \" src=\"https:\/\/car4rent.fr\/wp-content\/uploads\/class-e-beige-cab-arg-.jpg\" alt=\"Car4Rent\" title=\"class e beige cab \u00e0 louer cannes Car4rent\" height=\"415\" width=\"750\" srcset=\"https:\/\/car4rent.fr\/wp-content\/uploads\/class-e-beige-cab-arg-.jpg 750w, https:\/\/car4rent.fr\/wp-content\/uploads\/class-e-beige-cab-arg--450x249.jpg 450w, https:\/\/car4rent.fr\/wp-content\/uploads\/class-e-beige-cab-arg--300x166.jpg 300w, https:\/\/car4rent.fr\/wp-content\/uploads\/class-e-beige-cab-arg--248x137.jpg 248w, https:\/\/car4rent.fr\/wp-content\/uploads\/class-e-beige-cab-arg--126x70.jpg 126w, https:\/\/car4rent.fr\/wp-content\/uploads\/class-e-beige-cab-arg--705x390.jpg 705w\" sizes=\"(max-width: 750px) 100vw, 750px\"><\/div><\/div><\/div><\/div>\n<style type=\"text\/css\" data-created_by=\"avia_inline_auto\" id=\"style-css-av-on4a3d-c50a4df11476ac95bc68ad0b86f0df12\">\n#top .flex_column.av-on4a3d-c50a4df11476ac95bc68ad0b86f0df12{\nmargin-top:0px;\nmargin-bottom:0px;\n}\n.flex_column.av-on4a3d-c50a4df11476ac95bc68ad0b86f0df12{\nborder-radius:0px 0px 0px 0px;\npadding:20px 40px 20px 30px;\nbackground-color:#cecece;\n}\n.responsive #top #wrap_all .flex_column.av-on4a3d-c50a4df11476ac95bc68ad0b86f0df12{\nmargin-top:0px;\nmargin-bottom:0px;\n}\n<\/style>\n<div  class='flex_column av-on4a3d-c50a4df11476ac95bc68ad0b86f0df12 av_one_third  avia-builder-el-5  el_after_av_two_third  avia-builder-el-last  flex_column_div  column-top-margin'     ><p>\n<style type=\"text\/css\" data-created_by=\"avia_inline_auto\" id=\"style-css-av-n1ty9l-b2c6de51f04b35674726644822118570\">\n#top .av_textblock_section.av-n1ty9l-b2c6de51f04b35674726644822118570 .avia_textblock{\nfont-size:13px;\n}\n<\/style>\n<section  class='av_textblock_section av-n1ty9l-b2c6de51f04b35674726644822118570 '  ><div class='avia_textblock' ><p>TARIFS<\/p>\n<hr \/>\n<p>1-3 jours 450 \u20ac<\/p>\n<p>4-7 jours 400 \u20ac<\/p>\n<p>+8 jours 350 \u20ac<\/p>\n<p>km suppl\u00e9mentaire 1,5\u20ac<\/p>\n<p>D\u00e9p\u00f4t 5.000 \u20ac<\/p>\n<p>\u00c2ge minimum 27 ans<\/p>\n<hr \/>\n<p>Prix par jour &#8211; 200km inclus<\/p>\n<\/div><\/section><br \/>\n<div  class='hr av-kit7ax-9d6632c719b747edfb21fc5e54d773ac hr-default  avia-builder-el-7  el_after_av_textblock  el_before_av_textblock '><span class='hr-inner '><span class=\"hr-inner-style\"><\/span><\/span><\/div><br \/>\n\n<style type=\"text\/css\" data-created_by=\"avia_inline_auto\" id=\"style-css-av-ivppsp-70d67c47ee581abd53d8a6f4b499a5ca\">\n#top .av_textblock_section.av-ivppsp-70d67c47ee581abd53d8a6f4b499a5ca .avia_textblock{\nfont-size:13px;\n}\n<\/style>\n<section  class='av_textblock_section av-ivppsp-70d67c47ee581abd53d8a6f4b499a5ca '  ><div class='avia_textblock' ><p>SP\u00c9CIFICATIONS<\/p>\n<hr \/>\n<ul>\n<li>Nombre de si\u00e8ges : 4<\/li>\n<li>Espace bagages : 4<\/li>\n<li>Moteur : 2 .2L Diesel &#8211; 194bhp \/ 3.800 rpm &#8211; Rear-WD<\/li>\n<li>Transmission : Auto<\/li>\n<li>0-100 km\/h : 7 ,7 sec.<\/li>\n<li>Max. Vitesse : 237 km\/h<\/li>\n<li>Carburant : diesel<\/li>\n<\/ul>\n<\/div><\/section><\/p><\/div>\n<\/div><\/div><\/main><!-- close content main element --><\/div><\/div><div id='after_section_1'  class='main_color av_default_container_wrap container_wrap fullsize'  ><div class='container av-section-cont-open' ><div class='template-page content  av-content-full alpha units'><div class='post-entry post-entry-type-page post-entry-30976'><div class='entry-content-wrapper clearfix'>\n\n<style type=\"text\/css\" data-created_by=\"avia_inline_auto\" id=\"style-css-av-hnfhtl-37bf38343daf4512bac9484451c08b3e\">\n#top .flex_column.av-hnfhtl-37bf38343daf4512bac9484451c08b3e{\nmargin-top:0px;\nmargin-bottom:0px;\n}\n.flex_column.av-hnfhtl-37bf38343daf4512bac9484451c08b3e{\nborder-radius:0px 0px 0px 0px;\npadding:0px 0px 0px 0px;\nbackground-color:#ffffff;\n}\n.responsive #top #wrap_all .flex_column.av-hnfhtl-37bf38343daf4512bac9484451c08b3e{\nmargin-top:0px;\nmargin-bottom:0px;\n}\n<\/style>\n<div  class='flex_column av-hnfhtl-37bf38343daf4512bac9484451c08b3e av_one_full  avia-builder-el-9  el_after_av_section  el_before_av_section  avia-builder-el-no-sibling  first flex_column_div av-zero-column-padding  '     ><section  class='av_textblock_section av-f1vnjd-1c0e549703aa0770ac83a80b59d42847 '  ><div class='avia_textblock' ><section id=\"block0\">\n<div>\n<div>\n<h2>La Location d&#8217;une Mercedes d\u00e9capotable en quelques mots<\/h2>\n<p>Offrez-vous une location de Mercedes d\u00e9capotable. Ce mod\u00e8le est tr\u00e8s impressionnant. Il \u00e9branle son propre fleuron, la Classe S, et associe un design sensuel aux technologies les plus r\u00e9centes.<\/p>\n<p>La voiture est sans doute la plus belle. La ligne d&#8217;\u00e9paule, qui prend l&#8217;expression d&#8217;un pli sur la Classe S, est int\u00e9gr\u00e9e avec art sur la Classe E. Les feux arri\u00e8re sont minces et fins. Les feux arri\u00e8re sont fins et horizontaux. La voiture est sobre et \u00e9l\u00e9gante. Le toit de la Classe E est en tissu. L&#8217;ouverture et la fermeture du toit prennent 20 secondes et sont possibles \u00e0 50 km\/h ou moins. Louer une mercedes d\u00e9capotable juste pour vous faire plaisir<\/p>\n<\/div>\n<\/div>\n<\/section>\n<section id=\"block1\">\n<h3>La location d&#8217;une Mercedes d\u00e9capotable pour briller d\u00e8s votre arriv\u00e9e<\/h3>\n<div>\n<div>\n<p>Appr\u00e9ciez la location Mercedesbenz Classe E cabriolet. Son moteur diesel d\u00e9veloppe 194 ch et est doux et efficace. Les quatre si\u00e8ges ouverts procurent un plaisir intense. La marque poursuit sa tradition de cabriolets de haut calibre avec une capote en tissu. Le genre de voiture qui permet aux gens de profiter du confort et du luxe \u00e0 l&#8217;air libre. Avec un confort \u00e9lev\u00e9 sur les longues distances pour les occupants, tu es s\u00fbr d&#8217;exp\u00e9rimenter une exp\u00e9rience de conduite luxueuse. La voiture passe de 0 \u00e0 100\/km\/h en 7,7 secondes. La location d&#8217;une Mercedes Cabriolet est votre meilleur choix.<\/p>\n<p>La location d&#8217;une Mercedes d\u00e9capotable: Vous envisagez de visiter la C\u00f4te d&#8217;Azur ?<\/p>\n<p>Partez au volant de la Mercedesbenz Classe E Cabriolet \u00e0 Cannes et vous d\u00e9couvrirez les coins les plus insolites du sud de la France. La <a href=\"https:\/\/generationvoyage.fr\/visiter-cote-azur-faire-voir\/\" target=\"_blank\" rel=\"noopener\">C\u00f4te d&#8217;Azur<\/a> n&#8217;aura plus de secrets pour vous !<\/p>\n<p>La C\u00f4te d\u2019Azur ! Des petits mots qui en font r\u00eaver plus d\u2019un ! Que ce \u00e0 l\u2019\u00e9tranger voire en France, ses paysages vous \u00e9merveilleront toujours. La Costa Azzura, comme l\u2019appellent les Italiens, est la r\u00e9gion qui s&#8217;\u00e9tend de Menton \u00e0 Saint-Rapha\u00ebl en passant par la Principaut\u00e9 de Monaco. Elle regroupe une grande partie de la r\u00e9gion Provence Alpes C\u00f4te d\u2019Azur (PACA),dont fait partie la Provence.<\/p>\n<p>Pour la petite histoire, l&#8217;origine de son nom est assez cocasse. C\u2019est en 1887 qu&#8217;un \u00e9crivain dijonnais d\u00e9cida de lui donner ce surnom alors qu\u2019il s\u00e9journait dans son palace azur\u00e9en. C\u2019est en regardant la mer qu\u2019il eu l\u2019id\u00e9e d\u2019intituler son livre C\u00f4te, en hommage \u00e0 sa r\u00e9gion, la C\u00f4te-d\u2019Or, et d&#8217;Azur, dont la signification est \u00ab de couleur bleue \u00bb en h\u00e9raldique. Ce nom lui va comme un gant !<\/p>\n<p>Bien s\u00fbr, pour les adeptes du shopping et du luxe, Cannes ne va pas vous d\u00e9cevoir. De nombreux h\u00f4tels, restaurants et boutiques sont concentr\u00e9es en bord de mer, le long de la fameuse Croisette, pour votre plus grand plaisir !<\/p>\n<p>Avec la location d&#8217;une Mercedes, parcourez les villes incontournables de la C\u00f4te d&#8217;Azur<\/p>\n<p>Monaco, Nice, Cannes, Antibes, Saint-Rapha\u00ebl, Marseille, Saint-Tropez. Les villes \u00e0 d\u00e9couvrir pour leur charme m\u00e9diterran\u00e9en ne manquent pas. Entre promenades, restaurants, points de vue, rencontres et plages, les choix qui s&#8217;offrent \u00e0 vous sont nombreux.<\/p>\n<p>Vous ne trouvez pas la Mercedes E cabriolet \u00e0 votre go\u00fbt. Nous pouvons vous proposer d&#8217;autres bolides dans nos autres marques, aussi prestigieuses les unes que les autres, parmi Ferrari, Lamborghini, Porsche, Land Rover, Mercedes AMG, Bentley, Rolls-Royce et autres Audi et BMW, synonymes de tradition, de perfection et d&#8217;exception, en un mot d&#8217;Excellence.<\/p>\n<\/div>\n<\/div>\n<\/section>\n<\/div><\/section><\/div>\n<\/div><\/div><\/div><!-- close content main div --><\/div><\/div>\n<style type=\"text\/css\" data-created_by=\"avia_inline_auto\" id=\"style-css-av-9us6op-925e493b120e9721f978a53baef5d1d9\">\n.avia-section.av-9us6op-925e493b120e9721f978a53baef5d1d9{\nbackground-color:#27202d;\nbackground-image:unset;\n}\n<\/style>\n<div id='av_section_2'  class='avia-section av-9us6op-925e493b120e9721f978a53baef5d1d9 main_color avia-section-small avia-no-border-styling  avia-builder-el-11  el_after_av_one_full  avia-builder-el-last  avia-bg-style-scroll container_wrap fullsize'  ><div class='container av-section-cont-open' ><div class='template-page content  av-content-full alpha units'><div class='post-entry post-entry-type-page post-entry-30976'><div class='entry-content-wrapper clearfix'>\n<section  class='av_textblock_section av-lria8ko2-84bbfb4b01a719f9bddf11accc7505f5 '  ><div class='avia_textblock' ><h4 style=\"text-align: center\"><span style=\"font-size: 14pt\">Avec la Location dune Mercedes d\u00e9capotable, partez \u00e0 la d\u00e9couverte de la C\u00f4te d&#8217;Azur<\/span><\/h4>\n<\/div><\/section>\n\n","protected":false},"excerpt":{"rendered":"","protected":false},"author":3,"featured_media":29792,"parent":0,"menu_order":2215,"comment_status":"closed","ping_status":"closed","template":"","meta":{"_acf_changed":false,"_daim_seo_power":"","_daim_enable_ail":"","footnotes":""},"class_list":["post-30976","page","type-page","status-publish","has-post-thumbnail","hentry"],"acf":[],"_links":{"self":[{"href":"https:\/\/car4rent.fr\/fr\/wp-json\/wp\/v2\/pages\/30976","targetHints":{"allow":["GET"]}}],"collection":[{"href":"https:\/\/car4rent.fr\/fr\/wp-json\/wp\/v2\/pages"}],"about":[{"href":"https:\/\/car4rent.fr\/fr\/wp-json\/wp\/v2\/types\/page"}],"author":[{"embeddable":true,"href":"https:\/\/car4rent.fr\/fr\/wp-json\/wp\/v2\/users\/3"}],"replies":[{"embeddable":true,"href":"https:\/\/car4rent.fr\/fr\/wp-json\/wp\/v2\/comments?post=30976"}],"version-history":[{"count":2,"href":"https:\/\/car4rent.fr\/fr\/wp-json\/wp\/v2\/pages\/30976\/revisions"}],"predecessor-version":[{"id":76452,"href":"https:\/\/car4rent.fr\/fr\/wp-json\/wp\/v2\/pages\/30976\/revisions\/76452"}],"wp:featuredmedia":[{"embeddable":true,"href":"https:\/\/car4rent.fr\/fr\/wp-json\/wp\/v2\/media\/29792"}],"wp:attachment":[{"href":"https:\/\/car4rent.fr\/fr\/wp-json\/wp\/v2\/media?parent=30976"}],"curies":[{"name":"wp","href":"https:\/\/api.w.org\/{rel}","templated":true}]}}