{"id":30924,"date":"2023-11-10T16:56:12","date_gmt":"2023-11-10T15:56:12","guid":{"rendered":"https:\/\/car4rent.fr\/location-de-voiture-de-luxe-saint-tropez\/"},"modified":"2024-04-11T00:18:59","modified_gmt":"2024-04-10T22:18:59","slug":"location-de-voiture-de-luxe-a-saint-tropez","status":"publish","type":"page","link":"https:\/\/car4rent.fr\/fr\/location-de-voiture-de-luxe-a-saint-tropez\/","title":{"rendered":"Location de voiture de luxe \u00e0 Saint-Tropez"},"content":{"rendered":"\n<style type=\"text\/css\" data-created_by=\"avia_inline_auto\" id=\"style-css-av-k9iq87co-19db420fd77d854c54159825df219e2b\">\n.avia-section.av-k9iq87co-19db420fd77d854c54159825df219e2b{\nbackground-repeat:no-repeat;\nbackground-image:url(https:\/\/car4rent.fr\/wp-content\/uploads\/image-1200x630.jpg);\nbackground-position:50% 50%;\nbackground-attachment:scroll;\n}\n<\/style>\n<div id='header-section'  class='avia-section av-k9iq87co-19db420fd77d854c54159825df219e2b main_color avia-section-huge avia-no-border-styling  avia-builder-el-0  el_before_av_one_full  avia-builder-el-first  avia-full-stretch avia-bg-style-scroll av-minimum-height av-minimum-height-custom av-height-custom  container_wrap fullsize'  data-section-bg-repeat='stretch' data-av_minimum_height_px='450'><div class='container av-section-cont-open' style='height:450px'><main  class='template-page content  av-content-full alpha units'><div class='post-entry post-entry-type-page post-entry-30924'><div class='entry-content-wrapper clearfix'>\n<section  class='av_textblock_section av-ls6fxx12-19d88e0704ad8f2cad03aa0212274d95 '  ><div class='avia_textblock' ><p><span style=\"font-family: din-bold; font-size: 24pt;\">Location de voiture de luxe \u00e0 Saint-Tropez<\/span><\/p>\n<\/div><\/section>\n<\/div><\/div><\/main><!-- close content main element --><\/div><\/div><div id='after_section_1'  class='main_color av_default_container_wrap container_wrap fullsize'  ><div class='container av-section-cont-open' ><div class='template-page content  av-content-full alpha units'><div class='post-entry post-entry-type-page post-entry-30924'><div class='entry-content-wrapper clearfix'>\n\n<style type=\"text\/css\" data-created_by=\"avia_inline_auto\" id=\"style-css-av-k9of881m-8b75821c00ec2c33f438de9a772a6e49\">\n.flex_column.av-k9of881m-8b75821c00ec2c33f438de9a772a6e49{\nborder-radius:0px 0px 0px 0px;\npadding:0px 0px 0px 0px;\nbackground-color:#ffffff;\n}\n<\/style>\n<div  class='flex_column av-k9of881m-8b75821c00ec2c33f438de9a772a6e49 av_one_full  avia-builder-el-2  el_after_av_section  el_before_av_hr  avia-builder-el-first  first flex_column_div av-zero-column-padding  '     ><section  class='av_textblock_section av-k9iq5tou-fd78dca57654a395cb569156408b77a5 '  ><div class='avia_textblock' ><h3><span style=\"font-size: 18pt;\"><strong>Location de Voiture de luxe \u00e0 Saint-Tropez<\/strong><\/span><\/h3>\n<p>Louer une voiture de luxe et de sport \u00e0 <a href=\"https:\/\/cotedazurfrance.fr\/decouvrir\/les-villes-de-la-cote-dazur\/visiter-saint-tropez-la-mythique\/top-des-10-choses-a-voir-et-a-faire-a-saint-tropez\/\" target=\"_blank\" rel=\"noopener\">Saint-Tropez<\/a> au prix le plus bas avec Car4rent.<\/p>\n<p>Les plus beaux v\u00e9hicules de prestige \u00e0 la location vous seront lou\u00e9s par Car4rent. En effet, avec une des plus belles flottes de voitures haut de gamme sur la C\u00f4te d&rsquo;Azur, nous sommes \u00e0 m\u00eame de vous proposer les meilleures conditions du march\u00e9.<\/p>\n<p>Pour bien commencer votre s\u00e9jour \u00e0 Saint-Tropez, pensez \u00e0 r\u00e9server votre location de voiture de luxe \u00e0 Saint-Tropez et prenez le volant de l&rsquo;une de nos voitures de r\u00eave.<\/p>\n<h5>N&rsquo;h\u00e9sitez pas \u00e0 prendre <strong>contact<\/strong> avec notre team de sp\u00e9cialistes.<\/h5>\n<p><img loading=\"lazy\" decoding=\"async\" class=\"alignnone size-full wp-image-37215\" src=\"https:\/\/car4rent.fr\/wp-content\/uploads\/nsmail.jpg\" alt=\"location de voiture de prestige \u00e0 Monaco, Louer une voiture de luxe sur la C\u00f4te d&#039;Azur, Location voiture de luxe PACA\" width=\"463\" height=\"512\" title=\"Car4Rent Cannes\" srcset=\"https:\/\/car4rent.fr\/wp-content\/uploads\/nsmail.jpg 463w, https:\/\/car4rent.fr\/wp-content\/uploads\/nsmail-271x300.jpg 271w, https:\/\/car4rent.fr\/wp-content\/uploads\/nsmail-450x498.jpg 450w\" sizes=\"auto, (max-width: 463px) 100vw, 463px\" \/><\/p>\n<p>Location Rolls Royce<\/p>\n<h3><strong>Location de voiture de luxe \u00e0 Saint-Tropez : un large choix de marques et de mod\u00e8les<\/strong><\/h3>\n<p>A la location, une collection des plus belles Ferrari, Lamborghini, Porsche, Land Rover, Mercedes AMG, Bentley, Rolls-Royce, et autres Audi et BMW.<\/p>\n<h5><strong>Cela se passe \u00e0 Saint-Tropez<\/strong><\/h5>\n<p>Comme vous le savez, Saint-Tropez cumule prestige et excellence. En effet, les plus beaux \u00e9v\u00e9nements ont lieu dans l&rsquo;historique village de p\u00eacheurs. La c\u00e9l\u00e8bre \u00ab\u00a0Nioulargue\u00a0\u00bb rebaptis\u00e9e \u00ab\u00a0<strong>Les voiles de Saint-Tropez<\/strong>\u00a0\u00bb se tient \u00e0 cheval sur la derni\u00e8re semaine de septembre et la premi\u00e8re semaine d&rsquo;octobre. Les plus beaux voiliers du monde se retoruvent pour une extraordinaire r\u00e9gate.<\/p>\n<p>Et pour les amateurs de belles automobiles que nous sommes, le \u00ab\u00a0<strong>Paradis Porsche<\/strong>\u00a0\u00bb a lieu chaque ann\u00e9e au mois d&rsquo;octobre. Il r\u00e9unit un grand nombre de v\u00e9hicules de la marque. L&rsquo;\u00e9v\u00e9nement est organis\u00e9 par le Club Porsche M\u00e9diterran\u00e9e. C&rsquo;est le moment de proc\u00e9der \u00e0 la location de voiture de luxe \u00e0 Saint-Tropez pour ce bel \u00e9v\u00e9nement.<\/p>\n<h5><strong>Louer une voiture de luxe \u00e0 SaintTropez pour un moment de d\u00e9tente<\/strong><\/h5>\n<p>Durant la journ\u00e9e, profitez en pour vous d\u00e9tendre sur l&rsquo;une des plages. Entre exhub\u00e9rance et ambiance familiale, vous avez le choix.<\/p>\n<h5>Faites-vous plasir avec une location Range Rover<\/h5>\n<p>A l&rsquo;heure des repas, la gastronomie n&rsquo;est pas en reste. Une fois votre voiture gar\u00e9e, relaxez-vous sur la terrasse de l&rsquo;<strong>Hotel Sube<\/strong>, donnant sur le port. Un spectable permanent a lieu \u00e0 toute heure. Quoi de plus agr\u00e9able que de boire un ros\u00e9 en regardant les passants, et de voir arriver les yachts en fin d&rsquo;apr\u00e8s-midi, au soleil couchant.<\/p>\n<h5><strong>La gastronomie \u00e0 l&rsquo;honneur<\/strong><\/h5>\n<p>La cit\u00e9 vous propose nombre de restaurants, dont quelques-uns sont \u00e9toil\u00e9s. Une brochette de quelques magnifiques h\u00f4tels, au charme souvent le plus discret, feront votre plaisir .<\/p>\n<h5><strong>Une \u00e9quipe \u00e0 votre \u00e9coute<\/strong><\/h5>\n<p>Pour terminer, notre \u00e9quipe est \u00e0 votre disposition pour vous conseiller. Faites appel \u00e0 nous pour \u00e9tablir un road book de la r\u00e9gion. Vous pourrez ainsi profiter au maximum de votre s\u00e9jour sur la C\u00f4te d&rsquo;Azur.<\/p>\n<h5>Un service sur mesure<\/h5>\n<p>Et enfin, sur demande, votre v\u00e9hicule peut vous \u00eatre livr\u00e9 d\u00e8s votre arriv\u00e9e \u00e0 l&rsquo;a\u00e9roport de Nice, ou de Toulon. Ou mieux encore, directement \u00e0 votre villa ou \u00e0 votre h\u00f4tel.<\/p>\n<h3><span style=\"font-size: 14pt;\">Car4rent est sp\u00e9cialiste de la marque Lamborghini, de la location Lamborghini Huracan et location Lamborghini Aventador<\/span><\/h3>\n<p>Pensez \u00e0 r\u00e9server sans tarder votre location de voiture de luxe \u00e0 Saint-Tropez !<\/p>\n<\/div><\/section><\/div><div  class='hr av-r408yh-5fc29ed8e5abe90cc5953910efd3a584 hr-default  avia-builder-el-4  el_after_av_one_full  el_before_av_one_fourth '><span class='hr-inner '><span class=\"hr-inner-style\"><\/span><\/span><\/div><\/p>\n\n<style type=\"text\/css\" data-created_by=\"avia_inline_auto\" id=\"style-css-av-9j4h5a1-6e828a1197b9444f95d3c7ec7fb82938\">\n.flex_column.av-9j4h5a1-6e828a1197b9444f95d3c7ec7fb82938{\nborder-radius:0px 0px 0px 0px;\npadding:0px 0px 0px 0px;\n}\n<\/style>\n<div  class='flex_column av-9j4h5a1-6e828a1197b9444f95d3c7ec7fb82938 av_one_fourth  avia-builder-el-5  el_after_av_hr  el_before_av_one_fourth  first flex_column_div av-zero-column-padding  '     ><section  class='av_textblock_section av-8wzml89-2b80783706aabf533d7977da87f21ef0 '  ><div class='avia_textblock' ><p>Location de voiture de luxe \u00e0 Saint-Tropez.<\/p>\n<p>Nous proposons \u00e0 la location des voitures de luxe et de sport, mais \u00e9galement une large gamme de SUV et de cabriolets. D\u00e9couvrez nos voitures de r\u00eave.<\/p>\n<p>Prix \u00e0 partir de 260\u20ac \/ jour.<\/p>\n<\/div><\/section><\/div>\n\n<style type=\"text\/css\" data-created_by=\"avia_inline_auto\" id=\"style-css-av-8cxm7x5-0dfd1be948133d5958731c1141e89316\">\n.flex_column.av-8cxm7x5-0dfd1be948133d5958731c1141e89316{\nborder-radius:0px 0px 0px 0px;\npadding:0px 0px 0px 0px;\n}\n<\/style>\n<div  class='flex_column av-8cxm7x5-0dfd1be948133d5958731c1141e89316 av_one_fourth  avia-builder-el-7  el_after_av_one_fourth  el_before_av_one_fourth  flex_column_div av-zero-column-padding  '     ><section  class='av_textblock_section av-sl1yyh-58401a45bbfca01485bb12f5ae7e0e5f '  ><div class='avia_textblock' ><p>Une \u00e9quipe d\u00e9vou\u00e9e et attentive se tient \u00e0 votre disposition pour vous fournir toute information ou r\u00e9pondre \u00e0 vos demandes. Votre voiture peut \u00eatre livr\u00e9e sur demande directement \u00e0 votre arriv\u00e9e \u00e0 l&rsquo;a\u00e9roport de Nice, sur votre lieu de vill\u00e9giature, \u00e0 votre h\u00f4tel ou n&rsquo;importe o\u00f9 en France \u00e0 la destination de votre choix.<\/p>\n<\/div><\/section><\/div>\n\n<style type=\"text\/css\" data-created_by=\"avia_inline_auto\" id=\"style-css-av-7t2xhcp-04a64ffc63980df57546af05384a54fd\">\n.flex_column.av-7t2xhcp-04a64ffc63980df57546af05384a54fd{\nborder-radius:0px 0px 0px 0px;\npadding:0px 0px 0px 0px;\n}\n<\/style>\n<div  class='flex_column av-7t2xhcp-04a64ffc63980df57546af05384a54fd av_one_fourth  avia-builder-el-9  el_after_av_one_fourth  el_before_av_one_fourth  flex_column_div av-zero-column-padding  '     ><section  class='av_textblock_section av-77ozpuh-8dd1b37f5ec2cac52732881fc5014607 '  ><div class='avia_textblock' ><p>Grand choix de v\u00e9hicules de luxe, sport, d\u00e9capotables et SUV \u00e0 louer.<i><br \/>\n<\/i><\/p>\n<\/div><\/section><\/div>\n\n<style type=\"text\/css\" data-created_by=\"avia_inline_auto\" id=\"style-css-av-6mik0k9-58ba2370392ede1c671764d02dbf6948\">\n.flex_column.av-6mik0k9-58ba2370392ede1c671764d02dbf6948{\nborder-radius:0px 0px 0px 0px;\npadding:0px 0px 0px 0px;\n}\n<\/style>\n<div  class='flex_column av-6mik0k9-58ba2370392ede1c671764d02dbf6948 av_one_fourth  avia-builder-el-11  el_after_av_one_fourth  el_before_av_section  avia-builder-el-last  flex_column_div av-zero-column-padding  '     ><section  class='av_textblock_section av-64i2ogp-66548aea0352cdde9b58db15362b0175 '  ><div class='avia_textblock' ><p>Test Drive &#8211; Faites de votre r\u00eave une r\u00e9alit\u00e9<\/p>\n<p>Offrez-vous une exp\u00e9rience de conduite unique au volant d&rsquo;une supercar. Prenez le volant d&rsquo;une Lamborghini, d&rsquo;une Ferrari ou d&rsquo;une Porsche sans vous ruiner. Pour des raisons de s\u00e9curit\u00e9, vous roulerez accompagn\u00e9. \u00c0 partir de 195\u20ac pp.<\/p>\n<\/div><\/section><\/div>\n<\/div><\/div><\/div><!-- close content main div --><\/div><\/div>\n<style type=\"text\/css\" data-created_by=\"avia_inline_auto\" id=\"style-css-av-43kcsd5-d3ef79113910887a7bfd29c8c2ab4614\">\n.avia-section.av-43kcsd5-d3ef79113910887a7bfd29c8c2ab4614{\nbackground-color:#f3f3f3;\nbackground-image:unset;\n}\n<\/style>\n<div id='sectioncustom'  class='avia-section av-43kcsd5-d3ef79113910887a7bfd29c8c2ab4614 main_color avia-section-default avia-no-border-styling  avia-builder-el-13  el_after_av_one_fourth  el_before_av_section  avia-bg-style-scroll container_wrap fullsize'  ><div class='container av-section-cont-open' ><div class='template-page content  av-content-full alpha units'><div class='post-entry post-entry-type-page post-entry-30924'><div class='entry-content-wrapper clearfix'>\n\n<style type=\"text\/css\" data-created_by=\"avia_inline_auto\" id=\"style-css-av-3jspczd-381a934ac4b7d0afddc25a7aaa6107e5\">\n#top .av-special-heading.av-3jspczd-381a934ac4b7d0afddc25a7aaa6107e5{\npadding-bottom:0;\n}\nbody .av-special-heading.av-3jspczd-381a934ac4b7d0afddc25a7aaa6107e5 .av-special-heading-tag .heading-char{\nfont-size:25px;\n}\n.av-special-heading.av-3jspczd-381a934ac4b7d0afddc25a7aaa6107e5 .av-subheading{\nfont-size:15px;\n}\n<\/style>\n<div  class='av-special-heading av-3jspczd-381a934ac4b7d0afddc25a7aaa6107e5 av-special-heading-h2 blockquote modern-quote modern-centered  avia-builder-el-14  avia-builder-el-no-sibling '><h2 class='av-special-heading-tag '  >Notre agence de location de voitures <\/h2><div class=\"special-heading-border\"><div class=\"special-heading-inner-border\"><\/div><\/div><\/div>\n\n<\/div><\/div><\/div><!-- close content main div --><\/div><\/div>\n<style type=\"text\/css\" data-created_by=\"avia_inline_auto\" id=\"style-css-av-2ddmnh5-bbd5dd00de2854828f851bcdfc153f73\">\n.avia-section.av-2ddmnh5-bbd5dd00de2854828f851bcdfc153f73{\nbackground-color:#6834bd;\nbackground-image:unset;\n}\n<\/style>\n<div id='av_section_3'  class='avia-section av-2ddmnh5-bbd5dd00de2854828f851bcdfc153f73 main_color avia-section-default avia-no-border-styling  avia-builder-el-15  el_after_av_section  el_before_av_section  avia-bg-style-scroll container_wrap fullsize'  ><div class='container av-section-cont-open' ><div class='template-page content  av-content-full alpha units'><div class='post-entry post-entry-type-page post-entry-30924'><div class='entry-content-wrapper clearfix'>\n\n<style type=\"text\/css\" data-created_by=\"avia_inline_auto\" id=\"style-css-av-28aqaft-580807b9e64df817f79d348135ba2134\">\n#top .av-special-heading.av-28aqaft-580807b9e64df817f79d348135ba2134{\npadding-bottom:10px;\ncolor:#ffffff;\nfont-size:30px;\n}\nbody .av-special-heading.av-28aqaft-580807b9e64df817f79d348135ba2134 .av-special-heading-tag .heading-char{\nfont-size:25px;\n}\n#top #wrap_all .av-special-heading.av-28aqaft-580807b9e64df817f79d348135ba2134 .av-special-heading-tag{\nfont-size:30px;\n}\n.av-special-heading.av-28aqaft-580807b9e64df817f79d348135ba2134 .special-heading-inner-border{\nborder-color:#ffffff;\n}\n.av-special-heading.av-28aqaft-580807b9e64df817f79d348135ba2134 .av-subheading{\nfont-size:15px;\n}\n\n@media only screen and (min-width: 480px) and (max-width: 767px){ \n#top #wrap_all .av-special-heading.av-28aqaft-580807b9e64df817f79d348135ba2134 .av-special-heading-tag{\nfont-size:0.8em;\n}\n}\n\n@media only screen and (max-width: 479px){ \n#top #wrap_all .av-special-heading.av-28aqaft-580807b9e64df817f79d348135ba2134 .av-special-heading-tag{\nfont-size:0.8em;\n}\n}\n<\/style>\n<div  class='av-special-heading av-28aqaft-580807b9e64df817f79d348135ba2134 av-special-heading-h4 custom-color-heading blockquote modern-quote modern-centered  avia-builder-el-16  avia-builder-el-no-sibling  av-inherit-size'><h4 class='av-special-heading-tag '  >La location de voiture de luxe \u00e0 Saint-Tropez juste pour vous faire plaisir<\/h4><div class=\"special-heading-border\"><div class=\"special-heading-inner-border\"><\/div><\/div><\/div>\n\n<\/div><\/div><\/div><!-- close content main div --><\/div><\/div><div id='av_section_4'  class='avia-section av-13vc68c-7ef797ac6cdffbb4c48b594d55e9a015 main_color avia-section-default avia-no-border-styling  avia-builder-el-17  el_after_av_section  avia-builder-el-last  avia-bg-style-scroll container_wrap fullsize'  ><div class='container av-section-cont-open' ><div class='template-page content  av-content-full alpha units'><div class='post-entry post-entry-type-page post-entry-30924'><div class='entry-content-wrapper clearfix'>\n<div  class='avia-builder-widget-area clearfix  avia-builder-el-18  avia-builder-el-no-sibling '><div id=\"text-9\" class=\"widget clearfix widget_text\">\t\t\t<div class=\"textwidget\"><p style=\"text-align: center;\">    <div class=\"car4rent-share-block car4rent-fr\">\n        <a href=\"https:\/\/www.facebook.com\/sharer\/sharer.php?u=\" target=\"_blank\" rel=\"noopener\"><i class=\"fa-brands fa-facebook\"><\/i> Partager<\/a>\n        <a href=\"https:\/\/x.com\/intent\/tweet?url=&amp;text=\" target=\"_blank\" rel=\"noopener\"><i class=\"fa-brands fa-x-twitter\"><\/i> X<\/a>\n        <a href=\"https:\/\/wa.me\/?text=%20\" target=\"_blank\" rel=\"noopener\"><i class=\"fa-brands fa-whatsapp\"><\/i> WhatsApp<\/a>\n        <a href=\"https:\/\/www.instagram.com\/car4rent_cannes\/\" target=\"_blank\" rel=\"noopener\"><i class=\"fa-brands fa-instagram\"><\/i> Instagram<\/a>\n        <a href=\"https:\/\/www.linkedin.com\/company\/car4rent\/about\/\" target=\"_blank\" rel=\"noopener\"><i class=\"fa-brands fa-linkedin\"><\/i> LinkedIn<\/a>\n        <a href=\"https:\/\/www.youtube.com\/@car4rentcannes839\" target=\"_blank\" rel=\"noopener\"><i class=\"fa-brands fa-youtube\"><\/i> YouTube<\/a>\n    <\/div>\n    <\/p>\n<\/div>\n\t\t<\/div><\/div>\n\n","protected":false},"excerpt":{"rendered":"","protected":false},"author":3,"featured_media":30103,"parent":0,"menu_order":1505,"comment_status":"closed","ping_status":"closed","template":"","meta":{"_acf_changed":false,"footnotes":""},"class_list":["post-30924","page","type-page","status-publish","has-post-thumbnail","hentry"],"acf":[],"_links":{"self":[{"href":"https:\/\/car4rent.fr\/fr\/wp-json\/wp\/v2\/pages\/30924","targetHints":{"allow":["GET"]}}],"collection":[{"href":"https:\/\/car4rent.fr\/fr\/wp-json\/wp\/v2\/pages"}],"about":[{"href":"https:\/\/car4rent.fr\/fr\/wp-json\/wp\/v2\/types\/page"}],"author":[{"embeddable":true,"href":"https:\/\/car4rent.fr\/fr\/wp-json\/wp\/v2\/users\/3"}],"replies":[{"embeddable":true,"href":"https:\/\/car4rent.fr\/fr\/wp-json\/wp\/v2\/comments?post=30924"}],"version-history":[{"count":0,"href":"https:\/\/car4rent.fr\/fr\/wp-json\/wp\/v2\/pages\/30924\/revisions"}],"wp:featuredmedia":[{"embeddable":true,"href":"https:\/\/car4rent.fr\/fr\/wp-json\/wp\/v2\/media\/30103"}],"wp:attachment":[{"href":"https:\/\/car4rent.fr\/fr\/wp-json\/wp\/v2\/media?parent=30924"}],"curies":[{"name":"wp","href":"https:\/\/api.w.org\/{rel}","templated":true}]}}