{"id":30918,"date":"2023-11-10T16:56:12","date_gmt":"2023-11-10T15:56:12","guid":{"rendered":"https:\/\/car4rent.fr\/location-de-voitures-de-prestige-2\/"},"modified":"2024-03-11T18:29:40","modified_gmt":"2024-03-11T17:29:40","slug":"location-de-voiture-de-prestige","status":"publish","type":"page","link":"https:\/\/car4rent.fr\/fr\/location-de-voiture-de-prestige\/","title":{"rendered":"Location de voiture de prestige"},"content":{"rendered":"\n<style type=\"text\/css\" data-created_by=\"avia_inline_auto\" id=\"style-css-av-156gp2i-1659745d9df23399b55d481cddef213f\">\n.avia-section.av-156gp2i-1659745d9df23399b55d481cddef213f .av-parallax .av-parallax-inner{\nbackground-repeat:no-repeat;\nbackground-image:url(https:\/\/car4rent.fr\/wp-content\/uploads\/gorges-du-verdon.jpg);\nbackground-position:50% 50%;\nbackground-attachment:scroll;\n}\n<\/style>\n<div id='av_section_1'  class='avia-section av-156gp2i-1659745d9df23399b55d481cddef213f main_color avia-section-huge avia-no-border-styling  avia-builder-el-0  el_before_av_section  avia-builder-el-first  avia-full-stretch av-parallax-section avia-bg-style-parallax av-minimum-height av-minimum-height-50 av-height-50  container_wrap fullsize'  data-section-bg-repeat='stretch' data-av_minimum_height_pc='50' data-av_min_height_opt='50'><div class='av-parallax' data-avia-parallax-ratio='0.3' ><div class='av-parallax-inner main_color avia-full-stretch'><\/div><\/div><div class=\"av-section-color-overlay-wrap\"><a href='#next-section' title='' class='scroll-down-link  avia-svg-icon avia-font-svg_entypo-fontello' data-av_svg_icon='down-open-mini' data-av_iconset='svg_entypo-fontello'><svg version=\"1.1\" xmlns=\"http:\/\/www.w3.org\/2000\/svg\" width=\"15\" height=\"32\" viewBox=\"0 0 15 32\" preserveAspectRatio=\"xMidYMid meet\" aria-labelledby='av-svg-title-1' aria-describedby='av-svg-desc-1' role=\"graphics-symbol\" aria-hidden=\"true\">\n<title id='av-svg-title-1'>Scroller vers la prochaine section<\/title>\n<desc id='av-svg-desc-1'>Scroller vers la prochaine section<\/desc>\n<path d=\"M12.96 12.16q0.704-0.832 1.536 0 0.832 0.704 0 1.536l-6.272 6.144q-0.704 0.704-1.536 0l-6.272-6.144q-0.832-0.832 0-1.536 0.768-0.768 1.6 0l5.44 4.992z\"><\/path>\n<\/svg><\/a><div class='container av-section-cont-open' ><main  class='template-page content  av-content-full alpha units'><div class='post-entry post-entry-type-page post-entry-30918'><div class='entry-content-wrapper clearfix'>\n\n<style type=\"text\/css\" data-created_by=\"avia_inline_auto\" id=\"style-css-av-129nc0q-fde61716e8d05421048905d7466d0bfa\">\n.flex_column.av-129nc0q-fde61716e8d05421048905d7466d0bfa{\nborder-radius:0px 0px 0px 0px;\npadding:20px 20px 20px 20px;\nbackground-color:rgba(0,0,0,0.47);\n}\n<\/style>\n<div  class='flex_column av-129nc0q-fde61716e8d05421048905d7466d0bfa av_two_third  avia-builder-el-1  avia-builder-el-no-sibling  first flex_column_div  '     ><style type=\"text\/css\" data-created_by=\"avia_inline_auto\" id=\"style-css-av-10kpm96-60727f6121740e725f3fd328e873d31d\">\n#top .av-special-heading.av-10kpm96-60727f6121740e725f3fd328e873d31d{\npadding-bottom:10px;\ncolor:#ffffff;\nfont-size:35px;\n}\nbody .av-special-heading.av-10kpm96-60727f6121740e725f3fd328e873d31d .av-special-heading-tag .heading-char{\nfont-size:25px;\n}\n#top #wrap_all .av-special-heading.av-10kpm96-60727f6121740e725f3fd328e873d31d .av-special-heading-tag{\nfont-size:35px;\n}\n.av-special-heading.av-10kpm96-60727f6121740e725f3fd328e873d31d .special-heading-inner-border{\nborder-color:#ffffff;\n}\n.av-special-heading.av-10kpm96-60727f6121740e725f3fd328e873d31d .av-subheading{\nfont-size:15px;\n}\n\n@media only screen and (min-width: 480px) and (max-width: 767px){ \n#top #wrap_all .av-special-heading.av-10kpm96-60727f6121740e725f3fd328e873d31d .av-special-heading-tag{\nfont-size:0.8em;\n}\n}\n\n@media only screen and (max-width: 479px){ \n#top #wrap_all .av-special-heading.av-10kpm96-60727f6121740e725f3fd328e873d31d .av-special-heading-tag{\nfont-size:0.8em;\n}\n}\n<\/style>\n<div  class='av-special-heading av-10kpm96-60727f6121740e725f3fd328e873d31d av-special-heading-h4 custom-color-heading blockquote modern-quote modern-centered  avia-builder-el-2  avia-builder-el-no-sibling  av-inherit-size'><h4 class='av-special-heading-tag '  >Location de voiture de prestige <\/h4><div class=\"special-heading-border\"><div class=\"special-heading-inner-border\"><\/div><\/div><\/div><\/div>\n\n<\/div><\/div><\/main><!-- close content main element --><\/div><\/div><\/div><div id='av_section_2'  class='avia-section av-zhyaru-40bb2360d61f21f13b746257f580f076 main_color avia-section-default avia-no-shadow  avia-builder-el-3  el_after_av_section  el_before_av_section  avia-bg-style-scroll container_wrap fullsize'  ><div class='container av-section-cont-open' ><div class='template-page content  av-content-full alpha units'><div class='post-entry post-entry-type-page post-entry-30918'><div class='entry-content-wrapper clearfix'>\n\n<style type=\"text\/css\" data-created_by=\"avia_inline_auto\" id=\"style-css-av-yov25m-0814d31f943857cd0de85d2015c5fa54\">\n#top .av-special-heading.av-yov25m-0814d31f943857cd0de85d2015c5fa54{\npadding-bottom:10px;\nfont-size:35px;\n}\nbody .av-special-heading.av-yov25m-0814d31f943857cd0de85d2015c5fa54 .av-special-heading-tag .heading-char{\nfont-size:25px;\n}\n#top #wrap_all .av-special-heading.av-yov25m-0814d31f943857cd0de85d2015c5fa54 .av-special-heading-tag{\nfont-size:35px;\n}\n.av-special-heading.av-yov25m-0814d31f943857cd0de85d2015c5fa54 .av-subheading{\nfont-size:15px;\n}\n\n@media only screen and (min-width: 480px) and (max-width: 767px){ \n#top #wrap_all .av-special-heading.av-yov25m-0814d31f943857cd0de85d2015c5fa54 .av-special-heading-tag{\nfont-size:0.8em;\n}\n}\n\n@media only screen and (max-width: 479px){ \n#top #wrap_all .av-special-heading.av-yov25m-0814d31f943857cd0de85d2015c5fa54 .av-special-heading-tag{\nfont-size:0.8em;\n}\n}\n<\/style>\n<div  class='av-special-heading av-yov25m-0814d31f943857cd0de85d2015c5fa54 av-special-heading-h2 blockquote modern-quote modern-centered  avia-builder-el-4  el_before_av_hr  avia-builder-el-first  av-inherit-size'><h2 class='av-special-heading-tag '  >Location de voiture de prestige Car4rent<\/h2><div class=\"special-heading-border\"><div class=\"special-heading-inner-border\"><\/div><\/div><\/div>\n<div  class='hr av-wzgu96-846b584606b735d68d3d51e37fceb2ef hr-default  avia-builder-el-5  el_after_av_heading  el_before_av_textblock '><span class='hr-inner '><span class=\"hr-inner-style\"><\/span><\/span><\/div>\n<section  class='av_textblock_section av-uysvve-88ca1015f576bb456beef1f51bdcd29a '  ><div class='avia_textblock' ><section id=\"block0\" class=\"stripe row-content block0 fullwidth\">\n<div class=\"column small-five small-push-one reset last\">\n<\/div>\n<\/section>\n<section id=\"block1\" class=\"stripe row-content block1 fullwidth\">\n<div class=\"images\">\n<h2><strong>Location de voiture de prestige<\/strong><\/h2>\n<p>Envie de louer une voiture de prestige? Promenez-vous \u00e0 <a href=\"https:\/\/generationvoyage.fr\/visiter-cannes-faire-voir\/\" target=\"_blank\" rel=\"noopener\">Cannes<\/a> le long de la Croisette au volant d&rsquo;une GT avec Car4rent location de voiture de prestige.<\/p>\n<p>Chez Car4rent, nous sommes sp\u00e9cialis\u00e9s dans la location de voitures de sport et de luxe parmi les marques les plus prestigieuses <a href=\"https:\/\/car4rent.fr\/fr\/rent-ferrari\/\"><strong>Ferrari<\/strong><\/a>,\n            <a href=\"https:\/\/car4rent.fr\/fr\/rent-lamborghini\/\"><strong>Lamborghini<\/strong><\/a>,\n            <a href=\"https:\/\/car4rent.fr\/fr\/rent-porsche\/\"><strong>Porsche<\/strong><\/a>,\n            <a href=\"https:\/\/car4rent.fr\/fr\/range-rover-rental\/\"><strong>Range Rover<\/strong><\/a>,\n            <a href=\"https:\/\/car4rent.fr\/fr\/bentley-hire\/\"><strong>Bentley<\/strong><\/a>,\n            <a href=\"https:\/\/car4rent.fr\/fr\/rent-rolls-royce\/\"><strong>Rolls Royce<\/strong><\/a>, and\n            <a href=\"https:\/\/car4rent.fr\/fr\/mercedes-rental\/\"><strong>Mercedes AMG<\/strong><\/a>., toutes ces marques synonymes d&rsquo;agililt\u00e9, de performances et de s\u00e9curit\u00e9, en un mot d&rsquo;Excellence.<\/p>\n<p>Prenez le volant de la somptueuse Ferrari F8 spider, le plus beau des cabriolets. Profitez de l&rsquo;ombre des pins parasols et des palmiers de l&rsquo;une des art\u00e8res les plus glamour au monde.<\/p>\n<p>Car4rent Cannes est l&rsquo;une des principales agences de location de voiture de prestige, de sport, de cabriolets de luxe et de premium SUVs sur la C\u00f4te d&rsquo;Azur.<\/p>\n<p>A Cannes vous trouverez tout le luxe que vous aimez tant!<\/p>\n<p>Fl\u00fbtes \u00e0 champagne, tapis rouge et grands \u00e9crans, voici quelques unes des attractions dont vous pourrez profiter et que vous pourrez trouver en abondance dans la ville du cin\u00e9ma. La\u00a0 location d&rsquo;une voiture de prestige \u00e0 Cannes vous permettra de vous d\u00e9placer avec le style appropri\u00e9.<\/p>\n<p>Tout le luxe est pr\u00e9sent \u00e0 Cannes et vous pourrez en b\u00e9n\u00e9ficier. Yachts, h\u00f4tels de luxe, piscine et spa, casinos, restaurants et plages priv\u00e9es, avec champagne et caviar.<\/p>\n<p>Pour un moment d&rsquo;h\u00e9donisme pur, testez l&rsquo;exotique Lamborghini Huracan spyder, un cabriolet \u00e0 couper le souffle. Equip\u00e9e d&rsquo;un moteur V10 de 610 ch, rien ne devrait vous faire obstacle.<\/p>\n<h3>Location dune voiture de luxe<\/h3>\n<p>Si vous n&rsquo;avez pas de billet d&rsquo;entr\u00e9e pour le Festival de Cannes, il y a encore beaucoup de choses \u00e0 voir et \u00e0 faire dans cette fabuleuse station baln\u00e9aire.<\/p>\n<p>Avec des vues panoramiques sur la Grande Bleue depuis les roches rouges du Massif\u00a0 de l&rsquo;Esterel, d\u00e9couvrez les empreintes des plus grands acteurs grav\u00e9es sur le trottoir du Palais des Festivals. Ne perdez cependant jamais\u00a0 votre concentration sur la route car la \u00ab\u00a0b\u00eate\u00a0\u00bb que vous conduisez ne vous le pardonnerait pas!<\/p>\n<p>Si vous deviez \u00eatre\u00a0 l&rsquo;un des rares chanceux \u00e0 avoir obtenu le fameux pass tr\u00e8s convoit\u00e9 qui vous permettra d&rsquo;assister au Festival International du Film de Cannes, enfilez votre robe de designer et vos haut-talons. Les festivals du film de Cannes ont scell\u00e9 la stature de succ\u00e8s de nombreux acteurs et actrices en devenir.<\/p>\n<p>Pour un \u00e9v\u00e9nement aussi important et prestigieux, annoncez votre pr\u00e9sence en louant l&rsquo;une de nos voitures de sport \u00e0 Cannes. Vous pourriez aussi faire un passage avec la fabuleuse Lamborghini Aventador Roadster. Ce joyau du fabricant italien constitue en lui-m\u00eame une autre forme de pass dans les milieux hyper-branch\u00e9s de la C\u00f4te d&rsquo;Azur et de Cannes, qui reste un des haut-lieux exclusifs sur la sc\u00e8ne mondiale.<\/p>\n<h3>Louer une supercar pour entrer dans le groupe tr\u00e8s ferm\u00e9 de la jet set! D\u00e9couvrez tous nos mod\u00e8les de v\u00e9hicules<\/h3>\n<p>Vous recherchez une location voiture de luxe, prenez <strong>contact<\/strong> sans tarder avec notre \u00e9quipe.<\/p>\n<\/div>\n<\/section>\n<\/div><\/section>\n\n<style type=\"text\/css\" data-created_by=\"avia_inline_auto\" id=\"style-css-av-tijge2-3bafa8b4201e8dd6c0fa9b647c8f0abc\">\n.flex_column.av-tijge2-3bafa8b4201e8dd6c0fa9b647c8f0abc{\nborder-radius:0px 0px 0px 0px;\npadding:0px 0px 0px 0px;\n}\n<\/style>\n<div  class='flex_column av-tijge2-3bafa8b4201e8dd6c0fa9b647c8f0abc av_one_third  avia-builder-el-7  el_after_av_textblock  el_before_av_one_third  first flex_column_div av-zero-column-padding  column-top-margin'     ><style type=\"text\/css\" data-created_by=\"avia_inline_auto\" id=\"style-css-av-rdvgtm-6dc05639977117ce738264007bb7101f\">\n.iconbox.av-rdvgtm-6dc05639977117ce738264007bb7101f .iconbox_icon{\nbackground-color:#6834bd;\n}\n<\/style>\n<article  class='iconbox iconbox_top av-rdvgtm-6dc05639977117ce738264007bb7101f  avia-builder-el-8  avia-builder-el-no-sibling  main_color' ><div class=\"iconbox_content\"><header class=\"entry-content-header\" aria-label=\"Ic\u00f4ne : \"><div class='iconbox_icon heading-color avia-iconfont avia-font-entypo-fontello' data-av_icon='\ue817' data-av_iconfont='entypo-fontello'  ><\/div><\/header><div class='iconbox_content_container ' ><p><span style=\"font-size: 14pt;\">Louer une voiture de luxe<\/span><\/p>\n<hr \/>\n<p>Nous proposons \u00e0 la location des voitures de luxe et de sport, mais \u00e9galement une large gamme de SUV et de cabriolets. D\u00e9couvrez nos voitures de r\u00eave.<\/p>\n<p>Prix \u00e0 partir de 260\u20ac \/ jour.<\/p>\n<\/div><\/div><footer class=\"entry-footer\"><\/footer><\/article><\/div>\n<style type=\"text\/css\" data-created_by=\"avia_inline_auto\" id=\"style-css-av-pveioq-3c107b7db05194d40a50c2d7e930f26f\">\n.flex_column.av-pveioq-3c107b7db05194d40a50c2d7e930f26f{\nborder-radius:0px 0px 0px 0px;\npadding:0px 0px 0px 0px;\n}\n<\/style>\n<div  class='flex_column av-pveioq-3c107b7db05194d40a50c2d7e930f26f av_one_third  avia-builder-el-9  el_after_av_one_third  el_before_av_one_third  flex_column_div av-zero-column-padding  column-top-margin'     ><style type=\"text\/css\" data-created_by=\"avia_inline_auto\" id=\"style-css-av-nc8etm-7e515624de5d81e4c31464e8295572cb\">\n.iconbox.av-nc8etm-7e515624de5d81e4c31464e8295572cb .iconbox_icon{\nbackground-color:#6834bd;\n}\n<\/style>\n<article  class='iconbox iconbox_top av-nc8etm-7e515624de5d81e4c31464e8295572cb  avia-builder-el-10  avia-builder-el-no-sibling  main_color' ><div class=\"iconbox_content\"><header class=\"entry-content-header\" aria-label=\"Ic\u00f4ne : \"><div class='iconbox_icon heading-color avia-iconfont avia-font-entypo-fontello' data-av_icon='\ue842' data-av_iconfont='entypo-fontello'  ><\/div><\/header><div class='iconbox_content_container ' ><p><span style=\"font-size: 14pt;\">Agences \u00e0 l\u2019a\u00e9roport de Nice, Cannes, Monaco et Saint-Tropez\u00a0<\/span><\/p>\n<hr \/>\n<p>Nous proposons \u00e0 la location des voitures de sport et de luxe, mais \u00e9galement une large gamme de SUV et de cabriolets. D\u00e9couvrez nos voitures de r\u00eave.<\/p>\n<\/div><\/div><footer class=\"entry-footer\"><\/footer><\/article><\/div>\n<style type=\"text\/css\" data-created_by=\"avia_inline_auto\" id=\"style-css-av-mb5qze-9bcdfa467f6d95393eedd5cd133a8655\">\n.flex_column.av-mb5qze-9bcdfa467f6d95393eedd5cd133a8655{\nborder-radius:0px 0px 0px 0px;\npadding:0px 0px 0px 0px;\n}\n<\/style>\n<div  class='flex_column av-mb5qze-9bcdfa467f6d95393eedd5cd133a8655 av_one_third  avia-builder-el-11  el_after_av_one_third  avia-builder-el-last  flex_column_div av-zero-column-padding  column-top-margin'     ><style type=\"text\/css\" data-created_by=\"avia_inline_auto\" id=\"style-css-av-lb460q-b893f62d26ff853feb6720a4b56bc363\">\n.iconbox.av-lb460q-b893f62d26ff853feb6720a4b56bc363 .iconbox_icon{\nbackground-color:#6834bd;\n}\n<\/style>\n<article  class='iconbox iconbox_top av-lb460q-b893f62d26ff853feb6720a4b56bc363  avia-builder-el-12  avia-builder-el-no-sibling  main_color' ><div class=\"iconbox_content\"><header class=\"entry-content-header\" aria-label=\"Ic\u00f4ne : \"><div class='iconbox_icon heading-color avia-iconfont avia-font-entypo-fontello' data-av_icon='\ue80b' data-av_iconfont='entypo-fontello'  ><\/div><\/header><div class='iconbox_content_container ' ><p><span style=\"font-size: 14pt;\">Un service sur mesure<\/span><\/p>\n<hr \/>\n<p>Une \u00e9quipe d\u00e9vou\u00e9e et attentive se tient \u00e0 votre disposition pour vous fournir toute information ou r\u00e9pondre \u00e0 vos demandes. Votre voiture peut \u00eatre livr\u00e9e sur demande directement \u00e0 votre arriv\u00e9e \u00e0 l&rsquo;a\u00e9roport de Nice, sur votre lieu de vill\u00e9giature, \u00e0 votre h\u00f4tel ou n&rsquo;importe o\u00f9 en France \u00e0 la destination de votre choix.<\/p>\n<\/div><\/div><footer class=\"entry-footer\"><\/footer><\/article><\/div><\/div><\/div><\/div><!-- close content main div --><\/div><\/div><div id='contactez-nous'  class='avia-section av-ilzaoa-83426da8e2a9d24f813c80ef131ca81d main_color avia-section-default avia-no-border-styling  avia-builder-el-13  el_after_av_section  el_before_av_section  avia-bg-style-scroll container_wrap fullsize'  ><div class='container av-section-cont-open' ><div class='template-page content  av-content-full alpha units'><div class='post-entry post-entry-type-page post-entry-30918'><div class='entry-content-wrapper clearfix'>\n<div  class='hr av-hdrfkq-79d29024fa6c16e540730498ad5921b6 hr-default  avia-builder-el-14  el_before_av_heading  avia-builder-el-first '><span class='hr-inner '><span class=\"hr-inner-style\"><\/span><\/span><\/div>\n\n<style type=\"text\/css\" data-created_by=\"avia_inline_auto\" id=\"style-css-av-1jsj0q-09ecd84f0e7ef40d118be4a6b0a10a23\">\n#top .av-special-heading.av-1jsj0q-09ecd84f0e7ef40d118be4a6b0a10a23{\npadding-bottom:25px;\n}\nbody .av-special-heading.av-1jsj0q-09ecd84f0e7ef40d118be4a6b0a10a23 .av-special-heading-tag .heading-char{\nfont-size:25px;\n}\n.av-special-heading.av-1jsj0q-09ecd84f0e7ef40d118be4a6b0a10a23 .av-subheading{\nfont-size:20px;\n}\n<\/style>\n<div  class='av-special-heading av-1jsj0q-09ecd84f0e7ef40d118be4a6b0a10a23 av-special-heading-h3 blockquote modern-quote modern-centered  avia-builder-el-15  el_after_av_hr  el_before_av_hr '><h3 class='av-special-heading-tag '  >Nous voulons que vous passiez un moment inoubliable ? Besoin d\u2019un conseil pour la location de voiture luxe ?<\/h3><div class=\"special-heading-border\"><div class=\"special-heading-inner-border\"><\/div><\/div><\/div>\n\n<style type=\"text\/css\" data-created_by=\"avia_inline_auto\" id=\"style-css-av-dt8di2-b15683a784412c283cc4b5e0a9faed9c\">\n#top .hr.hr-invisible.av-dt8di2-b15683a784412c283cc4b5e0a9faed9c{\nheight:25px;\n}\n<\/style>\n<div  class='hr av-dt8di2-b15683a784412c283cc4b5e0a9faed9c hr-invisible  avia-builder-el-16  el_after_av_heading  el_before_av_two_third '><span class='hr-inner '><span class=\"hr-inner-style\"><\/span><\/span><\/div>\n\n<style type=\"text\/css\" data-created_by=\"avia_inline_auto\" id=\"style-css-av-c1whvu-bf2602c2f4c7a3a7ca392834492e9979\">\n.flex_column.av-c1whvu-bf2602c2f4c7a3a7ca392834492e9979{\nborder-radius:0px 0px 0px 0px;\npadding:0px 0px 0px 0px;\n}\n<\/style>\n<div  class='flex_column av-c1whvu-bf2602c2f4c7a3a7ca392834492e9979 av_two_third  avia-builder-el-17  el_after_av_hr  el_before_av_one_third  first flex_column_div av-zero-column-padding  '     ><p><section  class='av_textblock_section av-ltn7pwwy-fcad6ce6dc53e6977eac7ea1714cb803 '  ><div class='avia_textblock' ><p><span style=\"font-size: 14pt;\">Contactez-nous \u00e0 l\u2019aide du formulaire ci-dessous<\/span><\/p>\n<\/div><\/section><br \/>\n<section  class='av_textblock_section av-uwlxm-91e219eef1f30afb78612e93135820f9 '  ><div class='avia_textblock' ><div class=\"wpforms-container wpforms-container-full\" id=\"wpforms-27233\"><form id=\"wpforms-form-27233\" class=\"wpforms-validate wpforms-form\" data-formid=\"27233\" method=\"post\" enctype=\"multipart\/form-data\" action=\"\/fr\/wp-json\/wp\/v2\/pages\/30918\" data-token=\"a017a19e6f7a45e7bd36beb12b1add34\" data-token-time=\"1776798218\"><noscript class=\"wpforms-error-noscript\">Veuillez activer JavaScript dans votre navigateur pour remplir ce formulaire.<\/noscript><div class=\"wpforms-field-container\"><div id=\"wpforms-27233-field_5-container\" class=\"wpforms-field wpforms-field-name\" data-field-id=\"5\"><label class=\"wpforms-field-label\">Nom <span class=\"wpforms-required-label\">*<\/span><\/label><div class=\"wpforms-field-row wpforms-field-medium\"><div class=\"wpforms-field-row-block wpforms-first wpforms-one-half\"><input type=\"text\" id=\"wpforms-27233-field_5\" class=\"wpforms-field-name-first wpforms-field-required\" name=\"wpforms[fields][5][first]\" required><label for=\"wpforms-27233-field_5\" class=\"wpforms-field-sublabel after\">First<\/label><\/div><div class=\"wpforms-field-row-block wpforms-one-half\"><input type=\"text\" id=\"wpforms-27233-field_5-last\" class=\"wpforms-field-name-last wpforms-field-required\" name=\"wpforms[fields][5][last]\" required><label for=\"wpforms-27233-field_5-last\" class=\"wpforms-field-sublabel after\">Last<\/label><\/div><\/div><\/div><div id=\"wpforms-27233-field_9-container\" class=\"wpforms-field wpforms-field-layout\" data-field-id=\"9\"><div class=\"wpforms-field-layout-rows wpforms-field-large\"><div class=\"wpforms-layout-row\"><div class=\"wpforms-layout-column wpforms-layout-column-50\"><div id=\"wpforms-27233-field_7-container\" class=\"wpforms-field wpforms-field-email\" data-field-id=\"7\"><label class=\"wpforms-field-label\" for=\"wpforms-27233-field_7\">Courriel <span class=\"wpforms-required-label\">*<\/span><\/label><input type=\"email\" id=\"wpforms-27233-field_7\" class=\"wpforms-field-medium wpforms-field-required\" name=\"wpforms[fields][7]\" spellcheck=\"false\" required><\/div><\/div><div class=\"wpforms-layout-column wpforms-layout-column-50\"><div id=\"wpforms-27233-field_8-container\" class=\"wpforms-field wpforms-field-phone\" data-field-id=\"8\"><label class=\"wpforms-field-label\" for=\"wpforms-27233-field_8\">T\u00e9l\u00e9phone <span class=\"wpforms-required-label\">*<\/span><\/label><input type=\"tel\" id=\"wpforms-27233-field_8\" class=\"wpforms-field-medium wpforms-field-required\" data-rule-int-phone-field=\"true\" name=\"wpforms[fields][8]\" aria-label=\"T\u00e9l\u00e9phone\" required><\/div><\/div><\/div><\/div><\/div><div id=\"wpforms-27233-field_4-container\" class=\"wpforms-field wpforms-field-textarea\" data-field-id=\"4\"><label class=\"wpforms-field-label\" for=\"wpforms-27233-field_4\">Message<\/label><textarea id=\"wpforms-27233-field_4\" class=\"wpforms-field-medium\" name=\"wpforms[fields][4]\" ><\/textarea><\/div><\/div><!-- .wpforms-field-container --><div class=\"wpforms-recaptcha-container wpforms-is-recaptcha wpforms-is-recaptcha-type-v3\" ><input type=\"hidden\" name=\"wpforms[recaptcha]\" value=\"\"><\/div><div class=\"wpforms-submit-container\" ><input type=\"hidden\" name=\"wpforms[id]\" value=\"27233\"><input type=\"hidden\" name=\"page_title\" value=\"\"><input type=\"hidden\" name=\"page_url\" value=\"https:\/\/car4rent.fr\/fr\/wp-json\/wp\/v2\/pages\/30918\"><input type=\"hidden\" name=\"url_referer\" value=\"\"><button type=\"submit\" name=\"wpforms[submit]\" id=\"wpforms-submit-27233\" class=\"wpforms-submit\" data-alt-text=\"Envoi\" data-submit-text=\"Soumettre\" aria-live=\"assertive\" value=\"wpforms-submit\">Soumettre<\/button><\/div><\/form><\/div>  <!-- .wpforms-container -->\n<\/div><\/section><\/p><\/div>\n<style type=\"text\/css\" data-created_by=\"avia_inline_auto\" id=\"style-css-av-84srii-691ea91766e91063ee724060c5d3d260\">\n.flex_column.av-84srii-691ea91766e91063ee724060c5d3d260{\nborder-radius:0px 0px 0px 0px;\npadding:0px 0px 0px 0px;\n}\n<\/style>\n<div  class='flex_column av-84srii-691ea91766e91063ee724060c5d3d260 av_one_third  avia-builder-el-20  el_after_av_two_third  avia-builder-el-last  flex_column_div av-zero-column-padding  '     ><p><section  class='av_textblock_section av-3xz0u2-cd41838cc40a16bd3a101d07c1a06733 '  ><div class='avia_textblock' ><p><span style=\"font-size: 14pt;\">Nous contacter pat t\u00e9l\u00e9phone<\/span><\/p>\n<\/div><\/section><br \/>\n<section  class='av_textblock_section av-av_textblock-8eba2417de9ea263f0cb5a774f45768a '  ><div class='avia_textblock' ><p>Agence de Cannes (09H-12H00 et 15H00-19H00)<br \/>\n10, rue Hibert &#8211; 06400 Cannes<br \/>\nT\u00e9l\u00e9phone : <a href=\"tel:0033788278586\">+33(0)7 88 27 85 86<\/a><br \/>\nMail : <a href=\"mailto:info@car4rent.fr\">info@car4rent.fr<\/a><\/p>\n<\/div><\/section><\/p><\/div><\/div><\/div><\/div><!-- close content main div --><\/div><\/div><div id='av_section_4'  class='avia-section av-4o3qkq-ae31b5bae1e025b256bdbe8a8ac52436 main_color avia-section-default avia-no-border-styling  avia-builder-el-23  el_after_av_section  avia-builder-el-last  avia-bg-style-scroll container_wrap fullsize'  ><div class='container av-section-cont-open' ><div class='template-page content  av-content-full alpha units'><div class='post-entry post-entry-type-page post-entry-30918'><div class='entry-content-wrapper clearfix'>\n<div  class='avia-builder-widget-area clearfix  avia-builder-el-24  avia-builder-el-no-sibling '><div id=\"text-9\" class=\"widget clearfix widget_text\">\t\t\t<div class=\"textwidget\"><p style=\"text-align: center;\">    <div class=\"car4rent-share-block car4rent-fr\">\n        <a href=\"https:\/\/www.facebook.com\/sharer\/sharer.php?u=\" target=\"_blank\" rel=\"noopener\"><i class=\"fa-brands fa-facebook\"><\/i> Partager<\/a>\n        <a href=\"https:\/\/x.com\/intent\/tweet?url=&amp;text=\" target=\"_blank\" rel=\"noopener\"><i class=\"fa-brands fa-x-twitter\"><\/i> X<\/a>\n        <a href=\"https:\/\/wa.me\/?text=%20\" target=\"_blank\" rel=\"noopener\"><i class=\"fa-brands fa-whatsapp\"><\/i> WhatsApp<\/a>\n        <a href=\"https:\/\/www.instagram.com\/car4rent_cannes\/\" target=\"_blank\" rel=\"noopener\"><i class=\"fa-brands fa-instagram\"><\/i> Instagram<\/a>\n        <a href=\"https:\/\/www.linkedin.com\/company\/car4rent\/about\/\" target=\"_blank\" rel=\"noopener\"><i class=\"fa-brands fa-linkedin\"><\/i> LinkedIn<\/a>\n        <a href=\"https:\/\/www.youtube.com\/@car4rentcannes839\" target=\"_blank\" rel=\"noopener\"><i class=\"fa-brands fa-youtube\"><\/i> YouTube<\/a>\n    <\/div>\n    <\/p>\n<\/div>\n\t\t<\/div><\/div>\n<\/p>\n","protected":false},"excerpt":{"rendered":"","protected":false},"author":3,"featured_media":29465,"parent":0,"menu_order":535,"comment_status":"closed","ping_status":"closed","template":"","meta":{"_acf_changed":false,"footnotes":""},"class_list":["post-30918","page","type-page","status-publish","has-post-thumbnail","hentry"],"acf":[],"_links":{"self":[{"href":"https:\/\/car4rent.fr\/fr\/wp-json\/wp\/v2\/pages\/30918","targetHints":{"allow":["GET"]}}],"collection":[{"href":"https:\/\/car4rent.fr\/fr\/wp-json\/wp\/v2\/pages"}],"about":[{"href":"https:\/\/car4rent.fr\/fr\/wp-json\/wp\/v2\/types\/page"}],"author":[{"embeddable":true,"href":"https:\/\/car4rent.fr\/fr\/wp-json\/wp\/v2\/users\/3"}],"replies":[{"embeddable":true,"href":"https:\/\/car4rent.fr\/fr\/wp-json\/wp\/v2\/comments?post=30918"}],"version-history":[{"count":0,"href":"https:\/\/car4rent.fr\/fr\/wp-json\/wp\/v2\/pages\/30918\/revisions"}],"wp:featuredmedia":[{"embeddable":true,"href":"https:\/\/car4rent.fr\/fr\/wp-json\/wp\/v2\/media\/29465"}],"wp:attachment":[{"href":"https:\/\/car4rent.fr\/fr\/wp-json\/wp\/v2\/media?parent=30918"}],"curies":[{"name":"wp","href":"https:\/\/api.w.org\/{rel}","templated":true}]}}