{"id":30915,"date":"2023-11-10T16:56:12","date_gmt":"2023-11-10T15:56:12","guid":{"rendered":"https:\/\/car4rent.fr\/location-de-bentley-2\/"},"modified":"2024-08-08T13:26:19","modified_gmt":"2024-08-08T11:26:19","slug":"location-bentley","status":"publish","type":"page","link":"https:\/\/car4rent.fr\/fr\/location-bentley\/","title":{"rendered":"Location Bentley"},"content":{"rendered":"\n<style type=\"text\/css\" data-created_by=\"avia_inline_auto\" id=\"style-css-av-ohm8hh-784dc1bcb051431a8daafa6cfe244c6b\">\n.avia-section.av-ohm8hh-784dc1bcb051431a8daafa6cfe244c6b{\nbackground-color:#27202d;\nbackground-image:unset;\n}\n<\/style>\n<div id='av_section_1'  class='avia-section av-ohm8hh-784dc1bcb051431a8daafa6cfe244c6b main_color avia-section-large avia-no-shadow  avia-builder-el-0  el_before_av_one_full  avia-builder-el-first  avia-bg-style-scroll av-minimum-height av-minimum-height-75 av-height-75  container_wrap fullsize'   data-av_minimum_height_pc='75' data-av_min_height_opt='75'><div class='container av-section-cont-open' ><main  class='template-page content  av-content-full alpha units'><div class='post-entry post-entry-type-page post-entry-30915'><div class='entry-content-wrapper clearfix'>\n\n<style type=\"text\/css\" data-created_by=\"avia_inline_auto\" id=\"style-css-av-28g2l1-6942f134e44c4d78602e654ce47af568\">\n#top .flex_column.av-28g2l1-6942f134e44c4d78602e654ce47af568{\nmargin-top:0px;\nmargin-bottom:0px;\n}\n.flex_column.av-28g2l1-6942f134e44c4d78602e654ce47af568{\nborder-radius:0px 0px 0px 0px;\npadding:15px 15px 15px 15px;\n}\n.responsive #top #wrap_all .flex_column.av-28g2l1-6942f134e44c4d78602e654ce47af568{\nmargin-top:0px;\nmargin-bottom:0px;\n}\n<\/style>\n<div  class='flex_column av-28g2l1-6942f134e44c4d78602e654ce47af568 av_two_third  avia-builder-el-1  el_before_av_one_third  avia-builder-el-first  first flex_column_div  '     ><p>\n<style type=\"text\/css\" data-created_by=\"avia_inline_auto\" id=\"style-css-av-22t3hh-d33df6aa96f5c3317506e65dc1d73e25\">\n#top .av-special-heading.av-22t3hh-d33df6aa96f5c3317506e65dc1d73e25{\npadding-bottom:10px;\ncolor:#ffffff;\nfont-size:30px;\n}\nbody .av-special-heading.av-22t3hh-d33df6aa96f5c3317506e65dc1d73e25 .av-special-heading-tag .heading-char{\nfont-size:25px;\n}\n#top #wrap_all .av-special-heading.av-22t3hh-d33df6aa96f5c3317506e65dc1d73e25 .av-special-heading-tag{\nfont-size:30px;\n}\n.av-special-heading.av-22t3hh-d33df6aa96f5c3317506e65dc1d73e25 .special-heading-inner-border{\nborder-color:#ffffff;\n}\n.av-special-heading.av-22t3hh-d33df6aa96f5c3317506e65dc1d73e25 .av-subheading{\nfont-size:15px;\n}\n\n@media only screen and (min-width: 480px) and (max-width: 767px){ \n#top #wrap_all .av-special-heading.av-22t3hh-d33df6aa96f5c3317506e65dc1d73e25 .av-special-heading-tag{\nfont-size:0.8em;\n}\n}\n\n@media only screen and (max-width: 479px){ \n#top #wrap_all .av-special-heading.av-22t3hh-d33df6aa96f5c3317506e65dc1d73e25 .av-special-heading-tag{\nfont-size:0.8em;\n}\n}\n<\/style>\n<div  class='av-special-heading av-22t3hh-d33df6aa96f5c3317506e65dc1d73e25 av-special-heading-h2 custom-color-heading blockquote modern-quote  avia-builder-el-2  el_before_av_image  avia-builder-el-first  av-inherit-size'><h2 class='av-special-heading-tag '  >Location BENTLEY &#8211; Continental GTC Convertible<\/h2><div class=\"special-heading-border\"><div class=\"special-heading-inner-border\"><\/div><\/div><\/div><br \/>\n\n<style type=\"text\/css\" data-created_by=\"avia_inline_auto\" id=\"style-css-av-k88xxggf-d0e1bbf017189f98f54e4c21bda4d706\">\n.avia-image-container.av-k88xxggf-d0e1bbf017189f98f54e4c21bda4d706 img.avia_image{\nbox-shadow:none;\n}\n.avia-image-container.av-k88xxggf-d0e1bbf017189f98f54e4c21bda4d706 .av-image-caption-overlay-center{\ncolor:#ffffff;\nfont-size:14px;\n}\n<\/style>\n<div  class='avia-image-container av-k88xxggf-d0e1bbf017189f98f54e4c21bda4d706 av-styling- avia-align-center  avia-builder-el-3  el_after_av_heading  avia-builder-el-last '  ><div class=\"avia-image-container-inner\"><div class=\"avia-image-overlay-wrap\"><img decoding=\"async\" fetchpriority=\"high\" class='wp-image-29596 avia-img-lazy-loading-not-29596 avia_image ' src=\"https:\/\/car4rent.fr\/wp-content\/uploads\/hire-bentley-French-Riviera-1500x1125.jpg\" alt='louer une Bentley, Location de voitures de sport' title='Location de voitures de sport'  height=\"1125\" width=\"1500\" srcset=\"https:\/\/car4rent.fr\/wp-content\/uploads\/hire-bentley-French-Riviera-1500x1125.jpg 1500w, https:\/\/car4rent.fr\/wp-content\/uploads\/hire-bentley-French-Riviera-300x225.jpg 300w, https:\/\/car4rent.fr\/wp-content\/uploads\/hire-bentley-French-Riviera-768x576.jpg 768w, https:\/\/car4rent.fr\/wp-content\/uploads\/hire-bentley-French-Riviera-1030x773.jpg 1030w, https:\/\/car4rent.fr\/wp-content\/uploads\/hire-bentley-French-Riviera-248x186.jpg 248w, https:\/\/car4rent.fr\/wp-content\/uploads\/hire-bentley-French-Riviera-107x80.jpg 107w, https:\/\/car4rent.fr\/wp-content\/uploads\/hire-bentley-French-Riviera-705x529.jpg 705w, https:\/\/car4rent.fr\/wp-content\/uploads\/hire-bentley-French-Riviera-450x338.jpg 450w\" sizes=\"(max-width: 1500px) 100vw, 1500px\" \/><\/div><\/div><\/div><\/p><\/div>\n<style type=\"text\/css\" data-created_by=\"avia_inline_auto\" id=\"style-css-av-iq18ph-17df05f87804e27d443cee66fdcca551\">\n#top .flex_column.av-iq18ph-17df05f87804e27d443cee66fdcca551{\nmargin-top:0px;\nmargin-bottom:0px;\n}\n.flex_column.av-iq18ph-17df05f87804e27d443cee66fdcca551{\nborder-radius:0px 0px 0px 0px;\npadding:20px 40px 20px 30px;\nbackground-color:#cecece;\n}\n.responsive #top #wrap_all .flex_column.av-iq18ph-17df05f87804e27d443cee66fdcca551{\nmargin-top:0px;\nmargin-bottom:0px;\n}\n<\/style>\n<div  class='flex_column av-iq18ph-17df05f87804e27d443cee66fdcca551 av_one_third  avia-builder-el-4  el_after_av_two_third  avia-builder-el-last  flex_column_div  '     ><p>\n<style type=\"text\/css\" data-created_by=\"avia_inline_auto\" id=\"style-css-av-k88xzgqv-baf892d74a42499532dd25781b53c24f\">\n#top .av_textblock_section.av-k88xzgqv-baf892d74a42499532dd25781b53c24f .avia_textblock{\nfont-size:13px;\n}\n<\/style>\n<section  class='av_textblock_section av-k88xzgqv-baf892d74a42499532dd25781b53c24f '  ><div class='avia_textblock' ><p>TARIFS<\/p>\n<hr \/>\n<p>1-3 jours 2.200 \u20ac<\/p>\n<p>4-7 jours 2.000 \u20ac<\/p>\n<p>+8 jours 1.800\u20ac<\/p>\n<p>km suppl\u00e9mentaire 9 \u20ac<\/p>\n<p>D\u00e9p\u00f4t 20.000 \u20ac<\/p>\n<p>\u00c2ge minimum 27 ans<\/p>\n<hr \/>\n<p>Prix par jour &#8211; 200km inclus<\/p>\n<\/div><\/section><br \/>\n<div  class='hr av-gw1zg5-64b4ae568f1caab421aa274c9c7e8368 hr-default  avia-builder-el-6  el_after_av_textblock  el_before_av_textblock '><span class='hr-inner '><span class=\"hr-inner-style\"><\/span><\/span><\/div><br \/>\n\n<style type=\"text\/css\" data-created_by=\"avia_inline_auto\" id=\"style-css-av-k88y25xa-b673a83e97146b18ca28ea16fa399f4f\">\n#top .av_textblock_section.av-k88y25xa-b673a83e97146b18ca28ea16fa399f4f .avia_textblock{\nfont-size:13px;\n}\n<\/style>\n<section  class='av_textblock_section av-k88y25xa-b673a83e97146b18ca28ea16fa399f4f '  ><div class='avia_textblock' ><p>SP\u00c9CIFICATIONS<\/p>\n<hr \/>\n<ul>\n<li>Nombre de si\u00e8ges : 4<\/li>\n<li>Espace bagages : 4<\/li>\n<li>Moteur : 4.0L &#8211; 635bhp \/ 6.000 rpm 4WD<\/li>\n<li>Transmission : Auto<\/li>\n<li>0-100 km\/h : 3 ,7 sec.<\/li>\n<li>Max. Vitesse : 333 km\/h<\/li>\n<li>Carburant : Essence<\/li>\n<\/ul>\n<\/div><\/section><\/p><\/div>\n<\/div><\/div><\/main><!-- close content main element --><\/div><\/div><div id='after_section_1'  class='main_color av_default_container_wrap container_wrap fullsize'  ><div class='container av-section-cont-open' ><div class='template-page content  av-content-full alpha units'><div class='post-entry post-entry-type-page post-entry-30915'><div class='entry-content-wrapper clearfix'>\n\n<style type=\"text\/css\" data-created_by=\"avia_inline_auto\" id=\"style-css-av-fn9rbp-57e5062edd75573718af36e9ed0c6fbf\">\n#top .flex_column.av-fn9rbp-57e5062edd75573718af36e9ed0c6fbf{\nmargin-top:0px;\nmargin-bottom:0px;\n}\n.flex_column.av-fn9rbp-57e5062edd75573718af36e9ed0c6fbf{\nborder-radius:0px 0px 0px 0px;\npadding:0px 0px 0px 0px;\nbackground-color:#ffffff;\n}\n.responsive #top #wrap_all .flex_column.av-fn9rbp-57e5062edd75573718af36e9ed0c6fbf{\nmargin-top:0px;\nmargin-bottom:0px;\n}\n<\/style>\n<div  class='flex_column av-fn9rbp-57e5062edd75573718af36e9ed0c6fbf av_one_full  avia-builder-el-8  el_after_av_section  el_before_av_section  avia-builder-el-no-sibling  first flex_column_div av-zero-column-padding  '     ><section  class='av_textblock_section av-k88y3tc6-b7d7b21f719ec95de8755db9ed74928b '  ><div class='avia_textblock' ><section id=\"block0\">\n<div>\n<div>\n<h2>Location Bentley : La Continental Cabriolet en quelques mots<\/h2>\n<p>Location Bentley sur la <a href=\"https:\/\/generationvoyage.fr\/visiter-cote-azur-faire-voir\/\" target=\"_blank\" rel=\"noopener\">C\u00f4te d&rsquo;Azur<\/a> &#8211; La Continental GTC est l&rsquo;une des plus belles voitures d\u00e9capotables au monde. Ce mod\u00e8le est la voiture qui a permis \u00e0 Bentley de redresser la barre, apr\u00e8s que le rachat de la soci\u00e9t\u00e9 par Volkswagen en 1998 lui a donn\u00e9 les moyens de concevoir et de construire une version plus moderne du th\u00e8me du luxe sportif. Le cabriolet quatre places est magnifiquement fini.<\/p>\n<p>L&rsquo;espace pour les jambes \u00e0 l&rsquo;arri\u00e8re est cependant assez restreint, ce qui signifie que les adultes ne seront satisfaits que pour les trajets les plus courts. M\u00eame avec le toit en place, la garde au toit est bonne aux quatre places. Inutile de pr\u00e9ciser que le confort et le luxe sont omnipr\u00e9sents avec de merveilleux si\u00e8ges qui massent votre dos pendant que vous conduisez.<\/p>\n<\/div>\n<\/div>\n<\/section>\n<section id=\"block1\">\n<div>\n<div>\n<h3>Location Bentley : la Classe<\/h3>\n<p>La version W12 a re\u00e7u la suspension sportive mais reste une superbe voiture de tourisme longue distance. Sans effort, compte tenu de la taille et de la puissance, tous les cabriolets GT sont \u00e9quip\u00e9s d&rsquo;une bo\u00eete de vitesses automatique \u00e0 huit rapports, ce qui fait que la conduite d&rsquo;un cabriolet ne peut pas \u00eatre plus facile. Pour un v\u00e9hicule aussi lourd (2,2 tonnes), la direction est agr\u00e9ablement l\u00e9g\u00e8re \u00e0 basse vitesse et les freins sont \u00e0 la fois lin\u00e9aires et puissants.<\/p>\n<p>Tr\u00e8s agr\u00e9able \u00e0 conduire, le cabriolet est tr\u00e8s puissant avec ses 635 ch et passe de 0 \u00e0 100 km\/h en 3,7 secondes. Les mod\u00e8les GTC vous donneront le sourire, tant par leur vitesse d&rsquo;acc\u00e9l\u00e9ration que par leur adh\u00e9rence dans les virages.<\/p>\n<p>Chez Car4rent, nous sommes sp\u00e9cialis\u00e9s non seulement dans la location de Bentley, mais aussi dans la location de voitures de luxe et de sport. Prenez le volant d&rsquo;une <a href=\"https:\/\/car4rent.fr\/fr\/rent-ferrari\/\"><strong>Ferrari<\/strong><\/a>,\n            <a href=\"https:\/\/car4rent.fr\/fr\/rent-lamborghini\/\"><strong>Lamborghini<\/strong><\/a>,\n            <a href=\"https:\/\/car4rent.fr\/fr\/rent-porsche\/\"><strong>Porsche<\/strong><\/a>,\n            <a href=\"https:\/\/car4rent.fr\/fr\/range-rover-rental\/\"><strong>Range Rover<\/strong><\/a>,\n            <a href=\"https:\/\/car4rent.fr\/fr\/bentley-hire\/\"><strong>Bentley<\/strong><\/a>,\n            <a href=\"https:\/\/car4rent.fr\/fr\/rent-rolls-royce\/\"><strong>Rolls Royce<\/strong><\/a>, and\n            <a href=\"https:\/\/car4rent.fr\/fr\/mercedes-rental\/\"><strong>Mercedes AMG<\/strong><\/a>., toutes les marques qui sont synonymes de puissance, de performance, d&rsquo;agilit\u00e9 et de s\u00e9curit\u00e9, en un mot : l&rsquo;Excellence.<\/p>\n<p>Vous \u00eates int\u00e9ress\u00e9 par la location dune Bentley, n&rsquo;h\u00e9sitez pas \u00e0 <a href=\"https:\/\/car4rent.fr\/fr\/contact\/\" target=\"_blank\" rel=\"noopener\">contacter<\/a> notre \u00e9quipe, et r\u00e9servez d\u00e8s maintenant votre location Bentley Continental Cabriolet.<\/p>\n<\/div>\n<\/div>\n<\/section>\n<\/div><\/section><br \/>\n<div  class='avia-button-wrap av-1fhc05-b4a19ce50b9bf16a3876aa1a041ee4cb-wrap avia-button-left  avia-builder-el-10  el_after_av_textblock  avia-builder-el-last '><a href=\"https:\/\/car4rent.fr\/fr\/contact\/\" class=\"avia-button av-1fhc05-b4a19ce50b9bf16a3876aa1a041ee4cb av-link-btn avia-icon_select-yes-left-icon avia-size-small avia-position-left avia-color-theme-color\" aria-label=\"Demande un devis gratuit !\"><span class='avia_button_icon avia_button_icon_left avia-iconfont avia-font-entypo-fontello' data-av_icon='\ue889' data-av_iconfont='entypo-fontello' ><\/span><span class='avia_iconbox_title' >Demande un devis gratuit !<\/span><\/a><\/div><\/p><\/div>\n<\/div><\/div><\/div><!-- close content main div --><\/div><\/div>\n<style type=\"text\/css\" data-created_by=\"avia_inline_auto\" id=\"style-css-av-cawro5-87f971c8560a86f28b15cda031961be0\">\n.avia-section.av-cawro5-87f971c8560a86f28b15cda031961be0{\nbackground-color:#f3f3f3;\nbackground-image:unset;\n}\n<\/style>\n<div id='av_section_2'  class='avia-section av-cawro5-87f971c8560a86f28b15cda031961be0 main_color avia-section-small avia-no-border-styling  avia-builder-el-11  el_after_av_one_full  el_before_av_section  avia-bg-style-scroll container_wrap fullsize'  ><div class='container av-section-cont-open' ><div class='template-page content  av-content-full alpha units'><div class='post-entry post-entry-type-page post-entry-30915'><div class='entry-content-wrapper clearfix'>\n<section  class='av_textblock_section av-11jd0l-3eaad285268e3645ed7774b88e655153 '  ><div class='avia_textblock' ><p>[client]<\/p>\n<\/div><\/section>\n\n<\/div><\/div><\/div><!-- close content main div --><\/div><\/div>\n<style type=\"text\/css\" data-created_by=\"avia_inline_auto\" id=\"style-css-av-97ka45-ba86464853dbf87e0afd30be81dc5c46\">\n.avia-section.av-97ka45-ba86464853dbf87e0afd30be81dc5c46{\nbackground-color:#27202d;\nbackground-image:unset;\n}\n<\/style>\n<div id='av_section_3'  class='avia-section av-97ka45-ba86464853dbf87e0afd30be81dc5c46 main_color avia-section-small avia-no-border-styling  avia-builder-el-13  el_after_av_section  avia-builder-el-last  avia-bg-style-scroll container_wrap fullsize'  ><div class='container av-section-cont-open' ><div class='template-page content  av-content-full alpha units'><div class='post-entry post-entry-type-page post-entry-30915'><div class='entry-content-wrapper clearfix'>\n<div  class='flex_column av-av_one_full-db3c685d37a83d385059f6f31cd9c4a7 av_one_full  avia-builder-el-14  avia-builder-el-no-sibling  first flex_column_div  '     ><section  class='av_textblock_section av-lv0mv42p-455f5d429955535a7f5955c60f2ab668 '  ><div class='avia_textblock' ><p style=\"text-align: center;\"><span style=\"font-size: 18pt;\">Louer une Bentley ou choissisez votre mod\u00e8le pr\u00e9f\u00e9r\u00e9 parmi la collection de voitures de r\u00eave de Car4rent.<\/span><\/p>\n<\/div><\/section><\/div>\n\n","protected":false},"excerpt":{"rendered":"","protected":false},"author":3,"featured_media":29588,"parent":0,"menu_order":2400,"comment_status":"closed","ping_status":"closed","template":"","meta":{"_acf_changed":false,"footnotes":""},"class_list":["post-30915","page","type-page","status-publish","has-post-thumbnail","hentry"],"acf":[],"_links":{"self":[{"href":"https:\/\/car4rent.fr\/fr\/wp-json\/wp\/v2\/pages\/30915","targetHints":{"allow":["GET"]}}],"collection":[{"href":"https:\/\/car4rent.fr\/fr\/wp-json\/wp\/v2\/pages"}],"about":[{"href":"https:\/\/car4rent.fr\/fr\/wp-json\/wp\/v2\/types\/page"}],"author":[{"embeddable":true,"href":"https:\/\/car4rent.fr\/fr\/wp-json\/wp\/v2\/users\/3"}],"replies":[{"embeddable":true,"href":"https:\/\/car4rent.fr\/fr\/wp-json\/wp\/v2\/comments?post=30915"}],"version-history":[{"count":0,"href":"https:\/\/car4rent.fr\/fr\/wp-json\/wp\/v2\/pages\/30915\/revisions"}],"wp:featuredmedia":[{"embeddable":true,"href":"https:\/\/car4rent.fr\/fr\/wp-json\/wp\/v2\/media\/29588"}],"wp:attachment":[{"href":"https:\/\/car4rent.fr\/fr\/wp-json\/wp\/v2\/media?parent=30915"}],"curies":[{"name":"wp","href":"https:\/\/api.w.org\/{rel}","templated":true}]}}