{"id":30908,"date":"2023-11-10T16:56:12","date_gmt":"2023-11-10T15:56:12","guid":{"rendered":"https:\/\/car4rent.fr\/location-de-voitures-de-luxe-eze\/"},"modified":"2024-03-23T23:54:57","modified_gmt":"2024-03-23T22:54:57","slug":"location-de-voitures-de-luxe-a-eze","status":"publish","type":"page","link":"https:\/\/car4rent.fr\/fr\/location-de-voitures-de-luxe-a-eze\/","title":{"rendered":"Location de voitures de luxe \u00e0 Eze"},"content":{"rendered":"\n<style type=\"text\/css\" data-created_by=\"avia_inline_auto\" id=\"style-css-av-k9iq87co-1012160467d836c7e3d5b14ee836c1c0\">\n.avia-section.av-k9iq87co-1012160467d836c7e3d5b14ee836c1c0{\nbackground-repeat:no-repeat;\nbackground-image:url(https:\/\/car4rent.fr\/wp-content\/uploads\/lamborghini_low-1024x683-1-1024x423.jpg);\nbackground-position:50% 0%;\nbackground-attachment:scroll;\n}\n<\/style>\n<div id='header-section'  class='avia-section av-k9iq87co-1012160467d836c7e3d5b14ee836c1c0 main_color avia-section-huge avia-no-border-styling  avia-builder-el-0  el_before_av_one_full  avia-builder-el-first  avia-full-stretch avia-bg-style-scroll av-minimum-height av-minimum-height-custom av-height-custom  container_wrap fullsize'  data-section-bg-repeat='stretch' data-av_minimum_height_px='700'><div class='container av-section-cont-open' style='height:700px'><main  class='template-page content  av-content-full alpha units'><div class='post-entry post-entry-type-page post-entry-30908'><div class='entry-content-wrapper clearfix'><\/div><\/div><\/main><!-- close content main element --><\/div><\/div><div id='after_section_1'  class='main_color av_default_container_wrap container_wrap fullsize'  ><div class='container av-section-cont-open' ><div class='template-page content  av-content-full alpha units'><div class='post-entry post-entry-type-page post-entry-30908'><div class='entry-content-wrapper clearfix'>\n\n<style type=\"text\/css\" data-created_by=\"avia_inline_auto\" id=\"style-css-av-9s6mecc-2ab9e2df807f2b59b5653cc609d8064f\">\n.flex_column.av-9s6mecc-2ab9e2df807f2b59b5653cc609d8064f{\nborder-radius:0px 0px 0px 0px;\npadding:0px 0px 0px 0px;\n}\n<\/style>\n<div  class='flex_column av-9s6mecc-2ab9e2df807f2b59b5653cc609d8064f av_one_full  avia-builder-el-1  el_after_av_section  el_before_av_hr  avia-builder-el-first  first flex_column_div av-zero-column-padding  '     ><section  class='av_textblock_section av-k9iq5tou-fd78dca57654a395cb569156408b77a5 '  ><div class='avia_textblock' ><h1><strong>Location de voitures de luxe \u00e0 Eze<\/strong><\/h1>\n<p><strong>Location de voitures de luxe \u00e0 Eze<\/strong> au meilleur prix. Partez \u00e0 la d\u00e9couverte de ce charmant village m\u00e9di\u00e9val perch\u00e9 sur une colline de la <span style=\"color: #0000ff;\"><strong><a style=\"color: #0000ff;\" href=\"https:\/\/generationvoyage.fr\/visiter-cote-azur-faire-voir\/\" target=\"_blank\" rel=\"noopener\">C\u00f4te d&rsquo;Azur<\/a><\/strong><\/span>. Depuis des ann\u00e9es, c&rsquo;est une destination romantique.<\/p>\n<p>Chez Car4rent, nous vous offrons une large gamme de voitures de luxe, disponibles sur la C\u00f4te d&rsquo;Azur, et bien s\u00fbr, nous vous offrons un service client de premier ordre. Avec des options telles que <a href=\"https:\/\/car4rent.fr\/fr\/louer-une-ferrari\/\"><strong>Ferrari<\/strong><\/a>,\n            <a href=\"https:\/\/car4rent.fr\/fr\/louer-une-lamborghini\/\"><strong>Lamborghini<\/strong><\/a>,\n            <a href=\"https:\/\/car4rent.fr\/fr\/louer-une-porsche\/\"><strong>Porsche<\/strong><\/a>,\n            <a href=\"https:\/\/car4rent.fr\/fr\/louer-un-land-rover\/\"><strong>Land Rover<\/strong><\/a>,\n            <a href=\"https:\/\/car4rent.fr\/fr\/louer-une-mercedes\/\"><strong>Mercedes AMG<\/strong><\/a>,\n            <a href=\"https:\/\/car4rent.fr\/fr\/louer-une-bentley\/\"><strong>Bentley<\/strong><\/a>,\n            <a href=\"https:\/\/car4rent.fr\/fr\/louer-une-rolls-royce\/\"><strong>Rolls-Royce<\/strong><\/a>, et\n            <a href=\"https:\/\/car4rent.fr\/fr\/louer-une-audi\/\"><strong>Audi<\/strong><\/a>. vous ferez l&rsquo;exp\u00e9rience d&rsquo;un confort et de performances in\u00e9gal\u00e9s.<\/p>\n<h2>LOCATION DE VOITURES DE LUXE A EZE<\/h2>\n<p>Partez pour un voyage fantastique sur la magnifique C\u00f4te d&rsquo;Azur pendant vos vacances en France ! Votre destination aujourd&rsquo;hui est le village d&rsquo;Eze, situ\u00e9 \u00e0 c\u00f4t\u00e9 de Monaco.<span style=\"color: #0000ff;\"><strong><br \/>\n<\/strong><br \/>\n<\/span>Visitez des lieux embl\u00e9matiques, et essayez d&rsquo;en apprendre davantage sur l&rsquo;histoire et la culture fascinantes de la France.<\/p>\n<p>Commencez votre balade p<span style=\"color: #000000;\">ar la Moyenne Corniche et profitez d&rsquo;une vue imprenable sur Saint-Jean-Cap-Ferrat et <\/span><span style=\"color: #0000ff;\"><span style=\"color: #000000;\">Villefranche-sur-mer.<\/span><strong><br \/>\n<\/strong><img loading=\"lazy\" decoding=\"async\" class=\"alignnone wp-image-37086\" src=\"https:\/\/car4rent.fr\/wp-content\/uploads\/Porsche-992-Carrera-4S-scaled-2.jpg\" alt=\"location de voitures de luxe a eze, Abonnement voiture de luxe, Location de voiture pour film et tournage, location voiture haut de gamme, Louer un cabriolet, Location de voiture de prestige \u00e0 Monaco, Location de voitures luxe Monaco, Location voiture de luxe PaCa, Location d&#039;une voiture de sport sur la cote d&#039;azur, Location de voiture de sport sur la C\u00f4te d&#039;azur, Porsche de location, Louer une Porsche \u00e0 Antibes\" width=\"278\" height=\"208\" title=\"Car4Rent Cannes\" srcset=\"https:\/\/car4rent.fr\/wp-content\/uploads\/\/Porsche-992-Carrera-4S-scaled-2.jpg 2304w, https:\/\/car4rent.fr\/wp-content\/uploads\/\/Porsche-992-Carrera-4S-scaled-2-300x225.jpg 300w, https:\/\/car4rent.fr\/wp-content\/uploads\/\/Porsche-992-Carrera-4S-scaled-2-1030x773.jpg 1030w, https:\/\/car4rent.fr\/wp-content\/uploads\/\/Porsche-992-Carrera-4S-scaled-2-768x576.jpg 768w, https:\/\/car4rent.fr\/wp-content\/uploads\/\/Porsche-992-Carrera-4S-scaled-2-1536x1152.jpg 1536w, https:\/\/car4rent.fr\/wp-content\/uploads\/\/Porsche-992-Carrera-4S-scaled-2-2048x1536.jpg 2048w, https:\/\/car4rent.fr\/wp-content\/uploads\/\/Porsche-992-Carrera-4S-scaled-2-1500x1125.jpg 1500w, https:\/\/car4rent.fr\/wp-content\/uploads\/\/Porsche-992-Carrera-4S-scaled-2-705x529.jpg 705w, https:\/\/car4rent.fr\/wp-content\/uploads\/\/Porsche-992-Carrera-4S-scaled-2-450x338.jpg 450w\" sizes=\"auto, (max-width: 278px) 100vw, 278px\" \/><img loading=\"lazy\" decoding=\"async\" class=\"alignnone wp-image-36823 \" src=\"https:\/\/car4rent.fr\/wp-content\/uploads\/P1001068-scaled-1.jpg\" alt=\"location de voitures de luxe a eze, louer une voiture, Location de voiture de luxe \u00e0 Saint-Rapha\u00ebl, location de voiture de prestige \u00e0 Monaco, Location de voiture de luxe, Location d&#039;une voiture de sport, Louer voiture de luxe\" width=\"381\" height=\"208\" title=\"Car4Rent Cannes\" srcset=\"https:\/\/car4rent.fr\/wp-content\/uploads\/P1001068-scaled-1.jpg 2560w, https:\/\/car4rent.fr\/wp-content\/uploads\/P1001068-scaled-1-300x164.jpg 300w, https:\/\/car4rent.fr\/wp-content\/uploads\/P1001068-scaled-1-1030x563.jpg 1030w, https:\/\/car4rent.fr\/wp-content\/uploads\/P1001068-scaled-1-768x420.jpg 768w, https:\/\/car4rent.fr\/wp-content\/uploads\/P1001068-scaled-1-1536x839.jpg 1536w, https:\/\/car4rent.fr\/wp-content\/uploads\/P1001068-scaled-1-2048x1119.jpg 2048w, https:\/\/car4rent.fr\/wp-content\/uploads\/P1001068-scaled-1-1500x820.jpg 1500w, https:\/\/car4rent.fr\/wp-content\/uploads\/P1001068-scaled-1-705x385.jpg 705w, https:\/\/car4rent.fr\/wp-content\/uploads\/P1001068-scaled-1-450x246.jpg 450w\" sizes=\"auto, (max-width: 381px) 100vw, 381px\" \/><img loading=\"lazy\" decoding=\"async\" class=\"alignnone wp-image-37068 \" src=\"https:\/\/car4rent.fr\/wp-content\/uploads\/Rent-Range-Rover-Cannes-scaled-1-1030x773-1.jpg\" alt=\"location de voitures de luxe a eze, Location de voitures de luxe \u00e0 cannes, Location voiture haut de gamme, Louer un SUV, Location voiture haut de gamme, location de land rover, location de voiture nice a\u00e9roport, land rover de locataion, location de voiture de prestige \u00e0 Monaco\" width=\"278\" height=\"208\" title=\"Car4Rent Cannes\" srcset=\"https:\/\/car4rent.fr\/wp-content\/uploads\/\/Rent-Range-Rover-Cannes-scaled-1-1030x773-1.jpg 927w, https:\/\/car4rent.fr\/wp-content\/uploads\/\/Rent-Range-Rover-Cannes-scaled-1-1030x773-1-300x225.jpg 300w, https:\/\/car4rent.fr\/wp-content\/uploads\/\/Rent-Range-Rover-Cannes-scaled-1-1030x773-1-768x576.jpg 768w, https:\/\/car4rent.fr\/wp-content\/uploads\/\/Rent-Range-Rover-Cannes-scaled-1-1030x773-1-705x529.jpg 705w, https:\/\/car4rent.fr\/wp-content\/uploads\/\/Rent-Range-Rover-Cannes-scaled-1-1030x773-1-450x337.jpg 450w\" sizes=\"auto, (max-width: 278px) 100vw, 278px\" \/><br \/>\n<\/span><\/p>\n<h2>Location de voitures de luxe \u00e0 Eze<\/h2>\n<p>Apr\u00e8s votre road trip, repos au village d&rsquo;Eze, surnomm\u00e9 le\u00a0 \u00ab\u00a0Nid d&rsquo;aigle\u00a0\u00bb en raison de sa situation dominante. Les plus beaux h\u00f4tels comme le \u00ab\u00a0Ch\u00e2teau de la Chevre d&rsquo;Or\u00a0\u00bb ou le \u00ab\u00a0Ch\u00e2teau Eza\u00a0\u00bb vous feront plonger dans le luxe.<\/p>\n<p>Prenez le temps de d\u00e9couvrir la c\u00e9l\u00e8bre fabrique de parfums Fragonard et d&rsquo;explorer le village m\u00e9di\u00e9val. Ensuite, vous vous rendrez dans la Principaut\u00e9 de Monte-Carlo pour d\u00e9couvrir les c\u00e9l\u00e8bres monuments de la ville, tels que la cath\u00e9drale Saint-Nicolas, le Palais Princier et bien d&rsquo;autres merveilles encore !<\/p>\n<p>Tentez votre chance au casino mondialement connu de Monte-Carlo et faites du shopping dans les boutiques de mode haut de gamme. Suivez les traces des pilotes de Formule 1 et vivez une exp\u00e9rience palpitante au volant d&rsquo;une voiture de sport de luxe sur les pistes du fameux circuit..<\/p>\n<h2><strong>Location de voitures de luxe \u00e0 Eze &#8211; b\u00e9n\u00e9ficiez de notre service de livraison<\/strong><\/h2>\n<p>Profitez du service de livraison de Car4rent en France. Prenez et d\u00e9posez votre voiture de location \u00e0 Eze, ou \u00e0 la destination de votre choix : \u00e0 l&rsquo;a\u00e9roport ou \u00e0 votre h\u00f4tel ou sur votre lieu de vill\u00e9giature.<\/p>\n<h5>A Eze Rolls Royce location, \u00e0 Eze Ferrari location, \u00e0 Eze Range Rover Sport location<\/h5>\n<p>Louer une voiture de luxe \u00e0 Eze, mais avant d\u00e9couvrez notre large s\u00e9lection de v\u00e9hicules.<\/p>\n<p><strong><br \/>\n<span style=\"color: blue;\"><a href=\"https:\/\/car4rent.fr\/fr\/contact\/\" target=\"_blank\" rel=\"noopener\">R\u00e9servez<\/a><\/span><\/strong> votre location de voitures de luxe Eze \u00e0 l&rsquo;avance, et vous serez pr\u00eat \u00e0 d\u00e9couvrir les d\u00e9lices de la C\u00f4te d&rsquo;Azur en toute libert\u00e9.<\/p>\n<\/div><\/section><\/div><div  class='hr av-wszsf0-ede4e34081ed15208f7e96589c42f612 hr-default  avia-builder-el-3  el_after_av_one_full  el_before_av_one_fourth '><span class='hr-inner '><span class=\"hr-inner-style\"><\/span><\/span><\/div><\/p>\n\n<style type=\"text\/css\" data-created_by=\"avia_inline_auto\" id=\"style-css-av-9az2q8s-0675f8a533558c48c3f1eda5248f27d9\">\n.flex_column.av-9az2q8s-0675f8a533558c48c3f1eda5248f27d9{\nborder-radius:0px 0px 0px 0px;\npadding:0px 0px 0px 0px;\n}\n<\/style>\n<div  class='flex_column av-9az2q8s-0675f8a533558c48c3f1eda5248f27d9 av_one_fourth  avia-builder-el-4  el_after_av_hr  el_before_av_one_fourth  first flex_column_div av-zero-column-padding  '     ><section  class='av_textblock_section av-915u918-85af403bfc9e105aa22f4ceabad3a2f8 '  ><div class='avia_textblock' ><h5>Location de voitures de luxe \u00e0 Eze<\/h5>\n<hr \/>\n<p>Nous proposons \u00e0 la location des voitures de luxe et de sport, mais \u00e9galement une large gamme de SUV et de cabriolets. D\u00e9couvrez nos voitures de r\u00eave.<\/p>\n<p>Prix \u00e0 partir de 260\u20ac \/ jour.<\/p>\n<\/div><\/section><\/div>\n<style type=\"text\/css\" data-created_by=\"avia_inline_auto\" id=\"style-css-av-8j43wkc-cac9baf081441730e86d5aa59314a304\">\n.flex_column.av-8j43wkc-cac9baf081441730e86d5aa59314a304{\nborder-radius:0px 0px 0px 0px;\npadding:0px 0px 0px 0px;\n}\n<\/style>\n<div  class='flex_column av-8j43wkc-cac9baf081441730e86d5aa59314a304 av_one_fourth  avia-builder-el-6  el_after_av_one_fourth  el_before_av_one_fourth  flex_column_div av-zero-column-padding  '     ><section  class='av_textblock_section av-87kf1zw-5fa22dce9415d9a1c76c0f15a22689b9 '  ><div class='avia_textblock' ><h5>Agences \u00e0 l\u2019a\u00e9roport de Nice, Cannes, Monaco et Saint-Tropez<\/h5>\n<hr \/>\n<p>Nous proposons \u00e0 la location des voitures de sport et de luxe, mais \u00e9galement une large gamme de SUV et de cabriolets. D\u00e9couvrez nos voitures de r\u00eave.<\/p>\n<\/div><\/section><\/div>\n<style type=\"text\/css\" data-created_by=\"avia_inline_auto\" id=\"style-css-av-7m58a4c-43be94c40f24f6ab7b2977c53eea8dc2\">\n.flex_column.av-7m58a4c-43be94c40f24f6ab7b2977c53eea8dc2{\nborder-radius:0px 0px 0px 0px;\npadding:0px 0px 0px 0px;\n}\n<\/style>\n<div  class='flex_column av-7m58a4c-43be94c40f24f6ab7b2977c53eea8dc2 av_one_fourth  avia-builder-el-8  el_after_av_one_fourth  el_before_av_one_fourth  flex_column_div av-zero-column-padding  '     ><section  class='av_textblock_section av-72bwu8s-efc39e48f81878b4e67514684fcfda97 '  ><div class='avia_textblock' ><h5>Test Drive &#8211; Faites de votre r\u00eave une r\u00e9alit\u00e9<\/h5>\n<hr \/>\n<p>Offrez-vous une exp\u00e9rience de conduite unique au volant d&rsquo;une supercar. Prenez le volant d&rsquo;une Lamborghini, d&rsquo;une Ferrari ou d&rsquo;une Porsche sans vous ruiner. Pour des raisons de s\u00e9curit\u00e9, vous roulerez accompagn\u00e9. \u00c0 partir de 195\u20ac pp.<\/p>\n<h2><i>\u00a0<\/i><\/h2>\n<\/div><\/section><\/div>\n<style type=\"text\/css\" data-created_by=\"avia_inline_auto\" id=\"style-css-av-6qd3kws-298e24f313bed213d7b82f3097d11155\">\n.flex_column.av-6qd3kws-298e24f313bed213d7b82f3097d11155{\nborder-radius:0px 0px 0px 0px;\npadding:0px 0px 0px 0px;\n}\n<\/style>\n<div  class='flex_column av-6qd3kws-298e24f313bed213d7b82f3097d11155 av_one_fourth  avia-builder-el-10  el_after_av_one_fourth  el_before_av_section  avia-builder-el-last  flex_column_div av-zero-column-padding  '     ><section  class='av_textblock_section av-62kj8vw-26d2ac766ac5439b8515b5da3067fd80 '  ><div class='avia_textblock' ><h5>Un service sur mesure<\/h5>\n<hr \/>\n<p>Une \u00e9quipe d\u00e9vou\u00e9e et attentive se tient \u00e0 votre disposition pour vous fournir toute information ou r\u00e9pondre \u00e0 vos demandes. Votre voiture peut \u00eatre livr\u00e9e sur demande directement \u00e0 votre arriv\u00e9e \u00e0 l&rsquo;a\u00e9roport de Nice, sur votre lieu de vill\u00e9giature, \u00e0 votre h\u00f4tel ou n&rsquo;importe o\u00f9 en France \u00e0 la destination de votre choix.<\/p>\n<\/div><\/section><\/div><\/div><\/div><\/div><!-- close content main div --><\/div><\/div>\n<style type=\"text\/css\" data-created_by=\"avia_inline_auto\" id=\"style-css-av-3s8pacc-6990eccc39d2357762181ec0f3c04d07\">\n.avia-section.av-3s8pacc-6990eccc39d2357762181ec0f3c04d07{\nbackground-color:#f3f3f3;\nbackground-image:unset;\n}\n<\/style>\n<div id='sectioncustom'  class='avia-section av-3s8pacc-6990eccc39d2357762181ec0f3c04d07 main_color avia-section-default avia-no-border-styling  avia-builder-el-12  el_after_av_one_fourth  el_before_av_google_map  avia-bg-style-scroll container_wrap fullsize'  ><div class='container av-section-cont-open' ><div class='template-page content  av-content-full alpha units'><div class='post-entry post-entry-type-page post-entry-30908'><div class='entry-content-wrapper clearfix'>\n\n<style type=\"text\/css\" data-created_by=\"avia_inline_auto\" id=\"style-css-av-3a7zdlo-a5d82abfa9efcceff30d682767b98a43\">\n#top .av-special-heading.av-3a7zdlo-a5d82abfa9efcceff30d682767b98a43{\npadding-bottom:0;\n}\nbody .av-special-heading.av-3a7zdlo-a5d82abfa9efcceff30d682767b98a43 .av-special-heading-tag .heading-char{\nfont-size:25px;\n}\n.av-special-heading.av-3a7zdlo-a5d82abfa9efcceff30d682767b98a43 .av-subheading{\nfont-size:15px;\n}\n<\/style>\n<div  class='av-special-heading av-3a7zdlo-a5d82abfa9efcceff30d682767b98a43 av-special-heading-h2 blockquote modern-quote modern-centered  avia-builder-el-13  avia-builder-el-no-sibling '><h2 class='av-special-heading-tag '  >Notre agence de location de voitures <\/h2><div class=\"special-heading-border\"><div class=\"special-heading-inner-border\"><\/div><\/div><\/div>\n<\/p>\n<div  class='av_gmaps_sc_main_wrap av_gmaps_main_wrap '><div id='av_gmap_0' class='avia-google-map-container avia-google-map-sc av_gmaps_show_unconditionally av-no-fallback-img ' data-mapid='av_gmap_0'  style='height: 400px;'><a class=\"av_gmaps_browser_disabled av_text_confirm_link av_text_confirm_link_visible\" href=\"https:\/\/www.google.com\/maps\/search\/?api=1&#038;query=Quai%20Max%20Laubeuf%2006400%20%20%20Cannes%20%20France\" target=\"_blank\" rel=\"noopener\">Les cartes ont \u00e9t\u00e9 d\u00e9sactiv\u00e9es par le visiteur sur ce site. Cliquer pour ouvrir la carte dans une nouvelle fen\u00eatre.<\/a><\/div><\/div>\n\n<style type=\"text\/css\" data-created_by=\"avia_inline_auto\" id=\"style-css-av-2ncxqxo-f5b06c47f65d2a422f2f774ac8baffe9\">\n.avia-section.av-2ncxqxo-f5b06c47f65d2a422f2f774ac8baffe9{\nbackground-color:#6834bd;\nbackground-image:unset;\n}\n<\/style>\n<div id='av_section_3'  class='avia-section av-2ncxqxo-f5b06c47f65d2a422f2f774ac8baffe9 main_color avia-section-default avia-no-border-styling  avia-builder-el-15  el_after_av_google_map  el_before_av_section  avia-bg-style-scroll container_wrap fullsize'  ><div class='container av-section-cont-open' ><div class='template-page content  av-content-full alpha units'><div class='post-entry post-entry-type-page post-entry-30908'><div class='entry-content-wrapper clearfix'>\n\n<style type=\"text\/css\" data-created_by=\"avia_inline_auto\" id=\"style-css-av-25b7egs-71bf15ab31e7fa68a696454f491c0c70\">\n#top .av-special-heading.av-25b7egs-71bf15ab31e7fa68a696454f491c0c70{\npadding-bottom:10px;\ncolor:#ffffff;\nfont-size:30px;\n}\nbody .av-special-heading.av-25b7egs-71bf15ab31e7fa68a696454f491c0c70 .av-special-heading-tag .heading-char{\nfont-size:25px;\n}\n#top #wrap_all .av-special-heading.av-25b7egs-71bf15ab31e7fa68a696454f491c0c70 .av-special-heading-tag{\nfont-size:30px;\n}\n.av-special-heading.av-25b7egs-71bf15ab31e7fa68a696454f491c0c70 .special-heading-inner-border{\nborder-color:#ffffff;\n}\n.av-special-heading.av-25b7egs-71bf15ab31e7fa68a696454f491c0c70 .av-subheading{\nfont-size:15px;\n}\n\n@media only screen and (min-width: 480px) and (max-width: 767px){ \n#top #wrap_all .av-special-heading.av-25b7egs-71bf15ab31e7fa68a696454f491c0c70 .av-special-heading-tag{\nfont-size:0.8em;\n}\n}\n\n@media only screen and (max-width: 479px){ \n#top #wrap_all .av-special-heading.av-25b7egs-71bf15ab31e7fa68a696454f491c0c70 .av-special-heading-tag{\nfont-size:0.8em;\n}\n}\n<\/style>\n<div  class='av-special-heading av-25b7egs-71bf15ab31e7fa68a696454f491c0c70 av-special-heading-h4 custom-color-heading blockquote modern-quote modern-centered  avia-builder-el-16  el_before_av_button  avia-builder-el-first  av-inherit-size'><h4 class='av-special-heading-tag '  >Louer une voiture de luxe \u00e0 Eze juste pour vous faire plaisir<\/h4><div class=\"special-heading-border\"><div class=\"special-heading-inner-border\"><\/div><\/div><\/div>\n<div  class='avia-button-wrap av-1ipkf5o-1c4677f0221471e35b71215b9f61e6cd-wrap avia-button-center  avia-builder-el-17  el_after_av_heading  avia-builder-el-last '><a href=\"https:\/\/car4rent.fr\/fr\/contact\/\" class=\"avia-button av-1ipkf5o-1c4677f0221471e35b71215b9f61e6cd av-link-btn avia-icon_select-yes-left-icon avia-size-large avia-position-center avia-color-grey\" aria-label=\"Contactez l\u2019un de nos experts !\"><span class='avia_button_icon avia_button_icon_left avia-iconfont avia-font-entypo-fontello' data-av_icon='\ue85d' data-av_iconfont='entypo-fontello' ><\/span><span class='avia_iconbox_title' >Contactez l\u2019un de nos experts !<\/span><\/a><\/div>\n\n<\/div><\/div><\/div><!-- close content main div --><\/div><\/div><div id='av_section_4'  class='avia-section av-1ac0d9d-f785943f23cd3b76db71c4fc3a657c9a main_color avia-section-default avia-no-border-styling  avia-builder-el-18  el_after_av_section  avia-builder-el-last  avia-bg-style-scroll container_wrap fullsize'  ><div class='container av-section-cont-open' ><div class='template-page content  av-content-full alpha units'><div class='post-entry post-entry-type-page post-entry-30908'><div class='entry-content-wrapper clearfix'>\n<div  class='avia-builder-widget-area clearfix  avia-builder-el-19  avia-builder-el-no-sibling '><div id=\"text-9\" class=\"widget clearfix widget_text\">\t\t\t<div class=\"textwidget\"><p style=\"text-align: center;\">    <div class=\"car4rent-share-block car4rent-fr\">\n        <a href=\"https:\/\/www.facebook.com\/sharer\/sharer.php?u=\" target=\"_blank\" rel=\"noopener\"><i class=\"fa-brands fa-facebook\"><\/i> Partager<\/a>\n        <a href=\"https:\/\/x.com\/intent\/tweet?url=&amp;text=\" target=\"_blank\" rel=\"noopener\"><i class=\"fa-brands fa-x-twitter\"><\/i> X<\/a>\n        <a href=\"https:\/\/wa.me\/?text=%20\" target=\"_blank\" rel=\"noopener\"><i class=\"fa-brands fa-whatsapp\"><\/i> WhatsApp<\/a>\n        <a href=\"https:\/\/www.instagram.com\/car4rent_cannes\/\" target=\"_blank\" rel=\"noopener\"><i class=\"fa-brands fa-instagram\"><\/i> Instagram<\/a>\n        <a href=\"https:\/\/www.linkedin.com\/company\/car4rent\/about\/\" target=\"_blank\" rel=\"noopener\"><i class=\"fa-brands fa-linkedin\"><\/i> LinkedIn<\/a>\n        <a href=\"https:\/\/www.youtube.com\/@car4rentcannes839\" target=\"_blank\" rel=\"noopener\"><i class=\"fa-brands fa-youtube\"><\/i> YouTube<\/a>\n    <\/div>\n    <\/p>\n<\/div>\n\t\t<\/div><\/div>\n\n","protected":false},"excerpt":{"rendered":"","protected":false},"author":3,"featured_media":29823,"parent":0,"menu_order":1830,"comment_status":"closed","ping_status":"closed","template":"","meta":{"_acf_changed":false,"footnotes":""},"class_list":["post-30908","page","type-page","status-publish","has-post-thumbnail","hentry"],"acf":[],"_links":{"self":[{"href":"https:\/\/car4rent.fr\/fr\/wp-json\/wp\/v2\/pages\/30908","targetHints":{"allow":["GET"]}}],"collection":[{"href":"https:\/\/car4rent.fr\/fr\/wp-json\/wp\/v2\/pages"}],"about":[{"href":"https:\/\/car4rent.fr\/fr\/wp-json\/wp\/v2\/types\/page"}],"author":[{"embeddable":true,"href":"https:\/\/car4rent.fr\/fr\/wp-json\/wp\/v2\/users\/3"}],"replies":[{"embeddable":true,"href":"https:\/\/car4rent.fr\/fr\/wp-json\/wp\/v2\/comments?post=30908"}],"version-history":[{"count":0,"href":"https:\/\/car4rent.fr\/fr\/wp-json\/wp\/v2\/pages\/30908\/revisions"}],"wp:featuredmedia":[{"embeddable":true,"href":"https:\/\/car4rent.fr\/fr\/wp-json\/wp\/v2\/media\/29823"}],"wp:attachment":[{"href":"https:\/\/car4rent.fr\/fr\/wp-json\/wp\/v2\/media?parent=30908"}],"curies":[{"name":"wp","href":"https:\/\/api.w.org\/{rel}","templated":true}]}}