{"id":30887,"date":"2023-11-10T16:56:12","date_gmt":"2023-11-10T15:56:12","guid":{"rendered":"https:\/\/car4rent.fr\/louer-une-lamborghini-a-laeroport-de-nice\/"},"modified":"2024-05-08T20:13:18","modified_gmt":"2024-05-08T18:13:18","slug":"location-lamborghini-nice-aeroport","status":"publish","type":"page","link":"https:\/\/car4rent.fr\/fr\/location-lamborghini-nice-aeroport\/","title":{"rendered":"Location Lamborghini Nice a\u00e9roport"},"content":{"rendered":"\n<style type=\"text\/css\" data-created_by=\"avia_inline_auto\" id=\"style-css-av-k9iq87co-e999d0caef5ab1dd18ce864fa43c2ca7\">\n.avia-section.av-k9iq87co-e999d0caef5ab1dd18ce864fa43c2ca7{\nbackground-repeat:no-repeat;\nbackground-image:url(https:\/\/car4rent.fr\/wp-content\/uploads\/rent-lamborghini-performante-cannes.jpg);\nbackground-position:50% 100%;\nbackground-attachment:scroll;\n}\n<\/style>\n<div id='header-section'  class='avia-section av-k9iq87co-e999d0caef5ab1dd18ce864fa43c2ca7 main_color avia-section-huge avia-no-border-styling  avia-builder-el-0  el_before_av_one_full  avia-builder-el-first  avia-full-stretch avia-bg-style-scroll av-minimum-height av-minimum-height-custom av-height-custom  container_wrap fullsize'  data-section-bg-repeat='stretch' data-av_minimum_height_px='700'><div class='container av-section-cont-open' style='height:700px'><main  class='template-page content  av-content-full alpha units'><div class='post-entry post-entry-type-page post-entry-30887'><div class='entry-content-wrapper clearfix'>\n\n<style type=\"text\/css\" data-created_by=\"avia_inline_auto\" id=\"style-css-av-bdyqnsp-60cc8f7ead1411f61d6250e0df2f764c\">\n.flex_column.av-bdyqnsp-60cc8f7ead1411f61d6250e0df2f764c{\nborder-radius:0px 0px 0px 0px;\npadding:0px 0px 0px 0px;\n}\n<\/style>\n<div  class='flex_column av-bdyqnsp-60cc8f7ead1411f61d6250e0df2f764c av_two_third  avia-builder-el-1  avia-builder-el-no-sibling  first flex_column_div av-zero-column-padding  '     ><style type=\"text\/css\" data-created_by=\"avia_inline_auto\" id=\"style-css-av-lm597f1a-a5dd00043dd39b3c594a5d680b43d0c4\">\n#top .av-special-heading.av-lm597f1a-a5dd00043dd39b3c594a5d680b43d0c4{\npadding-bottom:10px;\n}\nbody .av-special-heading.av-lm597f1a-a5dd00043dd39b3c594a5d680b43d0c4 .av-special-heading-tag .heading-char{\nfont-size:25px;\n}\n.av-special-heading.av-lm597f1a-a5dd00043dd39b3c594a5d680b43d0c4 .av-subheading{\nfont-size:15px;\n}\n<\/style>\n<div  class='av-special-heading av-lm597f1a-a5dd00043dd39b3c594a5d680b43d0c4 av-special-heading-h4  avia-builder-el-2  avia-builder-el-no-sibling '><h4 class='av-special-heading-tag '  >Location Lamborghini Nice a\u00e9roport<\/h4><div class=\"special-heading-border\"><div class=\"special-heading-inner-border\"><\/div><\/div><\/div><\/div>\n<\/div><\/div><\/main><!-- close content main element --><\/div><\/div><div id='after_section_1'  class='main_color av_default_container_wrap container_wrap fullsize'  ><div class='container av-section-cont-open' ><div class='template-page content  av-content-full alpha units'><div class='post-entry post-entry-type-page post-entry-30887'><div class='entry-content-wrapper clearfix'>\n\n<style type=\"text\/css\" data-created_by=\"avia_inline_auto\" id=\"style-css-av-k9of881m-8b75821c00ec2c33f438de9a772a6e49\">\n.flex_column.av-k9of881m-8b75821c00ec2c33f438de9a772a6e49{\nborder-radius:0px 0px 0px 0px;\npadding:0px 0px 0px 0px;\nbackground-color:#ffffff;\n}\n<\/style>\n<div  class='flex_column av-k9of881m-8b75821c00ec2c33f438de9a772a6e49 av_one_full  avia-builder-el-3  el_after_av_section  el_before_av_hr  avia-builder-el-first  first flex_column_div av-zero-column-padding  '     ><section  class='av_textblock_section av-k9iq5tou-fd78dca57654a395cb569156408b77a5 '  ><div class='avia_textblock' ><h1>La Location Lamborghini Nice A\u00e9roport<\/h1>\n<p>Louer une Lamborghini \u00e0 l&rsquo;<span style=\"color: #0000ff;\"><strong><a style=\"color: #0000ff;\" href=\"https:\/\/nice.aeroport.fr\/\" target=\"_blank\" rel=\"noopener\">A\u00e9roport de Nice<\/a> <\/strong><\/span>et partez \u00e0 la d\u00e9couvertes des petits villages pirroresques. Profitez d&rsquo;une large gamme de v\u00e9hicules de sport et de luxe \u00e0 louer. Nous pouvons vous aider \u00e0 faire votre choix pour trouver le v\u00e9hicule id\u00e9al, mais \u00e9galement vous recommander les meilleurs itin\u00e9raires, les restaurants gastronomiques et les h\u00f4tels 5 \u00e9toiles.<\/p>\n<p>Vous appr\u00e9cierez Car4rent pour sa rapidit\u00e9 de r\u00e9ponse, ses prix raisonnables et son large choix de voitures de luxe. Vous aimerez l&rsquo;air de la France et les lumi\u00e8res douces qui ont fait le bonheur de peintres tels que Chagall, Picasso, Matisse et bien d&rsquo;autres. La location Lamborghini Nice A\u00e9roport vous fera d\u00e9marrer votre sejour sur les capeaux de roues.<span style=\"color: #0000ff;\"><strong><br \/>\n<\/strong><br \/>\n<\/span>Prenez le volant d\u00e8s votre arriv\u00e9e \u00e0 l&rsquo;a\u00e9roport de Nice et lancez-vous dans l&rsquo;aventure d&rsquo;explorer la C\u00f4te d&rsquo;Azur. La location Lamborghini Nice a\u00e9roport, c&rsquo;est encore un acc\u00e8s \u00e0 aux performances redoutables que vous procurera une Lamborghini.<\/p>\n<p>Nous disposons de toutes les marques et de tous les mod\u00e8les de luxe, tels que Ferrari, Lamborghini, Porsche, Land Rover, Mercedes AMG, Bentley, Rolls-Royce. Consultez nos cat\u00e9gories de voitures de prestige.<\/p>\n<h2>Lamborghini A\u00e9roport Nice Location<\/h2>\n<p>D\u00e9couvrir la <a href=\"https:\/\/generationvoyage.fr\/visiter-cote-azur-faire-voir\/\" target=\"_blank\" rel=\"noopener\">C\u00f4te d&rsquo;Azur<\/a> sera un pur plaisir au volant d&rsquo;une Lambiorghini. Vous enchainerez les virages dans les cols les plus mythiques du rallye de Monte-Carlo accompagn\u00e9s de paysages pittoresques. D\u00e9couvrez un m\u00e9lange d&rsquo;art culinaire, d&rsquo;hospitalit\u00e9 et de plaisir de conduire lors d&rsquo;un road trip en Lamborghini sur la C\u00f4te d&rsquo;Azur.<\/p>\n<p>Explorez la culture locale, les fantastiques routes de la C\u00f4te d&rsquo;Azur et leurs vues panoramiques, et faites votre choix parmi un large \u00e9ventail de v\u00e9hicules exotiques lors d&rsquo;une balade cheveux au vent \u00e0 travers les paysages luxuriants de la France.<\/p>\n<h3>Les raisons de choisir Lamborghini<\/h3>\n<p>Les voitures exclusives produites par le c\u00e9l\u00e8bre constructeur automobile italien garantissent une conduite exaltante en toute s\u00e9curit\u00e9.<\/p>\n<p>Le prix de location varie de 1 700 \u20ac \u00e0 3 200 \u20ac par jour selon le mod\u00e8le choisi.<\/p>\n<p>Quel que soit le mod\u00e8le, une Lamborghini n&rsquo;est pas seulement sportive et dynamique, elle regorge \u00e9galement d&rsquo;innovations techniques. Le power package combine la puissance d&rsquo;une voiture de course avec l&rsquo;\u00e9l\u00e9gance d&rsquo;un cabriolet ou d&rsquo;un SUV de luxe.<\/p>\n<p>Agressive, massive et \u00e9l\u00e9gante, voici les attributs que l&rsquo;on associe imm\u00e9diatement \u00e0 une Lamborghini. La supercar se distingue par son caract\u00e8re unique. Une Lamborghini est la r\u00e9f\u00e9rence d&rsquo;une voiture de sport. Vous pouvez louer une Lamborghini \u00e0 l&rsquo;a\u00e9roport de Nice chez Car4rent\u00a0 et elle peut vous \u00eatre livr\u00e9e o\u00f9 vous le soiuhaitez partout en France<\/p>\n<p>Lamborghini est l&rsquo;incarnation du style, de l&rsquo;art de vivre et du luxe. Elle est g\u00e9n\u00e9ralement associ\u00e9e \u00e0 la richesse, \u00e0 un style de vie sophistiqu\u00e9 et \u00e0 des loisirs de luxe. Si vous recherchez toutes ces choses, vous \u00eates au bon endroit. Notre soci\u00e9t\u00e9 propose les prix les plus bas pour la location Lamborghini Nice A\u00e9roport afin de faire de vos r\u00eaves une r\u00e9alit\u00e9.<\/p>\n<p>Louez une Lamborghini \u00e0 l&rsquo;a\u00e9roport de Nice chez Car4rent et profitez du meilleur de nos v\u00e9hicules associ\u00e9 \u00e0 un service de premier ordre.<\/p>\n<p>N&rsquo;h\u00e9sitez pas \u00e0\u00a0<span style=\"color: #0000ff;\"><strong><a style=\"color: #0000ff;\" href=\"https:\/\/car4rent.fr\/fr\/contact\/\" target=\"_blank\" rel=\"noopener\">contacter<\/a> <\/strong><\/span>notre \u00e9quipe se fera un plaisir de vous conseiller,<\/p>\n<\/div><\/section><\/div><div  class='hr av-r408yh-5fc29ed8e5abe90cc5953910efd3a584 hr-default  avia-builder-el-5  el_after_av_one_full  el_before_av_one_fourth '><span class='hr-inner '><span class=\"hr-inner-style\"><\/span><\/span><\/div><\/p>\n\n<style type=\"text\/css\" data-created_by=\"avia_inline_auto\" id=\"style-css-av-9j4h5a1-6e828a1197b9444f95d3c7ec7fb82938\">\n.flex_column.av-9j4h5a1-6e828a1197b9444f95d3c7ec7fb82938{\nborder-radius:0px 0px 0px 0px;\npadding:0px 0px 0px 0px;\n}\n<\/style>\n<div  class='flex_column av-9j4h5a1-6e828a1197b9444f95d3c7ec7fb82938 av_one_fourth  avia-builder-el-6  el_after_av_hr  el_before_av_one_fourth  first flex_column_div av-zero-column-padding  '     ><section  class='av_textblock_section av-8wzml89-2b80783706aabf533d7977da87f21ef0 '  ><div class='avia_textblock' ><p><span style=\"font-size: 14pt;\">Location Lamborghini Nice A\u00e9roport<\/span><\/p>\n<hr \/>\n<p>Nous proposons \u00e0 la location des voitures de luxe et de sport, mais \u00e9galement une large gamme de SUV et de cabriolets. D\u00e9couvrez nos voitures de r\u00eave.<\/p>\n<p>Prix de la loaction d&rsquo;une Lamborghini, \u00e0 partir de 1.700\u20ac \/ jour.<\/p>\n<\/div><\/section><\/div>\n<style type=\"text\/css\" data-created_by=\"avia_inline_auto\" id=\"style-css-av-8cxm7x5-0dfd1be948133d5958731c1141e89316\">\n.flex_column.av-8cxm7x5-0dfd1be948133d5958731c1141e89316{\nborder-radius:0px 0px 0px 0px;\npadding:0px 0px 0px 0px;\n}\n<\/style>\n<div  class='flex_column av-8cxm7x5-0dfd1be948133d5958731c1141e89316 av_one_fourth  avia-builder-el-8  el_after_av_one_fourth  el_before_av_one_fourth  flex_column_div av-zero-column-padding  '     ><section  class='av_textblock_section av-sl1yyh-58401a45bbfca01485bb12f5ae7e0e5f '  ><div class='avia_textblock' ><p><span style=\"font-size: 14pt;\">Agences \u00e0 l\u2019a\u00e9roport de Nice, Cannes, Monaco et Saint-Tropez<\/span><\/p>\n<hr \/>\n<p>Nous livrons votre voiture o\u00f9 vous le souhaitez, \u00e0 votre arriv\u00e9e \u00e0 l&rsquo;a\u00e9roport de Nice, votre h\u00f4tel, votre lieu de vill\u00e9giature ou sur demande n&rsquo;importe o\u00f9 en France.<\/p>\n<\/div><\/section><\/div>\n<style type=\"text\/css\" data-created_by=\"avia_inline_auto\" id=\"style-css-av-7t2xhcp-04a64ffc63980df57546af05384a54fd\">\n.flex_column.av-7t2xhcp-04a64ffc63980df57546af05384a54fd{\nborder-radius:0px 0px 0px 0px;\npadding:0px 0px 0px 0px;\n}\n<\/style>\n<div  class='flex_column av-7t2xhcp-04a64ffc63980df57546af05384a54fd av_one_fourth  avia-builder-el-10  el_after_av_one_fourth  el_before_av_one_fourth  flex_column_div av-zero-column-padding  '     ><section  class='av_textblock_section av-77ozpuh-8dd1b37f5ec2cac52732881fc5014607 '  ><div class='avia_textblock' ><p><span style=\"font-size: 14pt;\">Test Drive &#8211; Faites de votre r\u00eave une r\u00e9alit\u00e9<\/span><\/p>\n<hr \/>\n<p>Offrez-vous une exp\u00e9rience de conduite unique au volant d&rsquo;une supercar. Prenez le volant d&rsquo;une Lamborghini, d&rsquo;une Ferrari ou d&rsquo;une Porsche sans vous ruiner. Pour des raisons de s\u00e9curit\u00e9, vous roulerez accompagn\u00e9. \u00c0 partir de 195\u20ac pp.<\/p>\n<h2><i>\u00a0<\/i><\/h2>\n<\/div><\/section><\/div>\n<style type=\"text\/css\" data-created_by=\"avia_inline_auto\" id=\"style-css-av-6mik0k9-58ba2370392ede1c671764d02dbf6948\">\n.flex_column.av-6mik0k9-58ba2370392ede1c671764d02dbf6948{\nborder-radius:0px 0px 0px 0px;\npadding:0px 0px 0px 0px;\n}\n<\/style>\n<div  class='flex_column av-6mik0k9-58ba2370392ede1c671764d02dbf6948 av_one_fourth  avia-builder-el-12  el_after_av_one_fourth  el_before_av_section  avia-builder-el-last  flex_column_div av-zero-column-padding  '     ><section  class='av_textblock_section av-64i2ogp-66548aea0352cdde9b58db15362b0175 '  ><div class='avia_textblock' ><p><span style=\"font-size: 14pt;\">Un service sur mesure<\/span><\/p>\n<hr \/>\n<p>Une \u00e9quipe d\u00e9vou\u00e9e et attentive se tient \u00e0 votre disposition pour vous fournir toute information ou r\u00e9pondre \u00e0 vos demandes.<\/p>\n<\/div><\/section><\/div><\/div><\/div><\/div><!-- close content main div --><\/div><\/div>\n<style type=\"text\/css\" data-created_by=\"avia_inline_auto\" id=\"style-css-av-64725wa-a4e219904250bee2aa8d9dcd9bf09f6e\">\n.avia-section.av-64725wa-a4e219904250bee2aa8d9dcd9bf09f6e{\nbackground-color:#f3f3f3;\nbackground-image:unset;\n}\n<\/style>\n<div id='av_section_2'  class='avia-section av-64725wa-a4e219904250bee2aa8d9dcd9bf09f6e main_color avia-section-default avia-no-border-styling  avia-builder-el-14  el_after_av_one_fourth  el_before_av_section  avia-bg-style-scroll container_wrap fullsize'  ><div class='container av-section-cont-open' ><div class='template-page content  av-content-full alpha units'><div class='post-entry post-entry-type-page post-entry-30887'><div class='entry-content-wrapper clearfix'>\n<div  class='flex_column av-av_one_full-db3c685d37a83d385059f6f31cd9c4a7 av_one_full  avia-builder-el-15  el_before_av_one_half  avia-builder-el-first  first flex_column_div  '     ><section  class='av_textblock_section av-av_textblock-8eba2417de9ea263f0cb5a774f45768a '  ><div class='avia_textblock' ><p style=\"text-align: center;\"><span style=\"font-size: 14pt;\">Lamborghini<\/span><\/p>\n<\/div><\/section><\/div>\n<style type=\"text\/css\" data-created_by=\"avia_inline_auto\" id=\"style-css-av-5eokqyi-9933987c785becae8e729553c7c35bb3\">\n.flex_column.av-5eokqyi-9933987c785becae8e729553c7c35bb3{\nborder-radius:0px 0px 0px 0px;\npadding:0px 0px 0px 0px;\n}\n<\/style>\n<div  class='flex_column av-5eokqyi-9933987c785becae8e729553c7c35bb3 av_one_half  avia-builder-el-17  el_after_av_one_full  el_before_av_one_half  first flex_column_div av-zero-column-padding  column-top-margin'     ><div  class='avia-slideshow av-lfce8bun-a13ec98dc149866e1366a1fd2465b788 avia-slideshow-portfolio av_slideshow avia-slide-slider  avia-builder-el-18  avia-builder-el-no-sibling  av-slideshow-ui av-control-default av-slideshow-autoplay av-loop-endless av-loop-manual-endless av-default-height-applied avia-slideshow-1' data-slideshow-options=\"{&quot;animation&quot;:&quot;slide&quot;,&quot;autoplay&quot;:true,&quot;loop_autoplay&quot;:&quot;endless&quot;,&quot;interval&quot;:10,&quot;loop_manual&quot;:&quot;manual-endless&quot;,&quot;autoplay_stopper&quot;:false,&quot;noNavigation&quot;:false,&quot;bg_slider&quot;:false,&quot;keep_padding&quot;:false,&quot;hoverpause&quot;:false,&quot;show_slide_delay&quot;:0}\" ><ul class='avia-slideshow-inner ' style='padding-bottom: 80.808080808081%;'><li  class='avia-slideshow-slide av-lfce8bun-a13ec98dc149866e1366a1fd2465b788__0  slide-1 slide-odd'><div data-rel='slideshow-1' class='avia-slide-wrap '   ><img decoding=\"async\" fetchpriority=\"high\" class=\"wp-image-29569 avia-img-lazy-loading-not-29569\"  src=\"https:\/\/car4rent.fr\/wp-content\/uploads\/IMG_7014-495x400.jpg\" width=\"495\" height=\"400\" title='Louer Lamborghini Urus Car4rent' alt='Louer Lamborghini Urus Car4rent' srcset=\"https:\/\/car4rent.fr\/wp-content\/uploads\/IMG_7014-495x400.jpg 495w, https:\/\/car4rent.fr\/wp-content\/uploads\/IMG_7014-845x684.jpg 845w\" sizes=\"(max-width: 495px) 100vw, 495px\" \/><\/div><\/li><li  class='avia-slideshow-slide av-lfce8bun-a13ec98dc149866e1366a1fd2465b788__1  slide-2 slide-even'><div data-rel='slideshow-1' class='avia-slide-wrap '   ><img decoding=\"async\" fetchpriority=\"high\" class=\"wp-image-29746 avia-img-lazy-loading-not-29746\" src=\"https:\/\/car4rent.fr\/wp-content\/uploads\/rent-lamborghini-Huracan-Car4rent.jpg\" width=\"320\" height=\"240\" title=\"Exclusive Car Rental Monaco Cannes Nice Airport\" alt=\"Car4Rent\" srcset=\"https:\/\/car4rent.fr\/wp-content\/uploads\/rent-lamborghini-Huracan-Car4rent.jpg 320w, https:\/\/car4rent.fr\/wp-content\/uploads\/rent-lamborghini-Huracan-Car4rent-300x225.jpg 300w\" sizes=\"(max-width: 320px) 100vw, 320px\"><\/div><\/li><\/ul><div class='avia-slideshow-arrows avia-slideshow-controls' ><a href='#prev' class='prev-slide  avia-svg-icon avia-font-svg_entypo-fontello' data-av_svg_icon='left-open-big' data-av_iconset='svg_entypo-fontello' tabindex='-1' title=\"Pr\u00e9c\u00e9dent\"><svg version=\"1.1\" xmlns=\"http:\/\/www.w3.org\/2000\/svg\" width=\"15\" height=\"32\" viewBox=\"0 0 15 32\" preserveAspectRatio=\"xMidYMid meet\" aria-labelledby='av-svg-title-1' aria-describedby='av-svg-desc-1' role=\"graphics-symbol\" aria-hidden=\"true\">\n<title id='av-svg-title-1'>Pr\u00e9c\u00e9dent<\/title>\n<desc id='av-svg-desc-1'>Pr\u00e9c\u00e9dent<\/desc>\n<path d=\"M14.464 27.84q0.832 0.832 0 1.536-0.832 0.832-1.536 0l-12.544-12.608q-0.768-0.768 0-1.6l12.544-12.608q0.704-0.832 1.536 0 0.832 0.704 0 1.536l-11.456 11.904z\"><\/path>\n<\/svg><span class='avia_hidden_link_text'>Pr\u00e9c\u00e9dent<\/span><\/a><a href='#next' class='next-slide  avia-svg-icon avia-font-svg_entypo-fontello' data-av_svg_icon='right-open-big' data-av_iconset='svg_entypo-fontello' tabindex='-1' title=\"Suivant\"><svg version=\"1.1\" xmlns=\"http:\/\/www.w3.org\/2000\/svg\" width=\"15\" height=\"32\" viewBox=\"0 0 15 32\" preserveAspectRatio=\"xMidYMid meet\" aria-labelledby='av-svg-title-2' aria-describedby='av-svg-desc-2' role=\"graphics-symbol\" aria-hidden=\"true\">\n<title id='av-svg-title-2'>Suivant<\/title>\n<desc id='av-svg-desc-2'>Suivant<\/desc>\n<path d=\"M0.416 27.84l11.456-11.84-11.456-11.904q-0.832-0.832 0-1.536 0.832-0.832 1.536 0l12.544 12.608q0.768 0.832 0 1.6l-12.544 12.608q-0.704 0.832-1.536 0-0.832-0.704 0-1.536z\"><\/path>\n<\/svg><span class='avia_hidden_link_text'>Suivant<\/span><\/a><\/div><div class='avia-slideshow-dots avia-slideshow-controls'><a href='#1' class='goto-slide active' >1<\/a><a href='#2' class='goto-slide ' >2<\/a><\/div><\/div><\/div>\n<style type=\"text\/css\" data-created_by=\"avia_inline_auto\" id=\"style-css-av-15pnv2y-8e916d5009a50e390d7bea4d9aefe3c1\">\n.flex_column.av-15pnv2y-8e916d5009a50e390d7bea4d9aefe3c1{\nborder-radius:0px 0px 0px 0px;\npadding:0px 0px 0px 0px;\n}\n<\/style>\n<div  class='flex_column av-15pnv2y-8e916d5009a50e390d7bea4d9aefe3c1 av_one_half  avia-builder-el-19  el_after_av_one_half  avia-builder-el-last  flex_column_div av-zero-column-padding  column-top-margin'     ><p><section  class='av_textblock_section av-k9yj8zmb-d178cb3232fd69bb55eea764e605d4f8 '  ><div class='avia_textblock' ><p>Les voitures les plus exotiques du march\u00e9 : <strong>Lamborghini.<\/strong><\/p>\n<ul>\n<li>Lamborghini Huracan LP580 Spyder (2 WD)<\/li>\n<li>Lamborghini Huracan Evo Spyder (2 WD)<\/li>\n<li>Lamborghini Urus<\/li>\n<\/ul>\n<p>Prix : \u00e0 partir de 1 700 euros par jour.<\/p>\n<\/div><\/section><br \/>\n<div  class='avia-button-wrap av-o2ks3e-ff715ea7f2b80fc5d766a72d7a1000b2-wrap avia-button-left  avia-builder-el-21  el_after_av_textblock  avia-builder-el-last '><a href=\"https:\/\/car4rent.fr\/fr\/contact\/\" class=\"avia-button av-o2ks3e-ff715ea7f2b80fc5d766a72d7a1000b2 av-link-btn avia-icon_select-yes-right-icon avia-size-small avia-position-left av-icon-on-hover avia-color-red\" aria-label=\"Contact\"><span class='avia_iconbox_title' >Contact<\/span><span class='avia_button_icon avia_button_icon_right avia-iconfont avia-font-entypo-fontello' data-av_icon='\ue881' data-av_iconfont='entypo-fontello' ><\/span><\/a><\/div><\/p><\/div><\/div><\/div><\/div><!-- close content main div --><\/div><\/div>\n<style type=\"text\/css\" data-created_by=\"avia_inline_auto\" id=\"style-css-av-2ddmnh5-bbd5dd00de2854828f851bcdfc153f73\">\n.avia-section.av-2ddmnh5-bbd5dd00de2854828f851bcdfc153f73{\nbackground-color:#6834bd;\nbackground-image:unset;\n}\n<\/style>\n<div id='av_section_3'  class='avia-section av-2ddmnh5-bbd5dd00de2854828f851bcdfc153f73 main_color avia-section-default avia-no-border-styling  avia-builder-el-22  el_after_av_section  el_before_av_section  avia-bg-style-scroll container_wrap fullsize'  ><div class='container av-section-cont-open' ><div class='template-page content  av-content-full alpha units'><div class='post-entry post-entry-type-page post-entry-30887'><div class='entry-content-wrapper clearfix'>\n<section  class='av_textblock_section av-lvxn4od2-baaf533c81f9052414f97c1c463691d4 '  ><div class='avia_textblock' ><h5 style=\"text-align: center;\"><span style=\"font-size: 14pt;\">Profitez de l\u2019exp\u00e9rience de conduite ultime avec une voiture livr\u00e9e directement chez vous !<\/span><\/h5>\n<\/div><\/section>\n<div  class='avia-button-wrap av-1hycwxl-8817ba7b2960b6b95c98b72b12707988-wrap avia-button-center  avia-builder-el-24  el_after_av_textblock  avia-builder-el-last '><a href=\"https:\/\/car4rent.fr\/fr\/contact\/\" class=\"avia-button av-1hycwxl-8817ba7b2960b6b95c98b72b12707988 av-link-btn avia-icon_select-yes-left-icon avia-size-large avia-position-center avia-color-grey\" aria-label=\"Contactez l\u2019un de nos experts !\"><span class='avia_button_icon avia_button_icon_left avia-iconfont avia-font-entypo-fontello' data-av_icon='\ue85d' data-av_iconfont='entypo-fontello' ><\/span><span class='avia_iconbox_title' >Contactez l\u2019un de nos experts !<\/span><\/a><\/div>\n<\/div><\/div><\/div><!-- close content main div --><\/div><\/div><div id='av_section_4'  class='avia-section av-4k9uwq-43c2a2153adec161de532c05fab9abaa main_color avia-section-default avia-no-border-styling  avia-builder-el-25  el_after_av_section  avia-builder-el-last  avia-bg-style-scroll container_wrap fullsize'  ><div class='container av-section-cont-open' ><div class='template-page content  av-content-full alpha units'><div class='post-entry post-entry-type-page post-entry-30887'><div class='entry-content-wrapper clearfix'>\n<div  class='avia-builder-widget-area clearfix  avia-builder-el-26  avia-builder-el-no-sibling '><div id=\"text-9\" class=\"widget clearfix widget_text\">\t\t\t<div class=\"textwidget\"><p style=\"text-align: center;\">    <div class=\"car4rent-share-block car4rent-fr\">\n        <a href=\"https:\/\/www.facebook.com\/sharer\/sharer.php?u=\" target=\"_blank\" rel=\"noopener\"><i class=\"fa-brands fa-facebook\"><\/i> Partager<\/a>\n        <a href=\"https:\/\/x.com\/intent\/tweet?url=&amp;text=\" target=\"_blank\" rel=\"noopener\"><i class=\"fa-brands fa-x-twitter\"><\/i> X<\/a>\n        <a href=\"https:\/\/wa.me\/?text=%20\" target=\"_blank\" rel=\"noopener\"><i class=\"fa-brands fa-whatsapp\"><\/i> WhatsApp<\/a>\n        <a href=\"https:\/\/www.instagram.com\/car4rent_cannes\/\" target=\"_blank\" rel=\"noopener\"><i class=\"fa-brands fa-instagram\"><\/i> Instagram<\/a>\n        <a href=\"https:\/\/www.linkedin.com\/company\/car4rent\/about\/\" target=\"_blank\" rel=\"noopener\"><i class=\"fa-brands fa-linkedin\"><\/i> LinkedIn<\/a>\n        <a href=\"https:\/\/www.youtube.com\/@car4rentcannes839\" target=\"_blank\" rel=\"noopener\"><i class=\"fa-brands fa-youtube\"><\/i> YouTube<\/a>\n    <\/div>\n    <\/p>\n<\/div>\n\t\t<\/div><\/div>\n<\/p>\n","protected":false},"excerpt":{"rendered":"","protected":false},"author":3,"featured_media":29777,"parent":0,"menu_order":1415,"comment_status":"closed","ping_status":"closed","template":"","meta":{"_acf_changed":false,"footnotes":""},"class_list":["post-30887","page","type-page","status-publish","has-post-thumbnail","hentry"],"acf":[],"_links":{"self":[{"href":"https:\/\/car4rent.fr\/fr\/wp-json\/wp\/v2\/pages\/30887","targetHints":{"allow":["GET"]}}],"collection":[{"href":"https:\/\/car4rent.fr\/fr\/wp-json\/wp\/v2\/pages"}],"about":[{"href":"https:\/\/car4rent.fr\/fr\/wp-json\/wp\/v2\/types\/page"}],"author":[{"embeddable":true,"href":"https:\/\/car4rent.fr\/fr\/wp-json\/wp\/v2\/users\/3"}],"replies":[{"embeddable":true,"href":"https:\/\/car4rent.fr\/fr\/wp-json\/wp\/v2\/comments?post=30887"}],"version-history":[{"count":0,"href":"https:\/\/car4rent.fr\/fr\/wp-json\/wp\/v2\/pages\/30887\/revisions"}],"wp:featuredmedia":[{"embeddable":true,"href":"https:\/\/car4rent.fr\/fr\/wp-json\/wp\/v2\/media\/29777"}],"wp:attachment":[{"href":"https:\/\/car4rent.fr\/fr\/wp-json\/wp\/v2\/media?parent=30887"}],"curies":[{"name":"wp","href":"https:\/\/api.w.org\/{rel}","templated":true}]}}