{"id":30877,"date":"2023-11-10T16:56:12","date_gmt":"2023-11-10T15:56:12","guid":{"rendered":"https:\/\/car4rent.fr\/louer-une-voiture-de-sport-a-monaco\/"},"modified":"2024-01-13T20:20:03","modified_gmt":"2024-01-13T19:20:03","slug":"location-de-voiture-de-sport-a-monaco","status":"publish","type":"page","link":"https:\/\/car4rent.fr\/fr\/location-de-voiture-de-sport-a-monaco\/","title":{"rendered":"Location de voiture de sport \u00e0 Monaco"},"content":{"rendered":"\n<style type=\"text\/css\" data-created_by=\"avia_inline_auto\" id=\"style-css-av-js5twac7-4a69a7ac437a193817342c43a14a9205\">\n.avia-section.av-js5twac7-4a69a7ac437a193817342c43a14a9205{\nbackground-repeat:no-repeat;\nbackground-image:url(https:\/\/car4rent.fr\/wp-content\/uploads\/supercar-hire-in-Monaco-1.jpg);\nbackground-position:50% 100%;\nbackground-attachment:scroll;\n}\n<\/style>\n<div id='header-section'  class='avia-section av-js5twac7-4a69a7ac437a193817342c43a14a9205 main_color avia-section-huge avia-no-border-styling  avia-builder-el-0  el_before_av_section  avia-builder-el-first  avia-full-stretch avia-bg-style-scroll av-minimum-height av-minimum-height-custom av-height-custom  container_wrap fullsize'  data-section-bg-repeat='stretch' data-av_minimum_height_px='700'><div class='container av-section-cont-open' style='height:700px'><main  class='template-page content  av-content-full alpha units'><div class='post-entry post-entry-type-page post-entry-30877'><div class='entry-content-wrapper clearfix'>\n<div  class='flex_column av-qzd3j0-6ef16b1f5e56d65c718662a3446693b4 av_one_full  avia-builder-el-1  avia-builder-el-no-sibling  first flex_column_div  '     ><style type=\"text\/css\" data-created_by=\"avia_inline_auto\" id=\"style-css-av-lf8frkc6-5677c2b2a21417a1e2a0cf9e5773fb41\">\n#top .av-special-heading.av-lf8frkc6-5677c2b2a21417a1e2a0cf9e5773fb41{\npadding-bottom:10px;\n}\nbody .av-special-heading.av-lf8frkc6-5677c2b2a21417a1e2a0cf9e5773fb41 .av-special-heading-tag .heading-char{\nfont-size:25px;\n}\n.av-special-heading.av-lf8frkc6-5677c2b2a21417a1e2a0cf9e5773fb41 .av-subheading{\nfont-size:15px;\n}\n<\/style>\n<div  class='av-special-heading av-lf8frkc6-5677c2b2a21417a1e2a0cf9e5773fb41 av-special-heading-h3  avia-builder-el-2  avia-builder-el-no-sibling '><h3 class='av-special-heading-tag '  >Location de voiture de sport \u00e0 Monaco<\/h3><div class=\"special-heading-border\"><div class=\"special-heading-inner-border\"><\/div><\/div><\/div><\/div>\n\n<\/div><\/div><\/main><!-- close content main element --><\/div><\/div><div id='av_section_2'  class='avia-section av-av_section-1fd9857e04421f8a1b324f4dd17348a0 main_color avia-section-small avia-no-border-styling  avia-builder-el-3  el_after_av_section  el_before_av_one_full  avia-bg-style-scroll container_wrap fullsize'  ><div class='container av-section-cont-open' ><div class='template-page content  av-content-full alpha units'><div class='post-entry post-entry-type-page post-entry-30877'><div class='entry-content-wrapper clearfix'>\n<div  class='avia-logo-element-container av-lrceyp8f-d3c9a77fff7ca0be4d168f176fa0da91 avia-logo-slider avia-content-slider avia-smallarrow-slider avia-content-slider-active noHover avia-content-slider-odd  avia-builder-el-4  avia-builder-el-no-sibling  av-slideshow-ui av-control-default av-nav-arrows-visible av-nav-dots-visible av-hide-nav-arrows av-slideshow-manual av-loop-once av-loop-manual-endless avia-content-slider1' data-slideshow-options=\"{&quot;animation&quot;:&quot;slide&quot;,&quot;autoplay&quot;:false,&quot;loop_autoplay&quot;:&quot;once&quot;,&quot;interval&quot;:5,&quot;loop_manual&quot;:&quot;manual-endless&quot;,&quot;autoplay_stopper&quot;:false,&quot;noNavigation&quot;:false,&quot;bg_slider&quot;:false,&quot;keep_padding&quot;:&quot;&quot;,&quot;hoverpause&quot;:false,&quot;show_slide_delay&quot;:0}\"><div class='avia-smallarrow-slider-heading  no-logo-slider-heading '><div class='new-special-heading'>&nbsp;<\/div><\/div><div class=\"avia-content-slider-inner\"><div class=\"slide-entry-wrap\"><div data-avia-tooltip=\"Bienvenue chez Car4rent La location de voiture de luxe - Ferrari\" class='slide-entry av-av_partner_logo-f552d7b740521a5d90c71994cfc7c914 flex_column no_margin av_one_fifth real-thumbnail post-entry slide-entry-overview slide-loop-1 slide-parity-odd  first'><a href=\"\/fr\/louer-une-ferrari\/\" data-rel='slide-1' class='slide-image' title='' ><img width=\"100\" height=\"100\" src=\"https:\/\/car4rent.fr\/wp-content\/uploads\/car4rent-ferrari-100x100.jpg\" class=\"wp-image-29292 avia-img-lazy-loading-29292 attachment-woocommerce_gallery_thumbnail size-woocommerce_gallery_thumbnail\" alt=\"Car4rent ferrari 100x100\" srcset=\"https:\/\/car4rent.fr\/wp-content\/uploads\/car4rent-ferrari-100x100.jpg 100w, https:\/\/car4rent.fr\/wp-content\/uploads\/car4rent-ferrari-450x450.jpg 450w, https:\/\/car4rent.fr\/wp-content\/uploads\/car4rent-ferrari-80x80.jpg 80w, https:\/\/car4rent.fr\/wp-content\/uploads\/car4rent-ferrari-36x36.jpg 36w, https:\/\/car4rent.fr\/wp-content\/uploads\/car4rent-ferrari-180x180.jpg 180w\" sizes=\"auto, (max-width: 100px) 100vw, 100px\" loading=\"lazy\" decoding=\"async\" title=\"Car4Rent Cannes\"><\/a><\/div><div data-avia-tooltip=\"Bienvenue chez Car4rent La location de voiture de luxe - Lamborghini\" class='slide-entry av-av_partner_logo-62e376c60f79cd35a432076670b906bf flex_column no_margin av_one_fifth real-thumbnail post-entry slide-entry-overview slide-loop-2 slide-parity-even  '><a href=\"\/fr\/louer-une-lamborghini\/\" data-rel='slide-1' class='slide-image' title='' ><img width=\"100\" height=\"100\" src=\"https:\/\/car4rent.fr\/wp-content\/uploads\/3d___lamborghini_logo_by_llexandro-d9kncg1-100x100.png\" class=\"wp-image-29279 avia-img-lazy-loading-29279 attachment-woocommerce_gallery_thumbnail size-woocommerce_gallery_thumbnail\" alt=\"3d lamborghini logo by llexandro d9kncg1 100x100\" srcset=\"https:\/\/car4rent.fr\/wp-content\/uploads\/\/3d___lamborghini_logo_by_llexandro-d9kncg1-100x100.png 100w, https:\/\/car4rent.fr\/wp-content\/uploads\/\/3d___lamborghini_logo_by_llexandro-d9kncg1-450x450.png 450w, https:\/\/car4rent.fr\/wp-content\/uploads\/\/3d___lamborghini_logo_by_llexandro-d9kncg1-80x80.png 80w, https:\/\/car4rent.fr\/wp-content\/uploads\/\/3d___lamborghini_logo_by_llexandro-d9kncg1-300x300.png 300w, https:\/\/car4rent.fr\/wp-content\/uploads\/\/3d___lamborghini_logo_by_llexandro-d9kncg1-768x768.png 768w, https:\/\/car4rent.fr\/wp-content\/uploads\/\/3d___lamborghini_logo_by_llexandro-d9kncg1-192x192.png 192w, https:\/\/car4rent.fr\/wp-content\/uploads\/\/3d___lamborghini_logo_by_llexandro-d9kncg1-36x36.png 36w, https:\/\/car4rent.fr\/wp-content\/uploads\/\/3d___lamborghini_logo_by_llexandro-d9kncg1-180x180.png 180w, https:\/\/car4rent.fr\/wp-content\/uploads\/\/3d___lamborghini_logo_by_llexandro-d9kncg1-705x705.png 705w, https:\/\/car4rent.fr\/wp-content\/uploads\/\/3d___lamborghini_logo_by_llexandro-d9kncg1.png 894w\" sizes=\"auto, (max-width: 100px) 100vw, 100px\" loading=\"lazy\" decoding=\"async\" title=\"Car4Rent Cannes\"><\/a><\/div><div data-avia-tooltip=\"Bienvenue chez Car4rent La location de voiture de luxe - Mercedes\" class='slide-entry av-av_partner_logo-415cc0764ed6cc979d887b472a6e03cb flex_column no_margin av_one_fifth real-thumbnail post-entry slide-entry-overview slide-loop-3 slide-parity-odd  '><a href=\"\/fr\/louer-une-mercedes\/\" data-rel='slide-1' class='slide-image' title='' ><img width=\"100\" height=\"100\" src=\"https:\/\/car4rent.fr\/wp-content\/uploads\/car4rent-mercedes-100x100.jpg\" class=\"wp-image-29287 avia-img-lazy-loading-29287 attachment-woocommerce_gallery_thumbnail size-woocommerce_gallery_thumbnail\" alt=\"Car4rent mercedes 100x100\" srcset=\"https:\/\/car4rent.fr\/wp-content\/uploads\/car4rent-mercedes-100x100.jpg 100w, https:\/\/car4rent.fr\/wp-content\/uploads\/car4rent-mercedes-80x80.jpg 80w, https:\/\/car4rent.fr\/wp-content\/uploads\/car4rent-mercedes-300x300.jpg 300w, https:\/\/car4rent.fr\/wp-content\/uploads\/car4rent-mercedes-192x192.jpg 192w, https:\/\/car4rent.fr\/wp-content\/uploads\/car4rent-mercedes-36x36.jpg 36w, https:\/\/car4rent.fr\/wp-content\/uploads\/car4rent-mercedes-180x180.jpg 180w, https:\/\/car4rent.fr\/wp-content\/uploads\/car4rent-mercedes.jpg 400w\" sizes=\"auto, (max-width: 100px) 100vw, 100px\" loading=\"lazy\" decoding=\"async\" title=\"Car4Rent Cannes\"><\/a><\/div><div data-avia-tooltip=\"Bienvenue chez Car4rent La location de voiture de luxe - Land Rover\" class='slide-entry av-av_partner_logo-4ec35381be7325f8eefe3449b0f089f1 flex_column no_margin av_one_fifth real-thumbnail post-entry slide-entry-overview slide-loop-4 slide-parity-even  '><a href=\"\/fr\/louer-un-land-rover\/\" data-rel='slide-1' class='slide-image' title='' ><img width=\"100\" height=\"100\" src=\"https:\/\/car4rent.fr\/wp-content\/uploads\/car4rent-Range-Rover-100x100.png\" class=\"wp-image-29290 avia-img-lazy-loading-29290 attachment-woocommerce_gallery_thumbnail size-woocommerce_gallery_thumbnail\" alt=\"Car4rent range rover 100x100\" srcset=\"https:\/\/car4rent.fr\/wp-content\/uploads\/\/car4rent-Range-Rover-100x100.png 100w, https:\/\/car4rent.fr\/wp-content\/uploads\/\/car4rent-Range-Rover-450x450.png 450w, https:\/\/car4rent.fr\/wp-content\/uploads\/\/car4rent-Range-Rover-80x80.png 80w, https:\/\/car4rent.fr\/wp-content\/uploads\/\/car4rent-Range-Rover-36x36.png 36w, https:\/\/car4rent.fr\/wp-content\/uploads\/\/car4rent-Range-Rover-180x180.png 180w\" sizes=\"auto, (max-width: 100px) 100vw, 100px\" loading=\"lazy\" decoding=\"async\" title=\"Car4Rent Cannes\"><\/a><\/div><div data-avia-tooltip=\"Bienvenue chez Car4rent La location de voiture de luxe - Porsche\" class='slide-entry av-av_partner_logo-552ed60c487fd9262a8c6475939e47eb flex_column no_margin av_one_fifth real-thumbnail post-entry slide-entry-overview slide-loop-5 slide-parity-odd post-entry-last '><a href=\"\/fr\/louer-une-porsche\/\" data-rel='slide-1' class='slide-image' title='' ><img width=\"100\" height=\"100\" src=\"https:\/\/car4rent.fr\/wp-content\/uploads\/car4rent-porsche-100x100.png\" class=\"wp-image-29284 avia-img-lazy-loading-29284 attachment-woocommerce_gallery_thumbnail size-woocommerce_gallery_thumbnail\" alt=\"Car4rent porsche 100x100\" srcset=\"https:\/\/car4rent.fr\/wp-content\/uploads\/\/car4rent-porsche-100x100.png 100w, https:\/\/car4rent.fr\/wp-content\/uploads\/\/car4rent-porsche-450x450.png 450w, https:\/\/car4rent.fr\/wp-content\/uploads\/\/car4rent-porsche-80x80.png 80w, https:\/\/car4rent.fr\/wp-content\/uploads\/\/car4rent-porsche-36x36.png 36w, https:\/\/car4rent.fr\/wp-content\/uploads\/\/car4rent-porsche-180x180.png 180w\" sizes=\"auto, (max-width: 100px) 100vw, 100px\" loading=\"lazy\" decoding=\"async\" title=\"Car4Rent Cannes\"><\/a><\/div><\/div><\/div><\/div>\n<\/div><\/div><\/div><!-- close content main div --><\/div><\/div><div id='after_section_2'  class='main_color av_default_container_wrap container_wrap fullsize'  ><div class='container av-section-cont-open' ><div class='template-page content  av-content-full alpha units'><div class='post-entry post-entry-type-page post-entry-30877'><div class='entry-content-wrapper clearfix'>\n\n<style type=\"text\/css\" data-created_by=\"avia_inline_auto\" id=\"style-css-av-703por6-7fd814c5352cfd4aeaef0efb9e948d6a\">\n.flex_column.av-703por6-7fd814c5352cfd4aeaef0efb9e948d6a{\nborder-radius:0px 0px 0px 0px;\npadding:0px 0px 0px 0px;\n}\n<\/style>\n<div  class='flex_column av-703por6-7fd814c5352cfd4aeaef0efb9e948d6a av_one_full  avia-builder-el-5  el_after_av_section  el_before_av_hr  avia-builder-el-first  first flex_column_div av-zero-column-padding  '     ><section  class='av_textblock_section av-js5tay2s-df2a5f1ea0d8328874e586c52c511781 '  ><div class='avia_textblock' ><div class=\"csc-header csc-header-n1\">\n<div class=\"first column\">\n<h1>La location de voiture de sport \u00e0 Monaco &#8211; Sur la route des Pilotes de F1<\/h1>\n<p>Louer une voiture de sport \u00e0 <strong><a href=\"https:\/\/www.visitmonaco.com\/\" target=\"_blank\" rel=\"noopener\">Monaco<\/a>\u00a0<\/strong>au meilleur prix. Partez \u00e0 la d\u00e9couverte du \u00ab\u00a0Rocher\u00a0\u00bb et vivez l&rsquo;atmosph\u00e8re de cette ville enchanteresse et de ses environs.<\/p>\n<p>Car4rent met \u00e0 votre disposition toutes les marques et mod\u00e8les de luxe, tels que Ferrari, Lamborghini, Porsche, Land Rover, Mercedes AMG, Bentley, Rolls-Royce\u00a0 et autres Audi et BMW. Consultez nos cat\u00e9gories de voitures de prestige au bas de cette page.<\/p>\n<h2><strong>Pourquoi louer une voiture de sport \u00e0 Monaco ?<\/strong><\/h2>\n<p>Monaco, ce petit \u00c9tat glamour sur la C\u00f4te d&rsquo;Azur, est r\u00e9put\u00e9 pour son luxe et son style de vie exclusif. Avec ses rues sinueuses, ses panoramas \u00e9poustouflants et son ambiance effervescente, Monaco est l&rsquo;endroit id\u00e9al pour profiter de l&rsquo;exp\u00e9rience ultime de conduire une voiture de sport. Profit\u00e9ez de la Principaut\u00e9 avec style. les endroits les plus luxueux et les plus glamour vous attendent pour une exp\u00e9rience inoubliable. Tel James Bond, l&rsquo;agent secret bien connu, faites votre entr\u00e9e au Casiono de Monaco en grande pompe!<\/p>\n<h2>La location de voiture de sport \u00e0 Monaco &#8211; Explorez la Principaut\u00e9<\/h2>\n<p>Au volant d&rsquo;une voiture de sport, vous visiterez la Ville-Etat, riche d&rsquo;une longue histoire, d&rsquo;une architecture, d&rsquo;\u00e9v\u00e9nements culturels et d&rsquo;une vie nocturne. Cela fait de cette ville de 2 kilom\u00e8tres carr\u00e9s l&rsquo;une des villes les plus visit\u00e9es au monde. Louer une voiture de sport \u00e0 Monaco pour circuler avec style et cr\u00e9er une image \u00e0 votre entreprise.<\/p>\n<h2>Location de voiture luxe \u00e0 Monaco<\/h2>\n<p>En effet, Monaco est \u00e9galement un centre d&rsquo;affaires important et est reconnue comme une figure de \u00ab\u00a0ville mondiale\u00a0\u00bb en raison de son influence directe sur le syst\u00e8me \u00e9conomique mondial. Louer une voiture de sport \u00e0 Monaco est la meilleure fa\u00e7on de d\u00e9couvrir cette ville riche et puissante.<\/p>\n<p>Vous souhaitez louer une\u00a0 voiture de sport \u00e0 Monaco, mais pouvoir la r\u00e9cup\u00e9rer d\u00e8s votre descente de l&rsquo;avion \u00e0 l&rsquo;a\u00e9roport international de Nice, \u00e0 votre h\u00f4tel ou \u00e0 votre bureau, nous pouvons vous l&rsquo;organiser.<\/p>\n<h3>Location de voiture sportive \u00e0 Monaco<\/h3>\n<p>La location de voiture de sport \u00e0 Monaco se pr\u00e9pare avec Car4rent. Vous pourrez d\u00e9couvrir les endroits uniques de la <strong><a href=\"https:\/\/generationvoyage.fr\/visiter-cote-azur-faire-voir\/\" target=\"_blank\" rel=\"noopener\">C\u00f4te d&rsquo;Azur<\/a> <\/strong>et visitez les stations baln\u00e9aires du littoral m\u00e9diterran\u00e9en. Profitez de l&rsquo;atmosph\u00e8re particuli\u00e8re ! La location de voiture de sport \u00e0 Monaco vous permettra de toujours trouver un endroit pour une visite culturelle et paisible. La Principaut\u00e9 de Monaco est un passage oblig\u00e9 pour tout visiteur.<\/p>\n<h3>Louer une voiture de luxe \u00e0 Monaco<\/h3>\n<p>\u00c0 une heure de route de Monaco, vous trouverez de nombreux villages et lieux anciens magnifiques. Promenez vous \u00e0 Saint-Tropez, le petit village de p\u00eacheurs comme il \u00e9tait commun de l&rsquo;appeler dans le pass\u00e9, qui combinera le plaisir du lieu et l&rsquo;exp\u00e9rience de s&rsquo;y rendre avec votre voiture de sport.<\/p>\n<\/div>\n<\/div>\n<h5>La location de voiture sportive: prix par jour de location \u00e0 partir de 260\u20ac<\/h5>\n<p>Vous souhaitez louer une voiture de sport, c&rsquo;est le moment! N&rsquo;h\u00e9sitez pas \u00e0 prendre <a href=\"https:\/\/car4rent.fr\/fr\/contact\/\" target=\"_blank\" rel=\"noopener\">contact<\/a> avec nous pour tout renseignement ou obtenir un devis gratuit.<\/p>\n<\/div><\/section><\/div><div  class='hr av-jvak8s-b34356faddcb89473b4d551dc535b49d hr-default  avia-builder-el-7  el_after_av_one_full  el_before_av_section  avia-builder-el-last '><span class='hr-inner '><span class=\"hr-inner-style\"><\/span><\/span><\/div><\/p>\n<\/div><\/div><\/div><!-- close content main div --><\/div><\/div><div id='av_section_3'  class='avia-section av-6mq6aoi-220d2331d8a8e09257ee23f14fd9c975 main_color avia-section-default avia-no-border-styling  avia-builder-el-8  el_after_av_hr  el_before_av_section  avia-bg-style-scroll container_wrap fullsize'  ><div class='container av-section-cont-open' ><div class='template-page content  av-content-full alpha units'><div class='post-entry post-entry-type-page post-entry-30877'><div class='entry-content-wrapper clearfix'>\n\n<style type=\"text\/css\" data-created_by=\"avia_inline_auto\" id=\"style-css-av-6du7y6q-59c18bf5428f997f5a63dc0afece8078\">\n.flex_column.av-6du7y6q-59c18bf5428f997f5a63dc0afece8078{\nborder-radius:0px 0px 0px 0px;\npadding:0px 0px 0px 0px;\n}\n<\/style>\n<div  class='flex_column av-6du7y6q-59c18bf5428f997f5a63dc0afece8078 av_one_full  avia-builder-el-9  el_before_av_hr  avia-builder-el-first  first flex_column_div av-zero-column-padding  '     ><style type=\"text\/css\" data-created_by=\"avia_inline_auto\" id=\"style-css-av-kb3pf8nh-5c705a744bca7037a8f055c0c8722e7f\">\n#top .av-special-heading.av-kb3pf8nh-5c705a744bca7037a8f055c0c8722e7f{\npadding-bottom:10px;\n}\nbody .av-special-heading.av-kb3pf8nh-5c705a744bca7037a8f055c0c8722e7f .av-special-heading-tag .heading-char{\nfont-size:25px;\n}\n.av-special-heading.av-kb3pf8nh-5c705a744bca7037a8f055c0c8722e7f .av-subheading{\nfont-size:15px;\n}\n<\/style>\n<div  class='av-special-heading av-kb3pf8nh-5c705a744bca7037a8f055c0c8722e7f av-special-heading-h3 blockquote modern-quote modern-centered  avia-builder-el-10  avia-builder-el-no-sibling  av-linked-heading'><h3 class='av-special-heading-tag '  >Les voitures de Car4Rent sont \u00e9galement disponibles \u00e0 Paris, Cannes, Saint-Tropez et \u00e0 l\u2019a\u00e9roport de Nice.<\/h3><div class=\"special-heading-border\"><div class=\"special-heading-inner-border\"><\/div><\/div><\/div><\/div>\n<style type=\"text\/css\" data-created_by=\"avia_inline_auto\" id=\"style-css-av-5cgdl82-232a578509f1376fb6e732faea0e2d1a\">\n#top .hr.hr-invisible.av-5cgdl82-232a578509f1376fb6e732faea0e2d1a{\nheight:25px;\n}\n<\/style>\n<div  class='hr av-5cgdl82-232a578509f1376fb6e732faea0e2d1a hr-invisible  avia-builder-el-11  el_after_av_one_full  el_before_av_heading '><span class='hr-inner '><span class=\"hr-inner-style\"><\/span><\/span><\/div>\n\n<style type=\"text\/css\" data-created_by=\"avia_inline_auto\" id=\"style-css-av-qnr58c-8ef739c7dc087917b7067ba2afb88268\">\n#top .av-special-heading.av-qnr58c-8ef739c7dc087917b7067ba2afb88268{\npadding-bottom:10px;\n}\nbody .av-special-heading.av-qnr58c-8ef739c7dc087917b7067ba2afb88268 .av-special-heading-tag .heading-char{\nfont-size:25px;\n}\n.av-special-heading.av-qnr58c-8ef739c7dc087917b7067ba2afb88268 .av-subheading{\nfont-size:15px;\n}\n<\/style>\n<div  class='av-special-heading av-qnr58c-8ef739c7dc087917b7067ba2afb88268 av-special-heading-h4 blockquote modern-quote modern-centered  avia-builder-el-12  el_after_av_hr  el_before_av_textblock '><h4 class='av-special-heading-tag '  >La location de voiture de sport \u00e0 Monaco, r\u00e9alisez votre r\u00eave<\/h4><div class=\"special-heading-border\"><div class=\"special-heading-inner-border\"><\/div><\/div><\/div>\n<section  class='av_textblock_section av-35qmucy-e7eea719684c2bd9feccf9548ffaf785 '  ><div class='avia_textblock' ><p style=\"text-align: center;\">Car4rent compte parmi les loueurs de voitures de prestige les mieux r\u00e9f\u00e9renc\u00e9s \u00e0 Monaco. N&rsquo;h\u00e9sitez pas \u00e0 faire appel \u00e0 notre \u00e9quipe pour vous conseiller et faire le meilleur choix. Uniquement des voitures de sport de luxe, des cabriolets et des SUV pour votre enti\u00e8re satisfaction. Faites l&rsquo;exp\u00e9rience des plus hauts niveaux de service et de confort.<\/p>\n<\/div><\/section>\n\n<\/div><\/div><\/div><!-- close content main div --><\/div><\/div>\n<style type=\"text\/css\" data-created_by=\"avia_inline_auto\" id=\"style-css-av-27qlrrm-0da01d1b45d171244764f48420a7c9a1\">\n.avia-section.av-27qlrrm-0da01d1b45d171244764f48420a7c9a1{\nbackground-color:#6834bd;\nbackground-image:unset;\n}\n<\/style>\n<div id='av_section_4'  class='avia-section av-27qlrrm-0da01d1b45d171244764f48420a7c9a1 main_color avia-section-default avia-no-border-styling  avia-builder-el-14  el_after_av_section  el_before_av_section  avia-bg-style-scroll container_wrap fullsize'  ><div class='container av-section-cont-open' ><div class='template-page content  av-content-full alpha units'><div class='post-entry post-entry-type-page post-entry-30877'><div class='entry-content-wrapper clearfix'>\n\n<style type=\"text\/css\" data-created_by=\"avia_inline_auto\" id=\"style-css-av-1s5iv9u-c0c247ccbc7f85007e1ef378665df0bd\">\n#top .av-special-heading.av-1s5iv9u-c0c247ccbc7f85007e1ef378665df0bd{\npadding-bottom:10px;\ncolor:#ffffff;\nfont-size:30px;\n}\nbody .av-special-heading.av-1s5iv9u-c0c247ccbc7f85007e1ef378665df0bd .av-special-heading-tag .heading-char{\nfont-size:25px;\n}\n#top #wrap_all .av-special-heading.av-1s5iv9u-c0c247ccbc7f85007e1ef378665df0bd .av-special-heading-tag{\nfont-size:30px;\n}\n.av-special-heading.av-1s5iv9u-c0c247ccbc7f85007e1ef378665df0bd .special-heading-inner-border{\nborder-color:#ffffff;\n}\n.av-special-heading.av-1s5iv9u-c0c247ccbc7f85007e1ef378665df0bd .av-subheading{\nfont-size:15px;\n}\n\n@media only screen and (min-width: 480px) and (max-width: 767px){ \n#top #wrap_all .av-special-heading.av-1s5iv9u-c0c247ccbc7f85007e1ef378665df0bd .av-special-heading-tag{\nfont-size:0.8em;\n}\n}\n\n@media only screen and (max-width: 479px){ \n#top #wrap_all .av-special-heading.av-1s5iv9u-c0c247ccbc7f85007e1ef378665df0bd .av-special-heading-tag{\nfont-size:0.8em;\n}\n}\n<\/style>\n<div  class='av-special-heading av-1s5iv9u-c0c247ccbc7f85007e1ef378665df0bd av-special-heading-h3 custom-color-heading blockquote modern-quote modern-centered  avia-builder-el-15  el_before_av_button  avia-builder-el-first  av-inherit-size'><h3 class='av-special-heading-tag '  >Louer une voiture de sport \u00e0 Monaco avec Car4rent.<\/h3><div class=\"special-heading-border\"><div class=\"special-heading-inner-border\"><\/div><\/div><\/div>\n<div  class='avia-button-wrap av-3lk7si-750c35f5c01c7fd897a03a24d1551193-wrap avia-button-center  avia-builder-el-16  el_after_av_heading  avia-builder-el-last '><a href=\"https:\/\/car4rent.fr\/fr\/contact\/\" class=\"avia-button av-3lk7si-750c35f5c01c7fd897a03a24d1551193 av-link-btn avia-icon_select-yes-right-icon avia-size-large avia-position-center av-icon-on-hover avia-color-grey\" aria-label=\"Contactez notre \u00e9quipe d\u00e9di\u00e9e\"><span class='avia_iconbox_title' >Contactez notre \u00e9quipe d\u00e9di\u00e9e<\/span><span class='avia_button_icon avia_button_icon_right avia-iconfont avia-font-entypo-fontello' data-av_icon='\ue881' data-av_iconfont='entypo-fontello' ><\/span><\/a><\/div>\n\n<\/div><\/div><\/div><!-- close content main div --><\/div><\/div><div id='av_section_5'  class='avia-section av-1ahyqik-96272d339a90f4741ca9fff9bc5b9977 main_color avia-section-default avia-no-border-styling  avia-builder-el-17  el_after_av_section  avia-builder-el-last  avia-bg-style-scroll container_wrap fullsize'  ><div class='container av-section-cont-open' ><div class='template-page content  av-content-full alpha units'><div class='post-entry post-entry-type-page post-entry-30877'><div class='entry-content-wrapper clearfix'>\n<div  class='avia-builder-widget-area clearfix  avia-builder-el-18  avia-builder-el-no-sibling '><div id=\"text-9\" class=\"widget clearfix widget_text\">\t\t\t<div class=\"textwidget\"><p style=\"text-align: center;\">    <div class=\"car4rent-share-block car4rent-fr\">\n        <a href=\"https:\/\/www.facebook.com\/sharer\/sharer.php?u=\" target=\"_blank\" rel=\"noopener\"><i class=\"fa-brands fa-facebook\"><\/i> Partager<\/a>\n        <a href=\"https:\/\/x.com\/intent\/tweet?url=&amp;text=\" target=\"_blank\" rel=\"noopener\"><i class=\"fa-brands fa-x-twitter\"><\/i> X<\/a>\n        <a href=\"https:\/\/wa.me\/?text=%20\" target=\"_blank\" rel=\"noopener\"><i class=\"fa-brands fa-whatsapp\"><\/i> WhatsApp<\/a>\n        <a href=\"https:\/\/www.instagram.com\/car4rent_cannes\/\" target=\"_blank\" rel=\"noopener\"><i class=\"fa-brands fa-instagram\"><\/i> Instagram<\/a>\n        <a href=\"https:\/\/www.linkedin.com\/company\/car4rent\/about\/\" target=\"_blank\" rel=\"noopener\"><i class=\"fa-brands fa-linkedin\"><\/i> LinkedIn<\/a>\n        <a href=\"https:\/\/www.youtube.com\/@car4rentcannes839\" target=\"_blank\" rel=\"noopener\"><i class=\"fa-brands fa-youtube\"><\/i> YouTube<\/a>\n    <\/div>\n    <\/p>\n<\/div>\n\t\t<\/div><\/div>\n\n","protected":false},"excerpt":{"rendered":"","protected":false},"author":3,"featured_media":29771,"parent":0,"menu_order":1225,"comment_status":"closed","ping_status":"closed","template":"","meta":{"_acf_changed":false,"footnotes":""},"class_list":["post-30877","page","type-page","status-publish","has-post-thumbnail","hentry"],"acf":[],"_links":{"self":[{"href":"https:\/\/car4rent.fr\/fr\/wp-json\/wp\/v2\/pages\/30877","targetHints":{"allow":["GET"]}}],"collection":[{"href":"https:\/\/car4rent.fr\/fr\/wp-json\/wp\/v2\/pages"}],"about":[{"href":"https:\/\/car4rent.fr\/fr\/wp-json\/wp\/v2\/types\/page"}],"author":[{"embeddable":true,"href":"https:\/\/car4rent.fr\/fr\/wp-json\/wp\/v2\/users\/3"}],"replies":[{"embeddable":true,"href":"https:\/\/car4rent.fr\/fr\/wp-json\/wp\/v2\/comments?post=30877"}],"version-history":[{"count":0,"href":"https:\/\/car4rent.fr\/fr\/wp-json\/wp\/v2\/pages\/30877\/revisions"}],"wp:featuredmedia":[{"embeddable":true,"href":"https:\/\/car4rent.fr\/fr\/wp-json\/wp\/v2\/media\/29771"}],"wp:attachment":[{"href":"https:\/\/car4rent.fr\/fr\/wp-json\/wp\/v2\/media?parent=30877"}],"curies":[{"name":"wp","href":"https:\/\/api.w.org\/{rel}","templated":true}]}}