{"id":30875,"date":"2023-11-10T16:56:12","date_gmt":"2023-11-10T15:56:12","guid":{"rendered":"https:\/\/car4rent.fr\/louer-une-decapotable\/"},"modified":"2024-05-28T03:09:13","modified_gmt":"2024-05-28T01:09:13","slug":"louer-une-decapotable","status":"publish","type":"page","link":"https:\/\/car4rent.fr\/fr\/louer-une-decapotable\/","title":{"rendered":"Louer une d\u00e9capotable"},"content":{"rendered":"\n<style type=\"text\/css\" data-created_by=\"avia_inline_auto\" id=\"style-css-av-js5twac7-633642c98c2ed505410b2d7940b12a9d\">\n.avia-section.av-js5twac7-633642c98c2ed505410b2d7940b12a9d{\nbackground-repeat:no-repeat;\nbackground-image:url(https:\/\/car4rent.fr\/wp-content\/uploads\/Porsche targa rental Car4rent monaco-968x630.jpg);\nbackground-position:50% 0%;\nbackground-attachment:scroll;\n}\n<\/style>\n<div id='header-section'  class='avia-section av-js5twac7-633642c98c2ed505410b2d7940b12a9d main_color avia-section-huge avia-no-border-styling  avia-builder-el-0  el_before_av_one_full  avia-builder-el-first  avia-full-stretch avia-bg-style-scroll av-minimum-height av-minimum-height-custom av-height-custom  container_wrap fullsize'  data-section-bg-repeat='stretch' data-av_minimum_height_px='700'><div class='container av-section-cont-open' style='height:700px'><main  class='template-page content  av-content-full alpha units'><div class='post-entry post-entry-type-page post-entry-30875'><div class='entry-content-wrapper clearfix'>\n\n<style type=\"text\/css\" data-created_by=\"avia_inline_auto\" id=\"style-css-av-8wi8nxu-61b61119fbf0a13b9c4c4f21fdbf9fb6\">\n.flex_column.av-8wi8nxu-61b61119fbf0a13b9c4c4f21fdbf9fb6{\nborder-radius:0px 0px 0px 0px;\npadding:0px 0px 0px 0px;\n}\n<\/style>\n<div  class='flex_column av-8wi8nxu-61b61119fbf0a13b9c4c4f21fdbf9fb6 av_two_third  avia-builder-el-1  avia-builder-el-no-sibling  first flex_column_div av-zero-column-padding  '     ><section  class='av_textblock_section av-llm34vml-b3472df4538e97cf8d44c2d6e632e2ca '  ><div class='avia_textblock' ><h3>Louer une d\u00e9capotable<\/h3>\n<\/div><\/section><\/div>\n<\/div><\/div><\/main><!-- close content main element --><\/div><\/div><div id='after_section_1'  class='main_color av_default_container_wrap container_wrap fullsize'  ><div class='container av-section-cont-open' ><div class='template-page content  av-content-full alpha units'><div class='post-entry post-entry-type-page post-entry-30875'><div class='entry-content-wrapper clearfix'>\n\n<style type=\"text\/css\" data-created_by=\"avia_inline_auto\" id=\"style-css-av-703por6-7fd814c5352cfd4aeaef0efb9e948d6a\">\n.flex_column.av-703por6-7fd814c5352cfd4aeaef0efb9e948d6a{\nborder-radius:0px 0px 0px 0px;\npadding:0px 0px 0px 0px;\n}\n<\/style>\n<div  class='flex_column av-703por6-7fd814c5352cfd4aeaef0efb9e948d6a av_one_full  avia-builder-el-3  el_after_av_section  el_before_av_hr  avia-builder-el-first  first flex_column_div av-zero-column-padding  '     ><style type=\"text\/css\" data-created_by=\"avia_inline_auto\" id=\"style-css-av-js5tay2s-866908c262f25bfd9a76522d03d3099f\">\n#top .av_textblock_section.av-js5tay2s-866908c262f25bfd9a76522d03d3099f .avia_textblock{\ncolor:#000000;\n}\n<\/style>\n<section  class='av_textblock_section av-js5tay2s-866908c262f25bfd9a76522d03d3099f '  ><div class='avia_textblock av_inherit_color' ><div class=\"csc-header csc-header-n1\">\n<h2>Louer une d\u00e9capotable sur la C\u00f4te d&rsquo;Azur<\/h2>\n<p>Louer une d\u00e9capotable chez Car4rent est une fa\u00e7on agr\u00e9able et \u00e9l\u00e9gante d&rsquo;inspirer et de parfaire toute occasion sp\u00e9ciale. Nous proposons \u00e0 la location un large \u00e9ventail de cabriolets provenant des constructeurs automobiles les plus prestigieux. Uniquement les voitures de sport et de luxe. La location d&rsquo;un cabriolet est la solution id\u00e9ale pour rendre votre voyage un peu plus amusant. Car4rent propose des locations de cabriolets \u00e0 des prix abordables pour tous les budgets.<\/p>\n<p><img loading=\"lazy\" decoding=\"async\" class=\"wp-image-40603 size-full aligncenter\" src=\"https:\/\/car4rent.fr\/wp-content\/uploads\/location-lamborghini-cote-dazur.jpg\" alt=\"location lamborghini C\u00f4te dazur, location de voitures exotiques, loueur de voiture de luxe, premium car rental, luxury car sharing, car4rent car hire, hire luxury car monaco, rent sports car cannes, sports car rental, renting sports car, Rent a Luxury Car, Cannes Luxury Car rental, Book your luxury sports car hire in Monaco now, Luxury car hire Monaco, Luxury car rental lowest price promise\" width=\"1024\" height=\"768\" title=\"Car4Rent Cannes\" srcset=\"https:\/\/car4rent.fr\/wp-content\/uploads\/location-lamborghini-cote-dazur.jpg 1024w, https:\/\/car4rent.fr\/wp-content\/uploads\/location-lamborghini-cote-dazur-300x225.jpg 300w, https:\/\/car4rent.fr\/wp-content\/uploads\/location-lamborghini-cote-dazur-768x576.jpg 768w, https:\/\/car4rent.fr\/wp-content\/uploads\/location-lamborghini-cote-dazur-705x529.jpg 705w, https:\/\/car4rent.fr\/wp-content\/uploads\/location-lamborghini-cote-dazur-450x338.jpg 450w\" sizes=\"auto, (max-width: 1024px) 100vw, 1024px\" \/><\/p>\n<h2>Louer une d\u00e9capotable pour se balader sur la C\u00f4te d&rsquo;Azur<\/h2>\n<p>Le sud de la France et plus particuli\u00e8rement la <span style=\"color: #0000ff;\"><strong><a style=\"color: #0000ff;\" href=\"https:\/\/generationvoyage.fr\/visiter-cote-azur-faire-voir\/\" target=\"_blank\" rel=\"noopener\">C\u00f4te d&rsquo;Azur<\/a><\/strong><\/span> est une destination magnifique. Le pays abrite de nombreuses villes embl\u00e9matiques, parmi lesquelles Cannes, Monaco, Saint-Raph\u00ebl et bien entendu <a href=\"https:\/\/www.carnets-voyages.org\/visiter-nice\/\" target=\"_blank\" rel=\"noopener\">Nice<\/a>.<\/p>\n<p><span style=\"font-size: 14pt;\">D\u00e9couvrez les endroits les plus pittoresques et les plus populaires<\/span><span style=\"color: #0000ff;\"><span style=\"font-size: 14pt;\"><strong><br \/>\n<\/strong><\/span><br \/>\n<\/span>Louer une voiture d\u00e9capotable sur la C\u00f4te d&rsquo;Azur vous permettra de visiter tous les sites \u00e9tonnants de la r\u00e9gion avec \u00e9l\u00e9gance, et d&rsquo;y d\u00e9couvrir les endroits les plus pittoresques.<\/p>\n<p>Louer une d\u00e9capotable de luxe vous permettra \u00e9galement de vivre une exp\u00e9rience inoubliable.<\/p>\n<p>Les plages les plus c\u00e9l\u00e8bres de la C\u00f4te d&rsquo;Azur se trouvent \u00e0 <a href=\"https:\/\/www.sainttropeztourisme.com\/\" target=\"_blank\" rel=\"noopener\">Saint-Tropez<\/a>. Faites y une halte, sur l&rsquo;une des c\u00e9l\u00e8bres plages comme Nikki Beach, la Plage 55, Bagatelle ou la plus ancienne, Tahiti Plage.<span style=\"color: #0000ff;\"><br \/>\n<\/span><\/p>\n<p>Cette station baln\u00e9aire de renomm\u00e9e mondiale, connue autrefois pour son ambiance jet-set, reste un haut lieu du tourisme depuis des ann\u00e9es. Promenez-vous sur le Vieux Port pour admirer le retour des luxueux yachts en fin de journ\u00e9e. Si vous vous r\u00e9veillez assez t\u00f4t, vous pourrez acheter du poisson frais au march\u00e9 aux poissons. Ne manquer pas la Place des Lices<span style=\"color: #0000ff;\"><strong>, <\/strong><\/span>la place centrale de la ville, pour un retour dans le temps avec de nombreux jetsetteurs et acteurs qui jouent \u00e0 la p\u00e9tanque, le sport local et arr\u00eatez-vous pour boire un verre de ros\u00e9 ou un pastis !<\/p>\n<div class=\"headline component \">\n<div class=\"component-content\">\n<h2 class=\"headline__heading\">Louer une d\u00e9capotable pour visiter Cannes<\/h2>\n<\/div>\n<\/div>\n<div class=\"article__socials\">\n<aside class=\"social-block\">\n<div class=\"social-block__share\">\n<div class=\"social-share\" data-social-share=\"{'shareButtons':{'facebook':{'networkEnable':true,'account':''},'twitter':{'networkEnable':true,'account':'TelegraphTravel'},'pinterest':{'networkEnable':false,'account':''},'whatsapp':{'networkEnable':true,'account':''},'linkedin':{'networkEnable':false,'account':''},'email':{'networkEnable':true,'account':''}},'showCounters':false,'disableAutoClone':false,'disableStickiness':true}\">\n<p>Louez une d\u00e9capotable et partez pour Cannes<strong>. <\/strong>Promenez-vous le long de la c\u00e9l\u00e8bre Croisette<span style=\"color: #0000ff;\"><strong>, <\/strong><\/span>qui s&rsquo;enroule autour de la baie de Cannes. C&rsquo;est l&rsquo;endroit o\u00f9 il faut \u00eatre vu \u00e0 <span style=\"color: #0000ff;\"><strong><a style=\"color: #0000ff;\" href=\"https:\/\/www.cannes-destination.fr\/visites-incontournables\" target=\"_blank\" rel=\"noopener\">Cannes<\/a><\/strong><\/span>. Vous y verrez de belles personnes, de belles familles et des dames trop bronz\u00e9es qui portent encore des fourrures en juillet. Observez les patineurs \u00e0 roulettes, les joggeurs et les clowns sur \u00e9chasses, qui offrent un spectacle aux promeneurs ou aux clients attabl\u00e9s dans les nombreux restaurants et bars qui s&rsquo;alignent le long de la promenade.<\/p>\n<h2>S&rsquo;\u00e9vader vers les \u00eeles de L\u00e9rins toutes proches<\/h2>\n<p>A 10 ou 15 minutes de bateau de Cannes se trouvent les Iles de L\u00e9rins deux \u00eeles libres de tout bling-bling.<\/p>\n<p>L&rsquo;\u00eele Ste-Marguerite est la plus grande des deux \u00eeles. Les ar\u00f4mes d&rsquo;eucalyptus et de pin vous frappent d\u00e8s que vous descendez du ferry. Vous pourrez profiter de deux restaurants, La Gu\u00e9rite r\u00e9serv\u00e9e \u00e0 une \u00e9lite financi\u00e8re et l&rsquo;Escale tout \u00e0 fait abordable. Visiter le mus\u00e9e de l&rsquo;homme au masque de fer est une bonne option.<\/p>\n<p>L&rsquo;Ile Saint-Honorat avec son \u00e9glise abbatiale et un monast\u00e8re fortifi\u00e9 Abbaye de L\u00e9rins vaut la peine de s&rsquo;y attarder. Un ensemble de b\u00e2timents en pierre au sud de l&rsquo;\u00eele comprend sept anciennes chapelles datant du XIe si\u00e8cle. Depuis son toit cr\u00e9nel\u00e9, la vue est spectaculaire et s&rsquo;\u00e9tend sur tout le littoral de l&rsquo;Est\u00e9rel jusqu&rsquo;au cap d&rsquo;Antibes. <span style=\"color: #0000ff;\"><br \/>\n<\/span>Malheureusement, il n&rsquo;est pas possible de faire l&rsquo;aller-retour entre les deux \u00eeles et il faut revenir \u00e0 Cannes entre les deux.<\/p>\n<h3>Louer une d\u00e9capotable et visiter Monaco, une escale magique dans un cadre unique.<\/h3>\n<p>La principaut\u00e9 de Monaco est l&rsquo;un des plus petits \u00c9tats ind\u00e9pendants du monde et se trouve au bord de la mer M\u00e9diterran\u00e9e,<\/p>\n<p>Louez une d\u00e9capotable et faites une escale dans la Principaut\u00e9 de Monaco. C&rsquo;est une invitation \u00e0 se d\u00e9tendre et \u00e0 s&rsquo;impr\u00e9gner du style et du glamour d&rsquo;une ville ancr\u00e9e dans l&rsquo;histoire. Les monuments du pass\u00e9 se m\u00ealent harmonieusement \u00e0 l&rsquo;architecture moderne. La gastronomie se m\u00eale \u00e0 la cuisine traditionnelle.<\/p>\n<p>La Principaut\u00e9 est \u00e9galement id\u00e9ale pour une exp\u00e9rience de shopping unique, avec de nombreuses boutiques de luxe et des restaurants.<\/p>\n<p>Avec plus de 300 jours de soleil par an, Monaco est une destination id\u00e9ale tout au long de l&rsquo;ann\u00e9e.<\/p>\n<\/div>\n<\/div>\n<\/aside>\n<\/div>\n<h3>Location de cabriolet pourquoi louer une d\u00e9capotable ? Une option de location inoubliable<\/h3>\n<p>Pourquoi louer un cabriolet? La location d&rsquo;un cabriolet permet de cr\u00e9er une exp\u00e9rience de conduite inoubliable comme aucune autre option de location ne peut le faire. Assurez-vous que votre prochaine location de voiture vous offre une exp\u00e9rience de conduite ultime.<\/p>\n<p>Louez un cabriolet avec Car4rent d\u00e8s aujourd&rsquo;hui, et choisissez parmi notre flotte vari\u00e9e de cabriolets de sport et de luxe, adapt\u00e9s \u00e0 tous les go\u00fbts et \u00e0 tous les budgets.<\/p>\n<p><a href=\"https:\/\/car4rent.fr\/fr\/contact\/\" target=\"_blank\" rel=\"noopener\"><span style=\"color: #0000ff;\"> <strong>Contactez<\/strong><\/span><\/a> l&rsquo;un des membres de notre \u00e9quipe pour obtenir des informations sur les cabriolets sp\u00e9cifiques.<\/p>\n<\/div>\n<\/div><\/section><\/div><div  class='hr av-av_hr-91d7ccd583a503147498e120fee2ff9b hr-default  avia-builder-el-5  el_after_av_one_full  el_before_av_section  avia-builder-el-last '><span class='hr-inner '><span class=\"hr-inner-style\"><\/span><\/span><\/div><\/p>\n<\/div><\/div><\/div><!-- close content main div --><\/div><\/div><div id='av_section_2'  class='avia-section av-6mq6aoi-220d2331d8a8e09257ee23f14fd9c975 main_color avia-section-default avia-no-border-styling  avia-builder-el-6  el_after_av_hr  el_before_av_hr  avia-bg-style-scroll container_wrap fullsize'  ><div class='container av-section-cont-open' ><div class='template-page content  av-content-full alpha units'><div class='post-entry post-entry-type-page post-entry-30875'><div class='entry-content-wrapper clearfix'>\n\n<style type=\"text\/css\" data-created_by=\"avia_inline_auto\" id=\"style-css-av-6du7y6q-59c18bf5428f997f5a63dc0afece8078\">\n.flex_column.av-6du7y6q-59c18bf5428f997f5a63dc0afece8078{\nborder-radius:0px 0px 0px 0px;\npadding:0px 0px 0px 0px;\n}\n<\/style>\n<div  class='flex_column av-6du7y6q-59c18bf5428f997f5a63dc0afece8078 av_one_full  avia-builder-el-7  el_before_av_hr  avia-builder-el-first  first flex_column_div av-zero-column-padding  '     ><style type=\"text\/css\" data-created_by=\"avia_inline_auto\" id=\"style-css-av-k9g2rg7o-a30dc872f76e966fc04f423b1c0fc053\">\n#top .av-special-heading.av-k9g2rg7o-a30dc872f76e966fc04f423b1c0fc053{\npadding-bottom:10px;\n}\nbody .av-special-heading.av-k9g2rg7o-a30dc872f76e966fc04f423b1c0fc053 .av-special-heading-tag .heading-char{\nfont-size:25px;\n}\n.av-special-heading.av-k9g2rg7o-a30dc872f76e966fc04f423b1c0fc053 .av-subheading{\nfont-size:15px;\n}\n<\/style>\n<div  class='av-special-heading av-k9g2rg7o-a30dc872f76e966fc04f423b1c0fc053 av-special-heading-h4 meta-heading blockquote modern-quote modern-centered  avia-builder-el-8  avia-builder-el-no-sibling  av-linked-heading'><h4 class='av-special-heading-tag '  >Les voitures de Car4Rent sont disponibles \u00e0 Cannes, Monaco, Saint-Tropez et \u00e0 l\u2019a\u00e9roport de Nice.<\/h4><div class=\"special-heading-border\"><div class=\"special-heading-inner-border\"><\/div><\/div><\/div><\/div>\n<style type=\"text\/css\" data-created_by=\"avia_inline_auto\" id=\"style-css-av-5cgdl82-232a578509f1376fb6e732faea0e2d1a\">\n#top .hr.hr-invisible.av-5cgdl82-232a578509f1376fb6e732faea0e2d1a{\nheight:25px;\n}\n<\/style>\n<div  class='hr av-5cgdl82-232a578509f1376fb6e732faea0e2d1a hr-invisible  avia-builder-el-9  el_after_av_one_full  el_before_av_heading '><span class='hr-inner '><span class=\"hr-inner-style\"><\/span><\/span><\/div>\n\n<style type=\"text\/css\" data-created_by=\"avia_inline_auto\" id=\"style-css-av-k9g2s2e9-6653b27eb230ae056871085fcb1cea98\">\n#top .av-special-heading.av-k9g2s2e9-6653b27eb230ae056871085fcb1cea98{\npadding-bottom:10px;\n}\nbody .av-special-heading.av-k9g2s2e9-6653b27eb230ae056871085fcb1cea98 .av-special-heading-tag .heading-char{\nfont-size:25px;\n}\n.av-special-heading.av-k9g2s2e9-6653b27eb230ae056871085fcb1cea98 .av-subheading{\nfont-size:15px;\n}\n<\/style>\n<div  class='av-special-heading av-k9g2s2e9-6653b27eb230ae056871085fcb1cea98 av-special-heading-h4 blockquote modern-quote modern-centered  avia-builder-el-10  el_after_av_hr  el_before_av_textblock  av-linked-heading'><h4 class='av-special-heading-tag '  >Vous souhaiter louer une d\u00e9capotable en France ?<\/h4><div class=\"special-heading-border\"><div class=\"special-heading-inner-border\"><\/div><\/div><\/div>\n<section  class='av_textblock_section av-35qmucy-7331369d44c1e5de444fb6ec892029ed '  ><div class='avia_textblock' ><p style=\"text-align: center;\">Car4rent est le premier loueur de voitures de luxe sur la C\u00f4te d&rsquo;Azur. Faites l&rsquo;exp\u00e9rience des plus hauts niveaux de service et de confort.<\/p>\n<\/div><\/section>\n<\/div><\/div><\/div><!-- close content main div --><\/div><\/div><div id='after_section_2'  class='main_color av_default_container_wrap container_wrap fullsize'  ><div class='container av-section-cont-open' ><div class='template-page content  av-content-full alpha units'><div class='post-entry post-entry-type-page post-entry-30875'><div class='entry-content-wrapper clearfix'>\n<div  class='hr av-av_hr-91d7ccd583a503147498e120fee2ff9b hr-default  avia-builder-el-12  el_after_av_section  el_before_av_section  avia-builder-el-no-sibling '><span class='hr-inner '><span class=\"hr-inner-style\"><\/span><\/span><\/div>\n<\/div><\/div><\/div><!-- close content main div --><\/div><\/div>\n<style type=\"text\/css\" data-created_by=\"avia_inline_auto\" id=\"style-css-av-27qlrrm-0da01d1b45d171244764f48420a7c9a1\">\n.avia-section.av-27qlrrm-0da01d1b45d171244764f48420a7c9a1{\nbackground-color:#6834bd;\nbackground-image:unset;\n}\n<\/style>\n<div id='av_section_3'  class='avia-section av-27qlrrm-0da01d1b45d171244764f48420a7c9a1 main_color avia-section-default avia-no-border-styling  avia-builder-el-13  el_after_av_hr  el_before_av_section  avia-bg-style-scroll container_wrap fullsize'  ><div class='container av-section-cont-open' ><div class='template-page content  av-content-full alpha units'><div class='post-entry post-entry-type-page post-entry-30875'><div class='entry-content-wrapper clearfix'>\n\n<style type=\"text\/css\" data-created_by=\"avia_inline_auto\" id=\"style-css-av-1s5iv9u-001b1aba17cd19cd8cef10f373610f94\">\n#top .av-special-heading.av-1s5iv9u-001b1aba17cd19cd8cef10f373610f94{\npadding-bottom:10px;\ncolor:#ffffff;\nfont-size:30px;\n}\nbody .av-special-heading.av-1s5iv9u-001b1aba17cd19cd8cef10f373610f94 .av-special-heading-tag .heading-char{\nfont-size:25px;\n}\n#top #wrap_all .av-special-heading.av-1s5iv9u-001b1aba17cd19cd8cef10f373610f94 .av-special-heading-tag{\nfont-size:30px;\n}\n.av-special-heading.av-1s5iv9u-001b1aba17cd19cd8cef10f373610f94 .special-heading-inner-border{\nborder-color:#ffffff;\n}\n.av-special-heading.av-1s5iv9u-001b1aba17cd19cd8cef10f373610f94 .av-subheading{\nfont-size:15px;\n}\n\n@media only screen and (min-width: 480px) and (max-width: 767px){ \n#top #wrap_all .av-special-heading.av-1s5iv9u-001b1aba17cd19cd8cef10f373610f94 .av-special-heading-tag{\nfont-size:0.8em;\n}\n}\n\n@media only screen and (max-width: 479px){ \n#top #wrap_all .av-special-heading.av-1s5iv9u-001b1aba17cd19cd8cef10f373610f94 .av-special-heading-tag{\nfont-size:0.8em;\n}\n}\n<\/style>\n<div  class='av-special-heading av-1s5iv9u-001b1aba17cd19cd8cef10f373610f94 av-special-heading-h5 custom-color-heading blockquote modern-quote modern-centered  avia-builder-el-14  el_before_av_button  avia-builder-el-first  av-inherit-size'><h5 class='av-special-heading-tag '  >La plus grande collection de voitures de r\u00eave vous attend, gr\u00e2ce \u00e0 Car4rent.<\/h5><div class=\"special-heading-border\"><div class=\"special-heading-inner-border\"><\/div><\/div><\/div>\n<div  class='avia-button-wrap av-3lk7si-750c35f5c01c7fd897a03a24d1551193-wrap avia-button-center  avia-builder-el-15  el_after_av_heading  avia-builder-el-last '><a href=\"https:\/\/car4rent.fr\/fr\/contact\/\" class=\"avia-button av-3lk7si-750c35f5c01c7fd897a03a24d1551193 av-link-btn avia-icon_select-yes-right-icon avia-size-large avia-position-center av-icon-on-hover avia-color-grey\" aria-label=\"Contactez notre \u00e9quipe d\u00e9di\u00e9e\"><span class='avia_iconbox_title' >Contactez notre \u00e9quipe d\u00e9di\u00e9e<\/span><span class='avia_button_icon avia_button_icon_right avia-iconfont avia-font-entypo-fontello' data-av_icon='\ue881' data-av_iconfont='entypo-fontello' ><\/span><\/a><\/div>\n\n<\/div><\/div><\/div><!-- close content main div --><\/div><\/div><div id='av_section_4'  class='avia-section av-1c6owz0-28a2504fe65b65aadaa5b5ca91c68425 main_color avia-section-default avia-no-border-styling  avia-builder-el-16  el_after_av_section  avia-builder-el-last  avia-bg-style-scroll container_wrap fullsize'  ><div class='container av-section-cont-open' ><div class='template-page content  av-content-full alpha units'><div class='post-entry post-entry-type-page post-entry-30875'><div class='entry-content-wrapper clearfix'>\n<div  class='avia-builder-widget-area clearfix  avia-builder-el-17  avia-builder-el-no-sibling '><div id=\"text-9\" class=\"widget clearfix widget_text\">\t\t\t<div class=\"textwidget\"><p style=\"text-align: center;\">    <div class=\"car4rent-share-block car4rent-fr\">\n        <a href=\"https:\/\/www.facebook.com\/sharer\/sharer.php?u=\" target=\"_blank\" rel=\"noopener\"><i class=\"fa-brands fa-facebook\"><\/i> Partager<\/a>\n        <a href=\"https:\/\/x.com\/intent\/tweet?url=&amp;text=\" target=\"_blank\" rel=\"noopener\"><i class=\"fa-brands fa-x-twitter\"><\/i> X<\/a>\n        <a href=\"https:\/\/wa.me\/?text=%20\" target=\"_blank\" rel=\"noopener\"><i class=\"fa-brands fa-whatsapp\"><\/i> WhatsApp<\/a>\n        <a href=\"https:\/\/www.instagram.com\/car4rent_cannes\/\" target=\"_blank\" rel=\"noopener\"><i class=\"fa-brands fa-instagram\"><\/i> Instagram<\/a>\n        <a href=\"https:\/\/www.linkedin.com\/company\/car4rent\/about\/\" target=\"_blank\" rel=\"noopener\"><i class=\"fa-brands fa-linkedin\"><\/i> LinkedIn<\/a>\n        <a href=\"https:\/\/www.youtube.com\/@car4rentcannes839\" target=\"_blank\" rel=\"noopener\"><i class=\"fa-brands fa-youtube\"><\/i> YouTube<\/a>\n    <\/div>\n    <\/p>\n<\/div>\n\t\t<\/div><\/div>\n\n","protected":false},"excerpt":{"rendered":"","protected":false},"author":3,"featured_media":29791,"parent":0,"menu_order":705,"comment_status":"closed","ping_status":"closed","template":"","meta":{"_acf_changed":false,"footnotes":""},"class_list":["post-30875","page","type-page","status-publish","has-post-thumbnail","hentry"],"acf":[],"_links":{"self":[{"href":"https:\/\/car4rent.fr\/fr\/wp-json\/wp\/v2\/pages\/30875","targetHints":{"allow":["GET"]}}],"collection":[{"href":"https:\/\/car4rent.fr\/fr\/wp-json\/wp\/v2\/pages"}],"about":[{"href":"https:\/\/car4rent.fr\/fr\/wp-json\/wp\/v2\/types\/page"}],"author":[{"embeddable":true,"href":"https:\/\/car4rent.fr\/fr\/wp-json\/wp\/v2\/users\/3"}],"replies":[{"embeddable":true,"href":"https:\/\/car4rent.fr\/fr\/wp-json\/wp\/v2\/comments?post=30875"}],"version-history":[{"count":0,"href":"https:\/\/car4rent.fr\/fr\/wp-json\/wp\/v2\/pages\/30875\/revisions"}],"wp:featuredmedia":[{"embeddable":true,"href":"https:\/\/car4rent.fr\/fr\/wp-json\/wp\/v2\/media\/29791"}],"wp:attachment":[{"href":"https:\/\/car4rent.fr\/fr\/wp-json\/wp\/v2\/media?parent=30875"}],"curies":[{"name":"wp","href":"https:\/\/api.w.org\/{rel}","templated":true}]}}