{"id":30839,"date":"2023-11-10T16:56:12","date_gmt":"2023-11-10T15:56:12","guid":{"rendered":"https:\/\/car4rent.fr\/location-de-voitures-de-sport-3\/"},"modified":"2024-03-20T22:51:07","modified_gmt":"2024-03-20T21:51:07","slug":"location-voiture-sportive","status":"publish","type":"page","link":"https:\/\/car4rent.fr\/fr\/location-voiture-sportive\/","title":{"rendered":"Location voiture sportive"},"content":{"rendered":"\n<style type=\"text\/css\" data-created_by=\"avia_inline_auto\" id=\"style-css-av-js5twac7-ab6b5b7d131acf5fff247b9b615279da\">\n.avia-section.av-js5twac7-ab6b5b7d131acf5fff247b9b615279da{\nbackground-repeat:no-repeat;\nbackground-image:url(https:\/\/car4rent.fr\/wp-content\/uploads\/Hire-Mercdes-E-Class-Convcertible-Car4rent-Nice-Airport-1.jpg);\nbackground-position:50% 0%;\nbackground-attachment:scroll;\n}\n<\/style>\n<div id='header-section'  class='avia-section av-js5twac7-ab6b5b7d131acf5fff247b9b615279da main_color avia-section-huge avia-no-border-styling  avia-builder-el-0  el_before_av_one_full  avia-builder-el-first  avia-full-stretch avia-bg-style-scroll av-minimum-height av-minimum-height-custom av-height-custom  container_wrap fullsize'  data-section-bg-repeat='stretch' data-av_minimum_height_px='700'><div class='container av-section-cont-open' style='height:700px'><main  class='template-page content  av-content-full alpha units'><div class='post-entry post-entry-type-page post-entry-30839'><div class='entry-content-wrapper clearfix'>\n<div  class='flex_column av-av_one_full-048119fdb636ea3d70edc0b975509c6c av_one_full  avia-builder-el-1  avia-builder-el-no-sibling  first flex_column_div  '     ><style type=\"text\/css\" data-created_by=\"avia_inline_auto\" id=\"style-css-av-livcpzor-4299a76c9e1f0d3f311fbe17afbbf3e9\">\n#top .av-special-heading.av-livcpzor-4299a76c9e1f0d3f311fbe17afbbf3e9{\npadding-bottom:10px;\n}\nbody .av-special-heading.av-livcpzor-4299a76c9e1f0d3f311fbe17afbbf3e9 .av-special-heading-tag .heading-char{\nfont-size:25px;\n}\n.av-special-heading.av-livcpzor-4299a76c9e1f0d3f311fbe17afbbf3e9 .av-subheading{\nfont-size:15px;\n}\n<\/style>\n<div  class='av-special-heading av-livcpzor-4299a76c9e1f0d3f311fbe17afbbf3e9 av-special-heading-h3  avia-builder-el-2  avia-builder-el-no-sibling '><h3 class='av-special-heading-tag '  >Location voiture sportive<\/h3><div class=\"special-heading-border\"><div class=\"special-heading-inner-border\"><\/div><\/div><\/div><\/div>\n<\/div><\/div><\/main><!-- close content main element --><\/div><\/div><div id='after_section_1'  class='main_color av_default_container_wrap container_wrap fullsize'  ><div class='container av-section-cont-open' ><div class='template-page content  av-content-full alpha units'><div class='post-entry post-entry-type-page post-entry-30839'><div class='entry-content-wrapper clearfix'>\n\n<style type=\"text\/css\" data-created_by=\"avia_inline_auto\" id=\"style-css-av-703por6-7fd814c5352cfd4aeaef0efb9e948d6a\">\n.flex_column.av-703por6-7fd814c5352cfd4aeaef0efb9e948d6a{\nborder-radius:0px 0px 0px 0px;\npadding:0px 0px 0px 0px;\n}\n<\/style>\n<div  class='flex_column av-703por6-7fd814c5352cfd4aeaef0efb9e948d6a av_one_full  avia-builder-el-3  el_after_av_section  el_before_av_section  avia-builder-el-no-sibling  first flex_column_div av-zero-column-padding  '     ><section  class='av_textblock_section av-lhw76wla-18b4497819cf0d91d387b7ddda57b2b3 '  ><div class='avia_textblock' ><h1>Location voiture sportive<\/h1>\n<p>Les voitures sportives sont souvent consid\u00e9r\u00e9es comme l&rsquo;incarnation ultime de l&rsquo;\u00e9l\u00e9gance, de la puissance et du luxe. Poss\u00e9der une voiture sportive peut \u00eatre un r\u00eave pour de nombreuses personnes, mais peut \u00e9galement \u00eatre co\u00fbteux. C&rsquo;est l\u00e0 que louer une voiture de sport entre en jeu. Nous allons nous poser la question \u00ab\u00a0pourquoi ne pas louer une voiture de sport\u00a0\u00bb qui semble \u00eatre une alternative \u00e0 l&rsquo;achat.<\/p>\n<p>Si vous \u00eates amateur de voitures, la location voiture sportive est probablement votre r\u00eave. Rejoignez-nous pour une exp\u00e9rience exclusive d\u00e9di\u00e9e aux aficionados de voitures de sport. Louer une voiture de sport, votre passion vous guidera.<\/p>\n<p><img loading=\"lazy\" decoding=\"async\" class=\"alignnone wp-image-37080 size-full\" src=\"https:\/\/car4rent.fr\/wp-content\/uploads\/IMG_2013-scaled-2.jpg\" alt=\"Location voiture sportive, Cannes location de voiture de luxe, Location de voiture de sport sur la C\u00f4te d&#039;azur, Location de voiture de luxe\" width=\"2304\" height=\"1728\" title=\"Car4Rent Cannes\" srcset=\"https:\/\/car4rent.fr\/wp-content\/uploads\/\/IMG_2013-scaled-2.jpg 2304w, https:\/\/car4rent.fr\/wp-content\/uploads\/\/IMG_2013-scaled-2-300x225.jpg 300w, https:\/\/car4rent.fr\/wp-content\/uploads\/\/IMG_2013-scaled-2-1030x773.jpg 1030w, https:\/\/car4rent.fr\/wp-content\/uploads\/\/IMG_2013-scaled-2-768x576.jpg 768w, https:\/\/car4rent.fr\/wp-content\/uploads\/\/IMG_2013-scaled-2-1536x1152.jpg 1536w, https:\/\/car4rent.fr\/wp-content\/uploads\/\/IMG_2013-scaled-2-2048x1536.jpg 2048w, https:\/\/car4rent.fr\/wp-content\/uploads\/\/IMG_2013-scaled-2-1500x1125.jpg 1500w, https:\/\/car4rent.fr\/wp-content\/uploads\/\/IMG_2013-scaled-2-705x529.jpg 705w, https:\/\/car4rent.fr\/wp-content\/uploads\/\/IMG_2013-scaled-2-450x338.jpg 450w\" sizes=\"auto, (max-width: 2304px) 100vw, 2304px\" \/><\/p>\n<p>Nous disposons de plusieurs sites sur la\u00a0C\u00f4te d&rsquo;Azur<u>,\u00a0<\/u>\u00e0 Cannes, <a href=\"https:\/\/www.visitmonaco.com\/\" target=\"_blank\" rel=\"noopener\">Monaco<\/a>,\u00a0 Saint-Tropez. et l&rsquo;a\u00e9roport de Nice.<\/p>\n<p>Vous savez donc d\u00e9j\u00e0 \u00e0 quel point il peut \u00eatre excitant de conduire une voiture de sport. Chez Car4rent, nous nous sommes sp\u00e9cialis\u00e9s dans la mise \u00e0 disposition de voitures de r\u00eave.<\/p>\n<h2>Location voiture sportive, avant tout rapide<\/h2>\n<p>Louer une voiture de sport a toujours signifi\u00e9 essayer de se mettre au volant d&rsquo;une voiture la plus proche d&rsquo;une Formule 1.<\/p>\n<p>Faites de chaque exp\u00e9rience une aventure inoubliable et visitez des lieux \u00e9tonnants en France.<\/p>\n<h2>Location de voiture sportive, pour un plaisir unique<\/h2>\n<p>Les voitures de sport sont uniques et entretiennent une relation \u00e9troite avec leur conducteur. Parcourez les routes fantastiques de la C\u00f4te d&rsquo;Azur pour d\u00e9couvrir des lieux et des panoramas \u00e0 couper le souffle. Certaines des principales villes situ\u00e9es en bord de mer ont de nombreuses possibilit\u00e9s de divertissement \u00e0 offrir aux voyageurs.<\/p>\n<p>Rejoignez- nous pour la location de voiture luxe, la location de voiture de sport, aux performances exceptionnelles et r\u00e9alisez votre r\u00eave. Et conduire des voitures de sport telles <a href=\"https:\/\/car4rent.fr\/fr\/louer-une-ferrari\/\"><strong>Ferrari<\/strong><\/a>,\n            <a href=\"https:\/\/car4rent.fr\/fr\/louer-une-lamborghini\/\"><strong>Lamborghini<\/strong><\/a>,\n            <a href=\"https:\/\/car4rent.fr\/fr\/louer-une-porsche\/\"><strong>Porsche<\/strong><\/a>,\n            <a href=\"https:\/\/car4rent.fr\/fr\/louer-un-land-rover\/\"><strong>Land Rover<\/strong><\/a>,\n            <a href=\"https:\/\/car4rent.fr\/fr\/louer-une-mercedes\/\"><strong>Mercedes AMG<\/strong><\/a>,\n            <a href=\"https:\/\/car4rent.fr\/fr\/louer-une-bentley\/\"><strong>Bentley<\/strong><\/a>,\n            <a href=\"https:\/\/car4rent.fr\/fr\/louer-une-rolls-royce\/\"><strong>Rolls-Royce<\/strong><\/a>, et\n            <a href=\"https:\/\/car4rent.fr\/fr\/louer-une-audi\/\"><strong>Audi<\/strong><\/a>. sera toujours une exp\u00e9rience passionnante.<\/p>\n<h3>Voiture sportive location, pour s&rsquo;amuser<u><\/u><\/h3>\n<p>Chez Car4rent, nous proposons \u00e0 nos clients un large \u00e9ventail de voitures de sport et de luxe de constructeurs renomm\u00e9s. Et lorsque vous serez pr\u00eat, faites confiance \u00e0 Car4rent pour vous procurer la voiture dont vous avez envie, \u00e0 un prix abordable. Juste pour le plaisir !<\/p>\n<p>Car4rent est votre premier choix pour la location voiture de luxe en France.<\/p>\n<p>Vous soiuhaitez louer une voiture de luxe, n&rsquo;h\u00e9sitez pas \u00e0 prendre <strong><a href=\"https:\/\/car4rent.fr\/fr\/contact\/\" target=\"_blank\" rel=\"noopener\">contact<\/a><\/strong> avec notre \u00e9quipe pour obtenir toute information ou pour une demande compl\u00e9mentaire.<\/p>\n<\/div><\/section><\/div><\/div><\/div><\/div><!-- close content main div --><\/div><\/div>\n<style type=\"text\/css\" data-created_by=\"avia_inline_auto\" id=\"style-css-av-27qlrrm-0da01d1b45d171244764f48420a7c9a1\">\n.avia-section.av-27qlrrm-0da01d1b45d171244764f48420a7c9a1{\nbackground-color:#6834bd;\nbackground-image:unset;\n}\n<\/style>\n<div id='av_section_2'  class='avia-section av-27qlrrm-0da01d1b45d171244764f48420a7c9a1 main_color avia-section-default avia-no-border-styling  avia-builder-el-5  el_after_av_one_full  el_before_av_section  avia-bg-style-scroll container_wrap fullsize'  ><div class='container av-section-cont-open' ><div class='template-page content  av-content-full alpha units'><div class='post-entry post-entry-type-page post-entry-30839'><div class='entry-content-wrapper clearfix'>\n\n<style type=\"text\/css\" data-created_by=\"avia_inline_auto\" id=\"style-css-av-1s5iv9u-b5cd4bb06e250d6ec771e3b581b97cd7\">\n#top .av-special-heading.av-1s5iv9u-b5cd4bb06e250d6ec771e3b581b97cd7{\npadding-bottom:10px;\ncolor:#ffffff;\nfont-size:30px;\n}\nbody .av-special-heading.av-1s5iv9u-b5cd4bb06e250d6ec771e3b581b97cd7 .av-special-heading-tag .heading-char{\nfont-size:25px;\n}\n#top #wrap_all .av-special-heading.av-1s5iv9u-b5cd4bb06e250d6ec771e3b581b97cd7 .av-special-heading-tag{\nfont-size:30px;\n}\n.av-special-heading.av-1s5iv9u-b5cd4bb06e250d6ec771e3b581b97cd7 .special-heading-inner-border{\nborder-color:#ffffff;\n}\n.av-special-heading.av-1s5iv9u-b5cd4bb06e250d6ec771e3b581b97cd7 .av-subheading{\nfont-size:15px;\n}\n\n@media only screen and (min-width: 480px) and (max-width: 767px){ \n#top #wrap_all .av-special-heading.av-1s5iv9u-b5cd4bb06e250d6ec771e3b581b97cd7 .av-special-heading-tag{\nfont-size:0.8em;\n}\n}\n\n@media only screen and (max-width: 479px){ \n#top #wrap_all .av-special-heading.av-1s5iv9u-b5cd4bb06e250d6ec771e3b581b97cd7 .av-special-heading-tag{\nfont-size:0.8em;\n}\n}\n<\/style>\n<div  class='av-special-heading av-1s5iv9u-b5cd4bb06e250d6ec771e3b581b97cd7 av-special-heading-h3 custom-color-heading blockquote modern-quote modern-centered  avia-builder-el-6  el_before_av_button  avia-builder-el-first  av-inherit-size'><h3 class='av-special-heading-tag '  >Vous \u00eates \u00e0 la recherche d\u2019une location voiture sportive ? Une large gamme de voitures de r\u00eave vous attend chez Car4rent<\/h3><div class=\"special-heading-border\"><div class=\"special-heading-inner-border\"><\/div><\/div><\/div>\n<div  class='avia-button-wrap av-3lk7si-750c35f5c01c7fd897a03a24d1551193-wrap avia-button-center  avia-builder-el-7  el_after_av_heading  avia-builder-el-last '><a href=\"https:\/\/car4rent.fr\/fr\/contact\/\" class=\"avia-button av-3lk7si-750c35f5c01c7fd897a03a24d1551193 av-link-btn avia-icon_select-yes-right-icon avia-size-large avia-position-center av-icon-on-hover avia-color-grey\" aria-label=\"Contactez notre \u00e9quipe d\u00e9di\u00e9e\"><span class='avia_iconbox_title' >Contactez notre \u00e9quipe d\u00e9di\u00e9e<\/span><span class='avia_button_icon avia_button_icon_right avia-iconfont avia-font-entypo-fontello' data-av_icon='\ue881' data-av_iconfont='entypo-fontello' ><\/span><\/a><\/div>\n<\/div><\/div><\/div><!-- close content main div --><\/div><\/div><div id='av_section_3'  class='avia-section av-128zopz-6ac60ab498d0e4fcc293939a3f7067c6 main_color avia-section-default avia-no-border-styling  avia-builder-el-8  el_after_av_section  avia-builder-el-last  avia-bg-style-scroll container_wrap fullsize'  ><div class='container av-section-cont-open' ><div class='template-page content  av-content-full alpha units'><div class='post-entry post-entry-type-page post-entry-30839'><div class='entry-content-wrapper clearfix'>\n<div  class='avia-builder-widget-area clearfix  avia-builder-el-9  avia-builder-el-no-sibling '><div id=\"text-9\" class=\"widget clearfix widget_text\">\t\t\t<div class=\"textwidget\"><p style=\"text-align: center;\">    <div class=\"car4rent-share-block car4rent-fr\">\n        <a href=\"https:\/\/www.facebook.com\/sharer\/sharer.php?u=\" target=\"_blank\" rel=\"noopener\"><i class=\"fa-brands fa-facebook\"><\/i> Partager<\/a>\n        <a href=\"https:\/\/x.com\/intent\/tweet?url=&amp;text=\" target=\"_blank\" rel=\"noopener\"><i class=\"fa-brands fa-x-twitter\"><\/i> X<\/a>\n        <a href=\"https:\/\/wa.me\/?text=%20\" target=\"_blank\" rel=\"noopener\"><i class=\"fa-brands fa-whatsapp\"><\/i> WhatsApp<\/a>\n        <a href=\"https:\/\/www.instagram.com\/car4rent_cannes\/\" target=\"_blank\" rel=\"noopener\"><i class=\"fa-brands fa-instagram\"><\/i> Instagram<\/a>\n        <a href=\"https:\/\/www.linkedin.com\/company\/car4rent\/about\/\" target=\"_blank\" rel=\"noopener\"><i class=\"fa-brands fa-linkedin\"><\/i> LinkedIn<\/a>\n        <a href=\"https:\/\/www.youtube.com\/@car4rentcannes839\" target=\"_blank\" rel=\"noopener\"><i class=\"fa-brands fa-youtube\"><\/i> YouTube<\/a>\n    <\/div>\n    <\/p>\n<\/div>\n\t\t<\/div><\/div>\n<\/p>\n","protected":false},"excerpt":{"rendered":"","protected":false},"author":3,"featured_media":30026,"parent":0,"menu_order":740,"comment_status":"closed","ping_status":"closed","template":"","meta":{"_acf_changed":false,"footnotes":""},"class_list":["post-30839","page","type-page","status-publish","has-post-thumbnail","hentry"],"acf":[],"_links":{"self":[{"href":"https:\/\/car4rent.fr\/fr\/wp-json\/wp\/v2\/pages\/30839","targetHints":{"allow":["GET"]}}],"collection":[{"href":"https:\/\/car4rent.fr\/fr\/wp-json\/wp\/v2\/pages"}],"about":[{"href":"https:\/\/car4rent.fr\/fr\/wp-json\/wp\/v2\/types\/page"}],"author":[{"embeddable":true,"href":"https:\/\/car4rent.fr\/fr\/wp-json\/wp\/v2\/users\/3"}],"replies":[{"embeddable":true,"href":"https:\/\/car4rent.fr\/fr\/wp-json\/wp\/v2\/comments?post=30839"}],"version-history":[{"count":0,"href":"https:\/\/car4rent.fr\/fr\/wp-json\/wp\/v2\/pages\/30839\/revisions"}],"wp:featuredmedia":[{"embeddable":true,"href":"https:\/\/car4rent.fr\/fr\/wp-json\/wp\/v2\/media\/30026"}],"wp:attachment":[{"href":"https:\/\/car4rent.fr\/fr\/wp-json\/wp\/v2\/media?parent=30839"}],"curies":[{"name":"wp","href":"https:\/\/api.w.org\/{rel}","templated":true}]}}