{"id":30809,"date":"2023-11-10T16:56:12","date_gmt":"2023-11-10T15:56:12","guid":{"rendered":"https:\/\/car4rent.fr\/location-de-porsche-boxster\/"},"modified":"2024-04-21T21:27:43","modified_gmt":"2024-04-21T19:27:43","slug":"location-de-porsche-boxster","status":"publish","type":"page","link":"https:\/\/car4rent.fr\/fr\/location-de-porsche-boxster\/","title":{"rendered":"Location de Porsche Boxster"},"content":{"rendered":"\n<style type=\"text\/css\" data-created_by=\"avia_inline_auto\" id=\"style-css-av-yfwwhy-2e8fb5d277fec00fdd92ff1163cc21dc\">\n.avia-section.av-yfwwhy-2e8fb5d277fec00fdd92ff1163cc21dc{\nbackground-color:#27202d;\nbackground-image:unset;\n}\n<\/style>\n<div id='av_section_1'  class='avia-section av-yfwwhy-2e8fb5d277fec00fdd92ff1163cc21dc main_color avia-section-large avia-no-shadow  avia-builder-el-0  el_before_av_one_full  avia-builder-el-first  avia-bg-style-scroll av-minimum-height av-minimum-height-75 av-height-75  container_wrap fullsize'   data-av_minimum_height_pc='75' data-av_min_height_opt='75'><div class='container av-section-cont-open' ><main  class='template-page content  av-content-full alpha units'><div class='post-entry post-entry-type-page post-entry-30809'><div class='entry-content-wrapper clearfix'>\n\n<style type=\"text\/css\" data-created_by=\"avia_inline_auto\" id=\"style-css-av-wk123q-21a8c7e0c65ed2a77609565a1d557b1a\">\n.flex_column.av-wk123q-21a8c7e0c65ed2a77609565a1d557b1a{\nborder-radius:0px 0px 0px 0px;\npadding:0px 0px 0px 0px;\n}\n<\/style>\n<div  class='flex_column av-wk123q-21a8c7e0c65ed2a77609565a1d557b1a av_two_third  avia-builder-el-1  el_before_av_two_third  avia-builder-el-first  first flex_column_div av-zero-column-padding  '     ><style type=\"text\/css\" data-created_by=\"avia_inline_auto\" id=\"style-css-av-uxzame-9721cabe3346c11048dcdcddeed63db5\">\n#top .av-special-heading.av-uxzame-9721cabe3346c11048dcdcddeed63db5{\npadding-bottom:10px;\ncolor:#ffffff;\nfont-size:30px;\n}\nbody .av-special-heading.av-uxzame-9721cabe3346c11048dcdcddeed63db5 .av-special-heading-tag .heading-char{\nfont-size:25px;\n}\n#top #wrap_all .av-special-heading.av-uxzame-9721cabe3346c11048dcdcddeed63db5 .av-special-heading-tag{\nfont-size:30px;\n}\n.av-special-heading.av-uxzame-9721cabe3346c11048dcdcddeed63db5 .special-heading-inner-border{\nborder-color:#ffffff;\n}\n.av-special-heading.av-uxzame-9721cabe3346c11048dcdcddeed63db5 .av-subheading{\nfont-size:15px;\n}\n\n@media only screen and (min-width: 480px) and (max-width: 767px){ \n#top #wrap_all .av-special-heading.av-uxzame-9721cabe3346c11048dcdcddeed63db5 .av-special-heading-tag{\nfont-size:0.8em;\n}\n}\n\n@media only screen and (max-width: 479px){ \n#top #wrap_all .av-special-heading.av-uxzame-9721cabe3346c11048dcdcddeed63db5 .av-special-heading-tag{\nfont-size:0.8em;\n}\n}\n<\/style>\n<div  class='av-special-heading av-uxzame-9721cabe3346c11048dcdcddeed63db5 av-special-heading-h2 custom-color-heading blockquote modern-quote  avia-builder-el-2  avia-builder-el-no-sibling  av-inherit-size'><h2 class='av-special-heading-tag '  >Location de Porsche Boxster<\/h2><div class=\"special-heading-border\"><div class=\"special-heading-inner-border\"><\/div><\/div><\/div><\/div>\n<style type=\"text\/css\" data-created_by=\"avia_inline_auto\" id=\"style-css-av-tr55na-3286cf632b5a4fe75a2f17e2e9f11e0c\">\n#top .flex_column.av-tr55na-3286cf632b5a4fe75a2f17e2e9f11e0c{\nmargin-top:0px;\nmargin-bottom:0px;\n}\n.flex_column.av-tr55na-3286cf632b5a4fe75a2f17e2e9f11e0c{\nborder-radius:0px 0px 0px 0px;\npadding:0px 0px 0px 0px;\n}\n.responsive #top #wrap_all .flex_column.av-tr55na-3286cf632b5a4fe75a2f17e2e9f11e0c{\nmargin-top:0px;\nmargin-bottom:0px;\n}\n<\/style>\n<div  class='flex_column av-tr55na-3286cf632b5a4fe75a2f17e2e9f11e0c av_two_third  avia-builder-el-3  el_after_av_two_third  el_before_av_one_third  first flex_column_div av-zero-column-padding  column-top-margin'     ><p>\n<style type=\"text\/css\" data-created_by=\"avia_inline_auto\" id=\"style-css-av-lh374wm5-011ba3a53beb94bf4b3f51890cd9f3b7\">\n.avia-image-container.av-lh374wm5-011ba3a53beb94bf4b3f51890cd9f3b7 img.avia_image{\nbox-shadow:none;\n}\n.avia-image-container.av-lh374wm5-011ba3a53beb94bf4b3f51890cd9f3b7 .av-image-caption-overlay-center{\ncolor:#ffffff;\n}\n<\/style>\n<div  class='avia-image-container av-lh374wm5-011ba3a53beb94bf4b3f51890cd9f3b7 av-styling- avia-align-center  avia-builder-el-4  el_before_av_gallery  avia-builder-el-first '  ><div class=\"avia-image-container-inner\"><div class=\"avia-image-overlay-wrap\"><img decoding=\"async\" fetchpriority=\"high\" class='wp-image-30107 avia-img-lazy-loading-not-30107 avia_image ' src=\"https:\/\/car4rent.fr\/wp-content\/uploads\/boxster-s-face-saint-tropez-1-300x192.jpg\" alt='location de voiture de sport grimaud, Location de Porsche Boxster' title='boxster-s-face-saint-tropez'  height=\"192\" width=\"300\" srcset=\"https:\/\/car4rent.fr\/wp-content\/uploads\/boxster-s-face-saint-tropez-1-300x192.jpg 300w, https:\/\/car4rent.fr\/wp-content\/uploads\/boxster-s-face-saint-tropez-1-450x288.jpg 450w, https:\/\/car4rent.fr\/wp-content\/uploads\/boxster-s-face-saint-tropez-1.jpg 668w\" sizes=\"(max-width: 300px) 100vw, 300px\" \/><\/div><\/div><\/div><br \/>\n\n<style type=\"text\/css\" data-created_by=\"avia_inline_auto\" id=\"style-css-av-pb7wue-d35f0da8963c354e37ae99fe7d671805\">\n#top .avia-gallery.av-pb7wue-d35f0da8963c354e37ae99fe7d671805 .avia-gallery-thumb a{\nwidth:16.6667%;\n}\n<\/style>\n<div  class='avia-gallery av-pb7wue-d35f0da8963c354e37ae99fe7d671805 avia_animate_when_visible  avia-builder-el-5  el_after_av_image  avia-builder-el-last  avia_lazyload avia-gallery-animate avia-gallery-1' ><meta itemprop=\"contentURL\" content=\"https:\/\/car4rent.fr\/fr\/location-de-porsche-boxster\/\"><div class='avia-gallery-thumb'><a href=\"https:\/\/car4rent.fr\/wp-content\/uploads\/boxster-s-ar-saint-tropez-1.jpg\" data-srcset=\"https:\/\/car4rent.fr\/wp-content\/uploads\/boxster-s-ar-saint-tropez-1.jpg 669w, https:\/\/car4rent.fr\/wp-content\/uploads\/boxster-s-ar-saint-tropez-1-300x192.jpg 300w, https:\/\/car4rent.fr\/wp-content\/uploads\/boxster-s-ar-saint-tropez-1-450x288.jpg 450w\" data-sizes=\"(max-width: 669px) 100vw, 669px\" data-rel='gallery-1' data-prev-img='https:\/\/car4rent.fr\/wp-content\/uploads\/boxster-s-ar-saint-tropez-1-495x400.jpg' class='first_thumb lightbox ' data-onclick='1' title='boxster-s-ar-saint-tropez'  ><img decoding=\"async\" fetchpriority=\"high\" class=\"wp-image-30108 avia-img-lazy-loading-not-30108\"   src=\"https:\/\/car4rent.fr\/wp-content\/uploads\/boxster-s-ar-saint-tropez-1-495x400.jpg\" width=\"495\" height=\"400\"  title='boxster-s-ar-saint-tropez' alt='Rent Sports acr Saint-Tropez' \/><div class='big-prev-fake'><img decoding=\"async\" loading=\"lazy\" class=\"wp-image-30108 avia-img-lazy-loading-30108\"  width=\"495\" height=\"400\" src=\"https:\/\/car4rent.fr\/wp-content\/uploads\/boxster-s-ar-saint-tropez-1-495x400.jpg\" title='boxster-s-ar-saint-tropez' alt='Rent Sports acr Saint-Tropez' \/><\/div><\/a><a href=\"https:\/\/car4rent.fr\/wp-content\/uploads\/boxster-s-de-face-saint-tropez-1.jpg\" data-srcset=\"https:\/\/car4rent.fr\/wp-content\/uploads\/boxster-s-de-face-saint-tropez-1.jpg 656w, https:\/\/car4rent.fr\/wp-content\/uploads\/boxster-s-de-face-saint-tropez-1-300x194.jpg 300w, https:\/\/car4rent.fr\/wp-content\/uploads\/boxster-s-de-face-saint-tropez-1-450x291.jpg 450w\" data-sizes=\"(max-width: 656px) 100vw, 656px\" data-rel='gallery-1' data-prev-img='https:\/\/car4rent.fr\/wp-content\/uploads\/boxster-s-de-face-saint-tropez-1-495x400.jpg' class='lightbox ' data-onclick='2' title='boxster-s-de-face-saint-tropez'  ><img decoding=\"async\" fetchpriority=\"high\" class=\"wp-image-30109 avia-img-lazy-loading-not-30109\"   src=\"https:\/\/car4rent.fr\/wp-content\/uploads\/boxster-s-de-face-saint-tropez-1-495x400.jpg\" width=\"495\" height=\"400\"  title='boxster-s-de-face-saint-tropez' alt='White sports car parked on scenic paved area near trees and water.' \/><div class='big-prev-fake'><img decoding=\"async\" loading=\"lazy\" class=\"wp-image-30109 avia-img-lazy-loading-30109\"  width=\"495\" height=\"400\" src=\"https:\/\/car4rent.fr\/wp-content\/uploads\/boxster-s-de-face-saint-tropez-1-495x400.jpg\" title='boxster-s-de-face-saint-tropez' alt='White sports car parked on scenic paved area near trees and water.' \/><\/div><\/a><a href=\"https:\/\/car4rent.fr\/wp-content\/uploads\/boxster-s-interieur.jpg\" data-srcset=\"https:\/\/car4rent.fr\/wp-content\/uploads\/boxster-s-interieur.jpg 672w, https:\/\/car4rent.fr\/wp-content\/uploads\/boxster-s-interieur-450x287.jpg 450w, https:\/\/car4rent.fr\/wp-content\/uploads\/boxster-s-interieur-300x191.jpg 300w, https:\/\/car4rent.fr\/wp-content\/uploads\/boxster-s-interieur-248x158.jpg 248w, https:\/\/car4rent.fr\/wp-content\/uploads\/boxster-s-interieur-126x80.jpg 126w\" data-sizes=\"(max-width: 672px) 100vw, 672px\" data-rel='gallery-1' data-prev-img='https:\/\/car4rent.fr\/wp-content\/uploads\/boxster-s-interieur-495x400.jpg' class='lightbox ' data-onclick='3' title='boxster s interieur Car4Rent saint tropez'  ><img decoding=\"async\" fetchpriority=\"high\" class=\"wp-image-29409 avia-img-lazy-loading-not-29409\"   src=\"https:\/\/car4rent.fr\/wp-content\/uploads\/boxster-s-interieur-495x400.jpg\" width=\"495\" height=\"400\"  title='boxster s interieur Car4Rent saint tropez' alt='Luxurious Porsche Boxster S interior with advanced tech, leather steering wheel, and scenic view.' \/><div class='big-prev-fake'><img decoding=\"async\" loading=\"lazy\" class=\"wp-image-29409 avia-img-lazy-loading-29409\"  width=\"495\" height=\"400\" src=\"https:\/\/car4rent.fr\/wp-content\/uploads\/boxster-s-interieur-495x400.jpg\" title='boxster s interieur Car4Rent saint tropez' alt='Luxurious Porsche Boxster S interior with advanced tech, leather steering wheel, and scenic view.' \/><\/div><\/a><\/div><\/div><\/p><\/div>\n<style type=\"text\/css\" data-created_by=\"avia_inline_auto\" id=\"style-css-av-nksm2e-52cadd6ca02c5165bb075387bbab4ba8\">\n#top .flex_column.av-nksm2e-52cadd6ca02c5165bb075387bbab4ba8{\nmargin-top:0px;\nmargin-bottom:0px;\n}\n.flex_column.av-nksm2e-52cadd6ca02c5165bb075387bbab4ba8{\nborder-radius:0px 0px 0px 0px;\npadding:20px 40px 20px 30px;\nbackground-color:#cecece;\n}\n.responsive #top #wrap_all .flex_column.av-nksm2e-52cadd6ca02c5165bb075387bbab4ba8{\nmargin-top:0px;\nmargin-bottom:0px;\n}\n<\/style>\n<div  class='flex_column av-nksm2e-52cadd6ca02c5165bb075387bbab4ba8 av_one_third  avia-builder-el-6  el_after_av_two_third  avia-builder-el-last  flex_column_div  column-top-margin'     ><style type=\"text\/css\" data-created_by=\"avia_inline_auto\" id=\"style-css-av-mdvwhy-2fe1457483de62768f497ee5be4fed28\">\n#top .av_textblock_section.av-mdvwhy-2fe1457483de62768f497ee5be4fed28 .avia_textblock{\nfont-size:13px;\n}\n<\/style>\n<section  class='av_textblock_section av-mdvwhy-2fe1457483de62768f497ee5be4fed28 '  ><div class='avia_textblock' ><h3><strong>TARIFS <\/strong><\/h3>\n<hr \/>\n<p><strong>1-3 jours <\/strong> 650 \u20ac<\/p>\n<p><strong>4-7 jours <\/strong> 600 \u20ac<\/p>\n<p><strong>+8 jours <\/strong> 550 \u20ac<\/p>\n<p><strong>km suppl\u00e9mentaire<\/strong> 2.5 \u20ac<\/p>\n<p><strong>D\u00e9p\u00f4t<\/strong> 10.000 \u20ac<\/p>\n<p><strong>\u00c2ge minimum <\/strong>27 ans<\/p>\n<hr \/>\n<p>Prix par jour &#8211; 200km inclus<\/p>\n<\/div><\/section><br \/>\n<div  class='hr av-k23zyu-183e3ea176a2127223f4f3decc62d820 hr-default  avia-builder-el-8  el_after_av_textblock  el_before_av_textblock '><span class='hr-inner '><span class=\"hr-inner-style\"><\/span><\/span><\/div><br \/>\n\n<style type=\"text\/css\" data-created_by=\"avia_inline_auto\" id=\"style-css-av-ix55ty-35b4b6559016f26de03927c3ed524b9e\">\n#top .av_textblock_section.av-ix55ty-35b4b6559016f26de03927c3ed524b9e .avia_textblock{\nfont-size:13px;\n}\n<\/style>\n<section  class='av_textblock_section av-ix55ty-35b4b6559016f26de03927c3ed524b9e '  ><div class='avia_textblock' ><h3><strong>SP\u00c9CIFICATIONS<\/strong><\/h3>\n<hr \/>\n<ul>\n<li><strong>Nombre de si\u00e8ges :<\/strong> 2<\/li>\n<li><strong>Espace bagages : 2 <\/strong><\/li>\n<li><strong>Moteur : 2 <\/strong>.5L Flat 4 &#8211; 350bhp \/ 6.500 rpm &#8211; WD arri\u00e8re<\/li>\n<li><strong>Transmission :<\/strong> Auto<\/li>\n<li><strong>0-100 km\/h : 4 <\/strong>,9 sec.<\/li>\n<li><strong>Max. Vitesse : <\/strong>285 km\/h<\/li>\n<li><strong>Carburant : <\/strong>essence<\/li>\n<\/ul>\n<\/div><\/section><\/p><\/div><\/div><\/div><\/main><!-- close content main element --><\/div><\/div><div id='after_section_1'  class='main_color av_default_container_wrap container_wrap fullsize'  ><div class='container av-section-cont-open' ><div class='template-page content  av-content-full alpha units'><div class='post-entry post-entry-type-page post-entry-30809'><div class='entry-content-wrapper clearfix'>\n<style type=\"text\/css\" data-created_by=\"avia_inline_auto\" id=\"style-css-av-gw5ms6-d63a043637990ae0c4ce96b7bf9f7560\">\n#top .flex_column.av-gw5ms6-d63a043637990ae0c4ce96b7bf9f7560{\nmargin-top:0px;\nmargin-bottom:0px;\n}\n.flex_column.av-gw5ms6-d63a043637990ae0c4ce96b7bf9f7560{\nborder-radius:0px 0px 0px 0px;\npadding:0px 0px 0px 0px;\nbackground-color:#ffffff;\n}\n.responsive #top #wrap_all .flex_column.av-gw5ms6-d63a043637990ae0c4ce96b7bf9f7560{\nmargin-top:0px;\nmargin-bottom:0px;\n}\n<\/style>\n<div  class='flex_column av-gw5ms6-d63a043637990ae0c4ce96b7bf9f7560 av_one_full  avia-builder-el-10  el_after_av_section  el_before_av_section  avia-builder-el-no-sibling  first flex_column_div av-zero-column-padding  '     ><section  class='av_textblock_section av-fpmura-5e0c6d394fcefc941ed5a341daad63a8 '  ><div class='avia_textblock' ><section id=\"block0\" class=\"stripe row-content block0 fullwidth\">\n<div class=\"column small-five small-push-one reset last\">\n<div class=\"boxcontent\">\n<h2><strong>La location de Porsche Boxster en quelques mots<\/strong><\/h2>\n<p>La Porsche Boxster de location b\u00e9n\u00e9ficie d&rsquo;un nouveau style qui permet \u00e0 la 718 de s&rsquo;aligner sur le langage stylistique actuel de Porsche, tandis que la plupart des modifications apport\u00e9es \u00e0 l&rsquo;int\u00e9rieur de la 911 ont \u00e9galement \u00e9t\u00e9 reprises. Le probl\u00e8me est que, bien que le nouveau Boxster soit une voiture nettement meilleure, la perte du moteur \u00e0 six cylindres en ligne pourrait bien \u00eatre la cause de l&rsquo;\u00e9chec de l&rsquo;attrait du Boxster pour les acheteurs. Car4rent Cannes propose le mod\u00e8le Porsche Boxster S sur la <a href=\"https:\/\/cotedazurfrance.com\/\" target=\"_blank\" rel=\"noopener\">C\u00f4te d&rsquo;Azur<\/a>.<\/p>\n<\/div>\n<\/div>\n<\/section>\n<section id=\"block1\" class=\"stripe row-content block1 fullwidth\">\n<div class=\"column small-five small-push-six reset last\">\n<div class=\"boxcontent\">\n<h2><strong>Location de Porsche Boxster : L&rsquo;\u00e9nigme<\/strong><\/h2>\n<p>Le nouveau Boxster s&rsquo;arrachait deux cylindres pour un turbo ! Le Boxster S a fait un pas encore plus grand. Une bonne id\u00e9e ? C&rsquo;est s\u00fbr. Avec un \u00e9quilibre et une traction superbes, le retour d&rsquo;information est accompagn\u00e9 de tout ce qui distingue les mod\u00e8les Porsche. Le moteur central a jou\u00e9 un r\u00f4le majeur dans l&rsquo;accession de Porsche \u00e0 son statut actuel de constructeur le plus rentable et il est dynamiquement sup\u00e9rieur \u00e0 la version pr\u00e9c\u00e9dente.<\/p>\n<h4>Louer une Porsche Boxster<\/h4>\n<p>Le Boxter utilise d\u00e9sormais un tout nouveau moteur turbo \u00e0 quatre cylindres \u00e0 plat qui a \u00e9t\u00e9 introduit en m\u00eame temps qu&rsquo;un changement de nomenclature en 718. Les performances mesurables sont am\u00e9lior\u00e9es. La puissance est en hausse tandis que le couple est \u00e0 la fois en hausse et plus accessible sur la plage de r\u00e9gime. La voiture passe de 0 \u00e0 100 km\/h en 4,7 secondes.<\/p>\n<p>Vous ne trouvez pas le Boxster \u00e0 votre go\u00fbt. Nous pouvons vous proposer d&rsquo;autres bolides dans nos autres marques, aussi prestigieuses les unes que les autres, parmi <a href=\"https:\/\/car4rent.fr\/fr\/louer-une-ferrari\/\"><strong>Ferrari<\/strong><\/a>,\n            <a href=\"https:\/\/car4rent.fr\/fr\/louer-une-lamborghini\/\"><strong>Lamborghini<\/strong><\/a>,\n            <a href=\"https:\/\/car4rent.fr\/fr\/louer-une-porsche\/\"><strong>Porsche<\/strong><\/a>,\n            <a href=\"https:\/\/car4rent.fr\/fr\/louer-un-land-rover\/\"><strong>Land Rover<\/strong><\/a>,\n            <a href=\"https:\/\/car4rent.fr\/fr\/louer-une-mercedes\/\"><strong>Mercedes AMG<\/strong><\/a>,\n            <a href=\"https:\/\/car4rent.fr\/fr\/louer-une-bentley\/\"><strong>Bentley<\/strong><\/a>,\n            <a href=\"https:\/\/car4rent.fr\/fr\/louer-une-rolls-royce\/\"><strong>Rolls-Royce<\/strong><\/a>, et\n            <a href=\"https:\/\/car4rent.fr\/fr\/louer-une-audi\/\"><strong>Audi<\/strong><\/a>. synonymes de tradition, de perfection et d&rsquo;exception, en un mot d&rsquo;Excellence.<\/p>\n<h4>Location dune Porsche<\/h4>\n<p>Vous \u00eates int\u00e9ress\u00e9 par la location Porsche Boxster, n&rsquo;h\u00e9sitez pas \u00e0 prendre contact avec notre \u00e9quipe pour obtenir toite information.<\/p>\n<\/div>\n<\/div>\n<\/section>\n<\/div><\/section><br \/>\n<div  class='avia-button-wrap av-1gq4ti-01423b3a6d09053a3975ee80271043a7-wrap avia-button-left  avia-builder-el-12  el_after_av_textblock  avia-builder-el-last '><a href=\"https:\/\/car4rent.fr\/fr\/contact\/\" class=\"avia-button av-1gq4ti-01423b3a6d09053a3975ee80271043a7 av-link-btn avia-icon_select-yes-left-icon avia-size-small avia-position-left avia-color-theme-color\" aria-label=\"Demande un devis gratuit\"><span class='avia_button_icon avia_button_icon_left avia-iconfont avia-font-entypo-fontello' data-av_icon='\ue889' data-av_iconfont='entypo-fontello' ><\/span><span class='avia_iconbox_title' >Demande un devis gratuit<\/span><\/a><\/div><\/p><\/div><\/div><\/div><\/div><!-- close content main div --><\/div><\/div><div id='av_section_2'  class='avia-section av-4e9n86-9b4001b5b9df5bf31a5e67292d33d31c main_color avia-section-default avia-no-border-styling  avia-builder-el-13  el_after_av_one_full  avia-builder-el-last  avia-bg-style-scroll container_wrap fullsize'  ><div class='container av-section-cont-open' ><div class='template-page content  av-content-full alpha units'><div class='post-entry post-entry-type-page post-entry-30809'><div class='entry-content-wrapper clearfix'>\n<div  class='avia-builder-widget-area clearfix  avia-builder-el-14  avia-builder-el-no-sibling '><div id=\"text-9\" class=\"widget clearfix widget_text\">\t\t\t<div class=\"textwidget\"><p style=\"text-align: center;\">    <div class=\"car4rent-share-block car4rent-fr\">\n        <a href=\"https:\/\/www.facebook.com\/sharer\/sharer.php?u=\" target=\"_blank\" rel=\"noopener\"><i class=\"fa-brands fa-facebook\"><\/i> Partager<\/a>\n        <a href=\"https:\/\/x.com\/intent\/tweet?url=&amp;text=\" target=\"_blank\" rel=\"noopener\"><i class=\"fa-brands fa-x-twitter\"><\/i> X<\/a>\n        <a href=\"https:\/\/wa.me\/?text=%20\" target=\"_blank\" rel=\"noopener\"><i class=\"fa-brands fa-whatsapp\"><\/i> WhatsApp<\/a>\n        <a href=\"https:\/\/www.instagram.com\/car4rent_cannes\/\" target=\"_blank\" rel=\"noopener\"><i class=\"fa-brands fa-instagram\"><\/i> Instagram<\/a>\n        <a href=\"https:\/\/www.linkedin.com\/company\/car4rent\/about\/\" target=\"_blank\" rel=\"noopener\"><i class=\"fa-brands fa-linkedin\"><\/i> LinkedIn<\/a>\n        <a href=\"https:\/\/www.youtube.com\/@car4rentcannes839\" target=\"_blank\" rel=\"noopener\"><i class=\"fa-brands fa-youtube\"><\/i> YouTube<\/a>\n    <\/div>\n    <\/p>\n<\/div>\n\t\t<\/div><\/div>\n<\/p>\n","protected":false},"excerpt":{"rendered":"","protected":false},"author":3,"featured_media":30107,"parent":0,"menu_order":2035,"comment_status":"closed","ping_status":"closed","template":"","meta":{"_acf_changed":false,"footnotes":""},"class_list":["post-30809","page","type-page","status-publish","has-post-thumbnail","hentry"],"acf":[],"_links":{"self":[{"href":"https:\/\/car4rent.fr\/fr\/wp-json\/wp\/v2\/pages\/30809","targetHints":{"allow":["GET"]}}],"collection":[{"href":"https:\/\/car4rent.fr\/fr\/wp-json\/wp\/v2\/pages"}],"about":[{"href":"https:\/\/car4rent.fr\/fr\/wp-json\/wp\/v2\/types\/page"}],"author":[{"embeddable":true,"href":"https:\/\/car4rent.fr\/fr\/wp-json\/wp\/v2\/users\/3"}],"replies":[{"embeddable":true,"href":"https:\/\/car4rent.fr\/fr\/wp-json\/wp\/v2\/comments?post=30809"}],"version-history":[{"count":0,"href":"https:\/\/car4rent.fr\/fr\/wp-json\/wp\/v2\/pages\/30809\/revisions"}],"wp:featuredmedia":[{"embeddable":true,"href":"https:\/\/car4rent.fr\/fr\/wp-json\/wp\/v2\/media\/30107"}],"wp:attachment":[{"href":"https:\/\/car4rent.fr\/fr\/wp-json\/wp\/v2\/media?parent=30809"}],"curies":[{"name":"wp","href":"https:\/\/api.w.org\/{rel}","templated":true}]}}