{"id":30806,"date":"2023-11-10T16:56:12","date_gmt":"2023-11-10T15:56:12","guid":{"rendered":"https:\/\/car4rent.fr\/location-de-porsche\/"},"modified":"2025-05-30T18:36:00","modified_gmt":"2025-05-30T16:36:00","slug":"location-de-porsche","status":"publish","type":"page","link":"https:\/\/car4rent.fr\/fr\/location-de-porsche\/","title":{"rendered":"Location de Porsche"},"content":{"rendered":"\n<style type=\"text\/css\" data-created_by=\"avia_inline_auto\" id=\"style-css-av-k9iq87co-17ff4b9289440a43455f9a431532f715\">\n.avia-section.av-k9iq87co-17ff4b9289440a43455f9a431532f715{\nbackground-repeat:no-repeat;\nbackground-image:url(https:\/\/car4rent.fr\/wp-content\/uploads\/rent-Porsche-Car4rent.jpg);\nbackground-position:50% 0%;\nbackground-attachment:scroll;\n}\n<\/style>\n<div id='header-section'  class='avia-section av-k9iq87co-17ff4b9289440a43455f9a431532f715 main_color avia-section-huge avia-no-border-styling  avia-builder-el-0  el_before_av_one_full  avia-builder-el-first  avia-full-stretch avia-bg-style-scroll av-minimum-height av-minimum-height-custom av-height-custom  container_wrap fullsize'  data-section-bg-repeat='stretch' data-av_minimum_height_px='700'><div class='container av-section-cont-open' style='height:700px'><main  class='template-page content  av-content-full alpha units'><div class='post-entry post-entry-type-page post-entry-30806'><div class='entry-content-wrapper clearfix'><\/div><\/div><\/main><!-- close content main element --><\/div><\/div><div id='after_section_1'  class='main_color av_default_container_wrap container_wrap fullsize'  ><div class='container av-section-cont-open' ><div class='template-page content  av-content-full alpha units'><div class='post-entry post-entry-type-page post-entry-30806'><div class='entry-content-wrapper clearfix'>\n\n<style type=\"text\/css\" data-created_by=\"avia_inline_auto\" id=\"style-css-av-k9of881m-8b75821c00ec2c33f438de9a772a6e49\">\n.flex_column.av-k9of881m-8b75821c00ec2c33f438de9a772a6e49{\nborder-radius:0px 0px 0px 0px;\npadding:0px 0px 0px 0px;\nbackground-color:#ffffff;\n}\n<\/style>\n<div  class='flex_column av-k9of881m-8b75821c00ec2c33f438de9a772a6e49 av_one_full  avia-builder-el-1  el_after_av_section  el_before_av_hr  avia-builder-el-first  first flex_column_div av-zero-column-padding  '     ><section  class='av_textblock_section av-k9iq5tou-a3a1282c082146c43128296256d532aa '  ><div class='avia_textblock' ><h2>Location de Porsche<\/h2>\n<div>\n<div>\n<div>\n<div>\n<div>\n<div>\n<p>Vous cherchez \u00e0 louer une Porsche, vous \u00eates au bon endroit !<\/p>\n<p>La location de Porsche est une excellente fa\u00e7on de profiter d&rsquo;une exp\u00e9rience de conduite unique et de d\u00e9couvrir le frisson et la puissance de ces voitures de sport embl\u00e9matiques. Voici quelques informations utiles pour vous aider dans votre recherche.<\/p>\n<p>Tout d&rsquo;abord, il existe diff\u00e9rentes options pour la location de Porsche, mais faites appel \u00e0 un sp\u00e9cialiste. Car4rent vous offre une large gamme de voitures de sport, de luxe, de cabriolets et de SUV. Profitez d&rsquo;une voiture sp\u00e9cialement con\u00e7ue pour offrir des performances exceptionnelles et une exp\u00e9rience de conduite exaltante.<button> <\/button><\/p>\n<\/div>\n<\/div>\n<\/div>\n<div>\n<div>La location de Porsche avec Car4rent : profitez d&rsquo;une fantastique exp\u00e9rience de conduite.<\/div>\n<\/div>\n<\/div>\n<\/div>\n<\/div>\n<p>La France est un pays riche en monuments, en histoire et en culture. Avec une forte pr\u00e9sence sur la <a href=\"https:\/\/generationvoyage.fr\/visiter-cote-azur-faire-voir\/\" target=\"_blank\" rel=\"noopener\">C\u00f4te d&rsquo;Azur<\/a>, partez \u00e0 leur d\u00e9couverte. Nous pouvons vous livrer votre v\u00e9hicules dans la ville de votre choix, pour un week-end \u00e0 <a href=\"https:\/\/www.sainttropeztourisme.com\/\" target=\"_blank\" rel=\"noopener\">Cannes<\/a> ou \u00e0 <a href=\"https:\/\/www.cannes-destination.fr\/visites-incontournables\" target=\"_blank\" rel=\"noopener\">Saint-Tropez<\/a>. En hiver, nous assurons des livraisons en Savoie et en Haute-Savoie. Partez \u00e0 la d\u00e9couvertes des fabuleuses stations de ski fran\u00e7aises comme <a href=\"https:\/\/www.mountainpassions.com\/winter\/ski-resort-reviews\/alps\/ski-courchevel-moriond\/\" target=\"_blank\" rel=\"noopener\">Courchevel<\/a>, <a href=\"https:\/\/generationvoyage.fr\/visiter-megeve-faire-voir\/\" target=\"_blank\" rel=\"noopener\">Meg\u00e8ve<\/a> ou <a href=\"https:\/\/www.avoriaz.com\/\" target=\"_blank\" rel=\"noopener\">Avoriaz<\/a>. Nouspouvons \u00e9galement livrer votre Porsche \u00e0 Paris.<\/p>\n<h2>Louer une Porsche vous procure une sensation de luxe !<\/h2>\n<p>Louez la puissante Porsche 992 Carrera S d\u00e9capotable d\u00e8s votre arriv\u00e9e \u00e0\u00a0<a href=\"https:\/\/nice.aeroport.fr\/\" target=\"_blank\" rel=\"noopener\">l&rsquo;a\u00e9roport de Nice<\/a> et dirigez-vous vers <a href=\"https:\/\/www.visitmonaco.com\/\" target=\"_blank\" rel=\"noopener\">Monaco<\/a>. Surplombant la mer M\u00e9diterran\u00e9e, les vues vous couperont le souffle le long des routes c\u00f4ti\u00e8res pittoresques, o\u00f9 vous pourrez vous d\u00e9placer en toute s\u00e9curit\u00e9.<\/p>\n<p>La Principaut\u00e9 de Monaco plaira m\u00eame aux voyageurs les plus \u00e9litistes. Ayant d\u00e9j\u00e0 \u00e9t\u00e9 l&rsquo;h\u00f4te de seigneurs et de c\u00e9l\u00e9brit\u00e9s de premier plan, le Rocher est tr\u00e8s familier avec l&rsquo;art du luxe. Le Prince a g\u00e9r\u00e9 ce que l&rsquo;on appelle, dans le langage courant, un salon de luxe. Vous avez besoin de la voiture parfaite, et il est ind\u00e9niable que Porsche se rapproche le plus possible de la perfection.<\/p>\n<p>Ferry Porsche a fait remarquer un jour que \u00ab\u00a0la voiture parfaite n&rsquo;existe pas\u00a0\u00bb. Que vous cherchiez \u00e0 louer une Porsche pour des vacances, une raison professionnelle ou une occasion sp\u00e9ciale, Car4rent a ce qu&rsquo;il vous faut. Nous nous engageons \u00e0 vous trouver la voiture id\u00e9ale, que vous recherchiez une location de voiture ou que vous souhaitiez simplement profiter de la libert\u00e9 et de la vitesse.<\/p>\n<p>Porsche 911 Targa 4<\/p>\n<p>En tant qu&rsquo;ic\u00f4ne automobile, la premi\u00e8re a \u00e9t\u00e9 la Porsche 911. Voiture de sport de luxe \u00e0 deux portes, elle a toujours \u00e9t\u00e9 appr\u00e9ci\u00e9e, avec son \u00e9l\u00e9gance intemporelle.<\/p>\n<p>Louer une Porsche 911 Targa sur la C\u00f4te d&rsquo;Azur, c&rsquo;est prendre le volant d&rsquo;un cabriolet hard-top super-sportif dans une r\u00e9gion qui c\u00e9l\u00e8bre l&rsquo;allure et le style haut de gamme de Porsche.<\/p>\n<p>Le mod\u00e8le offre une exp\u00e9rience de conduite fantastique, pour une conduite souple, confortable et s\u00fbre.<\/p>\n<h4>Porsche 911 Carrera S cabriolet<\/h4>\n<p>Avec une puissance supr\u00eame et une acc\u00e9l\u00e9ration exaltante, offrez-vous le cabriolet Porsche 911 Carrera S cabriolet. Vous \u00eates s\u00fbr d&rsquo;\u00eatre le centre d&rsquo;attraction lorsque vous vous garez \u00e0 votre endroit pr\u00e9f\u00e9r\u00e9.<\/p>\n<h2>Location de Porsche : notre service s&rsquo;adapte \u00e0 vos d\u00e9sirs<\/h2>\n<p>Passez \u00e0 l&rsquo;\u00e9tape suivante de la planification de votre voyage sur la C\u00f4te d&rsquo;Azur, et r\u00e9servez une Porsche d\u00e8s aujourd&rsquo;hui. Nous vous trouverons le id\u00e9al, offrant confort, puissance et s\u00e9curit\u00e9 ou une combinaison des trois.<\/p>\n<p>Location de Porsche avec Car4rent pour faire partie du clan des passionn\u00e9s de voitures<\/p>\n<p>Location de Porsche avec Car4rent pour vivre une exp\u00e9rience de conduite inoubliable<\/p>\n<p>Louer une Porsche Cayenne pour partir dans les stations de ski est votre port\u00e9e avec Car4rent.<\/p>\n<p>Vous n&rsquo;avez pas trouv\u00e9 la Porsche de vos r\u00eaves vous voulez essayer une autre marque de voiture ? Nous avons tous les mod\u00e8les sportifs et de luxe disponibles \u00e0 la location, comme <a href=\"https:\/\/car4rent.fr\/fr\/louer-une-ferrari\/\"><strong>Ferrari<\/strong><\/a>,\n            <a href=\"https:\/\/car4rent.fr\/fr\/louer-une-lamborghini\/\"><strong>Lamborghini<\/strong><\/a>,\n            <a href=\"https:\/\/car4rent.fr\/fr\/louer-une-porsche\/\"><strong>Porsche<\/strong><\/a>,\n            <a href=\"https:\/\/car4rent.fr\/fr\/louer-un-land-rover\/\"><strong>Land Rover<\/strong><\/a>,\n            <a href=\"https:\/\/car4rent.fr\/fr\/louer-une-mercedes\/\"><strong>Mercedes AMG<\/strong><\/a>,\n            <a href=\"https:\/\/car4rent.fr\/fr\/louer-une-bentley\/\"><strong>Bentley<\/strong><\/a>,\n            <a href=\"https:\/\/car4rent.fr\/fr\/louer-une-rolls-royce\/\"><strong>Rolls-Royce<\/strong><\/a>, et\n            <a href=\"https:\/\/car4rent.fr\/fr\/louer-une-audi\/\"><strong>Audi<\/strong><\/a>.<\/p>\n<p>Consultez nos cat\u00e9gories de voitures de prestige au bas de cette page.<\/p>\n<p>Porsche louer une voiture de r\u00eaves. Prenez <a href=\"https:\/\/car4rent.fr\/fr\/contact\/\">contact<\/a> avec l&rsquo;un de nos collaborateurs pour un devis gratuit.<\/p>\n<\/div><\/section><\/div><div  class='hr av-r408yh-5fc29ed8e5abe90cc5953910efd3a584 hr-default  avia-builder-el-3  el_after_av_one_full  el_before_av_one_fourth '><span class='hr-inner '><span class=\"hr-inner-style\"><\/span><\/span><\/div><\/p>\n\n<style type=\"text\/css\" data-created_by=\"avia_inline_auto\" id=\"style-css-av-9j4h5a1-6e828a1197b9444f95d3c7ec7fb82938\">\n.flex_column.av-9j4h5a1-6e828a1197b9444f95d3c7ec7fb82938{\nborder-radius:0px 0px 0px 0px;\npadding:0px 0px 0px 0px;\n}\n<\/style>\n<div  class='flex_column av-9j4h5a1-6e828a1197b9444f95d3c7ec7fb82938 av_one_fourth  avia-builder-el-4  el_after_av_hr  el_before_av_one_fourth  first flex_column_div av-zero-column-padding  '     ><section  class='av_textblock_section av-8wzml89-2b80783706aabf533d7977da87f21ef0 '  ><div class='avia_textblock' ><p>Location de Porsche<\/p>\n<hr \/>\n<p>Nous proposons \u00e0 la location des voitures de luxe et de sport, mais \u00e9galement une large gamme de SUV et de cabriolets. D\u00e9couvrez nos voitures de r\u00eave.<\/p>\n<p>Prix \u00e0 partir de 260\u20ac \/ jour.<\/p>\n<\/div><\/section><\/div>\n\n<style type=\"text\/css\" data-created_by=\"avia_inline_auto\" id=\"style-css-av-8cxm7x5-0dfd1be948133d5958731c1141e89316\">\n.flex_column.av-8cxm7x5-0dfd1be948133d5958731c1141e89316{\nborder-radius:0px 0px 0px 0px;\npadding:0px 0px 0px 0px;\n}\n<\/style>\n<div  class='flex_column av-8cxm7x5-0dfd1be948133d5958731c1141e89316 av_one_fourth  avia-builder-el-6  el_after_av_one_fourth  el_before_av_one_fourth  flex_column_div av-zero-column-padding  '     ><section  class='av_textblock_section av-sl1yyh-58401a45bbfca01485bb12f5ae7e0e5f '  ><div class='avia_textblock' ><p>Agences \u00e0 l\u2019a\u00e9roport de Nice, Cannes, Monaco et Saint-Tropez<\/p>\n<hr \/>\n<p>Pour votre facilit\u00e9 et votre confort, nous sommes proches de vous<\/p>\n<\/div><\/section><\/div>\n\n<style type=\"text\/css\" data-created_by=\"avia_inline_auto\" id=\"style-css-av-7t2xhcp-04a64ffc63980df57546af05384a54fd\">\n.flex_column.av-7t2xhcp-04a64ffc63980df57546af05384a54fd{\nborder-radius:0px 0px 0px 0px;\npadding:0px 0px 0px 0px;\n}\n<\/style>\n<div  class='flex_column av-7t2xhcp-04a64ffc63980df57546af05384a54fd av_one_fourth  avia-builder-el-8  el_after_av_one_fourth  el_before_av_one_fourth  flex_column_div av-zero-column-padding  '     ><section  class='av_textblock_section av-77ozpuh-8dd1b37f5ec2cac52732881fc5014607 '  ><div class='avia_textblock' ><p>Test Drive &#8211; Faites de votre r\u00eave une r\u00e9alit\u00e9<\/p>\n<hr \/>\n<p>Offrez-vous une exp\u00e9rience de conduite unique au volant d&rsquo;une supercar. Prenez le volant d&rsquo;une Lamborghini, d&rsquo;une Ferrari ou d&rsquo;une Porsche sans vous ruiner. Pour des raisons de s\u00e9curit\u00e9, vous roulerez accompagn\u00e9. \u00c0 partir de 195\u20ac pp.<\/p>\n<\/div><\/section><\/div>\n\n<style type=\"text\/css\" data-created_by=\"avia_inline_auto\" id=\"style-css-av-6mik0k9-58ba2370392ede1c671764d02dbf6948\">\n.flex_column.av-6mik0k9-58ba2370392ede1c671764d02dbf6948{\nborder-radius:0px 0px 0px 0px;\npadding:0px 0px 0px 0px;\n}\n<\/style>\n<div  class='flex_column av-6mik0k9-58ba2370392ede1c671764d02dbf6948 av_one_fourth  avia-builder-el-10  el_after_av_one_fourth  el_before_av_section  avia-builder-el-last  flex_column_div av-zero-column-padding  '     ><section  class='av_textblock_section av-64i2ogp-66548aea0352cdde9b58db15362b0175 '  ><div class='avia_textblock' ><p>Un service sur mesure<\/p>\n<hr \/>\n<p>Une \u00e9quipe d\u00e9vou\u00e9e et attentive se tient \u00e0 votre disposition pour vous fournir toute information ou r\u00e9pondre \u00e0 vos demandes. Votre voiture peut \u00eatre livr\u00e9e sur demande directement \u00e0 votre arriv\u00e9e \u00e0 l&rsquo;a\u00e9roport de Nice, sur votre lieu de vill\u00e9giature, \u00e0 votre h\u00f4tel ou n&rsquo;importe o\u00f9 en France \u00e0 la destination de votre choix.<\/p>\n<\/div><\/section><\/div>\n<\/div><\/div><\/div><!-- close content main div --><\/div><\/div>\n<style type=\"text\/css\" data-created_by=\"avia_inline_auto\" id=\"style-css-av-6avcpix-3fc4d897a6ac81ac5b8808ba16648b58\">\n.avia-section.av-6avcpix-3fc4d897a6ac81ac5b8808ba16648b58{\nbackground-color:#f3f3f3;\nbackground-image:unset;\n}\n<\/style>\n<div id='av_section_2'  class='avia-section av-6avcpix-3fc4d897a6ac81ac5b8808ba16648b58 main_color avia-section-default avia-no-border-styling  avia-builder-el-12  el_after_av_one_fourth  el_before_av_section  avia-bg-style-scroll container_wrap fullsize'  ><div class='container av-section-cont-open' ><div class='template-page content  av-content-full alpha units'><div class='post-entry post-entry-type-page post-entry-30806'><div class='entry-content-wrapper clearfix'>\n<section  class='av_textblock_section av-loyvmgsp-b4c7632083dd1f0465180c126fe7a495 '  ><div class='avia_textblock' ><h3 style=\"text-align: center;\"><span style=\"font-size: 14pt;\">Louer une Porsche<\/span><\/h3>\n<\/div><\/section>\n\n<style type=\"text\/css\" data-created_by=\"avia_inline_auto\" id=\"style-css-av-5fcg86x-072dedd13fb56722bb57c5665ece707a\">\n.flex_column.av-5fcg86x-072dedd13fb56722bb57c5665ece707a{\nborder-radius:0px 0px 0px 0px;\npadding:0px 0px 0px 0px;\n}\n<\/style>\n<div  class='flex_column av-5fcg86x-072dedd13fb56722bb57c5665ece707a av_one_half  avia-builder-el-14  el_after_av_textblock  el_before_av_one_half  first flex_column_div av-zero-column-padding  column-top-margin'     ><div  class='avia-slideshow av-lff8simp-c02dbdceb3d10d4c6b5466e248031fe4 avia-slideshow-portfolio av_slideshow avia-slide-slider  avia-builder-el-15  avia-builder-el-no-sibling  av-slideshow-ui av-control-default av-slideshow-autoplay av-loop-endless av-loop-manual-endless av-default-height-applied avia-slideshow-1' data-slideshow-options=\"{&quot;animation&quot;:&quot;slide&quot;,&quot;autoplay&quot;:true,&quot;loop_autoplay&quot;:&quot;endless&quot;,&quot;interval&quot;:10,&quot;loop_manual&quot;:&quot;manual-endless&quot;,&quot;autoplay_stopper&quot;:false,&quot;noNavigation&quot;:false,&quot;bg_slider&quot;:false,&quot;keep_padding&quot;:false,&quot;hoverpause&quot;:false,&quot;show_slide_delay&quot;:0}\" ><ul class='avia-slideshow-inner ' style='padding-bottom: 80.808080808081%;'><li  class='avia-slideshow-slide av-lff8simp-c02dbdceb3d10d4c6b5466e248031fe4__0  slide-1 slide-odd'><div data-rel='slideshow-1' class='avia-slide-wrap '   ><img decoding=\"async\" fetchpriority=\"high\" class=\"wp-image-29484 avia-img-lazy-loading-not-29484\" src=\"https:\/\/car4rent.fr\/wp-content\/uploads\/Car4rent-Luxury-Car-Hire-Cannes-Porsche-Carrera-4s-Convertible-495x400.jpg\" width=\"495\" height=\"400\" title=\"Car4rent Luxury Car Hire Cannes Porsche Carrera 4s Convertible\" alt=\"Car4Rent\"><\/div><\/li><li  class='avia-slideshow-slide av-lff8simp-c02dbdceb3d10d4c6b5466e248031fe4__1  slide-2 slide-even'><div data-rel='slideshow-1' class='avia-slide-wrap '  title='louer une porsche 992 cabriolet' ><img decoding=\"async\" fetchpriority=\"high\" class=\"wp-image-29973 avia-img-lazy-loading-not-29973\"  src=\"https:\/\/car4rent.fr\/wp-content\/uploads\/rent-a-porsche-992-cabriolet-495x400.jpeg\" width=\"495\" height=\"400\" title='louer une porsche 992 cabriolet' alt='louer une porsche 992 cabriolet' srcset=\"https:\/\/car4rent.fr\/wp-content\/uploads\/rent-a-porsche-992-cabriolet-495x400.jpeg 495w, https:\/\/car4rent.fr\/wp-content\/uploads\/rent-a-porsche-992-cabriolet-845x684.jpeg 845w\" sizes=\"(max-width: 495px) 100vw, 495px\" \/><\/div><\/li><\/ul><div class='avia-slideshow-arrows avia-slideshow-controls' ><a href='#prev' class='prev-slide  avia-svg-icon avia-font-svg_entypo-fontello' data-av_svg_icon='left-open-big' data-av_iconset='svg_entypo-fontello' tabindex='-1' title=\"Pr\u00e9c\u00e9dent\"><svg version=\"1.1\" xmlns=\"http:\/\/www.w3.org\/2000\/svg\" width=\"15\" height=\"32\" viewBox=\"0 0 15 32\" preserveAspectRatio=\"xMidYMid meet\" aria-labelledby='av-svg-title-1' aria-describedby='av-svg-desc-1' role=\"graphics-symbol\" aria-hidden=\"true\">\n<title id='av-svg-title-1'>Pr\u00e9c\u00e9dent<\/title>\n<desc id='av-svg-desc-1'>Pr\u00e9c\u00e9dent<\/desc>\n<path d=\"M14.464 27.84q0.832 0.832 0 1.536-0.832 0.832-1.536 0l-12.544-12.608q-0.768-0.768 0-1.6l12.544-12.608q0.704-0.832 1.536 0 0.832 0.704 0 1.536l-11.456 11.904z\"><\/path>\n<\/svg><span class='avia_hidden_link_text'>Pr\u00e9c\u00e9dent<\/span><\/a><a href='#next' class='next-slide  avia-svg-icon avia-font-svg_entypo-fontello' data-av_svg_icon='right-open-big' data-av_iconset='svg_entypo-fontello' tabindex='-1' title=\"Suivant\"><svg version=\"1.1\" xmlns=\"http:\/\/www.w3.org\/2000\/svg\" width=\"15\" height=\"32\" viewBox=\"0 0 15 32\" preserveAspectRatio=\"xMidYMid meet\" aria-labelledby='av-svg-title-2' aria-describedby='av-svg-desc-2' role=\"graphics-symbol\" aria-hidden=\"true\">\n<title id='av-svg-title-2'>Suivant<\/title>\n<desc id='av-svg-desc-2'>Suivant<\/desc>\n<path d=\"M0.416 27.84l11.456-11.84-11.456-11.904q-0.832-0.832 0-1.536 0.832-0.832 1.536 0l12.544 12.608q0.768 0.832 0 1.6l-12.544 12.608q-0.704 0.832-1.536 0-0.832-0.704 0-1.536z\"><\/path>\n<\/svg><span class='avia_hidden_link_text'>Suivant<\/span><\/a><\/div><div class='avia-slideshow-dots avia-slideshow-controls'><a href='#1' class='goto-slide active' >1<\/a><a href='#2' class='goto-slide ' >2<\/a><\/div><\/div><\/div>\n<style type=\"text\/css\" data-created_by=\"avia_inline_auto\" id=\"style-css-av-1797lp5-3be53c1966e062ed338c7d5c25b990d0\">\n.flex_column.av-1797lp5-3be53c1966e062ed338c7d5c25b990d0{\nborder-radius:0px 0px 0px 0px;\npadding:0px 0px 0px 0px;\n}\n<\/style>\n<div  class='flex_column av-1797lp5-3be53c1966e062ed338c7d5c25b990d0 av_one_half  avia-builder-el-16  el_after_av_one_half  avia-builder-el-last  flex_column_div av-zero-column-padding  column-top-margin'     ><p><section  class='av_textblock_section av-k9yk0ae7-addfea6294d9137296494e4cf4286a0a '  ><div class='avia_textblock' ><p>Porsche a probablement repouss\u00e9 les limites de la performance et est la r\u00e9f\u00e9rence en mati\u00e8re de voitures de sport dans le monde entier ! Prendre le volant d&rsquo;une Porsche louer le mythe, pourqoui pas maintenant?<\/p>\n<p>&#8211; Cabriolets<\/p>\n<ul>\n<li>Porsche 992 Targa 4, d\u00e9veloppe 385 ch, gris<\/li>\n<li>Porsche 991 cabriolet 4S, d\u00e9veloppe 420cv, blanc<\/li>\n<li>Posrche 992 Carrera S cabriolet, d\u00e9veloppe 450cv, noir<\/li>\n<li>Posrche 992 Carrera 4S cabriolet, d\u00e9veloppe 450cv, gris fonc\u00e9<\/li>\n<\/ul>\n<p>Prix : \u00e0 partir de 900 euros par jour.<\/p>\n<\/div><\/section><br \/>\n<div  class='avia-button-wrap av-v5a0k9-1d25013d4536aaa850238ae597cd426f-wrap avia-button-left  avia-builder-el-18  el_after_av_textblock  avia-builder-el-last '><a href=\"https:\/\/car4rent.fr\/fr\/contact\/\" class=\"avia-button av-v5a0k9-1d25013d4536aaa850238ae597cd426f av-link-btn avia-icon_select-yes-right-icon avia-size-small avia-position-left av-icon-on-hover avia-color-red\" aria-label=\"Contact\"><span class='avia_iconbox_title' >Contact<\/span><span class='avia_button_icon avia_button_icon_right avia-iconfont avia-font-entypo-fontello' data-av_icon='\ue881' data-av_iconfont='entypo-fontello' ><\/span><\/a><\/div><\/p><\/div><\/div><\/div><\/div><!-- close content main div --><\/div><\/div>\n<style type=\"text\/css\" data-created_by=\"avia_inline_auto\" id=\"style-css-av-43kcsd5-d3ef79113910887a7bfd29c8c2ab4614\">\n.avia-section.av-43kcsd5-d3ef79113910887a7bfd29c8c2ab4614{\nbackground-color:#f3f3f3;\nbackground-image:unset;\n}\n<\/style>\n<div id='sectioncustom'  class='avia-section av-43kcsd5-d3ef79113910887a7bfd29c8c2ab4614 main_color avia-section-default avia-no-border-styling  avia-builder-el-19  el_after_av_section  el_before_av_google_map  avia-bg-style-scroll container_wrap fullsize'  ><div class='container av-section-cont-open' ><div class='template-page content  av-content-full alpha units'><div class='post-entry post-entry-type-page post-entry-30806'><div class='entry-content-wrapper clearfix'>\n<section  class='av_textblock_section av-loyvox1x-78c25d5614ebd2d60e3c2f2c227347a9 '  ><div class='avia_textblock' ><p style=\"text-align: center;\"><span style=\"font-size: 14pt;\">Notre agence de location de Cannes<\/span><\/p>\n<\/div><\/section>\n<\/p>\n<div  class='av_gmaps_sc_main_wrap av_gmaps_main_wrap '><div id='av_gmap_0' class='avia-google-map-container avia-google-map-sc av_gmaps_show_unconditionally av-no-fallback-img ' data-mapid='av_gmap_0'  style='height: 400px;'><a class=\"av_gmaps_browser_disabled av_text_confirm_link av_text_confirm_link_visible\" href=\"https:\/\/www.google.com\/maps\/search\/?api=1&#038;query=10,%20rue%20Hibert%2006400%20Cannes%20%20France\" target=\"_blank\" rel=\"noopener\">Les cartes ont \u00e9t\u00e9 d\u00e9sactiv\u00e9es par le visiteur sur ce site. Cliquer pour ouvrir la carte dans une nouvelle fen\u00eatre.<\/a><\/div><\/div>\n\n<style type=\"text\/css\" data-created_by=\"avia_inline_auto\" id=\"style-css-av-2ddmnh5-bbd5dd00de2854828f851bcdfc153f73\">\n.avia-section.av-2ddmnh5-bbd5dd00de2854828f851bcdfc153f73{\nbackground-color:#6834bd;\nbackground-image:unset;\n}\n<\/style>\n<div id='av_section_4'  class='avia-section av-2ddmnh5-bbd5dd00de2854828f851bcdfc153f73 main_color avia-section-default avia-no-border-styling  avia-builder-el-22  el_after_av_google_map  el_before_av_section  avia-bg-style-scroll container_wrap fullsize'  ><div class='container av-section-cont-open' ><div class='template-page content  av-content-full alpha units'><div class='post-entry post-entry-type-page post-entry-30806'><div class='entry-content-wrapper clearfix'>\n<section  class='av_textblock_section av-loyx1sc0-4da831b23c404023af05125b7de1f141 '  ><div class='avia_textblock' ><p style=\"text-align: center;\"><span style=\"font-size: 14pt;\">Profitez de l\u2019exp\u00e9rience de conduite ultime avec une voiture livr\u00e9e directement chez vous !<\/span><\/p>\n<\/div><\/section>\n<div  class='avia-button-wrap av-1hycwxl-8817ba7b2960b6b95c98b72b12707988-wrap avia-button-center  avia-builder-el-24  el_after_av_textblock  avia-builder-el-last '><a href=\"https:\/\/car4rent.fr\/fr\/contact\/\" class=\"avia-button av-1hycwxl-8817ba7b2960b6b95c98b72b12707988 av-link-btn avia-icon_select-yes-left-icon avia-size-large avia-position-center avia-color-grey\" aria-label=\"Contactez l\u2019un de nos experts !\"><span class='avia_button_icon avia_button_icon_left avia-iconfont avia-font-entypo-fontello' data-av_icon='\ue85d' data-av_iconfont='entypo-fontello' ><\/span><span class='avia_iconbox_title' >Contactez l\u2019un de nos experts !<\/span><\/a><\/div>\n<\/div><\/div><\/div><!-- close content main div --><\/div><\/div><div id='av_section_5'  class='avia-section av-1ccl40p-7f4e0a9a8cd8d907068b63074ba6d95d main_color avia-section-default avia-no-border-styling  avia-builder-el-25  el_after_av_section  avia-builder-el-last  avia-bg-style-scroll container_wrap fullsize'  ><div class='container av-section-cont-open' ><div class='template-page content  av-content-full alpha units'><div class='post-entry post-entry-type-page post-entry-30806'><div class='entry-content-wrapper clearfix'>\n<div  class='avia-builder-widget-area clearfix  avia-builder-el-26  avia-builder-el-no-sibling '><div id=\"text-9\" class=\"widget clearfix widget_text\">\t\t\t<div class=\"textwidget\"><p style=\"text-align: center;\">    <div class=\"car4rent-share-block car4rent-fr\">\n        <a href=\"https:\/\/www.facebook.com\/sharer\/sharer.php?u=\" target=\"_blank\" rel=\"noopener\"><i class=\"fa-brands fa-facebook\"><\/i> Partager<\/a>\n        <a href=\"https:\/\/x.com\/intent\/tweet?url=&amp;text=\" target=\"_blank\" rel=\"noopener\"><i class=\"fa-brands fa-x-twitter\"><\/i> X<\/a>\n        <a href=\"https:\/\/wa.me\/?text=%20\" target=\"_blank\" rel=\"noopener\"><i class=\"fa-brands fa-whatsapp\"><\/i> WhatsApp<\/a>\n        <a href=\"https:\/\/www.instagram.com\/car4rent_cannes\/\" target=\"_blank\" rel=\"noopener\"><i class=\"fa-brands fa-instagram\"><\/i> Instagram<\/a>\n        <a href=\"https:\/\/www.linkedin.com\/company\/car4rent\/about\/\" target=\"_blank\" rel=\"noopener\"><i class=\"fa-brands fa-linkedin\"><\/i> LinkedIn<\/a>\n        <a href=\"https:\/\/www.youtube.com\/@car4rentcannes839\" target=\"_blank\" rel=\"noopener\"><i class=\"fa-brands fa-youtube\"><\/i> YouTube<\/a>\n    <\/div>\n    <\/p>\n<\/div>\n\t\t<\/div><\/div>\n<\/p>\n","protected":false},"excerpt":{"rendered":"","protected":false},"author":3,"featured_media":29797,"parent":0,"menu_order":2000,"comment_status":"closed","ping_status":"closed","template":"","meta":{"_acf_changed":false,"footnotes":""},"class_list":["post-30806","page","type-page","status-publish","has-post-thumbnail","hentry"],"acf":[],"_links":{"self":[{"href":"https:\/\/car4rent.fr\/fr\/wp-json\/wp\/v2\/pages\/30806","targetHints":{"allow":["GET"]}}],"collection":[{"href":"https:\/\/car4rent.fr\/fr\/wp-json\/wp\/v2\/pages"}],"about":[{"href":"https:\/\/car4rent.fr\/fr\/wp-json\/wp\/v2\/types\/page"}],"author":[{"embeddable":true,"href":"https:\/\/car4rent.fr\/fr\/wp-json\/wp\/v2\/users\/3"}],"replies":[{"embeddable":true,"href":"https:\/\/car4rent.fr\/fr\/wp-json\/wp\/v2\/comments?post=30806"}],"version-history":[{"count":0,"href":"https:\/\/car4rent.fr\/fr\/wp-json\/wp\/v2\/pages\/30806\/revisions"}],"wp:featuredmedia":[{"embeddable":true,"href":"https:\/\/car4rent.fr\/fr\/wp-json\/wp\/v2\/media\/29797"}],"wp:attachment":[{"href":"https:\/\/car4rent.fr\/fr\/wp-json\/wp\/v2\/media?parent=30806"}],"curies":[{"name":"wp","href":"https:\/\/api.w.org\/{rel}","templated":true}]}}