{"id":30805,"date":"2023-11-10T16:56:12","date_gmt":"2023-11-10T15:56:12","guid":{"rendered":"https:\/\/car4rent.fr\/location-de-la-ferrari-california\/"},"modified":"2024-08-08T13:42:12","modified_gmt":"2024-08-08T11:42:12","slug":"location-ferrari-california","status":"publish","type":"page","link":"https:\/\/car4rent.fr\/fr\/location-ferrari-california\/","title":{"rendered":"Location Ferrari California"},"content":{"rendered":"\n<style type=\"text\/css\" data-created_by=\"avia_inline_auto\" id=\"style-css-av-9q4unmz-b49c743ca427e3895e761c39ad6cbfc3\">\n.avia-section.av-9q4unmz-b49c743ca427e3895e761c39ad6cbfc3{\nbackground-color:#27202d;\nbackground-image:unset;\n}\n<\/style>\n<div id='av_section_1'  class='avia-section av-9q4unmz-b49c743ca427e3895e761c39ad6cbfc3 main_color avia-section-large avia-no-shadow  avia-builder-el-0  el_before_av_one_full  avia-builder-el-first  avia-bg-style-scroll av-minimum-height av-minimum-height-75 av-height-75  container_wrap fullsize'   data-av_minimum_height_pc='75' data-av_min_height_opt='75'><div class='container av-section-cont-open' ><main  class='template-page content  av-content-full alpha units'><div class='post-entry post-entry-type-page post-entry-30805'><div class='entry-content-wrapper clearfix'>\n<div  class='flex_column av-av_one_full-db3c685d37a83d385059f6f31cd9c4a7 av_one_full  avia-builder-el-1  el_before_av_two_third  avia-builder-el-first  first flex_column_div  '     ><style type=\"text\/css\" data-created_by=\"avia_inline_auto\" id=\"style-css-av-lwmbrtmc-4afc6f78ab4d594f84f8c779b594b52c\">\n#top .av_textblock_section.av-lwmbrtmc-4afc6f78ab4d594f84f8c779b594b52c .avia_textblock{\ncolor:#ffffff;\n}\n<\/style>\n<section  class='av_textblock_section av-lwmbrtmc-4afc6f78ab4d594f84f8c779b594b52c '  ><div class='avia_textblock av_inherit_color' ><h2><span style=\"font-size: 24pt;\">Location Ferrari California<\/span><\/h2>\n<\/div><\/section><\/div>\n<style type=\"text\/css\" data-created_by=\"avia_inline_auto\" id=\"style-css-av-8n19n8r-b068da08232a5bb2fd684f7cdf327c96\">\n#top .flex_column.av-8n19n8r-b068da08232a5bb2fd684f7cdf327c96{\nmargin-top:0px;\nmargin-bottom:0px;\n}\n.flex_column.av-8n19n8r-b068da08232a5bb2fd684f7cdf327c96{\nborder-radius:0px 0px 0px 0px;\npadding:0px 0px 0px 0px;\n}\n.responsive #top #wrap_all .flex_column.av-8n19n8r-b068da08232a5bb2fd684f7cdf327c96{\nmargin-top:0px;\nmargin-bottom:0px;\n}\n<\/style>\n<div  class='flex_column av-8n19n8r-b068da08232a5bb2fd684f7cdf327c96 av_two_third  avia-builder-el-3  el_after_av_one_full  el_before_av_one_third  first flex_column_div av-zero-column-padding  column-top-margin'     ><style type=\"text\/css\" data-created_by=\"avia_inline_auto\" id=\"style-css-av-7uyi1jf-2873db64fc9d4bf7a574933ba1031004\">\n.avia-image-container.av-7uyi1jf-2873db64fc9d4bf7a574933ba1031004 img.avia_image{\nbox-shadow:none;\n}\n.avia-image-container.av-7uyi1jf-2873db64fc9d4bf7a574933ba1031004 .av-image-caption-overlay-center{\ncolor:#ffffff;\nfont-size:14px;\n}\n<\/style>\n<div  class='avia-image-container av-7uyi1jf-2873db64fc9d4bf7a574933ba1031004 av-styling- avia-align-center  avia-builder-el-4  avia-builder-el-no-sibling '  ><div class=\"avia-image-container-inner\"><div class=\"avia-image-overlay-wrap\"><img decoding=\"async\" fetchpriority=\"high\" class='wp-image-29414 avia-img-lazy-loading-not-29414 avia_image ' src=\"https:\/\/car4rent.fr\/wp-content\/uploads\/california-blanche-palm-beach.jpg\" alt='Location Ferrari California' title='Ferrari California Rental'  height=\"461\" width=\"742\" srcset=\"https:\/\/car4rent.fr\/wp-content\/uploads\/california-blanche-palm-beach.jpg 742w, https:\/\/car4rent.fr\/wp-content\/uploads\/california-blanche-palm-beach-450x280.jpg 450w, https:\/\/car4rent.fr\/wp-content\/uploads\/california-blanche-palm-beach-300x186.jpg 300w, https:\/\/car4rent.fr\/wp-content\/uploads\/california-blanche-palm-beach-248x154.jpg 248w, https:\/\/car4rent.fr\/wp-content\/uploads\/california-blanche-palm-beach-126x78.jpg 126w, https:\/\/car4rent.fr\/wp-content\/uploads\/california-blanche-palm-beach-705x438.jpg 705w\" sizes=\"(max-width: 742px) 100vw, 742px\" \/><\/div><\/div><\/div><\/div>\n<style type=\"text\/css\" data-created_by=\"avia_inline_auto\" id=\"style-css-av-72p8tcb-47fca180250dba4ba2bca2207efcf3f2\">\n#top .flex_column.av-72p8tcb-47fca180250dba4ba2bca2207efcf3f2{\nmargin-top:0px;\nmargin-bottom:0px;\n}\n.flex_column.av-72p8tcb-47fca180250dba4ba2bca2207efcf3f2{\nborder-radius:0px 0px 0px 0px;\npadding:20px 40px 20px 30px;\nbackground-color:#cecece;\n}\n.responsive #top #wrap_all .flex_column.av-72p8tcb-47fca180250dba4ba2bca2207efcf3f2{\nmargin-top:0px;\nmargin-bottom:0px;\n}\n<\/style>\n<div  class='flex_column av-72p8tcb-47fca180250dba4ba2bca2207efcf3f2 av_one_third  avia-builder-el-5  el_after_av_two_third  avia-builder-el-last  flex_column_div  column-top-margin'     ><p>\n<style type=\"text\/css\" data-created_by=\"avia_inline_auto\" id=\"style-css-av-6hfh32j-2a1bf3a19cb82a870dc83131811c6c41\">\n#top .av_textblock_section.av-6hfh32j-2a1bf3a19cb82a870dc83131811c6c41 .avia_textblock{\nfont-size:13px;\n}\n<\/style>\n<section  class='av_textblock_section av-6hfh32j-2a1bf3a19cb82a870dc83131811c6c41 '  ><div class='avia_textblock' ><p>Location Ferrari California &#8211; Tarifs<\/p>\n<hr \/>\n<p>1-3 jours 1 .600 \u20ac<\/p>\n<p>4-7 jours 1 .450 \u20ac<\/p>\n<p>+8 jours 1 .300 \u20ac<\/p>\n<p>km suppl\u00e9mentaire 5 \u20ac<\/p>\n<p>D\u00e9p\u00f4t 15.000 \u20ac<\/p>\n<p>\u00c2ge minimum 27 ans<\/p>\n<hr \/>\n<p>Prix par jour &#8211; 200km inclus<\/p>\n<\/div><\/section><br \/>\n<div  class='hr av-6c06wnf-c1b62e7fbbba2f020ad91a64ad472293 hr-default  avia-builder-el-7  el_after_av_textblock  el_before_av_textblock '><span class='hr-inner '><span class=\"hr-inner-style\"><\/span><\/span><\/div><br \/>\n\n<style type=\"text\/css\" data-created_by=\"avia_inline_auto\" id=\"style-css-av-5s4yvmz-3b8728a76ffac33368c2c605325251ab\">\n#top .av_textblock_section.av-5s4yvmz-3b8728a76ffac33368c2c605325251ab .avia_textblock{\nfont-size:13px;\n}\n<\/style>\n<section  class='av_textblock_section av-5s4yvmz-3b8728a76ffac33368c2c605325251ab '  ><div class='avia_textblock' ><p>Location Ferrari California &#8211; Sp\u00e9cifications<\/p>\n<hr \/>\n<ul>\n<li>Nombre de si\u00e8ges : 2 + 2<\/li>\n<li>Espace bagages : 2<\/li>\n<li>Moteur : V8 3.9L &#8211; 560 ch \/ 7.500 tr\/min arri\u00e8re WD<\/li>\n<li>Transmission : Auto<\/li>\n<li>0-100 km\/h : 3 .6sec.<\/li>\n<li>Max. Vitesse : 316 km\/h<\/li>\n<li>Carburant : essence<\/li>\n<\/ul>\n<\/div><\/section><\/p><\/div>\n<\/div><\/div><\/main><!-- close content main element --><\/div><\/div><div id='after_section_1'  class='main_color av_default_container_wrap container_wrap fullsize'  ><div class='container av-section-cont-open' ><div class='template-page content  av-content-full alpha units'><div class='post-entry post-entry-type-page post-entry-30805'><div class='entry-content-wrapper clearfix'>\n\n<style type=\"text\/css\" data-created_by=\"avia_inline_auto\" id=\"style-css-av-59w5h2j-d387ba4fe0acad1d8b958b348fd12b99\">\n#top .flex_column.av-59w5h2j-d387ba4fe0acad1d8b958b348fd12b99{\nmargin-top:0px;\nmargin-bottom:0px;\n}\n.flex_column.av-59w5h2j-d387ba4fe0acad1d8b958b348fd12b99{\nborder-radius:0px 0px 0px 0px;\npadding:0px 0px 0px 0px;\nbackground-color:#ffffff;\n}\n.responsive #top #wrap_all .flex_column.av-59w5h2j-d387ba4fe0acad1d8b958b348fd12b99{\nmargin-top:0px;\nmargin-bottom:0px;\n}\n<\/style>\n<div  class='flex_column av-59w5h2j-d387ba4fe0acad1d8b958b348fd12b99 av_one_full  avia-builder-el-9  el_after_av_section  el_before_av_section  avia-builder-el-no-sibling  first flex_column_div av-zero-column-padding  '     ><style type=\"text\/css\" data-created_by=\"avia_inline_auto\" id=\"style-css-av-4r5ex6z-3a60f7e32cae1b6b2854f897191f1b1b\">\n#top .av_textblock_section.av-4r5ex6z-3a60f7e32cae1b6b2854f897191f1b1b .avia_textblock{\ncolor:#000000;\n}\n<\/style>\n<section  class='av_textblock_section av-4r5ex6z-3a60f7e32cae1b6b2854f897191f1b1b '  ><div class='avia_textblock av_inherit_color' ><section id=\"block0\">\n<div>\n<div>\n<h1>La location Ferrari California en quelques mots<\/h1>\n<\/div>\n<\/div>\n<\/section>\n<section id=\"block1\">Tr\u00e8s am\u00e9lior\u00e9e et tr\u00e8s rapide, la Ferrari California, en version T m\u00e9rite vraiment l&rsquo;insigne de la marque au cheval cabr\u00e9. Sa prise en mains et sa conduite sont faciles et la puissance du moteur de 560 ch est facilement ma\u00eetrisable.<\/section>\n<section>En effet, le moteur contribue \u00e0 cette aisance de conduite de cette\u00a0 magnifique voiture, et vous permet \u00e9galement\u00a0 de faire de longs parcours gr\u00e2ce \u00e0 une autonomie accrue, et vous permet de rouler plus loin avant de faire le plein.<\/section>\n<section>Le cabriolet \u00e0 toit rigide se sent vraiment comme un produit de Maranello, comme il se doit. Il se conduit particuli\u00e8rement bien, quelle que soit la position, confort ou sport, dans laquelle vous placez le \u00ab\u00a0Manettino\u00a0\u00bb, qui apporte un amortissement plus rigide.<\/p>\n<div>\n<div>\n<h2>Location Ferrari California : Que du bonheur !<\/h2>\n<\/div>\n<p>La California T est la voiture la plus \u00ab\u00a0douce\u00a0\u00bb du constructeur Ferrari, mais le \u00ab\u00a0paisible\u00a0\u00bb roadster a re\u00e7u un coup de pouce tr\u00e8s significatif gr\u00e2ce \u00e0 un tout nouveau V8 biturbo qui d\u00e9livre 560 ch. La r\u00e9ponse, \u00e0 haut r\u00e9gime, est vraiment impressionnante, quelle que soit le r\u00e9gime moteur.<\/p>\n<p>La d\u00e9capotable passe de 0 \u00e0 100 \/km\/h en 3,6 secondes. Il n&rsquo;y a pas de rupture dans l&rsquo;ac\u00e9\u00e9l\u00e9ration et le turbo r\u00e9agit de mani\u00e8re lin\u00e9aire sur tous rapports. Avec un couple important, vous serez r\u00e9compens\u00e9, sans avoir \u00e0 r\u00e9trograder,\u00a0 ce qui en fait de cette auto un excellent Grand Tourer.<\/p>\n<p>L&rsquo;h\u00e9ritage d&rsquo;Enzo Ferrari est bien pr\u00e9sent et ravira les amateurs de vitesse et de design sportif.<\/p>\n<p>Les amateurs de sensations seront \u00e9galement combl\u00e9s par nos diff\u00e9rents mod\u00e8les Ferrari disponibles \u00e0 la location. Votre voyage pourra s&rsquo;\u00e9tendre de Saint-Tropez \u00e0 Monaco sur la C\u00f4te d&rsquo;Azur, et vous pourrez faire ronronner le moteur de votre bolide sur les routes escarp\u00e9es qui s&rsquo;y pr\u00eatent \u00e0 merveille. Que vous pr\u00e9f\u00e9riez la Portofino ou le 488 Spider, vous trouvetrez votre bonheur chez Car4rent. L&rsquo;Excellence est \u00e0 votre port\u00e9e et nous d\u00e9roulerons le tapis rouge pour r\u00e9pondre \u00e0 vos attentes !<\/p>\n<p>Vous n&rsquo;avez pas trouv\u00e9 la location de Ferrari id\u00e9ale et vous voulez essayer une autre marque de voiture ? Nous disposons de tous les mod\u00e8les de sport et de luxe disponibles \u00e0 la location, tels que Ferrari, Lamborghini, Porsche, Land Rover, Mercedes AMG, Bentley, Rolls-Royce et autres Audi et BMW<a href=\"https:\/\/car4rent.fr\/fr\/rent-mercedes-2\/\">.<\/a> Toutes ces marques sont synonymes de puissance, de performance, d&rsquo;agilit\u00e9 et de s\u00e9curit\u00e9, en un mot d&rsquo;excellence.<\/p>\n<p>Vous \u00eates int\u00e9ress\u00e9 par la location de Ferrari California, n&rsquo;h\u00e9sitez pas \u00e0 prendre contact avec notre \u00e9quipe.<\/p>\n<\/div>\n<\/section>\n<\/div><\/section><\/div>\n<\/div><\/div><\/div><!-- close content main div --><\/div><\/div>\n<style type=\"text\/css\" data-created_by=\"avia_inline_auto\" id=\"style-css-av-2zzbmyz-339f8e73f3ed45c6ef4edf134dcf1ca1\">\n.avia-section.av-2zzbmyz-339f8e73f3ed45c6ef4edf134dcf1ca1{\nbackground-color:#27202d;\nbackground-image:unset;\n}\n<\/style>\n<div id='av_section_2'  class='avia-section av-2zzbmyz-339f8e73f3ed45c6ef4edf134dcf1ca1 main_color avia-section-small avia-no-border-styling  avia-builder-el-11  el_after_av_one_full  avia-builder-el-last  avia-bg-style-scroll container_wrap fullsize'  ><div class='container av-section-cont-open' ><div class='template-page content  av-content-full alpha units'><div class='post-entry post-entry-type-page post-entry-30805'><div class='entry-content-wrapper clearfix'>\n\n<style type=\"text\/css\" data-created_by=\"avia_inline_auto\" id=\"style-css-av-lv9sy6ts-e8abd5a72270e2d5f29e1f1db053d8c0\">\n#top .av_textblock_section.av-lv9sy6ts-e8abd5a72270e2d5f29e1f1db053d8c0 .avia_textblock{\ncolor:#ffffff;\n}\n<\/style>\n<section  class='av_textblock_section av-lv9sy6ts-e8abd5a72270e2d5f29e1f1db053d8c0 '  ><div class='avia_textblock av_inherit_color' ><p style=\"text-align: center;\"><span style=\"font-size: 14pt;\">D\u00e9couvrez la collection de voitures de r\u00eave de Car4rent. Uniquement des voitures de luxe, d\u00e9capotables et sportives \u00e0 louer<\/span><\/p>\n<\/div><\/section>\n\n","protected":false},"excerpt":{"rendered":"","protected":false},"author":3,"featured_media":29414,"parent":0,"menu_order":2315,"comment_status":"closed","ping_status":"closed","template":"","meta":{"_acf_changed":false,"footnotes":""},"class_list":["post-30805","page","type-page","status-publish","has-post-thumbnail","hentry"],"acf":[],"_links":{"self":[{"href":"https:\/\/car4rent.fr\/fr\/wp-json\/wp\/v2\/pages\/30805","targetHints":{"allow":["GET"]}}],"collection":[{"href":"https:\/\/car4rent.fr\/fr\/wp-json\/wp\/v2\/pages"}],"about":[{"href":"https:\/\/car4rent.fr\/fr\/wp-json\/wp\/v2\/types\/page"}],"author":[{"embeddable":true,"href":"https:\/\/car4rent.fr\/fr\/wp-json\/wp\/v2\/users\/3"}],"replies":[{"embeddable":true,"href":"https:\/\/car4rent.fr\/fr\/wp-json\/wp\/v2\/comments?post=30805"}],"version-history":[{"count":0,"href":"https:\/\/car4rent.fr\/fr\/wp-json\/wp\/v2\/pages\/30805\/revisions"}],"wp:featuredmedia":[{"embeddable":true,"href":"https:\/\/car4rent.fr\/fr\/wp-json\/wp\/v2\/media\/29414"}],"wp:attachment":[{"href":"https:\/\/car4rent.fr\/fr\/wp-json\/wp\/v2\/media?parent=30805"}],"curies":[{"name":"wp","href":"https:\/\/api.w.org\/{rel}","templated":true}]}}