{"id":30804,"date":"2023-11-10T16:56:12","date_gmt":"2023-11-10T15:56:12","guid":{"rendered":"https:\/\/car4rent.fr\/louer-une-voiture\/"},"modified":"2024-03-20T22:35:27","modified_gmt":"2024-03-20T21:35:27","slug":"louer-une-voiture","status":"publish","type":"page","link":"https:\/\/car4rent.fr\/fr\/louer-une-voiture\/","title":{"rendered":"Louer une voiture"},"content":{"rendered":"\n<style type=\"text\/css\" data-created_by=\"avia_inline_auto\" id=\"style-css-av-js5twac7-4da95c44fe3f3dc749ef878774af056e\">\n.avia-section.av-js5twac7-4da95c44fe3f3dc749ef878774af056e{\nbackground-repeat:no-repeat;\nbackground-image:url(https:\/\/car4rent.fr\/wp-content\/uploads\/rent-lamborghini-performante-cannes.jpg);\nbackground-position:50% 50%;\nbackground-attachment:scroll;\n}\n<\/style>\n<div id='header-section'  class='avia-section av-js5twac7-4da95c44fe3f3dc749ef878774af056e main_color avia-section-huge avia-no-border-styling  avia-builder-el-0  el_before_av_one_full  avia-builder-el-first  avia-full-stretch avia-bg-style-scroll av-minimum-height av-minimum-height-custom av-height-custom  container_wrap fullsize'  data-section-bg-repeat='stretch' data-av_minimum_height_px='450'><div class='container av-section-cont-open' style='height:450px'><main  class='template-page content  av-content-full alpha units'><div class='post-entry post-entry-type-page post-entry-30804'><div class='entry-content-wrapper clearfix'>\n<\/div><\/div><\/main><!-- close content main element --><\/div><\/div><div id='after_section_1'  class='main_color av_default_container_wrap container_wrap fullsize'  ><div class='container av-section-cont-open' ><div class='template-page content  av-content-full alpha units'><div class='post-entry post-entry-type-page post-entry-30804'><div class='entry-content-wrapper clearfix'>\n<style type=\"text\/css\" data-created_by=\"avia_inline_auto\" id=\"style-css-av-703por6-7fd814c5352cfd4aeaef0efb9e948d6a\">\n.flex_column.av-703por6-7fd814c5352cfd4aeaef0efb9e948d6a{\nborder-radius:0px 0px 0px 0px;\npadding:0px 0px 0px 0px;\n}\n<\/style>\n<div  class='flex_column av-703por6-7fd814c5352cfd4aeaef0efb9e948d6a av_one_full  avia-builder-el-1  el_after_av_section  el_before_av_section  avia-builder-el-no-sibling  first flex_column_div av-zero-column-padding  '     ><p>\n<style type=\"text\/css\" data-created_by=\"avia_inline_auto\" id=\"style-css-av-r1onj5-09c86903402e3c86646e425c254e37c4\">\n#top .av-special-heading.av-r1onj5-09c86903402e3c86646e425c254e37c4{\npadding-bottom:10px;\n}\nbody .av-special-heading.av-r1onj5-09c86903402e3c86646e425c254e37c4 .av-special-heading-tag .heading-char{\nfont-size:25px;\n}\n.av-special-heading.av-r1onj5-09c86903402e3c86646e425c254e37c4 .av-subheading{\nfont-size:15px;\n}\n<\/style>\n<div  class='av-special-heading av-r1onj5-09c86903402e3c86646e425c254e37c4 av-special-heading-h3 blockquote modern-quote modern-centered  avia-builder-el-2  el_before_av_hr  avia-builder-el-first  av-linked-heading'><h3 class='av-special-heading-tag '  >Louer une voiture<\/h3><div class=\"special-heading-border\"><div class=\"special-heading-inner-border\"><\/div><\/div><\/div><br \/>\n<div  class='hr av-av_hr-91d7ccd583a503147498e120fee2ff9b hr-default  avia-builder-el-3  el_after_av_heading  el_before_av_textblock '><span class='hr-inner '><span class=\"hr-inner-style\"><\/span><\/span><\/div><br \/>\n<section  class='av_textblock_section av-js5tay2s-df2a5f1ea0d8328874e586c52c511781 '  ><div class='avia_textblock' ><div class=\"csc-header csc-header-n1\">\n<h2><strong>Louer une voiture sur la C\u00f4te d&rsquo;Azur<\/strong><\/h2>\n<p>Louer une voiture avec \u00e0 Car4rent &#8211; Avez-vous d\u00e9j\u00e0 imagin\u00e9 voyager sur la c\u00e9l\u00e8bre <strong><span style=\"color: #0000ff\"><a style=\"color: #0000ff\" href=\"https:\/\/generationvoyage.fr\/visiter-cote-azur-faire-voir\/\" target=\"_blank\" rel=\"noopener\">C\u00f4te d&rsquo;Azur<\/a> <\/span><\/strong>au volant d&rsquo;une voiture de sport ? Arrivez au <a href=\"https:\/\/www.montecarlosbm.com\/fr\/casino-monaco\/casino-monte-carlo\/salon-jeux\" target=\"_blank\" rel=\"noopener\">Casino de Monte-Carlo<\/a>, et paradez avec une Ferrari ou Lamborghini, ou plus simplement avec une Mercedes Cabriolet. Confiez vos cl\u00e9s au voiturier et partez vous griser dans les salles de jeu.<\/p>\n<p>Vous pouvez aussi vous promener le long de la c\u00f4te pittoresque dans l&rsquo;une de nos d\u00e9capotables. Les sc\u00e9narios sont vraiment infinis. Tout ce que vous pouvez imaginer avec la voiture de vos r\u00eaves, Car4rent peut vous aider \u00e0 l&rsquo;organiser.<\/p>\n<p>Nous offrons les plus belles de voitures de luxe sur C\u00f4te d&rsquo;Azur, y compris Ferrari, Lamborghini, Porsche, Land Rover, Mercedes AMG, Bentley, Rolls-Royce, et autres <a class=\"wpil_keyword_link\" href=\"https:\/\/car4rent.fr\/fr\/categorie-produit\/marques-de-voitures\/audi\/\" title=\"Locations de voitures de luxe Audi\" data-wpil-keyword-link=\"linked\" data-wpil-monitor-id=\"122635\">Audi<\/a> et BMW et bien d&rsquo;autres encore, mais aussi des voitures qui rentrent dans le cadre d&rsquo;une utilisation quotidienne, le cas \u00e9ch\u00e9ant.<\/p>\n<p>Nous vous offrons \u00e9galement un service client\u00e8le de premier ordre, et mettons \u00e0 votre disposition une \u00e9quipe d\u00e9vou\u00e9e qui sera attentive \u00e0 vos demandes.<\/p>\n<p><img loading=\"lazy\" decoding=\"async\" class=\"alignnone size-full wp-image-36807\" src=\"https:\/\/car4rent.fr\/wp-content\/uploads\/White-collection-Car4rent-Cannes-1-2-scaled.jpg\" alt=\"Louer une voiture, Louer une voiture de prestige\" width=\"2560\" height=\"708\" title=\"Car4Rent Cannes\" srcset=\"https:\/\/car4rent.fr\/wp-content\/uploads\/White-collection-Car4rent-Cannes-1-2-scaled.jpg 2560w, https:\/\/car4rent.fr\/wp-content\/uploads\/White-collection-Car4rent-Cannes-1-2-300x83.jpg 300w, https:\/\/car4rent.fr\/wp-content\/uploads\/White-collection-Car4rent-Cannes-1-2-1030x285.jpg 1030w, https:\/\/car4rent.fr\/wp-content\/uploads\/White-collection-Car4rent-Cannes-1-2-768x212.jpg 768w, https:\/\/car4rent.fr\/wp-content\/uploads\/White-collection-Car4rent-Cannes-1-2-1536x425.jpg 1536w, https:\/\/car4rent.fr\/wp-content\/uploads\/White-collection-Car4rent-Cannes-1-2-2048x567.jpg 2048w, https:\/\/car4rent.fr\/wp-content\/uploads\/White-collection-Car4rent-Cannes-1-2-1500x415.jpg 1500w, https:\/\/car4rent.fr\/wp-content\/uploads\/White-collection-Car4rent-Cannes-1-2-705x195.jpg 705w, https:\/\/car4rent.fr\/wp-content\/uploads\/White-collection-Car4rent-Cannes-1-2-450x125.jpg 450w\" sizes=\"auto, (max-width: 2560px) 100vw, 2560px\" \/><\/p>\n<h2><strong>Louer une voiture sur la C\u00f4te d&rsquo;Azur<\/strong><\/h2>\n<p>Profitez au maximum de votre escapade sur la C\u00f4te d&rsquo;Azur et offrez-vous ce qui se fait de mieux en mati\u00e8re de classe, de confort et de performances techniques. Car4rent offre \u00e0 ses clients la possibilit\u00e9 de louer une vari\u00e9t\u00e9 de v\u00e9hicules de sport et de luxe qui vont du haut de gamme, au prestige des voitures de sport rapides, et des SUV premium abordables, con\u00e7us dans un souci de confort et de s\u00e9curit\u00e9.<\/p>\n<p>Que vous voyagiez pour affaires ou que vous preniez des vacances en famille, vous pouvez louer une voiture chez Car4rent au meilleur prix. Si l\u2019on s\u2019amuse \u00e0 \u00e9num\u00e9rer la quantit\u00e9 de lieux exceptionnels et de sites que prot\u00e8ge la C\u00f4te d\u2019Azur, il n\u2019y aura certainement pas assez d\u2019une vie pour les visiter. Entre tradition et nature, l\u2019\u00e9merveillement est partout, de quoi pouvoir en profiter tout au long de l\u2019ann\u00e9e. Si vous h\u00e9sitiez encore pour savoir o\u00f9 passer vos prochaines vacances, vous venez de trouver la meilleure destination \u00e0 d\u00e9couvrir!<\/p>\n<p>Vous pr\u00e9voyez un s\u00e9jour prolong\u00e9 et souhaitez agr\u00e9menter votre voyage avec un v\u00e9hicule exotique, agr\u00e9able \u00e0 conduire, vous pourrez le louer chez Car4rent, une agence \u00e0 laquelle vous pouvez faire confiance.<\/p>\n<p><img loading=\"lazy\" decoding=\"async\" class=\"alignnone size-full wp-image-36823\" src=\"https:\/\/car4rent.fr\/wp-content\/uploads\/P1001068-scaled-1.jpg\" alt=\"louer une voiture, Location de voiture de luxe \u00e0 Saint-Rapha\u00ebl, location de voiture de prestige \u00e0 Monaco, Location de voiture de luxe, Location d&#039;une voiture de sport, Louer voiture de luxe\" width=\"2560\" height=\"1399\" title=\"Car4Rent Cannes\" srcset=\"https:\/\/car4rent.fr\/wp-content\/uploads\/P1001068-scaled-1.jpg 2560w, https:\/\/car4rent.fr\/wp-content\/uploads\/P1001068-scaled-1-300x164.jpg 300w, https:\/\/car4rent.fr\/wp-content\/uploads\/P1001068-scaled-1-1030x563.jpg 1030w, https:\/\/car4rent.fr\/wp-content\/uploads\/P1001068-scaled-1-768x420.jpg 768w, https:\/\/car4rent.fr\/wp-content\/uploads\/P1001068-scaled-1-1536x839.jpg 1536w, https:\/\/car4rent.fr\/wp-content\/uploads\/P1001068-scaled-1-2048x1119.jpg 2048w, https:\/\/car4rent.fr\/wp-content\/uploads\/P1001068-scaled-1-1500x820.jpg 1500w, https:\/\/car4rent.fr\/wp-content\/uploads\/P1001068-scaled-1-705x385.jpg 705w, https:\/\/car4rent.fr\/wp-content\/uploads\/P1001068-scaled-1-450x246.jpg 450w\" sizes=\"auto, (max-width: 2560px) 100vw, 2560px\" \/><\/p>\n<h2>Un service \u00e0 la client\u00e8le de premier ordre<\/h2>\n<p>Avec Car4rent, vous avez le choix ! Nos clients ont la possibilit\u00e9 de r\u00e9server la marque et le mod\u00e8le de leur r\u00eave. Nous pouvons garantir que la voiture que vous r\u00e9servez est celle que vous conduirez. Si vous avez une demande particuli\u00e8re, appelez-nous au +33(0)788 278 586 et un membre de notre \u00e9quipe se fera un plaisir de vous aider.<\/p>\n<h4>Comment louer une voiture?<\/h4>\n<p>Commencez par choisir le v\u00e9hicule dont vous \u00eates \u00e0 la recherche. Que ce soit pour un d\u00e9placement en famille ou entre amis, pour un d\u00e9placement professionnel, un week-end en amoureux, Car4rent vous fournira la voiture de vos r\u00eaves. Notre \u00e9quipe mettra tout en oeuvre pour vos communiquer toute information ou renseignement dont vous pourriez avoir besoin. Le respect de votre budget rentre bien entendu en consid\u00e9ration.<\/p>\n<p><span style=\"font-size: 14pt\">Un service sur mesure<\/span><\/p>\n<p>Une \u00e9quipe d\u00e9vou\u00e9e et attentive se tient \u00e0 votre disposition pour vous fournir toute information ou r\u00e9pondre \u00e0 vos demandes. Votre voiture peut \u00eatre livr\u00e9e sur demande directement \u00e0 votre arriv\u00e9e \u00e0 l&rsquo;a\u00e9roport de Nice, sur votre lieu de vill\u00e9giature, \u00e0 votre h\u00f4tel ou n&rsquo;importe o\u00f9 en France \u00e0 la destination de votre choix.<\/p>\n<p>N&rsquo;h\u00e9sitez pas \u00e0 prednre <a href=\"https:\/\/car4rent.fr\/fr\/contact\/\" target=\"_blank\" rel=\"noopener\">contact<\/a> avec nous<span style=\"color: #0000ff\"><strong>\u00a0<\/strong><\/span>pour louer une voiture.<\/p>\n<\/div>\n<\/div><\/section><\/p><\/div><\/div><\/div><\/div><!-- close content main div --><\/div><\/div><div id='av_section_2'  class='avia-section av-6mq6aoi-220d2331d8a8e09257ee23f14fd9c975 main_color avia-section-default avia-no-border-styling  avia-builder-el-5  el_after_av_one_full  el_before_av_section  avia-bg-style-scroll container_wrap fullsize'  ><div class='container av-section-cont-open' ><div class='template-page content  av-content-full alpha units'><div class='post-entry post-entry-type-page post-entry-30804'><div class='entry-content-wrapper clearfix'>\n\n<style type=\"text\/css\" data-created_by=\"avia_inline_auto\" id=\"style-css-av-5cgdl82-232a578509f1376fb6e732faea0e2d1a\">\n#top .hr.hr-invisible.av-5cgdl82-232a578509f1376fb6e732faea0e2d1a{\nheight:25px;\n}\n<\/style>\n<div  class='hr av-5cgdl82-232a578509f1376fb6e732faea0e2d1a hr-invisible  avia-builder-el-6  el_before_av_one_full  avia-builder-el-first '><span class='hr-inner '><span class=\"hr-inner-style\"><\/span><\/span><\/div>\n<div  class='flex_column av-av_one_full-db3c685d37a83d385059f6f31cd9c4a7 av_one_full  avia-builder-el-7  el_after_av_hr  el_before_av_textblock  first flex_column_div  '     ><section  class='av_textblock_section av-av_textblock-8eba2417de9ea263f0cb5a774f45768a '  ><div class='avia_textblock' ><p style=\"text-align: center\"><span style=\"font-size: 14pt\">Les voitures Car4Rent sont \u00e9galement disponibles \u00e0 Paris, Cannes, Monaco, Saint-Tropez et \u00e0 l\u2019a\u00e9roport de Nice.<\/span><\/p>\n<\/div><\/section><\/div><section  class='av_textblock_section av-lu0ay5ej-9fc26a5b3e96061d6888277c9d548419 '  ><div class='avia_textblock' ><p style=\"text-align: center\"><span style=\"font-size: 14pt\">Vous avez besoin de louer une voiture en France ?<\/span><\/p>\n<\/div><\/section>\n<section  class='av_textblock_section av-35qmucy-e7eea719684c2bd9feccf9548ffaf785 '  ><div class='avia_textblock' ><p style=\"text-align: center\">Une \u00e9quipe d\u00e9vou\u00e9e et attentive se tient \u00e0 votre disposition pour vous fournir toute information ou r\u00e9pondre \u00e0 vos demandes. Votre voiture peut \u00eatre livr\u00e9e sur demande directement \u00e0 votre arriv\u00e9e \u00e0 l&rsquo;a\u00e9roport de Nice, sur votre lieu de vill\u00e9giature, \u00e0 votre h\u00f4tel ou n&rsquo;importe o\u00f9 en France \u00e0 la destination de votre choix.<\/p>\n<\/div><\/section>\n<\/div><\/div><\/div><!-- close content main div --><\/div><\/div>\n<style type=\"text\/css\" data-created_by=\"avia_inline_auto\" id=\"style-css-av-27qlrrm-0da01d1b45d171244764f48420a7c9a1\">\n.avia-section.av-27qlrrm-0da01d1b45d171244764f48420a7c9a1{\nbackground-color:#6834bd;\nbackground-image:unset;\n}\n<\/style>\n<div id='av_section_3'  class='avia-section av-27qlrrm-0da01d1b45d171244764f48420a7c9a1 main_color avia-section-default avia-no-border-styling  avia-builder-el-11  el_after_av_section  el_before_av_section  avia-bg-style-scroll container_wrap fullsize'  ><div class='container av-section-cont-open' ><div class='template-page content  av-content-full alpha units'><div class='post-entry post-entry-type-page post-entry-30804'><div class='entry-content-wrapper clearfix'>\n\n<style type=\"text\/css\" data-created_by=\"avia_inline_auto\" id=\"style-css-av-1s5iv9u-c138bacc160e6882b76c25128d91b2c5\">\n#top .av-special-heading.av-1s5iv9u-c138bacc160e6882b76c25128d91b2c5{\npadding-bottom:10px;\ncolor:#ffffff;\nfont-size:30px;\n}\nbody .av-special-heading.av-1s5iv9u-c138bacc160e6882b76c25128d91b2c5 .av-special-heading-tag .heading-char{\nfont-size:25px;\n}\n#top #wrap_all .av-special-heading.av-1s5iv9u-c138bacc160e6882b76c25128d91b2c5 .av-special-heading-tag{\nfont-size:30px;\n}\n.av-special-heading.av-1s5iv9u-c138bacc160e6882b76c25128d91b2c5 .special-heading-inner-border{\nborder-color:#ffffff;\n}\n.av-special-heading.av-1s5iv9u-c138bacc160e6882b76c25128d91b2c5 .av-subheading{\nfont-size:15px;\n}\n\n@media only screen and (min-width: 480px) and (max-width: 767px){ \n#top #wrap_all .av-special-heading.av-1s5iv9u-c138bacc160e6882b76c25128d91b2c5 .av-special-heading-tag{\nfont-size:0.8em;\n}\n}\n\n@media only screen and (max-width: 479px){ \n#top #wrap_all .av-special-heading.av-1s5iv9u-c138bacc160e6882b76c25128d91b2c5 .av-special-heading-tag{\nfont-size:0.8em;\n}\n}\n<\/style>\n<div  class='av-special-heading av-1s5iv9u-c138bacc160e6882b76c25128d91b2c5 av-special-heading-h3 custom-color-heading blockquote modern-quote modern-centered  avia-builder-el-12  el_before_av_button  avia-builder-el-first  av-inherit-size'><h3 class='av-special-heading-tag '  >La plus grande collection de voitures de r\u00eave vous attend, gr\u00e2ce \u00e0 Car4rent.<\/h3><div class=\"special-heading-border\"><div class=\"special-heading-inner-border\"><\/div><\/div><\/div>\n<div  class='avia-button-wrap av-3lk7si-750c35f5c01c7fd897a03a24d1551193-wrap avia-button-center  avia-builder-el-13  el_after_av_heading  avia-builder-el-last '><a href=\"https:\/\/car4rent.fr\/fr\/contact\/\" class=\"avia-button av-3lk7si-750c35f5c01c7fd897a03a24d1551193 av-link-btn avia-icon_select-yes-right-icon avia-size-large avia-position-center av-icon-on-hover avia-color-grey\" aria-label=\"Contactez notre \u00e9quipe d\u00e9di\u00e9e\"><span class='avia_iconbox_title' >Contactez notre \u00e9quipe d\u00e9di\u00e9e<\/span><span class='avia_button_icon avia_button_icon_right avia-iconfont avia-font-entypo-fontello' data-av_icon='\ue881' data-av_iconfont='entypo-fontello' ><\/span><\/a><\/div>\n<\/div><\/div><\/div><!-- close content main div --><\/div><\/div><div id='av_section_4'  class='avia-section av-1blz141-d45a756b7b90a98415b79e6c7cd78877 main_color avia-section-default avia-no-border-styling  avia-builder-el-14  el_after_av_section  avia-builder-el-last  avia-bg-style-scroll container_wrap fullsize'  ><div class='container av-section-cont-open' ><div class='template-page content  av-content-full alpha units'><div class='post-entry post-entry-type-page post-entry-30804'><div class='entry-content-wrapper clearfix'>\n<div  class='avia-builder-widget-area clearfix  avia-builder-el-15  avia-builder-el-no-sibling '><div id=\"text-9\" class=\"widget clearfix widget_text\">\t\t\t<div class=\"textwidget\"><p style=\"text-align: center;\">    <div class=\"car4rent-share-block car4rent-fr\">\n        <a href=\"https:\/\/www.facebook.com\/sharer\/sharer.php?u=\" target=\"_blank\" rel=\"noopener\"><i class=\"fa-brands fa-facebook\"><\/i> Partager<\/a>\n        <a href=\"https:\/\/x.com\/intent\/tweet?url=&amp;text=\" target=\"_blank\" rel=\"noopener\"><i class=\"fa-brands fa-x-twitter\"><\/i> X<\/a>\n        <a href=\"https:\/\/wa.me\/?text=%20\" target=\"_blank\" rel=\"noopener\"><i class=\"fa-brands fa-whatsapp\"><\/i> WhatsApp<\/a>\n        <a href=\"https:\/\/www.instagram.com\/car4rent_cannes\/\" target=\"_blank\" rel=\"noopener\"><i class=\"fa-brands fa-instagram\"><\/i> Instagram<\/a>\n        <a href=\"https:\/\/www.linkedin.com\/company\/car4rent\/about\/\" target=\"_blank\" rel=\"noopener\"><i class=\"fa-brands fa-linkedin\"><\/i> LinkedIn<\/a>\n        <a href=\"https:\/\/www.youtube.com\/@car4rentcannes839\" target=\"_blank\" rel=\"noopener\"><i class=\"fa-brands fa-youtube\"><\/i> YouTube<\/a>\n    <\/div>\n    <\/p>\n<\/div>\n\t\t<\/div><\/div>\n<\/p>\n","protected":false},"excerpt":{"rendered":"","protected":false},"author":3,"featured_media":30027,"parent":0,"menu_order":735,"comment_status":"closed","ping_status":"closed","template":"","meta":{"_acf_changed":false,"footnotes":""},"class_list":["post-30804","page","type-page","status-publish","has-post-thumbnail","hentry"],"acf":[],"_links":{"self":[{"href":"https:\/\/car4rent.fr\/fr\/wp-json\/wp\/v2\/pages\/30804","targetHints":{"allow":["GET"]}}],"collection":[{"href":"https:\/\/car4rent.fr\/fr\/wp-json\/wp\/v2\/pages"}],"about":[{"href":"https:\/\/car4rent.fr\/fr\/wp-json\/wp\/v2\/types\/page"}],"author":[{"embeddable":true,"href":"https:\/\/car4rent.fr\/fr\/wp-json\/wp\/v2\/users\/3"}],"replies":[{"embeddable":true,"href":"https:\/\/car4rent.fr\/fr\/wp-json\/wp\/v2\/comments?post=30804"}],"version-history":[{"count":0,"href":"https:\/\/car4rent.fr\/fr\/wp-json\/wp\/v2\/pages\/30804\/revisions"}],"wp:featuredmedia":[{"embeddable":true,"href":"https:\/\/car4rent.fr\/fr\/wp-json\/wp\/v2\/media\/30027"}],"wp:attachment":[{"href":"https:\/\/car4rent.fr\/fr\/wp-json\/wp\/v2\/media?parent=30804"}],"curies":[{"name":"wp","href":"https:\/\/api.w.org\/{rel}","templated":true}]}}