{"id":30781,"date":"2023-11-10T16:56:12","date_gmt":"2023-11-10T15:56:12","guid":{"rendered":"https:\/\/car4rent.fr\/louer-une-voiture-de-prestige\/"},"modified":"2024-05-22T09:22:34","modified_gmt":"2024-05-22T07:22:34","slug":"louer-une-voiture-de-prestige","status":"publish","type":"page","link":"https:\/\/car4rent.fr\/fr\/louer-une-voiture-de-prestige\/","title":{"rendered":"Louer une voiture de prestige"},"content":{"rendered":"\n<style type=\"text\/css\" data-created_by=\"avia_inline_auto\" id=\"style-css-av-11mmx23-1c8239d1d397379c0c36a3781527bc42\">\n.avia-section.av-11mmx23-1c8239d1d397379c0c36a3781527bc42{\nbackground-repeat:no-repeat;\nbackground-image:url(https:\/\/car4rent.fr\/wp-content\/uploads\/488-spyder3-site-1.jpg);\nbackground-position:50% 0%;\nbackground-attachment:scroll;\n}\n<\/style>\n<div id='header-section'  class='avia-section av-11mmx23-1c8239d1d397379c0c36a3781527bc42 main_color avia-section-huge avia-no-border-styling  avia-builder-el-0  el_before_av_one_full  avia-builder-el-first  avia-full-stretch avia-bg-style-scroll av-minimum-height av-minimum-height-custom av-height-custom  container_wrap fullsize'  data-section-bg-repeat='stretch' data-av_minimum_height_px='700'><div class='container av-section-cont-open' style='height:700px'><main  class='template-page content  av-content-full alpha units'><div class='post-entry post-entry-type-page post-entry-30781'><div class='entry-content-wrapper clearfix'>\n<div  class='flex_column av-1ufbgb-8dd9ba26400a558dbe027cb091c57ad1 av_one_full  avia-builder-el-1  avia-builder-el-no-sibling  first flex_column_div  '     ><style type=\"text\/css\" data-created_by=\"avia_inline_auto\" id=\"style-css-av-lg548447-bdea21aa3ff9d4a3e5df449e01738421\">\n#top .av-special-heading.av-lg548447-bdea21aa3ff9d4a3e5df449e01738421{\npadding-bottom:10px;\ncolor:#ffffff;\n}\nbody .av-special-heading.av-lg548447-bdea21aa3ff9d4a3e5df449e01738421 .av-special-heading-tag .heading-char{\nfont-size:25px;\n}\n.av-special-heading.av-lg548447-bdea21aa3ff9d4a3e5df449e01738421 .special-heading-inner-border{\nborder-color:#ffffff;\n}\n.av-special-heading.av-lg548447-bdea21aa3ff9d4a3e5df449e01738421 .av-subheading{\nfont-size:15px;\n}\n<\/style>\n<div  class='av-special-heading av-lg548447-bdea21aa3ff9d4a3e5df449e01738421 av-special-heading-h3 custom-color-heading  avia-builder-el-2  avia-builder-el-no-sibling '><h3 class='av-special-heading-tag '  >Louer une voiture de prestige<\/h3><div class=\"special-heading-border\"><div class=\"special-heading-inner-border\"><\/div><\/div><\/div><\/div><\/div><\/div><\/main><!-- close content main element --><\/div><\/div><div id='after_section_1'  class='main_color av_default_container_wrap container_wrap fullsize'  ><div class='container av-section-cont-open' ><div class='template-page content  av-content-full alpha units'><div class='post-entry post-entry-type-page post-entry-30781'><div class='entry-content-wrapper clearfix'>\n<style type=\"text\/css\" data-created_by=\"avia_inline_auto\" id=\"style-css-av-r54t8b-7699e88555a33d988a0fabc8a7fb886a\">\n.flex_column.av-r54t8b-7699e88555a33d988a0fabc8a7fb886a{\nborder-radius:0px 0px 0px 0px;\npadding:0px 0px 0px 0px;\n}\n<\/style>\n<div  class='flex_column av-r54t8b-7699e88555a33d988a0fabc8a7fb886a av_one_full  avia-builder-el-3  el_after_av_section  el_before_av_section  avia-builder-el-no-sibling  first flex_column_div av-zero-column-padding  '     ><p>\n<style type=\"text\/css\" data-created_by=\"avia_inline_auto\" id=\"style-css-av-pag9h7-86e15ddc86378dd5c36120a8c544ffd5\">\n#top .av-special-heading.av-pag9h7-86e15ddc86378dd5c36120a8c544ffd5{\npadding-bottom:10px;\n}\nbody .av-special-heading.av-pag9h7-86e15ddc86378dd5c36120a8c544ffd5 .av-special-heading-tag .heading-char{\nfont-size:25px;\n}\n.av-special-heading.av-pag9h7-86e15ddc86378dd5c36120a8c544ffd5 .av-subheading{\nfont-size:15px;\n}\n<\/style>\n<div  class='av-special-heading av-pag9h7-86e15ddc86378dd5c36120a8c544ffd5 av-special-heading-h2 blockquote modern-quote modern-centered  avia-builder-el-4  el_before_av_hr  avia-builder-el-first '><h2 class='av-special-heading-tag '  >Vous souhaitez louer une voiture de prestige &#8211; Car4rent propose une large gamme de voitures de luxe, de sport, de cabriolets et de SUV. <\/h2><div class=\"special-heading-border\"><div class=\"special-heading-inner-border\"><\/div><\/div><\/div><br \/>\n<div  class='hr av-av_hr-91d7ccd583a503147498e120fee2ff9b hr-default  avia-builder-el-5  el_after_av_heading  el_before_av_textblock '><span class='hr-inner '><span class=\"hr-inner-style\"><\/span><\/span><\/div><br \/>\n<section  class='av_textblock_section av-nejci3-54e12484814f43ba786ee0becb0fe856 '  ><div class='avia_textblock' ><h2>Louer une voiture de prestige &#8211; Offrez-vous une exp\u00e9rience de conduite inoubliable<\/h2>\n<p>Car4rent est le sp\u00e9cialiste de la location de voitures de luxe. Nous livrons toutes les localit\u00e9s de la <a href=\"https:\/\/generationvoyage.fr\/visiter-cote-azur-faire-voir\/\" target=\"_blank\" rel=\"noopener\">C\u00f4te d&rsquo;Azur<\/a>, entre Monaco et Saint-Tropez, mais aussi partout en France.<\/p>\n<p>Le son d&rsquo;une supercar GT vous s\u00e9duit-il ? Choisissez votre emplacement et notre \u00e9quipe passionn\u00e9e et exp\u00e9riment\u00e9e vous livre votre v\u00e9hicule de location \u00e0 votre meilleure convenance. Si vous vous rendez \u00e0 Monaco, faites-le avec l&rsquo;une de nos voitures exclusives. D\u00e9couvrez notre large gamme de voitures de luxe, <a href=\"https:\/\/car4rent.fr\/fr\/louer-une-ferrari\/\"><strong>Ferrari<\/strong><\/a>,\n            <a href=\"https:\/\/car4rent.fr\/fr\/louer-une-lamborghini\/\"><strong>Lamborghini<\/strong><\/a>,\n            <a href=\"https:\/\/car4rent.fr\/fr\/louer-une-porsche\/\"><strong>Porsche<\/strong><\/a>,\n            <a href=\"https:\/\/car4rent.fr\/fr\/louer-un-land-rover\/\"><strong>Land Rover<\/strong><\/a>,\n            <a href=\"https:\/\/car4rent.fr\/fr\/louer-une-mercedes\/\"><strong>Mercedes AMG<\/strong><\/a>,\n            <a href=\"https:\/\/car4rent.fr\/fr\/louer-une-bentley\/\"><strong>Bentley<\/strong><\/a>,\n            <a href=\"https:\/\/car4rent.fr\/fr\/louer-une-rolls-royce\/\"><strong>Rolls-Royce<\/strong><\/a>, et\n            <a href=\"https:\/\/car4rent.fr\/fr\/louer-une-audi\/\"><strong>Audi<\/strong><\/a>.Ferrari, Lamborghini, Porsche, Land Rover, Mercedes AMG, Bentley, Rolls-Royce et autres <a class=\"wpil_keyword_link\" href=\"https:\/\/car4rent.fr\/fr\/categorie-produit\/marques-de-voitures\/audi\/\" title=\"Locations de voitures de luxe Audi\" data-wpil-keyword-link=\"linked\" data-wpil-monitor-id=\"122673\">Audi<\/a> et BMW.<\/p>\n<p><img loading=\"lazy\" decoding=\"async\" class=\"alignnone size-full wp-image-36807\" src=\"https:\/\/car4rent.fr\/wp-content\/uploads\/White-collection-Car4rent-Cannes-1-2-scaled.jpg\" alt=\"Louer une voiture de prestige \" width=\"2560\" height=\"708\" title=\"Car4Rent Cannes\" srcset=\"https:\/\/car4rent.fr\/wp-content\/uploads\/White-collection-Car4rent-Cannes-1-2-scaled.jpg 2560w, https:\/\/car4rent.fr\/wp-content\/uploads\/White-collection-Car4rent-Cannes-1-2-300x83.jpg 300w, https:\/\/car4rent.fr\/wp-content\/uploads\/White-collection-Car4rent-Cannes-1-2-1030x285.jpg 1030w, https:\/\/car4rent.fr\/wp-content\/uploads\/White-collection-Car4rent-Cannes-1-2-768x212.jpg 768w, https:\/\/car4rent.fr\/wp-content\/uploads\/White-collection-Car4rent-Cannes-1-2-1536x425.jpg 1536w, https:\/\/car4rent.fr\/wp-content\/uploads\/White-collection-Car4rent-Cannes-1-2-2048x567.jpg 2048w, https:\/\/car4rent.fr\/wp-content\/uploads\/White-collection-Car4rent-Cannes-1-2-1500x415.jpg 1500w, https:\/\/car4rent.fr\/wp-content\/uploads\/White-collection-Car4rent-Cannes-1-2-705x195.jpg 705w, https:\/\/car4rent.fr\/wp-content\/uploads\/White-collection-Car4rent-Cannes-1-2-450x125.jpg 450w\" sizes=\"auto, (max-width: 2560px) 100vw, 2560px\" \/><\/p>\n<h2>Louer une voiture de prestige<\/h2>\n<p>D\u00e9couvrez la Principaut\u00e9 de Monaco, une ville-\u00c9tat, et prenez le temps d&rsquo;en profiter. Chanel, Louis Vuitton, Herm\u00e8s&#8230; les plus belles boutiques \u00e0 port\u00e9e de main. D\u00e9couvrez le Port Hercule o\u00f9 ont \u00e9t\u00e9 rep\u00e9r\u00e9s les superyachts les plus impressionnants de la C\u00f4te d&rsquo;Azur. N&rsquo;oubliez jamais que Monaco est un terrain de jeu pour milliardaires. Ou assistez au Grand Prix de F1 de Monaco et suivez les traces des pilotes au volant d&rsquo;une supercar.<\/p>\n<p>Visitez le salon du bateau o\u00f9 sont pr\u00e9sent\u00e9s les plus yachts. Il reste \u00e0 ce jour le principal \u00e9v\u00e9nement de l&rsquo;industrie navale mondiale. Les navires les plus luxueux accostent pour votre plaisir. Allez au c\u00e9l\u00e8bre casino de Monte-Carlo ou prenez un verre au Caf\u00e9 de Paris. Vous appr\u00e9cierez cette petite ville luxueuse et glamour, situ\u00e9e entre la France et l&rsquo;Italie, \u00e0 environ 40 minutes de l&rsquo;<a href=\"https:\/\/nice.aeroport.fr\/\" target=\"_blank\" rel=\"noopener\">a\u00e9roport de Nice<\/a>, o\u00f9 l&rsquo;on parle couramment anglais.<\/p>\n<h5>Location de voiture luxe<\/h5>\n<p>Car4rent est l&rsquo;un des principaux fournisseurs de location de voitures de prestige, de voitures de luxe et de supercars sur la C\u00f4te d&rsquo;Azur. Notre service ne s&rsquo;arr\u00eate pas \u00e0 la livraison du v\u00e9hicule. Demandez-nous de cr\u00e9er votre itin\u00e9raire touristique avec des vues \u00e9poustouflantes \u00e0 couper le souffle. Chez Car4rent, louez votre voiture de luxe autant de temps que n\u00e9cessaire, pour un jour, pour une semaine ou pour plus longtemps. C\u2019est vous qui d\u00e9cidez. Pour des p\u00e9riodes de longue dur\u00e9e, vous b\u00e9n\u00e9ficierez toujours de prix plus avantageux.<\/p>\n<p>Nous vous offrons un vrai service et \u00e0 la demande votre v\u00e9hicule peut vous \u00eatre livr\u00e9 directement devant chez vous la voiture dont vous avez toujours r\u00eav\u00e9. Vous repartirez au volant d&rsquo;un v\u00e9hicule vous convenant le mieux, puissant, au design haut de gamme et \u00e0 la renomm\u00e9e qui vous permettra de toujours faire impression o\u00f9 que vous alliez.<\/p>\n<p>Que vous soyez amateur de sportives, de cabriolets, ou de SUV, vous trouverez une offre reprennat un large choix d\u2019automobiles de prestige. Les plus grandes marques y sont pr\u00e9sentes. Tous les v\u00e9hicules que nous louons sont en parfait \u00e9tat et font l\u2019objet d&rsquo;un contr\u00f4le minutieux avant la livraison. Nous apportons \u00e9galementun soin particulier \u00e0 la propret\u00e9, tant au niveau de la carrosserie qu\u2019\u00e0 celui de l\u2019int\u00e9rieur. En choississant la location de voiture de prestige avec Car4rent, vous avez l\u2019assurance de conduire un v\u00e9hicule haut de gamme \u00e0 la fois puissant et \u00e9l\u00e9gantvous offrant un maximum de s\u00e9curit\u00e9.<\/p>\n<p>Vous souhaitez louer une voiture de luxe, veuillez <strong><a href=\"https:\/\/car4rent.fr\/fr\/contact\/\" target=\"_blank\" rel=\"noopener\">contacter<\/a><\/strong> l&rsquo;un de nos collaborateurs pour un devis gratuit ou pour toute autre information que vous souhaiteriez obtenir.<\/p>\n<\/div><\/section><\/p><\/div><\/p>\n<\/div><\/div><\/div><!-- close content main div --><\/div><\/div><div id='av_section_2'  class='avia-section av-mz3si3-49728543061e0d8271fcc9686df30f52 main_color avia-section-default avia-no-border-styling  avia-builder-el-7  el_after_av_one_full  el_before_av_section  avia-bg-style-scroll container_wrap fullsize'  ><div class='container av-section-cont-open' ><div class='template-page content  av-content-full alpha units'><div class='post-entry post-entry-type-page post-entry-30781'><div class='entry-content-wrapper clearfix'>\n\n<style type=\"text\/css\" data-created_by=\"avia_inline_auto\" id=\"style-css-av-kkx2yz-e41485332c5918630c502761cd4b9dd9\">\n.flex_column.av-kkx2yz-e41485332c5918630c502761cd4b9dd9{\nborder-radius:0px 0px 0px 0px;\npadding:0px 0px 0px 0px;\nbackground-color:#000000;\n}\n<\/style>\n<div  class='flex_column av-kkx2yz-e41485332c5918630c502761cd4b9dd9 av_one_full  avia-builder-el-8  el_before_av_hr  avia-builder-el-first  first flex_column_div av-zero-column-padding  '     ><style type=\"text\/css\" data-created_by=\"avia_inline_auto\" id=\"style-css-av-iugxbv-250c5df451c84b545921c09691a80cc2\">\n#top .av-special-heading.av-iugxbv-250c5df451c84b545921c09691a80cc2{\npadding-bottom:10px;\ncolor:#ffffff;\n}\nbody .av-special-heading.av-iugxbv-250c5df451c84b545921c09691a80cc2 .av-special-heading-tag .heading-char{\nfont-size:25px;\n}\n.av-special-heading.av-iugxbv-250c5df451c84b545921c09691a80cc2 .special-heading-inner-border{\nborder-color:#ffffff;\n}\n.av-special-heading.av-iugxbv-250c5df451c84b545921c09691a80cc2 .av-subheading{\nfont-size:15px;\n}\n<\/style>\n<div  class='av-special-heading av-iugxbv-250c5df451c84b545921c09691a80cc2 av-special-heading-h3 custom-color-heading blockquote modern-quote modern-centered  avia-builder-el-9  avia-builder-el-no-sibling '><h3 class='av-special-heading-tag '  >Les voitures Car4Rent sont \u00e9galement disponibles \u00e0 Cannes, Saint-Tropez et \u00e0 l\u2019a\u00e9roport de Nice.<\/h3><div class=\"special-heading-border\"><div class=\"special-heading-inner-border\"><\/div><\/div><\/div><\/div>\n<style type=\"text\/css\" data-created_by=\"avia_inline_auto\" id=\"style-css-av-h3mmff-326e97f587abcad7d4a4f2a2a981a6cf\">\n#top .hr.hr-invisible.av-h3mmff-326e97f587abcad7d4a4f2a2a981a6cf{\nheight:25px;\n}\n<\/style>\n<div  class='hr av-h3mmff-326e97f587abcad7d4a4f2a2a981a6cf hr-invisible  avia-builder-el-10  el_after_av_one_full  el_before_av_hr '><span class='hr-inner '><span class=\"hr-inner-style\"><\/span><\/span><\/div>\n\n<style type=\"text\/css\" data-created_by=\"avia_inline_auto\" id=\"style-css-av-ccw5a3-9501bb2c05d4975ea07040ff3825a4e7\">\n#top .hr.hr-invisible.av-ccw5a3-9501bb2c05d4975ea07040ff3825a4e7{\nheight:25px;\n}\n<\/style>\n<div  class='hr av-ccw5a3-9501bb2c05d4975ea07040ff3825a4e7 hr-invisible  avia-builder-el-11  el_after_av_hr  el_before_av_heading '><span class='hr-inner '><span class=\"hr-inner-style\"><\/span><\/span><\/div>\n\n<style type=\"text\/css\" data-created_by=\"avia_inline_auto\" id=\"style-css-av-aw9fej-4bd8573b95feb68e2503e836a64e6207\">\n#top .av-special-heading.av-aw9fej-4bd8573b95feb68e2503e836a64e6207{\npadding-bottom:10px;\n}\nbody .av-special-heading.av-aw9fej-4bd8573b95feb68e2503e836a64e6207 .av-special-heading-tag .heading-char{\nfont-size:25px;\n}\n.av-special-heading.av-aw9fej-4bd8573b95feb68e2503e836a64e6207 .av-subheading{\nfont-size:15px;\n}\n<\/style>\n<div  class='av-special-heading av-aw9fej-4bd8573b95feb68e2503e836a64e6207 av-special-heading-h3 blockquote modern-quote modern-centered  avia-builder-el-12  el_after_av_hr  el_before_av_textblock '><h3 class='av-special-heading-tag '  >Vous avez besoin de louer une voiture de prestige ?<\/h3><div class=\"special-heading-border\"><div class=\"special-heading-inner-border\"><\/div><\/div><\/div>\n<section  class='av_textblock_section av-9tk92z-30c8f0fac5fcaf821f301a1bd44897c4 '  ><div class='avia_textblock' ><p style=\"text-align: center\">Car4rent est parmi les loueurs de voitures des mieux r\u00e9f\u00e9renc\u00e9s \u00e0 Monaco. Notre \u00e9quipe vous conseille pour faire le meilleur choix. Uniquement des voitures de sport et de luxe, des cabriolets, des SUV pour votre enti\u00e8re satisfaction. Faites l&rsquo;exp\u00e9rience des plus hauts niveaux de service et de confort.<\/p>\n<\/div><\/section>\n\n<\/div><\/div><\/div><!-- close content main div --><\/div><\/div>\n<style type=\"text\/css\" data-created_by=\"avia_inline_auto\" id=\"style-css-av-6xojgb-db81aef8bef415f7e8d1b5d5376c4e96\">\n.avia-section.av-6xojgb-db81aef8bef415f7e8d1b5d5376c4e96{\nbackground-color:#6834bd;\nbackground-image:unset;\n}\n<\/style>\n<div id='av_section_3'  class='avia-section av-6xojgb-db81aef8bef415f7e8d1b5d5376c4e96 main_color avia-section-default avia-no-border-styling  avia-builder-el-14  el_after_av_section  el_before_av_section  avia-bg-style-scroll container_wrap fullsize'  ><div class='container av-section-cont-open' ><div class='template-page content  av-content-full alpha units'><div class='post-entry post-entry-type-page post-entry-30781'><div class='entry-content-wrapper clearfix'>\n\n<style type=\"text\/css\" data-created_by=\"avia_inline_auto\" id=\"style-css-av-6di5rf-d3e00549519319c4f789d33a82c7d867\">\n#top .av-special-heading.av-6di5rf-d3e00549519319c4f789d33a82c7d867{\npadding-bottom:10px;\ncolor:#ffffff;\nfont-size:30px;\n}\nbody .av-special-heading.av-6di5rf-d3e00549519319c4f789d33a82c7d867 .av-special-heading-tag .heading-char{\nfont-size:25px;\n}\n#top #wrap_all .av-special-heading.av-6di5rf-d3e00549519319c4f789d33a82c7d867 .av-special-heading-tag{\nfont-size:30px;\n}\n.av-special-heading.av-6di5rf-d3e00549519319c4f789d33a82c7d867 .special-heading-inner-border{\nborder-color:#ffffff;\n}\n.av-special-heading.av-6di5rf-d3e00549519319c4f789d33a82c7d867 .av-subheading{\nfont-size:15px;\n}\n\n@media only screen and (min-width: 480px) and (max-width: 767px){ \n#top #wrap_all .av-special-heading.av-6di5rf-d3e00549519319c4f789d33a82c7d867 .av-special-heading-tag{\nfont-size:0.8em;\n}\n}\n\n@media only screen and (max-width: 479px){ \n#top #wrap_all .av-special-heading.av-6di5rf-d3e00549519319c4f789d33a82c7d867 .av-special-heading-tag{\nfont-size:0.8em;\n}\n}\n<\/style>\n<div  class='av-special-heading av-6di5rf-d3e00549519319c4f789d33a82c7d867 av-special-heading-h2 custom-color-heading blockquote modern-quote modern-centered  avia-builder-el-15  el_before_av_button  avia-builder-el-first  av-inherit-size'><h2 class='av-special-heading-tag '  >La plus grande collection de voitures de r\u00eave vous attend, gr\u00e2ce \u00e0 Car4rent.<\/h2><div class=\"special-heading-border\"><div class=\"special-heading-inner-border\"><\/div><\/div><\/div>\n<div  class='avia-button-wrap av-4bn4gb-073dd60811cd1b799f46aa7aef215d77-wrap avia-button-center  avia-builder-el-16  el_after_av_heading  avia-builder-el-last '><a href=\"https:\/\/car4rent.fr\/fr\/contact\/\" class=\"avia-button av-4bn4gb-073dd60811cd1b799f46aa7aef215d77 av-link-btn avia-icon_select-yes-right-icon avia-size-large avia-position-center av-icon-on-hover avia-color-grey\" aria-label=\"Contactez notre \u00e9quipe d\u00e9di\u00e9e\"><span class='avia_iconbox_title' >Contactez notre \u00e9quipe d\u00e9di\u00e9e<\/span><span class='avia_button_icon avia_button_icon_right avia-iconfont avia-font-entypo-fontello' data-av_icon='\ue881' data-av_iconfont='entypo-fontello' ><\/span><\/a><\/div>\n\n<\/div><\/div><\/div><!-- close content main div --><\/div><\/div><div id='av_section_4'  class='avia-section av-3v74q3-764e5da7b82e06f8ec8c318754aa698e main_color avia-section-default avia-no-border-styling  avia-builder-el-17  el_after_av_section  avia-builder-el-last  avia-bg-style-scroll container_wrap fullsize'  ><div class='container av-section-cont-open' ><div class='template-page content  av-content-full alpha units'><div class='post-entry post-entry-type-page post-entry-30781'><div class='entry-content-wrapper clearfix'>\n<div  class='avia-builder-widget-area clearfix  avia-builder-el-18  avia-builder-el-no-sibling '><div id=\"text-9\" class=\"widget clearfix widget_text\">\t\t\t<div class=\"textwidget\"><p style=\"text-align: center;\">    <div class=\"car4rent-share-block car4rent-fr\">\n        <a href=\"https:\/\/www.facebook.com\/sharer\/sharer.php?u=\" target=\"_blank\" rel=\"noopener\"><i class=\"fa-brands fa-facebook\"><\/i> Partager<\/a>\n        <a href=\"https:\/\/x.com\/intent\/tweet?url=&amp;text=\" target=\"_blank\" rel=\"noopener\"><i class=\"fa-brands fa-x-twitter\"><\/i> X<\/a>\n        <a href=\"https:\/\/wa.me\/?text=%20\" target=\"_blank\" rel=\"noopener\"><i class=\"fa-brands fa-whatsapp\"><\/i> WhatsApp<\/a>\n        <a href=\"https:\/\/www.instagram.com\/car4rent_cannes\/\" target=\"_blank\" rel=\"noopener\"><i class=\"fa-brands fa-instagram\"><\/i> Instagram<\/a>\n        <a href=\"https:\/\/www.linkedin.com\/company\/car4rent\/about\/\" target=\"_blank\" rel=\"noopener\"><i class=\"fa-brands fa-linkedin\"><\/i> LinkedIn<\/a>\n        <a href=\"https:\/\/www.youtube.com\/@car4rentcannes839\" target=\"_blank\" rel=\"noopener\"><i class=\"fa-brands fa-youtube\"><\/i> YouTube<\/a>\n    <\/div>\n    <\/p>\n<\/div>\n\t\t<\/div><\/div>\n\n","protected":false},"excerpt":{"rendered":"","protected":false},"author":3,"featured_media":30032,"parent":0,"menu_order":715,"comment_status":"closed","ping_status":"closed","template":"","meta":{"_acf_changed":false,"footnotes":""},"class_list":["post-30781","page","type-page","status-publish","has-post-thumbnail","hentry"],"acf":[],"_links":{"self":[{"href":"https:\/\/car4rent.fr\/fr\/wp-json\/wp\/v2\/pages\/30781","targetHints":{"allow":["GET"]}}],"collection":[{"href":"https:\/\/car4rent.fr\/fr\/wp-json\/wp\/v2\/pages"}],"about":[{"href":"https:\/\/car4rent.fr\/fr\/wp-json\/wp\/v2\/types\/page"}],"author":[{"embeddable":true,"href":"https:\/\/car4rent.fr\/fr\/wp-json\/wp\/v2\/users\/3"}],"replies":[{"embeddable":true,"href":"https:\/\/car4rent.fr\/fr\/wp-json\/wp\/v2\/comments?post=30781"}],"version-history":[{"count":0,"href":"https:\/\/car4rent.fr\/fr\/wp-json\/wp\/v2\/pages\/30781\/revisions"}],"wp:featuredmedia":[{"embeddable":true,"href":"https:\/\/car4rent.fr\/fr\/wp-json\/wp\/v2\/media\/30032"}],"wp:attachment":[{"href":"https:\/\/car4rent.fr\/fr\/wp-json\/wp\/v2\/media?parent=30781"}],"curies":[{"name":"wp","href":"https:\/\/api.w.org\/{rel}","templated":true}]}}