{"id":30775,"date":"2023-11-10T16:56:12","date_gmt":"2023-11-10T15:56:12","guid":{"rendered":"https:\/\/car4rent.fr\/louer-une-porsche-911\/"},"modified":"2026-03-16T18:26:04","modified_gmt":"2026-03-16T17:26:04","slug":"porsche-de-location","status":"publish","type":"page","link":"https:\/\/car4rent.fr\/fr\/porsche-de-location\/","title":{"rendered":"Porsche de location"},"content":{"rendered":"\n<style type=\"text\/css\" data-created_by=\"avia_inline_auto\" id=\"style-css-av-9f2fdml-f73f566ec2b4a6106c2c2d71dbc581c0\">\n.avia-section.av-9f2fdml-f73f566ec2b4a6106c2c2d71dbc581c0{\nbackground-color:#27202d;\nbackground-image:unset;\n}\n<\/style>\n<div id='av_section_1'  class='avia-section av-9f2fdml-f73f566ec2b4a6106c2c2d71dbc581c0 main_color avia-section-large avia-no-shadow  avia-builder-el-0  el_before_av_one_full  avia-builder-el-first  avia-bg-style-scroll av-minimum-height av-minimum-height-75 av-height-75  container_wrap fullsize'   data-av_minimum_height_pc='75' data-av_min_height_opt='75'><div class='container av-section-cont-open' ><main  class='template-page content  av-content-full alpha units'><div class='post-entry post-entry-type-page post-entry-30775'><div class='entry-content-wrapper clearfix'>\n\n<style type=\"text\/css\" data-created_by=\"avia_inline_auto\" id=\"style-css-av-wse7z1-312d1810f1046ae6d2f648a179886f95\">\n.flex_column.av-wse7z1-312d1810f1046ae6d2f648a179886f95{\nborder-radius:0px 0px 0px 0px;\npadding:15px 15px 15px 0px;\n}\n<\/style>\n<div  class='flex_column av-wse7z1-312d1810f1046ae6d2f648a179886f95 av_one_half  avia-builder-el-1  el_before_av_one_full  avia-builder-el-first  first flex_column_div  '     ><style type=\"text\/css\" data-created_by=\"avia_inline_auto\" id=\"style-css-av-ujjk0t-b3e9c7f67b8fc70d5b9addc910824c02\">\n#top .av-special-heading.av-ujjk0t-b3e9c7f67b8fc70d5b9addc910824c02{\npadding-bottom:10px;\ncolor:#ffffff;\nfont-size:30px;\n}\nbody .av-special-heading.av-ujjk0t-b3e9c7f67b8fc70d5b9addc910824c02 .av-special-heading-tag .heading-char{\nfont-size:25px;\n}\n#top #wrap_all .av-special-heading.av-ujjk0t-b3e9c7f67b8fc70d5b9addc910824c02 .av-special-heading-tag{\nfont-size:30px;\n}\n.av-special-heading.av-ujjk0t-b3e9c7f67b8fc70d5b9addc910824c02 .special-heading-inner-border{\nborder-color:#ffffff;\n}\n.av-special-heading.av-ujjk0t-b3e9c7f67b8fc70d5b9addc910824c02 .av-subheading{\nfont-size:15px;\n}\n\n@media only screen and (min-width: 480px) and (max-width: 767px){ \n#top #wrap_all .av-special-heading.av-ujjk0t-b3e9c7f67b8fc70d5b9addc910824c02 .av-special-heading-tag{\nfont-size:0.8em;\n}\n}\n\n@media only screen and (max-width: 479px){ \n#top #wrap_all .av-special-heading.av-ujjk0t-b3e9c7f67b8fc70d5b9addc910824c02 .av-special-heading-tag{\nfont-size:0.8em;\n}\n}\n<\/style>\n<div  class='av-special-heading av-ujjk0t-b3e9c7f67b8fc70d5b9addc910824c02 av-special-heading-h4 custom-color-heading blockquote modern-quote  avia-builder-el-2  avia-builder-el-no-sibling  av-inherit-size'><h4 class='av-special-heading-tag '  >Porsche de location, pourquoi pas maintenant ?<\/h4><div class=\"special-heading-border\"><div class=\"special-heading-inner-border\"><\/div><\/div><\/div><\/div><div  class='flex_column av-av_one_full-048119fdb636ea3d70edc0b975509c6c av_one_full  avia-builder-el-3  el_after_av_one_half  el_before_av_two_third  first flex_column_div  column-top-margin'     ><style type=\"text\/css\" data-created_by=\"avia_inline_auto\" id=\"style-css-av-li26k3cr-09b6c683aee94b3aa24fca0eb56436b9\">\n#top .av-special-heading.av-li26k3cr-09b6c683aee94b3aa24fca0eb56436b9{\npadding-bottom:10px;\ncolor:#eaeaea;\n}\nbody .av-special-heading.av-li26k3cr-09b6c683aee94b3aa24fca0eb56436b9 .av-special-heading-tag .heading-char{\nfont-size:25px;\n}\n.av-special-heading.av-li26k3cr-09b6c683aee94b3aa24fca0eb56436b9 .special-heading-inner-border{\nborder-color:#eaeaea;\n}\n.av-special-heading.av-li26k3cr-09b6c683aee94b3aa24fca0eb56436b9 .av-subheading{\nfont-size:15px;\n}\n<\/style>\n<div  class='av-special-heading av-li26k3cr-09b6c683aee94b3aa24fca0eb56436b9 av-special-heading-h1 custom-color-heading  avia-builder-el-4  avia-builder-el-no-sibling '><h1 class='av-special-heading-tag '  >Acc\u00e9dez \u00e0 votre r\u00eave avec une Porsche de location<\/h1><div class=\"special-heading-border\"><div class=\"special-heading-inner-border\"><\/div><\/div><\/div><\/div>\n<style type=\"text\/css\" data-created_by=\"avia_inline_auto\" id=\"style-css-av-869hyot-d90bb080c5b64592523dae95130f32f9\">\n#top .flex_column.av-869hyot-d90bb080c5b64592523dae95130f32f9{\nmargin-top:0px;\nmargin-bottom:0px;\n}\n.flex_column.av-869hyot-d90bb080c5b64592523dae95130f32f9{\nborder-radius:0px 0px 0px 0px;\npadding:0px 0px 0px 0px;\n}\n.responsive #top #wrap_all .flex_column.av-869hyot-d90bb080c5b64592523dae95130f32f9{\nmargin-top:0px;\nmargin-bottom:0px;\n}\n<\/style>\n<div  class='flex_column av-869hyot-d90bb080c5b64592523dae95130f32f9 av_two_third  avia-builder-el-5  el_after_av_one_full  el_before_av_one_third  first flex_column_div av-zero-column-padding  column-top-margin'     ><style type=\"text\/css\" data-created_by=\"avia_inline_auto\" id=\"style-css-av-7i63jgd-14399c820dce45c2fae61df258778fb1\">\n.avia-image-container.av-7i63jgd-14399c820dce45c2fae61df258778fb1 img.avia_image{\nbox-shadow:none;\n}\n.avia-image-container.av-7i63jgd-14399c820dce45c2fae61df258778fb1 .av-image-caption-overlay-center{\ncolor:#ffffff;\nfont-size:14px;\n}\n<\/style>\n<div  class='avia-image-container av-7i63jgd-14399c820dce45c2fae61df258778fb1 av-styling- avia-align-center  avia-builder-el-6  avia-builder-el-no-sibling '  ><div class=\"avia-image-container-inner\"><div class=\"avia-image-overlay-wrap\"><img decoding=\"async\" fetchpriority=\"high\" class='wp-image-29444 avia-img-lazy-loading-not-29444 avia_image ' src=\"https:\/\/car4rent.fr\/wp-content\/uploads\/4s-cab-blanche-coucher-de-soleil-e1518786038310.jpg\" alt='White convertible Porsche 911 4S at sunset in Saint Tropez.' title='Car4rent Porsche 911 4s cab blanche coucher de soleil saint tropez'  height=\"411\" width=\"750\" srcset=\"https:\/\/car4rent.fr\/wp-content\/uploads\/4s-cab-blanche-coucher-de-soleil-e1518786038310.jpg 750w, https:\/\/car4rent.fr\/wp-content\/uploads\/4s-cab-blanche-coucher-de-soleil-e1518786038310-300x164.jpg 300w, https:\/\/car4rent.fr\/wp-content\/uploads\/4s-cab-blanche-coucher-de-soleil-e1518786038310-248x136.jpg 248w, https:\/\/car4rent.fr\/wp-content\/uploads\/4s-cab-blanche-coucher-de-soleil-e1518786038310-126x69.jpg 126w, https:\/\/car4rent.fr\/wp-content\/uploads\/4s-cab-blanche-coucher-de-soleil-e1518786038310-705x386.jpg 705w, https:\/\/car4rent.fr\/wp-content\/uploads\/4s-cab-blanche-coucher-de-soleil-e1518786038310-450x247.jpg 450w\" sizes=\"(max-width: 750px) 100vw, 750px\" \/><\/div><\/div><\/div><\/div>\n<style type=\"text\/css\" data-created_by=\"avia_inline_auto\" id=\"style-css-av-6pqgz31-ab9338a7eee7f4741e39c6d9fb3ac5ac\">\n#top .flex_column.av-6pqgz31-ab9338a7eee7f4741e39c6d9fb3ac5ac{\nmargin-top:0px;\nmargin-bottom:0px;\n}\n.flex_column.av-6pqgz31-ab9338a7eee7f4741e39c6d9fb3ac5ac{\nborder-radius:0px 0px 0px 0px;\npadding:20px 40px 20px 30px;\nbackground-color:#cecece;\n}\n.responsive #top #wrap_all .flex_column.av-6pqgz31-ab9338a7eee7f4741e39c6d9fb3ac5ac{\nmargin-top:0px;\nmargin-bottom:0px;\n}\n<\/style>\n<div  class='flex_column av-6pqgz31-ab9338a7eee7f4741e39c6d9fb3ac5ac av_one_third  avia-builder-el-7  el_after_av_two_third  avia-builder-el-last  flex_column_div  column-top-margin'     ><p>\n<style type=\"text\/css\" data-created_by=\"avia_inline_auto\" id=\"style-css-av-62jr8yl-d439dfd9b092ae73df16d8dd4b880a74\">\n#top .av_textblock_section.av-62jr8yl-d439dfd9b092ae73df16d8dd4b880a74 .avia_textblock{\nfont-size:13px;\n}\n<\/style>\n<section  class='av_textblock_section av-62jr8yl-d439dfd9b092ae73df16d8dd4b880a74 '  ><div class='avia_textblock' ><p><span style=\"font-size: 14pt\">TARIFS <\/span><\/p>\n<hr \/>\n<p>1-3 jours 900 \u20ac<\/p>\n<p><strong>4-7 jours <\/strong> 810 \u20ac<\/p>\n<p><strong>+8 jours <\/strong> 730 \u20ac<\/p>\n<p><strong>km suppl\u00e9mentaire<\/strong> 3.5 \u20ac<\/p>\n<p><strong>D\u00e9p\u00f4t<\/strong> 10.000 \u20ac<\/p>\n<p><strong>\u00c2ge minimum <\/strong>27 ans<\/p>\n<hr \/>\n<p>Prix par jour &#8211; 200km inclus<\/p>\n<\/div><\/section><br \/>\n<div  class='hr av-5m7rjx9-40adbd16b6b8f5bf3f8d853392674d42 hr-default  avia-builder-el-9  el_after_av_textblock  el_before_av_textblock '><span class='hr-inner '><span class=\"hr-inner-style\"><\/span><\/span><\/div><br \/>\n\n<style type=\"text\/css\" data-created_by=\"avia_inline_auto\" id=\"style-css-av-54i8lct-155a4b790500d4abbcacea8169b061e6\">\n#top .av_textblock_section.av-54i8lct-155a4b790500d4abbcacea8169b061e6 .avia_textblock{\nfont-size:13px;\n}\n<\/style>\n<section  class='av_textblock_section av-54i8lct-155a4b790500d4abbcacea8169b061e6 '  ><div class='avia_textblock' ><p><span style=\"font-size: 14pt\">SP\u00c9CIFICATIONS<\/span><\/p>\n<hr \/>\n<ul>\n<li><strong>Nombre de si\u00e8ges :<\/strong> 2+2<\/li>\n<li><strong>Espace bagages : 2 <\/strong><\/li>\n<li><strong>Moteur : <\/strong>3.0L Flat 6 &#8211; 450bhp \/ 7.400 rpm 4WD<\/li>\n<li><strong>Transmission :<\/strong> Auto<\/li>\n<li><strong>0-100 km\/h : <\/strong>3,9 sec.<\/li>\n<li><strong>Max. Vitesse : <\/strong>306 km\/h<\/li>\n<li><strong>Carburant : <\/strong>essence<\/li>\n<\/ul>\n<\/div><\/section><\/p><\/div>\n<\/div><\/div><\/main><!-- close content main element --><\/div><\/div><div id='after_section_1'  class='main_color av_default_container_wrap container_wrap fullsize'  ><div class='container av-section-cont-open' ><div class='template-page content  av-content-full alpha units'><div class='post-entry post-entry-type-page post-entry-30775'><div class='entry-content-wrapper clearfix'>\n\n<style type=\"text\/css\" data-created_by=\"avia_inline_auto\" id=\"style-css-av-4np3m3h-fc3f270570d213be7e87a6f19420977a\">\n#top .flex_column.av-4np3m3h-fc3f270570d213be7e87a6f19420977a{\nmargin-top:0px;\nmargin-bottom:0px;\n}\n.flex_column.av-4np3m3h-fc3f270570d213be7e87a6f19420977a{\nborder-radius:0px 0px 0px 0px;\npadding:0px 0px 0px 0px;\nbackground-color:#ffffff;\n}\n.responsive #top #wrap_all .flex_column.av-4np3m3h-fc3f270570d213be7e87a6f19420977a{\nmargin-top:0px;\nmargin-bottom:0px;\n}\n<\/style>\n<div  class='flex_column av-4np3m3h-fc3f270570d213be7e87a6f19420977a av_one_full  avia-builder-el-11  el_after_av_section  el_before_av_section  avia-builder-el-no-sibling  first flex_column_div av-zero-column-padding  '     ><section  class='av_textblock_section av-48tk7gd-3a5a654e9e190bc760cdd616c79263b6 '  ><div class='avia_textblock' ><h2><strong>Porsche de location, en profiter sans avoir \u00e0 la financer !<\/strong><\/h2>\n<p>Porsche de location, Porsche louer une ic\u00f4ne pour vivre l&rsquo;exp\u00e9rience de conduite d&rsquo;une voiture de sport mythique.<\/p>\n<p>Porsche de location: la 992 Carrera 4s Cabriolet en quelques mots &#8211; Louer une Porsche 911, le mod\u00e8le embl\u00e9matique de la marque, avec Car4rent. La meilleure voiture de sport polyvalente au monde. Le cabriolet 4s est essentiellement dot\u00e9 de toutes les options majeures d&rsquo;une Carrera : la transmission \u00e0 quatre roues motrices, la bo\u00eete de vitesses PDK \u00e0 palettes, le puissant moteur S et le toit rabattable. Quoi d&rsquo;autre ? Vous appr\u00e9cierez son calme par tous les temps, mais aussi la possibilit\u00e9 d&rsquo;abaisser le toit en 13 secondes.<\/p>\n<h3>Envie d&rsquo;une Porsche louer votre r\u00eave et d\u00e9couvrez Monaco<\/h3>\n<p>Venez conduire \u00e0 Monaco, sur la C\u00f4te d&rsquo;Azur, et d\u00e9couvrez les images et les sons \u00e9tonnants de cette voiture de sport embl\u00e9matique. Vous n&rsquo;oublierez jamais la sensation du moteur boxer \u00e0 aspiration naturelle et le son de l&rsquo;\u00e9chappement sport dans les tunnels du GP de F1 de Monaco.<\/p>\n<h2><strong>In\u00e9branlable<\/strong><\/h2>\n<p>La direction a le m\u00eame poids et la m\u00eame r\u00e9ponse que le reste de la gamme 911, tandis que le syst\u00e8me \u00e0 quatre roues motrices offre une traction tout simplement imperturbable, toujours aussi impressionnante dans la cat\u00e9gorie. Elle ne donne pas l&rsquo;impression d&rsquo;\u00eatre aussi rapide, mais elle reste tr\u00e8s rapide sur la route. Et sur le mouill\u00e9, vous laisseriez les autres voitures de sport dans l&#8217;embarras. En appuyant \u00e0 fond sur l&rsquo;acc\u00e9l\u00e9rateur, la voiture passe de 0 \u00e0 100 km\/h en seulement 4,1 secondes. L&rsquo;acc\u00e9l\u00e9ration fulgurante est en partie due au Pack Sport Chrono, qui ajoute un contr\u00f4le de lancement et des supports de moteur actifs.<\/p>\n<h4>Porsche prix de location dune 992<\/h4>\n<p>Le prix de location dune Porsche 992 Carrera S Cabriolet d\u00e9marre \u00e0 900\u20ac\/jour. Ce prix peut \u00eatre revu \u00e0 la baisse en fonction de la dur\u00e9e de location et de la saison. Besoin d&rsquo;une Porsche \u00e0 Paris, n&rsquo;h\u00e9sitez pas \u00e0 faire appel \u00e0 nous.<\/p>\n<p>Vous ne trouver pas la location de Porsche \u00e0 votre go\u00fbt. Nous vous proposons \u00e9galement une large gamme de v\u00e9hicules de sport et de luxe au meilleur prix, parmi vos marques pr\u00e9f\u00e9r\u00e9es comme Ferrari, Lamborghini, Porsche, Land Rover, Mercedes AMG, Bentley, Rolls-Royce, et autres <a class=\"wpil_keyword_link\" href=\"https:\/\/car4rent.fr\/fr\/categorie-produit\/marques-de-voitures\/audi\/\" title=\"Locations de voitures de luxe Audi\" data-wpil-keyword-link=\"linked\" data-wpil-monitor-id=\"122789\">Audi<\/a> et BMW.<\/p>\n<p>N&rsquo;h\u00e9sitez pas \u00e0 prendre <a href=\"https:\/\/car4rent.fr\/fr\/contact\/\" target=\"_blank\" rel=\"noopener\">contact<\/a> avec notre \u00e9quipe pour tout indormation compl\u00e9mentaire que vous souhaiteriez obtenir.<\/p>\n<\/div><\/section><br \/>\n<div  class='avia-button-wrap av-3x8z7h9-91f915d474d9c2c9e9a44ff93daf04ac-wrap avia-button-left  avia-builder-el-13  el_after_av_textblock  avia-builder-el-last '><a href='https:\/\/car4rent.fr\/fr\/contact\/'  class='avia-button av-3x8z7h9-91f915d474d9c2c9e9a44ff93daf04ac av-link-btn avia-icon_select-yes-left-icon avia-size-small avia-position-left avia-color-theme-color'   aria-label=\"Demande un devis gratuit !\"><span class='avia_button_icon avia_button_icon_left avia-iconfont avia-font-entypo-fontello' data-av_icon='\ue889' data-av_iconfont='entypo-fontello' ><\/span><span class='avia_iconbox_title' >Demande un devis gratuit !<\/span><\/a><\/div><\/p><\/div>\n<\/div><\/div><\/div><!-- close content main div --><\/div><\/div>\n<style type=\"text\/css\" data-created_by=\"avia_inline_auto\" id=\"style-css-av-2cd6sal-eb5d53537ab12a2010e6588eca140dc9\">\n.avia-section.av-2cd6sal-eb5d53537ab12a2010e6588eca140dc9{\nbackground-color:#27202d;\nbackground-image:unset;\n}\n<\/style>\n<div id='av_section_2'  class='avia-section av-2cd6sal-eb5d53537ab12a2010e6588eca140dc9 main_color avia-section-small avia-no-border-styling  avia-builder-el-14  el_after_av_one_full  avia-builder-el-last  avia-bg-style-scroll container_wrap fullsize'  ><div class='container av-section-cont-open' ><div class='template-page content  av-content-full alpha units'><div class='post-entry post-entry-type-page post-entry-30775'><div class='entry-content-wrapper clearfix'>\n\n<style type=\"text\/css\" data-created_by=\"avia_inline_auto\" id=\"style-css-av-2ae5rtp-3720a5bcee3184736b8035005aa45f26\">\n#top .av-special-heading.av-2ae5rtp-3720a5bcee3184736b8035005aa45f26{\npadding-bottom:10px;\ncolor:#ffffff;\n}\nbody .av-special-heading.av-2ae5rtp-3720a5bcee3184736b8035005aa45f26 .av-special-heading-tag .heading-char{\nfont-size:25px;\n}\n.av-special-heading.av-2ae5rtp-3720a5bcee3184736b8035005aa45f26 .special-heading-inner-border{\nborder-color:#ffffff;\n}\n.av-special-heading.av-2ae5rtp-3720a5bcee3184736b8035005aa45f26 .av-subheading{\nfont-size:15px;\n}\n<\/style>\n<div  class='av-special-heading av-2ae5rtp-3720a5bcee3184736b8035005aa45f26 av-special-heading-h4 custom-color-heading blockquote modern-quote modern-centered  avia-builder-el-15  avia-builder-el-no-sibling '><h4 class='av-special-heading-tag '  >D\u00e9couvrez nos voitures de r\u00eave: que des voitures de sport et de luxe, d\u00e9capotables et SUV \u00e0 louer<\/h4><div class=\"special-heading-border\"><div class=\"special-heading-inner-border\"><\/div><\/div><\/div>\n\n","protected":false},"excerpt":{"rendered":"","protected":false},"author":3,"featured_media":0,"parent":0,"menu_order":2005,"comment_status":"closed","ping_status":"closed","template":"","meta":{"_acf_changed":false,"footnotes":""},"class_list":["post-30775","page","type-page","status-publish","hentry"],"acf":[],"_links":{"self":[{"href":"https:\/\/car4rent.fr\/fr\/wp-json\/wp\/v2\/pages\/30775","targetHints":{"allow":["GET"]}}],"collection":[{"href":"https:\/\/car4rent.fr\/fr\/wp-json\/wp\/v2\/pages"}],"about":[{"href":"https:\/\/car4rent.fr\/fr\/wp-json\/wp\/v2\/types\/page"}],"author":[{"embeddable":true,"href":"https:\/\/car4rent.fr\/fr\/wp-json\/wp\/v2\/users\/3"}],"replies":[{"embeddable":true,"href":"https:\/\/car4rent.fr\/fr\/wp-json\/wp\/v2\/comments?post=30775"}],"version-history":[{"count":0,"href":"https:\/\/car4rent.fr\/fr\/wp-json\/wp\/v2\/pages\/30775\/revisions"}],"wp:attachment":[{"href":"https:\/\/car4rent.fr\/fr\/wp-json\/wp\/v2\/media?parent=30775"}],"curies":[{"name":"wp","href":"https:\/\/api.w.org\/{rel}","templated":true}]}}