{"id":30773,"date":"2023-11-10T16:56:12","date_gmt":"2023-11-10T15:56:12","guid":{"rendered":"https:\/\/car4rent.fr\/location-de-voitures-de-sport-aix-en-provence\/"},"modified":"2024-05-25T21:35:59","modified_gmt":"2024-05-25T19:35:59","slug":"location-de-voiture-de-sport-a-aix-en-provence","status":"publish","type":"page","link":"https:\/\/car4rent.fr\/fr\/location-de-voiture-de-sport-a-aix-en-provence\/","title":{"rendered":"Location de voiture de sport \u00e0 Aix-en-Provence"},"content":{"rendered":"\n<style type=\"text\/css\" data-created_by=\"avia_inline_auto\" id=\"style-css-av-k9iq87co-34df19c023d5047cb4400a5d30918282\">\n.avia-section.av-k9iq87co-34df19c023d5047cb4400a5d30918282{\nbackground-repeat:no-repeat;\nbackground-image:url(https:\/\/car4rent.fr\/wp-content\/uploads\/sports-car-rental-aix-en-Provence-1-1000x630.jpg);\nbackground-position:50% 50%;\nbackground-attachment:scroll;\n}\n<\/style>\n<div id='header-section'  class='avia-section av-k9iq87co-34df19c023d5047cb4400a5d30918282 main_color avia-section-huge avia-no-border-styling  avia-builder-el-0  el_before_av_one_full  avia-builder-el-first  avia-full-stretch avia-bg-style-scroll av-minimum-height av-minimum-height-custom av-height-custom  container_wrap fullsize'  data-section-bg-repeat='stretch' data-av_minimum_height_px='450'><div class='container av-section-cont-open' style='height:450px'><main  class='template-page content  av-content-full alpha units'><div class='post-entry post-entry-type-page post-entry-30773'><div class='entry-content-wrapper clearfix'>\n\n<style type=\"text\/css\" data-created_by=\"avia_inline_auto\" id=\"style-css-av-bdyqnsp-60cc8f7ead1411f61d6250e0df2f764c\">\n.flex_column.av-bdyqnsp-60cc8f7ead1411f61d6250e0df2f764c{\nborder-radius:0px 0px 0px 0px;\npadding:0px 0px 0px 0px;\n}\n<\/style>\n<div  class='flex_column av-bdyqnsp-60cc8f7ead1411f61d6250e0df2f764c av_two_third  avia-builder-el-1  avia-builder-el-no-sibling  first flex_column_div av-zero-column-padding  '     ><style type=\"text\/css\" data-created_by=\"avia_inline_auto\" id=\"style-css-av-levijlw1-9ba903be62347476528aebc0d07f247d\">\n#top .av-special-heading.av-levijlw1-9ba903be62347476528aebc0d07f247d{\npadding-bottom:10px;\ncolor:#ffffff;\n}\nbody .av-special-heading.av-levijlw1-9ba903be62347476528aebc0d07f247d .av-special-heading-tag .heading-char{\nfont-size:25px;\n}\n.av-special-heading.av-levijlw1-9ba903be62347476528aebc0d07f247d .special-heading-inner-border{\nborder-color:#ffffff;\n}\n.av-special-heading.av-levijlw1-9ba903be62347476528aebc0d07f247d .av-subheading{\nfont-size:15px;\n}\n<\/style>\n<div  class='av-special-heading av-levijlw1-9ba903be62347476528aebc0d07f247d av-special-heading-h5 custom-color-heading  avia-builder-el-2  avia-builder-el-no-sibling '><h5 class='av-special-heading-tag '  >Location de voiture de sport Aix-en-Provence<\/h5><div class=\"special-heading-border\"><div class=\"special-heading-inner-border\"><\/div><\/div><\/div><\/div><\/div><\/div><\/main><!-- close content main element --><\/div><\/div><div id='after_section_1'  class='main_color av_default_container_wrap container_wrap fullsize'  ><div class='container av-section-cont-open' ><div class='template-page content  av-content-full alpha units'><div class='post-entry post-entry-type-page post-entry-30773'><div class='entry-content-wrapper clearfix'>\n<style type=\"text\/css\" data-created_by=\"avia_inline_auto\" id=\"style-css-av-k9of881m-8b75821c00ec2c33f438de9a772a6e49\">\n.flex_column.av-k9of881m-8b75821c00ec2c33f438de9a772a6e49{\nborder-radius:0px 0px 0px 0px;\npadding:0px 0px 0px 0px;\nbackground-color:#ffffff;\n}\n<\/style>\n<div  class='flex_column av-k9of881m-8b75821c00ec2c33f438de9a772a6e49 av_one_full  avia-builder-el-3  el_after_av_section  el_before_av_hr  avia-builder-el-first  first flex_column_div av-zero-column-padding  '     ><section  class='av_textblock_section av-k9iq5tou-a3a1282c082146c43128296256d532aa '  ><div class='avia_textblock' ><h2>LOCATION DE VOITURE DE SPORT A AIX-EN-PROVENCE<\/h2>\n<p>La location de voiture de sport \u00e0 <a href=\"https:\/\/www.aixenprovencetourism.com\/decouvrir\/incontournables\/choses-a-faire-a-aix-en-provence\/\" target=\"_blank\" rel=\"noopener\">Aix-en-Provence<\/a> avec Car4rent, c&rsquo; est l\u2019occasion de profiter de votre s\u00e9jour en lui donnant une touche exotique. En effet, les routes avoisinantes vous procureront un plaisir de conduite inoubliable. La location d\u2019une voiture de sport \u00e0 Aix-en-Provence, c\u2019est aussi l\u2019occasion de d\u00e9couvrir le sud de la France au volant de la voiture de vos r\u00eaves.<\/p>\n<p>Les marques les plus prestigieuses vous sont propos\u00e9es \u00e0 la location: Ferrari, Lamborghini, Porsche, Land Rover, Mercedes AMG, Bentley, Rolls-Royce et autres Audi et BMW.<\/p>\n<p>La capitale de la Provence a \u00e9t\u00e9 colonis\u00e9e au 17\u00e8me si\u00e8cle lors l\u2019arriv\u00e9e des Nobles fran\u00e7ais, qui y ont construit de somptueuses bastides. La location d\u2019une voiture de sport \u00e0 Aix-en-Provence vous permettra de les d\u00e9couvrir lors de vos balades.<\/p>\n<p>Imaginez-vous au volant d\u2019une Lamborghini Huracan Evo Spyder le long du cours Mirabeau pour aboutir \u00e0 la magnifique fontaine de la Rotonde, fontaines qui fleurissent par ailleurs dans la cit\u00e9.<\/p>\n<h4>Voiture de location \u00e0 Aix-en-Provence<\/h4>\n<p>La location de voiture de sport \u00e0 Aix-en-Provence vous donnera l\u2019acc\u00e8s \u00e0 l\u2019arri\u00e8re-pays o\u00f9 vous appr\u00e9cierez le charme proven\u00e7al d\u00e9couvert dans les films de Pagnol. Les vignobles, les champs de lavande et les oliviers font partie du d\u00e9cor. Louer une voiture de sport \u00e0 Aix-en-Provence est votre meilleure option pour parcourir les fantastiques routes de la r\u00e9gion.<\/p>\n<p><span style=\"font-size: 14pt;\">LOUER UNE VOITURE DE SPORT A AIX-EN-PROVENCE<\/span><\/p>\n<p>Rien de plus simple que de louer une voiture de sport \u00e0 Aix-en-Provence avec Car4rent, qui en a fait sa sp\u00e9cialit\u00e9.<\/p>\n<p>Nous pouvons vous livrer votre voiture d\u00e8s votre arriv\u00e9e \u00e0 l\u2019a\u00e9roport de Marseille-Provence ou \u00e0 la gare TGV d\u00e8s votre descente du train. A votre demande, vous pouvez \u00e9galement en prendre livraison et la restituer partout en France.<\/p>\n<p>Que ce soit pour un d\u00e9placement en famille ou pour un week-end en amoureux, nous vous d\u00e9nicherons la voiture qui vous convient pour explorer la r\u00e9gion, riche en villages et villes charg\u00e9s d\u2019histoire. Les villes avoisinantes comme <a href=\"https:\/\/madeinmarseille.net\/6164-visite-sejour-tourisme-activite-marseille\/\" target=\"_blank\" rel=\"noopener\">Marseille<\/a>, <a href=\"https:\/\/generationvoyage.fr\/que-faire-arles\/\" target=\"_blank\" rel=\"noopener\">Arles<\/a>, <a href=\"https:\/\/www.nimes-tourisme.com\/fr\/a-voir-a-faire\/lieux-a-decouvrir.html#all\" target=\"_blank\" rel=\"noopener\">N\u00eemes<\/a> ou <a href=\"https:\/\/generationvoyage.fr\/visiter-montpellier-faire-voir\/\" target=\"_blank\" rel=\"noopener\">Montpellier<\/a> ont un patrimoine culturel et architectural impressionnant, qui remonte \u00e0 l\u2019\u00e9poque romaine.<\/p>\n<h5>La location de voiture de sport \u00e0 Aix-en-Provence, pour une exp\u00e9rience de conduite inoubliable<\/h5>\n<p>Une envie de vous faire Plaisir ? La <a href=\"https:\/\/www.detoursenfrance.fr\/patrimoine\/destinations\/15-lieux-a-visiter-en-provence-cet-ete-7737\" target=\"_blank\" rel=\"noopener\">Provence<\/a> et la C\u00f4te d\u2019Azur sont un terrain de jeu unique gr\u00e2ce \u00e0 la location d\u2019une voiture de sport \u00e0 Aix-en-Provence. Vous b\u00e9n\u00e9ficierez, en plus d\u2019un climat propice, d\u2019une exp\u00e9rience de conduite unique. L\u2019occasion de parcourir le pays les cheveux au vent au volant d\u2019une d\u00e9capotable, et de rendre votre s\u00e9jour inoubliable.<\/p>\n<p>Vous \u00eates \u00e0 la recherche d&rsquo;une location de voiture luxe \u00e0 Aix-en-Provence, n\u2019h\u00e9sitez pas \u00e0 prendre <a href=\"https:\/\/car4rent.fr\/fr\/contact\/\">contact<\/a> avec notre \u00e9quipe d\u00e8s maintenant pour obtenir tout renseignement et r\u00e9server votre v\u00e9hicule.<\/p>\n<\/div><\/section><\/div><\/p>\n<div  class='hr av-r408yh-5fc29ed8e5abe90cc5953910efd3a584 hr-default  avia-builder-el-5  el_after_av_one_full  el_before_av_one_fourth '><span class='hr-inner '><span class=\"hr-inner-style\"><\/span><\/span><\/div>\n\n<style type=\"text\/css\" data-created_by=\"avia_inline_auto\" id=\"style-css-av-9j4h5a1-6e828a1197b9444f95d3c7ec7fb82938\">\n.flex_column.av-9j4h5a1-6e828a1197b9444f95d3c7ec7fb82938{\nborder-radius:0px 0px 0px 0px;\npadding:0px 0px 0px 0px;\n}\n<\/style>\n<div  class='flex_column av-9j4h5a1-6e828a1197b9444f95d3c7ec7fb82938 av_one_fourth  avia-builder-el-6  el_after_av_hr  el_before_av_one_fourth  first flex_column_div av-zero-column-padding  '     ><section  class='av_textblock_section av-8wzml89-2b80783706aabf533d7977da87f21ef0 '  ><div class='avia_textblock' ><h3>Location de voiture sport, luxe \u00e0 Aix en Provence<\/h3>\n<hr \/>\n<p>Nous proposons \u00e0 la location des voitures de luxe et de sport, mais \u00e9galement une large gamme de SUV et de cabriolets. D\u00e9couvrez nos voitures de r\u00eave.<\/p>\n<p>Prix \u00e0 partir de 260\u20ac \/ jour.<\/p>\n<\/div><\/section><\/div>\n\n<style type=\"text\/css\" data-created_by=\"avia_inline_auto\" id=\"style-css-av-8cxm7x5-0dfd1be948133d5958731c1141e89316\">\n.flex_column.av-8cxm7x5-0dfd1be948133d5958731c1141e89316{\nborder-radius:0px 0px 0px 0px;\npadding:0px 0px 0px 0px;\n}\n<\/style>\n<div  class='flex_column av-8cxm7x5-0dfd1be948133d5958731c1141e89316 av_one_fourth  avia-builder-el-8  el_after_av_one_fourth  el_before_av_one_fourth  flex_column_div av-zero-column-padding  '     ><section  class='av_textblock_section av-sl1yyh-58401a45bbfca01485bb12f5ae7e0e5f '  ><div class='avia_textblock' ><h3>Agences \u00e0 l\u2019a\u00e9roport de Nice, Cannes, Monaco et Saint-Tropez<\/h3>\n<hr \/>\n<p>Nous proposons \u00e0 la location des voitures de sport et de luxe, mais \u00e9galement une large gamme de SUV et de cabriolets. D\u00e9couvrez nos voitures de r\u00eave.<\/p>\n<\/div><\/section><\/div>\n\n<style type=\"text\/css\" data-created_by=\"avia_inline_auto\" id=\"style-css-av-7t2xhcp-04a64ffc63980df57546af05384a54fd\">\n.flex_column.av-7t2xhcp-04a64ffc63980df57546af05384a54fd{\nborder-radius:0px 0px 0px 0px;\npadding:0px 0px 0px 0px;\n}\n<\/style>\n<div  class='flex_column av-7t2xhcp-04a64ffc63980df57546af05384a54fd av_one_fourth  avia-builder-el-10  el_after_av_one_fourth  el_before_av_one_fourth  flex_column_div av-zero-column-padding  '     ><section  class='av_textblock_section av-77ozpuh-8dd1b37f5ec2cac52732881fc5014607 '  ><div class='avia_textblock' ><h3>Test Drive &#8211; Faites de votre r\u00eave une r\u00e9alit\u00e9<\/h3>\n<hr \/>\n<p>Offrez-vous une exp\u00e9rience de conduite unique au volant d&rsquo;une supercar. Prenez le volant d&rsquo;une Lamborghini, d&rsquo;une Ferrari ou d&rsquo;une Porsche sans vous ruiner. Pour des raisons de s\u00e9curit\u00e9, vous roulerez accompagn\u00e9. \u00c0 partir de 195\u20ac pp.<\/p>\n<h2><\/h2>\n<\/div><\/section><\/div>\n\n<style type=\"text\/css\" data-created_by=\"avia_inline_auto\" id=\"style-css-av-6mik0k9-58ba2370392ede1c671764d02dbf6948\">\n.flex_column.av-6mik0k9-58ba2370392ede1c671764d02dbf6948{\nborder-radius:0px 0px 0px 0px;\npadding:0px 0px 0px 0px;\n}\n<\/style>\n<div  class='flex_column av-6mik0k9-58ba2370392ede1c671764d02dbf6948 av_one_fourth  avia-builder-el-12  el_after_av_one_fourth  el_before_av_section  avia-builder-el-last  flex_column_div av-zero-column-padding  '     ><section  class='av_textblock_section av-64i2ogp-66548aea0352cdde9b58db15362b0175 '  ><div class='avia_textblock' ><h3>Louer une voiture \u00e0 Aixenprovence avec un service sur mesure<\/h3>\n<hr \/>\n<p>Une \u00e9quipe d\u00e9vou\u00e9e et attentive se tient \u00e0 votre disposition pour vous fournir toute information ou r\u00e9pondre \u00e0 vos demandes. Votre voiture peut \u00eatre livr\u00e9e sur demande directement \u00e0 votre arriv\u00e9e \u00e0 l&rsquo;a\u00e9roport de Nice, sur votre lieu de vill\u00e9giature, \u00e0 votre h\u00f4tel ou n&rsquo;importe o\u00f9 en France \u00e0 la destination de votre choix.<\/p>\n<\/div><\/section><\/div>\n<\/div><\/div><\/div><!-- close content main div --><\/div><\/div>\n<style type=\"text\/css\" data-created_by=\"avia_inline_auto\" id=\"style-css-av-43kcsd5-d3ef79113910887a7bfd29c8c2ab4614\">\n.avia-section.av-43kcsd5-d3ef79113910887a7bfd29c8c2ab4614{\nbackground-color:#f3f3f3;\nbackground-image:unset;\n}\n<\/style>\n<div id='sectioncustom'  class='avia-section av-43kcsd5-d3ef79113910887a7bfd29c8c2ab4614 main_color avia-section-default avia-no-border-styling  avia-builder-el-14  el_after_av_one_fourth  el_before_av_google_map  avia-bg-style-scroll container_wrap fullsize'  ><div class='container av-section-cont-open' ><div class='template-page content  av-content-full alpha units'><div class='post-entry post-entry-type-page post-entry-30773'><div class='entry-content-wrapper clearfix'>\n<div  class='flex_column av-av_one_full-db3c685d37a83d385059f6f31cd9c4a7 av_one_full  avia-builder-el-15  avia-builder-el-no-sibling  first flex_column_div  '     ><section  class='av_textblock_section av-av_textblock-8eba2417de9ea263f0cb5a774f45768a '  ><div class='avia_textblock' ><p style=\"text-align: center;\"><span style=\"font-size: 14pt;\">Notre agence de location de voitures<\/span><\/p>\n<\/div><\/section><\/div>\n\n<div  class='av_gmaps_sc_main_wrap av_gmaps_main_wrap '><div id='av_gmap_0' class='avia-google-map-container avia-google-map-sc av_gmaps_show_unconditionally av-no-fallback-img ' data-mapid='av_gmap_0'  style='height: 400px;'><a class=\"av_gmaps_browser_disabled av_text_confirm_link av_text_confirm_link_visible\" href=\"https:\/\/www.google.com\/maps\/search\/?api=1&#038;query=10,%20rue%20Hibert%2006400%20Cannes\" target=\"_blank\" rel=\"noopener\">Les cartes ont \u00e9t\u00e9 d\u00e9sactiv\u00e9es par le visiteur sur ce site. Cliquer pour ouvrir la carte dans une nouvelle fen\u00eatre.<\/a><\/div><\/div>\n\n<style type=\"text\/css\" data-created_by=\"avia_inline_auto\" id=\"style-css-av-2ddmnh5-bbd5dd00de2854828f851bcdfc153f73\">\n.avia-section.av-2ddmnh5-bbd5dd00de2854828f851bcdfc153f73{\nbackground-color:#6834bd;\nbackground-image:unset;\n}\n<\/style>\n<div id='av_section_3'  class='avia-section av-2ddmnh5-bbd5dd00de2854828f851bcdfc153f73 main_color avia-section-default avia-no-border-styling  avia-builder-el-18  el_after_av_google_map  el_before_av_section  avia-bg-style-scroll container_wrap fullsize'  ><div class='container av-section-cont-open' ><div class='template-page content  av-content-full alpha units'><div class='post-entry post-entry-type-page post-entry-30773'><div class='entry-content-wrapper clearfix'>\n<section  class='av_textblock_section av-lvdxpunw-f9648e2f4c24ea03359dc15bae11dba1 '  ><div class='avia_textblock' ><p style=\"text-align: center;\"><span style=\"font-size: 14pt;\">Profitez de l\u2019exp\u00e9rience de conduite ultime avec une voiture livr\u00e9e directement chez vous !<\/span><\/p>\n<\/div><\/section>\n<div  class='avia-button-wrap av-1hycwxl-8817ba7b2960b6b95c98b72b12707988-wrap avia-button-center  avia-builder-el-20  el_after_av_textblock  avia-builder-el-last '><a href=\"https:\/\/car4rent.fr\/fr\/contact\/\" class=\"avia-button av-1hycwxl-8817ba7b2960b6b95c98b72b12707988 av-link-btn avia-icon_select-yes-left-icon avia-size-large avia-position-center avia-color-grey\" aria-label=\"Contactez l\u2019un de nos experts !\"><span class='avia_button_icon avia_button_icon_left avia-iconfont avia-font-entypo-fontello' data-av_icon='\ue85d' data-av_iconfont='entypo-fontello' ><\/span><span class='avia_iconbox_title' >Contactez l\u2019un de nos experts !<\/span><\/a><\/div>\n\n<\/div><\/div><\/div><!-- close content main div --><\/div><\/div><div id='av_section_4'  class='avia-section av-161zjmu-5e10541228647e4ca154b855c9f60b03 main_color avia-section-default avia-no-border-styling  avia-builder-el-21  el_after_av_section  avia-builder-el-last  avia-bg-style-scroll container_wrap fullsize'  ><div class='container av-section-cont-open' ><div class='template-page content  av-content-full alpha units'><div class='post-entry post-entry-type-page post-entry-30773'><div class='entry-content-wrapper clearfix'>\n<div  class='avia-builder-widget-area clearfix  avia-builder-el-22  avia-builder-el-no-sibling '><div id=\"text-9\" class=\"widget clearfix widget_text\">\t\t\t<div class=\"textwidget\"><p style=\"text-align: center;\">    <div class=\"car4rent-share-block car4rent-fr\">\n        <a href=\"https:\/\/www.facebook.com\/sharer\/sharer.php?u=\" target=\"_blank\" rel=\"noopener\"><i class=\"fa-brands fa-facebook\"><\/i> Partager<\/a>\n        <a href=\"https:\/\/x.com\/intent\/tweet?url=&amp;text=\" target=\"_blank\" rel=\"noopener\"><i class=\"fa-brands fa-x-twitter\"><\/i> X<\/a>\n        <a href=\"https:\/\/wa.me\/?text=%20\" target=\"_blank\" rel=\"noopener\"><i class=\"fa-brands fa-whatsapp\"><\/i> WhatsApp<\/a>\n        <a href=\"https:\/\/www.instagram.com\/car4rent_cannes\/\" target=\"_blank\" rel=\"noopener\"><i class=\"fa-brands fa-instagram\"><\/i> Instagram<\/a>\n        <a href=\"https:\/\/www.linkedin.com\/company\/car4rent\/about\/\" target=\"_blank\" rel=\"noopener\"><i class=\"fa-brands fa-linkedin\"><\/i> LinkedIn<\/a>\n        <a href=\"https:\/\/www.youtube.com\/@car4rentcannes839\" target=\"_blank\" rel=\"noopener\"><i class=\"fa-brands fa-youtube\"><\/i> YouTube<\/a>\n    <\/div>\n    <\/p>\n<\/div>\n\t\t<\/div><\/div>\n\n","protected":false},"excerpt":{"rendered":"","protected":false},"author":3,"featured_media":29752,"parent":0,"menu_order":1810,"comment_status":"closed","ping_status":"closed","template":"","meta":{"_acf_changed":false,"footnotes":""},"class_list":["post-30773","page","type-page","status-publish","has-post-thumbnail","hentry"],"acf":[],"_links":{"self":[{"href":"https:\/\/car4rent.fr\/fr\/wp-json\/wp\/v2\/pages\/30773","targetHints":{"allow":["GET"]}}],"collection":[{"href":"https:\/\/car4rent.fr\/fr\/wp-json\/wp\/v2\/pages"}],"about":[{"href":"https:\/\/car4rent.fr\/fr\/wp-json\/wp\/v2\/types\/page"}],"author":[{"embeddable":true,"href":"https:\/\/car4rent.fr\/fr\/wp-json\/wp\/v2\/users\/3"}],"replies":[{"embeddable":true,"href":"https:\/\/car4rent.fr\/fr\/wp-json\/wp\/v2\/comments?post=30773"}],"version-history":[{"count":0,"href":"https:\/\/car4rent.fr\/fr\/wp-json\/wp\/v2\/pages\/30773\/revisions"}],"wp:featuredmedia":[{"embeddable":true,"href":"https:\/\/car4rent.fr\/fr\/wp-json\/wp\/v2\/media\/29752"}],"wp:attachment":[{"href":"https:\/\/car4rent.fr\/fr\/wp-json\/wp\/v2\/media?parent=30773"}],"curies":[{"name":"wp","href":"https:\/\/api.w.org\/{rel}","templated":true}]}}