{"id":30670,"date":"2023-11-10T16:56:12","date_gmt":"2023-11-10T15:56:12","guid":{"rendered":"https:\/\/car4rent.fr\/location-porsche-monaco-cote-dazur\/"},"modified":"2024-03-20T09:35:46","modified_gmt":"2024-03-20T08:35:46","slug":"location-porsche-monaco","status":"publish","type":"page","link":"https:\/\/car4rent.fr\/fr\/location-porsche-monaco\/","title":{"rendered":"Location Porsche Monaco"},"content":{"rendered":"\n<style type=\"text\/css\" data-created_by=\"avia_inline_auto\" id=\"style-css-av-3xfmsyf-1df80d15f79fdc38213fa3d1a7a39c35\">\n.avia-section.av-3xfmsyf-1df80d15f79fdc38213fa3d1a7a39c35 .av-parallax .av-parallax-inner{\nbackground-repeat:no-repeat;\nbackground-image:url(https:\/\/car4rent.fr\/wp-content\/uploads\/porsche-palmbeach-targa-ouvert-e1713620340218.jpg);\nbackground-position:50% 100%;\nbackground-attachment:scroll;\n}\n<\/style>\n<div id='av_section_1'  class='avia-section av-3xfmsyf-1df80d15f79fdc38213fa3d1a7a39c35 main_color avia-section-huge avia-no-border-styling  avia-builder-el-0  el_before_av_section  avia-builder-el-first  avia-full-stretch av-parallax-section avia-bg-style-parallax av-minimum-height av-minimum-height-50 av-height-50  container_wrap fullsize'  data-section-bg-repeat='stretch' data-av_minimum_height_pc='50' data-av_min_height_opt='50'><div class='av-parallax' data-avia-parallax-ratio='0.3' ><div class='av-parallax-inner main_color avia-full-stretch'><\/div><\/div><div class=\"av-section-color-overlay-wrap\"><a href='#next-section' title='' class='scroll-down-link  avia-svg-icon avia-font-svg_entypo-fontello' data-av_svg_icon='down-open-mini' data-av_iconset='svg_entypo-fontello'><svg version=\"1.1\" xmlns=\"http:\/\/www.w3.org\/2000\/svg\" width=\"15\" height=\"32\" viewBox=\"0 0 15 32\" preserveAspectRatio=\"xMidYMid meet\" aria-labelledby='av-svg-title-1' aria-describedby='av-svg-desc-1' role=\"graphics-symbol\" aria-hidden=\"true\">\n<title id='av-svg-title-1'>Scroller vers la prochaine section<\/title>\n<desc id='av-svg-desc-1'>Scroller vers la prochaine section<\/desc>\n<path d=\"M12.96 12.16q0.704-0.832 1.536 0 0.832 0.704 0 1.536l-6.272 6.144q-0.704 0.704-1.536 0l-6.272-6.144q-0.832-0.832 0-1.536 0.768-0.768 1.6 0l5.44 4.992z\"><\/path>\n<\/svg><\/a><div class='container av-section-cont-open' ><main  class='template-page content  av-content-full alpha units'><div class='post-entry post-entry-type-page post-entry-30670'><div class='entry-content-wrapper clearfix'>\n\n<style type=\"text\/css\" data-created_by=\"avia_inline_auto\" id=\"style-css-av-3vxcaav-6a561eeda710b1f0cbdd7c37dd2b966c\">\n.flex_column.av-3vxcaav-6a561eeda710b1f0cbdd7c37dd2b966c{\nborder-radius:0px 0px 0px 0px;\npadding:20px 20px 20px 20px;\nbackground-color:rgba(0,0,0,0.52);\n}\n<\/style>\n<div  class='flex_column av-3vxcaav-6a561eeda710b1f0cbdd7c37dd2b966c av_one_half  avia-builder-el-1  avia-builder-el-no-sibling  first flex_column_div  '     ><style type=\"text\/css\" data-created_by=\"avia_inline_auto\" id=\"style-css-av-jseoz13v-8c590bf57826222747d0f6009920f000\">\n#top .av-special-heading.av-jseoz13v-8c590bf57826222747d0f6009920f000{\npadding-bottom:10px;\ncolor:#ffffff;\nfont-size:35px;\n}\nbody .av-special-heading.av-jseoz13v-8c590bf57826222747d0f6009920f000 .av-special-heading-tag .heading-char{\nfont-size:25px;\n}\n#top #wrap_all .av-special-heading.av-jseoz13v-8c590bf57826222747d0f6009920f000 .av-special-heading-tag{\nfont-size:35px;\n}\n.av-special-heading.av-jseoz13v-8c590bf57826222747d0f6009920f000 .special-heading-inner-border{\nborder-color:#ffffff;\n}\n.av-special-heading.av-jseoz13v-8c590bf57826222747d0f6009920f000 .av-subheading{\nfont-size:15px;\n}\n\n@media only screen and (min-width: 480px) and (max-width: 767px){ \n#top #wrap_all .av-special-heading.av-jseoz13v-8c590bf57826222747d0f6009920f000 .av-special-heading-tag{\nfont-size:0.8em;\n}\n}\n\n@media only screen and (max-width: 479px){ \n#top #wrap_all .av-special-heading.av-jseoz13v-8c590bf57826222747d0f6009920f000 .av-special-heading-tag{\nfont-size:0.8em;\n}\n}\n<\/style>\n<div  class='av-special-heading av-jseoz13v-8c590bf57826222747d0f6009920f000 av-special-heading-h4 custom-color-heading blockquote modern-quote modern-centered  avia-builder-el-2  avia-builder-el-no-sibling  av-inherit-size'><h4 class='av-special-heading-tag '  >Location Porsche Monaco C\u00f4te d\u2019Azur<\/h4><div class=\"special-heading-border\"><div class=\"special-heading-inner-border\"><\/div><\/div><\/div><\/div>\n\n<\/div><\/div><\/main><!-- close content main element --><\/div><\/div><\/div><div id='av_section_2'  class='avia-section av-3s57qjr-5de2b811fb34858dfad0f54d79873f53 main_color avia-section-default avia-no-shadow  avia-builder-el-3  el_after_av_section  el_before_av_section  avia-bg-style-scroll container_wrap fullsize'  ><div class='container av-section-cont-open' ><div class='template-page content  av-content-full alpha units'><div class='post-entry post-entry-type-page post-entry-30670'><div class='entry-content-wrapper clearfix'>\n\n<style type=\"text\/css\" data-created_by=\"avia_inline_auto\" id=\"style-css-av-1xdan2-b3eed4eb416c03bfd5b6800f8db2fe8c\">\n#top .av-special-heading.av-1xdan2-b3eed4eb416c03bfd5b6800f8db2fe8c{\npadding-bottom:10px;\n}\nbody .av-special-heading.av-1xdan2-b3eed4eb416c03bfd5b6800f8db2fe8c .av-special-heading-tag .heading-char{\nfont-size:25px;\n}\n.av-special-heading.av-1xdan2-b3eed4eb416c03bfd5b6800f8db2fe8c .av-subheading{\nfont-size:15px;\n}\n<\/style>\n<div  class='av-special-heading av-1xdan2-b3eed4eb416c03bfd5b6800f8db2fe8c av-special-heading-h1 blockquote modern-quote modern-centered  avia-builder-el-4  el_before_av_hr  avia-builder-el-first '><h1 class='av-special-heading-tag '  >Location Porsche Monaco au meillleur prix<\/h1><div class=\"special-heading-border\"><div class=\"special-heading-inner-border\"><\/div><\/div><\/div>\n<div  class='hr av-jt9lc6-f0a2c1fbc78a699a000f674fe0ac2597 hr-default  avia-builder-el-5  el_after_av_heading  el_before_av_textblock '><span class='hr-inner '><span class=\"hr-inner-style\"><\/span><\/span><\/div>\n<section  class='av_textblock_section av-3p91itz-18ef4d41c96676aa9ac63cfb2142d28b '  ><div class='avia_textblock' ><h2><strong>Location Porsche Monaco : quand le r\u00eave devient r\u00e9alit\u00e9<\/strong><\/h2>\n<p>Si vous r\u00eaviez de conduire une Porsche, Car4rent Location Porsche Monaco est votre partenaire de r\u00e9f\u00e9rence. Ne cherchez pas plus loin, vous venez de trouver.<\/p>\n<p>La location Porsche <a href=\"https:\/\/generationvoyage.fr\/endroits-visiter-monaco\/\" target=\"_blank\" rel=\"noopener\">Monaco<\/a>, ville c\u00f4ti\u00e8re situ\u00e9e sur la C\u00f4te d&rsquo;Azur vous offrrira une exp\u00e9rience de conduite inoubliable, qui ne pourra \u00eatre \u00e9gal\u00e9e par aucune autre voiture.<\/p>\n<p>Notre flotte comprend les derniers mod\u00e8les de Porsche 911 Cabriolet, des voitures d\u00e9capotables qui peut accueillir, jusqu&rsquo;\u00e0 quatre passagers, les deux places arri\u00e8re \u00e9tant consid\u00e9r\u00e9es comme appoint.<\/p>\n<p>Nous disposons d&rsquo;une vaste flotte de v\u00e9hicules exotiques, vous \u00eates donc certain de trouver la location de voiture id\u00e9ale r\u00e9pondant \u00e0 vos besoins. Avec une Porsche, vous profiterez d&rsquo;une combinaison parfaite, alliant vitesse, s\u00e9curit\u00e9 et confort. Ce qui rendra votre exp\u00e9rience de conduite vraiment inoubliable.<\/p>\n<p>Vous souhaitez louer une Porsche \u00e0 Monaco, contactez-nous d\u00e8s aujourd&rsquo;hui pour en savoir plus sur les options que nous pouvons vous proposer.<\/p>\n<hr \/>\n<h3><strong>Location Porsche 911 Targa 4<\/strong><\/h3>\n<p>La Porsche 911 Targa 4 offre une bouff\u00e9e d&rsquo;air frais. Avec son hard-top, sa carrosserie \u00e9l\u00e9gante et son incroyable aptitude \u00e0 la vitesse, elle devrait figurer en t\u00eate de liste lorsque vous recherchez une location de voiture sur la C\u00f4te d&rsquo;Azur.<\/p>\n<p>Avec un ext\u00e9rieur gris et des si\u00e8ges en cuir gris, lorsque vous louez une Porsche 911 Targa 4 chez Car4rent, vous entrez dans l&rsquo;histoire du constructeur de r\u00e9putation mondiale. Que vous r\u00e9serviez un v\u00e9hicule pour vous rendre dans les vignobles \u00e9loign\u00e9s de Provence ou pour assister \u00e0 des r\u00e9unions d&rsquo;affaires \u00e0 Cannes, le Beverly Hills fran\u00e7ais, la r\u00e9servation d&rsquo;un v\u00e9hicule de luxe pour votre s\u00e9jour dans le sud de la France est le meilleur moyen de vous d\u00e9placer avec style.<\/p>\n<p>R\u00e9servez d\u00e8s aujourd&rsquo;hui votre Location Porsche Monaco.<\/p>\n<hr \/>\n<h3><strong>Location Porsche 911 Carrera S cabriolet <\/strong><\/h3>\n<p>Imaginez un v\u00e9hicule qui non seulement vous emm\u00e8ne \u00e0 destination, mais fait \u00e9galement tourner les t\u00eates tout au long du trajet. La voiture de vos r\u00eaves est \u00e9quip\u00e9e pour \u00e9pouser toutes les courbes de la route tout en vous offrant un confort absolu dans l&rsquo;habitacle. Accentuant le capot inclin\u00e9 et la carrosserie arrondie qui font la r\u00e9putation de la marque, tout en offrant des fonctionnalit\u00e9s de cabriolet, la Porsche 911 Carrera S Cabriolet est appr\u00e9ci\u00e9e par les amateurs de voitures du monde entier.<\/p>\n<p>Abaissez la capote de votre Carrera S et d\u00e9couvrez la libert\u00e9 inh\u00e9rente \u00e0 un v\u00e9hicule dynamiquement con\u00e7u et fabriqu\u00e9 de main de ma\u00eetre. L&rsquo;int\u00e9rieur de la voiture est con\u00e7u pour le confort du conducteur. La console ascendante, caract\u00e9ristique de Porsche, facilite l&rsquo;acc\u00e8s aux commandes de conduite.<\/p>\n<p>Avec la capote abaiss\u00e9e et le vent dans les cheveux sur les routes de la C\u00f4te d&rsquo;Azur, vous serez transport\u00e9 dans un autre monde de vitesse et de plaisir.<\/p>\n<p>R\u00e9server aujourd&rsquo;hui<\/p>\n<hr \/>\n<p><strong>Pas seulement pour les amateurs de Porsche<\/strong><\/p>\n<p>Avec une technologie de pointe et le confort luxueux que vous attendez de v\u00e9hicules exclusifs, vous ne pouvez pas vous tromper en r\u00e9servant une Porsche, mais&#8230; en plus, nous offrons une vari\u00e9t\u00e9 d&rsquo;autres v\u00e9hicules de luxe.<\/p>\n<p>Que vous souhaitiez que votre v\u00e9hicule soit livr\u00e9 \u00e0 votre porte ou d\u00e8s votre arriv\u00e9e \u00e0 l&rsquo;a\u00e9roport de Nice, nous avons tout ce qu&rsquo;il faut pour rendre votre s\u00e9jour sur la C\u00f4te d&rsquo;Azur exceptionnel. Nous avons la voiture qu&rsquo;il vous faut pour que votre voyage soit vraiment parfait.<\/p>\n<p>R\u00e9servez d\u00e8s aujourd&rsquo;hui votre Location Porsche Monaco et pr\u00e9parez-vous \u00e0 profiter de tout ce que la r\u00e9gion a \u00e0 vous offrir.<\/p>\n<p>D\u00e9couvrez notre large gamme de voitures de luxe, Ferrari, Lamborghini, Porsche, Land Rover, Mercedes AMG, Bentley, Rolls-Royce et autres <a class=\"wpil_keyword_link\" href=\"https:\/\/car4rent.fr\/fr\/categorie-produit\/marques-de-voitures\/audi\/\" title=\"Locations de voitures de luxe Audi\" data-wpil-keyword-link=\"linked\" data-wpil-monitor-id=\"122710\">Audi<\/a> et BMW.<\/p>\n<p>Vous souhaitez louer une voiture de Luxe \u00e0 Monaco contactez-nous pour obtenir toute information.<\/p>\n<\/div><\/section>\n\n<style type=\"text\/css\" data-created_by=\"avia_inline_auto\" id=\"style-css-av-3nl6dyf-3280bf680b88f98f99c7e3168f78eacb\">\n.flex_column.av-3nl6dyf-3280bf680b88f98f99c7e3168f78eacb{\nborder-radius:0px 0px 0px 0px;\npadding:0px 0px 0px 0px;\n}\n<\/style>\n<div  class='flex_column av-3nl6dyf-3280bf680b88f98f99c7e3168f78eacb av_one_third  avia-builder-el-7  el_after_av_textblock  el_before_av_one_third  first flex_column_div av-zero-column-padding  column-top-margin'     ><style type=\"text\/css\" data-created_by=\"avia_inline_auto\" id=\"style-css-av-3m029w7-474ba2942539490fec329da033af5e6a\">\n.iconbox.av-3m029w7-474ba2942539490fec329da033af5e6a .iconbox_icon{\nbackground-color:#6834bd;\n}\n<\/style>\n<article  class='iconbox iconbox_top av-3m029w7-474ba2942539490fec329da033af5e6a  avia-builder-el-8  avia-builder-el-no-sibling  main_color' ><div class=\"iconbox_content\"><header class=\"entry-content-header\" aria-label=\"Ic\u00f4ne : \"><div class='iconbox_icon heading-color avia-iconfont avia-font-entypo-fontello' data-av_icon='\ue8b6' data-av_iconfont='entypo-fontello'  ><\/div><\/header><div class='iconbox_content_container ' ><p><span style=\"font-size: 14pt\">Location Porsche Monaco<\/span><\/p>\n<hr \/>\n<p>Nous proposons \u00e0 la location des voitures de luxe et de sport, mais \u00e9galement une large gamme de SUV et de cabriolets. D\u00e9couvrez nos voitures de r\u00eave.<\/p>\n<p>Prix \u00e0 partir de 260\u20ac \/ jour.<\/p>\n<\/div><\/div><footer class=\"entry-footer\"><\/footer><\/article><\/div>\n<style type=\"text\/css\" data-created_by=\"avia_inline_auto\" id=\"style-css-av-3kvu0jr-743c58a873dbe83363f39037e659efef\">\n.flex_column.av-3kvu0jr-743c58a873dbe83363f39037e659efef{\nborder-radius:0px 0px 0px 0px;\npadding:0px 0px 0px 0px;\n}\n<\/style>\n<div  class='flex_column av-3kvu0jr-743c58a873dbe83363f39037e659efef av_one_third  avia-builder-el-9  el_after_av_one_third  el_before_av_one_third  flex_column_div av-zero-column-padding  column-top-margin'     ><style type=\"text\/css\" data-created_by=\"avia_inline_auto\" id=\"style-css-av-3iqe5w7-c3ed2d752004faa9d08ba2452f974c97\">\n.iconbox.av-3iqe5w7-c3ed2d752004faa9d08ba2452f974c97 .iconbox_icon{\nbackground-color:#6834bd;\n}\n<\/style>\n<article  class='iconbox iconbox_top av-3iqe5w7-c3ed2d752004faa9d08ba2452f974c97  avia-builder-el-10  avia-builder-el-no-sibling  main_color' ><div class=\"iconbox_content\"><header class=\"entry-content-header\" aria-label=\"Ic\u00f4ne : \"><div class='iconbox_icon heading-color avia-iconfont avia-font-entypo-fontello' data-av_icon='\ue842' data-av_iconfont='entypo-fontello'  ><\/div><\/header><div class='iconbox_content_container ' ><p><span style=\"font-size: 14pt\">Agences \u00e0 l\u2019a\u00e9roport de Nice, Cannes, Monaco et Saint-Tropez<\/span><\/p>\n<hr \/>\n<p>Nous proposons \u00e0 la location des voitures de sport et de luxe, mais \u00e9galement une large gamme de SUV et de cabriolets. D\u00e9couvrez nos voitures de r\u00eave.<\/p>\n<\/div><\/div><footer class=\"entry-footer\"><\/footer><\/article><\/div>\n<style type=\"text\/css\" data-created_by=\"avia_inline_auto\" id=\"style-css-av-3gkm3fb-05de5b1e9f483c8cca0e27a973a5bb7e\">\n.flex_column.av-3gkm3fb-05de5b1e9f483c8cca0e27a973a5bb7e{\nborder-radius:0px 0px 0px 0px;\npadding:0px 0px 0px 0px;\n}\n<\/style>\n<div  class='flex_column av-3gkm3fb-05de5b1e9f483c8cca0e27a973a5bb7e av_one_third  avia-builder-el-11  el_after_av_one_third  avia-builder-el-last  flex_column_div av-zero-column-padding  column-top-margin'     ><style type=\"text\/css\" data-created_by=\"avia_inline_auto\" id=\"style-css-av-3f6cojb-7e7aba6478b258aadb009b4e31c9f135\">\n.iconbox.av-3f6cojb-7e7aba6478b258aadb009b4e31c9f135 .iconbox_icon{\nbackground-color:#6834bd;\n}\n<\/style>\n<article  class='iconbox iconbox_top av-3f6cojb-7e7aba6478b258aadb009b4e31c9f135  avia-builder-el-12  avia-builder-el-no-sibling  main_color' ><div class=\"iconbox_content\"><header class=\"entry-content-header\" aria-label=\"Ic\u00f4ne : \"><div class='iconbox_icon heading-color avia-iconfont avia-font-entypo-fontello' data-av_icon='\ue80b' data-av_iconfont='entypo-fontello'  ><\/div><\/header><div class='iconbox_content_container ' ><p><span style=\"font-size: 14pt\">Un service sur mesure<\/span><\/p>\n<hr \/>\n<p>Une \u00e9quipe d\u00e9vou\u00e9e et attentive se tient \u00e0 votre disposition pour vous fournir toute information ou r\u00e9pondre \u00e0 vos demandes. Votre voiture peut \u00eatre livr\u00e9e sur demande directement \u00e0 votre arriv\u00e9e \u00e0 l&rsquo;a\u00e9roport de Nice, sur votre lieu de vill\u00e9giature, \u00e0 votre h\u00f4tel ou n&rsquo;importe o\u00f9 en France \u00e0 la destination de votre choix.<\/p>\n<\/div><\/div><footer class=\"entry-footer\"><\/footer><\/article><\/div><\/div><\/div><\/div><!-- close content main div --><\/div><\/div><div id='contactez-nous'  class='avia-section av-ixjxzr-b5a4be80d3a4a0ea4b593ffe62cfac15 main_color avia-section-default avia-no-border-styling  avia-builder-el-13  el_after_av_section  el_before_av_section  avia-bg-style-scroll container_wrap fullsize'  ><div class='container av-section-cont-open' ><div class='template-page content  av-content-full alpha units'><div class='post-entry post-entry-type-page post-entry-30670'><div class='entry-content-wrapper clearfix'>\n<div  class='hr av-gq3v13-2f35a39fc97255273e02e82a0c886ac5 hr-default  avia-builder-el-14  el_before_av_heading  avia-builder-el-first '><span class='hr-inner '><span class=\"hr-inner-style\"><\/span><\/span><\/div>\n\n<style type=\"text\/css\" data-created_by=\"avia_inline_auto\" id=\"style-css-av-jseto11n-7992d028aed89b8f1aa78d3bccfb441e\">\n#top .av-special-heading.av-jseto11n-7992d028aed89b8f1aa78d3bccfb441e{\npadding-bottom:25px;\n}\nbody .av-special-heading.av-jseto11n-7992d028aed89b8f1aa78d3bccfb441e .av-special-heading-tag .heading-char{\nfont-size:25px;\n}\n.av-special-heading.av-jseto11n-7992d028aed89b8f1aa78d3bccfb441e .av-subheading{\nfont-size:20px;\n}\n<\/style>\n<div  class='av-special-heading av-jseto11n-7992d028aed89b8f1aa78d3bccfb441e av-special-heading-h4 blockquote modern-quote modern-centered  avia-builder-el-15  el_after_av_hr  el_before_av_hr '><h4 class='av-special-heading-tag '  >Vous souhaitez louer une Porsche \u00e0 Monaco ? Besoin d\u2019un conseil ?<\/h4><div class=\"special-heading-border\"><div class=\"special-heading-inner-border\"><\/div><\/div><\/div>\n\n<style type=\"text\/css\" data-created_by=\"avia_inline_auto\" id=\"style-css-av-epbelz-ad7f9779947afc273ef2211b0b6fd3f7\">\n#top .hr.hr-invisible.av-epbelz-ad7f9779947afc273ef2211b0b6fd3f7{\nheight:25px;\n}\n<\/style>\n<div  class='hr av-epbelz-ad7f9779947afc273ef2211b0b6fd3f7 hr-invisible  avia-builder-el-16  el_after_av_heading  el_before_av_two_third '><span class='hr-inner '><span class=\"hr-inner-style\"><\/span><\/span><\/div>\n\n<style type=\"text\/css\" data-created_by=\"avia_inline_auto\" id=\"style-css-av-byiqhj-3169b9f7172f1d2e43b38354e80e8c2a\">\n.flex_column.av-byiqhj-3169b9f7172f1d2e43b38354e80e8c2a{\nborder-radius:0px 0px 0px 0px;\npadding:0px 0px 0px 0px;\n}\n<\/style>\n<div  class='flex_column av-byiqhj-3169b9f7172f1d2e43b38354e80e8c2a av_two_third  avia-builder-el-17  el_after_av_hr  el_before_av_one_third  first flex_column_div av-zero-column-padding  '     ><p><section  class='av_textblock_section av-grz2f-3e3f9893495b1e81908f7b0e3a4cb046 '  ><div class='avia_textblock' ><p><span style=\"font-size: 14pt\">Contactez-nous \u00e0 l\u2019aide du formulaire ci-dessous<\/span><\/p>\n<\/div><\/section><br \/>\n<section  class='av_textblock_section av-8iki1z-21e4cfa5ec1520de1555ba92c49f5671 '  ><div class='avia_textblock' ><div class=\"wpforms-container wpforms-container-full\" id=\"wpforms-27233\"><form id=\"wpforms-form-27233\" class=\"wpforms-validate wpforms-form\" data-formid=\"27233\" method=\"post\" enctype=\"multipart\/form-data\" action=\"\/fr\/wp-json\/wp\/v2\/pages\/30670\" data-token=\"4956c4069c64749b1df536230bf32717\" data-token-time=\"1776863686\"><noscript class=\"wpforms-error-noscript\">Veuillez activer JavaScript dans votre navigateur pour remplir ce formulaire.<\/noscript><div class=\"wpforms-field-container\"><div id=\"wpforms-27233-field_5-container\" class=\"wpforms-field wpforms-field-name\" data-field-id=\"5\"><label class=\"wpforms-field-label\">Nom <span class=\"wpforms-required-label\">*<\/span><\/label><div class=\"wpforms-field-row wpforms-field-medium\"><div class=\"wpforms-field-row-block wpforms-first wpforms-one-half\"><input type=\"text\" id=\"wpforms-27233-field_5\" class=\"wpforms-field-name-first wpforms-field-required\" name=\"wpforms[fields][5][first]\" required><label for=\"wpforms-27233-field_5\" class=\"wpforms-field-sublabel after\">First<\/label><\/div><div class=\"wpforms-field-row-block wpforms-one-half\"><input type=\"text\" id=\"wpforms-27233-field_5-last\" class=\"wpforms-field-name-last wpforms-field-required\" name=\"wpforms[fields][5][last]\" required><label for=\"wpforms-27233-field_5-last\" class=\"wpforms-field-sublabel after\">Last<\/label><\/div><\/div><\/div><div id=\"wpforms-27233-field_9-container\" class=\"wpforms-field wpforms-field-layout\" data-field-id=\"9\"><div class=\"wpforms-field-layout-rows wpforms-field-large\"><div class=\"wpforms-layout-row\"><div class=\"wpforms-layout-column wpforms-layout-column-50\"><div id=\"wpforms-27233-field_7-container\" class=\"wpforms-field wpforms-field-email\" data-field-id=\"7\"><label class=\"wpforms-field-label\" for=\"wpforms-27233-field_7\">Courriel <span class=\"wpforms-required-label\">*<\/span><\/label><input type=\"email\" id=\"wpforms-27233-field_7\" class=\"wpforms-field-medium wpforms-field-required\" name=\"wpforms[fields][7]\" spellcheck=\"false\" required><\/div><\/div><div class=\"wpforms-layout-column wpforms-layout-column-50\"><div id=\"wpforms-27233-field_8-container\" class=\"wpforms-field wpforms-field-phone\" data-field-id=\"8\"><label class=\"wpforms-field-label\" for=\"wpforms-27233-field_8\">T\u00e9l\u00e9phone <span class=\"wpforms-required-label\">*<\/span><\/label><input type=\"tel\" id=\"wpforms-27233-field_8\" class=\"wpforms-field-medium wpforms-field-required\" data-rule-int-phone-field=\"true\" name=\"wpforms[fields][8]\" aria-label=\"T\u00e9l\u00e9phone\" required><\/div><\/div><\/div><\/div><\/div><div id=\"wpforms-27233-field_4-container\" class=\"wpforms-field wpforms-field-textarea\" data-field-id=\"4\"><label class=\"wpforms-field-label\" for=\"wpforms-27233-field_4\">Message<\/label><textarea id=\"wpforms-27233-field_4\" class=\"wpforms-field-medium\" name=\"wpforms[fields][4]\" ><\/textarea><\/div><\/div><!-- .wpforms-field-container --><div class=\"wpforms-recaptcha-container wpforms-is-recaptcha wpforms-is-recaptcha-type-v3\" ><input type=\"hidden\" name=\"wpforms[recaptcha]\" value=\"\"><\/div><div class=\"wpforms-submit-container\" ><input type=\"hidden\" name=\"wpforms[id]\" value=\"27233\"><input type=\"hidden\" name=\"page_title\" value=\"\"><input type=\"hidden\" name=\"page_url\" value=\"https:\/\/car4rent.fr\/fr\/wp-json\/wp\/v2\/pages\/30670\"><input type=\"hidden\" name=\"url_referer\" value=\"\"><button type=\"submit\" name=\"wpforms[submit]\" id=\"wpforms-submit-27233\" class=\"wpforms-submit\" data-alt-text=\"Envoi\" data-submit-text=\"Soumettre\" aria-live=\"assertive\" value=\"wpforms-submit\">Soumettre<\/button><\/div><\/form><\/div>  <!-- .wpforms-container -->\n<\/div><\/section><\/p><\/div>\n<style type=\"text\/css\" data-created_by=\"avia_inline_auto\" id=\"style-css-av-rvphz-836849ba669b2755957dfcece34d4167\">\n.flex_column.av-rvphz-836849ba669b2755957dfcece34d4167{\nborder-radius:0px 0px 0px 0px;\npadding:0px 0px 0px 0px;\n}\n<\/style>\n<div  class='flex_column av-rvphz-836849ba669b2755957dfcece34d4167 av_one_third  avia-builder-el-20  el_after_av_two_third  avia-builder-el-last  flex_column_div av-zero-column-padding  '     ><p><section  class='av_textblock_section av-av_textblock-564067357eb74c20cdd60b282c9b50bd '  ><div class='avia_textblock' ><p><span style=\"font-size: 14pt\">Nous contacter par t\u00e9l\u00e9phone<\/span><\/p>\n<\/div><\/section><br \/>\n<section  class='av_textblock_section av-av_textblock-564067357eb74c20cdd60b282c9b50bd '  ><div class='avia_textblock' ><p>Agence de Cannes (09H-12H00 et 15H00-19H00)<br \/>\n10, rue Hibert &#8211; 06400 Cannes<br \/>\nT\u00e9l\u00e9phone : +<a href=\"tel:0033788278586\">33(0)7 88 27 85 86<\/a><br \/>\nMail : <a href=\"mailto:info@car4rent.fr\">info@car4rent.fr<\/a><\/p>\n<\/div><\/section><\/p><\/div>\n<\/p>\n<\/div><\/div><\/div><!-- close content main div --><\/div><\/div><div id='av_section_4'  class='avia-section av-zhz8ny-4069ebff163341d463dcc5665cd3bca0 main_color avia-section-default avia-no-border-styling  avia-builder-el-23  el_after_av_section  avia-builder-el-last  avia-bg-style-scroll container_wrap fullsize'  ><div class='container av-section-cont-open' ><div class='template-page content  av-content-full alpha units'><div class='post-entry post-entry-type-page post-entry-30670'><div class='entry-content-wrapper clearfix'>\n<div  class='avia-builder-widget-area clearfix  avia-builder-el-24  avia-builder-el-no-sibling '><div id=\"text-9\" class=\"widget clearfix widget_text\">\t\t\t<div class=\"textwidget\"><p style=\"text-align: center;\">    <div class=\"car4rent-share-block car4rent-fr\">\n        <a href=\"https:\/\/www.facebook.com\/sharer\/sharer.php?u=\" target=\"_blank\" rel=\"noopener\"><i class=\"fa-brands fa-facebook\"><\/i> Partager<\/a>\n        <a href=\"https:\/\/x.com\/intent\/tweet?url=&amp;text=\" target=\"_blank\" rel=\"noopener\"><i class=\"fa-brands fa-x-twitter\"><\/i> X<\/a>\n        <a href=\"https:\/\/wa.me\/?text=%20\" target=\"_blank\" rel=\"noopener\"><i class=\"fa-brands fa-whatsapp\"><\/i> WhatsApp<\/a>\n        <a href=\"https:\/\/www.instagram.com\/car4rent_cannes\/\" target=\"_blank\" rel=\"noopener\"><i class=\"fa-brands fa-instagram\"><\/i> Instagram<\/a>\n        <a href=\"https:\/\/www.linkedin.com\/company\/car4rent\/about\/\" target=\"_blank\" rel=\"noopener\"><i class=\"fa-brands fa-linkedin\"><\/i> LinkedIn<\/a>\n        <a href=\"https:\/\/www.youtube.com\/@car4rentcannes839\" target=\"_blank\" rel=\"noopener\"><i class=\"fa-brands fa-youtube\"><\/i> YouTube<\/a>\n    <\/div>\n    <\/p>\n<\/div>\n\t\t<\/div><\/div>\n\n","protected":false},"excerpt":{"rendered":"","protected":false},"author":3,"featured_media":29530,"parent":0,"menu_order":1245,"comment_status":"closed","ping_status":"closed","template":"","meta":{"_acf_changed":false,"footnotes":""},"class_list":["post-30670","page","type-page","status-publish","has-post-thumbnail","hentry"],"acf":[],"_links":{"self":[{"href":"https:\/\/car4rent.fr\/fr\/wp-json\/wp\/v2\/pages\/30670","targetHints":{"allow":["GET"]}}],"collection":[{"href":"https:\/\/car4rent.fr\/fr\/wp-json\/wp\/v2\/pages"}],"about":[{"href":"https:\/\/car4rent.fr\/fr\/wp-json\/wp\/v2\/types\/page"}],"author":[{"embeddable":true,"href":"https:\/\/car4rent.fr\/fr\/wp-json\/wp\/v2\/users\/3"}],"replies":[{"embeddable":true,"href":"https:\/\/car4rent.fr\/fr\/wp-json\/wp\/v2\/comments?post=30670"}],"version-history":[{"count":0,"href":"https:\/\/car4rent.fr\/fr\/wp-json\/wp\/v2\/pages\/30670\/revisions"}],"wp:featuredmedia":[{"embeddable":true,"href":"https:\/\/car4rent.fr\/fr\/wp-json\/wp\/v2\/media\/29530"}],"wp:attachment":[{"href":"https:\/\/car4rent.fr\/fr\/wp-json\/wp\/v2\/media?parent=30670"}],"curies":[{"name":"wp","href":"https:\/\/api.w.org\/{rel}","templated":true}]}}