{"id":30664,"date":"2023-11-10T16:56:12","date_gmt":"2023-11-10T15:56:12","guid":{"rendered":"https:\/\/car4rent.fr\/location-dun-vehicule-de-luxe\/"},"modified":"2024-01-03T22:57:58","modified_gmt":"2024-01-03T21:57:58","slug":"louer-voiture-de-luxe","status":"publish","type":"page","link":"https:\/\/car4rent.fr\/fr\/louer-voiture-de-luxe\/","title":{"rendered":"Louer voiture de luxe"},"content":{"rendered":"\n<style type=\"text\/css\" data-created_by=\"avia_inline_auto\" id=\"style-css-av-js5twac7-606d381c15694d0b29678ca66346514c\">\n.avia-section.av-js5twac7-606d381c15694d0b29678ca66346514c{\nbackground-repeat:no-repeat;\nbackground-image:url(https:\/\/car4rent.fr\/wp-content\/uploads\/porsche-targa-cap-ferrat.jpg);\nbackground-position:50% 0%;\nbackground-attachment:scroll;\n}\n<\/style>\n<div id='header-section'  class='avia-section av-js5twac7-606d381c15694d0b29678ca66346514c main_color avia-section-huge avia-no-border-styling  avia-builder-el-0  el_before_av_one_full  avia-builder-el-first  avia-full-stretch avia-bg-style-scroll av-minimum-height av-minimum-height-custom av-height-custom  container_wrap fullsize'  data-section-bg-repeat='stretch' data-av_minimum_height_px='700'><div class='container av-section-cont-open' style='height:700px'><main  class='template-page content  av-content-full alpha units'><div class='post-entry post-entry-type-page post-entry-30664'><div class='entry-content-wrapper clearfix'><\/div><\/div><\/main><!-- close content main element --><\/div><\/div><div id='after_section_1'  class='main_color av_default_container_wrap container_wrap fullsize'  ><div class='container av-section-cont-open' ><div class='template-page content  av-content-full alpha units'><div class='post-entry post-entry-type-page post-entry-30664'><div class='entry-content-wrapper clearfix'>\n\n<style type=\"text\/css\" data-created_by=\"avia_inline_auto\" id=\"style-css-av-703por6-7fd814c5352cfd4aeaef0efb9e948d6a\">\n.flex_column.av-703por6-7fd814c5352cfd4aeaef0efb9e948d6a{\nborder-radius:0px 0px 0px 0px;\npadding:0px 0px 0px 0px;\n}\n<\/style>\n<div  class='flex_column av-703por6-7fd814c5352cfd4aeaef0efb9e948d6a av_one_full  avia-builder-el-1  el_after_av_section  el_before_av_section  avia-builder-el-no-sibling  first flex_column_div av-zero-column-padding  '     ><p>\n<style type=\"text\/css\" data-created_by=\"avia_inline_auto\" id=\"style-css-av-jsrqr366-c59ce19db671ced9382f20d95abc9b0b\">\n#top .av-special-heading.av-jsrqr366-c59ce19db671ced9382f20d95abc9b0b{\npadding-bottom:10px;\n}\nbody .av-special-heading.av-jsrqr366-c59ce19db671ced9382f20d95abc9b0b .av-special-heading-tag .heading-char{\nfont-size:25px;\n}\n.av-special-heading.av-jsrqr366-c59ce19db671ced9382f20d95abc9b0b .av-subheading{\nfont-size:15px;\n}\n<\/style>\n<div  class='av-special-heading av-jsrqr366-c59ce19db671ced9382f20d95abc9b0b av-special-heading-h1 blockquote modern-quote modern-centered  avia-builder-el-2  el_before_av_hr  avia-builder-el-first '><h1 class='av-special-heading-tag '  >Louer voiture de luxe et d\u00e9couvrir la France<\/h1><div class=\"special-heading-border\"><div class=\"special-heading-inner-border\"><\/div><\/div><\/div><br \/>\n<div  class='hr av-s8ddd6-1db0f44f0d2be470f4b4a856b4db9ed8 hr-default  avia-builder-el-3  el_after_av_heading  el_before_av_textblock '><span class='hr-inner '><span class=\"hr-inner-style\"><\/span><\/span><\/div><br \/>\n<section  class='av_textblock_section av-js5tay2s-98af921efef83a81be98074339d6e85b '  ><div class='avia_textblock' ><div class=\"csc-header csc-header-n1\">\n<h2><strong>Louer voiture de luxe et partir \u00e0 la d\u00e9couverte des plus belles villes de France<\/strong><\/h2>\n<p>Vous pr\u00e9voyez de visiter la France et vous envisagez de louer voiture de luxe. Notre service de location de voitures de luxe est adapt\u00e9 \u00e0 votre style de vie, que vous soyez \u00e0 la recherche d&rsquo;une\u00a0 supercar, d&rsquo;une voiture de sport ou d&rsquo;un cabriolet.<\/p>\n<h2>Louer voiture de luxe avec Car4rent est le meilleur moyen de d\u00e9couvrir tout ce que la C\u00f4te d&rsquo;Azur et ses environs ont \u00e0 offrir.<\/h2>\n<p><a href=\"https:\/\/www.visitmonaco.com\/\" target=\"_blank\" rel=\"noopener\">Monaco<\/a>, <a href=\"https:\/\/www.cannes-destination.fr\/visites-incontournables\" target=\"_blank\" rel=\"noopener\">Cannes<\/a>, <a href=\"https:\/\/www.sainttropeztourisme.com\/\" target=\"_blank\" rel=\"noopener\">Saint-Tropez<\/a> ou Nice. Et si vous suiviez les traces de Jules C\u00e9sar. Arriv\u00e9 en -63 avant J\u00e9sus-Christ, le sud de la France poss\u00e8de une riche histoire : pas moins de 11 villes (dont Arles, Marseille et Nice) 27 mus\u00e9es, 19 sites gallo-romains pour comprendre le r\u00f4le essentiel de C\u00e9sar dans la conqu\u00eate de la \u00ab\u00a0Provincia Romana\u00a0\u00bb qu&rsquo;il pacifia.<\/p>\n<h3>Location dune voiture de luxe sur la C\u00f4te d&rsquo;Azur<\/h3>\n<p>La C\u00f4te d&rsquo;Azur est l&rsquo;un des endroits les plus agr\u00e9ables au monde, avec sa culture, son histoire, son commerce, son tourisme et ses divertissements. La location voiture de luxe vous permettra de saisir le v\u00e9ritable pouls des jetsetteurs et des acteurs. Cannes pr\u00e9sente chaque ann\u00e9e le Festival international du film en mai.<\/p>\n<p><img loading=\"lazy\" decoding=\"async\" class=\"alignnone size-full wp-image-36823\" src=\"https:\/\/car4rent.fr\/wp-content\/uploads\/P1001068-scaled-1.jpg\" alt=\"Locatin d&#039;une voiture de sport, Louer voiture de luxe\" width=\"2560\" height=\"1399\" title=\"Car4Rent Cannes\" srcset=\"https:\/\/car4rent.fr\/wp-content\/uploads\/P1001068-scaled-1.jpg 2560w, https:\/\/car4rent.fr\/wp-content\/uploads\/P1001068-scaled-1-300x164.jpg 300w, https:\/\/car4rent.fr\/wp-content\/uploads\/P1001068-scaled-1-1030x563.jpg 1030w, https:\/\/car4rent.fr\/wp-content\/uploads\/P1001068-scaled-1-768x420.jpg 768w, https:\/\/car4rent.fr\/wp-content\/uploads\/P1001068-scaled-1-1536x839.jpg 1536w, https:\/\/car4rent.fr\/wp-content\/uploads\/P1001068-scaled-1-2048x1119.jpg 2048w, https:\/\/car4rent.fr\/wp-content\/uploads\/P1001068-scaled-1-1500x820.jpg 1500w, https:\/\/car4rent.fr\/wp-content\/uploads\/P1001068-scaled-1-705x385.jpg 705w, https:\/\/car4rent.fr\/wp-content\/uploads\/P1001068-scaled-1-450x246.jpg 450w\" sizes=\"auto, (max-width: 2560px) 100vw, 2560px\" \/><\/p>\n<h3>Louer voiture de luxe \u00e0 Paris<\/h3>\n<p>Vous pouvez d\u00e9cider de vous installer \u00e0 Paris, l&rsquo;une des villes les plus prestigieuses du monde. Sur le plan culturel, Paris est une ville impressionnante, riche d&rsquo;une quantit\u00e9 incroyable d&rsquo;histoire. C&rsquo;est la ville la plus visit\u00e9e au monde et elle poss\u00e8de l&rsquo;un des plus grands syst\u00e8mes a\u00e9roportuaires mondial en raison de son tourisme et de son r\u00f4le de plaque tournante des transports entre l&rsquo;Europe et le reste du monde.<\/p>\n<p>La location d&rsquo;une voiture de luxe vous donnera l&rsquo;occasion de visiter les sites qu&rsquo;il ne faut absolument pas manquer et ils sont nombreux. Les sites class\u00e9s au patrimoine mondial devraient \u00eatre les premiers \u00e0 \u00eatre vus si vous en avez la possibilit\u00e9; il s&rsquo;agit notamment de la Tour Eiffel, des c\u00e9l\u00e8bres Champs Elys\u00e9es et de l&rsquo;Arc de Triomphe, l&rsquo;un des monuments les plus c\u00e9l\u00e8bres. L&rsquo;Arc de Triomphe de Paris \u00e9tait le plus haut arc de triomphe jusqu&rsquo;\u00e0 l&rsquo;ach\u00e8vement du Monumento a la Revolucion \u00e0 Mexico. Un point de vue unique ! Du haut de la terrasse panoramique, le regard embrasse tout Paris.<\/p>\n<p>L&rsquo;incroyable culture de Paris se retrouve dans de nombreux mus\u00e9es et galeries, dont le Palais du Louvre : Mona Lisa, V\u00e9nus de Milo, La Victoire Ail\u00e9e &#8211; les trois grandes oeuvres. Entrez dans le Palais Royal et le mus\u00e9e d&rsquo;Orsay, o\u00f9 vous trouverez les c\u00e9l\u00e8bres impressionnistes au dernier \u00e9tage.<\/p>\n<p>Une fois restaur\u00e9e, vous pourrez \u00e0 nouveau visiter la cath\u00e9drale Notre-Dame, de la rosace et de la statue de Jeanne d&rsquo;Arc. Une fois r\u00e9ouverte, l&rsquo;orgue sera de retour et vous pourrez assister \u00e0 un concert. Vous y aurez une vue imprenable sur la Seine.<\/p>\n<p>Traversez le quartier latin et remontez les fascinantes rues \u00e9troites. Visitez Montmartre et admirez l&rsquo;int\u00e9rieur du Sacr\u00e9-C\u0153ur pour ses mosa\u00efques. Grimpez sur la tour par temps clair pour avoir une vue d&rsquo;ensemble de Paris. Promenez-vous sur le charmant Pont Alexandre III. Ne manquez pas le c\u00e9l\u00e8bre Penseur au mus\u00e9e Rodin.<\/p>\n<p>Profitez de votre temps pour d\u00e9couvrir la gastronomie fran\u00e7aise et les sp\u00e9cialit\u00e9s culinaires r\u00e9gionales.<\/p>\n<p>Louer une voiture de luxe est votre meilleur atout pour d\u00e9couvrir la France. C&rsquo;est un moyen ais\u00e9 de voyager dans ce pays fantastique avec le style qui est v\u00f4tre.<\/p>\n<p><a href=\"https:\/\/car4rent.fr\/fr\/contact\/\" target=\"_blank\" rel=\"noopener\">Contactez<\/a> Car4rent d\u00e8s aujourd&rsquo;hui pour obtenir un devis pour la louer voiture de luxe dont vous avez besoin.<\/p>\n<h4>Location de voiture luxe: faites votre choix parmi les mod\u00e8les les plus populaires<\/h4>\n<p>Nous vous trouverons le meilleur v\u00e9hicule, que vous souhaitiez du confort, de la vitesse, de l&rsquo;\u00e9conomie ou une combinaison des trois. Nous offrons une s\u00e9lection in\u00e9gal\u00e9e, y compris des mod\u00e8les exclusifs des marques les plus prestigeieuses <a href=\"https:\/\/car4rent.fr\/fr\/louer-une-ferrari\/\"><strong>Ferrari<\/strong><\/a>,\n            <a href=\"https:\/\/car4rent.fr\/fr\/louer-une-lamborghini\/\"><strong>Lamborghini<\/strong><\/a>,\n            <a href=\"https:\/\/car4rent.fr\/fr\/louer-une-porsche\/\"><strong>Porsche<\/strong><\/a>,\n            <a href=\"https:\/\/car4rent.fr\/fr\/louer-un-land-rover\/\"><strong>Land Rover<\/strong><\/a>,\n            <a href=\"https:\/\/car4rent.fr\/fr\/louer-une-mercedes\/\"><strong>Mercedes AMG<\/strong><\/a>,\n            <a href=\"https:\/\/car4rent.fr\/fr\/louer-une-bentley\/\"><strong>Bentley<\/strong><\/a>,\n            <a href=\"https:\/\/car4rent.fr\/fr\/louer-une-rolls-royce\/\"><strong>Rolls-Royce<\/strong><\/a>, et\n            <a href=\"https:\/\/car4rent.fr\/fr\/louer-une-audi\/\"><strong>Audi<\/strong><\/a>.<\/p>\n<\/div>\n<\/div><\/section><\/p><\/div><\/div><\/div><\/div><!-- close content main div --><\/div><\/div><div id='av_section_2'  class='avia-section av-6mq6aoi-220d2331d8a8e09257ee23f14fd9c975 main_color avia-section-default avia-no-border-styling  avia-builder-el-5  el_after_av_one_full  el_before_av_section  avia-bg-style-scroll container_wrap fullsize'  ><div class='container av-section-cont-open' ><div class='template-page content  av-content-full alpha units'><div class='post-entry post-entry-type-page post-entry-30664'><div class='entry-content-wrapper clearfix'>\n\n<style type=\"text\/css\" data-created_by=\"avia_inline_auto\" id=\"style-css-av-6du7y6q-59c18bf5428f997f5a63dc0afece8078\">\n.flex_column.av-6du7y6q-59c18bf5428f997f5a63dc0afece8078{\nborder-radius:0px 0px 0px 0px;\npadding:0px 0px 0px 0px;\n}\n<\/style>\n<div  class='flex_column av-6du7y6q-59c18bf5428f997f5a63dc0afece8078 av_one_full  avia-builder-el-6  el_before_av_hr  avia-builder-el-first  first flex_column_div av-zero-column-padding  '     ><style type=\"text\/css\" data-created_by=\"avia_inline_auto\" id=\"style-css-av-jbivki-377fb842af212ee1ff15dba88d053033\">\n#top .av-special-heading.av-jbivki-377fb842af212ee1ff15dba88d053033{\npadding-bottom:10px;\n}\nbody .av-special-heading.av-jbivki-377fb842af212ee1ff15dba88d053033 .av-special-heading-tag .heading-char{\nfont-size:25px;\n}\n.av-special-heading.av-jbivki-377fb842af212ee1ff15dba88d053033 .av-subheading{\nfont-size:15px;\n}\n<\/style>\n<div  class='av-special-heading av-jbivki-377fb842af212ee1ff15dba88d053033 av-special-heading-h3 blockquote modern-quote modern-centered  avia-builder-el-7  avia-builder-el-no-sibling '><h3 class='av-special-heading-tag '  >Louer voiture de luxe \u00e0 Cannes, Saint-Tropez, Monaco et \u00e0 l\u2019a\u00e9roport de Nice.<\/h3><div class=\"special-heading-border\"><div class=\"special-heading-inner-border\"><\/div><\/div><\/div><\/div>\n<style type=\"text\/css\" data-created_by=\"avia_inline_auto\" id=\"style-css-av-3vm1d4i-f3083e317d436492b0f19882b1143acf\">\n#top .hr.hr-invisible.av-3vm1d4i-f3083e317d436492b0f19882b1143acf{\nheight:25px;\n}\n<\/style>\n<div  class='hr av-3vm1d4i-f3083e317d436492b0f19882b1143acf hr-invisible  avia-builder-el-8  el_after_av_one_full  el_before_av_heading '><span class='hr-inner '><span class=\"hr-inner-style\"><\/span><\/span><\/div>\n\n<style type=\"text\/css\" data-created_by=\"avia_inline_auto\" id=\"style-css-av-jsrqzjh3-b6059a8563efb80b9c2a9cc2670037ac\">\n#top .av-special-heading.av-jsrqzjh3-b6059a8563efb80b9c2a9cc2670037ac{\npadding-bottom:10px;\n}\nbody .av-special-heading.av-jsrqzjh3-b6059a8563efb80b9c2a9cc2670037ac .av-special-heading-tag .heading-char{\nfont-size:25px;\n}\n.av-special-heading.av-jsrqzjh3-b6059a8563efb80b9c2a9cc2670037ac .av-subheading{\nfont-size:15px;\n}\n<\/style>\n<div  class='av-special-heading av-jsrqzjh3-b6059a8563efb80b9c2a9cc2670037ac av-special-heading-h3 blockquote modern-quote modern-centered  avia-builder-el-9  el_after_av_hr  el_before_av_textblock '><h3 class='av-special-heading-tag '  >Vous souhaitez louer voiture haut de gamme en France ?<\/h3><div class=\"special-heading-border\"><div class=\"special-heading-inner-border\"><\/div><\/div><\/div>\n<section  class='av_textblock_section av-35qmucy-e7eea719684c2bd9feccf9548ffaf785 '  ><div class='avia_textblock' ><p style=\"text-align: center;\">Car4rent est l&rsquo;un des loueurs de voitures de sport et de luxe des mieux r\u00e9f\u00e9renc\u00e9s sur la C\u00f4te d&rsquo;Azur. Une \u00e9quipe de sp\u00e9cialistes vous conseille pour faire le meilleur choix. Nous ne proposons que des voitures haut de gamme, des cabriolets et des SUV pour votre enti\u00e8re satisfaction. Nos v\u00e9hicules de location peuvent sur demande vous \u00eatre livr\u00e9s o\u00f9 vous le souhaitez.<\/p>\n<\/div><\/section>\n<\/div><\/div><\/div><!-- close content main div --><\/div><\/div>\n<style type=\"text\/css\" data-created_by=\"avia_inline_auto\" id=\"style-css-av-27qlrrm-0da01d1b45d171244764f48420a7c9a1\">\n.avia-section.av-27qlrrm-0da01d1b45d171244764f48420a7c9a1{\nbackground-color:#6834bd;\nbackground-image:unset;\n}\n<\/style>\n<div id='av_section_3'  class='avia-section av-27qlrrm-0da01d1b45d171244764f48420a7c9a1 main_color avia-section-default avia-no-border-styling  avia-builder-el-11  el_after_av_section  el_before_av_section  avia-bg-style-scroll container_wrap fullsize'  ><div class='container av-section-cont-open' ><div class='template-page content  av-content-full alpha units'><div class='post-entry post-entry-type-page post-entry-30664'><div class='entry-content-wrapper clearfix'>\n\n<style type=\"text\/css\" data-created_by=\"avia_inline_auto\" id=\"style-css-av-1s5iv9u-aa838500bee6c165c21b4f5ae42ed3fe\">\n#top .av-special-heading.av-1s5iv9u-aa838500bee6c165c21b4f5ae42ed3fe{\npadding-bottom:10px;\ncolor:#ffffff;\nfont-size:30px;\n}\nbody .av-special-heading.av-1s5iv9u-aa838500bee6c165c21b4f5ae42ed3fe .av-special-heading-tag .heading-char{\nfont-size:25px;\n}\n#top #wrap_all .av-special-heading.av-1s5iv9u-aa838500bee6c165c21b4f5ae42ed3fe .av-special-heading-tag{\nfont-size:30px;\n}\n.av-special-heading.av-1s5iv9u-aa838500bee6c165c21b4f5ae42ed3fe .special-heading-inner-border{\nborder-color:#ffffff;\n}\n.av-special-heading.av-1s5iv9u-aa838500bee6c165c21b4f5ae42ed3fe .av-subheading{\nfont-size:15px;\n}\n\n@media only screen and (min-width: 480px) and (max-width: 767px){ \n#top #wrap_all .av-special-heading.av-1s5iv9u-aa838500bee6c165c21b4f5ae42ed3fe .av-special-heading-tag{\nfont-size:0.8em;\n}\n}\n\n@media only screen and (max-width: 479px){ \n#top #wrap_all .av-special-heading.av-1s5iv9u-aa838500bee6c165c21b4f5ae42ed3fe .av-special-heading-tag{\nfont-size:0.8em;\n}\n}\n<\/style>\n<div  class='av-special-heading av-1s5iv9u-aa838500bee6c165c21b4f5ae42ed3fe av-special-heading-h4 custom-color-heading blockquote modern-quote modern-centered  avia-builder-el-12  el_before_av_button  avia-builder-el-first  av-inherit-size'><h4 class='av-special-heading-tag '  >Nos voitures de r\u00eave vous attendent pur une exp\u00e9rience unique<\/h4><div class=\"special-heading-border\"><div class=\"special-heading-inner-border\"><\/div><\/div><\/div>\n<div  class='avia-button-wrap av-3lk7si-750c35f5c01c7fd897a03a24d1551193-wrap avia-button-center  avia-builder-el-13  el_after_av_heading  avia-builder-el-last '><a href=\"https:\/\/car4rent.fr\/fr\/contact\/\" class=\"avia-button av-3lk7si-750c35f5c01c7fd897a03a24d1551193 av-link-btn avia-icon_select-yes-right-icon avia-size-large avia-position-center av-icon-on-hover avia-color-grey\" aria-label=\"Contactez notre \u00e9quipe d\u00e9di\u00e9e\"><span class='avia_iconbox_title' >Contactez notre \u00e9quipe d\u00e9di\u00e9e<\/span><span class='avia_button_icon avia_button_icon_right avia-iconfont avia-font-entypo-fontello' data-av_icon='\ue881' data-av_iconfont='entypo-fontello' ><\/span><\/a><\/div>\n<\/p>\n<\/div><\/div><\/div><!-- close content main div --><\/div><\/div><div id='av_section_4'  class='avia-section av-1deg7si-d3b15907fed1abd6d5a206475d39a829 main_color avia-section-default avia-no-border-styling  avia-builder-el-14  el_after_av_section  avia-builder-el-last  avia-bg-style-scroll container_wrap fullsize'  ><div class='container av-section-cont-open' ><div class='template-page content  av-content-full alpha units'><div class='post-entry post-entry-type-page post-entry-30664'><div class='entry-content-wrapper clearfix'>\n<div  class='avia-builder-widget-area clearfix  avia-builder-el-15  avia-builder-el-no-sibling '><div id=\"text-9\" class=\"widget clearfix widget_text\">\t\t\t<div class=\"textwidget\"><p style=\"text-align: center;\">    <div class=\"car4rent-share-block car4rent-fr\">\n        <a href=\"https:\/\/www.facebook.com\/sharer\/sharer.php?u=\" target=\"_blank\" rel=\"noopener\"><i class=\"fa-brands fa-facebook\"><\/i> Partager<\/a>\n        <a href=\"https:\/\/x.com\/intent\/tweet?url=&amp;text=\" target=\"_blank\" rel=\"noopener\"><i class=\"fa-brands fa-x-twitter\"><\/i> X<\/a>\n        <a href=\"https:\/\/wa.me\/?text=%20\" target=\"_blank\" rel=\"noopener\"><i class=\"fa-brands fa-whatsapp\"><\/i> WhatsApp<\/a>\n        <a href=\"https:\/\/www.instagram.com\/car4rent_cannes\/\" target=\"_blank\" rel=\"noopener\"><i class=\"fa-brands fa-instagram\"><\/i> Instagram<\/a>\n        <a href=\"https:\/\/www.linkedin.com\/company\/car4rent\/about\/\" target=\"_blank\" rel=\"noopener\"><i class=\"fa-brands fa-linkedin\"><\/i> LinkedIn<\/a>\n        <a href=\"https:\/\/www.youtube.com\/@car4rentcannes839\" target=\"_blank\" rel=\"noopener\"><i class=\"fa-brands fa-youtube\"><\/i> YouTube<\/a>\n    <\/div>\n    <\/p>\n<\/div>\n\t\t<\/div><\/div>\n\n","protected":false},"excerpt":{"rendered":"","protected":false},"author":3,"featured_media":29816,"parent":0,"menu_order":620,"comment_status":"closed","ping_status":"closed","template":"","meta":{"_acf_changed":false,"footnotes":""},"class_list":["post-30664","page","type-page","status-publish","has-post-thumbnail","hentry"],"acf":[],"_links":{"self":[{"href":"https:\/\/car4rent.fr\/fr\/wp-json\/wp\/v2\/pages\/30664","targetHints":{"allow":["GET"]}}],"collection":[{"href":"https:\/\/car4rent.fr\/fr\/wp-json\/wp\/v2\/pages"}],"about":[{"href":"https:\/\/car4rent.fr\/fr\/wp-json\/wp\/v2\/types\/page"}],"author":[{"embeddable":true,"href":"https:\/\/car4rent.fr\/fr\/wp-json\/wp\/v2\/users\/3"}],"replies":[{"embeddable":true,"href":"https:\/\/car4rent.fr\/fr\/wp-json\/wp\/v2\/comments?post=30664"}],"version-history":[{"count":0,"href":"https:\/\/car4rent.fr\/fr\/wp-json\/wp\/v2\/pages\/30664\/revisions"}],"wp:featuredmedia":[{"embeddable":true,"href":"https:\/\/car4rent.fr\/fr\/wp-json\/wp\/v2\/media\/29816"}],"wp:attachment":[{"href":"https:\/\/car4rent.fr\/fr\/wp-json\/wp\/v2\/media?parent=30664"}],"curies":[{"name":"wp","href":"https:\/\/api.w.org\/{rel}","templated":true}]}}