{"id":30628,"date":"2023-11-10T16:56:12","date_gmt":"2023-11-10T15:56:12","guid":{"rendered":"https:\/\/car4rent.fr\/location-de-voitures-de-sport-lyon\/"},"modified":"2024-04-24T20:16:33","modified_gmt":"2024-04-24T18:16:33","slug":"location-de-voiture-de-sport-lyon","status":"publish","type":"page","link":"https:\/\/car4rent.fr\/fr\/location-de-voiture-de-sport-lyon\/","title":{"rendered":"Location de voiture de sport Lyon"},"content":{"rendered":"\n<style type=\"text\/css\" data-created_by=\"avia_inline_auto\" id=\"style-css-av-js5twac7-b21592b4d0278f93dd17b5f16c4bf631\">\n.avia-section.av-js5twac7-b21592b4d0278f93dd17b5f16c4bf631{\nbackground-repeat:no-repeat;\nbackground-image:url(https:\/\/car4rent.fr\/wp-content\/uploads\/lyon.png);\nbackground-position:50% 0%;\nbackground-attachment:scroll;\n}\n<\/style>\n<div id='header-section'  class='avia-section av-js5twac7-b21592b4d0278f93dd17b5f16c4bf631 main_color avia-section-huge avia-no-border-styling  avia-builder-el-0  el_before_av_one_full  avia-builder-el-first  avia-full-stretch avia-bg-style-scroll av-minimum-height av-minimum-height-custom av-height-custom  container_wrap fullsize'  data-section-bg-repeat='stretch' data-av_minimum_height_px='550'><div class='container av-section-cont-open' style='height:550px'><main  class='template-page content  av-content-full alpha units'><div class='post-entry post-entry-type-page post-entry-30628'><div class='entry-content-wrapper clearfix'><\/div><\/div><\/main><!-- close content main element --><\/div><\/div><div id='after_section_1'  class='main_color av_default_container_wrap container_wrap fullsize'  ><div class='container av-section-cont-open' ><div class='template-page content  av-content-full alpha units'><div class='post-entry post-entry-type-page post-entry-30628'><div class='entry-content-wrapper clearfix'>\n\n<style type=\"text\/css\" data-created_by=\"avia_inline_auto\" id=\"style-css-av-703por6-7fd814c5352cfd4aeaef0efb9e948d6a\">\n.flex_column.av-703por6-7fd814c5352cfd4aeaef0efb9e948d6a{\nborder-radius:0px 0px 0px 0px;\npadding:0px 0px 0px 0px;\n}\n<\/style>\n<div  class='flex_column av-703por6-7fd814c5352cfd4aeaef0efb9e948d6a av_one_full  avia-builder-el-1  el_after_av_section  el_before_av_section  avia-builder-el-no-sibling  first flex_column_div av-zero-column-padding  '     ><p>\n<style type=\"text\/css\" data-created_by=\"avia_inline_auto\" id=\"style-css-av-kb3axem2-87335e82ef0ea3b7767263b96ec4ac21\">\n#top .av-special-heading.av-kb3axem2-87335e82ef0ea3b7767263b96ec4ac21{\npadding-bottom:10px;\n}\nbody .av-special-heading.av-kb3axem2-87335e82ef0ea3b7767263b96ec4ac21 .av-special-heading-tag .heading-char{\nfont-size:25px;\n}\n.av-special-heading.av-kb3axem2-87335e82ef0ea3b7767263b96ec4ac21 .av-subheading{\nfont-size:15px;\n}\n<\/style>\n<div  class='av-special-heading av-kb3axem2-87335e82ef0ea3b7767263b96ec4ac21 av-special-heading-h1 blockquote modern-quote modern-centered  avia-builder-el-2  el_before_av_hr  avia-builder-el-first  av-linked-heading'><h1 class='av-special-heading-tag '  >LOCATION DE VOITURE DE SPORT LYON, FRANCE<\/h1><div class=\"special-heading-border\"><div class=\"special-heading-inner-border\"><\/div><\/div><\/div><br \/>\n<div  class='hr av-s8ddd6-1db0f44f0d2be470f4b4a856b4db9ed8 hr-default  avia-builder-el-3  el_after_av_heading  el_before_av_textblock '><span class='hr-inner '><span class=\"hr-inner-style\"><\/span><\/span><\/div><br \/>\n<section  class='av_textblock_section av-js5tay2s-df2a5f1ea0d8328874e586c52c511781 '  ><div class='avia_textblock' ><div class=\"csc-header csc-header-n1\">\n<h1>Location de voiture de sport Lyon<\/h1>\n<p>Offrez-vous une balade inoubliable en louant une voiture de sport \u00e0 <a href=\"https:\/\/generationvoyage.fr\/visiter-lyon-faire-voir\/\" target=\"_blank\" rel=\"noopener\">Lyon<\/a> au meilleur prix. Profitez de ce centre gastronomique, id\u00e9al \u00e0 visiter au volant de votre location de voiture de sport Lyon.<\/p>\n<p>Vous \u00eates \u00e0 la recherche d&rsquo;un <b>v\u00e9hicule <\/b>de luxe, de <strong>sport<\/strong> ou d&rsquo;une <strong>d\u00e9capotable<\/strong> d\u00e9capotable. Nous proposons les marques de voitures les plus prestigieuses disponibles \u00e0 la location \u00e0 Lyon: Ferrari, Lamborghini, Porsche, Land Rover, Mercedes AMG, Bentley, Rolls-Royce et autres <a class=\"wpil_keyword_link\" href=\"https:\/\/car4rent.fr\/fr\/categorie-produit\/marques-de-voitures\/audi\/\" title=\"Locations de voitures de luxe Audi\" data-wpil-keyword-link=\"linked\" data-wpil-monitor-id=\"122639\">Audi<\/a> et BMW.<\/p>\n<h3><strong>Location voiture luxe Lyon<br \/>\n<\/strong><\/h3>\n<p>Lyon, capitale du d\u00e9partement du Rh\u00f4ne, est une ville situ\u00e9e au sud-est de la France, \u00e0 proximit\u00e9 de la plupart des pays d&rsquo;Europe centrale. Avec une population de plus de 1,6 million d&rsquo;habitants, la ville est la deuxi\u00e8me agglom\u00e9ration du pays, apr\u00e8s <strong>Paris. E<\/strong>xplorez la campagne environnante, dans le confort de votre voiture de location de sport Lyon\u00a0 extravagante.<\/p>\n<h5>Location de voiture sport \u00e0 Lyon<\/h5>\n<p>Vous \u00eates \u00e0 la recherche d&rsquo;une location de voiture de sport Lyon ? Car4rent propose les meilleures offres de location de voitures de luxe et de sport. Notre objectif est d&rsquo;offrir des services de qualit\u00e9 avec des options sur mesure et de mettre l&rsquo;accent sur l&rsquo;exclusivit\u00e9, pour une exp\u00e9rience d&rsquo;affaires ou de vacances en France des plus raffin\u00e9es. Notre \u00e9quipe d\u00e9vou\u00e9e offre un service \u00e0 un prix abordable qui r\u00e9pond aux attentes de nos clients. Louez une voiture de luxe avec Car4rent pour \u00eatre sur la bonne voie.<\/p>\n<p><span style=\"font-size: 14pt\">Louer une voiture de luxe pour d\u00e9couvrir la vie \u00e0 Lyon en conduisant une voiture de luxe<\/span><\/p>\n<p>Vous allez adorer Lyon, l&rsquo;une des grandes villes de France qui offre \u00e0 ses visiteurs une taille humaine. La ville a tout ce qu&rsquo;il faut et vous ne serez jamais perdu. Au croisement de deux voies d&rsquo;eau, le Rh\u00f4ne et la Sa\u00f4ne, Lyon d\u00e9veloppe un attrait particulier li\u00e9 \u00e0 ses berges et ses quais. Profitez des croisi\u00e8res fluviales et des promenades agr\u00e9ables et faites une halte aux terrasses des nombreux caf\u00e9s et restaurants de la vieille ville &#8211; le Vieux Lyon.<\/p>\n<h2>Location de voiture de sport Lyon : \u00e0 quoi s&rsquo;attendre \u00e0 Lyon ?<\/h2>\n<p>Datant de 43 avant\u00a0J.-C., la ville poss\u00e8de naturellement un patrimoine dont ses habitants sont fiers et qu&rsquo;ils s&rsquo;efforcent de faire vivre. Bienvenue \u00e0 Lyon ! D\u00e9couvrez les galeries d&rsquo;art, les salons d&rsquo;antiquit\u00e9s, les librairies et les march\u00e9s aux puces.<\/p>\n<ul>\n<li>Assistez au festival de musique \u00ab\u00a0<a href=\"https:\/\/www.nuitsdefourviere.com\/\" target=\"_blank\" rel=\"noopener\">Les Nuits de Fourvi\u00e8re<\/a>\u00a0\u00bb dans les anciens th\u00e9\u00e2tres de la ville. Appr\u00e9ciez la gastronomie locale et un certain art de vivre, dans lequel les plaisirs de la fl\u00e2nerie, du shopping et de la culture sont \u00e0 l&rsquo;honneur. Il est \u00e9galement tr\u00e8s facile de s&rsquo;\u00e9vader de la vie urbaine et de s&rsquo;amuser dans les parcs et jardins de la ville, ou plus loin, dans la campagne du Beaujolais ou dans la r\u00e9gion Auvergne Rh\u00f4ne-Alpes.<\/li>\n<\/ul>\n<ul>\n<li>Une ville \u00e9lue capitale mondiale de la gastronomie. Si la d\u00e9couverte d&rsquo;une destination passe par la d\u00e9gustation de tout ce qu&rsquo;elle a \u00e0 offrir en mati\u00e8re de gastronomie, Lyon est l&rsquo;endroit id\u00e9al. La seule difficult\u00e9 est de savoir o\u00f9 manger.<\/li>\n<\/ul>\n<ul>\n<li>La F\u00eate des Lumi\u00e8res, 4 nuits pour briller en d\u00e9cembre ! La F\u00eate des Lumi\u00e8res repr\u00e9sente le meilleur de Lyon. S&rsquo;il est un \u00e9v\u00e9nement qui en vaut la peine, c&rsquo;est bien celui-l\u00e0. Des spectacles visuels et interactifs organis\u00e9s dans toute la ville aux traditionnelles petites bougies \u00ab\u00a0lumignons\u00a0\u00bb que les habitants placent sur leurs balcons, le 8 d\u00e9cembre est un rendez-vous incontournable pour tous ceux qui souhaitent d\u00e9couvrir Lyon. Ne manquez pas de vous immerger dans cette grande f\u00eate gratuite et ouverte \u00e0 tous.<\/li>\n<\/ul>\n<ul>\n<li>\u00ab\u00a0The Village\u00a0\u00bb, nouveau centre de marques : \u00e0 d\u00e9couvrir pendant toute la dur\u00e9e de la <a href=\"https:\/\/www.visiterlyon.com\/sortir\/l-agenda\/festivals\/fete-des-lumieres\" target=\"_blank\" rel=\"noopener\">F\u00eate des Lumi\u00e8re<\/a>s, une navette gratuite est mise en place depuis la place Bellecour. Pour vous r\u00e9chauffer pendant votre shopping, faites une pause gourmande dans un salon de th\u00e9 ou un caf\u00e9 ! Le service de navette fonctionnera le vendredi, le samedi et le dimanche et le point de rencontre se situera devant la statue de Saint-Exup\u00e9ry.<\/li>\n<\/ul>\n<p>N&rsquo;oubliez pas de ramener des cadeaux.<\/p>\n<p>Vous \u00eates \u00e0 \u00e0 la recherche d&rsquo;une location de voiture luxe \u00e0 Lyon, n&rsquo;h\u00e9sitez pas \u00e0 prendre <a href=\"https:\/\/car4rent.fr\/fr\/contact\/\" target=\"_blank\" rel=\"noopener\">contact<\/a>\u00a0avec l&rsquo;un des membres de notre \u00e9quipe pour obtenir toute information.<\/p>\n<\/div>\n<\/div><\/section><\/p><\/div><\/div><\/div><\/div><!-- close content main div --><\/div><\/div><div id='av_section_2'  class='avia-section av-6mq6aoi-220d2331d8a8e09257ee23f14fd9c975 main_color avia-section-default avia-no-border-styling  avia-builder-el-5  el_after_av_one_full  el_before_av_section  avia-bg-style-scroll container_wrap fullsize'  ><div class='container av-section-cont-open' ><div class='template-page content  av-content-full alpha units'><div class='post-entry post-entry-type-page post-entry-30628'><div class='entry-content-wrapper clearfix'>\n\n<style type=\"text\/css\" data-created_by=\"avia_inline_auto\" id=\"style-css-av-6du7y6q-59c18bf5428f997f5a63dc0afece8078\">\n.flex_column.av-6du7y6q-59c18bf5428f997f5a63dc0afece8078{\nborder-radius:0px 0px 0px 0px;\npadding:0px 0px 0px 0px;\n}\n<\/style>\n<div  class='flex_column av-6du7y6q-59c18bf5428f997f5a63dc0afece8078 av_one_full  avia-builder-el-6  el_before_av_hr  avia-builder-el-first  first flex_column_div av-zero-column-padding  '     ><style type=\"text\/css\" data-created_by=\"avia_inline_auto\" id=\"style-css-av-kb3bes30-60d289bf4d469feb2e8304081339a96a\">\n#top .av-special-heading.av-kb3bes30-60d289bf4d469feb2e8304081339a96a{\npadding-bottom:10px;\n}\nbody .av-special-heading.av-kb3bes30-60d289bf4d469feb2e8304081339a96a .av-special-heading-tag .heading-char{\nfont-size:25px;\n}\n.av-special-heading.av-kb3bes30-60d289bf4d469feb2e8304081339a96a .av-subheading{\nfont-size:15px;\n}\n<\/style>\n<div  class='av-special-heading av-kb3bes30-60d289bf4d469feb2e8304081339a96a av-special-heading-h2 blockquote modern-quote modern-centered  avia-builder-el-7  avia-builder-el-no-sibling '><h2 class='av-special-heading-tag '  >Les voitures Car4Rent sont \u00e9galement disponibles \u00e0 Paris, Cannes, Saint-Tropez et \u00e0 l\u2019a\u00e9roport de Nice.<\/h2><div class=\"special-heading-border\"><div class=\"special-heading-inner-border\"><\/div><\/div><\/div><\/div>\n<style type=\"text\/css\" data-created_by=\"avia_inline_auto\" id=\"style-css-av-3vm1d4i-f3083e317d436492b0f19882b1143acf\">\n#top .hr.hr-invisible.av-3vm1d4i-f3083e317d436492b0f19882b1143acf{\nheight:25px;\n}\n<\/style>\n<div  class='hr av-3vm1d4i-f3083e317d436492b0f19882b1143acf hr-invisible  avia-builder-el-8  el_after_av_one_full  el_before_av_heading '><span class='hr-inner '><span class=\"hr-inner-style\"><\/span><\/span><\/div>\n\n<style type=\"text\/css\" data-created_by=\"avia_inline_auto\" id=\"style-css-av-tmfxg8-99abd03458110ea23b37ff94fd71cb1f\">\n#top .av-special-heading.av-tmfxg8-99abd03458110ea23b37ff94fd71cb1f{\npadding-bottom:10px;\n}\nbody .av-special-heading.av-tmfxg8-99abd03458110ea23b37ff94fd71cb1f .av-special-heading-tag .heading-char{\nfont-size:25px;\n}\n.av-special-heading.av-tmfxg8-99abd03458110ea23b37ff94fd71cb1f .av-subheading{\nfont-size:15px;\n}\n<\/style>\n<div  class='av-special-heading av-tmfxg8-99abd03458110ea23b37ff94fd71cb1f av-special-heading-h4 blockquote modern-quote modern-centered  avia-builder-el-9  el_after_av_hr  el_before_av_textblock '><h4 class='av-special-heading-tag '  >Vous \u00eates \u00e0 la recherche d\u2018une Location de voiture de sport Lyon ? Besoin d\u2019un conseil ?<\/h4><div class=\"special-heading-border\"><div class=\"special-heading-inner-border\"><\/div><\/div><\/div>\n<section  class='av_textblock_section av-35qmucy-7331369d44c1e5de444fb6ec892029ed '  ><div class='avia_textblock' ><p style=\"text-align: center\">Car4rent est le premier loueur de voitures de luxe dans le sud-est de la France. Notre \u00e9quipe de sp\u00e9cialistes vous conseille pour faire le meilleur choix. Uniquement des voitures de sport de luxe, des cabriolets et des SUV pour votre enti\u00e8re satisfaction. Faites l&rsquo;exp\u00e9rience des plus hauts niveaux de service et de confort.<\/p>\n<\/div><\/section>\n<\/p>\n<\/div><\/div><\/div><!-- close content main div --><\/div><\/div>\n<style type=\"text\/css\" data-created_by=\"avia_inline_auto\" id=\"style-css-av-27qlrrm-0da01d1b45d171244764f48420a7c9a1\">\n.avia-section.av-27qlrrm-0da01d1b45d171244764f48420a7c9a1{\nbackground-color:#6834bd;\nbackground-image:unset;\n}\n<\/style>\n<div id='av_section_3'  class='avia-section av-27qlrrm-0da01d1b45d171244764f48420a7c9a1 main_color avia-section-default avia-no-border-styling  avia-builder-el-11  el_after_av_section  el_before_av_section  avia-bg-style-scroll container_wrap fullsize'  ><div class='container av-section-cont-open' ><div class='template-page content  av-content-full alpha units'><div class='post-entry post-entry-type-page post-entry-30628'><div class='entry-content-wrapper clearfix'>\n\n<style type=\"text\/css\" data-created_by=\"avia_inline_auto\" id=\"style-css-av-1s5iv9u-5773fc0ad73119c75ae2f9df4e8fce56\">\n#top .av-special-heading.av-1s5iv9u-5773fc0ad73119c75ae2f9df4e8fce56{\npadding-bottom:10px;\ncolor:#ffffff;\nfont-size:30px;\n}\nbody .av-special-heading.av-1s5iv9u-5773fc0ad73119c75ae2f9df4e8fce56 .av-special-heading-tag .heading-char{\nfont-size:25px;\n}\n#top #wrap_all .av-special-heading.av-1s5iv9u-5773fc0ad73119c75ae2f9df4e8fce56 .av-special-heading-tag{\nfont-size:30px;\n}\n.av-special-heading.av-1s5iv9u-5773fc0ad73119c75ae2f9df4e8fce56 .special-heading-inner-border{\nborder-color:#ffffff;\n}\n.av-special-heading.av-1s5iv9u-5773fc0ad73119c75ae2f9df4e8fce56 .av-subheading{\nfont-size:15px;\n}\n\n@media only screen and (min-width: 480px) and (max-width: 767px){ \n#top #wrap_all .av-special-heading.av-1s5iv9u-5773fc0ad73119c75ae2f9df4e8fce56 .av-special-heading-tag{\nfont-size:0.8em;\n}\n}\n\n@media only screen and (max-width: 479px){ \n#top #wrap_all .av-special-heading.av-1s5iv9u-5773fc0ad73119c75ae2f9df4e8fce56 .av-special-heading-tag{\nfont-size:0.8em;\n}\n}\n<\/style>\n<div  class='av-special-heading av-1s5iv9u-5773fc0ad73119c75ae2f9df4e8fce56 av-special-heading-h2 custom-color-heading blockquote modern-quote modern-centered  avia-builder-el-12  el_before_av_button  avia-builder-el-first  av-inherit-size'><h2 class='av-special-heading-tag '  >La plus grande collection de voitures de r\u00eave vous attend, gr\u00e2ce \u00e0 Car4rent.<\/h2><div class=\"special-heading-border\"><div class=\"special-heading-inner-border\"><\/div><\/div><\/div>\n<div  class='avia-button-wrap av-3lk7si-750c35f5c01c7fd897a03a24d1551193-wrap avia-button-center  avia-builder-el-13  el_after_av_heading  avia-builder-el-last '><a href=\"https:\/\/car4rent.fr\/fr\/contact\/\" class=\"avia-button av-3lk7si-750c35f5c01c7fd897a03a24d1551193 av-link-btn avia-icon_select-yes-right-icon avia-size-large avia-position-center av-icon-on-hover avia-color-grey\" aria-label=\"Contactez notre \u00e9quipe d\u00e9di\u00e9e\"><span class='avia_iconbox_title' >Contactez notre \u00e9quipe d\u00e9di\u00e9e<\/span><span class='avia_button_icon avia_button_icon_right avia-iconfont avia-font-entypo-fontello' data-av_icon='\ue881' data-av_iconfont='entypo-fontello' ><\/span><\/a><\/div>\n\n<\/div><\/div><\/div><!-- close content main div --><\/div><\/div><div id='av_section_4'  class='avia-section av-1aryq3c-3471a7226192a69ee54918de4a8dd6b3 main_color avia-section-default avia-no-border-styling  avia-builder-el-14  el_after_av_section  avia-builder-el-last  avia-bg-style-scroll container_wrap fullsize'  ><div class='container av-section-cont-open' ><div class='template-page content  av-content-full alpha units'><div class='post-entry post-entry-type-page post-entry-30628'><div class='entry-content-wrapper clearfix'>\n<div  class='avia-builder-widget-area clearfix  avia-builder-el-15  avia-builder-el-no-sibling '><div id=\"text-9\" class=\"widget clearfix widget_text\">\t\t\t<div class=\"textwidget\"><p style=\"text-align: center;\">    <div class=\"car4rent-share-block car4rent-fr\">\n        <a href=\"https:\/\/www.facebook.com\/sharer\/sharer.php?u=\" target=\"_blank\" rel=\"noopener\"><i class=\"fa-brands fa-facebook\"><\/i> Partager<\/a>\n        <a href=\"https:\/\/x.com\/intent\/tweet?url=&amp;text=\" target=\"_blank\" rel=\"noopener\"><i class=\"fa-brands fa-x-twitter\"><\/i> X<\/a>\n        <a href=\"https:\/\/wa.me\/?text=%20\" target=\"_blank\" rel=\"noopener\"><i class=\"fa-brands fa-whatsapp\"><\/i> WhatsApp<\/a>\n        <a href=\"https:\/\/www.instagram.com\/car4rent_cannes\/\" target=\"_blank\" rel=\"noopener\"><i class=\"fa-brands fa-instagram\"><\/i> Instagram<\/a>\n        <a href=\"https:\/\/www.linkedin.com\/company\/car4rent\/about\/\" target=\"_blank\" rel=\"noopener\"><i class=\"fa-brands fa-linkedin\"><\/i> LinkedIn<\/a>\n        <a href=\"https:\/\/www.youtube.com\/@car4rentcannes839\" target=\"_blank\" rel=\"noopener\"><i class=\"fa-brands fa-youtube\"><\/i> YouTube<\/a>\n    <\/div>\n    <\/p>\n<\/div>\n\t\t<\/div><\/div>\n\n","protected":false},"excerpt":{"rendered":"","protected":false},"author":3,"featured_media":30023,"parent":0,"menu_order":1860,"comment_status":"closed","ping_status":"closed","template":"","meta":{"_acf_changed":false,"footnotes":""},"class_list":["post-30628","page","type-page","status-publish","has-post-thumbnail","hentry"],"acf":[],"_links":{"self":[{"href":"https:\/\/car4rent.fr\/fr\/wp-json\/wp\/v2\/pages\/30628","targetHints":{"allow":["GET"]}}],"collection":[{"href":"https:\/\/car4rent.fr\/fr\/wp-json\/wp\/v2\/pages"}],"about":[{"href":"https:\/\/car4rent.fr\/fr\/wp-json\/wp\/v2\/types\/page"}],"author":[{"embeddable":true,"href":"https:\/\/car4rent.fr\/fr\/wp-json\/wp\/v2\/users\/3"}],"replies":[{"embeddable":true,"href":"https:\/\/car4rent.fr\/fr\/wp-json\/wp\/v2\/comments?post=30628"}],"version-history":[{"count":0,"href":"https:\/\/car4rent.fr\/fr\/wp-json\/wp\/v2\/pages\/30628\/revisions"}],"wp:featuredmedia":[{"embeddable":true,"href":"https:\/\/car4rent.fr\/fr\/wp-json\/wp\/v2\/media\/30023"}],"wp:attachment":[{"href":"https:\/\/car4rent.fr\/fr\/wp-json\/wp\/v2\/media?parent=30628"}],"curies":[{"name":"wp","href":"https:\/\/api.w.org\/{rel}","templated":true}]}}