{"id":30569,"date":"2023-11-10T16:56:12","date_gmt":"2023-11-10T15:56:12","guid":{"rendered":"https:\/\/car4rent.fr\/location-lamborghini-urus-cote-dazur\/"},"modified":"2024-08-08T13:59:11","modified_gmt":"2024-08-08T11:59:11","slug":"location-lamborghini-urus","status":"publish","type":"page","link":"https:\/\/car4rent.fr\/fr\/location-lamborghini-urus\/","title":{"rendered":"Location Lamborghini Urus"},"content":{"rendered":"\n<style type=\"text\/css\" data-created_by=\"avia_inline_auto\" id=\"style-css-av-9atcu1r-1d06c0530b17c1c4c759fc9d8b186f29\">\n.avia-section.av-9atcu1r-1d06c0530b17c1c4c759fc9d8b186f29{\nbackground-color:#27202d;\nbackground-image:unset;\n}\n<\/style>\n<div id='av_section_1'  class='avia-section av-9atcu1r-1d06c0530b17c1c4c759fc9d8b186f29 main_color avia-section-large avia-no-shadow  avia-builder-el-0  el_before_av_one_full  avia-builder-el-first  avia-bg-style-scroll av-minimum-height av-minimum-height-75 av-height-75  container_wrap fullsize'   data-av_minimum_height_pc='75' data-av_min_height_opt='75'><div class='container av-section-cont-open' ><main  class='template-page content  av-content-full alpha units'><div class='post-entry post-entry-type-page post-entry-30569'><div class='entry-content-wrapper clearfix'>\n\n<style type=\"text\/css\" data-created_by=\"avia_inline_auto\" id=\"style-css-av-934g4lb-28ad965f1290ff415030ee32909f9d2e\">\n.flex_column.av-934g4lb-28ad965f1290ff415030ee32909f9d2e{\nborder-radius:0px 0px 0px 0px;\npadding:10px 10px 10px 0px;\n}\n<\/style>\n<div  class='flex_column av-934g4lb-28ad965f1290ff415030ee32909f9d2e av_two_third  avia-builder-el-1  el_before_av_two_third  avia-builder-el-first  first flex_column_div  '     ><style type=\"text\/css\" data-created_by=\"avia_inline_auto\" id=\"style-css-av-o4d1nn-6caec19dc2a03adc5bdb9502f6927f00\">\n#top .av-special-heading.av-o4d1nn-6caec19dc2a03adc5bdb9502f6927f00{\npadding-bottom:10px;\ncolor:#ffffff;\nfont-size:30px;\n}\nbody .av-special-heading.av-o4d1nn-6caec19dc2a03adc5bdb9502f6927f00 .av-special-heading-tag .heading-char{\nfont-size:25px;\n}\n#top #wrap_all .av-special-heading.av-o4d1nn-6caec19dc2a03adc5bdb9502f6927f00 .av-special-heading-tag{\nfont-size:30px;\n}\n.av-special-heading.av-o4d1nn-6caec19dc2a03adc5bdb9502f6927f00 .special-heading-inner-border{\nborder-color:#ffffff;\n}\n.av-special-heading.av-o4d1nn-6caec19dc2a03adc5bdb9502f6927f00 .av-subheading{\nfont-size:15px;\n}\n\n@media only screen and (min-width: 480px) and (max-width: 767px){ \n#top #wrap_all .av-special-heading.av-o4d1nn-6caec19dc2a03adc5bdb9502f6927f00 .av-special-heading-tag{\nfont-size:0.8em;\n}\n}\n\n@media only screen and (max-width: 479px){ \n#top #wrap_all .av-special-heading.av-o4d1nn-6caec19dc2a03adc5bdb9502f6927f00 .av-special-heading-tag{\nfont-size:0.8em;\n}\n}\n<\/style>\n<div  class='av-special-heading av-o4d1nn-6caec19dc2a03adc5bdb9502f6927f00 av-special-heading-h4 custom-color-heading blockquote modern-quote  avia-builder-el-2  avia-builder-el-no-sibling  av-inherit-size av-linked-heading'><h4 class='av-special-heading-tag '  >Location Lamborghini Urus<\/h4><div class=\"special-heading-border\"><div class=\"special-heading-inner-border\"><\/div><\/div><\/div><\/div>\n<style type=\"text\/css\" data-created_by=\"avia_inline_auto\" id=\"style-css-av-ti3e4f-b4c9d5f5e160e0e08503bf25a7d5d70f\">\n#top .flex_column.av-ti3e4f-b4c9d5f5e160e0e08503bf25a7d5d70f{\nmargin-top:0px;\nmargin-bottom:0px;\n}\n.flex_column.av-ti3e4f-b4c9d5f5e160e0e08503bf25a7d5d70f{\nborder-radius:0px 0px 0px 0px;\npadding:0px 0px 0px 0px;\n}\n.responsive #top #wrap_all .flex_column.av-ti3e4f-b4c9d5f5e160e0e08503bf25a7d5d70f{\nmargin-top:0px;\nmargin-bottom:0px;\n}\n<\/style>\n<div  class='flex_column av-ti3e4f-b4c9d5f5e160e0e08503bf25a7d5d70f av_two_third  avia-builder-el-3  el_after_av_two_third  el_before_av_one_third  first flex_column_div av-zero-column-padding  column-top-margin'     ><style type=\"text\/css\" data-created_by=\"avia_inline_auto\" id=\"style-css-av-quybnj-1a643ea9b53c37c0056a267abb773cdc\">\n.avia-image-container.av-quybnj-1a643ea9b53c37c0056a267abb773cdc img.avia_image{\nbox-shadow:none;\n}\n.avia-image-container.av-quybnj-1a643ea9b53c37c0056a267abb773cdc .av-image-caption-overlay-center{\ncolor:#ffffff;\nfont-size:14px;\n}\n<\/style>\n<div  class='avia-image-container av-quybnj-1a643ea9b53c37c0056a267abb773cdc av-styling- avia-align-center  avia-builder-el-4  avia-builder-el-no-sibling '  ><div class=\"avia-image-container-inner\"><div class=\"avia-image-overlay-wrap\"><img decoding=\"async\" fetchpriority=\"high\" class='wp-image-30076 avia-img-lazy-loading-not-30076 avia_image ' src=\"https:\/\/car4rent.fr\/wp-content\/uploads\/Lamborghini-Urus-scaled-e1682875627422.jpg\" alt='Louer une Lamborghini Urus' title='Louer une Lamborghini Urus'  height=\"1292\" width=\"2214\" srcset=\"https:\/\/car4rent.fr\/wp-content\/uploads\/Lamborghini-Urus-scaled-e1682875627422.jpg 2214w, https:\/\/car4rent.fr\/wp-content\/uploads\/Lamborghini-Urus-scaled-e1682875627422-300x175.jpg 300w, https:\/\/car4rent.fr\/wp-content\/uploads\/Lamborghini-Urus-scaled-e1682875627422-1030x601.jpg 1030w, https:\/\/car4rent.fr\/wp-content\/uploads\/Lamborghini-Urus-scaled-e1682875627422-768x448.jpg 768w, https:\/\/car4rent.fr\/wp-content\/uploads\/Lamborghini-Urus-scaled-e1682875627422-1536x896.jpg 1536w, https:\/\/car4rent.fr\/wp-content\/uploads\/Lamborghini-Urus-scaled-e1682875627422-2048x1195.jpg 2048w, https:\/\/car4rent.fr\/wp-content\/uploads\/Lamborghini-Urus-scaled-e1682875627422-1500x875.jpg 1500w, https:\/\/car4rent.fr\/wp-content\/uploads\/Lamborghini-Urus-scaled-e1682875627422-705x411.jpg 705w, https:\/\/car4rent.fr\/wp-content\/uploads\/Lamborghini-Urus-scaled-e1682875627422-450x263.jpg 450w\" sizes=\"(max-width: 2214px) 100vw, 2214px\" \/><\/div><\/div><\/div><\/div>\n<style type=\"text\/css\" data-created_by=\"avia_inline_auto\" id=\"style-css-av-6re2gsf-8fc39c948b3314325dc55766426083b9\">\n#top .flex_column.av-6re2gsf-8fc39c948b3314325dc55766426083b9{\nmargin-top:0px;\nmargin-bottom:0px;\n}\n.flex_column.av-6re2gsf-8fc39c948b3314325dc55766426083b9{\nborder-radius:0px 0px 0px 0px;\npadding:20px 40px 20px 30px;\nbackground-color:#cecece;\n}\n.responsive #top #wrap_all .flex_column.av-6re2gsf-8fc39c948b3314325dc55766426083b9{\nmargin-top:0px;\nmargin-bottom:0px;\n}\n<\/style>\n<div  class='flex_column av-6re2gsf-8fc39c948b3314325dc55766426083b9 av_one_third  avia-builder-el-5  el_after_av_two_third  avia-builder-el-last  flex_column_div  column-top-margin'     ><style type=\"text\/css\" data-created_by=\"avia_inline_auto\" id=\"style-css-av-6aukpj3-4d14c5ac2adaa3c633c16b57d2bd0e9a\">\n#top .av_textblock_section.av-6aukpj3-4d14c5ac2adaa3c633c16b57d2bd0e9a .avia_textblock{\nfont-size:13px;\n}\n<\/style>\n<section  class='av_textblock_section av-6aukpj3-4d14c5ac2adaa3c633c16b57d2bd0e9a '  ><div class='avia_textblock' ><h3><strong>TARIFS <\/strong><\/h3>\n<hr \/>\n<p><strong>1-3 jours <\/strong> 2.200 \u20ac<\/p>\n<p><strong>4-7 jours <\/strong> 2.000 \u20ac<\/p>\n<p><strong>+8 jours <\/strong>1.800 \u20ac<\/p>\n<p><strong>km suppl\u00e9mentaire<\/strong> 10 \u20ac<\/p>\n<p><strong>D\u00e9p\u00f4t<\/strong> 25.000 \u20ac<\/p>\n<p><strong>\u00c2ge minimum <\/strong>27 ans<\/p>\n<hr \/>\n<p>Prix par jour &#8211; 200km inclus<\/p>\n<\/div><\/section><br \/>\n<div  class='hr av-kk6bbz-bc27a636eccd0bec3a15f4b2de996832 hr-default  avia-builder-el-7  el_after_av_textblock  el_before_av_textblock '><span class='hr-inner '><span class=\"hr-inner-style\"><\/span><\/span><\/div><br \/>\n\n<style type=\"text\/css\" data-created_by=\"avia_inline_auto\" id=\"style-css-av-5b1etcv-d787aacf17e41b8c0907d76924db55f1\">\n#top .av_textblock_section.av-5b1etcv-d787aacf17e41b8c0907d76924db55f1 .avia_textblock{\nfont-size:13px;\n}\n<\/style>\n<section  class='av_textblock_section av-5b1etcv-d787aacf17e41b8c0907d76924db55f1 '  ><div class='avia_textblock' ><h3><strong>SP\u00c9CIFICATIONS<\/strong><\/h3>\n<hr \/>\n<ul>\n<li><strong>Nombre de si\u00e8ges : 5<\/strong><\/li>\n<li><strong>Espace bagages :<\/strong> 4<\/li>\n<li><strong>Moteur : <\/strong>4.0L V8 &#8211; 650bhp \/ 6.000 rpm 4WD<\/li>\n<li><strong>Transmission :<\/strong> Auto<\/li>\n<li><strong>0-100 km\/h : 3 <\/strong>,6 sec.<\/li>\n<li><strong>Max. Vitesse : <\/strong>305 km\/h<\/li>\n<li><strong>Carburant : <\/strong>Essence<\/li>\n<\/ul>\n<\/div><\/section><\/p><\/div><\/div><\/div><\/main><!-- close content main element --><\/div><\/div><div id='after_section_1'  class='main_color av_default_container_wrap container_wrap fullsize'  ><div class='container av-section-cont-open' ><div class='template-page content  av-content-full alpha units'><div class='post-entry post-entry-type-page post-entry-30569'><div class='entry-content-wrapper clearfix'>\n<style type=\"text\/css\" data-created_by=\"avia_inline_auto\" id=\"style-css-av-51tlxxb-9976aa2488024b1f0405bb0dfd1f470e\">\n#top .flex_column.av-51tlxxb-9976aa2488024b1f0405bb0dfd1f470e{\nmargin-top:0px;\nmargin-bottom:0px;\n}\n.flex_column.av-51tlxxb-9976aa2488024b1f0405bb0dfd1f470e{\nborder-radius:0px 0px 0px 0px;\npadding:0px 0px 0px 0px;\nbackground-color:#ffffff;\n}\n.responsive #top #wrap_all .flex_column.av-51tlxxb-9976aa2488024b1f0405bb0dfd1f470e{\nmargin-top:0px;\nmargin-bottom:0px;\n}\n<\/style>\n<div  class='flex_column av-51tlxxb-9976aa2488024b1f0405bb0dfd1f470e av_one_full  avia-builder-el-9  el_after_av_section  el_before_av_one_full  avia-builder-el-first  first flex_column_div av-zero-column-padding  '     ><section  class='av_textblock_section av-4ay6p27-7405761561666d178bf571be8624f503 '  ><div class='avia_textblock' ><h2>Location Lamborghini Urus<\/h2>\n<p>Louer un Lamborghini Urus, le SUV le plus flamboyant du march\u00e9 au meilleur prix avec Car4rent.<\/p>\n<p>Pourquoi louer un Lamborghini Urus ?<\/p>\n<p>La location Lamborghini Urus vous permettra de vous d\u00e9placer avec style tout en vous assurant des performances quasi in\u00e9gal\u00e9es par les bolides de la m\u00eame marque. Tout d&rsquo;abord, il s&rsquo;agit de l&rsquo;un des SUV haut de gamme les plus excitants jamais construits. Son design agressif, \u00e0 la fois \u00e9l\u00e9gant incitera tout le monde \u00e0 s&rsquo;arr\u00eater et \u00e0 le remarquer. Attendez-vous \u00e0 \u00eatre tr\u00e8s remarqu\u00e9 lorsque vous conduirez l&rsquo;Urus sur la <a href=\"https:\/\/generationvoyage.fr\/visiter-cote-azur-faire-voir\/\" target=\"_blank\" rel=\"noopener\">C\u00f4te d&rsquo;Azur<\/a>. Vous souhaitez louer une Lamborghini Urus? Il vous attend et peut vous \u00eatre livr\u00e9 \u00e0 la destination de votre choix, que ce soit \u00e0 <a href=\"https:\/\/generationvoyage.fr\/visiter-saint-tropez-faire-voir\/\" target=\"_blank\" rel=\"noopener\">Saint-Tropez<\/a> pour une escapade en amoureux, \u00e0 <a href=\"https:\/\/generationvoyage.fr\/visiter-cannes-faire-voir\/\" target=\"_blank\" rel=\"noopener\">Cannes<\/a> pour une soir\u00e9e caritative ou a <a href=\"https:\/\/generationvoyage.fr\/endroits-visiter-monaco\/\" target=\"_blank\" rel=\"noopener\">Monaco<\/a> pour passer une soir\u00e9e au Casino.<\/p>\n<p><img loading=\"lazy\" decoding=\"async\" src=\"https:\/\/car4rent.fr\/wp-content\/uploads\/urus-ar-1030x718.jpg\" alt=\"Location Lamborghini Urus, Louer une lamborghini urus, Location de voiture exotique\" width=\"1030\" height=\"718\" title=\"Car4Rent Cannes\"><\/p>\n<p>Les performances \u00e9tonnantes sont une autre raison pour laquelle la location Lamborghini Urus a l&rsquo;\u00e2me et le c\u0153ur d&rsquo;une supercar.<\/p>\n<p>Sous le capot se trouve un moteur V8 biturbo de 4.0L. de cylindr\u00e9e qui d\u00e9veloppe 650 chevaux. La transmission automatique \u00e0 huit rapports assure une r\u00e9activit\u00e9 maximale.<\/p>\n<p>L&rsquo;Urus \u00e9volue dans une classe de SUV d&rsquo;\u00e9lite et affiche non seulement un temps de 0 \u00e0 100km\/h. de 3,6 secondes, mais aussi une vitesse de pointe de 305 km\/heure sur circuit.<\/p>\n<p>En plus d&rsquo;offrir un plaisir de conduite in\u00e9gal\u00e9, l&rsquo;Urus offre un confort incomparable. Un SUV inspir\u00e9 de la course automobile ajoute \u00e0 l&rsquo;excitation que vous procurera la location Lamborghini Urus sur la C\u00f4te d&rsquo;Azur.<\/p>\n<p>Avec plus qu&rsquo;assez d&rsquo;espace pour accueillir jusqu&rsquo;\u00e0 quatre adultes et un enfant, la location Lamborghini Urus sur la C\u00f4te d&rsquo;Azur est un SUV que vous pourrez appr\u00e9cier en famille ou avec vos amis.<\/p>\n<p>Un syst\u00e8me d&rsquo;infodivertissement haute r\u00e9solution vous permet d&rsquo;acc\u00e9der \u00e0 toutes vos applications smartphone pr\u00e9f\u00e9r\u00e9es.<\/p>\n<p>Les chefs-d&rsquo;\u0153uvre de Lamborghini feront succomber les amateurs de supercars. Ces voitures surpuissantes s\u00e9duisent surtout par leur design reconnaissable parmi des milliers de marques. Lamborghini, ou l&rsquo;art de l&rsquo;innovation italienne, a r\u00e9ussi \u00e0 faire de ses voitures l&rsquo;une des plus convoit\u00e9es par les amoureux de l&rsquo;automobile.<\/p>\n<p>Vous n&rsquo;avez pas trouv\u00e9 la location Lamborghini Urus id\u00e9ale, et vous voulez essayer une autre marque de voiture ? Nous disposons de nombreux mod\u00e8les sportifs et de luxe disponibles \u00e0 la location, comme Ferrari, Lamborghini, Porsche, Land Rover, Mercedes AMG, Bentley, Rolls-Royce, et autres Audi et BMW, toutes les marques qui sont synonymes de puissance, de performance et d&rsquo;agilit\u00e9, en un mot d&rsquo;Excellence.<\/p>\n<p>A la recherche d&rsquo;une Lamborghini Urus location, appelez le +33(0)788 278 586\u00a0 et r\u00e9servez votre v\u00e9hicule sur la C\u00f4te d&rsquo;Azur. Vous pouvez \u00e9galement nous <a href=\"https:\/\/car4rent.fr\/fr\/contact\/\" target=\"_blank\" rel=\"noopener\">contacter<\/a> par mail.<\/p>\n<\/div><\/section><br \/>\n<div  class='avia-button-wrap av-3qlvizj-6e8383fa08822d6df588d110a63dc4f1-wrap avia-button-left  avia-builder-el-11  el_after_av_textblock  avia-builder-el-last '><a href=\"https:\/\/car4rent.fr\/fr\/contact\/\" class=\"avia-button av-3qlvizj-6e8383fa08822d6df588d110a63dc4f1 av-link-btn avia-icon_select-yes-left-icon avia-size-small avia-position-left avia-color-theme-color\" aria-label=\"Demande un devis gratuit !\"><span class='avia_button_icon avia_button_icon_left avia-iconfont avia-font-entypo-fontello' data-av_icon='\ue889' data-av_iconfont='entypo-fontello' ><\/span><span class='avia_iconbox_title' >Demande un devis gratuit !<\/span><\/a><\/div><\/p><\/div><\/p>\n<div  class='flex_column av-av_one_full-db3c685d37a83d385059f6f31cd9c4a7 av_one_full  avia-builder-el-12  el_after_av_one_full  avia-builder-el-last  first flex_column_div  column-top-margin'     ><section  class='av_textblock_section av-lu2uvk17-cb5c2a166d2fee7692275cac87d8384a '  ><div class='avia_textblock' ><p style=\"text-align: center;\"><span style=\"font-size: 14pt;\">D\u00e9couvrez la collection de voitures de r\u00eave de Car4rent. Seulement des voitures de luxe, d\u00e9capotables, sportives et SUV \u00e0 louer<\/span><\/p>\n<\/div><\/section><\/div>\n","protected":false},"excerpt":{"rendered":"","protected":false},"author":3,"featured_media":29572,"parent":0,"menu_order":2610,"comment_status":"closed","ping_status":"closed","template":"","meta":{"_acf_changed":false,"footnotes":""},"class_list":["post-30569","page","type-page","status-publish","has-post-thumbnail","hentry"],"acf":[],"_links":{"self":[{"href":"https:\/\/car4rent.fr\/fr\/wp-json\/wp\/v2\/pages\/30569","targetHints":{"allow":["GET"]}}],"collection":[{"href":"https:\/\/car4rent.fr\/fr\/wp-json\/wp\/v2\/pages"}],"about":[{"href":"https:\/\/car4rent.fr\/fr\/wp-json\/wp\/v2\/types\/page"}],"author":[{"embeddable":true,"href":"https:\/\/car4rent.fr\/fr\/wp-json\/wp\/v2\/users\/3"}],"replies":[{"embeddable":true,"href":"https:\/\/car4rent.fr\/fr\/wp-json\/wp\/v2\/comments?post=30569"}],"version-history":[{"count":0,"href":"https:\/\/car4rent.fr\/fr\/wp-json\/wp\/v2\/pages\/30569\/revisions"}],"wp:featuredmedia":[{"embeddable":true,"href":"https:\/\/car4rent.fr\/fr\/wp-json\/wp\/v2\/media\/29572"}],"wp:attachment":[{"href":"https:\/\/car4rent.fr\/fr\/wp-json\/wp\/v2\/media?parent=30569"}],"curies":[{"name":"wp","href":"https:\/\/api.w.org\/{rel}","templated":true}]}}